{"id":9618,"date":"2025-10-07T03:39:49","date_gmt":"2025-10-07T07:39:49","guid":{"rendered":"https:\/\/www.satine.com\/?page_id=9618"},"modified":"2025-10-07T03:39:52","modified_gmt":"2025-10-07T07:39:52","slug":"microcement-santo-domingo-de-los-tsachilas","status":"publish","type":"page","link":"https:\/\/www.satine.com\/zh\/microcement-ecuador\/microcement-santo-domingo-de-los-tsachilas\/","title":{"rendered":"Microcement Santo Domingo de los Ts\u00e1chilas"},"content":{"rendered":"<p id=\"block-17e65e66-3de5-46a9-804a-cb8564ef6d21\">\u6211\u4eec\u4e00\u76f4\u5728\u5f00\u53d1\u4f7f\u7528\u5fae\u6c34\u6ce5\u7684\u9879\u76ee\u3002 <strong><strong><strong>Santo Domingo de los Ts\u00e1chilas<\/strong>: Santo Domingo, Valle Hermoso, Luz de Am\u00e9rica, Alluriqu\u00edn, San Jacinto del B\u00faa<\/strong><\/strong> \u7b49\u5730\u3002\u6211\u4eec\u4e13\u6ce8\u4e8e\u4f4f\u5b85\u548c\u4f01\u4e1a\u7684\u7ffb\u65b0\uff0c\u6211\u4eec\u7684\u8ba4\u8bc1\u65bd\u5de5\u4eba\u5458\u4e13\u95e8\u4f7f\u7528\u6211\u4eec\u751f\u4ea7\u7684\u4ea7\u54c1\u3002\u6211\u4eec\u7684\u6750\u6599\u8d28\u91cf\u3001\u5bf9\u65bd\u5de5\u4eba\u5458\u7684\u57f9\u8bad\u4ee5\u53ca\u9500\u552e\u56e2\u961f\u7684\u4e30\u5bcc\u7ecf\u9a8c\u662f\u6211\u4eec\u6700\u597d\u7684\u6807\u5fd7\u3002\u6211\u4eec\u662f\u4e00\u4e2a\u5386\u53f2\u60a0\u4e45\u7684\u54c1\u724c\uff0c\u5728\u6b27\u6d32\u5fae\u6c34\u6ce5\u751f\u4ea7\u9886\u57df\u5904\u4e8e\u9886\u5148\u5730\u4f4d\u3002\u6211\u4eec\u63d0\u4f9b\u6301\u7eed\u8010\u7528\u7684\u88c5\u9970\u9762\u5c42\uff0c\u4ee5\u53ca\u4ece\u9879\u76ee\u5f00\u59cb\u5230\u9879\u76ee\u7ed3\u675f\u7684\u514d\u8d39\u6280\u672f\u54a8\u8be2\u3002\u6211\u4eec\u559c\u6b22\u503e\u542c\u5ba2\u6237\u7684\u610f\u89c1\uff0c\u5e76\u5728\u65bd\u5de5\u8fc7\u7a0b\u4e2d\u966a\u4f34\u5ba2\u6237\uff0c\u4ee5\u6ee1\u8db3\u4ed6\u4eec\u7684\u9700\u6c42\u3002\u6211\u4eec\u662f\u5fae\u6c34\u6ce5\u7684\u9500\u552e\u3001\u57f9\u8bad\u548c\u5e94\u7528\u65b9\u9762\u7684\u4e13\u5bb6\uff0c\u6211\u4eec\u7684\u4ea7\u54c1\u5305\u62ec <strong>Santo Domingo de los Ts\u00e1chilas<\/strong>.\u6211\u4eec\u7684\u7cfb\u7edf\u9002\u5e94\u6bcf\u4e2a\u9879\u76ee\u7684\u9700\u6c42\uff0c\u4f7f\u5176\u72ec\u4e00\u65e0\u4e8c\u3002\u6211\u4eec\u5e2e\u52a9\u60a8\u5feb\u901f\u9ad8\u6548\u5730\u5b9e\u73b0\u9879\u76ee\u3002<\/p>\n\n\n\n<h3 class=\"wp-block-heading\" id=\"block-60cd5be4-6f59-459e-9989-7bb80e9aedec\"><br><img decoding=\"async\" src=\"https:\/\/www.satine.com\/wp-content\/uploads\/2024\/07\/Microcemento-Satine-1024x1024.png\" alt=\"\"><br><br><strong>\u4ec0\u4e48\u662f\u5fae\u6c34\u6ce5\uff1f<\/strong><\/h3>\n\n\n\n<p id=\"block-2308dd2f-7906-4893-bf12-6df7a616a15a\">\u5fae\u6c34\u6ce5\u662f\u4e00\u79cd\u5747\u5300\u7684\u6d82\u6599\uff0c\u53ef\u7528\u4e8e\u5404\u79cd\u8868\u9762\u548c\u73af\u5883\uff1a\u5899\u58c1\u3001\u5730\u677f\u3001\u5929\u82b1\u677f\u3001\u697c\u68af\u3001\u6d74\u5ba4\u3001\u6e38\u6cf3\u6c60\u3001\u53a8\u623f\u7b49\u3002\u4e0e\u5176\u4ed6\u6d82\u6599\u76f8\u6bd4\uff0c\u5b83\u7684\u4e3b\u8981\u7279\u70b9\u662f\u7701\u65f6\u53c8\u7701\u94b1\uff0c\u56e0\u6b64\u975e\u5e38\u53d7\u6b22\u8fce\u3002\u8fd9\u79cd\u9970\u9762\u7531\u6c34\u6ce5\u3001\u6811\u8102\u3001\u989c\u6599\u548c\u6dfb\u52a0\u5242\u7ec4\u6210\uff0c\u7531\u4e8e\u91c7\u7528\u4e86\u624b\u5de5\u6d82\u62b9\uff0c\u56e0\u6b64\u5177\u6709\u72ec\u7279\u7684\u9970\u9762\u6548\u679c\u3002\u5b83\u5177\u6709\u6781\u4f73\u7684\u9644\u7740\u529b\uff0c\u53ef\u7528\u4e8e\u5404\u79cd\u6750\u6599\uff0c\u5982\u6df7\u51dd\u571f\u3001\u74f7\u7816\u3001\u9676\u74f7\u3001\u77f3\u818f\u677f\u3001\u77f3\u818f\u3001\u91d1\u5c5e\u3001\u5927\u7406\u77f3\u548c\u9a6c\u8d5b\u514b\u7b49\u3002\u8fd1\u5e74\u6765\uff0c\u968f\u7740\u8d8a\u6765\u8d8a\u591a\u7684\u5efa\u7b51\u5e08\u3001\u5ba4\u5185\u8bbe\u8ba1\u5e08\u548c\u88c5\u9970\u8bbe\u8ba1\u5e08\u5728\u5404\u7c7b\u5bb6\u5ead\u548c\u5546\u4e1a\u88c5\u4fee\u4e2d\u9009\u62e9\u5fae\u6c34\u6ce5\uff0c\u8fd9\u79cd\u539a\u5ea6\u4ec5\u4e3a 2 \u81f3 3 \u6beb\u7c73\u7684\u8584\u6d82\u5c42\u5728\u88c5\u9970\u9886\u57df\u7684\u91cd\u8981\u6027\u65e5\u76ca\u51f8\u663e\u3002\u6ca1\u6709\u4f38\u7f29\u7f1d\u7684\u5fae\u6c34\u6ce5\u8868\u9762\u5149\u6ed1\u3001\u5747\u5300\uff0c\u4e3a\u7a7a\u95f4\u5e26\u6765\u5bbd\u655e\u3001\u660e\u4eae\u548c\u4f18\u96c5\u3002\u6ca1\u6709\u63a5\u7f1d\u4e5f\u4f7f\u6e05\u6d01\u548c\u7ef4\u62a4\u66f4\u52a0\u5bb9\u6613\uff0c\u56e0\u4e3a\u5b83\u53ef\u4ee5\u9632\u6b62\u6c61\u57a2\u5806\u79ef\u3002<\/p>\n\n\n\n<h3 class=\"wp-block-heading\" id=\"block-11e47840-ad13-45ca-8f03-8c5d171bac64\"><br><strong>Contact Satine microcement in Santo Domingo de los Ts\u00e1chilas<\/strong><\/h3>\n\n\n\n<p id=\"block-e76662b7-1472-490f-bf04-de6d74ad2eaf\">\u5982\u679c\u60a8\u60f3\u4e86\u89e3\u6709\u5173 Satine \u5fae\u6c34\u6ce5\u7684\u66f4\u591a\u4fe1\u606f\uff0c\u8bf7\u8bbf\u95ee <strong>Santo Domingo de los Ts\u00e1chilas<\/strong>\u5982\u9700\u9879\u76ee\u3001\u6750\u6599\u7684\u4e2a\u6027\u5316\u62a5\u4ef7\uff0c\u6216\u5bf9\u6211\u4eec\u6709\u4efb\u4f55\u7591\u95ee\uff0c\u8bf7\u8054\u7cfb\u6211\u4eec\u3002<\/p>","protected":false},"excerpt":{"rendered":"<p>We have been developing projects with microcement throughout Santo Domingo de los Ts\u00e1chilas: Santo Domingo, Valle Hermoso, Luz de Am\u00e9rica, Alluriqu\u00edn, San Jacinto del B\u00faa among other locations. We specialize in the renovation of homes and businesses, where our certified applicators exclusively use the products we manufacture. The quality of our materials, the training of [&hellip;]<\/p>\n","protected":false},"author":1,"featured_media":0,"parent":8960,"menu_order":0,"comment_status":"closed","ping_status":"closed","template":"","meta":{"footnotes":""},"class_list":["post-9618","page","type-page","status-publish","hentry"],"yoast_head":"<!-- This site is optimized with the Yoast SEO plugin v27.3 - https:\/\/yoast.com\/product\/yoast-seo-wordpress\/ -->\n<title>Microcement Santo Domingo de los Ts\u00e1chilas - Satine<\/title>\n<meta name=\"description\" content=\"We have been developing projects with microcement throughout Santo Domingo de los Ts\u00e1chilas: Santo Domingo, Valle Hermoso, Luz de Am\u00e9rica, Alluriqu\u00edn, San Jacinto del B\u00faa among other locations. We specialize in the renovation of homes and businesses, where our certified applicators exclusively use the products we manufacture.\" \/>\n<meta name=\"robots\" content=\"index, follow, max-snippet:-1, max-image-preview:large, max-video-preview:-1\" \/>\n<link rel=\"canonical\" href=\"https:\/\/www.satine.com\/zh\/microcement-ecuador\/microcement-santo-domingo-de-los-tsachilas\/\" \/>\n<meta property=\"og:locale\" content=\"zh_CN\" \/>\n<meta property=\"og:type\" content=\"article\" \/>\n<meta property=\"og:title\" content=\"Microcement Santo Domingo de los Ts\u00e1chilas - Satine\" \/>\n<meta property=\"og:description\" content=\"We have been developing projects with microcement throughout Santo Domingo de los Ts\u00e1chilas: Santo Domingo, Valle Hermoso, Luz de Am\u00e9rica, Alluriqu\u00edn, San Jacinto del B\u00faa among other locations. We specialize in the renovation of homes and businesses, where our certified applicators exclusively use the products we manufacture.\" \/>\n<meta property=\"og:url\" content=\"https:\/\/www.satine.com\/zh\/microcement-ecuador\/microcement-santo-domingo-de-los-tsachilas\/\" \/>\n<meta property=\"og:site_name\" content=\"Satine\" \/>\n<meta property=\"article:modified_time\" content=\"2025-10-07T07:39:52+00:00\" \/>\n<meta property=\"og:image\" content=\"https:\/\/www.satine.com\/wp-content\/uploads\/2024\/07\/Microcemento-Satine-1024x1024.png\" \/>\n<meta name=\"twitter:card\" content=\"summary_large_image\" \/>\n<meta name=\"twitter:label1\" content=\"\u9884\u8ba1\u9605\u8bfb\u65f6\u95f4\" \/>\n\t<meta name=\"twitter:data1\" content=\"2 \u5206\" \/>\n<script type=\"application\/ld+json\" class=\"yoast-schema-graph\">{\"@context\":\"https:\\\/\\\/schema.org\",\"@graph\":[{\"@type\":\"WebPage\",\"@id\":\"https:\\\/\\\/www.satine.com\\\/microcement-ecuador\\\/microcement-santo-domingo-de-los-tsachilas\\\/\",\"url\":\"https:\\\/\\\/www.satine.com\\\/microcement-ecuador\\\/microcement-santo-domingo-de-los-tsachilas\\\/\",\"name\":\"Microcement Santo Domingo de los Ts\u00e1chilas - Satine\",\"isPartOf\":{\"@id\":\"https:\\\/\\\/www.satine.com\\\/#website\"},\"primaryImageOfPage\":{\"@id\":\"https:\\\/\\\/www.satine.com\\\/microcement-ecuador\\\/microcement-santo-domingo-de-los-tsachilas\\\/#primaryimage\"},\"image\":{\"@id\":\"https:\\\/\\\/www.satine.com\\\/microcement-ecuador\\\/microcement-santo-domingo-de-los-tsachilas\\\/#primaryimage\"},\"thumbnailUrl\":\"https:\\\/\\\/www.satine.com\\\/wp-content\\\/uploads\\\/2024\\\/07\\\/Microcemento-Satine-1024x1024.png\",\"datePublished\":\"2025-10-07T07:39:49+00:00\",\"dateModified\":\"2025-10-07T07:39:52+00:00\",\"description\":\"We have been developing projects with microcement throughout Santo Domingo de los Ts\u00e1chilas: Santo Domingo, Valle Hermoso, Luz de Am\u00e9rica, Alluriqu\u00edn, San Jacinto del B\u00faa among other locations. We specialize in the renovation of homes and businesses, where our certified applicators exclusively use the products we manufacture.\",\"breadcrumb\":{\"@id\":\"https:\\\/\\\/www.satine.com\\\/microcement-ecuador\\\/microcement-santo-domingo-de-los-tsachilas\\\/#breadcrumb\"},\"inLanguage\":\"zh-Hans\",\"potentialAction\":[{\"@type\":\"ReadAction\",\"target\":[\"https:\\\/\\\/www.satine.com\\\/microcement-ecuador\\\/microcement-santo-domingo-de-los-tsachilas\\\/\"]}]},{\"@type\":\"ImageObject\",\"inLanguage\":\"zh-Hans\",\"@id\":\"https:\\\/\\\/www.satine.com\\\/microcement-ecuador\\\/microcement-santo-domingo-de-los-tsachilas\\\/#primaryimage\",\"url\":\"https:\\\/\\\/www.satine.com\\\/wp-content\\\/uploads\\\/2024\\\/07\\\/Microcemento-Satine-1024x1024.png\",\"contentUrl\":\"https:\\\/\\\/www.satine.com\\\/wp-content\\\/uploads\\\/2024\\\/07\\\/Microcemento-Satine-1024x1024.png\"},{\"@type\":\"BreadcrumbList\",\"@id\":\"https:\\\/\\\/www.satine.com\\\/microcement-ecuador\\\/microcement-santo-domingo-de-los-tsachilas\\\/#breadcrumb\",\"itemListElement\":[{\"@type\":\"ListItem\",\"position\":1,\"name\":\"Inicio\",\"item\":\"https:\\\/\\\/www.satine.com\\\/\"},{\"@type\":\"ListItem\",\"position\":2,\"name\":\"Microcement Ecuador\",\"item\":\"https:\\\/\\\/www.satine.com\\\/microcement-ecuador\\\/\"},{\"@type\":\"ListItem\",\"position\":3,\"name\":\"Microcement Santo Domingo de los Ts\u00e1chilas\"}]},{\"@type\":\"WebSite\",\"@id\":\"https:\\\/\\\/www.satine.com\\\/#website\",\"url\":\"https:\\\/\\\/www.satine.com\\\/\",\"name\":\"Satine - Microcement\",\"description\":\"\",\"alternateName\":\"Satine - Microcement\",\"potentialAction\":[{\"@type\":\"SearchAction\",\"target\":{\"@type\":\"EntryPoint\",\"urlTemplate\":\"https:\\\/\\\/www.satine.com\\\/?s={search_term_string}\"},\"query-input\":{\"@type\":\"PropertyValueSpecification\",\"valueRequired\":true,\"valueName\":\"search_term_string\"}}],\"inLanguage\":\"zh-Hans\"}]}<\/script>\n<!-- \/ Yoast SEO plugin. -->","yoast_head_json":{"title":"Microcement Santo Domingo de los Ts\u00e1chilas - Satine","description":"We have been developing projects with microcement throughout Santo Domingo de los Ts\u00e1chilas: Santo Domingo, Valle Hermoso, Luz de Am\u00e9rica, Alluriqu\u00edn, San Jacinto del B\u00faa among other locations. We specialize in the renovation of homes and businesses, where our certified applicators exclusively use the products we manufacture.","robots":{"index":"index","follow":"follow","max-snippet":"max-snippet:-1","max-image-preview":"max-image-preview:large","max-video-preview":"max-video-preview:-1"},"canonical":"https:\/\/www.satine.com\/zh\/microcement-ecuador\/microcement-santo-domingo-de-los-tsachilas\/","og_locale":"zh_CN","og_type":"article","og_title":"Microcement Santo Domingo de los Ts\u00e1chilas - Satine","og_description":"We have been developing projects with microcement throughout Santo Domingo de los Ts\u00e1chilas: Santo Domingo, Valle Hermoso, Luz de Am\u00e9rica, Alluriqu\u00edn, San Jacinto del B\u00faa among other locations. We specialize in the renovation of homes and businesses, where our certified applicators exclusively use the products we manufacture.","og_url":"https:\/\/www.satine.com\/zh\/microcement-ecuador\/microcement-santo-domingo-de-los-tsachilas\/","og_site_name":"Satine","article_modified_time":"2025-10-07T07:39:52+00:00","og_image":[{"url":"https:\/\/www.satine.com\/wp-content\/uploads\/2024\/07\/Microcemento-Satine-1024x1024.png","type":"","width":"","height":""}],"twitter_card":"summary_large_image","twitter_misc":{"\u9884\u8ba1\u9605\u8bfb\u65f6\u95f4":"2 \u5206"},"schema":{"@context":"https:\/\/schema.org","@graph":[{"@type":"WebPage","@id":"https:\/\/www.satine.com\/microcement-ecuador\/microcement-santo-domingo-de-los-tsachilas\/","url":"https:\/\/www.satine.com\/microcement-ecuador\/microcement-santo-domingo-de-los-tsachilas\/","name":"Microcement Santo Domingo de los Ts\u00e1chilas - Satine","isPartOf":{"@id":"https:\/\/www.satine.com\/#website"},"primaryImageOfPage":{"@id":"https:\/\/www.satine.com\/microcement-ecuador\/microcement-santo-domingo-de-los-tsachilas\/#primaryimage"},"image":{"@id":"https:\/\/www.satine.com\/microcement-ecuador\/microcement-santo-domingo-de-los-tsachilas\/#primaryimage"},"thumbnailUrl":"https:\/\/www.satine.com\/wp-content\/uploads\/2024\/07\/Microcemento-Satine-1024x1024.png","datePublished":"2025-10-07T07:39:49+00:00","dateModified":"2025-10-07T07:39:52+00:00","description":"We have been developing projects with microcement throughout Santo Domingo de los Ts\u00e1chilas: Santo Domingo, Valle Hermoso, Luz de Am\u00e9rica, Alluriqu\u00edn, San Jacinto del B\u00faa among other locations. We specialize in the renovation of homes and businesses, where our certified applicators exclusively use the products we manufacture.","breadcrumb":{"@id":"https:\/\/www.satine.com\/microcement-ecuador\/microcement-santo-domingo-de-los-tsachilas\/#breadcrumb"},"inLanguage":"zh-Hans","potentialAction":[{"@type":"ReadAction","target":["https:\/\/www.satine.com\/microcement-ecuador\/microcement-santo-domingo-de-los-tsachilas\/"]}]},{"@type":"ImageObject","inLanguage":"zh-Hans","@id":"https:\/\/www.satine.com\/microcement-ecuador\/microcement-santo-domingo-de-los-tsachilas\/#primaryimage","url":"https:\/\/www.satine.com\/wp-content\/uploads\/2024\/07\/Microcemento-Satine-1024x1024.png","contentUrl":"https:\/\/www.satine.com\/wp-content\/uploads\/2024\/07\/Microcemento-Satine-1024x1024.png"},{"@type":"BreadcrumbList","@id":"https:\/\/www.satine.com\/microcement-ecuador\/microcement-santo-domingo-de-los-tsachilas\/#breadcrumb","itemListElement":[{"@type":"ListItem","position":1,"name":"Inicio","item":"https:\/\/www.satine.com\/"},{"@type":"ListItem","position":2,"name":"Microcement Ecuador","item":"https:\/\/www.satine.com\/microcement-ecuador\/"},{"@type":"ListItem","position":3,"name":"Microcement Santo Domingo de los Ts\u00e1chilas"}]},{"@type":"WebSite","@id":"https:\/\/www.satine.com\/#website","url":"https:\/\/www.satine.com\/","name":"Satine - \u5fae\u6c34\u6ce5","description":"","alternateName":"Satine - Microcement","potentialAction":[{"@type":"SearchAction","target":{"@type":"EntryPoint","urlTemplate":"https:\/\/www.satine.com\/?s={search_term_string}"},"query-input":{"@type":"PropertyValueSpecification","valueRequired":true,"valueName":"search_term_string"}}],"inLanguage":"zh-Hans"}]}},"_links":{"self":[{"href":"https:\/\/www.satine.com\/zh\/wp-json\/wp\/v2\/pages\/9618","targetHints":{"allow":["GET"]}}],"collection":[{"href":"https:\/\/www.satine.com\/zh\/wp-json\/wp\/v2\/pages"}],"about":[{"href":"https:\/\/www.satine.com\/zh\/wp-json\/wp\/v2\/types\/page"}],"author":[{"embeddable":true,"href":"https:\/\/www.satine.com\/zh\/wp-json\/wp\/v2\/users\/1"}],"replies":[{"embeddable":true,"href":"https:\/\/www.satine.com\/zh\/wp-json\/wp\/v2\/comments?post=9618"}],"version-history":[{"count":1,"href":"https:\/\/www.satine.com\/zh\/wp-json\/wp\/v2\/pages\/9618\/revisions"}],"predecessor-version":[{"id":9619,"href":"https:\/\/www.satine.com\/zh\/wp-json\/wp\/v2\/pages\/9618\/revisions\/9619"}],"up":[{"embeddable":true,"href":"https:\/\/www.satine.com\/zh\/wp-json\/wp\/v2\/pages\/8960"}],"wp:attachment":[{"href":"https:\/\/www.satine.com\/zh\/wp-json\/wp\/v2\/media?parent=9618"}],"curies":[{"name":"wp","href":"https:\/\/api.w.org\/{rel}","templated":true}]}}