{"id":5228,"date":"2024-09-17T07:52:31","date_gmt":"2024-09-17T11:52:31","guid":{"rendered":"https:\/\/www.satine.com\/?page_id=5228"},"modified":"2024-09-24T05:26:42","modified_gmt":"2024-09-24T09:26:42","slug":"%e5%be%ae%e6%b0%b4%e6%b3%a5%e5%8e%a8%e6%88%bf","status":"publish","type":"page","link":"https:\/\/www.satine.com\/zh\/microcement\/microcement-kitchens\/","title":{"rendered":"\u5fae\u6c34\u6ce5\u53a8\u623f"},"content":{"rendered":"<h3 class=\"wp-block-heading\">\u5fae\u6c34\u6ce5\u53a8\u623f\uff1a\u4f18\u52bf\u3001\u4f18\u70b9\u548c\u7528\u9014<\/h3>\n\n\n\n<p><a href=\"https:\/\/www.satine.com\/microcement\">\u5fae\u6c34\u6ce5<\/a> \u7531\u4e8e\u8fd9\u79cd\u88c5\u9970\u6d82\u6599\u5177\u6709\u4f17\u591a\u4f18\u70b9\uff0c\u53a8\u623f\u6210\u4e3a\u8d8a\u6765\u8d8a\u591a\u88c5\u4fee\u4e13\u4e1a\u4eba\u58eb\u3001\u5efa\u7b51\u5e08\u548c\u88c5\u9970\u8bbe\u8ba1\u5e08\u7684\u9996\u9009\u3002\u5b83\u80fd\u786e\u4fdd\u4e3a\u53a8\u623f\u8fd9\u6837\u4e00\u4e2a\u91cd\u8981\u7684\u7a7a\u95f4\u5e26\u6765\u72ec\u4e00\u65e0\u4e8c\u7684\u521b\u65b0\u3002<\/p>\n\n\n\n<p>\u5fae\u6c34\u6ce5\u5728\u53a8\u623f\u4e2d\u7684\u4e00\u4e2a\u7279\u70b9\u662f\u7528\u9014\u5e7f\u6cdb\uff0c\u53ef\u4ee5\u4ee5\u591a\u79cd\u65b9\u5f0f\u4f7f\u7528\u3002\u56e0\u6b64\uff0c\u5fae\u6c34\u6ce5\u53ef\u7528\u4e8e\u5730\u677f\u3001\u5899\u58c1\u3001\u53f0\u9762\u751a\u81f3\u6c34\u69fd\u3002\u9664\u4e86\u5e94\u7528\u8303\u56f4\u5e7f\u6cdb\u4e4b\u5916\uff0c\u8fd9\u79cd\u6750\u6599\u8fd8\u5177\u6709\u591a\u79cd\u989c\u8272\u53ef\u4f9b\u9009\u62e9\u3002\u8fd9\u4e24\u4e2a\u56e0\u7d20\u5171\u540c\u6fc0\u53d1\u4e86\u521b\u9020\u529b\uff0c\u4f7f\u4efb\u4f55\u53a8\u623f\u8bbe\u8ba1\u90fd\u6210\u4e3a\u53ef\u80fd\u3002<\/p>\n\n\n\n<p>\u5b83\u7684\u65e0\u7f1d\u6027\u589e\u5f3a\u4e86\u7a7a\u95f4\u7684\u8fde\u7eed\u6027\u548c\u4eae\u5ea6\uff0c\u589e\u6dfb\u4e86\u4e00\u79cd\u7a81\u7834\u6027\u7684\u7f8e\u611f\uff0c\u6700\u91cd\u8981\u7684\u662f\uff0c\u4f7f\u53a8\u623f\u5177\u6709\u5f88\u5f3a\u7684\u529f\u80fd\u6027\u3002\u65e0\u8bba\u662f\u54ea\u79cd\u5fae\u6c34\u6ce5\u8868\u9762\uff0c\u90fd\u80fd\u4fdd\u8bc1\u826f\u597d\u7684\u8010\u78e8\u6027\u3001\u8010\u811a\u8e0f\u6027\u548c\u8010\u73af\u5883\u6e7f\u5ea6\u7b49\u4f18\u70b9\u3002<\/p>\n\n\n\n<p>\u5fae\u6c34\u6ce5\u53a8\u623f\u7684\u9970\u9762\u591a\u79cd\u591a\u6837\uff0c\u53ef\u4ee5\u6ee1\u8db3\u4e2a\u4eba\u7684\u54c1\u5473\u548c\u559c\u597d\u3002\u8fd9\u79cd\u6d82\u5c42\u7684\u7a81\u51fa\u7279\u70b9\u662f\u6613\u4e8e\u4e0e\u623f\u95f4\u88c5\u9970\u4e2d\u7684\u5176\u4ed6\u5143\u7d20\u76f8\u5f97\u76ca\u5f70\u3002\u9970\u9762\u53ef\u4ee5\u662f\u5149\u6ed1\u7684\u3001\u6709\u5149\u6cfd\u7684\u3001\u6709\u7eb9\u7406\u7684\u6216\u5177\u6709\u6c34\u6548\u679c\u7684\uff0c\u7b49\u7b49\u3002\u4e0b\u9762\uff0c\u6211\u4eec\u5c06\u8be6\u7ec6\u4ecb\u7ecd\u8fd9\u79cd\u65b0\u5174\u88c5\u9970\u8d8b\u52bf\u7684\u4e3b\u8981\u4f18\u70b9\u3002<\/p>\n\n\n\n<h3 class=\"wp-block-heading\">\u5fae\u6c34\u6ce5\u5728\u53a8\u623f\u4e2d\u7684\u4f18\u52bf<\/h3>\n\n\n\n<p>\u5fae\u6c34\u6ce5\u5728\u53a8\u623f\u4e2d\u5177\u6709\u4f17\u591a\u4f18\u52bf\uff0c\u65e0\u8bba\u5e94\u7528\u4e8e\u4f55\u79cd\u8868\u9762\u3002\u5b83\u53ef\u4ee5\u5feb\u901f\u7ffb\u65b0\u53a8\u623f\uff0c\u800c\u4e0d\u4f1a\u4f7f\u53a8\u623f\u65e0\u6cd5\u5c45\u4f4f\uff0c\u56e0\u4e3a\u4e0d\u9700\u8981\u5927\u7684\u5efa\u7b51\u5de5\u7a0b\uff0c\u4ece\u800c\u907f\u514d\u4e86\u788e\u5c51\u548c\u6df7\u4e71<a href=\"https:\/\/www.satinestone.com\">.<\/a><\/p>\n\n\n\n<p>\u4ee5\u4e0b\u662f\u5fae\u6c34\u6ce5\u53a8\u623f\u6210\u4e3a\u4f4f\u5b85\u3001\u9910\u5385\u548c\u9152\u5e97\u53a8\u623f\u88c5\u4fee\u7edd\u5bf9\u8d8b\u52bf\u7684\u4e3b\u8981\u539f\u56e0\uff1a<\/p>\n\n\n\n<ol class=\"wp-block-list\">\n<li><strong>\u5728\u53a8\u623f\u5e94\u7528\u5fae\u6c34\u6ce5\u65e0\u9700\u65bd\u5de5<\/strong>:\u5728\u88c5\u4fee\u7a7a\u95f4\uff0c\u5c24\u5176\u662f\u53a8\u623f\u65f6\uff0c\u65f6\u95f4\u662f\u975e\u5e38\u5b9d\u8d35\u7684\u3002\u7531\u4e8e\u8fd9\u79cd\u88c5\u9970\u6d82\u6599\u51e0\u4e4e\u4e0e\u4efb\u4f55\u6750\u6599\u517c\u5bb9\uff0c\u5fae\u6c34\u6ce5\u53ef\u4ee5\u76f4\u63a5\u6d82\u62b9\u5728\u73b0\u6709\u7684\u8868\u9762\u4e0a\uff0c\u65e0\u9700\u65bd\u5de5\u3002\u53ea\u9700\u51e0\u5929\u65f6\u95f4\uff0c\u60a8\u7684\u65b0\u53a8\u623f\u5c31\u4f1a\u7115\u7136\u4e00\u65b0\u3002<\/li>\n\n\n\n<li><strong>\u5fae\u6c34\u6ce5\u53a8\u623f\u7684\u5404\u79cd\u989c\u8272<\/strong>:\u6709\u591a\u79cd\u5fae\u6c34\u6ce5\u989c\u8272\u53ef\u4f9b\u9009\u62e9\uff0c\u4ece\u767d\u8272\u3001\u7070\u8272\u6216\u9ed1\u8272\u7b49\u4e2d\u6027\u8272\u8c03\u5230\u66f4\u9c9c\u8273\u7684\u989c\u6599\uff0c\u5e94\u6709\u5c3d\u6709\u3002&nbsp;<strong>Satine<\/strong>&nbsp;\u63d0\u4f9b\u4e86\u4e00\u4e2a\u5b8c\u6574\u7684\u8c03\u8272\u677f\uff0c\u4ee5\u521b\u9020\u4e00\u4e2a\u9f13\u821e\u4eba\u5fc3\u7684\u73af\u5883\u3002<\/li>\n\n\n\n<li><strong>\u5fae\u6c34\u6ce5\u53a8\u623f\u5177\u6709\u826f\u597d\u7684\u8010\u70ed\u6027\u548c\u8010\u5316\u5b66\u6027<\/strong>:\u8fd9\u79cd\u6d82\u5c42\u5177\u6709\u826f\u597d\u7684\u8010\u70ed\u6027\uff0c\u8fd8\u80fd\u8010\u53d7\u5bb6\u7528\u6e05\u6d01\u4ea7\u54c1\u3002\u8fd9\u4e9b\u7279\u70b9\u4f7f\u5f97\u53a8\u623f\u7684\u5fae\u6c34\u6ce5\u5730\u9762\u548c\u5899\u58c1\u4ee5\u53ca\u5fae\u6c34\u6ce5\u53f0\u9762\u975e\u5e38\u53d7\u6b22\u8fce\u3002<\/li>\n\n\n\n<li><strong>\u5fae\u6c34\u6ce5\u53a8\u623f\u53ef\u4ee5\u9632\u6c34<\/strong>:\u9664\u4e86\u88c5\u9970\u4ef7\u503c\uff0c\u53a8\u623f\u7b49\u7a7a\u95f4\u6240\u8ffd\u6c42\u7684\u662f\u4e00\u79cd\u6ee1\u8db3\u9700\u6c42\u7684\u9ad8\u529f\u80fd\u6d82\u6599\u3002\u5728\u63a5\u89e6\u6c34\u548c\u7c7b\u4f3c\u6db2\u4f53\u7684\u5730\u65b9\uff0c\u786e\u4fdd\u9632\u6c34\u9970\u9762\u81f3\u5173\u91cd\u8981\u3002\u8fd9\u5c31\u662f\u5fae\u6c34\u6ce5\u5728\u53a8\u623f\u4e2d\u5927\u53d7\u6b22\u8fce\u7684\u539f\u56e0\u3002\u4f7f\u7528\u5fae\u6c34\u6ce5\u8bbe\u8ba1\u7684\u6e05\u6f06\u548c\u5bc6\u5c01\u5242&nbsp;<strong>Satine<\/strong>\u5fae\u6c34\u6ce5\u53a8\u623f\u53ef\u4ee5\u9632\u6c34\u3002\u5b83\u4e0d\u4ec5\u80fd\u5b8c\u5168\u5bc6\u5c01\u8868\u9762\uff0c\u8fd8\u80fd\u589e\u52a0\u989d\u5916\u7684\u8010\u7528\u6027--\u771f\u6b63\u7684\u4e8c\u5408\u4e00\uff01<\/li>\n<\/ol>\n\n\n\n<div style=\"height:20px\" aria-hidden=\"true\" class=\"wp-block-spacer\"><\/div>\n\n\n<div class=\"wp-block-image is-style-default\">\n<figure class=\"aligncenter size-large is-resized\"><img loading=\"lazy\" decoding=\"async\" width=\"1024\" height=\"683\" src=\"https:\/\/www.satine.com\/wp-content\/uploads\/2024\/09\/pared-de-cocina-de-microcemento-3506836-1024x683.webp\" alt=\"\" class=\"wp-image-5319\" style=\"aspect-ratio:16\/9;object-fit:cover;width:1200px\" srcset=\"https:\/\/www.satine.com\/wp-content\/uploads\/2024\/09\/pared-de-cocina-de-microcemento-3506836-1024x683.webp 1024w, https:\/\/www.satine.com\/wp-content\/uploads\/2024\/09\/pared-de-cocina-de-microcemento-3506836-300x200.webp 300w, https:\/\/www.satine.com\/wp-content\/uploads\/2024\/09\/pared-de-cocina-de-microcemento-3506836-768x512.webp 768w, https:\/\/www.satine.com\/wp-content\/uploads\/2024\/09\/pared-de-cocina-de-microcemento-3506836-1536x1025.webp 1536w, https:\/\/www.satine.com\/wp-content\/uploads\/2024\/09\/pared-de-cocina-de-microcemento-3506836-18x12.webp 18w, https:\/\/www.satine.com\/wp-content\/uploads\/2024\/09\/pared-de-cocina-de-microcemento-3506836.webp 1619w\" sizes=\"auto, (max-width: 1024px) 100vw, 1024px\" \/><\/figure>\n<\/div>\n\n\n<div style=\"height:40px\" aria-hidden=\"true\" class=\"wp-block-spacer\"><\/div>\n\n\n\n<h3 class=\"wp-block-heading\">\u53a8\u623f\u5899\u58c1\u4e0a\u7684\u5fae\u6c34\u6ce5<\/h3>\n\n\n\n<p>\u7528\u5fae\u6676\u6c34\u6ce5\u8986\u76d6\u53a8\u623f\u5899\u58c1\u53ef\u4ee5\u5728\u4e0d\u82b1\u8d39\u5927\u91cf\u91d1\u94b1\u548c\u65f6\u95f4\u7684\u60c5\u51b5\u4e0b\u663e\u8457\u6539\u53d8\u7f8e\u611f\u3002\u5fae\u6c34\u6ce5\u5177\u6709\u5f88\u9ad8\u7684\u88c5\u9970\u4ef7\u503c\uff0c\u5176\u4e30\u5bcc\u7684\u7eb9\u7406\u548c\u8868\u9762\u5904\u7406\u53ef\u4e3a\u7a7a\u95f4\u589e\u6dfb\u4e0e\u4f17\u4e0d\u540c\u7684\u6548\u679c\u3002\u9009\u62e9\u51e0\u4e4e\u662f\u65e0\u7a77\u65e0\u5c3d\u7684\u3002<\/p>\n\n\n\n<p>\u5fae\u6c34\u6ce5\u4fdd\u8bc1\u4e86\u5bf9\u65e5\u5e38\u7269\u54c1\u51b2\u51fb\u548c\u73af\u5883\u6e7f\u5ea6\u7684\u62b5\u6297\u529b\u3002\u8fd9\u4e00\u70b9\u5c24\u4e3a\u91cd\u8981\uff0c\u56e0\u4e3a\u53a8\u623f\u7ecf\u5e38\u63a5\u89e6\u81ea\u6765\u6c34\u3002\u53a8\u623f\u5899\u9762\u5fae\u6c34\u6ce5\u6d82\u6599\u7684\u9644\u52a0\u503c\u5728\u4e8e\u5b83\u5728\u8fd9\u4e00\u7a7a\u95f4\u7684\u4f7f\u7528\u65f6\u95f4\u66f4\u957f\uff0c\u800c\u8fd9\u5e76\u4e0d\u662f\u6240\u6709\u6d82\u6599\u90fd\u80fd\u505a\u5230\u7684\u3002\u5b83\u80fd\u63d0\u4f9b\u5b89\u5fc3\u548c\u5b89\u5168\u611f\uff0c\u5c24\u5176\u662f\u5728\u6e85\u6c34\u548c\u98de\u6e85\u7269\u65b9\u9762\u3002\u8fd9\u4e00\u70b9\u81f3\u5173\u91cd\u8981\uff0c\u56e0\u4e3a\u5728\u70f9\u996a\u8fc7\u7a0b\u4e2d\uff0c\u98df\u7269\u6b8b\u6e23\u4e0d\u53ef\u907f\u514d\u5730\u4f1a\u6e85\u5230\u5899\u58c1\u4e0a\u3002\u6b64\u5916\uff0c\u5b83\u8fd8\u5177\u6709\u51fa\u8272\u7684\u6297\u6c61\u548c\u6297\u5212\u75d5\u80fd\u529b\uff0c\u53ea\u9700\u7528\u6e05\u6c34\u548c\u4e2d\u6027\u80a5\u7682\u5c31\u80fd\u5feb\u901f\u8f7b\u677e\u5730\u6e05\u6d17\u5e72\u51c0\uff0c\u4f7f\u5176\u4fdd\u6301\u5b8c\u7f8e\u72b6\u6001\u3002<\/p>\n\n\n\n<h3 class=\"wp-block-heading\">\u53a8\u623f\u5730\u677f\u4e0a\u7684\u5fae\u6c34\u6ce5\u6d46<\/h3>\n\n\n\n<p>\u5fae\u6c34\u6ce5\u5728\u53a8\u623f\u5730\u677f\u4e0a\u7684\u5e94\u7528\u540c\u6837\u503c\u5f97\u4e00\u63d0\u3002\u6839\u636e\u6240\u7528\u6750\u6599\u7684\u6210\u5206\u548c\u9897\u7c92\u5ea6\uff0c\u53ef\u4ee5\u83b7\u5f97\u4e0d\u540c\u7684\u8868\u9762\u6548\u679c--\u4ece\u66f4\u7cbe\u7ec6\u3001\u66f4\u5149\u6ed1\u7684\u5730\u677f\uff0c\u5230\u66f4\u7c97\u7cd9\u7684\u5730\u677f\uff0c\u4ee5\u589e\u5f3a\u5730\u677f\u7684\u8010\u78e8\u6027\u3002<\/p>\n\n\n\n<p>\u7f8e\u89c2\u662f\u9009\u62e9\u5fae\u6c34\u6ce5\u53a8\u623f\u5730\u677f\u7684\u5173\u952e\uff0c\u9664\u6b64\u4e4b\u5916\uff0c\u5b83\u7684\u663e\u8457\u4f18\u70b9\u4e5f\u503c\u5f97\u5f3a\u8c03\u3002\u5b83\u662f\u4e00\u79cd\u975e\u5e38\u8010\u7528\u7684\u5730\u677f\u9009\u62e9\uff0c\u4e0d\u4f1a\u5f00\u88c2\uff0c\u51e0\u4e4e\u65e0\u9700\u7ef4\u62a4\u5c31\u80fd\u4fdd\u6301\u5d2d\u65b0\u5982\u521d\u3002<\/p>\n\n\n\n<p>\u53a8\u623f\u5fae\u6c34\u6ce5\u5730\u576a\u5177\u6709\u5f88\u5f3a\u7684\u8010\u78e8\u635f\u3001\u8010\u8150\u8680\u3001\u8010\u51b2\u51fb\u548c\u8010\u4eba\u6d41\u6027\u80fd\uff0c\u662f\u66f4\u65b0\u5730\u677f\u7684\u660e\u667a\u9009\u62e9\u4e4b\u4e00\u3002\u6b64\u5916\uff0c\u7531\u4e8e\u5fae\u6c34\u6ce5\u5730\u576a\u53ea\u94fa\u8bbe 2 \u81f3 3 \u6beb\u7c73\u7684\u8584\u5c42\uff0c\u4e0d\u4f1a\u8fc7\u5ea6\u62ac\u9ad8\u539f\u6709\u5730\u677f\u7684\u9ad8\u5ea6\uff0c\u56e0\u6b64\u65e0\u9700\u5bf9\u65b0\u8868\u9762\u8fdb\u884c\u627e\u5e73\u5904\u7406\u3002<\/p>\n\n\n\n<h3 class=\"wp-block-heading\">\u53a8\u623f\u53f0\u9762\u4e0a\u7684\u5fae\u6c34\u6ce5<\/h3>\n\n\n\n<p>\u5fae\u6c34\u6ce5\u53f0\u9762\u56e0\u5176\u8010\u78e8\u548c\u8010\u70ed\u6027\u80fd\u800c\u8d8a\u6765\u8d8a\u53d7\u6b22\u8fce\u3002\u6b64\u5916\uff0c\u5b83\u4eec\u8fd8\u6613\u4e8e\u6e05\u6d01\uff0c\u5e76\u80fd\u5feb\u901f\u9002\u5e94\u53f0\u9762\u7684\u4efb\u4f55\u5f62\u72b6\u3002<\/p>\n\n\n\n<p>\u53f0\u9762\u4e0d\u4ec5\u4ec5\u662f\u53a8\u623f\u4e2d\u7684\u6d3b\u52a8\u7a7a\u95f4\uff0c\u4e5f\u662f\u51c6\u5907\u7f8e\u5473\u98df\u8c31\u7684\u5730\u65b9\u3002\u53ea\u9700\u5bf9\u53f0\u9762\u8fdb\u884c\u7ffb\u65b0\uff0c\u5c31\u80fd\u4f7f\u53a8\u623f\u73b0\u4ee3\u5316\u5e76\u5f7b\u5e95\u6539\u53d8\u5176\u5916\u89c2\uff0c\u800c\u4e0d\u4f1a\u9020\u6210\u7834\u574f\u3002\u65e0\u9700\u66f4\u6362\u53f0\u9762\uff0c\u53ea\u9700\u7528\u5fae\u6c34\u6ce5\u8986\u76d6\u5373\u53ef\u3002\u8fd9\u6837\u505a\u7684\u7ed3\u679c\u662f\uff0c\u53f0\u9762\u5149\u6ed1\u4f18\u96c5\uff0c\u539a\u5ea6\u51e0\u4e4e\u65e0\u6cd5\u5bdf\u89c9\uff0c\u4e0d\u4f1a\u5f71\u54cd\u5bb6\u5177\u7684\u7ed3\u6784\u8d1f\u8377\u3002<\/p>\n\n\n\n<p>\u53f0\u9762\u6709\u591a\u79cd\u5fae\u6c34\u6ce5\u989c\u8272\u53ef\u4f9b\u9009\u62e9\u3002\u4f8b\u5982\uff0c\u767d\u8272\u80fd\u7ed9\u7a7a\u95f4\u5e26\u6765\u548c\u8c10\u3001\u6574\u6d01\u548c\u7b80\u7ea6\u7684\u611f\u89c9\uff0c\u800c\u7070\u8272\u5219\u66f4\u9002\u5408\u8425\u9020\u5de5\u4e1a\u5316\u548c\u771f\u5b9e\u7684\u6c1b\u56f4\u3002\u65e0\u8bba\u60a8\u5fc3\u76ee\u4e2d\u7684\u5fae\u6c34\u6ce5\u53f0\u9762\u662f\u4ec0\u4e48\u989c\u8272\uff0c\u5176\u5e94\u7528\u8fc7\u7a0b\u90fd\u662f\u4e00\u6837\u7684\u3002<\/p>\n\n\n\n<p><\/p>","protected":false},"excerpt":{"rendered":"<p>Microcement Kitchens: Advantages, Benefits and Uses Microcement kitchens are the preferred choice of an increasing number of renovation professionals, architects, and decorators due to the numerous advantages offered by this decorative coating. It ensures unique creations to renew such an important space as the kitchen. One of the features of microcement in kitchens is its [&hellip;]<\/p>\n","protected":false},"author":1,"featured_media":0,"parent":2814,"menu_order":0,"comment_status":"closed","ping_status":"closed","template":"","meta":{"footnotes":""},"class_list":["post-5228","page","type-page","status-publish","hentry"],"yoast_head":"<!-- This site is optimized with the Yoast SEO plugin v27.4 - https:\/\/yoast.com\/product\/yoast-seo-wordpress\/ -->\n<title>Microcement Kitchens - Satine<\/title>\n<meta name=\"description\" content=\"Descubre las ventajas del microcemento en cocinas con Satine: renovaci\u00f3n r\u00e1pida sin obras, amplia variedad de colores, resistencia t\u00e9rmica y qu\u00edmica, y acabados personalizados. Ideal para suelos, paredes, encimeras y m\u00e1s.\" \/>\n<meta name=\"robots\" content=\"index, follow, max-snippet:-1, max-image-preview:large, max-video-preview:-1\" \/>\n<link rel=\"canonical\" href=\"https:\/\/www.satine.com\/zh\/\u5fae\u6c34\u6ce5\/\u5fae\u6c34\u6ce5\u53a8\u623f\/\" \/>\n<meta property=\"og:locale\" content=\"zh_CN\" \/>\n<meta property=\"og:type\" content=\"article\" \/>\n<meta property=\"og:title\" content=\"Microcement Kitchens - Satine\" \/>\n<meta property=\"og:description\" content=\"Descubre las ventajas del microcemento en cocinas con Satine: renovaci\u00f3n r\u00e1pida sin obras, amplia variedad de colores, resistencia t\u00e9rmica y qu\u00edmica, y acabados personalizados. Ideal para suelos, paredes, encimeras y m\u00e1s.\" \/>\n<meta property=\"og:url\" content=\"https:\/\/www.satine.com\/zh\/\u5fae\u6c34\u6ce5\/\u5fae\u6c34\u6ce5\u53a8\u623f\/\" \/>\n<meta property=\"og:site_name\" content=\"Satine\" \/>\n<meta property=\"article:modified_time\" content=\"2024-09-24T09:26:42+00:00\" \/>\n<meta property=\"og:image\" content=\"https:\/\/www.satine.com\/wp-content\/uploads\/2024\/09\/pared-de-cocina-de-microcemento-3506836-1024x683.webp\" \/>\n<meta name=\"twitter:card\" content=\"summary_large_image\" \/>\n<meta name=\"twitter:label1\" content=\"\u9884\u8ba1\u9605\u8bfb\u65f6\u95f4\" \/>\n\t<meta name=\"twitter:data1\" content=\"5 \u5206\" \/>\n<script type=\"application\/ld+json\" class=\"yoast-schema-graph\">{\"@context\":\"https:\\\/\\\/schema.org\",\"@graph\":[{\"@type\":\"WebPage\",\"@id\":\"https:\\\/\\\/www.satine.com\\\/microcement\\\/microcement-kitchens\\\/\",\"url\":\"https:\\\/\\\/www.satine.com\\\/microcement\\\/microcement-kitchens\\\/\",\"name\":\"Microcement Kitchens - Satine\",\"isPartOf\":{\"@id\":\"https:\\\/\\\/www.satine.com\\\/#website\"},\"primaryImageOfPage\":{\"@id\":\"https:\\\/\\\/www.satine.com\\\/microcement\\\/microcement-kitchens\\\/#primaryimage\"},\"image\":{\"@id\":\"https:\\\/\\\/www.satine.com\\\/microcement\\\/microcement-kitchens\\\/#primaryimage\"},\"thumbnailUrl\":\"https:\\\/\\\/www.satine.com\\\/wp-content\\\/uploads\\\/2024\\\/09\\\/pared-de-cocina-de-microcemento-3506836-1024x683.webp\",\"datePublished\":\"2024-09-17T11:52:31+00:00\",\"dateModified\":\"2024-09-24T09:26:42+00:00\",\"description\":\"Descubre las ventajas del microcemento en cocinas con Satine: renovaci\u00f3n r\u00e1pida sin obras, amplia variedad de colores, resistencia t\u00e9rmica y qu\u00edmica, y acabados personalizados. Ideal para suelos, paredes, encimeras y m\u00e1s.\",\"breadcrumb\":{\"@id\":\"https:\\\/\\\/www.satine.com\\\/microcement\\\/microcement-kitchens\\\/#breadcrumb\"},\"inLanguage\":\"zh-Hans\",\"potentialAction\":[{\"@type\":\"ReadAction\",\"target\":[\"https:\\\/\\\/www.satine.com\\\/microcement\\\/microcement-kitchens\\\/\"]}]},{\"@type\":\"ImageObject\",\"inLanguage\":\"zh-Hans\",\"@id\":\"https:\\\/\\\/www.satine.com\\\/microcement\\\/microcement-kitchens\\\/#primaryimage\",\"url\":\"https:\\\/\\\/www.satine.com\\\/wp-content\\\/uploads\\\/2024\\\/09\\\/pared-de-cocina-de-microcemento-3506836-1024x683.webp\",\"contentUrl\":\"https:\\\/\\\/www.satine.com\\\/wp-content\\\/uploads\\\/2024\\\/09\\\/pared-de-cocina-de-microcemento-3506836-1024x683.webp\"},{\"@type\":\"BreadcrumbList\",\"@id\":\"https:\\\/\\\/www.satine.com\\\/microcement\\\/microcement-kitchens\\\/#breadcrumb\",\"itemListElement\":[{\"@type\":\"ListItem\",\"position\":1,\"name\":\"Inicio\",\"item\":\"https:\\\/\\\/www.satine.com\\\/\"},{\"@type\":\"ListItem\",\"position\":2,\"name\":\"Microcement\",\"item\":\"https:\\\/\\\/www.satine.com\\\/microcement\\\/\"},{\"@type\":\"ListItem\",\"position\":3,\"name\":\"Microcement Kitchens\"}]},{\"@type\":\"WebSite\",\"@id\":\"https:\\\/\\\/www.satine.com\\\/#website\",\"url\":\"https:\\\/\\\/www.satine.com\\\/\",\"name\":\"Satine - Microcement\",\"description\":\"\",\"alternateName\":\"Satine - Microcement\",\"potentialAction\":[{\"@type\":\"SearchAction\",\"target\":{\"@type\":\"EntryPoint\",\"urlTemplate\":\"https:\\\/\\\/www.satine.com\\\/?s={search_term_string}\"},\"query-input\":{\"@type\":\"PropertyValueSpecification\",\"valueRequired\":true,\"valueName\":\"search_term_string\"}}],\"inLanguage\":\"zh-Hans\"}]}<\/script>\n<!-- \/ Yoast SEO plugin. -->","yoast_head_json":{"title":"\u5fae\u6c34\u6ce5\u53a8\u623f - Satine","description":"\u4e86\u89e3\u4f7f\u7528 Satine \u8fdb\u884c\u53a8\u623f\u5fae\u88c5\u9970\u7684\u597d\u5904\uff1a\u65e0\u9700\u4efb\u4f55\u5de5\u5e8f\u5373\u53ef\u5feb\u901f\u7ffb\u65b0\u3001\u8272\u5f69\u4e30\u5bcc\u3001\u6297\u70ed\u548c\u6297\u9707\uff0c\u4ee5\u53ca\u4e2a\u6027\u5316\u7684\u88c5\u9970\u9762\u6599\u3002\u662f\u886c\u57ab\u3001\u5899\u9762\u3001\u56f4\u5899\u7b49\u7684\u7406\u60f3\u9009\u62e9\u3002","robots":{"index":"index","follow":"follow","max-snippet":"max-snippet:-1","max-image-preview":"max-image-preview:large","max-video-preview":"max-video-preview:-1"},"canonical":"https:\/\/www.satine.com\/zh\/\u5fae\u6c34\u6ce5\/\u5fae\u6c34\u6ce5\u53a8\u623f\/","og_locale":"zh_CN","og_type":"article","og_title":"Microcement Kitchens - Satine","og_description":"Descubre las ventajas del microcemento en cocinas con Satine: renovaci\u00f3n r\u00e1pida sin obras, amplia variedad de colores, resistencia t\u00e9rmica y qu\u00edmica, y acabados personalizados. Ideal para suelos, paredes, encimeras y m\u00e1s.","og_url":"https:\/\/www.satine.com\/zh\/\u5fae\u6c34\u6ce5\/\u5fae\u6c34\u6ce5\u53a8\u623f\/","og_site_name":"Satine","article_modified_time":"2024-09-24T09:26:42+00:00","og_image":[{"url":"https:\/\/www.satine.com\/wp-content\/uploads\/2024\/09\/pared-de-cocina-de-microcemento-3506836-1024x683.webp","type":"","width":"","height":""}],"twitter_card":"summary_large_image","twitter_misc":{"\u9884\u8ba1\u9605\u8bfb\u65f6\u95f4":"5 \u5206"},"schema":{"@context":"https:\/\/schema.org","@graph":[{"@type":"WebPage","@id":"https:\/\/www.satine.com\/microcement\/microcement-kitchens\/","url":"https:\/\/www.satine.com\/microcement\/microcement-kitchens\/","name":"\u5fae\u6c34\u6ce5\u53a8\u623f - Satine","isPartOf":{"@id":"https:\/\/www.satine.com\/#website"},"primaryImageOfPage":{"@id":"https:\/\/www.satine.com\/microcement\/microcement-kitchens\/#primaryimage"},"image":{"@id":"https:\/\/www.satine.com\/microcement\/microcement-kitchens\/#primaryimage"},"thumbnailUrl":"https:\/\/www.satine.com\/wp-content\/uploads\/2024\/09\/pared-de-cocina-de-microcemento-3506836-1024x683.webp","datePublished":"2024-09-17T11:52:31+00:00","dateModified":"2024-09-24T09:26:42+00:00","description":"\u4e86\u89e3\u4f7f\u7528 Satine \u8fdb\u884c\u53a8\u623f\u5fae\u88c5\u9970\u7684\u597d\u5904\uff1a\u65e0\u9700\u4efb\u4f55\u5de5\u5e8f\u5373\u53ef\u5feb\u901f\u7ffb\u65b0\u3001\u8272\u5f69\u4e30\u5bcc\u3001\u6297\u70ed\u548c\u6297\u9707\uff0c\u4ee5\u53ca\u4e2a\u6027\u5316\u7684\u88c5\u9970\u9762\u6599\u3002\u662f\u886c\u57ab\u3001\u5899\u9762\u3001\u56f4\u5899\u7b49\u7684\u7406\u60f3\u9009\u62e9\u3002","breadcrumb":{"@id":"https:\/\/www.satine.com\/microcement\/microcement-kitchens\/#breadcrumb"},"inLanguage":"zh-Hans","potentialAction":[{"@type":"ReadAction","target":["https:\/\/www.satine.com\/microcement\/microcement-kitchens\/"]}]},{"@type":"ImageObject","inLanguage":"zh-Hans","@id":"https:\/\/www.satine.com\/microcement\/microcement-kitchens\/#primaryimage","url":"https:\/\/www.satine.com\/wp-content\/uploads\/2024\/09\/pared-de-cocina-de-microcemento-3506836-1024x683.webp","contentUrl":"https:\/\/www.satine.com\/wp-content\/uploads\/2024\/09\/pared-de-cocina-de-microcemento-3506836-1024x683.webp"},{"@type":"BreadcrumbList","@id":"https:\/\/www.satine.com\/microcement\/microcement-kitchens\/#breadcrumb","itemListElement":[{"@type":"ListItem","position":1,"name":"Inicio","item":"https:\/\/www.satine.com\/"},{"@type":"ListItem","position":2,"name":"Microcement","item":"https:\/\/www.satine.com\/microcement\/"},{"@type":"ListItem","position":3,"name":"Microcement Kitchens"}]},{"@type":"WebSite","@id":"https:\/\/www.satine.com\/#website","url":"https:\/\/www.satine.com\/","name":"Satine - \u5fae\u6c34\u6ce5","description":"","alternateName":"Satine - Microcement","potentialAction":[{"@type":"SearchAction","target":{"@type":"EntryPoint","urlTemplate":"https:\/\/www.satine.com\/?s={search_term_string}"},"query-input":{"@type":"PropertyValueSpecification","valueRequired":true,"valueName":"search_term_string"}}],"inLanguage":"zh-Hans"}]}},"_links":{"self":[{"href":"https:\/\/www.satine.com\/zh\/wp-json\/wp\/v2\/pages\/5228","targetHints":{"allow":["GET"]}}],"collection":[{"href":"https:\/\/www.satine.com\/zh\/wp-json\/wp\/v2\/pages"}],"about":[{"href":"https:\/\/www.satine.com\/zh\/wp-json\/wp\/v2\/types\/page"}],"author":[{"embeddable":true,"href":"https:\/\/www.satine.com\/zh\/wp-json\/wp\/v2\/users\/1"}],"replies":[{"embeddable":true,"href":"https:\/\/www.satine.com\/zh\/wp-json\/wp\/v2\/comments?post=5228"}],"version-history":[{"count":5,"href":"https:\/\/www.satine.com\/zh\/wp-json\/wp\/v2\/pages\/5228\/revisions"}],"predecessor-version":[{"id":5326,"href":"https:\/\/www.satine.com\/zh\/wp-json\/wp\/v2\/pages\/5228\/revisions\/5326"}],"up":[{"embeddable":true,"href":"https:\/\/www.satine.com\/zh\/wp-json\/wp\/v2\/pages\/2814"}],"wp:attachment":[{"href":"https:\/\/www.satine.com\/zh\/wp-json\/wp\/v2\/media?parent=5228"}],"curies":[{"name":"wp","href":"https:\/\/api.w.org\/{rel}","templated":true}]}}