{"id":3710,"date":"2022-04-14T19:31:44","date_gmt":"2022-04-15T00:31:44","guid":{"rendered":"https:\/\/www.satine.com\/?page_id=3710"},"modified":"2022-04-14T19:31:44","modified_gmt":"2022-04-15T00:31:44","slug":"%e9%a5%bc%e5%b9%b2","status":"publish","type":"page","link":"https:\/\/www.satine.com\/zh\/cookies\/","title":{"rendered":"\u997c\u5e72"},"content":{"rendered":"<h3 class=\"wp-block-heading\">1.\u524d\u8a00<\/h3>\n\n\n\n<p>\u6839\u636e2012\u5e743\u670830\u65e5\u9881\u5e03\u7684\u7b2c13\/2012\u53f7\u300a\u897f\u73ed\u7259\u6cd5\u5f8b\u6cd5\u89c4\u300b\uff08Real Decreto Ley 13\/2012\uff09\u4e2d\u89c4\u5b9a\u7684\u4e0e\u63d0\u4f9b\u7535\u5b50\u901a\u8baf\u670d\u52a1\u6709\u5173\u7684cookies\u4f7f\u7528\u89c4\u8303\uff0c\u6211\u4eec\u5411\u60a8\u4ecb\u7ecdSATINE\u7f51\u7ad9\u4e0a\u4f7f\u7528\u7684cookies\u53ca\u5176\u4f7f\u7528\u52a8\u673a\u3002\u540c\u6837\uff0c\u6211\u4eec\u4e5f\u4f1a\u544a\u77e5\u60a8\uff0c\u60a8\u5728\u672c\u7f51\u7ad9\u4e0a\u6d4f\u89c8\u65f6\u5df2\u540c\u610f\u4f7f\u7528cookies\u3002<\/p>\n\n\n\n<h3 class=\"wp-block-heading\">2.\u00bfqu\u00e9 son las cookies?<\/h3>\n\n\n\n<p>Cookie \u662f\u6307\u5728\u8bbf\u95ee\u7279\u5b9a\u7f51\u9875\u65f6\uff0c\u5728\u7528\u6237\u6d4f\u89c8\u5668\u4e2d\u4fdd\u5b58\u7684\u4fe1\u606f\u8bb0\u5f55\u3002\u9664\u5176\u4ed6\u5916\uff0cCookie \u5141\u8bb8\u4e00\u4e2a\u7f51\u7ad9\u5b58\u50a8\u548c\u6062\u590d\u7528\u6237\u6216\u5176\u8bbe\u5907\u7684\u8bbf\u95ee\u8f68\u8ff9\u4fe1\u606f\uff0c\u5e76\u6839\u636e\u6240\u542b\u4fe1\u606f\u548c\u8bbe\u5907\u7684\u4f7f\u7528\u65b9\u5f0f\uff0c\u7528\u4e8e\u8bc6\u522b\u7528\u6237\u3002Cookie \u4ec5\u7528\u4e8e\u8bc6\u522b\u7528\u6237\u53ca\u5176\u8bbe\u5907\uff0c\u4e0d\u63d0\u4f9b\u53ef\u8bc6\u522b\u7528\u6237\u4e2a\u4eba\u6570\u636e\u7684\u53c2\u8003\u4fe1\u606f\u3002<\/p>\n\n\n\n<h3 class=\"wp-block-heading\">3.cookie \u79cd\u7c7b<\/h3>\n\n\n\n<ol class=\"wp-block-list\"><li><strong>Cookies propias\uff1a<\/strong>&nbsp;\u662f\u6307\u4ece\u7f16\u8f91\u5668\u7ba1\u7406\u7684\u8bbe\u5907\u6216\u9886\u5730\u5411\u7528\u6237\u7684\u8bbe\u5907\u7ec8\u7aef\u53d1\u9001\u7684\u4fe1\u606f\uff0c\u5e76\u4ece\u8be5\u8bbe\u5907\u7ec8\u7aef\u63d0\u4f9b\u7528\u6237\u6240\u9700\u7684\u670d\u52a1\u3002<\/li><li><strong>Cookies de terceros\uff1a<\/strong>&nbsp;\u8fd9\u4e9b cookie \u662f\u901a\u8fc7\u7528\u6237\u7684\u8bbe\u5907\u7ec8\u7aef\u53d1\u9001\u7684\uff0c\u5e76\u975e\u7531\u7f16\u8f91\u5668\u81ea\u5df1\u7ba1\u7406\uff0c\u800c\u662f\u7531\u5176\u4ed6\u901a\u8fc7 cookie \u6765\u5904\u7406\u6570\u636e\u7684\u5b9e\u4f53\u7ba1\u7406\u3002<\/li><li><strong>Cookies de sesi\u00f3n\uff1a<\/strong>&nbsp;\u5b83\u662f\u4e00\u79cd\u8bbe\u8ba1\u7528\u4e8e\u5728\u7528\u6237\u8bbf\u95ee\u7f51\u7ad9\u65f6\u5b58\u50a8\u548c\u4fdd\u5b58\u6570\u636e\u7684 cookie\u3002<\/li><li><strong>Cookies persistentes\uff1a<\/strong>&nbsp;\u8fd9\u662f\u4e00\u79cd\u5c06\u6570\u636e\u4fdd\u5b58\u5728\u7ec8\u7aef\u4e2d\u7684 Cookie\uff0c\u53ef\u5728 Cookie \u8d1f\u8d23\u4eba\u89c4\u5b9a\u7684\u671f\u9650\u5185\u8fdb\u884c\u8bbf\u95ee\u548c\u5904\u7406\uff0c\u671f\u9650\u4ece\u51e0\u5206\u949f\u5230\u6570\u5e74\u4e0d\u7b49\u3002<\/li><li><strong>Cookies de an\u00e1lisis\uff1a<\/strong>&nbsp;\u7531\u6211\u4eec\u6216\u7b2c\u4e09\u65b9\u59a5\u5584\u7ba1\u7406\u7684\u7528\u6237\uff0c\u53ef\u5e2e\u52a9\u6211\u4eec\u8ba1\u7b97\u7528\u6237\u6570\u91cf\uff0c\u4ece\u800c\u5bf9\u6240\u63d0\u4f9b\u670d\u52a1\u7684\u7528\u6237\u4f7f\u7528\u60c5\u51b5\u8fdb\u884c\u7edf\u8ba1\u548c\u5206\u6790\u3002\u4e3a\u6b64\uff0c\u6211\u4eec\u4f1a\u5206\u6790\u7528\u6237\u5728\u6211\u4eec\u7f51\u7ad9\u4e0a\u7684\u6d4f\u89c8\u60c5\u51b5\uff0c\u4ee5\u4fbf\u6539\u8fdb\u6211\u4eec\u63d0\u4f9b\u7684\u4ea7\u54c1\u6216\u670d\u52a1\u3002<\/li><li><strong>Cookies de publicidad comportamental\uff1a<\/strong>&nbsp;\u8fd9\u4e9b cookies \u5141\u8bb8\u4ee5\u6700\u6709\u6548\u7684\u65b9\u5f0f\u5bf9\u7f16\u8f91\u8005\u5728\u5176\u63d0\u4f9b\u670d\u52a1\u7684\u7f51\u7ad9\u3001\u5e94\u7528\u7a0b\u5e8f\u6216\u5e73\u53f0\u4e0a\u7684\u516c\u5171\u7a7a\u95f4\u8fdb\u884c\u7ba1\u7406\u3002\u8fd9\u4e9b Cookie \u4fdd\u5b58\u4e86\u901a\u8fc7\u6301\u7eed\u89c2\u5bdf\u7528\u6237\u7684\u8bbf\u95ee\u8f68\u8ff9\u800c\u83b7\u5f97\u7684\u7528\u6237\u884c\u4e3a\u4fe1\u606f\uff0c\u4ece\u800c\u53ef\u4ee5\u5f00\u53d1\u51fa\u4e00\u79cd\u7279\u6b8a\u7684\u914d\u7f6e\u6587\u4ef6\uff0c\u7528\u4e8e\u663e\u793a\u4e0e\u7528\u6237\u884c\u4e3a\u76f8\u5173\u7684\u516c\u5171\u4fe1\u606f\u3002\u540c\u6837\uff0c\u5f53\u60a8\u8bbf\u95ee\u67d0\u4e2a\u7f51\u7ad9\u6216\u6253\u5f00\u67d0\u5c01\u7535\u5b50\u90ae\u4ef6\uff0c\u5176\u4e2d\u53d1\u5e03\u4e86\u5173\u4e8e\u6211\u4eec\u4ea7\u54c1\u6216\u670d\u52a1\u7684\u516c\u544a\u6216\u4fc3\u9500\u4fe1\u606f\u65f6\uff0c\u60a8\u7684\u6d4f\u89c8\u5668\u4e2d\u53ef\u80fd\u4f1a\u5b89\u88c5\u4e00\u4e2a Cookie\uff0c\u7528\u4e8e\u5728\u4e8b\u540e\u663e\u793a\u4e0e\u60a8\u6240\u8fdb\u884c\u7684\u641c\u7d22\u76f8\u5173\u7684\u4fe1\u606f\u3001\u5bf9\u6211\u4eec\u7684\u516c\u544a\u8fdb\u884c\u63a7\u5236\uff0c\u4f8b\u5982\uff0c\u67e5\u770b\u6b21\u6570\u3001\u663e\u793a\u4f4d\u7f6e\u3001\u65f6\u95f4\u7b49\u3002<\/li><\/ol>\n\n\n\n<h3 class=\"wp-block-heading\">4.\u4f7f\u7528\u7684 cookie \u7c7b\u578b<\/h3>\n\n\n\n<p>\u6211\u4eec\u7f51\u7ad9\u4e0a\u4f7f\u7528\u7684 Cookie \u5305\u62ec\u4f1a\u8bdd\u548c\u7b2c\u4e09\u65b9 Cookie\uff0c\u5141\u8bb8\u6211\u4eec\u4fdd\u5b58\u548c\u83b7\u53d6\u4e0e\u8bed\u8a00\u3001\u4f7f\u7528\u7684\u6d4f\u89c8\u5668\u7c7b\u578b\u76f8\u5173\u7684\u4fe1\u606f\u3001\u4ee5\u53ca\u7528\u6237\u9884\u5148\u5b9a\u4e49\u7684\u5176\u4ed6\u4e00\u822c\u7279\u5f81\uff0c\u4ee5\u53ca\u8ddf\u8e2a\u548c\u5206\u6790\u6240\u8fdb\u884c\u7684\u6d3b\u52a8\uff0c\u76ee\u7684\u662f\u4ee5\u66f4\u52a0\u9ad8\u6548\u548c\u4e2a\u6027\u5316\u7684\u65b9\u5f0f\u6539\u8fdb\u548c\u63d0\u9ad8\u6211\u4eec\u7684\u670d\u52a1\u3002SATINE \u4e0d\u4f7f\u7528\u516c\u5171\u6216\u516c\u5171\u884c\u4e3a cookie\u3002<br>Cookies \u7684\u4f7f\u7528\u4e3a\u672c\u7f51\u7ad9\u5728\u4fe1\u606f\u793e\u4f1a\u4e2d\u63d0\u4f9b\u670d\u52a1\u5e26\u6765\u4e86\u4fbf\u5229\uff0c\u56e0\u4e3a\u5b83\u4fbf\u4e8e\u7528\u6237\u6d4f\u89c8\u548c\u8bbf\u95ee\u672c\u7f51\u7ad9\u63d0\u4f9b\u7684\u5404\u79cd\u670d\u52a1\uff1b\u907f\u514d\u7528\u6237\u6bcf\u6b21\u8bbf\u95ee\u672c\u7f51\u7ad9\u65f6\u90fd\u9700\u8981\u914d\u7f6e\u9884\u5b9a\u4e49\u7684\u4e00\u822c\u7279\u5f81\uff1b\u901a\u8fc7\u5bf9\u5b89\u88c5\u7684 cookies \u6240\u83b7\u53d6\u7684\u4fe1\u606f\u8fdb\u884c\u76f8\u5e94\u7684\u5206\u6790\uff0c\u6709\u5229\u4e8e\u6539\u8fdb\u672c\u7f51\u7ad9\u7684\u529f\u80fd\u548c\u670d\u52a1\u3002<\/p>\n\n\n\n<figure class=\"wp-block-table\"><table><tbody><tr><th>\u540d\u79f0<\/th><th>\u578b\u53f7<\/th><th>Caducidad<\/th><th>\u6700\u540e<\/th><th>\u7c7b\u522b<\/th><\/tr><tr><td>__utma<\/td><td>De Terceros (\u8c37\u6b4c\u5206\u6790)<\/td><td>2 \u5e74<\/td><td>\u7528\u4e8e\u533a\u5206\u7528\u6237\u548c\u4f1a\u8bdd\u3002<\/td><td>\u65e0<\/td><\/tr><tr><td>__utmb<\/td><td>De Terceros (\u8c37\u6b4c\u5206\u6790)<\/td><td>30 \u5206\u949f<\/td><td>\u7528\u4e8e\u786e\u5b9a\u65b0\u7684\u8bfe\u7a0b\u6216\u8bbf\u95ee\u3002<\/td><td>\u65e0<\/td><\/tr><tr><td>__utmc<\/td><td>De Terceros (\u8c37\u6b4c\u5206\u6790)<\/td><td>Al finalizar la sesi\u00f3n<\/td><td>\u4e3a Urchin \u7684\u4f7f\u7528\u8fdb\u884c\u914d\u7f6e\u3002<\/td><td>\u65e0<\/td><\/tr><tr><td>__utmz<\/td><td>De Terceros (\u8c37\u6b4c\u5206\u6790)<\/td><td>6 \u4e2a\u6708<\/td><td>\u8bf7\u9009\u62e9\u8bf4\u660e\u7528\u6237\u5982\u4f55\u8fdb\u5165\u7f51\u7ad9\u7684\u6765\u6e90\u6216\u6d3b\u52a8\u3002<\/td><td>\u65e0<\/td><\/tr><tr><td>\u5730\u70b9<\/td><td>Propia<\/td><td>5 \u5c81<\/td><td>\u7528\u6237\u9996\u9009\u8bed\u8a00\u3002<\/td><td>Exenta<\/td><\/tr><tr><td>\u8d2d\u7269\u8f66\u9879\u76ee<\/td><td>Propia<\/td><td>7 \u5929<\/td><td>\u5c06\u7528\u6237\u7684\u4ea7\u54c1\u5217\u8868\u586b\u5165\u8d2d\u7269\u8f66\u3002<\/td><td>Exenta<\/td><\/tr><tr><td>\u4f1a\u8bdd<\/td><td>Propia<\/td><td>2 \u5c0f\u65f6<\/td><td>\u7528\u4e8e\u533a\u5206\u7528\u6237\u548c\u4f1a\u8bdd<\/td><td>Exenta<\/td><\/tr><\/tbody><\/table><\/figure>\n\n\n\n<h3 class=\"wp-block-heading\">5.\u64a4\u9500\u548c\u5220\u9664 cookie<\/h3>\n\n\n\n<p>\u5728\u4efb\u4f55\u65f6\u5019\uff0c\u60a8\u90fd\u53ef\u4ee5\u8bbf\u95ee\u60a8\u7684\u6d4f\u89c8\u5668\u914d\u7f6e\uff0c\u9009\u62e9\u63a5\u53d7\u6216\u62d2\u7edd\u6240\u6709 cookies\uff0c\u6216\u8005\u9009\u62e9\u5b89\u88c5\u65f6\u63a5\u53d7\u6216\u4e0d\u63a5\u53d7\u7684 cookies\uff0c\u5177\u4f53\u53d6\u51b3\u4e8e\u60a8\u4f7f\u7528\u7684\u6d4f\u89c8\u5668\uff1a<\/p>\n\n\n\n<ul class=\"wp-block-list\"><li><strong>\u8c37\u6b4c\u6d4f\u89c8\u5668\uff1a<\/strong>&nbsp;Men\u00fa Herramientas &gt; Configuraci\u00f3n &gt; Mostrar Opciones Avanzadas &gt; Privacidad (Configuraci\u00f3n del Contenido) &gt; Cookies\u3002&nbsp;<a target=\"_blank\" href=\"https:\/\/support.google.com\/chrome\/answer\/95647?hl=es\" rel=\"noreferrer noopener\">\u66f4\u591a\u4fe1\u606f<\/a><\/li><li><strong>\u5fae\u8f6f Internet Explorer\uff1a<\/strong>&nbsp;Men\u00fa Herramientas\uff08\u83dc\u5355\uff09 &gt; Opciones de Internet\uff08\u4e0a\u7f51\u9009\u9879\uff09 &gt; Privacidad\uff08\u9690\u79c1\uff09 &gt; Avanzada\uff08\u9ad8\u7ea7\uff09\u3002&nbsp;<a target=\"_blank\" href=\"https:\/\/support.microsoft.com\/es-es\/help\/17442\/windows-internet-explorer-delete-manage-cookies\" rel=\"noreferrer noopener\">\u66f4\u591a\u4fe1\u606f<\/a><\/li><li><strong>\u706b\u72d0<\/strong>&nbsp;\u9009\u9879 &gt; \u9690\u79c1 &gt; Cookies\u3002&nbsp;<a target=\"_blank\" href=\"https:\/\/support.mozilla.org\/es\/kb\/habilitar-y-deshabilitar-cookies-sitios-web-rastrear-preferencias\" rel=\"noreferrer noopener\">\u66f4\u591a\u4fe1\u606f<\/a><\/li><li><strong>Safari\u3001iPad \u548c iPhone\uff1a<\/strong>&nbsp;\u9996\u9009\u9879 &gt; \u4fdd\u5bc6\u6027\u3002&nbsp;<a target=\"_blank\" href=\"https:\/\/www.apple.com\/legal\/privacy\/es\/cookies\/\" rel=\"noreferrer noopener\">\u66f4\u591a\u4fe1\u606f<\/a><\/li><\/ul>\n\n\n\n<h3 class=\"wp-block-heading\">6.terceros prestadores de servicios<\/h3>\n\n\n\n<p>\u5177\u4f53\u800c\u8a00\uff0c\u4e0e\u6211\u4eec\u7b7e\u8ba2\u4e86\u670d\u52a1\u5408\u540c\u3001\u6709\u5fc5\u8981\u4f7f\u7528 Cookie \u7684\u7b2c\u4e09\u65b9\u670d\u52a1\u63d0\u4f9b\u5546\u662f<\/p>\n\n\n\n<figure class=\"wp-block-table\"><table><tbody><tr><th>\u8bc1\u660e\u4eba<\/th><th>\u670d\u52a1\u548c Cookie \u7684\u6700\u7ec8\u76ee\u7684<\/th><th>\u4f9b\u5e94\u5546\u4fe1\u606f<\/th><\/tr><tr><td>GOOGLE Inc.<\/td><td>\u4ece\u8bbf\u95ee\u8005\u3001\u8bbf\u95ee\u9875\u9762\u3001\u4f7f\u7528\u7684\u5173\u952e\u8bcd\u548c\u7c7b\u4f3c\u8bcd\u7684\u89d2\u5ea6\u5bf9\u7f51\u7ad9\u8fdb\u884c\u7edf\u8ba1\u5206\u6790<\/td><td><a href=\"https:\/\/policies.google.com\/privacy?hl=es&amp;gl=es\" target=\"_blank\" rel=\"noreferrer noopener\">\u9690\u79c1\u653f\u7b56<\/a><\/td><\/tr><\/tbody><\/table><\/figure>","protected":false},"excerpt":{"rendered":"<p>1. ANTECEDENTES De conformidad con la normativa espa\u00f1ola que regula el uso de cookies en relaci\u00f3n a la prestaci\u00f3n de servicios de comunicaciones electr\u00f3nicas, recogida en el Real Decreto Ley 13\/2012 del 30 de marzo, le informamos sobre las cookies utilizadas en el sitio web de SATINE y el motivo de su uso. Asimismo, le [&hellip;]<\/p>\n","protected":false},"author":1,"featured_media":0,"parent":0,"menu_order":0,"comment_status":"closed","ping_status":"closed","template":"","meta":{"footnotes":""},"class_list":["post-3710","page","type-page","status-publish","hentry"],"yoast_head":"<!-- This site is optimized with the Yoast SEO plugin v27.5 - https:\/\/yoast.com\/product\/yoast-seo-wordpress\/ -->\n<title>COOKIES - Satine<\/title>\n<meta name=\"robots\" content=\"index, follow, max-snippet:-1, max-image-preview:large, max-video-preview:-1\" \/>\n<link rel=\"canonical\" href=\"https:\/\/www.satine.com\/zh\/\u997c\u5e72\/\" \/>\n<meta property=\"og:locale\" content=\"zh_CN\" \/>\n<meta property=\"og:type\" content=\"article\" \/>\n<meta property=\"og:title\" content=\"COOKIES - Satine\" \/>\n<meta property=\"og:description\" content=\"1. ANTECEDENTES De conformidad con la normativa espa\u00f1ola que regula el uso de cookies en relaci\u00f3n a la prestaci\u00f3n de servicios de comunicaciones electr\u00f3nicas, recogida en el Real Decreto Ley 13\/2012 del 30 de marzo, le informamos sobre las cookies utilizadas en el sitio web de SATINE y el motivo de su uso. Asimismo, le [&hellip;]\" \/>\n<meta property=\"og:url\" content=\"https:\/\/www.satine.com\/zh\/\u997c\u5e72\/\" \/>\n<meta property=\"og:site_name\" content=\"Satine\" \/>\n<meta name=\"twitter:card\" content=\"summary_large_image\" \/>\n<meta name=\"twitter:label1\" content=\"\u9884\u8ba1\u9605\u8bfb\u65f6\u95f4\" \/>\n\t<meta name=\"twitter:data1\" content=\"5 \u5206\" \/>\n<script type=\"application\/ld+json\" class=\"yoast-schema-graph\">{\"@context\":\"https:\\\/\\\/schema.org\",\"@graph\":[{\"@type\":\"WebPage\",\"@id\":\"https:\\\/\\\/www.satine.com\\\/cookies\\\/\",\"url\":\"https:\\\/\\\/www.satine.com\\\/cookies\\\/\",\"name\":\"COOKIES - Satine\",\"isPartOf\":{\"@id\":\"https:\\\/\\\/www.satine.com\\\/#website\"},\"datePublished\":\"2022-04-15T00:31:44+00:00\",\"breadcrumb\":{\"@id\":\"https:\\\/\\\/www.satine.com\\\/cookies\\\/#breadcrumb\"},\"inLanguage\":\"zh-Hans\",\"potentialAction\":[{\"@type\":\"ReadAction\",\"target\":[\"https:\\\/\\\/www.satine.com\\\/cookies\\\/\"]}]},{\"@type\":\"BreadcrumbList\",\"@id\":\"https:\\\/\\\/www.satine.com\\\/cookies\\\/#breadcrumb\",\"itemListElement\":[{\"@type\":\"ListItem\",\"position\":1,\"name\":\"Inicio\",\"item\":\"https:\\\/\\\/www.satine.com\\\/\"},{\"@type\":\"ListItem\",\"position\":2,\"name\":\"COOKIES\"}]},{\"@type\":\"WebSite\",\"@id\":\"https:\\\/\\\/www.satine.com\\\/#website\",\"url\":\"https:\\\/\\\/www.satine.com\\\/\",\"name\":\"Satine - Microcement\",\"description\":\"\",\"alternateName\":\"Satine - Microcement\",\"potentialAction\":[{\"@type\":\"SearchAction\",\"target\":{\"@type\":\"EntryPoint\",\"urlTemplate\":\"https:\\\/\\\/www.satine.com\\\/?s={search_term_string}\"},\"query-input\":{\"@type\":\"PropertyValueSpecification\",\"valueRequired\":true,\"valueName\":\"search_term_string\"}}],\"inLanguage\":\"zh-Hans\"}]}<\/script>\n<!-- \/ Yoast SEO plugin. -->","yoast_head_json":{"title":"\u997c\u5e72 - \u838e\u5a77","robots":{"index":"index","follow":"follow","max-snippet":"max-snippet:-1","max-image-preview":"max-image-preview:large","max-video-preview":"max-video-preview:-1"},"canonical":"https:\/\/www.satine.com\/zh\/\u997c\u5e72\/","og_locale":"zh_CN","og_type":"article","og_title":"COOKIES - Satine","og_description":"1. ANTECEDENTES De conformidad con la normativa espa\u00f1ola que regula el uso de cookies en relaci\u00f3n a la prestaci\u00f3n de servicios de comunicaciones electr\u00f3nicas, recogida en el Real Decreto Ley 13\/2012 del 30 de marzo, le informamos sobre las cookies utilizadas en el sitio web de SATINE y el motivo de su uso. Asimismo, le [&hellip;]","og_url":"https:\/\/www.satine.com\/zh\/\u997c\u5e72\/","og_site_name":"Satine","twitter_card":"summary_large_image","twitter_misc":{"\u9884\u8ba1\u9605\u8bfb\u65f6\u95f4":"5 \u5206"},"schema":{"@context":"https:\/\/schema.org","@graph":[{"@type":"WebPage","@id":"https:\/\/www.satine.com\/cookies\/","url":"https:\/\/www.satine.com\/cookies\/","name":"\u997c\u5e72 - \u838e\u5a77","isPartOf":{"@id":"https:\/\/www.satine.com\/#website"},"datePublished":"2022-04-15T00:31:44+00:00","breadcrumb":{"@id":"https:\/\/www.satine.com\/cookies\/#breadcrumb"},"inLanguage":"zh-Hans","potentialAction":[{"@type":"ReadAction","target":["https:\/\/www.satine.com\/cookies\/"]}]},{"@type":"BreadcrumbList","@id":"https:\/\/www.satine.com\/cookies\/#breadcrumb","itemListElement":[{"@type":"ListItem","position":1,"name":"Inicio","item":"https:\/\/www.satine.com\/"},{"@type":"ListItem","position":2,"name":"COOKIES"}]},{"@type":"WebSite","@id":"https:\/\/www.satine.com\/#website","url":"https:\/\/www.satine.com\/","name":"Satine - \u5fae\u6c34\u6ce5","description":"","alternateName":"Satine - Microcement","potentialAction":[{"@type":"SearchAction","target":{"@type":"EntryPoint","urlTemplate":"https:\/\/www.satine.com\/?s={search_term_string}"},"query-input":{"@type":"PropertyValueSpecification","valueRequired":true,"valueName":"search_term_string"}}],"inLanguage":"zh-Hans"}]}},"_links":{"self":[{"href":"https:\/\/www.satine.com\/zh\/wp-json\/wp\/v2\/pages\/3710","targetHints":{"allow":["GET"]}}],"collection":[{"href":"https:\/\/www.satine.com\/zh\/wp-json\/wp\/v2\/pages"}],"about":[{"href":"https:\/\/www.satine.com\/zh\/wp-json\/wp\/v2\/types\/page"}],"author":[{"embeddable":true,"href":"https:\/\/www.satine.com\/zh\/wp-json\/wp\/v2\/users\/1"}],"replies":[{"embeddable":true,"href":"https:\/\/www.satine.com\/zh\/wp-json\/wp\/v2\/comments?post=3710"}],"version-history":[{"count":1,"href":"https:\/\/www.satine.com\/zh\/wp-json\/wp\/v2\/pages\/3710\/revisions"}],"predecessor-version":[{"id":3711,"href":"https:\/\/www.satine.com\/zh\/wp-json\/wp\/v2\/pages\/3710\/revisions\/3711"}],"wp:attachment":[{"href":"https:\/\/www.satine.com\/zh\/wp-json\/wp\/v2\/media?parent=3710"}],"curies":[{"name":"wp","href":"https:\/\/api.w.org\/{rel}","templated":true}]}}