{"id":2811,"date":"2020-09-07T17:48:28","date_gmt":"2020-09-07T22:48:28","guid":{"rendered":"http:\/\/clapat.ro\/themes\/canela-wordpress\/?page_id=3"},"modified":"2024-07-30T08:38:18","modified_gmt":"2024-07-30T13:38:18","slug":"%e6%b3%95%e5%be%8b%e5%a3%b0%e6%98%8e","status":"publish","type":"page","link":"https:\/\/www.satine.com\/zh\/aviso-legal\/","title":{"rendered":"\u6cd5\u5f8b\u54a8\u8be2"},"content":{"rendered":"<h2 class=\"wp-block-heading\"><\/h2>\n\n\n\n<h3 class=\"wp-block-heading\">1.\u8bc6\u522b\u6570\u636e<\/h3>\n\n\n\n<p class=\"legal\">En cumplimiento con el deber de informaci\u00f3n recogido en art\u00edculo 10 de la Ley 34\/2002, de 11 de julio, de Servicios de la Sociedad de la Informaci\u00f3n y del Comercio Electr\u00f3nico\uff0c a continuaci\u00f3n se reflejan los siguientes datos: la empresa titular de dominio web es Satine Factory S. L. (en adelante Satine), con domicilio a estos efectos en Carrer Coure, 16 -24, 12530, Burriana, Castell\u00f3n, \u00famer de C\u00f3digo Penal.L. (en adelante Satine), con domicilio a estos efectos en Carrer Coure, 16 -24, 12530, Burriana, Castell\u00f3n, n\u00famero de C.I.F.: B97543227 inscrita en el Registro Mercantil de Valencia en el tomo 8083 general, libro 5375, secci\u00f3n 8, folio 179, Hoja V 103031.Correo electr\u00f3nico de contacto: info@satine.es del sitio web.<\/p>\n\n\n\n<h3 class=\"wp-block-heading\">2.USUARIOS<\/h3>\n\n\n\n<p class=\"legal\">\u8bbf\u95ee\u548c\/\u6216\u4f7f\u7528 Satine \u95e8\u6237\u7f51\u7ad9\u5c5e\u4e8e USUARIO \u6761\u4ef6\uff0c\u4ece\u8bbf\u95ee\u548c\/\u6216\u4f7f\u7528\u65f6\u8d77\u5373\u63a5\u53d7\u6b64\u5904\u5217\u51fa\u7684\u4e00\u822c\u4f7f\u7528\u6761\u4ef6\u3002\u524d\u8ff0\u6761\u6b3e\u7684\u9002\u7528\u4e0e\u5408\u540c\u4e00\u822c\u6761\u6b3e\u65e0\u5173\uff0c\u5728\u6b64\u60c5\u51b5\u4e0b\u5fc5\u987b\u9075\u5b88\u3002<\/p>\n\n\n\n<h3 class=\"wp-block-heading\">3.USO DEL PORTAL<\/h3>\n\n\n\n<p class=\"legal\">www.satine.com \u63d0\u4f9b\u8bbf\u95ee SATINE \u6216\u5176\u8bb8\u53ef\u65b9\u6240\u6709\u7684\u4e92\u8054\u7f51\u4e0a\u7684\u4f17\u591a\u4fe1\u606f\u3001\u670d\u52a1\u3001\u7a0b\u5e8f\u6216\u6570\u636e\uff08\u4ee5\u4e0b\u79f0 \"\u5185\u5bb9\"\uff09\u7684\u9014\u5f84\u3002\u7528\u6237\u5bf9\u95e8\u6237\u7f51\u7ad9\u7684\u4f7f\u7528\u627f\u62c5\u8d23\u4efb\u3002\u8be5\u8d23\u4efb\u4e0d\u5305\u62ec\u4e3a\u8bbf\u95ee\u7279\u5b9a\u670d\u52a1\u6216\u5185\u5bb9\u800c\u5fc5\u987b\u8fdb\u884c\u7684\u6ce8\u518c\u3002<br>\u5728\u6b64\u6ce8\u518c\u4e2d\uff0cUSUARIO \u6709\u8d23\u4efb\u63d0\u4f9b\u771f\u5b9e\u53ef\u9760\u7684\u4fe1\u606f\u3002\u4f5c\u4e3a\u6b64\u6ce8\u518c\u7684\u540e\u679c\uff0cUSUARIO \u53ef\u4ee5\u63d0\u4f9b\u5176\u8d1f\u8d23\u7684\u526f\u672c\uff0c\u5e76\u4fdd\u8bc1\u5bf9\u526f\u672c\u7684\u4f7f\u7528\u4e25\u683c\u4fdd\u5bc6\u3002\u7528\u6237\u627f\u8bfa\u6b63\u786e\u4f7f\u7528\u7f51\u7ad9\u521b\u5efa\u8005\u540d\u79f0\u901a\u8fc7\u5176\u95e8\u6237\u7f51\u7ad9\u63d0\u4f9b\u7684\u5185\u5bb9\u548c\u670d\u52a1\uff08\u4f8b\u5982\u804a\u5929\u670d\u52a1\u3001\u8ba8\u8bba\u533a\u6216\u65b0\u95fb\u7ec4\uff09\uff0c\u4f46\u4e0d\u9650\u4e8e\u6b64\u3001(i) \u4ece\u4e8b\u8fdd\u6cd5\u3001\u975e\u6cd5\u6216\u8fdd\u53cd\u516c\u5171\u79e9\u5e8f\u7684\u6d3b\u52a8\uff1b(ii) \u4f20\u64ad\u79cd\u65cf\u4e3b\u4e49\u3001\u4ec7\u5916\u3001\u8272\u60c5\u3001\u975e\u6cd5\u3001\u6050\u6016\u4e3b\u4e49\u8fa9\u62a4\u6216\u4fb5\u72af\u4eba\u6743\u7684\u5185\u5bb9\u6216\u5ba3\u4f20\uff1b(iii) \u5728\u7f51\u7ad9\u521b\u5efa\u8005\u7684\u516c\u53f8\u540d\u79f0\u3001\u5176\u4f9b\u5e94\u5546\u6216\u7b2c\u4e09\u8005\u7684\u7cfb\u7edf\u4e2d\u9020\u6210\u7834\u574f\uff0c\u5728\u7ea2\u8272\u4fe1\u606f\u75c5\u6bd2\u6216\u5176\u4ed6\u53ef\u80fd\u9020\u6210\u7834\u574f\u7684\u7cfb\u7edf\u4e2d\u5f15\u5165\u6216\u4f20\u64ad\u75c5\u6bd2\uff1b(iv) \u6545\u610f\u767b\u5f55\u548c\u4f7f\u7528\u5176\u4ed6\u7528\u6237\u7684\u7535\u5b50\u90ae\u7bb1\uff0c\u5e76\u5bf9\u5176\u90ae\u4ef6\u8fdb\u884c\u4fee\u6539\u3002\u672c\u7f51\u7ad9\u521b\u5efa\u8005\u4fdd\u7559\u5220\u9664\u6240\u6709\u635f\u5bb3\u4eba\u683c\u5c0a\u4e25\u3001\u6b67\u89c6\u3001\u4ec7\u5916\u3001\u79cd\u65cf\u4e3b\u4e49\u3001\u8272\u60c5\u3001\u4fb5\u72af\u9752\u5c11\u5e74\u6216\u513f\u7ae5\u3001\u516c\u5171\u79e9\u5e8f\u6216\u5b89\u5168\u6216\u7ecf\u5176\u88c1\u5b9a\u4e0d\u9002\u5408\u516c\u5f00\u53d1\u8868\u7684\u8bc4\u8bba\u548c\u610f\u89c1\u7684\u6743\u5229\u3002\u5728\u4efb\u4f55\u60c5\u51b5\u4e0b\uff0cSatine Stone \u4e0d\u5bf9\u7528\u6237\u901a\u8fc7\u8bba\u575b\u3001\u804a\u5929\u6216\u5176\u4ed6\u53c2\u4e0e\u5de5\u5177\u53d1\u8868\u7684\u610f\u89c1\u8d1f\u8d23\u3002<\/p>\n\n\n\n<h3 class=\"wp-block-heading\">4.\u6570\u636e\u4fdd\u62a4<\/h3>\n\n\n\n<p class=\"legal\">Satine \u9075\u5b88 1999 \u5e74 12 \u6708 13 \u65e5\u9881\u5e03\u7684\u7b2c 15\/1999 \u53f7\u300a\u4e2a\u4eba\u6570\u636e\u4fdd\u62a4\u6cd5\u300b\u30012007 \u5e74 12 \u6708 21 \u65e5\u9881\u5e03\u7684\u7b2c 1720\/2007 \u53f7\u300a\u7687\u5bb6\u6cd5\u4ee4\u300b\u4ee5\u53ca\u5176\u4ed6\u73b0\u884c\u6cd5\u5f8b\u6cd5\u89c4\u7684\u89c4\u5b9a\uff0c\u786e\u4fdd\u6b63\u786e\u4f7f\u7528\u548c\u5904\u7406\u7528\u6237\u7684\u4e2a\u4eba\u6570\u636e\u3002\u4e3a\u6b64\uff0c\u5728\u7528\u6237\u5411 info@satine.es \u7d22\u8981\u7684\u6bcf\u4efd\u4e2a\u4eba\u8d44\u6599\u56de\u6536\u8868\u4e2d\uff0c\u90fd\u4f1a\u5411\u7528\u6237\u8bf4\u660e\u5728\u6bcf\u79cd\u60c5\u51b5\u4e0b\u5904\u7406\u5176\u4e2a\u4eba\u8d44\u6599\u7684\u7279\u6b8a\u6761\u4ef6\u7684\u5b58\u5728\u548c\u63a5\u53d7\u7a0b\u5ea6\u3001\u544a\u77e5\u7528\u6237\u6240\u521b\u5efa\u6587\u4ef6\u7684\u8d23\u4efb\u3001\u8d23\u4efb\u4eba\u7684\u5730\u5740\u3001\u884c\u4f7f\u8bbf\u95ee\u6743\u3001\u66f4\u6b63\u6743\u3001\u53d6\u6d88\u6743\u548c\u9009\u62e9\u6743\u7684\u53ef\u80fd\u6027\u3001\u6570\u636e\u5904\u7406\u7684\u6700\u7ec8\u7ed3\u679c\u4ee5\u53ca\u4e0e\u7b2c\u4e09\u65b9\u7684\u6570\u636e\u901a\u4fe1\u3002<br>\u540c\u6837\uff0cSatine Stone \u901a\u77e5\u60a8\u5c06\u9075\u5b88 7 \u6708 11 \u65e5\u9881\u5e03\u7684\u7b2c 34\/2002 \u53f7\u300a\u4fe1\u606f\u548c\u7535\u5b50\u5546\u52a1\u793e\u4f1a\u670d\u52a1\u6cd5\u300b\uff0c\u5e76\u5f81\u6c42\u60a8\u5bf9\u5728\u4efb\u4f55\u65f6\u523b\u4ee5\u5546\u4e1a\u76ee\u7684\u4f7f\u7528\u60a8\u7684\u7535\u5b50\u90ae\u7bb1\u7684\u540c\u610f\u3002<\/p>\n\n\n\n<h3 class=\"wp-block-heading\">5.\u77e5\u8bc6\u4ea7\u6743\u548c\u5de5\u4e1a<\/h3>\n\n\n\n<p class=\"legal\">Satine \u672c\u4eba\u6216\u5176\u4ee3\u7406\u4eba\u62e5\u6709\u8be5\u7f51\u7ad9\u7684\u6240\u6709\u77e5\u8bc6\u4ea7\u6743\u548c\u5de5\u4e1a\u4ea7\u6743\uff0c\u4ee5\u53ca\u8be5\u7f51\u7ad9\u5185\u5bb9\uff08\u6807\u9898\u3001\u6587\u5b57\u3001\u56fe\u50cf\u3001\u58f0\u97f3\u3001\u97f3\u9891\u3001\u89c6\u9891\u3001\u8f6f\u4ef6\u6216\u6587\u672c\uff09\u7684\u6240\u6709\u6743\uff1b\u5546\u6807\u6216\u6807\u8bc6\u3001\u989c\u8272\u7ec4\u5408\u3001\u7ed3\u6784\u548c\u8bbe\u8ba1\u3001\u6750\u6599\u9009\u62e9\u3001\u64cd\u4f5c\u3001\u8bbf\u95ee\u548c\u4f7f\u7528\u6240\u9700\u7684\u7a0b\u5e8f\u7b49\u3002\u8fd9\u4e9b\u90fd\u662f\u7531 Satine \u7684\u6240\u6709\u6743\u6216\u5176\u8bb8\u53ef\u4eba\u7684\u6240\u6709\u6743\u51b3\u5b9a\u7684\u3002<br>\u4fdd\u7559\u6240\u6709\u6743\u5229\u3002En virtud de lo dispuesto en los art\u00edculos 8 y 32.1, p\u00e1rrafo segundo, de la Ley de Propiedad Intelectual, quedan expresamente prohibidas la reproducci\u00f3n, la distribuci\u00f3n y la comunicaci\u00f3n p\u00fablica, incluida su modalidad de puesta a disposici\u00f3n, de la totalidad o parte de los contenidos de esta web\u00e1gina, con fines commerciales, en cualquier soporte y por cualquier medio t\u00e9cnico, sin la autorizaci\u00f3n de Satine.El USUARIO \u627f\u8bfa\u5c0a\u91cd Satine \u7684\u77e5\u8bc6\u4ea7\u6743\u548c\u5de5\u4e1a\u6240\u6709\u6743\u3002\u60a8\u53ef\u4ee5\u67e5\u770b\u95e8\u6237\u7f51\u7ad9\u7684\u5185\u5bb9\uff0c\u5305\u62ec\u5c06\u5176\u6253\u5370\u3001\u590d\u5236\u5e76\u4fdd\u5b58\u5728\u60a8\u7535\u8111\u7684\u786c\u76d8\u6216\u4efb\u4f55\u5176\u4ed6\u5b58\u50a8\u8bbe\u5907\u4e2d\uff0c\u4f46\u4ec5\u9650\u4e8e\u60a8\u4e2a\u4eba\u4f7f\u7528\u3002El USUARIO deber\u00e1 abstenerse de suprimir, alterar, eludir o manipular cualquier dispositivo de protecci\u00f3n o sistema de seguridad que estuviera instalado en el las p\u00e1ginas de Satine.<\/p>\n\n\n\n<h3 class=\"wp-block-heading\">6.Exclusi\u00f3n de garant\u00edas y responsabilidad<\/h3>\n\n\n\n<p class=\"legal\">\u5728\u4efb\u4f55\u60c5\u51b5\u4e0b\uff0cSatine \u5bf9\u53ef\u80fd\u9020\u6210\u7684\u4efb\u4f55\u81ea\u7136\u635f\u5bb3\u548c\u4f24\u5bb3\u6982\u4e0d\u8d1f\u8d23\uff1a\u5185\u5bb9\u4e2d\u7684\u9519\u8bef\u548c\u9057\u6f0f\u3001\u95e8\u6237\u7f51\u7ad9\u7684\u4e0d\u4fbf\u6216\u5185\u5bb9\u4e2d\u7684\u75c5\u6bd2\u6216\u6076\u610f\u7a0b\u5e8f\u6216\u6076\u610f\u8f6f\u4ef6\u7684\u4f20\u64ad\uff0c\u5c3d\u7ba1\u5df2\u91c7\u53d6\u4e86\u5fc5\u8981\u7684\u6280\u672f\u63aa\u65bd\u6765\u907f\u514d\u3002<\/p>\n\n\n\n<h3 class=\"wp-block-heading\">7.\u4fee\u6539<\/h3>\n\n\n\n<p class=\"legal\">Satine \u4fdd\u7559\u5728\u672a\u4e8b\u5148\u901a\u77e5\u7684\u60c5\u51b5\u4e0b\u5bf9\u5176\u95e8\u6237\u7f51\u7ad9\u8fdb\u884c\u9002\u5f53\u4fee\u6539\u7684\u6743\u5229\uff0c\u53ef\u5bf9\u901a\u8fc7\u5176\u95e8\u6237\u7f51\u7ad9\u63d0\u4f9b\u7684\u5185\u5bb9\u548c\u670d\u52a1\u4ee5\u53ca\u8fd9\u4e9b\u5185\u5bb9\u548c\u670d\u52a1\u5728\u5176\u95e8\u6237\u7f51\u7ad9\u4e0a\u7684\u5c55\u793a\u6216\u5b9a\u4f4d\u65b9\u5f0f\u8fdb\u884c\u4fee\u6539\u3001\u66ff\u6362\u6216\u589e\u52a0\u3002<\/p>\n\n\n\n<h3 class=\"wp-block-heading\">8.ENLACES<\/h3>\n\n\n\n<p class=\"legal\">\u5982\u679c www.satine.com \u4e0a\u6709\u5176\u4ed6\u7f51\u7ad9\u7684\u94fe\u63a5\u6216\u94fe\u63a5\uff0cSatine \u4e0d\u4f1a\u5bf9\u8fd9\u4e9b\u7f51\u7ad9\u548c\u5185\u5bb9\u884c\u4f7f\u4efb\u4f55\u63a7\u5236\u3002\u5728\u4efb\u4f55\u60c5\u51b5\u4e0b\uff0cSatine\u5747\u4e0d\u627f\u62c5\u4efb\u4f55\u8d23\u4efb\uff0c\u4e5f\u4e0d\u4fdd\u8bc1\u8fd9\u4e9b\u94fe\u63a5\u6216\u4e92\u8054\u7f51\u5176\u4ed6\u7f51\u7ad9\u4e0a\u7684\u4efb\u4f55\u6750\u6599\u6216\u4fe1\u606f\u7684\u6280\u672f\u3001\u8d28\u91cf\u3001\u53ef\u9760\u6027\u3001\u51c6\u786e\u6027\u3001\u5e7f\u5ea6\u3001\u771f\u5b9e\u6027\u3001\u6709\u6548\u6027\u548c\u6784\u6210\u6027\u3002<br>\u7eb3\u5165\u8fd9\u4e9b\u5916\u90e8\u8054\u7cfb\u5e76\u4e0d\u610f\u5473\u7740\u4e0e\u6240\u8fde\u63a5\u7684\u5b9e\u4f53\u5efa\u7acb\u4efb\u4f55\u5f62\u5f0f\u7684\u8054\u7cfb\u3001\u5408\u4f5c\u6216\u53c2\u4e0e\u3002<\/p>\n\n\n\n<h3 class=\"wp-block-heading\">9.derecho de exclusi\u00f3n<\/h3>\n\n\n\n<p class=\"legal\">\u5bf9\u4e8e\u8fdd\u53cd\u672c\u300a\u4f7f\u7528\u6761\u6b3e\u300b\u7684\u7528\u6237\uff0cSatine \u4fdd\u7559\u5728\u65e0\u987b\u4e8b\u5148\u901a\u77e5\u7684\u60c5\u51b5\u4e0b\uff0c\u4ee5\u81ea\u5df1\u6216\u7b2c\u4e09\u65b9\u7684\u540d\u4e49\uff0c\u62d2\u7edd\u6216\u53d6\u6d88\u5176\u8bbf\u95ee\u95e8\u6237\u7f51\u7ad9\u548c\/\u6216\u6240\u63d0\u4f9b\u670d\u52a1\u7684\u6743\u5229\u3002<\/p>\n\n\n\n<h3 class=\"wp-block-heading\">10.\u4e00\u822c\u7528\u9014<\/h3>\n\n\n<p class=\"legal\">Satine \u5c06\u5bf9\u8fdd\u53cd\u672c\u6761\u6b3e\u7684\u884c\u4e3a\u4ee5\u53ca\u4efb\u4f55\u6ee5\u7528\u5176\u95e8\u6237\u7f51\u7ad9\u7684\u884c\u4e3a\u8ffd\u7a76\u5176\u6cd5\u5f8b\u8d23\u4efb\u3002<\/p>\n\n\n<h3 class=\"wp-block-heading\">11.\u4fee\u6539\u76ee\u524d\u7684\u6761\u4ef6\u548c\u671f\u9650<\/h3>\n\n\n\n<p class=\"legal\">Satine \u53ef\u5728\u4efb\u4f55\u65f6\u5019\u4fee\u6539\u6b64\u5904\u786e\u5b9a\u7684\u6761\u4ef6\uff0c\u4f46\u5fc5\u987b\u4ee5\u76ee\u524d\u7684\u5f62\u5f0f\u516c\u5e03\u3002<br>\u4e0a\u8ff0\u6761\u4ef6\u7684\u6709\u6548\u6027\u53d6\u51b3\u4e8e\u5176\u66b4\u9732\u7a0b\u5ea6\uff0c\u5728\u516c\u5e03\u4e4b\u524d\u4e00\u76f4\u6709\u6548\u3002<\/p>\n\n\n\n<h3 class=\"wp-block-heading\">12.\u9002\u7528\u6cd5\u5f8b\u548c\u7ba1\u8f96\u6743<\/h3>\n\n\n\n<p class=\"legal\">La relaci\u00f3n entre Satine y el USUARIO se regir\u00e1 por la normativa espa\u00f1ola vigente y cualquier controversia se someter\u00e1 a los Juzgados y tribunales de la ciudad de Valencia.<\/p>","protected":false},"excerpt":{"rendered":"<p>1. DATOS IDENTIFICATIVOS En cumplimiento con el deber de informaci\u00f3n recogido en art\u00edculo 10 de la Ley 34\/2002, de 11 de julio, de Servicios de la Sociedad de la Informaci\u00f3n y del Comercio Electr\u00f3nico, a continuaci\u00f3n se reflejan los siguientes datos: la empresa titular de dominio web es Satine Factory S.L. (en adelante Satine), con [&hellip;]<\/p>\n","protected":false},"author":1,"featured_media":0,"parent":0,"menu_order":0,"comment_status":"closed","ping_status":"closed","template":"","meta":{"footnotes":""},"class_list":["post-2811","page","type-page","status-publish","hentry"],"yoast_head":"<!-- This site is optimized with the Yoast SEO plugin v27.4 - https:\/\/yoast.com\/product\/yoast-seo-wordpress\/ -->\n<title>Aviso Legal - Satine<\/title>\n<meta name=\"robots\" content=\"index, follow, max-snippet:-1, max-image-preview:large, max-video-preview:-1\" \/>\n<link rel=\"canonical\" href=\"https:\/\/www.satine.com\/zh\/\u6cd5\u5f8b\u58f0\u660e\/\" \/>\n<meta property=\"og:locale\" content=\"zh_CN\" \/>\n<meta property=\"og:type\" content=\"article\" \/>\n<meta property=\"og:title\" content=\"Aviso Legal - Satine\" \/>\n<meta property=\"og:description\" content=\"1. DATOS IDENTIFICATIVOS En cumplimiento con el deber de informaci\u00f3n recogido en art\u00edculo 10 de la Ley 34\/2002, de 11 de julio, de Servicios de la Sociedad de la Informaci\u00f3n y del Comercio Electr\u00f3nico, a continuaci\u00f3n se reflejan los siguientes datos: la empresa titular de dominio web es Satine Factory S.L. (en adelante Satine), con [&hellip;]\" \/>\n<meta property=\"og:url\" content=\"https:\/\/www.satine.com\/zh\/\u6cd5\u5f8b\u58f0\u660e\/\" \/>\n<meta property=\"og:site_name\" content=\"Satine\" \/>\n<meta property=\"article:modified_time\" content=\"2024-07-30T13:38:18+00:00\" \/>\n<meta name=\"twitter:card\" content=\"summary_large_image\" \/>\n<meta name=\"twitter:label1\" content=\"\u9884\u8ba1\u9605\u8bfb\u65f6\u95f4\" \/>\n\t<meta name=\"twitter:data1\" content=\"6 \u5206\" \/>\n<script type=\"application\/ld+json\" class=\"yoast-schema-graph\">{\"@context\":\"https:\\\/\\\/schema.org\",\"@graph\":[{\"@type\":\"WebPage\",\"@id\":\"https:\\\/\\\/www.satine.com\\\/aviso-legal\\\/\",\"url\":\"https:\\\/\\\/www.satine.com\\\/aviso-legal\\\/\",\"name\":\"Aviso Legal - Satine\",\"isPartOf\":{\"@id\":\"https:\\\/\\\/www.satine.com\\\/#website\"},\"datePublished\":\"2020-09-07T22:48:28+00:00\",\"dateModified\":\"2024-07-30T13:38:18+00:00\",\"breadcrumb\":{\"@id\":\"https:\\\/\\\/www.satine.com\\\/aviso-legal\\\/#breadcrumb\"},\"inLanguage\":\"zh-Hans\",\"potentialAction\":[{\"@type\":\"ReadAction\",\"target\":[\"https:\\\/\\\/www.satine.com\\\/aviso-legal\\\/\"]}]},{\"@type\":\"BreadcrumbList\",\"@id\":\"https:\\\/\\\/www.satine.com\\\/aviso-legal\\\/#breadcrumb\",\"itemListElement\":[{\"@type\":\"ListItem\",\"position\":1,\"name\":\"Inicio\",\"item\":\"https:\\\/\\\/www.satine.com\\\/\"},{\"@type\":\"ListItem\",\"position\":2,\"name\":\"Aviso Legal\"}]},{\"@type\":\"WebSite\",\"@id\":\"https:\\\/\\\/www.satine.com\\\/#website\",\"url\":\"https:\\\/\\\/www.satine.com\\\/\",\"name\":\"Satine - Microcement\",\"description\":\"\",\"alternateName\":\"Satine - Microcement\",\"potentialAction\":[{\"@type\":\"SearchAction\",\"target\":{\"@type\":\"EntryPoint\",\"urlTemplate\":\"https:\\\/\\\/www.satine.com\\\/?s={search_term_string}\"},\"query-input\":{\"@type\":\"PropertyValueSpecification\",\"valueRequired\":true,\"valueName\":\"search_term_string\"}}],\"inLanguage\":\"zh-Hans\"}]}<\/script>\n<!-- \/ Yoast SEO plugin. -->","yoast_head_json":{"title":"Aviso Legal - Satine","robots":{"index":"index","follow":"follow","max-snippet":"max-snippet:-1","max-image-preview":"max-image-preview:large","max-video-preview":"max-video-preview:-1"},"canonical":"https:\/\/www.satine.com\/zh\/\u6cd5\u5f8b\u58f0\u660e\/","og_locale":"zh_CN","og_type":"article","og_title":"Aviso Legal - Satine","og_description":"1. DATOS IDENTIFICATIVOS En cumplimiento con el deber de informaci\u00f3n recogido en art\u00edculo 10 de la Ley 34\/2002, de 11 de julio, de Servicios de la Sociedad de la Informaci\u00f3n y del Comercio Electr\u00f3nico, a continuaci\u00f3n se reflejan los siguientes datos: la empresa titular de dominio web es Satine Factory S.L. (en adelante Satine), con [&hellip;]","og_url":"https:\/\/www.satine.com\/zh\/\u6cd5\u5f8b\u58f0\u660e\/","og_site_name":"Satine","article_modified_time":"2024-07-30T13:38:18+00:00","twitter_card":"summary_large_image","twitter_misc":{"\u9884\u8ba1\u9605\u8bfb\u65f6\u95f4":"6 \u5206"},"schema":{"@context":"https:\/\/schema.org","@graph":[{"@type":"WebPage","@id":"https:\/\/www.satine.com\/aviso-legal\/","url":"https:\/\/www.satine.com\/aviso-legal\/","name":"Aviso Legal - Satine","isPartOf":{"@id":"https:\/\/www.satine.com\/#website"},"datePublished":"2020-09-07T22:48:28+00:00","dateModified":"2024-07-30T13:38:18+00:00","breadcrumb":{"@id":"https:\/\/www.satine.com\/aviso-legal\/#breadcrumb"},"inLanguage":"zh-Hans","potentialAction":[{"@type":"ReadAction","target":["https:\/\/www.satine.com\/aviso-legal\/"]}]},{"@type":"BreadcrumbList","@id":"https:\/\/www.satine.com\/aviso-legal\/#breadcrumb","itemListElement":[{"@type":"ListItem","position":1,"name":"Inicio","item":"https:\/\/www.satine.com\/"},{"@type":"ListItem","position":2,"name":"Aviso Legal"}]},{"@type":"WebSite","@id":"https:\/\/www.satine.com\/#website","url":"https:\/\/www.satine.com\/","name":"Satine - \u5fae\u6c34\u6ce5","description":"","alternateName":"Satine - Microcement","potentialAction":[{"@type":"SearchAction","target":{"@type":"EntryPoint","urlTemplate":"https:\/\/www.satine.com\/?s={search_term_string}"},"query-input":{"@type":"PropertyValueSpecification","valueRequired":true,"valueName":"search_term_string"}}],"inLanguage":"zh-Hans"}]}},"_links":{"self":[{"href":"https:\/\/www.satine.com\/zh\/wp-json\/wp\/v2\/pages\/2811","targetHints":{"allow":["GET"]}}],"collection":[{"href":"https:\/\/www.satine.com\/zh\/wp-json\/wp\/v2\/pages"}],"about":[{"href":"https:\/\/www.satine.com\/zh\/wp-json\/wp\/v2\/types\/page"}],"author":[{"embeddable":true,"href":"https:\/\/www.satine.com\/zh\/wp-json\/wp\/v2\/users\/1"}],"replies":[{"embeddable":true,"href":"https:\/\/www.satine.com\/zh\/wp-json\/wp\/v2\/comments?post=2811"}],"version-history":[{"count":11,"href":"https:\/\/www.satine.com\/zh\/wp-json\/wp\/v2\/pages\/2811\/revisions"}],"predecessor-version":[{"id":4618,"href":"https:\/\/www.satine.com\/zh\/wp-json\/wp\/v2\/pages\/2811\/revisions\/4618"}],"wp:attachment":[{"href":"https:\/\/www.satine.com\/zh\/wp-json\/wp\/v2\/media?parent=2811"}],"curies":[{"name":"wp","href":"https:\/\/api.w.org\/{rel}","templated":true}]}}