{"id":5813,"date":"2025-05-21T07:24:58","date_gmt":"2025-05-21T11:24:58","guid":{"rendered":"https:\/\/www.satine.com\/?page_id=5813"},"modified":"2025-05-21T07:24:59","modified_gmt":"2025-05-21T11:24:59","slug":"microcement-ulster","status":"publish","type":"page","link":"https:\/\/www.satine.com\/pt\/microcement-ireland\/microcement-ulster\/","title":{"rendered":"Microcement Ulster"},"content":{"rendered":"<p>Temos vindo a desenvolver projectos com microcimento em todo o <strong>Ulster: Letterkenny, Monaghan, Cavan, Ballybofey, Donegal Town<\/strong> entre outros locais. Somos especializados na renova\u00e7\u00e3o de casas e empresas, onde os nossos aplicadores certificados utilizam exclusivamente os produtos por n\u00f3s fabricados. A qualidade dos nossos materiais, a forma\u00e7\u00e3o dos nossos aplicadores e a experi\u00eancia da nossa equipa comercial s\u00e3o as carater\u00edsticas que melhor nos definem. Somos uma marca consolidada, l\u00edder na produ\u00e7\u00e3o de microcimento na Europa. Oferecemos revestimentos decorativos cont\u00ednuos e duradouros, bem como aconselhamento t\u00e9cnico gratuito desde o in\u00edcio at\u00e9 ao fim do projeto. Gostamos de ouvir os nossos clientes e acompanh\u00e1-los para al\u00e9m da constru\u00e7\u00e3o para satisfazer as suas necessidades. Somos especialistas na venda, forma\u00e7\u00e3o e aplica\u00e7\u00e3o de microcimento em <strong>Ulster<\/strong>. Os nossos sistemas adaptam-se \u00e0s necessidades de cada projeto para o tornar \u00fanico. Ajudamos a tornar os seus projectos uma realidade de forma r\u00e1pida e eficaz.<\/p>\n\n\n\n<h3 class=\"wp-block-heading\"><br><img decoding=\"async\" src=\"https:\/\/www.satine.com\/wp-content\/uploads\/2024\/07\/Microcemento-Satine-1024x1024.png\" alt=\"\"><br><br><strong>O que \u00e9 o microcimento?<\/strong><\/h3>\n\n\n\n<p>O microcimento \u00e9 um revestimento uniforme que pode ser aplicado em v\u00e1rias superf\u00edcies e ambientes: paredes, pisos, tectos, escadas, casas de banho, piscinas, cozinhas, entre outros. Sua principal carater\u00edstica \u00e9 a economia de tempo e dinheiro em rela\u00e7\u00e3o a outros revestimentos, o que o torna muito popular. Este acabamento \u00e9 composto por cimento, resinas, pigmentos e aditivos, proporcionando um acabamento \u00fanico gra\u00e7as \u00e0 sua aplica\u00e7\u00e3o artesanal. Tem uma excelente ader\u00eancia e pode ser utilizado em diversos materiais, como bet\u00e3o, azulejos, cer\u00e2mica, gesso cartonado, estuque, metais, m\u00e1rmore, mosaico, entre outros. Este revestimento fino, com apenas 2 a 3 mm de espessura, ganhou relev\u00e2ncia no campo da decora\u00e7\u00e3o nos \u00faltimos anos, uma vez que cada vez mais arquitectos, designers de interiores e decoradores escolhem o microcimento para todos os tipos de renova\u00e7\u00e3o de casas e empresas. A aus\u00eancia de juntas de dilata\u00e7\u00e3o resulta numa superf\u00edcie lisa e uniforme, conferindo amplitude, brilho e eleg\u00e2ncia ao espa\u00e7o onde est\u00e1 integrado. A aus\u00eancia de juntas tamb\u00e9m facilita a limpeza e a manuten\u00e7\u00e3o, pois evita a acumula\u00e7\u00e3o de sujidade.<\/p>\n\n\n\n<h3 class=\"wp-block-heading\"><br><strong>Contact Satine microcement in Ulster<\/strong><\/h3>\n\n\n\n<p>Se desejar obter mais informa\u00e7\u00f5es sobre os microcimentos Satine em <strong>Ulster<\/strong>Para solicitar um or\u00e7amento individualizado para um projeto, um material, ou para qualquer quest\u00e3o sobre n\u00f3s, contacte-nos.<\/p>","protected":false},"excerpt":{"rendered":"<p>We have been developing projects with microcement throughout Ulster: Letterkenny, Monaghan, Cavan, Ballybofey, Donegal Town among other locations. We specialize in the renovation of homes and businesses, where our certified applicators exclusively use the products we manufacture. The quality of our materials, the training of our applicators, and the experience of our sales team are [&hellip;]<\/p>\n","protected":false},"author":1,"featured_media":0,"parent":4488,"menu_order":0,"comment_status":"closed","ping_status":"closed","template":"","meta":{"footnotes":""},"class_list":["post-5813","page","type-page","status-publish","hentry"],"yoast_head":"<!-- This site is optimized with the Yoast SEO plugin v27.3 - https:\/\/yoast.com\/product\/yoast-seo-wordpress\/ -->\n<title>Microcement Ulster - Satine<\/title>\n<meta name=\"description\" content=\"We have been developing projects with microcement throughout Ulster: Letterkenny, Monaghan, Cavan, Ballybofey, Donegal Town among other locations. We specialize in the renovation of homes and businesses, where our certified applicators exclusively use the products we manufacture.\" \/>\n<meta name=\"robots\" content=\"index, follow, max-snippet:-1, max-image-preview:large, max-video-preview:-1\" \/>\n<link rel=\"canonical\" href=\"https:\/\/www.satine.com\/pt\/microcimento-irlanda\/microcement-ulster\/\" \/>\n<meta property=\"og:locale\" content=\"pt_PT\" \/>\n<meta property=\"og:type\" content=\"article\" \/>\n<meta property=\"og:title\" content=\"Microcement Ulster - Satine\" \/>\n<meta property=\"og:description\" content=\"We have been developing projects with microcement throughout Ulster: Letterkenny, Monaghan, Cavan, Ballybofey, Donegal Town among other locations. We specialize in the renovation of homes and businesses, where our certified applicators exclusively use the products we manufacture.\" \/>\n<meta property=\"og:url\" content=\"https:\/\/www.satine.com\/pt\/microcimento-irlanda\/microcement-ulster\/\" \/>\n<meta property=\"og:site_name\" content=\"Satine\" \/>\n<meta property=\"article:modified_time\" content=\"2025-05-21T11:24:59+00:00\" \/>\n<meta property=\"og:image\" content=\"https:\/\/www.satine.com\/wp-content\/uploads\/2024\/07\/Microcemento-Satine-1024x1024.png\" \/>\n<meta name=\"twitter:card\" content=\"summary_large_image\" \/>\n<meta name=\"twitter:label1\" content=\"Tempo estimado de leitura\" \/>\n\t<meta name=\"twitter:data1\" content=\"2 minutos\" \/>\n<script type=\"application\/ld+json\" class=\"yoast-schema-graph\">{\"@context\":\"https:\\\/\\\/schema.org\",\"@graph\":[{\"@type\":\"WebPage\",\"@id\":\"https:\\\/\\\/www.satine.com\\\/microcement-ireland\\\/microcement-ulster\\\/\",\"url\":\"https:\\\/\\\/www.satine.com\\\/microcement-ireland\\\/microcement-ulster\\\/\",\"name\":\"Microcement Ulster - Satine\",\"isPartOf\":{\"@id\":\"https:\\\/\\\/www.satine.com\\\/#website\"},\"primaryImageOfPage\":{\"@id\":\"https:\\\/\\\/www.satine.com\\\/microcement-ireland\\\/microcement-ulster\\\/#primaryimage\"},\"image\":{\"@id\":\"https:\\\/\\\/www.satine.com\\\/microcement-ireland\\\/microcement-ulster\\\/#primaryimage\"},\"thumbnailUrl\":\"https:\\\/\\\/www.satine.com\\\/wp-content\\\/uploads\\\/2024\\\/07\\\/Microcemento-Satine-1024x1024.png\",\"datePublished\":\"2025-05-21T11:24:58+00:00\",\"dateModified\":\"2025-05-21T11:24:59+00:00\",\"description\":\"We have been developing projects with microcement throughout Ulster: Letterkenny, Monaghan, Cavan, Ballybofey, Donegal Town among other locations. We specialize in the renovation of homes and businesses, where our certified applicators exclusively use the products we manufacture.\",\"breadcrumb\":{\"@id\":\"https:\\\/\\\/www.satine.com\\\/microcement-ireland\\\/microcement-ulster\\\/#breadcrumb\"},\"inLanguage\":\"pt-PT\",\"potentialAction\":[{\"@type\":\"ReadAction\",\"target\":[\"https:\\\/\\\/www.satine.com\\\/microcement-ireland\\\/microcement-ulster\\\/\"]}]},{\"@type\":\"ImageObject\",\"inLanguage\":\"pt-PT\",\"@id\":\"https:\\\/\\\/www.satine.com\\\/microcement-ireland\\\/microcement-ulster\\\/#primaryimage\",\"url\":\"https:\\\/\\\/www.satine.com\\\/wp-content\\\/uploads\\\/2024\\\/07\\\/Microcemento-Satine-1024x1024.png\",\"contentUrl\":\"https:\\\/\\\/www.satine.com\\\/wp-content\\\/uploads\\\/2024\\\/07\\\/Microcemento-Satine-1024x1024.png\"},{\"@type\":\"BreadcrumbList\",\"@id\":\"https:\\\/\\\/www.satine.com\\\/microcement-ireland\\\/microcement-ulster\\\/#breadcrumb\",\"itemListElement\":[{\"@type\":\"ListItem\",\"position\":1,\"name\":\"Inicio\",\"item\":\"https:\\\/\\\/www.satine.com\\\/\"},{\"@type\":\"ListItem\",\"position\":2,\"name\":\"Microcement Ireland\",\"item\":\"https:\\\/\\\/www.satine.com\\\/microcement-ireland\\\/\"},{\"@type\":\"ListItem\",\"position\":3,\"name\":\"Microcement Ulster\"}]},{\"@type\":\"WebSite\",\"@id\":\"https:\\\/\\\/www.satine.com\\\/#website\",\"url\":\"https:\\\/\\\/www.satine.com\\\/\",\"name\":\"Satine - Microcement\",\"description\":\"\",\"alternateName\":\"Satine - Microcement\",\"potentialAction\":[{\"@type\":\"SearchAction\",\"target\":{\"@type\":\"EntryPoint\",\"urlTemplate\":\"https:\\\/\\\/www.satine.com\\\/?s={search_term_string}\"},\"query-input\":{\"@type\":\"PropertyValueSpecification\",\"valueRequired\":true,\"valueName\":\"search_term_string\"}}],\"inLanguage\":\"pt-PT\"}]}<\/script>\n<!-- \/ Yoast SEO plugin. -->","yoast_head_json":{"title":"Microcement Ulster - Satine","description":"We have been developing projects with microcement throughout Ulster: Letterkenny, Monaghan, Cavan, Ballybofey, Donegal Town among other locations. We specialize in the renovation of homes and businesses, where our certified applicators exclusively use the products we manufacture.","robots":{"index":"index","follow":"follow","max-snippet":"max-snippet:-1","max-image-preview":"max-image-preview:large","max-video-preview":"max-video-preview:-1"},"canonical":"https:\/\/www.satine.com\/pt\/microcimento-irlanda\/microcement-ulster\/","og_locale":"pt_PT","og_type":"article","og_title":"Microcement Ulster - Satine","og_description":"We have been developing projects with microcement throughout Ulster: Letterkenny, Monaghan, Cavan, Ballybofey, Donegal Town among other locations. We specialize in the renovation of homes and businesses, where our certified applicators exclusively use the products we manufacture.","og_url":"https:\/\/www.satine.com\/pt\/microcimento-irlanda\/microcement-ulster\/","og_site_name":"Satine","article_modified_time":"2025-05-21T11:24:59+00:00","og_image":[{"url":"https:\/\/www.satine.com\/wp-content\/uploads\/2024\/07\/Microcemento-Satine-1024x1024.png","type":"","width":"","height":""}],"twitter_card":"summary_large_image","twitter_misc":{"Tempo estimado de leitura":"2 minutos"},"schema":{"@context":"https:\/\/schema.org","@graph":[{"@type":"WebPage","@id":"https:\/\/www.satine.com\/microcement-ireland\/microcement-ulster\/","url":"https:\/\/www.satine.com\/microcement-ireland\/microcement-ulster\/","name":"Microcement Ulster - Satine","isPartOf":{"@id":"https:\/\/www.satine.com\/#website"},"primaryImageOfPage":{"@id":"https:\/\/www.satine.com\/microcement-ireland\/microcement-ulster\/#primaryimage"},"image":{"@id":"https:\/\/www.satine.com\/microcement-ireland\/microcement-ulster\/#primaryimage"},"thumbnailUrl":"https:\/\/www.satine.com\/wp-content\/uploads\/2024\/07\/Microcemento-Satine-1024x1024.png","datePublished":"2025-05-21T11:24:58+00:00","dateModified":"2025-05-21T11:24:59+00:00","description":"We have been developing projects with microcement throughout Ulster: Letterkenny, Monaghan, Cavan, Ballybofey, Donegal Town among other locations. We specialize in the renovation of homes and businesses, where our certified applicators exclusively use the products we manufacture.","breadcrumb":{"@id":"https:\/\/www.satine.com\/microcement-ireland\/microcement-ulster\/#breadcrumb"},"inLanguage":"pt-PT","potentialAction":[{"@type":"ReadAction","target":["https:\/\/www.satine.com\/microcement-ireland\/microcement-ulster\/"]}]},{"@type":"ImageObject","inLanguage":"pt-PT","@id":"https:\/\/www.satine.com\/microcement-ireland\/microcement-ulster\/#primaryimage","url":"https:\/\/www.satine.com\/wp-content\/uploads\/2024\/07\/Microcemento-Satine-1024x1024.png","contentUrl":"https:\/\/www.satine.com\/wp-content\/uploads\/2024\/07\/Microcemento-Satine-1024x1024.png"},{"@type":"BreadcrumbList","@id":"https:\/\/www.satine.com\/microcement-ireland\/microcement-ulster\/#breadcrumb","itemListElement":[{"@type":"ListItem","position":1,"name":"Inicio","item":"https:\/\/www.satine.com\/"},{"@type":"ListItem","position":2,"name":"Microcement Ireland","item":"https:\/\/www.satine.com\/microcement-ireland\/"},{"@type":"ListItem","position":3,"name":"Microcement Ulster"}]},{"@type":"WebSite","@id":"https:\/\/www.satine.com\/#website","url":"https:\/\/www.satine.com\/","name":"Satine - Microcimento","description":"","alternateName":"Satine - Microcement","potentialAction":[{"@type":"SearchAction","target":{"@type":"EntryPoint","urlTemplate":"https:\/\/www.satine.com\/?s={search_term_string}"},"query-input":{"@type":"PropertyValueSpecification","valueRequired":true,"valueName":"search_term_string"}}],"inLanguage":"pt-PT"}]}},"_links":{"self":[{"href":"https:\/\/www.satine.com\/pt\/wp-json\/wp\/v2\/pages\/5813","targetHints":{"allow":["GET"]}}],"collection":[{"href":"https:\/\/www.satine.com\/pt\/wp-json\/wp\/v2\/pages"}],"about":[{"href":"https:\/\/www.satine.com\/pt\/wp-json\/wp\/v2\/types\/page"}],"author":[{"embeddable":true,"href":"https:\/\/www.satine.com\/pt\/wp-json\/wp\/v2\/users\/1"}],"replies":[{"embeddable":true,"href":"https:\/\/www.satine.com\/pt\/wp-json\/wp\/v2\/comments?post=5813"}],"version-history":[{"count":1,"href":"https:\/\/www.satine.com\/pt\/wp-json\/wp\/v2\/pages\/5813\/revisions"}],"predecessor-version":[{"id":5814,"href":"https:\/\/www.satine.com\/pt\/wp-json\/wp\/v2\/pages\/5813\/revisions\/5814"}],"up":[{"embeddable":true,"href":"https:\/\/www.satine.com\/pt\/wp-json\/wp\/v2\/pages\/4488"}],"wp:attachment":[{"href":"https:\/\/www.satine.com\/pt\/wp-json\/wp\/v2\/media?parent=5813"}],"curies":[{"name":"wp","href":"https:\/\/api.w.org\/{rel}","templated":true}]}}