{"id":5682,"date":"2025-01-29T06:13:40","date_gmt":"2025-01-29T11:13:40","guid":{"rendered":"https:\/\/www.satine.com\/?page_id=5682"},"modified":"2025-01-29T06:23:21","modified_gmt":"2025-01-29T11:23:21","slug":"microcement-stockholm-lan","status":"publish","type":"page","link":"https:\/\/www.satine.com\/pt\/microcement-sweden\/microcement-stockholm-lan\/","title":{"rendered":"Microcement Stockholm l\u00e4n"},"content":{"rendered":"<p id=\"block-fddfe453-0fd1-4d6a-93d9-4d3f79e5b873\">Temos vindo a desenvolver projectos com microcimento em todo o <strong>Stockholm l\u00e4n<\/strong>: Estocolmo, S\u00f6dert\u00e4lje, Haninge, Nacka, Sollentuna among other locations. We specialize in the renovation of homes and businesses, where our certified applicators exclusively use the products we manufacture. The quality of our materials, the training of our applicators, and the experience of our sales team are the hallmarks that best define us. We are a well-established brand, leaders in the production of microcement in Europe. We offer continuous and durable decorative coverings, as well as free technical advice from the beginning to the end of the project. We like to listen to our clients and accompany them beyond the construction to meet their needs. We are experts in the sale, training, and application of microcement in <strong><strong><strong><strong>Stockholm l\u00e4n<\/strong><\/strong><\/strong><\/strong>.<strong> <\/strong>Os nossos sistemas adaptam-se \u00e0s necessidades de cada projeto para o tornar \u00fanico. Ajudamos a tornar os seus projectos uma realidade de forma r\u00e1pida e eficaz.<\/p>\n\n\n\n<h3 class=\"wp-block-heading\" id=\"block-86bd5f1f-77ca-4f03-9e51-42ade90f20c2\"><br><img decoding=\"async\" src=\"https:\/\/www.satine.com\/wp-content\/uploads\/2024\/07\/Microcemento-Satine-1024x1024.png\" alt=\"\"><br><br><strong>O que \u00e9 o microcimento?<\/strong><\/h3>\n\n\n\n<p id=\"block-1a45ce3c-70dc-46d1-ab1c-0e375cc8cc4f\">O microcimento \u00e9 um revestimento uniforme que pode ser aplicado em v\u00e1rias superf\u00edcies e ambientes: paredes, pisos, tectos, escadas, casas de banho, piscinas, cozinhas, entre outros. Sua principal carater\u00edstica \u00e9 a economia de tempo e dinheiro em rela\u00e7\u00e3o a outros revestimentos, o que o torna muito popular. Este acabamento \u00e9 composto por cimento, resinas, pigmentos e aditivos, proporcionando um acabamento \u00fanico gra\u00e7as \u00e0 sua aplica\u00e7\u00e3o artesanal. Tem uma excelente ader\u00eancia e pode ser utilizado em diversos materiais, como bet\u00e3o, azulejos, cer\u00e2mica, gesso cartonado, estuque, metais, m\u00e1rmore, mosaico, entre outros. Este revestimento fino, com apenas 2 a 3 mm de espessura, ganhou relev\u00e2ncia no campo da decora\u00e7\u00e3o nos \u00faltimos anos, uma vez que cada vez mais arquitectos, designers de interiores e decoradores escolhem o microcimento para todos os tipos de renova\u00e7\u00e3o de casas e empresas. A aus\u00eancia de juntas de dilata\u00e7\u00e3o resulta numa superf\u00edcie lisa e uniforme, conferindo amplitude, brilho e eleg\u00e2ncia ao espa\u00e7o onde est\u00e1 integrado. A aus\u00eancia de juntas tamb\u00e9m facilita a limpeza e a manuten\u00e7\u00e3o, pois evita a acumula\u00e7\u00e3o de sujidade.<\/p>\n\n\n\n<h3 class=\"wp-block-heading\" id=\"block-4dc62d45-6ac1-44a6-94dc-1b4e9385f609\"><br><strong>Contactar a Satine microcement em <strong><strong><strong><strong>Stockholm l\u00e4n<\/strong><\/strong><\/strong><\/strong><\/strong><\/h3>\n\n\n\n<p id=\"block-8247123f-dd8f-4079-a0a8-273fbd2c5156\">Se desejar obter mais informa\u00e7\u00f5es sobre os microcimentos Satine em <strong>Stockholm l\u00e4n<\/strong>Para solicitar um or\u00e7amento individualizado para um projeto, um material, ou para qualquer quest\u00e3o sobre n\u00f3s, contacte-nos.<\/p>","protected":false},"excerpt":{"rendered":"<p>We have been developing projects with microcement throughout Stockholm l\u00e4n: Estocolmo, S\u00f6dert\u00e4lje, Haninge, Nacka, Sollentuna among other locations. We specialize in the renovation of homes and businesses, where our certified applicators exclusively use the products we manufacture. The quality of our materials, the training of our applicators, and the experience of our sales team are [&hellip;]<\/p>\n","protected":false},"author":1,"featured_media":0,"parent":4428,"menu_order":0,"comment_status":"closed","ping_status":"closed","template":"","meta":{"footnotes":""},"class_list":["post-5682","page","type-page","status-publish","hentry"],"yoast_head":"<!-- This site is optimized with the Yoast SEO plugin v27.3 - https:\/\/yoast.com\/product\/yoast-seo-wordpress\/ -->\n<title>Microcement Stockholm l\u00e4n - Satine<\/title>\n<meta name=\"description\" content=\"We have been developing projects with microcement throughout Stockholm l\u00e4n: Estocolmo, S\u00f6dert\u00e4lje, Haninge, Nacka, Sollentuna among other locations. We specialize in the renovation of homes and businesses, where our certified applicators exclusively use the products we manufacture.\" \/>\n<meta name=\"robots\" content=\"index, follow, max-snippet:-1, max-image-preview:large, max-video-preview:-1\" \/>\n<link rel=\"canonical\" href=\"https:\/\/www.satine.com\/pt\/microcement-sweden\/microcement-stockholm-lan\/\" \/>\n<meta property=\"og:locale\" content=\"pt_PT\" \/>\n<meta property=\"og:type\" content=\"article\" \/>\n<meta property=\"og:title\" content=\"Microcement Stockholm l\u00e4n - Satine\" \/>\n<meta property=\"og:description\" content=\"We have been developing projects with microcement throughout Stockholm l\u00e4n: Estocolmo, S\u00f6dert\u00e4lje, Haninge, Nacka, Sollentuna among other locations. We specialize in the renovation of homes and businesses, where our certified applicators exclusively use the products we manufacture.\" \/>\n<meta property=\"og:url\" content=\"https:\/\/www.satine.com\/pt\/microcement-sweden\/microcement-stockholm-lan\/\" \/>\n<meta property=\"og:site_name\" content=\"Satine\" \/>\n<meta property=\"article:modified_time\" content=\"2025-01-29T11:23:21+00:00\" \/>\n<meta property=\"og:image\" content=\"https:\/\/www.satine.com\/wp-content\/uploads\/2024\/07\/Microcemento-Satine-1024x1024.png\" \/>\n<meta name=\"twitter:card\" content=\"summary_large_image\" \/>\n<meta name=\"twitter:label1\" content=\"Tempo estimado de leitura\" \/>\n\t<meta name=\"twitter:data1\" content=\"2 minutos\" \/>\n<script type=\"application\/ld+json\" class=\"yoast-schema-graph\">{\"@context\":\"https:\\\/\\\/schema.org\",\"@graph\":[{\"@type\":\"WebPage\",\"@id\":\"https:\\\/\\\/www.satine.com\\\/microcement-sweden\\\/microcement-stockholm-lan\\\/\",\"url\":\"https:\\\/\\\/www.satine.com\\\/microcement-sweden\\\/microcement-stockholm-lan\\\/\",\"name\":\"Microcement Stockholm l\u00e4n - Satine\",\"isPartOf\":{\"@id\":\"https:\\\/\\\/www.satine.com\\\/#website\"},\"primaryImageOfPage\":{\"@id\":\"https:\\\/\\\/www.satine.com\\\/microcement-sweden\\\/microcement-stockholm-lan\\\/#primaryimage\"},\"image\":{\"@id\":\"https:\\\/\\\/www.satine.com\\\/microcement-sweden\\\/microcement-stockholm-lan\\\/#primaryimage\"},\"thumbnailUrl\":\"https:\\\/\\\/www.satine.com\\\/wp-content\\\/uploads\\\/2024\\\/07\\\/Microcemento-Satine-1024x1024.png\",\"datePublished\":\"2025-01-29T11:13:40+00:00\",\"dateModified\":\"2025-01-29T11:23:21+00:00\",\"description\":\"We have been developing projects with microcement throughout Stockholm l\u00e4n: Estocolmo, S\u00f6dert\u00e4lje, Haninge, Nacka, Sollentuna among other locations. We specialize in the renovation of homes and businesses, where our certified applicators exclusively use the products we manufacture.\",\"breadcrumb\":{\"@id\":\"https:\\\/\\\/www.satine.com\\\/microcement-sweden\\\/microcement-stockholm-lan\\\/#breadcrumb\"},\"inLanguage\":\"pt-PT\",\"potentialAction\":[{\"@type\":\"ReadAction\",\"target\":[\"https:\\\/\\\/www.satine.com\\\/microcement-sweden\\\/microcement-stockholm-lan\\\/\"]}]},{\"@type\":\"ImageObject\",\"inLanguage\":\"pt-PT\",\"@id\":\"https:\\\/\\\/www.satine.com\\\/microcement-sweden\\\/microcement-stockholm-lan\\\/#primaryimage\",\"url\":\"https:\\\/\\\/www.satine.com\\\/wp-content\\\/uploads\\\/2024\\\/07\\\/Microcemento-Satine-1024x1024.png\",\"contentUrl\":\"https:\\\/\\\/www.satine.com\\\/wp-content\\\/uploads\\\/2024\\\/07\\\/Microcemento-Satine-1024x1024.png\"},{\"@type\":\"BreadcrumbList\",\"@id\":\"https:\\\/\\\/www.satine.com\\\/microcement-sweden\\\/microcement-stockholm-lan\\\/#breadcrumb\",\"itemListElement\":[{\"@type\":\"ListItem\",\"position\":1,\"name\":\"Inicio\",\"item\":\"https:\\\/\\\/www.satine.com\\\/\"},{\"@type\":\"ListItem\",\"position\":2,\"name\":\"Microcement Sweden\",\"item\":\"https:\\\/\\\/www.satine.com\\\/microcement-sweden\\\/\"},{\"@type\":\"ListItem\",\"position\":3,\"name\":\"Microcement Stockholm l\u00e4n\"}]},{\"@type\":\"WebSite\",\"@id\":\"https:\\\/\\\/www.satine.com\\\/#website\",\"url\":\"https:\\\/\\\/www.satine.com\\\/\",\"name\":\"Satine - Microcement\",\"description\":\"\",\"alternateName\":\"Satine - Microcement\",\"potentialAction\":[{\"@type\":\"SearchAction\",\"target\":{\"@type\":\"EntryPoint\",\"urlTemplate\":\"https:\\\/\\\/www.satine.com\\\/?s={search_term_string}\"},\"query-input\":{\"@type\":\"PropertyValueSpecification\",\"valueRequired\":true,\"valueName\":\"search_term_string\"}}],\"inLanguage\":\"pt-PT\"}]}<\/script>\n<!-- \/ Yoast SEO plugin. -->","yoast_head_json":{"title":"Microcement Stockholm l\u00e4n - Satine","description":"We have been developing projects with microcement throughout Stockholm l\u00e4n: Estocolmo, S\u00f6dert\u00e4lje, Haninge, Nacka, Sollentuna among other locations. We specialize in the renovation of homes and businesses, where our certified applicators exclusively use the products we manufacture.","robots":{"index":"index","follow":"follow","max-snippet":"max-snippet:-1","max-image-preview":"max-image-preview:large","max-video-preview":"max-video-preview:-1"},"canonical":"https:\/\/www.satine.com\/pt\/microcement-sweden\/microcement-stockholm-lan\/","og_locale":"pt_PT","og_type":"article","og_title":"Microcement Stockholm l\u00e4n - Satine","og_description":"We have been developing projects with microcement throughout Stockholm l\u00e4n: Estocolmo, S\u00f6dert\u00e4lje, Haninge, Nacka, Sollentuna among other locations. We specialize in the renovation of homes and businesses, where our certified applicators exclusively use the products we manufacture.","og_url":"https:\/\/www.satine.com\/pt\/microcement-sweden\/microcement-stockholm-lan\/","og_site_name":"Satine","article_modified_time":"2025-01-29T11:23:21+00:00","og_image":[{"url":"https:\/\/www.satine.com\/wp-content\/uploads\/2024\/07\/Microcemento-Satine-1024x1024.png","type":"","width":"","height":""}],"twitter_card":"summary_large_image","twitter_misc":{"Tempo estimado de leitura":"2 minutos"},"schema":{"@context":"https:\/\/schema.org","@graph":[{"@type":"WebPage","@id":"https:\/\/www.satine.com\/microcement-sweden\/microcement-stockholm-lan\/","url":"https:\/\/www.satine.com\/microcement-sweden\/microcement-stockholm-lan\/","name":"Microcement Stockholm l\u00e4n - Satine","isPartOf":{"@id":"https:\/\/www.satine.com\/#website"},"primaryImageOfPage":{"@id":"https:\/\/www.satine.com\/microcement-sweden\/microcement-stockholm-lan\/#primaryimage"},"image":{"@id":"https:\/\/www.satine.com\/microcement-sweden\/microcement-stockholm-lan\/#primaryimage"},"thumbnailUrl":"https:\/\/www.satine.com\/wp-content\/uploads\/2024\/07\/Microcemento-Satine-1024x1024.png","datePublished":"2025-01-29T11:13:40+00:00","dateModified":"2025-01-29T11:23:21+00:00","description":"We have been developing projects with microcement throughout Stockholm l\u00e4n: Estocolmo, S\u00f6dert\u00e4lje, Haninge, Nacka, Sollentuna among other locations. We specialize in the renovation of homes and businesses, where our certified applicators exclusively use the products we manufacture.","breadcrumb":{"@id":"https:\/\/www.satine.com\/microcement-sweden\/microcement-stockholm-lan\/#breadcrumb"},"inLanguage":"pt-PT","potentialAction":[{"@type":"ReadAction","target":["https:\/\/www.satine.com\/microcement-sweden\/microcement-stockholm-lan\/"]}]},{"@type":"ImageObject","inLanguage":"pt-PT","@id":"https:\/\/www.satine.com\/microcement-sweden\/microcement-stockholm-lan\/#primaryimage","url":"https:\/\/www.satine.com\/wp-content\/uploads\/2024\/07\/Microcemento-Satine-1024x1024.png","contentUrl":"https:\/\/www.satine.com\/wp-content\/uploads\/2024\/07\/Microcemento-Satine-1024x1024.png"},{"@type":"BreadcrumbList","@id":"https:\/\/www.satine.com\/microcement-sweden\/microcement-stockholm-lan\/#breadcrumb","itemListElement":[{"@type":"ListItem","position":1,"name":"Inicio","item":"https:\/\/www.satine.com\/"},{"@type":"ListItem","position":2,"name":"Microcement Sweden","item":"https:\/\/www.satine.com\/microcement-sweden\/"},{"@type":"ListItem","position":3,"name":"Microcement Stockholm l\u00e4n"}]},{"@type":"WebSite","@id":"https:\/\/www.satine.com\/#website","url":"https:\/\/www.satine.com\/","name":"Satine - Microcimento","description":"","alternateName":"Satine - Microcement","potentialAction":[{"@type":"SearchAction","target":{"@type":"EntryPoint","urlTemplate":"https:\/\/www.satine.com\/?s={search_term_string}"},"query-input":{"@type":"PropertyValueSpecification","valueRequired":true,"valueName":"search_term_string"}}],"inLanguage":"pt-PT"}]}},"_links":{"self":[{"href":"https:\/\/www.satine.com\/pt\/wp-json\/wp\/v2\/pages\/5682","targetHints":{"allow":["GET"]}}],"collection":[{"href":"https:\/\/www.satine.com\/pt\/wp-json\/wp\/v2\/pages"}],"about":[{"href":"https:\/\/www.satine.com\/pt\/wp-json\/wp\/v2\/types\/page"}],"author":[{"embeddable":true,"href":"https:\/\/www.satine.com\/pt\/wp-json\/wp\/v2\/users\/1"}],"replies":[{"embeddable":true,"href":"https:\/\/www.satine.com\/pt\/wp-json\/wp\/v2\/comments?post=5682"}],"version-history":[{"count":1,"href":"https:\/\/www.satine.com\/pt\/wp-json\/wp\/v2\/pages\/5682\/revisions"}],"predecessor-version":[{"id":5683,"href":"https:\/\/www.satine.com\/pt\/wp-json\/wp\/v2\/pages\/5682\/revisions\/5683"}],"up":[{"embeddable":true,"href":"https:\/\/www.satine.com\/pt\/wp-json\/wp\/v2\/pages\/4428"}],"wp:attachment":[{"href":"https:\/\/www.satine.com\/pt\/wp-json\/wp\/v2\/media?parent=5682"}],"curies":[{"name":"wp","href":"https:\/\/api.w.org\/{rel}","templated":true}]}}