{"id":5551,"date":"2024-09-27T04:29:37","date_gmt":"2024-09-27T08:29:37","guid":{"rendered":"https:\/\/www.satine.com\/?page_id=5551"},"modified":"2024-09-27T04:42:13","modified_gmt":"2024-09-27T08:42:13","slug":"eua","status":"publish","type":"page","link":"https:\/\/www.satine.com\/pt\/usa\/","title":{"rendered":"Microcement Estados Unidos"},"content":{"rendered":"<h2 class=\"wp-block-heading\"><strong><a href=\"https:\/\/www.satinestone.com\">Satine<\/a> Microcimento nos Estados Unidos: Crescimento, Tend\u00eancias e Aplica\u00e7\u00f5es<\/strong><\/h2>\n\n\n\n<p>O microcimento, um material de superf\u00edcie vers\u00e1til e inovador, ganhou uma popularidade consider\u00e1vel nos Estados Unidos nos \u00faltimos anos. Originalmente desenvolvido para uso industrial, o seu acabamento suave e cont\u00ednuo e a sua adaptabilidade tornaram-no um favorito entre arquitectos, designers de interiores e propriet\u00e1rios de casas. \u00c0 medida que a procura de uma est\u00e9tica moderna e minimalista continua a crescer, o microcimento est\u00e1 a tornar-se uma op\u00e7\u00e3o de elei\u00e7\u00e3o para v\u00e1rios projectos, desde casas residenciais a espa\u00e7os comerciais.<\/p>\n\n\n\n<h2 class=\"wp-block-heading\"><strong>Porqu\u00ea <a href=\"https:\/\/www.satine.com\/microcement\">Microcimento<\/a> \u00e9 tend\u00eancia nos Estados Unidos<\/strong><\/h2>\n\n\n\n<p>O microcimento \u00e9 muito apreciado pela sua&nbsp;<strong>versatilidade<\/strong>. Pode ser aplicado sobre praticamente qualquer superf\u00edcie existente, incluindo azulejos, bet\u00e3o, madeira ou gesso, sem necessidade de demoli\u00e7\u00f5es dispendiosas. Esta carater\u00edstica torna-o uma escolha popular para&nbsp;<strong>renova\u00e7\u00f5es<\/strong>A utiliza\u00e7\u00e3o de um sistema de prote\u00e7\u00e3o contra inc\u00eandios \u00e9 essencial para o desenvolvimento de um sistema de prote\u00e7\u00e3o contra inc\u00eandios, onde a facilidade de aplica\u00e7\u00e3o e o m\u00ednimo de perturba\u00e7\u00e3o s\u00e3o fundamentais.<\/p>\n\n\n\n<p>Os principais benef\u00edcios do microcimento que impulsionaram sua popularidade nos EUA incluem:<\/p>\n\n\n\n<ol class=\"wp-block-list\">\n<li><strong>Acabamento sem costuras<\/strong>: O acabamento cont\u00ednuo e sem juntas cria uma est\u00e9tica elegante e moderna, fazendo com que os espa\u00e7os pare\u00e7am maiores e mais limpos.<\/li>\n\n\n\n<li><strong>Durabilidade<\/strong>: Com uma impermeabiliza\u00e7\u00e3o adequada, o microcimento \u00e9 altamente resistente ao desgaste, \u00e0 humidade e \u00e0s manchas, o que o torna adequado para \u00e1reas de tr\u00e1fego intenso, como cozinhas e casas de banho.<\/li>\n\n\n\n<li><strong>Op\u00e7\u00f5es de design vers\u00e1teis<\/strong>: O microcimento est\u00e1 dispon\u00edvel numa variedade de cores e acabamentos, desde o mate ao brilhante, permitindo infinitas possibilidades de design.<\/li>\n\n\n\n<li><strong>Amigo do ambiente<\/strong>: Muitos produtos de microcimento s\u00e3o fabricados com materiais sustent\u00e1veis, alinhando-se com a tend\u00eancia crescente para pr\u00e1ticas de constru\u00e7\u00e3o ambientalmente conscientes.<\/li>\n<\/ol>\n\n\n\n<h2 class=\"wp-block-heading\"><strong>Popular <a href=\"https:\/\/www.satine.com\/how-to-apply-microcement\">Aplica\u00e7\u00f5es<\/a> nos Estados Unidos<\/strong><\/h2>\n\n\n\n<p>Nos Estados Unidos, o microcimento \u00e9 utilizado numa s\u00e9rie de aplica\u00e7\u00f5es, desde interiores residenciais a ambientes comerciais e mesmo exteriores. O seu&nbsp;<strong>aspeto moderno<\/strong>&nbsp;e&nbsp;<strong>durabilidade<\/strong>&nbsp;tornam-no ideal para v\u00e1rias utiliza\u00e7\u00f5es:<\/p>\n\n\n\n<ul class=\"wp-block-list\">\n<li><strong><a href=\"https:\/\/www.satine.com\/microcement-bathrooms\">Casas de banho<\/a> e zonas h\u00famidas<\/strong>: As propriedades de impermeabiliza\u00e7\u00e3o do microcimento fazem dele uma excelente op\u00e7\u00e3o para casas de banho e espa\u00e7os h\u00famidos. Pode ser aplicado sem problemas em paredes, pavimentos e at\u00e9 mesmo em cabinas de duche, oferecendo tanto um aspeto est\u00e9tico como benef\u00edcios funcionais.<\/li>\n\n\n\n<li><strong><a href=\"https:\/\/www.satine.com\/microcement-kitchens\">Cozinhas<\/a><\/strong>: Nas cozinhas americanas, o microcimento \u00e9 frequentemente aplicado em&nbsp;<strong>bancadas<\/strong>,&nbsp;<strong>backsplashes<\/strong>e&nbsp;<strong>pisos<\/strong>. A sua resist\u00eancia ao calor e \u00e0s manchas, juntamente com o seu aspeto elegante, torna-o uma escolha pr\u00e1tica e elegante.<\/li>\n\n\n\n<li><strong>Espa\u00e7os comerciais<\/strong>: As lojas de retalho, os restaurantes e os hot\u00e9is nos Estados Unidos est\u00e3o a recorrer cada vez mais ao microcimento para obter uma est\u00e9tica moderna e industrial. A sua facilidade de manuten\u00e7\u00e3o e a sua grande durabilidade tornam-no ideal para ambientes comerciais com muito tr\u00e1fego.<\/li>\n\n\n\n<li><strong>\u00c1reas exteriores<\/strong>: Gra\u00e7as \u00e0 sua elevada resist\u00eancia \u00e0s mudan\u00e7as de temperatura e \u00e0 humidade, o microcimento \u00e9 tamb\u00e9m utilizado em espa\u00e7os exteriores, como p\u00e1tios, decks de piscinas e fachadas exteriores. Isto \u00e9 particularmente atraente em regi\u00f5es com climas vari\u00e1veis, uma vez que o microcimento pode resistir ao calor, ao frio e \u00e0 humidade quando devidamente selado.<\/li>\n<\/ul>\n\n\n\n<div style=\"height:30px\" aria-hidden=\"true\" class=\"wp-block-spacer\"><\/div>\n\n\n\n<figure class=\"wp-block-image size-large is-resized\"><img loading=\"lazy\" decoding=\"async\" width=\"1024\" height=\"684\" src=\"https:\/\/www.satine.com\/wp-content\/uploads\/2024\/09\/FOTO-PIGMENTO-INSTAGRAM-AMAZON-1-1024x684.jpg\" alt=\"\" class=\"wp-image-5552\" style=\"aspect-ratio:16\/9;object-fit:cover;width:1600px\" srcset=\"https:\/\/www.satine.com\/wp-content\/uploads\/2024\/09\/FOTO-PIGMENTO-INSTAGRAM-AMAZON-1-1024x684.jpg 1024w, https:\/\/www.satine.com\/wp-content\/uploads\/2024\/09\/FOTO-PIGMENTO-INSTAGRAM-AMAZON-1-300x200.jpg 300w, https:\/\/www.satine.com\/wp-content\/uploads\/2024\/09\/FOTO-PIGMENTO-INSTAGRAM-AMAZON-1-768x513.jpg 768w, https:\/\/www.satine.com\/wp-content\/uploads\/2024\/09\/FOTO-PIGMENTO-INSTAGRAM-AMAZON-1-1536x1026.jpg 1536w, https:\/\/www.satine.com\/wp-content\/uploads\/2024\/09\/FOTO-PIGMENTO-INSTAGRAM-AMAZON-1-2048x1368.jpg 2048w, https:\/\/www.satine.com\/wp-content\/uploads\/2024\/09\/FOTO-PIGMENTO-INSTAGRAM-AMAZON-1-18x12.jpg 18w\" sizes=\"auto, (max-width: 1024px) 100vw, 1024px\" \/><\/figure>\n\n\n\n<div style=\"height:30px\" aria-hidden=\"true\" class=\"wp-block-spacer\"><\/div>\n\n\n\n<h2 class=\"wp-block-heading\"><strong>O crescimento do microcimento no mercado dos Estados Unidos<\/strong><\/h2>\n\n\n\n<p>O&nbsp;<strong>Ind\u00fastria de constru\u00e7\u00e3o e design dos EUA<\/strong>&nbsp;adoptou o microcimento tanto para novas constru\u00e7\u00f5es como para projectos de renova\u00e7\u00e3o. O aumento de&nbsp;<strong>tend\u00eancias de design moderno e minimalista<\/strong>&nbsp;tem alimentado a popularidade do material, \u00e0 medida que mais propriet\u00e1rios de casas e empresas procuram criar espa\u00e7os limpos e contempor\u00e2neos. Al\u00e9m disso, o&nbsp;<strong>Mercado de bricolage<\/strong>&nbsp;registou um aumento de interesse devido \u00e0 disponibilidade de kits de microcimento de f\u00e1cil utiliza\u00e7\u00e3o, permitindo que os indiv\u00edduos apliquem o material sem ajuda profissional.<\/p>\n\n\n\n<p>V\u00e1rios factores contribu\u00edram para a crescente utiliza\u00e7\u00e3o do microcimento nos EUA:<\/p>\n\n\n\n<ul class=\"wp-block-list\">\n<li><strong>Maior disponibilidade<\/strong>: \u00c0 medida que mais fornecedores e fabricantes entram no mercado dos EUA, os consumidores t\u00eam melhor acesso a produtos de microcimento de alta qualidade.<\/li>\n\n\n\n<li><strong>Avan\u00e7os tecnol\u00f3gicos<\/strong>: As melhorias nas formula\u00e7\u00f5es do microcimento aumentaram a sua durabilidade, facilidade de aplica\u00e7\u00e3o e variedade de acabamentos, tornando-o mais atrativo tanto para os profissionais como para os entusiastas da bricolage.<\/li>\n\n\n\n<li><strong>Constru\u00e7\u00e3o sustent\u00e1vel<\/strong>: A crescente aten\u00e7\u00e3o dada aos materiais de constru\u00e7\u00e3o sustent\u00e1veis tamb\u00e9m tem impulsionado o interesse pelo microcimento, uma vez que muitos produtos s\u00e3o fabricados a partir de componentes ecol\u00f3gicos.<\/li>\n<\/ul>\n\n\n\n<h2 class=\"wp-block-heading\"><strong>Desafios e considera\u00e7\u00f5es<\/strong><\/h2>\n\n\n\n<p>Embora o microcimento seja uma op\u00e7\u00e3o fant\u00e1stica para muitas aplica\u00e7\u00f5es, h\u00e1 algumas considera\u00e7\u00f5es a ter em conta para projectos nos EUA:<\/p>\n\n\n\n<ul class=\"wp-block-list\">\n<li><strong>Aplica\u00e7\u00e3o correta<\/strong>: O processo de aplica\u00e7\u00e3o requer habilidade e precis\u00e3o. Um microcimento mal aplicado pode provocar fissuras ou acabamentos irregulares. \u00c9 essencial contratar profissionais qualificados para projectos maiores e mais complexos.<\/li>\n\n\n\n<li><strong>Manuten\u00e7\u00e3o<\/strong>: Embora dur\u00e1veis, as superf\u00edcies de microcimento necessitam de uma manuten\u00e7\u00e3o regular, como uma nova impermeabiliza\u00e7\u00e3o de poucos em poucos anos, especialmente em \u00e1reas com muito tr\u00e1fego ou expostas \u00e0 \u00e1gua.<\/li>\n<\/ul>\n\n\n\n<h2 class=\"wp-block-heading\"><strong>Microcimento em projectos residenciais em todos os Estados Unidos<\/strong><\/h2>\n\n\n\n<p>O microcimento est\u00e1 a tornar-se uma escolha popular para os propriet\u00e1rios que procuram renovar as suas propriedades com uma est\u00e9tica moderna e minimalista. Em todo o pa\u00eds, as casas est\u00e3o a ser actualizadas com microcimento pela sua versatilidade e capacidade de proporcionar um acabamento sofisticado com o m\u00ednimo esfor\u00e7o. Quer seja aplicado em\u00a0<strong>casas de banho<\/strong>,\u00a0<strong>cozinhas<\/strong>, ou\u00a0<strong>\u00e1reas de estar<\/strong>O microcimento cria uma superf\u00edcie sem juntas que elimina as linhas de argamassa, oferecendo um aspeto mais limpo e polido.<\/p>\n\n\n\n<p>Em cidades com um parque habitacional mais antigo, como&nbsp;<strong>Nova Iorque<\/strong>&nbsp;e&nbsp;<strong>Boston<\/strong>A capacidade do microcimento de ser aplicado sobre superf\u00edcies existentes sem demoli\u00e7\u00e3o \u00e9 uma enorme vantagem. Permite que os propriet\u00e1rios modernizem rapidamente as suas casas com o m\u00ednimo de perturba\u00e7\u00e3o, tornando-o especialmente atrativo para renova\u00e7\u00f5es em \u00e1reas urbanas de alta densidade.<\/p>\n\n\n\n<h2 class=\"wp-block-heading\"><strong>Projectos comerciais de Microcimento nos Estados Unidos<\/strong><\/h2>\n\n\n\n<p>No sector comercial, o microcimento est\u00e1 a ser utilizado em lojas, restaurantes, hot\u00e9is e edif\u00edcios de escrit\u00f3rios. Os seus\u00a0<strong>elevada durabilidade<\/strong>\u00a0e\u00a0<strong>manuten\u00e7\u00e3o f\u00e1cil<\/strong>\u00a0tornam-no perfeito para \u00e1reas de tr\u00e1fego intenso. Muitas empresas nos EUA est\u00e3o a escolher o microcimento pelo seu car\u00e1cter moderno e industrial.<strong> <\/strong>que se enquadra bem na tend\u00eancia atual de design de interiores minimalista.<\/p>\n\n\n\n<p>Por exemplo, no com\u00e9rcio retalhista<strong> <\/strong>Em todos os espa\u00e7os dos EUA, o microcimento \u00e9 utilizado em pavimentos, paredes e bancadas, proporcionando um fundo elegante que permite que os produtos ocupem um lugar central. A capacidade de personalizar o microcimento em v\u00e1rias cores e acabamentos tamb\u00e9m permite \u00e0s empresas criar espa\u00e7os \u00fanicos que reflectem a identidade da sua marca.<\/p>\n\n\n\n<p>Os restaurantes e bares s\u00e3o outro sector que est\u00e1 a adotar o microcimento, particularmente em cozinhas e \u00e1reas de refei\u00e7\u00f5es. O acabamento sem costuras do microcimento torna-o resistente a manchas e f\u00e1cil de limpar, o que \u00e9 essencial em ambientes onde os derrames e o elevado tr\u00e1fego pedonal s\u00e3o comuns. A capacidade do material de resistir \u00e0 humidade e ao calor torna-o perfeito para cozinhas, enquanto a sua versatilidade permite aos designers criar espa\u00e7os elegantes com facilidade.<\/p>\n\n\n\n<div style=\"height:30px\" aria-hidden=\"true\" class=\"wp-block-spacer\"><\/div>\n\n\n\n<figure class=\"wp-block-image size-large is-resized\"><img loading=\"lazy\" decoding=\"async\" width=\"1024\" height=\"736\" src=\"https:\/\/www.satine.com\/wp-content\/uploads\/2024\/09\/Captura-de-pantalla-2024-09-17-a-las-13.01.20-3-1024x736.png\" alt=\"\" class=\"wp-image-5429\" style=\"aspect-ratio:16\/9;object-fit:cover;width:1600px\" srcset=\"https:\/\/www.satine.com\/wp-content\/uploads\/2024\/09\/Captura-de-pantalla-2024-09-17-a-las-13.01.20-3-1024x736.png 1024w, https:\/\/www.satine.com\/wp-content\/uploads\/2024\/09\/Captura-de-pantalla-2024-09-17-a-las-13.01.20-3-300x216.png 300w, https:\/\/www.satine.com\/wp-content\/uploads\/2024\/09\/Captura-de-pantalla-2024-09-17-a-las-13.01.20-3-768x552.png 768w, https:\/\/www.satine.com\/wp-content\/uploads\/2024\/09\/Captura-de-pantalla-2024-09-17-a-las-13.01.20-3-1536x1104.png 1536w, https:\/\/www.satine.com\/wp-content\/uploads\/2024\/09\/Captura-de-pantalla-2024-09-17-a-las-13.01.20-3-2048x1471.png 2048w, https:\/\/www.satine.com\/wp-content\/uploads\/2024\/09\/Captura-de-pantalla-2024-09-17-a-las-13.01.20-3-18x12.png 18w\" sizes=\"auto, (max-width: 1024px) 100vw, 1024px\" \/><\/figure>\n\n\n\n<div style=\"height:30px\" aria-hidden=\"true\" class=\"wp-block-spacer\"><\/div>\n\n\n\n<h2 class=\"wp-block-heading\"><strong>Aplica\u00e7\u00f5es exteriores de microcimento nos Estados Unidos<\/strong><\/h2>\n\n\n\n<p>O microcimento n\u00e3o se limita aos espa\u00e7os interiores. Em v\u00e1rias regi\u00f5es dos EUA, particularmente em estados como\u00a0<strong>Calif\u00f3rnia<\/strong>,\u00a0<strong>Fl\u00f3rida<\/strong>e\u00a0<strong>Texas<\/strong>O microcimento est\u00e1 a ser utilizado para criar espa\u00e7os exteriores bonitos e duradouros. P\u00e1tios, decks de piscinas e paredes exteriores s\u00e3o ideais para o microcimento devido \u00e0 sua resist\u00eancia \u00e0s condi\u00e7\u00f5es climat\u00e9ricas vari\u00e1veis e \u00e0 durabilidade contra a humidade.<\/p>\n\n\n\n<p>A capacidade de criar uma superf\u00edcie sem juntas com microcimento permite que as \u00e1reas exteriores sejam coesas e modernas, estendendo a est\u00e9tica do design do interior da casa ou do edif\u00edcio para o exterior. Aplica\u00e7\u00f5es exteriores em \u00e1reas como&nbsp;<strong>Miami<\/strong>&nbsp;e&nbsp;<strong>Los Angeles<\/strong>&nbsp;destacam a capacidade do microcimento de resistir a temperaturas vari\u00e1veis e \u00e0 exposi\u00e7\u00e3o aos elementos.<\/p>\n\n\n\n<h2 class=\"wp-block-heading\"><strong>Renova\u00e7\u00e3o de escrit\u00f3rios e estabelecimentos comerciais<\/strong><\/h2>\n\n\n\n<p>Em cidades como\u00a0<strong>Chicago<\/strong>,\u00a0<strong>Dallas<\/strong>e\u00a0<strong>Washington D.C.<\/strong>O microcimento est\u00e1 a ser utilizado para transformar os espa\u00e7os de escrit\u00f3rios. O aspeto moderno e industrial do microcimento, juntamente com a sua elevada resist\u00eancia ao desgaste, torna-o perfeito para pavimentos de escrit\u00f3rios e \u00e1reas comuns. As linhas suaves e limpas do material s\u00e3o tamb\u00e9m apelativas para as empresas de tecnologia e para os espa\u00e7os de trabalho modernos, onde se procura frequentemente um design elegante e minimalista.<\/p>\n\n\n\n<p>Em\u00a0<strong>Washington D.C.<\/strong>O microcimento est\u00e1 a ganhar terreno em edif\u00edcios governamentais e escrit\u00f3rios comerciais, onde o material \u00e9 utilizado para criar superf\u00edcies profissionais e duradouras que requerem uma manuten\u00e7\u00e3o m\u00ednima. A facilidade de limpeza e a sua resist\u00eancia \u00e0 fissura\u00e7\u00e3o e ao desgaste ao longo do tempo fazem do microcimento uma solu\u00e7\u00e3o ideal para estes ambientes exigentes.<\/p>\n\n\n\n<h2 class=\"wp-block-heading\"><strong>Crescimento do Microcimento nos Estados Unidos<\/strong><\/h2>\n\n\n\n<p>O microcimento continua a crescer em popularidade nos EUA, com um n\u00famero crescente de designers, empreiteiros e propriet\u00e1rios de casas a escolh\u00ea-lo pela sua versatilidade e apelo est\u00e9tico. \u00c0 medida que mais fornecedores e distribuidores trazem o microcimento para o mercado dos EUA, espera-se que a sua disponibilidade e utiliza\u00e7\u00e3o aumentem ainda mais.<\/p>\n\n\n\n<p>Desde casas de luxo em\u00a0<strong>Los Angeles<\/strong>\u00a0para espa\u00e7os comerciais em\u00a0<strong>Cidade de Nova Iorque<\/strong>\u00a0e \u00e1reas exteriores em\u00a0<strong>Miami<\/strong>O microcimento est\u00e1 a revelar-se um material revolucion\u00e1rio na conce\u00e7\u00e3o e constru\u00e7\u00e3o nos EUA.<\/p>\n\n\n\n<h2 class=\"wp-block-heading\"><strong>Contactar Satine microcement nos Estados Unidos<\/strong><\/h2>\n\n\n\n<p>Se desejar obter mais informa\u00e7\u00f5es sobre os microcimentos Satine em <strong>Estados Unidos<\/strong>Para solicitar um or\u00e7amento individualizado para um projeto, um material, ou para qualquer quest\u00e3o sobre n\u00f3s, contacte-nos.<\/p>","protected":false},"excerpt":{"rendered":"<p>Satine Microcement in the United States: Growth, Trends, and Applications Microcement, a versatile and innovative surface material, has gained considerable popularity in the United States in recent years. Originally developed for industrial use, its smooth, continuous finish and adaptability have made it a favorite among architects, interior designers, and homeowners. As the demand for modern, [&hellip;]<\/p>\n","protected":false},"author":1,"featured_media":0,"parent":0,"menu_order":0,"comment_status":"closed","ping_status":"closed","template":"","meta":{"footnotes":""},"class_list":["post-5551","page","type-page","status-publish","hentry"],"yoast_head":"<!-- This site is optimized with the Yoast SEO plugin v27.4 - https:\/\/yoast.com\/product\/yoast-seo-wordpress\/ -->\n<title>Microcement United States - Satine<\/title>\n<meta name=\"description\" content=\"Explore the growing popularity of microcement across the United States in both residential and commercial spaces. Learn about its versatile applications, from sleek kitchen and bathroom renovations to durable outdoor patios in cities like New York, Washington D.C., and Miami. Discover how microcement offers seamless, modern finishes that are perfect for high-traffic areas, offices, and retail spaces.\" \/>\n<meta name=\"robots\" content=\"index, follow, max-snippet:-1, max-image-preview:large, max-video-preview:-1\" \/>\n<link rel=\"canonical\" href=\"https:\/\/www.satine.com\/pt\/eua\/\" \/>\n<meta property=\"og:locale\" content=\"pt_PT\" \/>\n<meta property=\"og:type\" content=\"article\" \/>\n<meta property=\"og:title\" content=\"Microcement United States - Satine\" \/>\n<meta property=\"og:description\" content=\"Explore the growing popularity of microcement across the United States in both residential and commercial spaces. Learn about its versatile applications, from sleek kitchen and bathroom renovations to durable outdoor patios in cities like New York, Washington D.C., and Miami. Discover how microcement offers seamless, modern finishes that are perfect for high-traffic areas, offices, and retail spaces.\" \/>\n<meta property=\"og:url\" content=\"https:\/\/www.satine.com\/pt\/eua\/\" \/>\n<meta property=\"og:site_name\" content=\"Satine\" \/>\n<meta property=\"article:modified_time\" content=\"2024-09-27T08:42:13+00:00\" \/>\n<meta property=\"og:image\" content=\"https:\/\/www.satine.com\/wp-content\/uploads\/2024\/09\/FOTO-PIGMENTO-INSTAGRAM-AMAZON-1-1024x684.jpg\" \/>\n<meta name=\"twitter:card\" content=\"summary_large_image\" \/>\n<meta name=\"twitter:label1\" content=\"Tempo estimado de leitura\" \/>\n\t<meta name=\"twitter:data1\" content=\"7 minutos\" \/>\n<script type=\"application\/ld+json\" class=\"yoast-schema-graph\">{\"@context\":\"https:\\\/\\\/schema.org\",\"@graph\":[{\"@type\":\"WebPage\",\"@id\":\"https:\\\/\\\/www.satine.com\\\/usa\\\/\",\"url\":\"https:\\\/\\\/www.satine.com\\\/usa\\\/\",\"name\":\"Microcement United States - Satine\",\"isPartOf\":{\"@id\":\"https:\\\/\\\/www.satine.com\\\/#website\"},\"primaryImageOfPage\":{\"@id\":\"https:\\\/\\\/www.satine.com\\\/usa\\\/#primaryimage\"},\"image\":{\"@id\":\"https:\\\/\\\/www.satine.com\\\/usa\\\/#primaryimage\"},\"thumbnailUrl\":\"https:\\\/\\\/www.satine.com\\\/wp-content\\\/uploads\\\/2024\\\/09\\\/FOTO-PIGMENTO-INSTAGRAM-AMAZON-1-1024x684.jpg\",\"datePublished\":\"2024-09-27T08:29:37+00:00\",\"dateModified\":\"2024-09-27T08:42:13+00:00\",\"description\":\"Explore the growing popularity of microcement across the United States in both residential and commercial spaces. Learn about its versatile applications, from sleek kitchen and bathroom renovations to durable outdoor patios in cities like New York, Washington D.C., and Miami. Discover how microcement offers seamless, modern finishes that are perfect for high-traffic areas, offices, and retail spaces.\",\"breadcrumb\":{\"@id\":\"https:\\\/\\\/www.satine.com\\\/usa\\\/#breadcrumb\"},\"inLanguage\":\"pt-PT\",\"potentialAction\":[{\"@type\":\"ReadAction\",\"target\":[\"https:\\\/\\\/www.satine.com\\\/usa\\\/\"]}]},{\"@type\":\"ImageObject\",\"inLanguage\":\"pt-PT\",\"@id\":\"https:\\\/\\\/www.satine.com\\\/usa\\\/#primaryimage\",\"url\":\"https:\\\/\\\/www.satine.com\\\/wp-content\\\/uploads\\\/2024\\\/09\\\/FOTO-PIGMENTO-INSTAGRAM-AMAZON-1-1024x684.jpg\",\"contentUrl\":\"https:\\\/\\\/www.satine.com\\\/wp-content\\\/uploads\\\/2024\\\/09\\\/FOTO-PIGMENTO-INSTAGRAM-AMAZON-1-1024x684.jpg\"},{\"@type\":\"BreadcrumbList\",\"@id\":\"https:\\\/\\\/www.satine.com\\\/usa\\\/#breadcrumb\",\"itemListElement\":[{\"@type\":\"ListItem\",\"position\":1,\"name\":\"Inicio\",\"item\":\"https:\\\/\\\/www.satine.com\\\/\"},{\"@type\":\"ListItem\",\"position\":2,\"name\":\"Microcement United States\"}]},{\"@type\":\"WebSite\",\"@id\":\"https:\\\/\\\/www.satine.com\\\/#website\",\"url\":\"https:\\\/\\\/www.satine.com\\\/\",\"name\":\"Satine - Microcement\",\"description\":\"\",\"alternateName\":\"Satine - Microcement\",\"potentialAction\":[{\"@type\":\"SearchAction\",\"target\":{\"@type\":\"EntryPoint\",\"urlTemplate\":\"https:\\\/\\\/www.satine.com\\\/?s={search_term_string}\"},\"query-input\":{\"@type\":\"PropertyValueSpecification\",\"valueRequired\":true,\"valueName\":\"search_term_string\"}}],\"inLanguage\":\"pt-PT\"}]}<\/script>\n<!-- \/ Yoast SEO plugin. -->","yoast_head_json":{"title":"Microcement Portugal - Satine","description":"Explore a crescente popularidade do microcimento nos Estados Unidos, tanto em espa\u00e7os residenciais como comerciais. Saiba mais sobre as suas aplica\u00e7\u00f5es vers\u00e1teis, desde renova\u00e7\u00f5es elegantes de cozinhas e casas de banho a p\u00e1tios exteriores duradouros em cidades como Nova Iorque, Washington D.C. e Miami. Descubra como o microcimento oferece acabamentos modernos e sem costuras que s\u00e3o perfeitos para \u00e1reas de tr\u00e1fego intenso, escrit\u00f3rios e espa\u00e7os comerciais.","robots":{"index":"index","follow":"follow","max-snippet":"max-snippet:-1","max-image-preview":"max-image-preview:large","max-video-preview":"max-video-preview:-1"},"canonical":"https:\/\/www.satine.com\/pt\/eua\/","og_locale":"pt_PT","og_type":"article","og_title":"Microcement United States - Satine","og_description":"Explore the growing popularity of microcement across the United States in both residential and commercial spaces. Learn about its versatile applications, from sleek kitchen and bathroom renovations to durable outdoor patios in cities like New York, Washington D.C., and Miami. Discover how microcement offers seamless, modern finishes that are perfect for high-traffic areas, offices, and retail spaces.","og_url":"https:\/\/www.satine.com\/pt\/eua\/","og_site_name":"Satine","article_modified_time":"2024-09-27T08:42:13+00:00","og_image":[{"url":"https:\/\/www.satine.com\/wp-content\/uploads\/2024\/09\/FOTO-PIGMENTO-INSTAGRAM-AMAZON-1-1024x684.jpg","type":"","width":"","height":""}],"twitter_card":"summary_large_image","twitter_misc":{"Tempo estimado de leitura":"7 minutos"},"schema":{"@context":"https:\/\/schema.org","@graph":[{"@type":"WebPage","@id":"https:\/\/www.satine.com\/usa\/","url":"https:\/\/www.satine.com\/usa\/","name":"Microcement Portugal - Satine","isPartOf":{"@id":"https:\/\/www.satine.com\/#website"},"primaryImageOfPage":{"@id":"https:\/\/www.satine.com\/usa\/#primaryimage"},"image":{"@id":"https:\/\/www.satine.com\/usa\/#primaryimage"},"thumbnailUrl":"https:\/\/www.satine.com\/wp-content\/uploads\/2024\/09\/FOTO-PIGMENTO-INSTAGRAM-AMAZON-1-1024x684.jpg","datePublished":"2024-09-27T08:29:37+00:00","dateModified":"2024-09-27T08:42:13+00:00","description":"Explore a crescente popularidade do microcimento nos Estados Unidos, tanto em espa\u00e7os residenciais como comerciais. Saiba mais sobre as suas aplica\u00e7\u00f5es vers\u00e1teis, desde renova\u00e7\u00f5es elegantes de cozinhas e casas de banho a p\u00e1tios exteriores duradouros em cidades como Nova Iorque, Washington D.C. e Miami. Descubra como o microcimento oferece acabamentos modernos e sem costuras que s\u00e3o perfeitos para \u00e1reas de tr\u00e1fego intenso, escrit\u00f3rios e espa\u00e7os comerciais.","breadcrumb":{"@id":"https:\/\/www.satine.com\/usa\/#breadcrumb"},"inLanguage":"pt-PT","potentialAction":[{"@type":"ReadAction","target":["https:\/\/www.satine.com\/usa\/"]}]},{"@type":"ImageObject","inLanguage":"pt-PT","@id":"https:\/\/www.satine.com\/usa\/#primaryimage","url":"https:\/\/www.satine.com\/wp-content\/uploads\/2024\/09\/FOTO-PIGMENTO-INSTAGRAM-AMAZON-1-1024x684.jpg","contentUrl":"https:\/\/www.satine.com\/wp-content\/uploads\/2024\/09\/FOTO-PIGMENTO-INSTAGRAM-AMAZON-1-1024x684.jpg"},{"@type":"BreadcrumbList","@id":"https:\/\/www.satine.com\/usa\/#breadcrumb","itemListElement":[{"@type":"ListItem","position":1,"name":"Inicio","item":"https:\/\/www.satine.com\/"},{"@type":"ListItem","position":2,"name":"Microcement United States"}]},{"@type":"WebSite","@id":"https:\/\/www.satine.com\/#website","url":"https:\/\/www.satine.com\/","name":"Satine - Microcimento","description":"","alternateName":"Satine - Microcement","potentialAction":[{"@type":"SearchAction","target":{"@type":"EntryPoint","urlTemplate":"https:\/\/www.satine.com\/?s={search_term_string}"},"query-input":{"@type":"PropertyValueSpecification","valueRequired":true,"valueName":"search_term_string"}}],"inLanguage":"pt-PT"}]}},"_links":{"self":[{"href":"https:\/\/www.satine.com\/pt\/wp-json\/wp\/v2\/pages\/5551","targetHints":{"allow":["GET"]}}],"collection":[{"href":"https:\/\/www.satine.com\/pt\/wp-json\/wp\/v2\/pages"}],"about":[{"href":"https:\/\/www.satine.com\/pt\/wp-json\/wp\/v2\/types\/page"}],"author":[{"embeddable":true,"href":"https:\/\/www.satine.com\/pt\/wp-json\/wp\/v2\/users\/1"}],"replies":[{"embeddable":true,"href":"https:\/\/www.satine.com\/pt\/wp-json\/wp\/v2\/comments?post=5551"}],"version-history":[{"count":5,"href":"https:\/\/www.satine.com\/pt\/wp-json\/wp\/v2\/pages\/5551\/revisions"}],"predecessor-version":[{"id":5563,"href":"https:\/\/www.satine.com\/pt\/wp-json\/wp\/v2\/pages\/5551\/revisions\/5563"}],"wp:attachment":[{"href":"https:\/\/www.satine.com\/pt\/wp-json\/wp\/v2\/media?parent=5551"}],"curies":[{"name":"wp","href":"https:\/\/api.w.org\/{rel}","templated":true}]}}