{"id":5431,"date":"2024-09-26T04:10:33","date_gmt":"2024-09-26T08:10:33","guid":{"rendered":"https:\/\/www.satine.com\/?page_id=5431"},"modified":"2024-09-26T04:20:21","modified_gmt":"2024-09-26T08:20:21","slug":"durabilidade-do-microcimento","status":"publish","type":"page","link":"https:\/\/www.satine.com\/pt\/microcement\/durability-of-microcement\/","title":{"rendered":"Durabilidade do Microcimento"},"content":{"rendered":"<p id=\"tw-target-text\"><\/p>\n\n\n\n<h2 class=\"wp-block-heading\">Durabilidade de <a href=\"https:\/\/www.satine.com\/microcement\">Microcimento<\/a>: <a href=\"https:\/\/www.satine.com\/microcement\/advantages-of-microcement\">Vantagens<\/a>Benef\u00edcios e utiliza\u00e7\u00f5es<\/h2>\n\n\n\n<p>O microcimento tem vindo a ganhar popularidade devido aos seus acabamentos elegantes e cont\u00ednuos e \u00e0 sua versatilidade em aplica\u00e7\u00f5es interiores e exteriores. Uma das quest\u00f5es mais importantes em torno deste material inovador \u00e9 a sua&nbsp;<strong>durabilidade<\/strong>. Quando aplicado e mantido corretamente, o microcimento pode oferecer uma longa vida \u00fatil, compar\u00e1vel ou mesmo superior a materiais mais tradicionais, como azulejos ou bet\u00e3o.<\/p>\n\n\n\n<h3 class=\"wp-block-heading\">O que \u00e9 que torna o microcimento dur\u00e1vel?<\/h3>\n\n\n\n<p>A durabilidade do microcimento deve-se a v\u00e1rios factores-chave:<\/p>\n\n\n\n<ol class=\"wp-block-list\">\n<li><strong>Composi\u00e7\u00e3o do material<\/strong>: O microcimento \u00e9 composto principalmente por uma mistura de cimento, pol\u00edmeros, pigmentos e aditivos. Quando combinados, estes ingredientes criam uma camada fina mas extremamente resistente que adere perfeitamente a uma variedade de superf\u00edcies. A adi\u00e7\u00e3o de pol\u00edmeros confere flexibilidade ao material, o que ajuda a evitar fissuras e outras formas de desgaste que poderiam reduzir a sua longevidade.<\/li>\n\n\n\n<li><strong>Aplica\u00e7\u00e3o em camada fina<\/strong>: Ao contr\u00e1rio de outros materiais que requerem camadas espessas para garantir a sua durabilidade, o microcimento atinge n\u00edveis elevados de resist\u00eancia com apenas alguns mil\u00edmetros de espessura (normalmente entre 2-3 mm). Isto torna-o uma op\u00e7\u00e3o ideal para renova\u00e7\u00f5es r\u00e1pidas, uma vez que pode ser aplicado diretamente sobre materiais existentes sem necessidade de remo\u00e7\u00e3o.<\/li>\n\n\n\n<li><strong>Alta ader\u00eancia<\/strong>: Uma das carater\u00edsticas mais marcantes do microcimento \u00e9 a sua excelente ader\u00eancia a v\u00e1rias superf\u00edcies, incluindo azulejos, bet\u00e3o, gesso e at\u00e9 madeira. Esta forte liga\u00e7\u00e3o garante que, uma vez aplicado corretamente, o microcimento n\u00e3o descasca nem forma bolsas de ar que possam comprometer a sua durabilidade ao longo do tempo.<\/li>\n\n\n\n<li><strong>Resist\u00eancia ao tr\u00e1fego e ao desgaste<\/strong>: O microcimento \u00e9 altamente resistente ao tr\u00e1fego pedonal, o que o torna ideal para \u00e1reas de grande utiliza\u00e7\u00e3o, como cozinhas, casas de banho, escrit\u00f3rios e espa\u00e7os comerciais. Quando devidamente selado, o material torna-se resistente a impactos, riscos e abras\u00f5es, contribuindo para a sua longa vida \u00fatil.<\/li>\n<\/ol>\n\n\n\n<div style=\"height:29px\" aria-hidden=\"true\" class=\"wp-block-spacer\"><\/div>\n\n\n\n<figure class=\"wp-block-image size-large is-resized\"><img loading=\"lazy\" decoding=\"async\" width=\"1024\" height=\"684\" src=\"https:\/\/www.satine.com\/wp-content\/uploads\/2024\/09\/FOTO-PIGMENTO-INSTAGRAM-AMAZON-1024x684.jpg\" alt=\"\" class=\"wp-image-5432\" style=\"aspect-ratio:16\/9;object-fit:cover;width:1600px\" srcset=\"https:\/\/www.satine.com\/wp-content\/uploads\/2024\/09\/FOTO-PIGMENTO-INSTAGRAM-AMAZON-1024x684.jpg 1024w, https:\/\/www.satine.com\/wp-content\/uploads\/2024\/09\/FOTO-PIGMENTO-INSTAGRAM-AMAZON-300x200.jpg 300w, https:\/\/www.satine.com\/wp-content\/uploads\/2024\/09\/FOTO-PIGMENTO-INSTAGRAM-AMAZON-768x513.jpg 768w, https:\/\/www.satine.com\/wp-content\/uploads\/2024\/09\/FOTO-PIGMENTO-INSTAGRAM-AMAZON-1536x1026.jpg 1536w, https:\/\/www.satine.com\/wp-content\/uploads\/2024\/09\/FOTO-PIGMENTO-INSTAGRAM-AMAZON-2048x1368.jpg 2048w, https:\/\/www.satine.com\/wp-content\/uploads\/2024\/09\/FOTO-PIGMENTO-INSTAGRAM-AMAZON-18x12.jpg 18w\" sizes=\"auto, (max-width: 1024px) 100vw, 1024px\" \/><\/figure>\n\n\n\n<div style=\"height:29px\" aria-hidden=\"true\" class=\"wp-block-spacer\"><\/div>\n\n\n\n<h3 class=\"wp-block-heading\">Factores que afectam a durabilidade do microcimento<\/h3>\n\n\n\n<p>Embora o microcimento seja um material robusto, a sua longevidade pode ser influenciada por v\u00e1rios factores, principalmente relacionados com&nbsp;<strong>qualidade do produto<\/strong>,&nbsp;<strong>t\u00e9cnicas de aplica\u00e7\u00e3o<\/strong>e&nbsp;<strong>pr\u00e1ticas de manuten\u00e7\u00e3o<\/strong>:<\/p>\n\n\n\n<ol class=\"wp-block-list\">\n<li><strong>Qualidade do microcimento<\/strong>: Os microcimentos n\u00e3o s\u00e3o todos iguais. As marcas de renome s\u00e3o submetidas a rigorosos controlos de qualidade para assegurar que as propor\u00e7\u00f5es corretas de resinas e aditivos s\u00e3o inclu\u00eddas na mistura, garantindo uma maior resist\u00eancia e durabilidade.<\/li>\n\n\n\n<li><strong>Aplica\u00e7\u00e3o profissional<\/strong>: O processo de aplica\u00e7\u00e3o \u00e9 fundamental para a durabilidade do microcimento. Se a prepara\u00e7\u00e3o da superf\u00edcie for deficiente, se as camadas forem mal aplicadas ou se o selante n\u00e3o for corretamente utilizado, a vida \u00fatil do microcimento pode ser significativamente reduzida, provocando fissuras ou desgaste precoce. \u00c9 essencial contratar profissionais experientes para uma instala\u00e7\u00e3o correta.<\/li>\n\n\n\n<li><strong>Manuten\u00e7\u00e3o adequada<\/strong>: Embora o microcimento seja um material de baixa manuten\u00e7\u00e3o, s\u00e3o necess\u00e1rios cuidados b\u00e1sicos para preservar o seu aspeto e funcionalidade. A limpeza regular com produtos de limpeza de pH neutro, evitando produtos qu\u00edmicos agressivos, e a aplica\u00e7\u00e3o de uma nova camada de selagem da superf\u00edcie de poucos em poucos anos s\u00e3o fundamentais para prolongar a sua durabilidade. Para \u00e1reas de tr\u00e1fego intenso, a aplica\u00e7\u00e3o de uma camada de cera protetora pode melhorar o acabamento e proteger a superf\u00edcie do desgaste.<\/li>\n\n\n\n<li><strong>Exposi\u00e7\u00e3o a condi\u00e7\u00f5es extremas<\/strong>: Em ambientes exteriores, a durabilidade do microcimento pode ser afetada pela exposi\u00e7\u00e3o constante a elementos como a luz solar intensa, as flutua\u00e7\u00f5es de temperatura ou a humidade. No entanto, os produtos especificamente concebidos para utiliza\u00e7\u00e3o no exterior, juntamente com uma selagem adequada, podem melhorar significativamente a sua resist\u00eancia a estas condi\u00e7\u00f5es.<\/li>\n<\/ol>\n\n\n\n<h3 class=\"wp-block-heading\">Durabilidade em diferentes aplica\u00e7\u00f5es<\/h3>\n\n\n\n<p>A longevidade do microcimento varia ligeiramente em fun\u00e7\u00e3o do local onde \u00e9 aplicado:<\/p>\n\n\n\n<ul class=\"wp-block-list\">\n<li><strong>Pavimentos<\/strong>: Com uma manuten\u00e7\u00e3o regular, os pavimentos de microcimento podem durar entre 40 e 50 anos, especialmente em \u00e1reas com tr\u00e1fego pedonal m\u00e9dio ou elevado. Selar novamente a superf\u00edcie a cada dois ou tr\u00eas anos ajuda a proteg\u00ea-la do desgaste.<\/li>\n\n\n\n<li><strong>Paredes<\/strong>: Uma vez que as paredes est\u00e3o menos expostas ao desgaste do que os pavimentos, o microcimento aplicado nas paredes pode durar ainda mais tempo. A sua superf\u00edcie sem juntas e sem costuras tamb\u00e9m ajuda a evitar a acumula\u00e7\u00e3o de humidade ou sujidade, prolongando ainda mais a sua vida \u00fatil.<\/li>\n\n\n\n<li><strong>Exteriores<\/strong>: Quando utilizado em espa\u00e7os exteriores, como terra\u00e7os ou fachadas, o tempo de vida do microcimento depende do clima e da exposi\u00e7\u00e3o aos elementos. O microcimento concebido especificamente para utiliza\u00e7\u00e3o no exterior, associado a uma impermeabiliza\u00e7\u00e3o adequada, pode suportar muitos anos de exposi\u00e7\u00e3o \u00e0 chuva, ao sol e \u00e0s mudan\u00e7as de temperatura.<\/li>\n<\/ul>\n\n\n\n<p><\/p>","protected":false},"excerpt":{"rendered":"<p>Durability of Microcement: Advantages, Benefits and Uses Microcement has surged in popularity for its sleek, continuous finishes and versatility in both interior and exterior applications. One of the most important questions surrounding this innovative material is its&nbsp;durability. When applied properly and maintained correctly, microcement can offer a long lifespan, comparable to or even surpassing more [&hellip;]<\/p>\n","protected":false},"author":1,"featured_media":0,"parent":2814,"menu_order":0,"comment_status":"closed","ping_status":"closed","template":"","meta":{"footnotes":""},"class_list":["post-5431","page","type-page","status-publish","hentry"],"yoast_head":"<!-- This site is optimized with the Yoast SEO plugin v27.5 - https:\/\/yoast.com\/product\/yoast-seo-wordpress\/ -->\n<title>Durability of Microcement - Satine<\/title>\n<meta name=\"description\" content=\"Learn about the long-lasting durability of microcement and the key factors that ensure its longevity in floors, walls, and outdoor spaces. Discover how proper application, maintenance, and advanced formulations make microcement a top choice for modern, seamless surfaces.\" \/>\n<meta name=\"robots\" content=\"index, follow, max-snippet:-1, max-image-preview:large, max-video-preview:-1\" \/>\n<link rel=\"canonical\" href=\"https:\/\/www.satine.com\/pt\/microcimento\/durabilidade-do-microcimento\/\" \/>\n<meta property=\"og:locale\" content=\"pt_PT\" \/>\n<meta property=\"og:type\" content=\"article\" \/>\n<meta property=\"og:title\" content=\"Durability of Microcement - Satine\" \/>\n<meta property=\"og:description\" content=\"Learn about the long-lasting durability of microcement and the key factors that ensure its longevity in floors, walls, and outdoor spaces. Discover how proper application, maintenance, and advanced formulations make microcement a top choice for modern, seamless surfaces.\" \/>\n<meta property=\"og:url\" content=\"https:\/\/www.satine.com\/pt\/microcimento\/durabilidade-do-microcimento\/\" \/>\n<meta property=\"og:site_name\" content=\"Satine\" \/>\n<meta property=\"article:modified_time\" content=\"2024-09-26T08:20:21+00:00\" \/>\n<meta property=\"og:image\" content=\"https:\/\/www.satine.com\/wp-content\/uploads\/2024\/09\/FOTO-PIGMENTO-INSTAGRAM-AMAZON-1024x684.jpg\" \/>\n<meta name=\"twitter:card\" content=\"summary_large_image\" \/>\n<meta name=\"twitter:label1\" content=\"Tempo estimado de leitura\" \/>\n\t<meta name=\"twitter:data1\" content=\"3 minutos\" \/>\n<script type=\"application\/ld+json\" class=\"yoast-schema-graph\">{\"@context\":\"https:\\\/\\\/schema.org\",\"@graph\":[{\"@type\":\"WebPage\",\"@id\":\"https:\\\/\\\/www.satine.com\\\/microcement\\\/durability-of-microcement\\\/\",\"url\":\"https:\\\/\\\/www.satine.com\\\/microcement\\\/durability-of-microcement\\\/\",\"name\":\"Durability of Microcement - Satine\",\"isPartOf\":{\"@id\":\"https:\\\/\\\/www.satine.com\\\/#website\"},\"primaryImageOfPage\":{\"@id\":\"https:\\\/\\\/www.satine.com\\\/microcement\\\/durability-of-microcement\\\/#primaryimage\"},\"image\":{\"@id\":\"https:\\\/\\\/www.satine.com\\\/microcement\\\/durability-of-microcement\\\/#primaryimage\"},\"thumbnailUrl\":\"https:\\\/\\\/www.satine.com\\\/wp-content\\\/uploads\\\/2024\\\/09\\\/FOTO-PIGMENTO-INSTAGRAM-AMAZON-1024x684.jpg\",\"datePublished\":\"2024-09-26T08:10:33+00:00\",\"dateModified\":\"2024-09-26T08:20:21+00:00\",\"description\":\"Learn about the long-lasting durability of microcement and the key factors that ensure its longevity in floors, walls, and outdoor spaces. Discover how proper application, maintenance, and advanced formulations make microcement a top choice for modern, seamless surfaces.\",\"breadcrumb\":{\"@id\":\"https:\\\/\\\/www.satine.com\\\/microcement\\\/durability-of-microcement\\\/#breadcrumb\"},\"inLanguage\":\"pt-PT\",\"potentialAction\":[{\"@type\":\"ReadAction\",\"target\":[\"https:\\\/\\\/www.satine.com\\\/microcement\\\/durability-of-microcement\\\/\"]}]},{\"@type\":\"ImageObject\",\"inLanguage\":\"pt-PT\",\"@id\":\"https:\\\/\\\/www.satine.com\\\/microcement\\\/durability-of-microcement\\\/#primaryimage\",\"url\":\"https:\\\/\\\/www.satine.com\\\/wp-content\\\/uploads\\\/2024\\\/09\\\/FOTO-PIGMENTO-INSTAGRAM-AMAZON-1024x684.jpg\",\"contentUrl\":\"https:\\\/\\\/www.satine.com\\\/wp-content\\\/uploads\\\/2024\\\/09\\\/FOTO-PIGMENTO-INSTAGRAM-AMAZON-1024x684.jpg\"},{\"@type\":\"BreadcrumbList\",\"@id\":\"https:\\\/\\\/www.satine.com\\\/microcement\\\/durability-of-microcement\\\/#breadcrumb\",\"itemListElement\":[{\"@type\":\"ListItem\",\"position\":1,\"name\":\"Inicio\",\"item\":\"https:\\\/\\\/www.satine.com\\\/\"},{\"@type\":\"ListItem\",\"position\":2,\"name\":\"Microcement\",\"item\":\"https:\\\/\\\/www.satine.com\\\/microcement\\\/\"},{\"@type\":\"ListItem\",\"position\":3,\"name\":\"Durability of Microcement\"}]},{\"@type\":\"WebSite\",\"@id\":\"https:\\\/\\\/www.satine.com\\\/#website\",\"url\":\"https:\\\/\\\/www.satine.com\\\/\",\"name\":\"Satine - Microcement\",\"description\":\"\",\"alternateName\":\"Satine - Microcement\",\"potentialAction\":[{\"@type\":\"SearchAction\",\"target\":{\"@type\":\"EntryPoint\",\"urlTemplate\":\"https:\\\/\\\/www.satine.com\\\/?s={search_term_string}\"},\"query-input\":{\"@type\":\"PropertyValueSpecification\",\"valueRequired\":true,\"valueName\":\"search_term_string\"}}],\"inLanguage\":\"pt-PT\"}]}<\/script>\n<!-- \/ Yoast SEO plugin. -->","yoast_head_json":{"title":"Durabilidade do Microcimento - Satine","description":"Saiba mais sobre a durabilidade do microcimento e os factores-chave que garantem a sua longevidade em pavimentos, paredes e espa\u00e7os exteriores. Descubra como a aplica\u00e7\u00e3o correta, a manuten\u00e7\u00e3o e as formula\u00e7\u00f5es avan\u00e7adas fazem do microcimento a melhor escolha para superf\u00edcies modernas e sem juntas.","robots":{"index":"index","follow":"follow","max-snippet":"max-snippet:-1","max-image-preview":"max-image-preview:large","max-video-preview":"max-video-preview:-1"},"canonical":"https:\/\/www.satine.com\/pt\/microcimento\/durabilidade-do-microcimento\/","og_locale":"pt_PT","og_type":"article","og_title":"Durability of Microcement - Satine","og_description":"Learn about the long-lasting durability of microcement and the key factors that ensure its longevity in floors, walls, and outdoor spaces. Discover how proper application, maintenance, and advanced formulations make microcement a top choice for modern, seamless surfaces.","og_url":"https:\/\/www.satine.com\/pt\/microcimento\/durabilidade-do-microcimento\/","og_site_name":"Satine","article_modified_time":"2024-09-26T08:20:21+00:00","og_image":[{"url":"https:\/\/www.satine.com\/wp-content\/uploads\/2024\/09\/FOTO-PIGMENTO-INSTAGRAM-AMAZON-1024x684.jpg","type":"","width":"","height":""}],"twitter_card":"summary_large_image","twitter_misc":{"Tempo estimado de leitura":"3 minutos"},"schema":{"@context":"https:\/\/schema.org","@graph":[{"@type":"WebPage","@id":"https:\/\/www.satine.com\/microcement\/durability-of-microcement\/","url":"https:\/\/www.satine.com\/microcement\/durability-of-microcement\/","name":"Durabilidade do Microcimento - Satine","isPartOf":{"@id":"https:\/\/www.satine.com\/#website"},"primaryImageOfPage":{"@id":"https:\/\/www.satine.com\/microcement\/durability-of-microcement\/#primaryimage"},"image":{"@id":"https:\/\/www.satine.com\/microcement\/durability-of-microcement\/#primaryimage"},"thumbnailUrl":"https:\/\/www.satine.com\/wp-content\/uploads\/2024\/09\/FOTO-PIGMENTO-INSTAGRAM-AMAZON-1024x684.jpg","datePublished":"2024-09-26T08:10:33+00:00","dateModified":"2024-09-26T08:20:21+00:00","description":"Saiba mais sobre a durabilidade do microcimento e os factores-chave que garantem a sua longevidade em pavimentos, paredes e espa\u00e7os exteriores. Descubra como a aplica\u00e7\u00e3o correta, a manuten\u00e7\u00e3o e as formula\u00e7\u00f5es avan\u00e7adas fazem do microcimento a melhor escolha para superf\u00edcies modernas e sem juntas.","breadcrumb":{"@id":"https:\/\/www.satine.com\/microcement\/durability-of-microcement\/#breadcrumb"},"inLanguage":"pt-PT","potentialAction":[{"@type":"ReadAction","target":["https:\/\/www.satine.com\/microcement\/durability-of-microcement\/"]}]},{"@type":"ImageObject","inLanguage":"pt-PT","@id":"https:\/\/www.satine.com\/microcement\/durability-of-microcement\/#primaryimage","url":"https:\/\/www.satine.com\/wp-content\/uploads\/2024\/09\/FOTO-PIGMENTO-INSTAGRAM-AMAZON-1024x684.jpg","contentUrl":"https:\/\/www.satine.com\/wp-content\/uploads\/2024\/09\/FOTO-PIGMENTO-INSTAGRAM-AMAZON-1024x684.jpg"},{"@type":"BreadcrumbList","@id":"https:\/\/www.satine.com\/microcement\/durability-of-microcement\/#breadcrumb","itemListElement":[{"@type":"ListItem","position":1,"name":"Inicio","item":"https:\/\/www.satine.com\/"},{"@type":"ListItem","position":2,"name":"Microcement","item":"https:\/\/www.satine.com\/microcement\/"},{"@type":"ListItem","position":3,"name":"Durability of Microcement"}]},{"@type":"WebSite","@id":"https:\/\/www.satine.com\/#website","url":"https:\/\/www.satine.com\/","name":"Satine - Microcimento","description":"","alternateName":"Satine - Microcement","potentialAction":[{"@type":"SearchAction","target":{"@type":"EntryPoint","urlTemplate":"https:\/\/www.satine.com\/?s={search_term_string}"},"query-input":{"@type":"PropertyValueSpecification","valueRequired":true,"valueName":"search_term_string"}}],"inLanguage":"pt-PT"}]}},"_links":{"self":[{"href":"https:\/\/www.satine.com\/pt\/wp-json\/wp\/v2\/pages\/5431","targetHints":{"allow":["GET"]}}],"collection":[{"href":"https:\/\/www.satine.com\/pt\/wp-json\/wp\/v2\/pages"}],"about":[{"href":"https:\/\/www.satine.com\/pt\/wp-json\/wp\/v2\/types\/page"}],"author":[{"embeddable":true,"href":"https:\/\/www.satine.com\/pt\/wp-json\/wp\/v2\/users\/1"}],"replies":[{"embeddable":true,"href":"https:\/\/www.satine.com\/pt\/wp-json\/wp\/v2\/comments?post=5431"}],"version-history":[{"count":2,"href":"https:\/\/www.satine.com\/pt\/wp-json\/wp\/v2\/pages\/5431\/revisions"}],"predecessor-version":[{"id":5434,"href":"https:\/\/www.satine.com\/pt\/wp-json\/wp\/v2\/pages\/5431\/revisions\/5434"}],"up":[{"embeddable":true,"href":"https:\/\/www.satine.com\/pt\/wp-json\/wp\/v2\/pages\/2814"}],"wp:attachment":[{"href":"https:\/\/www.satine.com\/pt\/wp-json\/wp\/v2\/media?parent=5431"}],"curies":[{"name":"wp","href":"https:\/\/api.w.org\/{rel}","templated":true}]}}