{"id":5402,"date":"2024-09-24T03:44:16","date_gmt":"2024-09-24T07:44:16","guid":{"rendered":"https:\/\/www.satine.com\/?page_id=5402"},"modified":"2024-09-24T03:44:53","modified_gmt":"2024-09-24T07:44:53","slug":"como-aplicar-o-microcimento","status":"publish","type":"page","link":"https:\/\/www.satine.com\/pt\/microcement\/how-to-apply-microcement\/","title":{"rendered":"Como aplicar o microcimento"},"content":{"rendered":"<h2 class=\"wp-block-heading\"><strong>Como aplicar o microcimento: Tudo o que precisa de saber<\/strong><\/h2>\n\n\n\n<p>Nesta sec\u00e7\u00e3o exclusiva para <a href=\"https:\/\/www.satine.com\/microcement\">microcimento<\/a> profissionais, encontrar\u00e1 numerosos conselhos da nossa equipa de especialistas sobre a aplica\u00e7\u00e3o do microcimento em paredes, pavimentos, interiores, exteriores e piscinas.<\/p>\n\n\n\n<p>Ficar\u00e1 a saber qual o tipo de microcimento mais adequado em fun\u00e7\u00e3o da superf\u00edcie a revestir e do material existente, bem como as ferramentas espec\u00edficas necess\u00e1rias para aplicar o microcimento para obter um resultado \u00f3timo: esp\u00e1tulas, esp\u00e1tulas, rolos, etc.<\/p>\n\n\n\n<p>Nesta sec\u00e7\u00e3o, encontrar\u00e1 tamb\u00e9m as diferentes t\u00e9cnicas de aplica\u00e7\u00e3o do microcimento em fun\u00e7\u00e3o do acabamento pretendido. O microcimento \u00e9 um revestimento que oferece m\u00faltiplas possibilidades decorativas.<\/p>\n\n\n\n<h2 class=\"wp-block-heading\"><strong>Aplica\u00e7\u00e3o de microcimento passo a passo: M\u00e9todo de aplica\u00e7\u00e3o<\/strong><\/h2>\n\n\n\n<p>O processo de aplica\u00e7\u00e3o do microcimento depende do sistema de microcimento Satine escolhido.<\/p>\n\n\n\n<p>No entanto, em termos gerais, a aplica\u00e7\u00e3o do microcimento em pavimentos e paredes \u00e9 a seguinte:<\/p>\n\n\n\n<ol class=\"wp-block-list\">\n<li>Preparar a superf\u00edcie de trabalho, colocar a rede e aplicar o prim\u00e1rio ou o promotor de ader\u00eancia.<\/li>\n\n\n\n<li>Aplicar duas camadas de microcimento de prepara\u00e7\u00e3o ou de base sobre uma rede, que servir\u00e1 de suporte para o microcimento de acabamento.<\/li>\n\n\n\n<li>De seguida, aplicar duas dem\u00e3os de microcimento de acabamento. \u00c9 este que combina a textura e a cor pretendidas, dando o aspeto final \u00e0 superf\u00edcie.<\/li>\n<\/ol>\n\n\n\n<p>Os pavimentos de microcimento est\u00e3o na moda por serem uma solu\u00e7\u00e3o decorativa dur\u00e1vel e resistente, ao mesmo tempo que oferecem um elevado n\u00edvel de personaliza\u00e7\u00e3o. Mostramos-lhe como aplicar o microcimento passo a passo em pavimentos, tanto em superf\u00edcies interiores como exteriores.<\/p>\n\n\n\n<h2 class=\"wp-block-heading\"><strong>Como candidatar-se <a href=\"https:\/\/www.satine.com\/microcement-walls\">Microcimento em paredes<\/a><\/strong><\/h2>\n\n\n\n<p>A utiliza\u00e7\u00e3o do microcimento nas paredes generalizou-se devido ao seu aspeto industrial, \u00e0 rapidez de instala\u00e7\u00e3o, \u00e0 forte ader\u00eancia e \u00e0 elevada resist\u00eancia \u00e0 fissura\u00e7\u00e3o, entre muitas outras qualidades. \u00c9 por isso que n\u00e3o \u00e9 surpreendente ver mais paredes de microcimento, n\u00e3o s\u00f3 em casas particulares, mas tamb\u00e9m em grandes espa\u00e7os comerciais como hot\u00e9is ou restaurantes.<\/p>\n\n\n\n<p>Mas como \u00e9 que se aplica o microcimento nas paredes? Nesta sec\u00e7\u00e3o, explicamos como aplicar microcimento em paredes, passo a passo, tanto para superf\u00edcies interiores como exteriores.<\/p>\n\n\n\n<div style=\"height:30px\" aria-hidden=\"true\" class=\"wp-block-spacer\"><\/div>\n\n\n\n<figure class=\"wp-block-image size-full is-resized is-style-default\"><img loading=\"lazy\" decoding=\"async\" width=\"1024\" height=\"1024\" src=\"https:\/\/www.satine.com\/wp-content\/uploads\/2024\/09\/Microcemento-Satine-1024x1024-6.png\" alt=\"\" class=\"wp-image-5403\" style=\"aspect-ratio:16\/9;object-fit:cover;width:1600px\" srcset=\"https:\/\/www.satine.com\/wp-content\/uploads\/2024\/09\/Microcemento-Satine-1024x1024-6.png 1024w, https:\/\/www.satine.com\/wp-content\/uploads\/2024\/09\/Microcemento-Satine-1024x1024-6-300x300.png 300w, https:\/\/www.satine.com\/wp-content\/uploads\/2024\/09\/Microcemento-Satine-1024x1024-6-150x150.png 150w, https:\/\/www.satine.com\/wp-content\/uploads\/2024\/09\/Microcemento-Satine-1024x1024-6-768x768.png 768w, https:\/\/www.satine.com\/wp-content\/uploads\/2024\/09\/Microcemento-Satine-1024x1024-6-12x12.png 12w\" sizes=\"auto, (max-width: 1024px) 100vw, 1024px\" \/><\/figure>\n\n\n\n<div style=\"height:30px\" aria-hidden=\"true\" class=\"wp-block-spacer\"><\/div>\n\n\n\n<h2 class=\"wp-block-heading\"><strong>Como candidatar-se <a href=\"https:\/\/www.satine.com\/microcement-pools\">Microcimento em piscinas<\/a><\/strong><\/h2>\n\n\n\n<p>As piscinas de microcimento est\u00e3o na moda. A impermeabilidade e a resist\u00eancia ao deslizamento do microcimento s\u00e3o algumas das chaves do seu sucesso. Para al\u00e9m disso, uma piscina em microcimento permite praticamente qualquer design, o que \u00e9 extremamente apelativo do ponto de vista visual.<\/p>\n\n\n\n<p>Na Satine, estamos conscientes das in\u00fameras vantagens deste revestimento decorativo para a constru\u00e7\u00e3o de uma piscina. Desenvolvemos v\u00e1rios sistemas de microcimento (monocomponente, bicomponente e pronto a usar) para obter diferentes texturas e acabamentos. De seguida, explicamos a aplica\u00e7\u00e3o do microcimento em pavimentos.<\/p>\n\n\n\n<h2 class=\"wp-block-heading\"><strong>Dicas para aplicar corretamente o microcimento<\/strong><\/h2>\n\n\n\n<p>Os principais problemas relacionados com o microcimento resultam de uma s\u00e9rie de erros de aplica\u00e7\u00e3o. Desde n\u00e3o seguir rigorosamente as etapas ou n\u00e3o respeitar os tempos de secagem entre camadas at\u00e9 ignorar a temperatura ambiente ou n\u00e3o utilizar as ferramentas adequadas.<\/p>\n\n\n\n<p>\u00c9 por isso que agora oferecemos uma s\u00e9rie de dicas para aplicar o microcimento de forma \u00f3ptima.<\/p>\n\n\n\n<ol class=\"wp-block-list\">\n<li><strong>Confie apenas em profissionais para a aplica\u00e7\u00e3o do microcimento<\/strong>\u00a0A aplica\u00e7\u00e3o de microcimento n\u00e3o \u00e9 t\u00e3o simples como pode parecer \u00e0 primeira vista. O aplicador de microcimento deve saber avaliar o substrato e reconhecer se este necessita de repara\u00e7\u00e3o antes de aplicar o microcimento. Um profissional experiente saber\u00e1 qual o microcimento mais adequado para cada projeto de renova\u00e7\u00e3o, consoante a superf\u00edcie, o substrato e o acabamento pretendido.<\/li>\n\n\n\n<li><strong>Planear o trabalho antes de aplicar o microcimento<\/strong>\u00a0Apesar de o microcimento ser um revestimento decorativo que permite transforma\u00e7\u00f5es r\u00e1pidas sem necessidade de obras, \u00e9 fundamental planear detalhadamente a obra antes de aplicar o microcimento, pois, dependendo do projeto, pode ser necess\u00e1rio envolver outros profissionais. Neste cen\u00e1rio, a aplica\u00e7\u00e3o do microcimento deve ser sempre deixada para o fim, exceto a \u00faltima dem\u00e3o de tinta, a instala\u00e7\u00e3o de carpintarias e a coloca\u00e7\u00e3o de acess\u00f3rios sanit\u00e1rios.<\/li>\n\n\n\n<li><strong>Ferramentas essenciais para a aplica\u00e7\u00e3o de microcimento<\/strong>\u00a0N\u00e3o \u00e9 qualquer ferramenta que serve para aplicar o microcimento, mas sim ferramentas muito espec\u00edficas, habitualmente utilizadas no sector da constru\u00e7\u00e3o, que detalharemos a seguir:\n<ul class=\"wp-block-list\">\n<li><strong>Fita de pintor ou papel com fita adesiva:<\/strong>\u00a0Para proteger de salpicos as zonas onde o microcimento n\u00e3o vai ser aplicado.<\/li>\n\n\n\n<li><strong>Jarro de medi\u00e7\u00e3o:<\/strong>\u00a0O jarro permite-lhe dosear a quantidade de resina (para os microcimentos bicomponentes) ou de \u00e1gua (para os monocomponentes) necess\u00e1ria para a mistura.<\/li>\n\n\n\n<li><strong>Misturador mec\u00e2nico de baixa velocidade com p\u00e1 de dupla h\u00e9lice:<\/strong>\u00a0Para misturar corretamente o microcimento e obter uma mistura homog\u00e9nea.<\/li>\n\n\n\n<li><strong>Esp\u00e1tula:<\/strong>\u00a0Utilizado como suporte para a esp\u00e1tula.<\/li>\n\n\n\n<li><strong>Esp\u00e1tula:<\/strong>\u00a0Dispon\u00edveis em v\u00e1rios tipos e tamanhos, fabricados em a\u00e7o inoxid\u00e1vel flex\u00edvel ou em borracha, consoante o material a aplicar.<\/li>\n\n\n\n<li><strong>Aspirador industrial, lixadeira orbital, luvas de lixar e lixas de carboneto de sil\u00edcio:<\/strong>\u00a0Quando o microcimento estiver seco, as imperfei\u00e7\u00f5es devem ser lixadas e o p\u00f3 gerado deve ser aspirado para continuar o processo.<\/li>\n\n\n\n<li><strong>Rolos:<\/strong>\u00a0Utilizado para aplicar prim\u00e1rios, vedantes de poros e vedantes de verniz.<\/li>\n<\/ul>\n<\/li>\n<\/ol>\n\n\n\n<h2 class=\"wp-block-heading\"><strong>Inspecionar o estado do substrato antes de aplicar o microcimento<\/strong><\/h2>\n\n\n\n<p>Como j\u00e1 foi referido, se o substrato n\u00e3o estiver em boas condi\u00e7\u00f5es, o microcimento n\u00e3o pode ser aplicado de forma fi\u00e1vel. H\u00e1 quatro factores do substrato que os profissionais devem verificar antes de aplicar o microcimento.<\/p>\n\n\n\n<ol class=\"wp-block-list\">\n<li><strong>Nivelamento do substrato<\/strong>\u00a0O microcimento \u00e9 aplicado em camadas de espessura n\u00e3o superior a 1 mm, e a espessura total n\u00e3o exceder\u00e1 quatro mil\u00edmetros, pelo que as irregularidades do substrato devem ser corrigidas antes da aplica\u00e7\u00e3o. O microcimento pode ser aplicado em pavimentos, paredes e at\u00e9 tectos, mas o resultado final depende do substrato e da per\u00edcia do aplicador.<\/li>\n\n\n\n<li><strong>Estabilidade do substrato<\/strong>\u00a0A base de aplica\u00e7\u00e3o deve ser est\u00e1vel. Os suportes com argamassas pulverulentas ou azulejos soltos n\u00e3o s\u00e3o adequados. Consoante o seu estado, devem ser removidos ou consolidados com argamassas de endurecimento r\u00e1pido.<\/li>\n\n\n\n<li><strong>Substrato sem humidade<\/strong>\u00a0Se houver humidade no substrato, o microcimento n\u00e3o pode ser aplicado. \u00c9 essencial determinar a origem da humidade e elimin\u00e1-la. Recomendamos a utiliza\u00e7\u00e3o de um medidor de humidade para garantir que nunca excede 5%. O substrato deve ter sido submetido a um processo de cura suficiente. A temperatura, a humidade ambiente e a ventila\u00e7\u00e3o do local de trabalho afectam o tempo de secagem das argamassas, acelerando-o ou retardando-o.<\/li>\n\n\n\n<li><strong>Proteger a \u00e1rea de trabalho antes de aplicar o microcimento<\/strong>\u00a0A \u00e1rea de trabalho e as superf\u00edcies que n\u00e3o v\u00e3o ser revestidas devem ser adequadamente protegidas. O microcimento adere muito fortemente e \u00e9 dif\u00edcil de limpar quando seca. Utilize os materiais de prote\u00e7\u00e3o normais utilizados em trabalhos de pintura, tais como fita de pintor, papel de prote\u00e7\u00e3o e folhas de pl\u00e1stico.<\/li>\n<\/ol>\n\n\n\n<h2 class=\"wp-block-heading\"><strong>Diferentes acabamentos consoante a aplica\u00e7\u00e3o do microcimento<\/strong><\/h2>\n\n\n\n<p>Gra\u00e7as ao trabalho artesanal que envolve a aplica\u00e7\u00e3o do microcimento, \u00e9 poss\u00edvel obter v\u00e1rios acabamentos com o mesmo material. Estes acabamentos dependem da base utilizada, do m\u00e9todo de aplica\u00e7\u00e3o, do movimento da esp\u00e1tula, do tipo de microcimento e da cor.<\/p>\n\n\n\n<ol class=\"wp-block-list\">\n<li><strong>O tipo de esp\u00e1tula utilizada para aplicar o microcimento<\/strong>\u00a0A escolha da esp\u00e1tula \u00e9 crucial para o aspeto final do revestimento de microcimento. Utilizamos esp\u00e1tulas de borracha exclusivamente para o Microfino. Com esta ferramenta, as marcas de \u00e1gua s\u00e3o ligeiramente menos pronunciadas do que com uma talocha de a\u00e7o. A esp\u00e1tula de borracha exerce menos press\u00e3o sobre o produto, resultando num acabamento mais suave. Em contrapartida, uma esp\u00e1tula de a\u00e7o flex\u00edvel \u00e9 recomendada se se pretender um efeito queimado ou marcas pretas<a href=\"https:\/\/www.satine.com\">.<\/a><\/li>\n\n\n\n<li><strong>A aplica\u00e7\u00e3o da camada de base de microcimento<\/strong>\u00a0Costumamos dizer que cada camada deve ser aplicada como se fosse a \u00faltima, pois, devido \u00e0 espessura do material, os padr\u00f5es ou imperfei\u00e7\u00f5es das camadas anteriores v\u00e3o aparecer nas camadas seguintes. Esta carater\u00edstica do microcimento pode ser aproveitada para criar texturas<a href=\"https:\/\/www.satinestone.com\">.<\/a><\/li>\n\n\n\n<li><strong>A cor e o tipo de microcimento aplicado<\/strong>\u00a0As cores mais escuras mostrar\u00e3o mais as marcas de \u00e1gua, enquanto que nas cores brancas e esbranqui\u00e7adas, as marcas de \u00e1gua ser\u00e3o quase impercept\u00edveis, especialmente se forem aplicadas com uma esp\u00e1tula de borracha.<\/li>\n<\/ol>","protected":false},"excerpt":{"rendered":"<p>How to Apply Microcement: Everything You Need to Know In this exclusive section for microcement professionals, you will find numerous tips from our team of experts on how to apply microcement on walls, floors, interiors, exteriors, and swimming pools. You will learn which type of microcement is most appropriate depending on the surface to be [&hellip;]<\/p>\n","protected":false},"author":1,"featured_media":0,"parent":2814,"menu_order":0,"comment_status":"closed","ping_status":"closed","template":"","meta":{"footnotes":""},"class_list":["post-5402","page","type-page","status-publish","hentry"],"yoast_head":"<!-- This site is optimized with the Yoast SEO plugin v27.4 - https:\/\/yoast.com\/product\/yoast-seo-wordpress\/ -->\n<title>How to Apply Microcement - Satine<\/title>\n<meta name=\"description\" content=\"Learn how to apply microcement step-by-step with expert tips on walls, floors, pools, and more. Discover techniques, tools, and best practices for flawless microcement finishes.\" \/>\n<meta name=\"robots\" content=\"index, follow, max-snippet:-1, max-image-preview:large, max-video-preview:-1\" \/>\n<link rel=\"canonical\" href=\"https:\/\/www.satine.com\/pt\/microcimento\/como-aplicar-o-microcimento\/\" \/>\n<meta property=\"og:locale\" content=\"pt_PT\" \/>\n<meta property=\"og:type\" content=\"article\" \/>\n<meta property=\"og:title\" content=\"How to Apply Microcement - Satine\" \/>\n<meta property=\"og:description\" content=\"Learn how to apply microcement step-by-step with expert tips on walls, floors, pools, and more. Discover techniques, tools, and best practices for flawless microcement finishes.\" \/>\n<meta property=\"og:url\" content=\"https:\/\/www.satine.com\/pt\/microcimento\/como-aplicar-o-microcimento\/\" \/>\n<meta property=\"og:site_name\" content=\"Satine\" \/>\n<meta property=\"article:modified_time\" content=\"2024-09-24T07:44:53+00:00\" \/>\n<meta property=\"og:image\" content=\"https:\/\/www.satine.com\/wp-content\/uploads\/2024\/09\/Microcemento-Satine-1024x1024-6.png\" \/>\n<meta name=\"twitter:card\" content=\"summary_large_image\" \/>\n<meta name=\"twitter:label1\" content=\"Tempo estimado de leitura\" \/>\n\t<meta name=\"twitter:data1\" content=\"6 minutos\" \/>\n<script type=\"application\/ld+json\" class=\"yoast-schema-graph\">{\"@context\":\"https:\\\/\\\/schema.org\",\"@graph\":[{\"@type\":\"WebPage\",\"@id\":\"https:\\\/\\\/www.satine.com\\\/microcement\\\/how-to-apply-microcement\\\/\",\"url\":\"https:\\\/\\\/www.satine.com\\\/microcement\\\/how-to-apply-microcement\\\/\",\"name\":\"How to Apply Microcement - Satine\",\"isPartOf\":{\"@id\":\"https:\\\/\\\/www.satine.com\\\/#website\"},\"primaryImageOfPage\":{\"@id\":\"https:\\\/\\\/www.satine.com\\\/microcement\\\/how-to-apply-microcement\\\/#primaryimage\"},\"image\":{\"@id\":\"https:\\\/\\\/www.satine.com\\\/microcement\\\/how-to-apply-microcement\\\/#primaryimage\"},\"thumbnailUrl\":\"https:\\\/\\\/www.satine.com\\\/wp-content\\\/uploads\\\/2024\\\/09\\\/Microcemento-Satine-1024x1024-6.png\",\"datePublished\":\"2024-09-24T07:44:16+00:00\",\"dateModified\":\"2024-09-24T07:44:53+00:00\",\"description\":\"Learn how to apply microcement step-by-step with expert tips on walls, floors, pools, and more. Discover techniques, tools, and best practices for flawless microcement finishes.\",\"breadcrumb\":{\"@id\":\"https:\\\/\\\/www.satine.com\\\/microcement\\\/how-to-apply-microcement\\\/#breadcrumb\"},\"inLanguage\":\"pt-PT\",\"potentialAction\":[{\"@type\":\"ReadAction\",\"target\":[\"https:\\\/\\\/www.satine.com\\\/microcement\\\/how-to-apply-microcement\\\/\"]}]},{\"@type\":\"ImageObject\",\"inLanguage\":\"pt-PT\",\"@id\":\"https:\\\/\\\/www.satine.com\\\/microcement\\\/how-to-apply-microcement\\\/#primaryimage\",\"url\":\"https:\\\/\\\/www.satine.com\\\/wp-content\\\/uploads\\\/2024\\\/09\\\/Microcemento-Satine-1024x1024-6.png\",\"contentUrl\":\"https:\\\/\\\/www.satine.com\\\/wp-content\\\/uploads\\\/2024\\\/09\\\/Microcemento-Satine-1024x1024-6.png\"},{\"@type\":\"BreadcrumbList\",\"@id\":\"https:\\\/\\\/www.satine.com\\\/microcement\\\/how-to-apply-microcement\\\/#breadcrumb\",\"itemListElement\":[{\"@type\":\"ListItem\",\"position\":1,\"name\":\"Inicio\",\"item\":\"https:\\\/\\\/www.satine.com\\\/\"},{\"@type\":\"ListItem\",\"position\":2,\"name\":\"Microcement\",\"item\":\"https:\\\/\\\/www.satine.com\\\/microcement\\\/\"},{\"@type\":\"ListItem\",\"position\":3,\"name\":\"How to Apply Microcement\"}]},{\"@type\":\"WebSite\",\"@id\":\"https:\\\/\\\/www.satine.com\\\/#website\",\"url\":\"https:\\\/\\\/www.satine.com\\\/\",\"name\":\"Satine - Microcement\",\"description\":\"\",\"alternateName\":\"Satine - Microcement\",\"potentialAction\":[{\"@type\":\"SearchAction\",\"target\":{\"@type\":\"EntryPoint\",\"urlTemplate\":\"https:\\\/\\\/www.satine.com\\\/?s={search_term_string}\"},\"query-input\":{\"@type\":\"PropertyValueSpecification\",\"valueRequired\":true,\"valueName\":\"search_term_string\"}}],\"inLanguage\":\"pt-PT\"}]}<\/script>\n<!-- \/ Yoast SEO plugin. -->","yoast_head_json":{"title":"Como aplicar o Microcimento - Satine","description":"Aprenda a aplicar o microcimento passo a passo com dicas de especialistas em paredes, pavimentos, piscinas e muito mais. Descubra t\u00e9cnicas, ferramentas e melhores pr\u00e1ticas para acabamentos de microcimento impec\u00e1veis.","robots":{"index":"index","follow":"follow","max-snippet":"max-snippet:-1","max-image-preview":"max-image-preview:large","max-video-preview":"max-video-preview:-1"},"canonical":"https:\/\/www.satine.com\/pt\/microcimento\/como-aplicar-o-microcimento\/","og_locale":"pt_PT","og_type":"article","og_title":"How to Apply Microcement - Satine","og_description":"Learn how to apply microcement step-by-step with expert tips on walls, floors, pools, and more. Discover techniques, tools, and best practices for flawless microcement finishes.","og_url":"https:\/\/www.satine.com\/pt\/microcimento\/como-aplicar-o-microcimento\/","og_site_name":"Satine","article_modified_time":"2024-09-24T07:44:53+00:00","og_image":[{"url":"https:\/\/www.satine.com\/wp-content\/uploads\/2024\/09\/Microcemento-Satine-1024x1024-6.png","type":"","width":"","height":""}],"twitter_card":"summary_large_image","twitter_misc":{"Tempo estimado de leitura":"6 minutos"},"schema":{"@context":"https:\/\/schema.org","@graph":[{"@type":"WebPage","@id":"https:\/\/www.satine.com\/microcement\/how-to-apply-microcement\/","url":"https:\/\/www.satine.com\/microcement\/how-to-apply-microcement\/","name":"Como aplicar o Microcimento - Satine","isPartOf":{"@id":"https:\/\/www.satine.com\/#website"},"primaryImageOfPage":{"@id":"https:\/\/www.satine.com\/microcement\/how-to-apply-microcement\/#primaryimage"},"image":{"@id":"https:\/\/www.satine.com\/microcement\/how-to-apply-microcement\/#primaryimage"},"thumbnailUrl":"https:\/\/www.satine.com\/wp-content\/uploads\/2024\/09\/Microcemento-Satine-1024x1024-6.png","datePublished":"2024-09-24T07:44:16+00:00","dateModified":"2024-09-24T07:44:53+00:00","description":"Aprenda a aplicar o microcimento passo a passo com dicas de especialistas em paredes, pavimentos, piscinas e muito mais. Descubra t\u00e9cnicas, ferramentas e melhores pr\u00e1ticas para acabamentos de microcimento impec\u00e1veis.","breadcrumb":{"@id":"https:\/\/www.satine.com\/microcement\/how-to-apply-microcement\/#breadcrumb"},"inLanguage":"pt-PT","potentialAction":[{"@type":"ReadAction","target":["https:\/\/www.satine.com\/microcement\/how-to-apply-microcement\/"]}]},{"@type":"ImageObject","inLanguage":"pt-PT","@id":"https:\/\/www.satine.com\/microcement\/how-to-apply-microcement\/#primaryimage","url":"https:\/\/www.satine.com\/wp-content\/uploads\/2024\/09\/Microcemento-Satine-1024x1024-6.png","contentUrl":"https:\/\/www.satine.com\/wp-content\/uploads\/2024\/09\/Microcemento-Satine-1024x1024-6.png"},{"@type":"BreadcrumbList","@id":"https:\/\/www.satine.com\/microcement\/how-to-apply-microcement\/#breadcrumb","itemListElement":[{"@type":"ListItem","position":1,"name":"Inicio","item":"https:\/\/www.satine.com\/"},{"@type":"ListItem","position":2,"name":"Microcement","item":"https:\/\/www.satine.com\/microcement\/"},{"@type":"ListItem","position":3,"name":"How to Apply Microcement"}]},{"@type":"WebSite","@id":"https:\/\/www.satine.com\/#website","url":"https:\/\/www.satine.com\/","name":"Satine - Microcimento","description":"","alternateName":"Satine - Microcement","potentialAction":[{"@type":"SearchAction","target":{"@type":"EntryPoint","urlTemplate":"https:\/\/www.satine.com\/?s={search_term_string}"},"query-input":{"@type":"PropertyValueSpecification","valueRequired":true,"valueName":"search_term_string"}}],"inLanguage":"pt-PT"}]}},"_links":{"self":[{"href":"https:\/\/www.satine.com\/pt\/wp-json\/wp\/v2\/pages\/5402","targetHints":{"allow":["GET"]}}],"collection":[{"href":"https:\/\/www.satine.com\/pt\/wp-json\/wp\/v2\/pages"}],"about":[{"href":"https:\/\/www.satine.com\/pt\/wp-json\/wp\/v2\/types\/page"}],"author":[{"embeddable":true,"href":"https:\/\/www.satine.com\/pt\/wp-json\/wp\/v2\/users\/1"}],"replies":[{"embeddable":true,"href":"https:\/\/www.satine.com\/pt\/wp-json\/wp\/v2\/comments?post=5402"}],"version-history":[{"count":1,"href":"https:\/\/www.satine.com\/pt\/wp-json\/wp\/v2\/pages\/5402\/revisions"}],"predecessor-version":[{"id":5404,"href":"https:\/\/www.satine.com\/pt\/wp-json\/wp\/v2\/pages\/5402\/revisions\/5404"}],"up":[{"embeddable":true,"href":"https:\/\/www.satine.com\/pt\/wp-json\/wp\/v2\/pages\/2814"}],"wp:attachment":[{"href":"https:\/\/www.satine.com\/pt\/wp-json\/wp\/v2\/media?parent=5402"}],"curies":[{"name":"wp","href":"https:\/\/api.w.org\/{rel}","templated":true}]}}