{"id":5228,"date":"2024-09-17T07:52:31","date_gmt":"2024-09-17T11:52:31","guid":{"rendered":"https:\/\/www.satine.com\/?page_id=5228"},"modified":"2024-09-24T05:26:42","modified_gmt":"2024-09-24T09:26:42","slug":"microcement-kitchens","status":"publish","type":"page","link":"https:\/\/www.satine.com\/pt\/microcement\/microcement-kitchens\/","title":{"rendered":"Microcement Kitchens"},"content":{"rendered":"<h3 class=\"wp-block-heading\">Microcement Kitchens: Advantages, Benefits and Uses<\/h3>\n\n\n\n<p><a href=\"https:\/\/www.satine.com\/microcement\">Microcimento<\/a> kitchens are the preferred choice of an increasing number of renovation professionals, architects, and decorators due to the numerous advantages offered by this decorative coating. It ensures unique creations to renew such an important space as the kitchen.<\/p>\n\n\n\n<p>One of the features of microcement in kitchens is its versatility, allowing it to be implemented in many ways. As a result, you can find microcement used on floors, walls, countertops, and even sinks. This wide range of applications is complemented by the vast array of colors available for this material. These two factors together unleash creativity, making any kitchen design possible.<\/p>\n\n\n\n<p>Its seamless nature enhances the continuity and brightness of the space, adding to a groundbreaking aesthetic and, above all, a highly functional kitchen. Regardless of the surface covered with microcement, it guarantees good resistance to abrasion, foot traffic, and ambient moisture, among other virtues.<\/p>\n\n\n\n<p>The finishes for microcement kitchens are diverse, catering to individual tastes and preferences. This coating stands out for its ease of complementing other elements in the room\u2019s decor. Finishes can be smooth, glossy, textured, or feature water effects, among others. Below, we detail the main benefits of this rising decorative trend.<\/p>\n\n\n\n<h3 class=\"wp-block-heading\">Advantages of Microcement in Kitchens<\/h3>\n\n\n\n<p>Microcement offers numerous advantages in the kitchen, regardless of the surface it is applied to. It allows for a quick kitchen renovation without making it uninhabitable, as no major construction work is required, thus avoiding debris and mess<a href=\"https:\/\/www.satinestone.com\">.<\/a><\/p>\n\n\n\n<p>Here are the main qualities explaining why microcement kitchens have become an absolute trend in residential, restaurant, and hotel kitchen renovations:<\/p>\n\n\n\n<ol class=\"wp-block-list\">\n<li><strong>Applying Microcement in the Kitchen Requires No Construction Work<\/strong>: Time is precious when renovating a space, especially a kitchen. Since this decorative coating is compatible with almost any material, microcement can be applied directly over existing surfaces without needing construction work. Your new kitchen will be ready in just a few days.<\/li>\n\n\n\n<li><strong>Variety of Colors for Microcement Kitchens<\/strong>: There is a wide variety of microcement colors available for your kitchen, ranging from neutral shades like white, gray, or black to more vibrant pigments.&nbsp;<strong>Satine<\/strong>&nbsp;offers a complete color palette to create an inspiring environment.<\/li>\n\n\n\n<li><strong>Microcement Kitchens Have Good Thermal and Chemical Resistance<\/strong>: This coating boasts good thermal resistance and also withstands household cleaning products. These distinctive factors have made microcement floors and walls in kitchens, as well as microcement countertops, very popular.<\/li>\n\n\n\n<li><strong>Microcement Kitchens Can Be Waterproof<\/strong>: Beyond its decorative value, what is sought in spaces like kitchens is a highly functional coating that meets the needs. Ensuring a waterproof finish in an area exposed to water and similar liquids is crucial. This is why microcement is so popular in kitchens. With the use of varnishes and sealers designed by&nbsp;<strong>Satine<\/strong>, microcement kitchens can be made waterproof. Not only does it completely seal the surface, but it also adds extra durability\u2014truly a 2-in-1!<\/li>\n<\/ol>\n\n\n\n<div style=\"height:20px\" aria-hidden=\"true\" class=\"wp-block-spacer\"><\/div>\n\n\n<div class=\"wp-block-image is-style-default\">\n<figure class=\"aligncenter size-large is-resized\"><img loading=\"lazy\" decoding=\"async\" width=\"1024\" height=\"683\" src=\"https:\/\/www.satine.com\/wp-content\/uploads\/2024\/09\/pared-de-cocina-de-microcemento-3506836-1024x683.webp\" alt=\"\" class=\"wp-image-5319\" style=\"aspect-ratio:16\/9;object-fit:cover;width:1200px\" srcset=\"https:\/\/www.satine.com\/wp-content\/uploads\/2024\/09\/pared-de-cocina-de-microcemento-3506836-1024x683.webp 1024w, https:\/\/www.satine.com\/wp-content\/uploads\/2024\/09\/pared-de-cocina-de-microcemento-3506836-300x200.webp 300w, https:\/\/www.satine.com\/wp-content\/uploads\/2024\/09\/pared-de-cocina-de-microcemento-3506836-768x512.webp 768w, https:\/\/www.satine.com\/wp-content\/uploads\/2024\/09\/pared-de-cocina-de-microcemento-3506836-1536x1025.webp 1536w, https:\/\/www.satine.com\/wp-content\/uploads\/2024\/09\/pared-de-cocina-de-microcemento-3506836-18x12.webp 18w, https:\/\/www.satine.com\/wp-content\/uploads\/2024\/09\/pared-de-cocina-de-microcemento-3506836.webp 1619w\" sizes=\"auto, (max-width: 1024px) 100vw, 1024px\" \/><\/figure>\n<\/div>\n\n\n<div style=\"height:40px\" aria-hidden=\"true\" class=\"wp-block-spacer\"><\/div>\n\n\n\n<h3 class=\"wp-block-heading\">Microcement on Kitchen Walls<\/h3>\n\n\n\n<p>Covering kitchen walls with microcement allows for a significant aesthetic change without spending a lot of money and time. It offers a high decorative value that adds distinction to the space with its extensive range of textures and finishes. The options are almost endless.<\/p>\n\n\n\n<p>Microcement guarantees resistance to impacts from everyday objects as well as to ambient moisture. This is particularly important as the kitchen is constantly exposed to running water. An added value of microcement on kitchen walls, which not all coatings provide, is its extended use in this space. It offers peace of mind and security, particularly regarding spills and splashes. This is crucial, as it is inevitable for food remnants to end up on the walls while cooking. Additionally, it provides excellent resistance to stains and scratches and can be quickly and easily cleaned with water and neutral soap to keep it in perfect condition.<\/p>\n\n\n\n<h3 class=\"wp-block-heading\">Microcement on Kitchen Floors<\/h3>\n\n\n\n<p>The characteristics of microcement on kitchen floors are equally noteworthy. Depending on the composition and granularity of the material used, various finishes can be achieved\u2014from finer, smoother floors to those with higher roughness for increased resistance to foot traffic.<\/p>\n\n\n\n<p>Aside from the aesthetic aspect, which is crucial in choosing microcement for kitchen floors, its significant benefits should be highlighted. It is a highly durable flooring option that does not crack and requires virtually no maintenance to stay as good as new.<\/p>\n\n\n\n<p>Microcement flooring in the kitchen is one of the smartest choices for renewing the floor due to its high resistance to wear, abrasion, impact, and foot traffic. Additionally, as it is applied in a thin layer of between 2 and 3 mm, it does not excessively raise the level of the original floor, eliminating the need to level the new surface.<\/p>\n\n\n\n<h3 class=\"wp-block-heading\">Microcement on Kitchen Countertops<\/h3>\n\n\n\n<p>Microcement countertops are increasingly popular due to their abrasion and heat resistance. Furthermore, they are easy to clean and can quickly adapt to any shape of the countertop.<\/p>\n\n\n\n<p>A countertop is much more than just the space for maneuvering in the kitchen and preparing delicious recipes. By renewing only the countertop, you can modernize and completely transform the kitchen&#8217;s appearance without being invasive. There is no need to replace it\u2014just cover it with microcement. The result is a sleek and elegant finish with a virtually imperceptible thickness that does not affect the structural load of the furniture.<\/p>\n\n\n\n<p>There are many microcement colors available for countertops. For example, white brings harmony, cleanliness, and minimalism to the space, while gray is better suited for a more industrial and authentic atmosphere. Whatever microcement countertop you have in mind, the application process remains the same.<\/p>\n\n\n\n<p><\/p>","protected":false},"excerpt":{"rendered":"<p>Microcement Kitchens: Advantages, Benefits and Uses Microcement kitchens are the preferred choice of an increasing number of renovation professionals, architects, and decorators due to the numerous advantages offered by this decorative coating. It ensures unique creations to renew such an important space as the kitchen. One of the features of microcement in kitchens is its [&hellip;]<\/p>\n","protected":false},"author":1,"featured_media":0,"parent":2814,"menu_order":0,"comment_status":"closed","ping_status":"closed","template":"","meta":{"footnotes":""},"class_list":["post-5228","page","type-page","status-publish","hentry"],"yoast_head":"<!-- This site is optimized with the Yoast SEO plugin v27.4 - https:\/\/yoast.com\/product\/yoast-seo-wordpress\/ -->\n<title>Microcement Kitchens - Satine<\/title>\n<meta name=\"description\" content=\"Descubre las ventajas del microcemento en cocinas con Satine: renovaci\u00f3n r\u00e1pida sin obras, amplia variedad de colores, resistencia t\u00e9rmica y qu\u00edmica, y acabados personalizados. Ideal para suelos, paredes, encimeras y m\u00e1s.\" \/>\n<meta name=\"robots\" content=\"index, follow, max-snippet:-1, max-image-preview:large, max-video-preview:-1\" \/>\n<link rel=\"canonical\" href=\"https:\/\/www.satine.com\/pt\/microcimento\/microcement-kitchens\/\" \/>\n<meta property=\"og:locale\" content=\"pt_PT\" \/>\n<meta property=\"og:type\" content=\"article\" \/>\n<meta property=\"og:title\" content=\"Microcement Kitchens - Satine\" \/>\n<meta property=\"og:description\" content=\"Descubre las ventajas del microcemento en cocinas con Satine: renovaci\u00f3n r\u00e1pida sin obras, amplia variedad de colores, resistencia t\u00e9rmica y qu\u00edmica, y acabados personalizados. Ideal para suelos, paredes, encimeras y m\u00e1s.\" \/>\n<meta property=\"og:url\" content=\"https:\/\/www.satine.com\/pt\/microcimento\/microcement-kitchens\/\" \/>\n<meta property=\"og:site_name\" content=\"Satine\" \/>\n<meta property=\"article:modified_time\" content=\"2024-09-24T09:26:42+00:00\" \/>\n<meta property=\"og:image\" content=\"https:\/\/www.satine.com\/wp-content\/uploads\/2024\/09\/pared-de-cocina-de-microcemento-3506836-1024x683.webp\" \/>\n<meta name=\"twitter:card\" content=\"summary_large_image\" \/>\n<meta name=\"twitter:label1\" content=\"Tempo estimado de leitura\" \/>\n\t<meta name=\"twitter:data1\" content=\"5 minutos\" \/>\n<script type=\"application\/ld+json\" class=\"yoast-schema-graph\">{\"@context\":\"https:\\\/\\\/schema.org\",\"@graph\":[{\"@type\":\"WebPage\",\"@id\":\"https:\\\/\\\/www.satine.com\\\/microcement\\\/microcement-kitchens\\\/\",\"url\":\"https:\\\/\\\/www.satine.com\\\/microcement\\\/microcement-kitchens\\\/\",\"name\":\"Microcement Kitchens - Satine\",\"isPartOf\":{\"@id\":\"https:\\\/\\\/www.satine.com\\\/#website\"},\"primaryImageOfPage\":{\"@id\":\"https:\\\/\\\/www.satine.com\\\/microcement\\\/microcement-kitchens\\\/#primaryimage\"},\"image\":{\"@id\":\"https:\\\/\\\/www.satine.com\\\/microcement\\\/microcement-kitchens\\\/#primaryimage\"},\"thumbnailUrl\":\"https:\\\/\\\/www.satine.com\\\/wp-content\\\/uploads\\\/2024\\\/09\\\/pared-de-cocina-de-microcemento-3506836-1024x683.webp\",\"datePublished\":\"2024-09-17T11:52:31+00:00\",\"dateModified\":\"2024-09-24T09:26:42+00:00\",\"description\":\"Descubre las ventajas del microcemento en cocinas con Satine: renovaci\u00f3n r\u00e1pida sin obras, amplia variedad de colores, resistencia t\u00e9rmica y qu\u00edmica, y acabados personalizados. Ideal para suelos, paredes, encimeras y m\u00e1s.\",\"breadcrumb\":{\"@id\":\"https:\\\/\\\/www.satine.com\\\/microcement\\\/microcement-kitchens\\\/#breadcrumb\"},\"inLanguage\":\"pt-PT\",\"potentialAction\":[{\"@type\":\"ReadAction\",\"target\":[\"https:\\\/\\\/www.satine.com\\\/microcement\\\/microcement-kitchens\\\/\"]}]},{\"@type\":\"ImageObject\",\"inLanguage\":\"pt-PT\",\"@id\":\"https:\\\/\\\/www.satine.com\\\/microcement\\\/microcement-kitchens\\\/#primaryimage\",\"url\":\"https:\\\/\\\/www.satine.com\\\/wp-content\\\/uploads\\\/2024\\\/09\\\/pared-de-cocina-de-microcemento-3506836-1024x683.webp\",\"contentUrl\":\"https:\\\/\\\/www.satine.com\\\/wp-content\\\/uploads\\\/2024\\\/09\\\/pared-de-cocina-de-microcemento-3506836-1024x683.webp\"},{\"@type\":\"BreadcrumbList\",\"@id\":\"https:\\\/\\\/www.satine.com\\\/microcement\\\/microcement-kitchens\\\/#breadcrumb\",\"itemListElement\":[{\"@type\":\"ListItem\",\"position\":1,\"name\":\"Inicio\",\"item\":\"https:\\\/\\\/www.satine.com\\\/\"},{\"@type\":\"ListItem\",\"position\":2,\"name\":\"Microcement\",\"item\":\"https:\\\/\\\/www.satine.com\\\/microcement\\\/\"},{\"@type\":\"ListItem\",\"position\":3,\"name\":\"Microcement Kitchens\"}]},{\"@type\":\"WebSite\",\"@id\":\"https:\\\/\\\/www.satine.com\\\/#website\",\"url\":\"https:\\\/\\\/www.satine.com\\\/\",\"name\":\"Satine - Microcement\",\"description\":\"\",\"alternateName\":\"Satine - Microcement\",\"potentialAction\":[{\"@type\":\"SearchAction\",\"target\":{\"@type\":\"EntryPoint\",\"urlTemplate\":\"https:\\\/\\\/www.satine.com\\\/?s={search_term_string}\"},\"query-input\":{\"@type\":\"PropertyValueSpecification\",\"valueRequired\":true,\"valueName\":\"search_term_string\"}}],\"inLanguage\":\"pt-PT\"}]}<\/script>\n<!-- \/ Yoast SEO plugin. -->","yoast_head_json":{"title":"Microcement Kitchens - Satine","description":"Descubre las ventajas del microcemento en cocinas con Satine: renovaci\u00f3n r\u00e1pida sin obras, amplia variedad de colores, resistencia t\u00e9rmica y qu\u00edmica, y acabados personalizados. Ideal para suelos, paredes, encimeras y m\u00e1s.","robots":{"index":"index","follow":"follow","max-snippet":"max-snippet:-1","max-image-preview":"max-image-preview:large","max-video-preview":"max-video-preview:-1"},"canonical":"https:\/\/www.satine.com\/pt\/microcimento\/microcement-kitchens\/","og_locale":"pt_PT","og_type":"article","og_title":"Microcement Kitchens - Satine","og_description":"Descubre las ventajas del microcemento en cocinas con Satine: renovaci\u00f3n r\u00e1pida sin obras, amplia variedad de colores, resistencia t\u00e9rmica y qu\u00edmica, y acabados personalizados. Ideal para suelos, paredes, encimeras y m\u00e1s.","og_url":"https:\/\/www.satine.com\/pt\/microcimento\/microcement-kitchens\/","og_site_name":"Satine","article_modified_time":"2024-09-24T09:26:42+00:00","og_image":[{"url":"https:\/\/www.satine.com\/wp-content\/uploads\/2024\/09\/pared-de-cocina-de-microcemento-3506836-1024x683.webp","type":"","width":"","height":""}],"twitter_card":"summary_large_image","twitter_misc":{"Tempo estimado de leitura":"5 minutos"},"schema":{"@context":"https:\/\/schema.org","@graph":[{"@type":"WebPage","@id":"https:\/\/www.satine.com\/microcement\/microcement-kitchens\/","url":"https:\/\/www.satine.com\/microcement\/microcement-kitchens\/","name":"Microcement Kitchens - Satine","isPartOf":{"@id":"https:\/\/www.satine.com\/#website"},"primaryImageOfPage":{"@id":"https:\/\/www.satine.com\/microcement\/microcement-kitchens\/#primaryimage"},"image":{"@id":"https:\/\/www.satine.com\/microcement\/microcement-kitchens\/#primaryimage"},"thumbnailUrl":"https:\/\/www.satine.com\/wp-content\/uploads\/2024\/09\/pared-de-cocina-de-microcemento-3506836-1024x683.webp","datePublished":"2024-09-17T11:52:31+00:00","dateModified":"2024-09-24T09:26:42+00:00","description":"Descubre las ventajas del microcemento en cocinas con Satine: renovaci\u00f3n r\u00e1pida sin obras, amplia variedad de colores, resistencia t\u00e9rmica y qu\u00edmica, y acabados personalizados. Ideal para suelos, paredes, encimeras y m\u00e1s.","breadcrumb":{"@id":"https:\/\/www.satine.com\/microcement\/microcement-kitchens\/#breadcrumb"},"inLanguage":"pt-PT","potentialAction":[{"@type":"ReadAction","target":["https:\/\/www.satine.com\/microcement\/microcement-kitchens\/"]}]},{"@type":"ImageObject","inLanguage":"pt-PT","@id":"https:\/\/www.satine.com\/microcement\/microcement-kitchens\/#primaryimage","url":"https:\/\/www.satine.com\/wp-content\/uploads\/2024\/09\/pared-de-cocina-de-microcemento-3506836-1024x683.webp","contentUrl":"https:\/\/www.satine.com\/wp-content\/uploads\/2024\/09\/pared-de-cocina-de-microcemento-3506836-1024x683.webp"},{"@type":"BreadcrumbList","@id":"https:\/\/www.satine.com\/microcement\/microcement-kitchens\/#breadcrumb","itemListElement":[{"@type":"ListItem","position":1,"name":"Inicio","item":"https:\/\/www.satine.com\/"},{"@type":"ListItem","position":2,"name":"Microcement","item":"https:\/\/www.satine.com\/microcement\/"},{"@type":"ListItem","position":3,"name":"Microcement Kitchens"}]},{"@type":"WebSite","@id":"https:\/\/www.satine.com\/#website","url":"https:\/\/www.satine.com\/","name":"Satine - Microcimento","description":"","alternateName":"Satine - Microcement","potentialAction":[{"@type":"SearchAction","target":{"@type":"EntryPoint","urlTemplate":"https:\/\/www.satine.com\/?s={search_term_string}"},"query-input":{"@type":"PropertyValueSpecification","valueRequired":true,"valueName":"search_term_string"}}],"inLanguage":"pt-PT"}]}},"_links":{"self":[{"href":"https:\/\/www.satine.com\/pt\/wp-json\/wp\/v2\/pages\/5228","targetHints":{"allow":["GET"]}}],"collection":[{"href":"https:\/\/www.satine.com\/pt\/wp-json\/wp\/v2\/pages"}],"about":[{"href":"https:\/\/www.satine.com\/pt\/wp-json\/wp\/v2\/types\/page"}],"author":[{"embeddable":true,"href":"https:\/\/www.satine.com\/pt\/wp-json\/wp\/v2\/users\/1"}],"replies":[{"embeddable":true,"href":"https:\/\/www.satine.com\/pt\/wp-json\/wp\/v2\/comments?post=5228"}],"version-history":[{"count":5,"href":"https:\/\/www.satine.com\/pt\/wp-json\/wp\/v2\/pages\/5228\/revisions"}],"predecessor-version":[{"id":5326,"href":"https:\/\/www.satine.com\/pt\/wp-json\/wp\/v2\/pages\/5228\/revisions\/5326"}],"up":[{"embeddable":true,"href":"https:\/\/www.satine.com\/pt\/wp-json\/wp\/v2\/pages\/2814"}],"wp:attachment":[{"href":"https:\/\/www.satine.com\/pt\/wp-json\/wp\/v2\/media?parent=5228"}],"curies":[{"name":"wp","href":"https:\/\/api.w.org\/{rel}","templated":true}]}}