{"id":4647,"date":"2024-09-09T04:56:42","date_gmt":"2024-09-09T09:56:42","guid":{"rendered":"https:\/\/www.satine.com\/?page_id=4647"},"modified":"2024-09-17T08:36:41","modified_gmt":"2024-09-17T12:36:41","slug":"o-que-e-o-microcimento","status":"publish","type":"page","link":"https:\/\/www.satine.com\/pt\/microcement\/what-is-microcement\/","title":{"rendered":"O que \u00e9 o Microcimento?"},"content":{"rendered":"<h2 class=\"wp-block-heading\"><strong>O que \u00e9 o microcimento? Usos, tipos, aplica\u00e7\u00f5es e vantagens<\/strong><\/h2>\n\n\n\n<p><strong>Satine <a href=\"https:\/\/www.satine.com\/microcement\/https:\/\/www.satine.com\/microcement\">microcimento<\/a><\/strong> \u00e9 um revestimento decorativo feito de cimento, resinas \u00e0 base de \u00e1gua, aditivos, pigmentos e um toque da ess\u00eancia m\u00e1gica de Satine. Pode ser aplicado numa grande variedade de superf\u00edcies verticais e horizontais gra\u00e7as \u00e0 sua excelente ader\u00eancia. O material destaca-se por ser aplicado diretamente sobre qualquer superf\u00edcie existente: azulejos, gesso cartonado, cer\u00e2mica, m\u00e1rmore, terrazzo, pedra, metal, vidro ou gesso, entre muitos outros. Com uma espessura m\u00ednima de apenas 3 mil\u00edmetros, renova rapidamente os espa\u00e7os sem criar p\u00f3 ou detritos.<\/p>\n\n\n\n<p>\u00c9 um revestimento natural, inovador e cont\u00ednuo, ideal tanto para espa\u00e7os exteriores como interiores, uma vez que o material Satine garante prote\u00e7\u00e3o UV e propriedades anti-retra\u00e7\u00e3o. Pode ser aplicado em pavimentos, paredes, escadas, tectos, piscinas e at\u00e9 em mobili\u00e1rio. A sua versatilidade tem levado \u00e0 sua crescente utiliza\u00e7\u00e3o em renova\u00e7\u00f5es de casas e espa\u00e7os comerciais, como centros desportivos, edif\u00edcios industriais, hot\u00e9is e restaurantes.<\/p>\n\n\n\n<p>Satine oferece uma vasta gama de possibilidades decorativas e de acabamentos, onde o \u00fanico limite \u00e9 a imagina\u00e7\u00e3o. D\u00e1 aos espa\u00e7os um car\u00e1cter \u00fanico e pessoal gra\u00e7as \u00e0s suas diferentes texturas e \u00e0 infinita variedade de cores e acabamentos do microcimento permitidos pelos nossos vernizes e revestimentos met\u00e1licos.<\/p>\n\n\n\n<p>Diga adeus \u00e0s renova\u00e7\u00f5es complicadas. Com o microcimento Satine, qualquer combina\u00e7\u00e3o e estilo s\u00e3o poss\u00edveis. Estamos totalmente empenhados nos seus projectos.<\/p>\n\n\n\n<div style=\"height:20px\" aria-hidden=\"true\" class=\"wp-block-spacer\"><\/div>\n\n\n\n<figure class=\"wp-block-image size-large is-resized\"><img loading=\"lazy\" decoding=\"async\" width=\"1024\" height=\"1024\" src=\"https:\/\/www.satine.com\/wp-content\/uploads\/2024\/09\/1c2d3913-e066-4cee-9c2c-622e375fa96c._CR194881229532952_SX1280_-1-1024x1024.jpg\" alt=\"\" class=\"wp-image-4703\" style=\"object-fit:cover;width:1600px;height:700px\" srcset=\"https:\/\/www.satine.com\/wp-content\/uploads\/2024\/09\/1c2d3913-e066-4cee-9c2c-622e375fa96c._CR194881229532952_SX1280_-1-1024x1024.jpg 1024w, https:\/\/www.satine.com\/wp-content\/uploads\/2024\/09\/1c2d3913-e066-4cee-9c2c-622e375fa96c._CR194881229532952_SX1280_-1-300x300.jpg 300w, https:\/\/www.satine.com\/wp-content\/uploads\/2024\/09\/1c2d3913-e066-4cee-9c2c-622e375fa96c._CR194881229532952_SX1280_-1-150x150.jpg 150w, https:\/\/www.satine.com\/wp-content\/uploads\/2024\/09\/1c2d3913-e066-4cee-9c2c-622e375fa96c._CR194881229532952_SX1280_-1-768x768.jpg 768w, https:\/\/www.satine.com\/wp-content\/uploads\/2024\/09\/1c2d3913-e066-4cee-9c2c-622e375fa96c._CR194881229532952_SX1280_-1-12x12.jpg 12w, https:\/\/www.satine.com\/wp-content\/uploads\/2024\/09\/1c2d3913-e066-4cee-9c2c-622e375fa96c._CR194881229532952_SX1280_-1.jpg 1280w\" sizes=\"auto, (max-width: 1024px) 100vw, 1024px\" \/><\/figure>\n\n\n\n<div style=\"height:30px\" aria-hidden=\"true\" class=\"wp-block-spacer\"><\/div>\n\n\n\n<h2 class=\"wp-block-heading\"><strong>Onde pode ser aplicado o microcimento?<\/strong><\/h2>\n\n\n\n<p>As solu\u00e7\u00f5es decorativas propostas pela <a href=\"https:\/\/www.satinestone.com\">Satine<\/a> O microcimento \u00e9 infinito. \u00c9 por isso que as suas utiliza\u00e7\u00f5es s\u00e3o t\u00e3o variadas. Desde escadas, piscinas, revestimentos de m\u00f3veis, casas de banho, cozinhas, fachadas, pavimentos, garagens, caves, terra\u00e7os...<\/p>\n\n\n\n<p>Qualquer que seja a superf\u00edcie a revestir com microcimento, na Satine preocupamo-nos com o resultado final. \u00c9 por isso que, na nossa procura de um produto \u00f3timo, vers\u00e1til e de alta qualidade, que dure ao longo do tempo e se adapte \u00e0s necessidades do mercado, conseguimos um equil\u00edbrio entre dureza e flexibilidade.<\/p>\n\n\n\n<p>O que \u00e9 que isto significa? O nosso microcimento pode cobrir qualquer superf\u00edcie, independentemente do seu tamanho, criando um pavimento cont\u00ednuo sem juntas ou fissuras. Desta forma, evitamos zonas de sujidade, facilitando a limpeza e desinfe\u00e7\u00e3o, e contribuindo para espa\u00e7os livres de germes e bact\u00e9rias.<\/p>\n\n\n\n<p>Al\u00e9m disso, os nossos microcimentos garantem uma elevada resist\u00eancia nas zonas mais expostas ao tr\u00e1fego, bem como aos produtos de limpeza mais agressivos. Da\u00ed a grande procura de microcimento em cozinhas e casas de banho.<\/p>\n\n\n\n<div style=\"height:20px\" aria-hidden=\"true\" class=\"wp-block-spacer\"><\/div>\n\n\n\n<h2 class=\"wp-block-heading\"><strong>\u00c1reas de Microcimento<\/strong><\/h2>\n\n\n\n<p><strong>Paredes:<\/strong> \u00c9 altamente recomendado para o revestimento de todos os tipos de paredes e fachadas devido \u00e0 sua respirabilidade. Na nossa galeria, encontrar\u00e1 v\u00e1rios muros de microcimento Satine para se inspirar. Para mais informa\u00e7\u00f5es sobre o microcimento para paredes, leia o nosso artigo.<\/p>\n\n\n\n<p><strong> Pavimentos:<\/strong> Os pavimentos n\u00e3o s\u00e3o apenas visualmente apelativos, mas possuem tamb\u00e9m qualidades interessantes como a impermeabilidade, a resist\u00eancia \u00e0 compress\u00e3o, \u00e0 flex\u00e3o e aos riscos. Explore a nossa galeria para descobrir todos os pavimentos de microcimento que podem ser criados com Satine. Para mais informa\u00e7\u00f5es, contacte-nos.<\/p>\n\n\n\n<p><strong>Casas de banho:<\/strong> \u00c9 um revestimento decorativo ideal para a renova\u00e7\u00e3o de casas de banho, especialmente devido \u00e0 sua resist\u00eancia \u00e0 humidade, propriedades anti-mofo, anti-condensa\u00e7\u00e3o e facilidade de limpeza. Veja todas as casas de banho em microcimento poss\u00edveis com os microcimentos Satine na nossa galeria ou leia o nosso artigo sobre casas de banho em microcimento.<\/p>\n\n\n\n<p><strong> Cozinhas:<\/strong> Pode ser utilizado de muitas formas nas cozinhas. Pavimentos, paredes, tectos, lavat\u00f3rios e bancadas podem ser revestidos em quase todas as cores que possa imaginar. Satine Microcement cozinhas de todos os estilos e tamanhos. Convidamo-lo a v\u00ea-las no nosso artigo do blogue sobre cozinhas de microcimento.<\/p>\n\n\n\n<p><strong>Escadas:<\/strong> A versatilidade do microcimento Satine permite a sua utiliza\u00e7\u00e3o mesmo em escadas, uma vez que a sua resist\u00eancia garante que as arestas n\u00e3o se lasquem com toda a seguran\u00e7a. Com os microcimentos Satine, \u00e9 poss\u00edvel conceber escadas de microcimento espectaculares. Descubra-as no nosso post sobre as escadas de microcimento.<\/p>\n\n\n\n<p><strong> Piscinas:<\/strong> Revestir tanto o interior da piscina como a borda e a \u00e1rea circundante com microcimento Satine \u00e9 um sucesso garantido. A natureza antiderrapante, imperme\u00e1vel e anti-condensa\u00e7\u00e3o dos nossos revestimentos para piscinas, juntamente com a sua excelente resist\u00eancia aos raios UV, torna-os ideais para revestir piscinas interiores e exteriores, quer sejam de \u00e1gua doce ou salgada. No nosso blogue, encontrar\u00e1 tudo o que precisa de saber e as vantagens.<\/p>\n\n\n\n<p><strong>Exterior:<\/strong> \u00c9 tamb\u00e9m um excelente revestimento cont\u00ednuo para superf\u00edcies exteriores, tais como pavimentos de terra\u00e7os, p\u00e1tios residenciais ou fachadas e paredes de edif\u00edcios, devido \u00e0 sua respirabilidade. Visite a nossa galeria ou leia o nosso post para descobrir todas as op\u00e7\u00f5es de aplica\u00e7\u00e3o do microcimento Satine no exterior.<\/p>\n\n\n\n<p>Agora que j\u00e1 sabe onde pode ser aplicado, est\u00e1 na altura de aprender como o fazer. Se quiser aprender t\u00e9cnicas de aplica\u00e7\u00e3o e acabamento, contacte-nos e solicite uma forma\u00e7\u00e3o Satine<a href=\"https:\/\/www.satinestone.com\">.<\/a><\/p>\n\n\n\n<div style=\"height:20px\" aria-hidden=\"true\" class=\"wp-block-spacer\"><\/div>\n\n\n\n<h2 class=\"wp-block-heading\"><strong><a href=\"https:\/\/www.satine.com\/advantages-of-microcement\">Vantagens do Microcimento - Satine<\/a><\/strong><\/h2>\n\n\n\n<ul class=\"wp-block-list\">\n<li>M\u00faltiplos acabamentos decorativos.<\/li>\n\n\n\n<li>Texturas sem fim.<\/li>\n\n\n\n<li>Limpeza f\u00e1cil.<\/li>\n\n\n\n<li>Superf\u00edcies sem juntas.<\/li>\n\n\n\n<li>Superf\u00edcie cont\u00ednua.<\/li>\n\n\n\n<li>Resist\u00eancia aos raios UV.<\/li>\n\n\n\n<li>Anti-retra\u00e7\u00e3o.<\/li>\n\n\n\n<li>Acabamentos naturais.<\/li>\n\n\n\n<li>Elevada resist\u00eancia aos choques e \u00e0 compress\u00e3o.<\/li>\n\n\n\n<li>Resist\u00eancia excecional aos riscos.<\/li>\n\n\n\n<li>Respir\u00e1vel.<\/li>\n\n\n\n<li>\u00c0 prova de \u00e1gua.<\/li>\n\n\n\n<li>Antibacteriano.<\/li>\n\n\n\n<li>Anti-condensa\u00e7\u00e3o.<\/li>\n\n\n\n<li>Adequado para qualquer superf\u00edcie, especialmente sobre o aquecimento do ch\u00e3o.<\/li>\n\n\n\n<li>Aplic\u00e1vel em pavimentos, paredes, tectos, piscinas e mobili\u00e1rio. Tanto em espa\u00e7os interiores como exteriores.<\/li>\n\n\n\n<li>Infinita variedade de cores e texturas do microcimento Satine.<\/li>\n\n\n\n<li>Aplica\u00e7\u00e3o artesanal. Resultado exclusivo e personalizado.<\/li>\n\n\n\n<li>Elevada ader\u00eancia. Compat\u00edvel com azulejos, m\u00e1rmore, cer\u00e2mica, terrazzo, gesso cartonado, bet\u00e3o, cimento, gesso, superf\u00edcies met\u00e1licas, vidro, etc.<\/li>\n\n\n\n<li>Resistente ao tr\u00e1fego, aos choques, aos riscos e aos produtos qu\u00edmicos.<\/li>\n\n\n\n<li>Antiderrapante, consoante o acabamento.<\/li>\n\n\n\n<li>Instala\u00e7\u00e3o r\u00e1pida e sem detritos.<\/li>\n\n\n\n<li>A espessura do sistema \u00e9 de 2\/3 mm, pelo que n\u00e3o afecta a carga estrutural do edif\u00edcio.<\/li>\n\n\n\n<li>Materiais naturais. 100% produto amigo do ambiente.<\/li>\n<\/ul>","protected":false},"excerpt":{"rendered":"<p>What is Microcement? Uses, Types, Application, and Advantages Satine microcement is a decorative coating made from cement, water-based resins, additives, pigments, and a touch of Satine\u2019s magic essence. It can be applied to a wide variety of vertical and horizontal surfaces thanks to its excellent adhesion. The material stands out because it is applied directly [&hellip;]<\/p>\n","protected":false},"author":1,"featured_media":0,"parent":2814,"menu_order":0,"comment_status":"closed","ping_status":"closed","template":"","meta":{"footnotes":""},"class_list":["post-4647","page","type-page","status-publish","hentry"],"yoast_head":"<!-- This site is optimized with the Yoast SEO plugin v27.5 - https:\/\/yoast.com\/product\/yoast-seo-wordpress\/ -->\n<title>What is Microcement? Uses, types, application and advantages<\/title>\n<meta name=\"description\" content=\"Satine microcement is a decorative coating made of cement, water-based resins, additives, and mineral pigments that can be applied to a multitude of vertical and horizontal surfaces thanks to its great adhesion.\" \/>\n<meta name=\"robots\" content=\"index, follow, max-snippet:-1, max-image-preview:large, max-video-preview:-1\" \/>\n<link rel=\"canonical\" href=\"https:\/\/www.satine.com\/pt\/microcimento\/o-que-e-o-microcimento\/\" \/>\n<meta property=\"og:locale\" content=\"pt_PT\" \/>\n<meta property=\"og:type\" content=\"article\" \/>\n<meta property=\"og:title\" content=\"What is Microcement? Uses, types, application and advantages\" \/>\n<meta property=\"og:description\" content=\"Satine microcement is a decorative coating made of cement, water-based resins, additives, and mineral pigments that can be applied to a multitude of vertical and horizontal surfaces thanks to its great adhesion.\" \/>\n<meta property=\"og:url\" content=\"https:\/\/www.satine.com\/pt\/microcimento\/o-que-e-o-microcimento\/\" \/>\n<meta property=\"og:site_name\" content=\"Satine\" \/>\n<meta property=\"article:modified_time\" content=\"2024-09-17T12:36:41+00:00\" \/>\n<meta property=\"og:image\" content=\"https:\/\/www.satine.com\/wp-content\/uploads\/2024\/09\/1c2d3913-e066-4cee-9c2c-622e375fa96c._CR194881229532952_SX1280_-1-1024x1024.jpg\" \/>\n<meta name=\"twitter:card\" content=\"summary_large_image\" \/>\n<meta name=\"twitter:label1\" content=\"Tempo estimado de leitura\" \/>\n\t<meta name=\"twitter:data1\" content=\"4 minutos\" \/>\n<script type=\"application\/ld+json\" class=\"yoast-schema-graph\">{\"@context\":\"https:\\\/\\\/schema.org\",\"@graph\":[{\"@type\":\"WebPage\",\"@id\":\"https:\\\/\\\/www.satine.com\\\/microcement\\\/what-is-microcement\\\/\",\"url\":\"https:\\\/\\\/www.satine.com\\\/microcement\\\/what-is-microcement\\\/\",\"name\":\"What is Microcement? Uses, types, application and advantages\",\"isPartOf\":{\"@id\":\"https:\\\/\\\/www.satine.com\\\/#website\"},\"primaryImageOfPage\":{\"@id\":\"https:\\\/\\\/www.satine.com\\\/microcement\\\/what-is-microcement\\\/#primaryimage\"},\"image\":{\"@id\":\"https:\\\/\\\/www.satine.com\\\/microcement\\\/what-is-microcement\\\/#primaryimage\"},\"thumbnailUrl\":\"https:\\\/\\\/www.satine.com\\\/wp-content\\\/uploads\\\/2024\\\/09\\\/1c2d3913-e066-4cee-9c2c-622e375fa96c._CR194881229532952_SX1280_-1-1024x1024.jpg\",\"datePublished\":\"2024-09-09T09:56:42+00:00\",\"dateModified\":\"2024-09-17T12:36:41+00:00\",\"description\":\"Satine microcement is a decorative coating made of cement, water-based resins, additives, and mineral pigments that can be applied to a multitude of vertical and horizontal surfaces thanks to its great adhesion.\",\"breadcrumb\":{\"@id\":\"https:\\\/\\\/www.satine.com\\\/microcement\\\/what-is-microcement\\\/#breadcrumb\"},\"inLanguage\":\"pt-PT\",\"potentialAction\":[{\"@type\":\"ReadAction\",\"target\":[\"https:\\\/\\\/www.satine.com\\\/microcement\\\/what-is-microcement\\\/\"]}]},{\"@type\":\"ImageObject\",\"inLanguage\":\"pt-PT\",\"@id\":\"https:\\\/\\\/www.satine.com\\\/microcement\\\/what-is-microcement\\\/#primaryimage\",\"url\":\"https:\\\/\\\/www.satine.com\\\/wp-content\\\/uploads\\\/2024\\\/09\\\/1c2d3913-e066-4cee-9c2c-622e375fa96c._CR194881229532952_SX1280_-1-1024x1024.jpg\",\"contentUrl\":\"https:\\\/\\\/www.satine.com\\\/wp-content\\\/uploads\\\/2024\\\/09\\\/1c2d3913-e066-4cee-9c2c-622e375fa96c._CR194881229532952_SX1280_-1-1024x1024.jpg\"},{\"@type\":\"BreadcrumbList\",\"@id\":\"https:\\\/\\\/www.satine.com\\\/microcement\\\/what-is-microcement\\\/#breadcrumb\",\"itemListElement\":[{\"@type\":\"ListItem\",\"position\":1,\"name\":\"Inicio\",\"item\":\"https:\\\/\\\/www.satine.com\\\/\"},{\"@type\":\"ListItem\",\"position\":2,\"name\":\"Microcement\",\"item\":\"https:\\\/\\\/www.satine.com\\\/microcement\\\/\"},{\"@type\":\"ListItem\",\"position\":3,\"name\":\"What is Microcement?\"}]},{\"@type\":\"WebSite\",\"@id\":\"https:\\\/\\\/www.satine.com\\\/#website\",\"url\":\"https:\\\/\\\/www.satine.com\\\/\",\"name\":\"Satine - Microcement\",\"description\":\"\",\"alternateName\":\"Satine - Microcement\",\"potentialAction\":[{\"@type\":\"SearchAction\",\"target\":{\"@type\":\"EntryPoint\",\"urlTemplate\":\"https:\\\/\\\/www.satine.com\\\/?s={search_term_string}\"},\"query-input\":{\"@type\":\"PropertyValueSpecification\",\"valueRequired\":true,\"valueName\":\"search_term_string\"}}],\"inLanguage\":\"pt-PT\"}]}<\/script>\n<!-- \/ Yoast SEO plugin. -->","yoast_head_json":{"title":"O que \u00e9 o Microcimento? Usos, tipos, aplica\u00e7\u00f5es e vantagens","description":"O microcimento Satine \u00e9 um revestimento decorativo \u00e0 base de cimento, resinas \u00e0 base de \u00e1gua, aditivos e pigmentos minerais que pode ser aplicado numa grande variedade de superf\u00edcies verticais e horizontais gra\u00e7as \u00e0 sua grande ader\u00eancia.","robots":{"index":"index","follow":"follow","max-snippet":"max-snippet:-1","max-image-preview":"max-image-preview:large","max-video-preview":"max-video-preview:-1"},"canonical":"https:\/\/www.satine.com\/pt\/microcimento\/o-que-e-o-microcimento\/","og_locale":"pt_PT","og_type":"article","og_title":"What is Microcement? Uses, types, application and advantages","og_description":"Satine microcement is a decorative coating made of cement, water-based resins, additives, and mineral pigments that can be applied to a multitude of vertical and horizontal surfaces thanks to its great adhesion.","og_url":"https:\/\/www.satine.com\/pt\/microcimento\/o-que-e-o-microcimento\/","og_site_name":"Satine","article_modified_time":"2024-09-17T12:36:41+00:00","og_image":[{"url":"https:\/\/www.satine.com\/wp-content\/uploads\/2024\/09\/1c2d3913-e066-4cee-9c2c-622e375fa96c._CR194881229532952_SX1280_-1-1024x1024.jpg","type":"","width":"","height":""}],"twitter_card":"summary_large_image","twitter_misc":{"Tempo estimado de leitura":"4 minutos"},"schema":{"@context":"https:\/\/schema.org","@graph":[{"@type":"WebPage","@id":"https:\/\/www.satine.com\/microcement\/what-is-microcement\/","url":"https:\/\/www.satine.com\/microcement\/what-is-microcement\/","name":"O que \u00e9 o Microcimento? Usos, tipos, aplica\u00e7\u00f5es e vantagens","isPartOf":{"@id":"https:\/\/www.satine.com\/#website"},"primaryImageOfPage":{"@id":"https:\/\/www.satine.com\/microcement\/what-is-microcement\/#primaryimage"},"image":{"@id":"https:\/\/www.satine.com\/microcement\/what-is-microcement\/#primaryimage"},"thumbnailUrl":"https:\/\/www.satine.com\/wp-content\/uploads\/2024\/09\/1c2d3913-e066-4cee-9c2c-622e375fa96c._CR194881229532952_SX1280_-1-1024x1024.jpg","datePublished":"2024-09-09T09:56:42+00:00","dateModified":"2024-09-17T12:36:41+00:00","description":"O microcimento Satine \u00e9 um revestimento decorativo \u00e0 base de cimento, resinas \u00e0 base de \u00e1gua, aditivos e pigmentos minerais que pode ser aplicado numa grande variedade de superf\u00edcies verticais e horizontais gra\u00e7as \u00e0 sua grande ader\u00eancia.","breadcrumb":{"@id":"https:\/\/www.satine.com\/microcement\/what-is-microcement\/#breadcrumb"},"inLanguage":"pt-PT","potentialAction":[{"@type":"ReadAction","target":["https:\/\/www.satine.com\/microcement\/what-is-microcement\/"]}]},{"@type":"ImageObject","inLanguage":"pt-PT","@id":"https:\/\/www.satine.com\/microcement\/what-is-microcement\/#primaryimage","url":"https:\/\/www.satine.com\/wp-content\/uploads\/2024\/09\/1c2d3913-e066-4cee-9c2c-622e375fa96c._CR194881229532952_SX1280_-1-1024x1024.jpg","contentUrl":"https:\/\/www.satine.com\/wp-content\/uploads\/2024\/09\/1c2d3913-e066-4cee-9c2c-622e375fa96c._CR194881229532952_SX1280_-1-1024x1024.jpg"},{"@type":"BreadcrumbList","@id":"https:\/\/www.satine.com\/microcement\/what-is-microcement\/#breadcrumb","itemListElement":[{"@type":"ListItem","position":1,"name":"Inicio","item":"https:\/\/www.satine.com\/"},{"@type":"ListItem","position":2,"name":"Microcement","item":"https:\/\/www.satine.com\/microcement\/"},{"@type":"ListItem","position":3,"name":"What is Microcement?"}]},{"@type":"WebSite","@id":"https:\/\/www.satine.com\/#website","url":"https:\/\/www.satine.com\/","name":"Satine - Microcimento","description":"","alternateName":"Satine - Microcement","potentialAction":[{"@type":"SearchAction","target":{"@type":"EntryPoint","urlTemplate":"https:\/\/www.satine.com\/?s={search_term_string}"},"query-input":{"@type":"PropertyValueSpecification","valueRequired":true,"valueName":"search_term_string"}}],"inLanguage":"pt-PT"}]}},"_links":{"self":[{"href":"https:\/\/www.satine.com\/pt\/wp-json\/wp\/v2\/pages\/4647","targetHints":{"allow":["GET"]}}],"collection":[{"href":"https:\/\/www.satine.com\/pt\/wp-json\/wp\/v2\/pages"}],"about":[{"href":"https:\/\/www.satine.com\/pt\/wp-json\/wp\/v2\/types\/page"}],"author":[{"embeddable":true,"href":"https:\/\/www.satine.com\/pt\/wp-json\/wp\/v2\/users\/1"}],"replies":[{"embeddable":true,"href":"https:\/\/www.satine.com\/pt\/wp-json\/wp\/v2\/comments?post=4647"}],"version-history":[{"count":23,"href":"https:\/\/www.satine.com\/pt\/wp-json\/wp\/v2\/pages\/4647\/revisions"}],"predecessor-version":[{"id":5092,"href":"https:\/\/www.satine.com\/pt\/wp-json\/wp\/v2\/pages\/4647\/revisions\/5092"}],"up":[{"embeddable":true,"href":"https:\/\/www.satine.com\/pt\/wp-json\/wp\/v2\/pages\/2814"}],"wp:attachment":[{"href":"https:\/\/www.satine.com\/pt\/wp-json\/wp\/v2\/media?parent=4647"}],"curies":[{"name":"wp","href":"https:\/\/api.w.org\/{rel}","templated":true}]}}