{"id":4331,"date":"2024-07-18T06:03:11","date_gmt":"2024-07-18T11:03:11","guid":{"rendered":"https:\/\/www.satine.com\/?page_id=4331"},"modified":"2024-10-18T06:40:06","modified_gmt":"2024-10-18T10:40:06","slug":"faq","status":"publish","type":"page","link":"https:\/\/www.satine.com\/pt\/faq\/","title":{"rendered":"FAQ"},"content":{"rendered":"<h2 class=\"wp-block-heading\">Tudo o que precisa de saber sobre o Microcimento Satine: Usos, tipos, aplica\u00e7\u00f5es e benef\u00edcios<\/h2>\n\n\n\n<div style=\"height:25px\" aria-hidden=\"true\" class=\"wp-block-spacer\"><\/div>\n\n\n\n<p><strong>Satine <a href=\"https:\/\/www.satine.com\/microcement\">Microcimento<\/a><\/strong> \u00e9 um revestimento decorativo vers\u00e1til composto por cimento, resinas \u00e0 base de \u00e1gua, aditivos e pigmentos minerais. Este material \u00e9 conhecido pela sua excelente ader\u00eancia, o que permite a sua aplica\u00e7\u00e3o numa grande variedade de superf\u00edcies, tanto verticais como horizontais. Uma das suas maiores vantagens \u00e9 o facto de poder ser colocado diretamente sobre materiais j\u00e1 existentes, como azulejos, gesso cartonado, m\u00e1rmore, tijoleira ou estuque, facilitando renova\u00e7\u00f5es r\u00e1pidas sem necessidade de grandes obras, com uma espessura m\u00ednima de apenas 3 mil\u00edmetros.<\/p>\n\n\n\n<div style=\"height:25px\" aria-hidden=\"true\" class=\"wp-block-spacer\"><\/div>\n\n\n\n<h2 class=\"wp-block-heading\">Benef\u00edcios do Microcimento Satine<\/h2>\n\n\n\n<ul class=\"wp-block-list\">\n<li><strong>V\u00e1rios acabamentos decorativos<\/strong>: O Microcimento Satine oferece uma vasta gama de cores e texturas (grossas, m\u00e9dias ou finas) que permitem personalizar qualquer espa\u00e7o de acordo com o seu estilo e prefer\u00eancias. Quer pretenda um acabamento liso e elegante ou um aspeto texturado e r\u00fastico, este produto pode consegui-lo.<\/li>\n\n\n\n<li><strong>Superf\u00edcie sem costuras<\/strong>: Uma das carater\u00edsticas mais marcantes do microcimento \u00e9 a sua capacidade de criar uma superf\u00edcie cont\u00ednua, sem juntas ou fissuras. Isto n\u00e3o s\u00f3 melhora o aspeto est\u00e9tico do espa\u00e7o, como tamb\u00e9m evita a acumula\u00e7\u00e3o de sujidade e fuligem em \u00e1reas dif\u00edceis de limpar, facilitando a manuten\u00e7\u00e3o.<\/li>\n\n\n\n<li><strong>Aplic\u00e1vel em v\u00e1rias superf\u00edcies<\/strong>: O Microcimento Satine pode ser aplicado numa impressionante variedade de superf\u00edcies, incluindo pavimentos, paredes, tectos, piscinas e mobili\u00e1rio. A sua versatilidade torna-o adequado tanto para aplica\u00e7\u00f5es no interior como no exterior, proporcionando um aspeto consistente em toda a sua propriedade.<\/li>\n\n\n\n<li><strong>Alta ader\u00eancia<\/strong>: Este produto possui elevadas propriedades de ader\u00eancia, o que o torna compat\u00edvel com in\u00fameros materiais, tais como azulejos, m\u00e1rmore, cer\u00e2mica, terrazzo, paredes de gesso, bet\u00e3o e gesso. Isto permite uma aplica\u00e7\u00e3o perfeita sobre superf\u00edcies existentes sem necessidade de remo\u00e7\u00e3o.<\/li>\n\n\n\n<li><strong>Duradouro<\/strong>: O Microcimento Satine \u00e9 altamente resistente ao tr\u00e1fego pedonal, aos impactos, aos riscos e aos produtos qu\u00edmicos. Esta durabilidade garante que as superf\u00edcies permane\u00e7am intactas mesmo em \u00e1reas de tr\u00e1fego intenso ou em espa\u00e7os expostos a condi\u00e7\u00f5es adversas.<\/li>\n\n\n\n<li><strong>Imperme\u00e1vel e antiderrapante<\/strong>: A sua natureza imperme\u00e1vel torna-o ideal para \u00e1reas h\u00famidas como casas de banho e cozinhas. Al\u00e9m disso, quando s\u00e3o aplicados acabamentos espec\u00edficos, pode proporcionar propriedades antiderrapantes, aumentando a seguran\u00e7a nestes espa\u00e7os.<\/li>\n\n\n\n<li><strong>Renova\u00e7\u00f5es r\u00e1pidas e limpas<\/strong>: A aplica\u00e7\u00e3o do microcimento \u00e9 um processo simples que resulta numa perturba\u00e7\u00e3o m\u00ednima. Facilita renova\u00e7\u00f5es r\u00e1pidas e limpas sem a sujidade e os detritos tipicamente associados aos m\u00e9todos de constru\u00e7\u00e3o tradicionais.<\/li>\n\n\n\n<li><strong>Espessura m\u00ednima<\/strong>: Com uma espessura de apenas 2-3 mm, o Microcimento Satine n\u00e3o aumenta significativamente a carga estrutural do edif\u00edcio. Isto torna-o uma excelente escolha para renovar estruturas existentes sem comprometer a sua integridade.<\/li>\n\n\n\n<li><strong>Amigo do ambiente<\/strong>: Composto por materiais naturais, o Microcimento Satine \u00e9 uma op\u00e7\u00e3o amiga do ambiente. \u00c9 isento de produtos qu\u00edmicos nocivos e apoia pr\u00e1ticas de constru\u00e7\u00e3o sustent\u00e1veis.<\/li>\n\n\n\n<li><strong>Manuten\u00e7\u00e3o f\u00e1cil<\/strong>: A manuten\u00e7\u00e3o de uma superf\u00edcie de microcimento \u00e9 simples. A limpeza regular com \u00e1gua e um sab\u00e3o de pH neutro mant\u00e9m-na com um aspeto novo. A sua natureza sem juntas tamb\u00e9m significa menos \u00e1reas para o desenvolvimento de bact\u00e9rias e bolor.<\/li>\n\n\n\n<li><strong>Higi\u00e9nico<\/strong>: A superf\u00edcie cont\u00ednua do microcimento ajuda a criar espa\u00e7os livres de germes e bact\u00e9rias, promovendo um ambiente de vida mais saud\u00e1vel.<\/li>\n<\/ul>\n\n\n\n<div style=\"height:120px\" aria-hidden=\"true\" class=\"wp-block-spacer\"><\/div>\n\n\n\n<figure class=\"wp-block-video\"><video height=\"1080\" style=\"aspect-ratio: 1920 \/ 1080;\" width=\"1920\" controls src=\"https:\/\/www.satine.com\/wp-content\/uploads\/2024\/10\/Diseno-sin-titulo-3.mp4\"><\/video><\/figure>\n\n\n\n<div style=\"height:30px\" aria-hidden=\"true\" class=\"wp-block-spacer\"><\/div>\n\n\n\n<h2 class=\"wp-block-heading\">Perguntas frequentes sobre o microcimento<\/h2>\n\n\n\n<div class=\"wp-block-group is-vertical is-layout-flex wp-container-core-group-is-layout-8cf370e7 wp-block-group-is-layout-flex\">\n<details class=\"wp-block-details is-layout-flow wp-block-details-is-layout-flow\"><summary><strong>O microcimento pode ser aplicado a baixas temperaturas?<\/strong><br><\/summary>\n<p>A aplica\u00e7\u00e3o de microcimento a baixas temperaturas pode ser um desafio e n\u00e3o \u00e9 recomendada abaixo dos 10\u00b0C, uma vez que a secagem e as propriedades do material podem ser afectadas.<\/p>\n<\/details>\n\n\n\n<details class=\"wp-block-details is-layout-flow wp-block-details-is-layout-flow\"><summary><strong>Quanto custa o microcimento por metro quadrado?<\/strong><br><\/summary>\n<p>O custo do microcimento varia, mas geralmente situa-se entre 40 e 100 euros por metro quadrado, incluindo materiais e m\u00e3o de obra.<\/p>\n<\/details>\n\n\n\n<details class=\"wp-block-details is-layout-flow wp-block-details-is-layout-flow\"><summary><strong>Qual o tempo de secagem entre a primeira dem\u00e3o de selador e a segunda?<\/strong><br><\/summary>\n<p>Geralmente, deve ser dado um tempo de secagem de 4 a 6 horas entre a primeira e a segunda dem\u00e3o de vedante, embora este tempo possa variar consoante o tipo de vedante e as condi\u00e7\u00f5es ambientais.<\/p>\n<\/details>\n\n\n\n<details class=\"wp-block-details is-layout-flow wp-block-details-is-layout-flow\"><summary><strong>\u00c9 obrigat\u00f3rio aplicar a malha para o microcimento?<\/strong><br><\/summary>\n<p>Nem sempre \u00e9 obrigat\u00f3rio, mas \u00e9 recomendado, especialmente em superf\u00edcies que possam ter movimentos ou fissuras, para evitar fissuras.<\/p>\n<\/details>\n\n\n\n<details class=\"wp-block-details is-layout-flow wp-block-details-is-layout-flow\"><summary><strong>Como \u00e9 que me posso inscrever num curso de microcimento?<\/strong><br><\/summary>\n<p>Contacte-nos atrav\u00e9s da nossa p\u00e1gina de contactos ou das redes sociais para obter mais informa\u00e7\u00f5es sobre cursos de aplica\u00e7\u00e3o de microcimento e outros materiais.<\/p>\n<\/details>\n\n\n\n<details class=\"wp-block-details is-layout-flow wp-block-details-is-layout-flow\"><summary><strong>As cores podem ser combinadas na mesma superf\u00edcie?<\/strong><br><\/summary>\n<p>Sim, as cores podem ser combinadas na mesma superf\u00edcie para criar desenhos personalizados e efeitos decorativos.<\/p>\n<\/details>\n\n\n\n<details class=\"wp-block-details is-layout-flow wp-block-details-is-layout-flow\"><summary><strong>Porque \u00e9 que pode haver diferen\u00e7as de brilho entre a amostra e o trabalho acabado?<\/strong><br><\/summary>\n<p>As diferen\u00e7as de brilho podem dever-se a varia\u00e7\u00f5es na aplica\u00e7\u00e3o, ao tipo de selante utilizado e \u00e0s condi\u00e7\u00f5es ambientais durante a secagem.<\/p>\n<\/details>\n\n\n\n<details class=\"wp-block-details is-layout-flow wp-block-details-is-layout-flow\"><summary><strong>O microcimento pode perder a cor com o tempo?<\/strong><br><\/summary>\n<p>O microcimento pode perder a cor se n\u00e3o for devidamente protegido ou se for exposto a produtos qu\u00edmicos agressivos. Uma boa impermeabiliza\u00e7\u00e3o e manuten\u00e7\u00e3o ajudam a preservar a cor.<\/p>\n<\/details>\n\n\n\n<details class=\"wp-block-details is-layout-flow wp-block-details-is-layout-flow\"><summary><strong>Como limpar o microcimento?<\/strong><br><\/summary>\n<p>Recomenda-se a utiliza\u00e7\u00e3o de produtos de limpeza neutros e n\u00e3o abrasivos. Evitar produtos com cloro ou \u00e1cidos que possam danificar o selador.<\/p>\n<\/details>\n\n\n\n<details class=\"wp-block-details is-layout-flow wp-block-details-is-layout-flow\"><summary><strong>Quanto tempo demora uma renova\u00e7\u00e3o com microcimento?<\/strong><br><\/summary>\n<p>A aplica\u00e7\u00e3o do microcimento demora normalmente entre 4 e 7 dias, consoante as condi\u00e7\u00f5es ambientais e a complexidade da obra.<\/p>\n<\/details>\n\n\n\n<details class=\"wp-block-details is-layout-flow wp-block-details-is-layout-flow\"><summary><strong>Quais s\u00e3o as diferen\u00e7as entre o microcimento e o bet\u00e3o polido?<\/strong><br><\/summary>\n<p>O microcimento \u00e9 uma camada fina (2-3 mm) aplicada sobre superf\u00edcies existentes, enquanto o bet\u00e3o polido \u00e9 uma camada mais espessa (5-10 cm) utilizada para criar novos pavimentos. Al\u00e9m disso, o microcimento oferece uma maior personaliza\u00e7\u00e3o em termos de cores e texturas.<\/p>\n<\/details>\n\n\n\n<details class=\"wp-block-details is-layout-flow wp-block-details-is-layout-flow\"><summary><strong>O microcimento \u00e9 antiderrapante?<\/strong><br><\/summary>\n<p>O microcimento pode ser tratado para ser antiderrapante atrav\u00e9s da aplica\u00e7\u00e3o de aditivos espec\u00edficos no selante final.<\/p>\n<\/details>\n\n\n\n<details class=\"wp-block-details is-layout-flow wp-block-details-is-layout-flow\"><summary><strong>O microcimento \u00e9 imperme\u00e1vel?<\/strong><br><\/summary>\n<p>Uma vez devidamente selado, o microcimento \u00e9 \u00e0 prova de \u00e1gua, o que o torna adequado para \u00e1reas h\u00famidas, como casas de banho e cozinhas.<\/p>\n<\/details>\n\n\n\n<details class=\"wp-block-details is-layout-flow wp-block-details-is-layout-flow\"><summary><strong>O microcimento pode ser aplicado sobre o aquecimento do pavimento?<\/strong><br><\/summary>\n<p>Sim, o microcimento \u00e9 compat\u00edvel com o aquecimento por pavimento radiante, desde que sejam seguidas as recomenda\u00e7\u00f5es do fabricante relativamente \u00e0 aplica\u00e7\u00e3o e ao aquecimento gradual do sistema.<\/p>\n<\/details>\n\n\n\n<details class=\"wp-block-details is-layout-flow wp-block-details-is-layout-flow\"><summary><strong>Em que superf\u00edcies pode ser aplicado o microcimento?<\/strong><br><\/summary>\n<p>O microcimento pode ser aplicado numa variedade de superf\u00edcies, incluindo bet\u00e3o, azulejos, cer\u00e2mica, gesso, madeira, metal e outros materiais. A superf\u00edcie deve estar limpa, seca e nivelada.<br><br><\/p>\n<\/details>\n\n\n\n<details class=\"wp-block-details is-layout-flow wp-block-details-is-layout-flow\"><summary><strong>O microcimento requer cuidados especiais?<\/strong><br><\/summary>\n<p>Sim, o microcimento requer alguns cuidados para manter o seu aspeto e durabilidade. Evite impactos fortes, utilize protectores de m\u00f3veis e limpe-o com produtos n\u00e3o abrasivos para o manter em boas condi\u00e7\u00f5es<\/p>\n<\/details>\n\n\n\n<details class=\"wp-block-details is-layout-flow wp-block-details-is-layout-flow\"><summary><strong>Qual \u00e9 a resist\u00eancia e a dureza do microcimento?<\/strong><br><\/summary>\n<p><strong>For\u00e7a:<\/strong>&nbsp;O microcimento tem uma resist\u00eancia \u00e0 compress\u00e3o de aproximadamente 25 a 40 MPa (megapascal) e uma resist\u00eancia \u00e0 flex\u00e3o entre 7 e 10 MPa.<strong>Dureza:<\/strong>&nbsp;A dureza superficial do microcimento, medida na escala de Mohs, situa-se normalmente entre 3 e 4.<\/p>\n<\/details>\n\n\n\n<details class=\"wp-block-details is-layout-flow wp-block-details-is-layout-flow\"><summary><strong>\u00c9 necess\u00e1rio escovar as portas?<\/strong><br><\/summary>\n<p>Nem sempre, mas em algumas renova\u00e7\u00f5es, pode ser necess\u00e1rio ajustar as portas se a espessura do microcimento afetar o seu funcionamento.<\/p>\n<\/details>\n\n\n\n<details class=\"wp-block-details is-layout-flow wp-block-details-is-layout-flow\"><summary><strong>O microcimento pode ser aplicado com tempo muito quente?<\/strong><br><\/summary>\n<p>Sim, mas devem ser tomadas precau\u00e7\u00f5es adicionais, tais como evitar a exposi\u00e7\u00e3o direta \u00e0 luz solar e manter uma hidrata\u00e7\u00e3o adequada do material para evitar uma secagem demasiado r\u00e1pida.<\/p>\n<\/details>\n\n\n\n<details class=\"wp-block-details is-layout-flow wp-block-details-is-layout-flow\"><summary><strong>Qual \u00e9 a diferen\u00e7a entre o microcimento e o cimento tradicional?<br> <\/strong><\/summary>\n<p>O microcimento \u00e9 um revestimento decorativo fino e vers\u00e1til feito de cimento fino, resinas \u00e0 base de \u00e1gua e pigmentos, adequado para v\u00e1rias superf\u00edcies, incluindo pavimentos e paredes. O cimento tradicional \u00e9 um material de constru\u00e7\u00e3o b\u00e1sico misturado com areia e gravilha para formar o bet\u00e3o, utilizado em aplica\u00e7\u00f5es estruturais mais espessas.<\/p>\n<\/details>\n\n\n\n<div style=\"height:0px\" aria-hidden=\"true\" class=\"wp-block-spacer wp-container-content-c00f5982\"><\/div>\n<\/div>","protected":false},"excerpt":{"rendered":"<p>Everything You Need to Know About Satine Microcement: Uses, Types, Application, and Benefits Satine Microcement is a versatile decorative coating composed of cement, water-based resins, additives, and mineral pigments. This material is renowned for its excellent adhesion, allowing it to be applied to a wide variety of surfaces, both vertical and horizontal. One of its [&hellip;]<\/p>\n","protected":false},"author":1,"featured_media":0,"parent":0,"menu_order":0,"comment_status":"closed","ping_status":"closed","template":"","meta":{"footnotes":""},"class_list":["post-4331","page","type-page","status-publish","hentry"],"yoast_head":"<!-- This site is optimized with the Yoast SEO plugin v27.5 - https:\/\/yoast.com\/product\/yoast-seo-wordpress\/ -->\n<title>Frequently Asked Questions of Microcement (FAQ) - Satine<\/title>\n<meta name=\"description\" content=\"What is microcement? Satine Microcement is a decorative coating composed of cement, water-based resins, additives, and mineral pigments. It can be applied to various vertical and horizontal surfaces, providing a seamless, durable finish.\" \/>\n<meta name=\"robots\" content=\"index, follow, max-snippet:-1, max-image-preview:large, max-video-preview:-1\" \/>\n<link rel=\"canonical\" href=\"https:\/\/www.satine.com\/pt\/faq\/\" \/>\n<meta property=\"og:locale\" content=\"pt_PT\" \/>\n<meta property=\"og:type\" content=\"article\" \/>\n<meta property=\"og:title\" content=\"Frequently Asked Questions of Microcement (FAQ) - Satine\" \/>\n<meta property=\"og:description\" content=\"What is microcement? Satine Microcement is a decorative coating composed of cement, water-based resins, additives, and mineral pigments. It can be applied to various vertical and horizontal surfaces, providing a seamless, durable finish.\" \/>\n<meta property=\"og:url\" content=\"https:\/\/www.satine.com\/pt\/faq\/\" \/>\n<meta property=\"og:site_name\" content=\"Satine\" \/>\n<meta property=\"article:modified_time\" content=\"2024-10-18T10:40:06+00:00\" \/>\n<meta name=\"twitter:card\" content=\"summary_large_image\" \/>\n<meta name=\"twitter:label1\" content=\"Tempo estimado de leitura\" \/>\n\t<meta name=\"twitter:data1\" content=\"5 minutos\" \/>\n<script type=\"application\/ld+json\" class=\"yoast-schema-graph\">{\"@context\":\"https:\\\/\\\/schema.org\",\"@graph\":[{\"@type\":\"WebPage\",\"@id\":\"https:\\\/\\\/www.satine.com\\\/faq\\\/\",\"url\":\"https:\\\/\\\/www.satine.com\\\/faq\\\/\",\"name\":\"Frequently Asked Questions of Microcement (FAQ) - Satine\",\"isPartOf\":{\"@id\":\"https:\\\/\\\/www.satine.com\\\/#website\"},\"datePublished\":\"2024-07-18T11:03:11+00:00\",\"dateModified\":\"2024-10-18T10:40:06+00:00\",\"description\":\"What is microcement? Satine Microcement is a decorative coating composed of cement, water-based resins, additives, and mineral pigments. It can be applied to various vertical and horizontal surfaces, providing a seamless, durable finish.\",\"breadcrumb\":{\"@id\":\"https:\\\/\\\/www.satine.com\\\/faq\\\/#breadcrumb\"},\"inLanguage\":\"pt-PT\",\"potentialAction\":[{\"@type\":\"ReadAction\",\"target\":[\"https:\\\/\\\/www.satine.com\\\/faq\\\/\"]}]},{\"@type\":\"BreadcrumbList\",\"@id\":\"https:\\\/\\\/www.satine.com\\\/faq\\\/#breadcrumb\",\"itemListElement\":[{\"@type\":\"ListItem\",\"position\":1,\"name\":\"Inicio\",\"item\":\"https:\\\/\\\/www.satine.com\\\/\"},{\"@type\":\"ListItem\",\"position\":2,\"name\":\"FAQ\"}]},{\"@type\":\"WebSite\",\"@id\":\"https:\\\/\\\/www.satine.com\\\/#website\",\"url\":\"https:\\\/\\\/www.satine.com\\\/\",\"name\":\"Satine - Microcement\",\"description\":\"\",\"alternateName\":\"Satine - Microcement\",\"potentialAction\":[{\"@type\":\"SearchAction\",\"target\":{\"@type\":\"EntryPoint\",\"urlTemplate\":\"https:\\\/\\\/www.satine.com\\\/?s={search_term_string}\"},\"query-input\":{\"@type\":\"PropertyValueSpecification\",\"valueRequired\":true,\"valueName\":\"search_term_string\"}}],\"inLanguage\":\"pt-PT\"}]}<\/script>\n<!-- \/ Yoast SEO plugin. -->","yoast_head_json":{"title":"Perguntas frequentes sobre o Microcimento (FAQ) - Satine","description":"O que \u00e9 o microcimento? O Microcimento Satine \u00e9 um revestimento decorativo composto por cimento, resinas de base aquosa, aditivos e pigmentos minerais. Pode ser aplicado em v\u00e1rias superf\u00edcies verticais e horizontais, proporcionando um acabamento duradouro e sem juntas.","robots":{"index":"index","follow":"follow","max-snippet":"max-snippet:-1","max-image-preview":"max-image-preview:large","max-video-preview":"max-video-preview:-1"},"canonical":"https:\/\/www.satine.com\/pt\/faq\/","og_locale":"pt_PT","og_type":"article","og_title":"Frequently Asked Questions of Microcement (FAQ) - Satine","og_description":"What is microcement? Satine Microcement is a decorative coating composed of cement, water-based resins, additives, and mineral pigments. It can be applied to various vertical and horizontal surfaces, providing a seamless, durable finish.","og_url":"https:\/\/www.satine.com\/pt\/faq\/","og_site_name":"Satine","article_modified_time":"2024-10-18T10:40:06+00:00","twitter_card":"summary_large_image","twitter_misc":{"Tempo estimado de leitura":"5 minutos"},"schema":{"@context":"https:\/\/schema.org","@graph":[{"@type":"WebPage","@id":"https:\/\/www.satine.com\/faq\/","url":"https:\/\/www.satine.com\/faq\/","name":"Perguntas frequentes sobre o Microcimento (FAQ) - Satine","isPartOf":{"@id":"https:\/\/www.satine.com\/#website"},"datePublished":"2024-07-18T11:03:11+00:00","dateModified":"2024-10-18T10:40:06+00:00","description":"O que \u00e9 o microcimento? O Microcimento Satine \u00e9 um revestimento decorativo composto por cimento, resinas de base aquosa, aditivos e pigmentos minerais. Pode ser aplicado em v\u00e1rias superf\u00edcies verticais e horizontais, proporcionando um acabamento duradouro e sem juntas.","breadcrumb":{"@id":"https:\/\/www.satine.com\/faq\/#breadcrumb"},"inLanguage":"pt-PT","potentialAction":[{"@type":"ReadAction","target":["https:\/\/www.satine.com\/faq\/"]}]},{"@type":"BreadcrumbList","@id":"https:\/\/www.satine.com\/faq\/#breadcrumb","itemListElement":[{"@type":"ListItem","position":1,"name":"Inicio","item":"https:\/\/www.satine.com\/"},{"@type":"ListItem","position":2,"name":"FAQ"}]},{"@type":"WebSite","@id":"https:\/\/www.satine.com\/#website","url":"https:\/\/www.satine.com\/","name":"Satine - Microcimento","description":"","alternateName":"Satine - Microcement","potentialAction":[{"@type":"SearchAction","target":{"@type":"EntryPoint","urlTemplate":"https:\/\/www.satine.com\/?s={search_term_string}"},"query-input":{"@type":"PropertyValueSpecification","valueRequired":true,"valueName":"search_term_string"}}],"inLanguage":"pt-PT"}]}},"_links":{"self":[{"href":"https:\/\/www.satine.com\/pt\/wp-json\/wp\/v2\/pages\/4331","targetHints":{"allow":["GET"]}}],"collection":[{"href":"https:\/\/www.satine.com\/pt\/wp-json\/wp\/v2\/pages"}],"about":[{"href":"https:\/\/www.satine.com\/pt\/wp-json\/wp\/v2\/types\/page"}],"author":[{"embeddable":true,"href":"https:\/\/www.satine.com\/pt\/wp-json\/wp\/v2\/users\/1"}],"replies":[{"embeddable":true,"href":"https:\/\/www.satine.com\/pt\/wp-json\/wp\/v2\/comments?post=4331"}],"version-history":[{"count":51,"href":"https:\/\/www.satine.com\/pt\/wp-json\/wp\/v2\/pages\/4331\/revisions"}],"predecessor-version":[{"id":5578,"href":"https:\/\/www.satine.com\/pt\/wp-json\/wp\/v2\/pages\/4331\/revisions\/5578"}],"wp:attachment":[{"href":"https:\/\/www.satine.com\/pt\/wp-json\/wp\/v2\/media?parent=4331"}],"curies":[{"name":"wp","href":"https:\/\/api.w.org\/{rel}","templated":true}]}}