{"id":3710,"date":"2022-04-14T19:31:44","date_gmt":"2022-04-15T00:31:44","guid":{"rendered":"https:\/\/www.satine.com\/?page_id=3710"},"modified":"2022-04-14T19:31:44","modified_gmt":"2022-04-15T00:31:44","slug":"biscoitos","status":"publish","type":"page","link":"https:\/\/www.satine.com\/pt\/cookies\/","title":{"rendered":"COOKIES"},"content":{"rendered":"<h3 class=\"wp-block-heading\">1. ANTECEDENTES<\/h3>\n\n\n\n<p>Em conformidade com a normativa espanhola que regula o uso de cookies em rela\u00e7\u00e3o \u00e0 presta\u00e7\u00e3o de servi\u00e7os de comunica\u00e7\u00f5es electr\u00f3nicas, reconhecida no Real Decreto Lei 13\/2012 de 30 de mar\u00e7o, informamos sobre os cookies utilizados no site de SATINE e o motivo do seu uso. Tamb\u00e9m informamos que, ao navegar no S\u00edtio Web, o utilizador est\u00e1 a dar o seu consentimento para poder utiliz\u00e1-los.<\/p>\n\n\n\n<h3 class=\"wp-block-heading\">2. O QUE S\u00c3O OS COOKIES?<\/h3>\n\n\n\n<p>Um cookie \u00e9 uma ficha que se guarda no navegador do seu ordenador ao aceder a determinadas p\u00e1ginas web. Os cookies permitem a uma p\u00e1gina web, entre outras coisas, armazenar e recuperar informa\u00e7\u00e3o sobre os h\u00e1bitos de navega\u00e7\u00e3o de um utilizador ou do seu equipamento e, dependendo da informa\u00e7\u00e3o que cont\u00eam e da forma como utiliza o seu equipamento, podem ser utilizados para reconhecer o utilizador. Os cookies associam-se exclusivamente a um utilizador an\u00f3nimo e ao seu ordenador ou dispositivo e n\u00e3o proporcionam refer\u00eancias que permitam conhecer os seus dados pessoais.<\/p>\n\n\n\n<h3 class=\"wp-block-heading\">3. TIPOS DE COOKIES<\/h3>\n\n\n\n<ol class=\"wp-block-list\"><li><strong>Cookies pr\u00f3prios:<\/strong>&nbsp;S\u00e3o aquelas que s\u00e3o enviadas para o equipamento terminal do utilizador a partir de um equipamento ou dom\u00ednio gerido pelo pr\u00f3prio editor e a partir do qual \u00e9 prestado o servi\u00e7o solicitado pelo utilizador.<\/li><li><strong>Cookies de terceiros:<\/strong>&nbsp;S\u00e3o aqueles que s\u00e3o enviados para o equipamento terminal do utilizador a partir de um equipamento ou dom\u00ednio que n\u00e3o \u00e9 gerido pelo pr\u00f3prio editor, mas sim por outra entidade que trata os dados atrav\u00e9s dos cookies.<\/li><li><strong>Cookies de sess\u00e3o:<\/strong>&nbsp;S\u00e3o um tipo de cookies concebidos para recolher e armazenar dados quando o utilizador acede a uma p\u00e1gina Web.<\/li><li><strong>Cookies persistentes:<\/strong>&nbsp;S\u00e3o um tipo de cookies em que os dados ficam armazenados no terminal e podem ser acedidos e tratados durante um per\u00edodo definido pelo respons\u00e1vel pelo cookie, que pode ir de alguns minutos a v\u00e1rios anos.<\/li><li><strong>Cookies de an\u00e1lise:<\/strong>&nbsp;S\u00e3o estas as empresas que, mesmo tratadas por n\u00f3s ou por terceiros, nos permitem quantificar o n\u00famero de utilizadores e, assim, realizar a medi\u00e7\u00e3o e an\u00e1lise estat\u00edstica da utiliza\u00e7\u00e3o que os utilizadores fazem do servi\u00e7o oferecido. Para isso, analisa-se a sua navega\u00e7\u00e3o na nossa p\u00e1gina web com o objetivo de melhorar a oferta de produtos ou servi\u00e7os que lhe oferecemos.<\/li><li><strong>Cookies de publicidade comportamental:<\/strong>&nbsp;S\u00e3o aqueles que permitem a gest\u00e3o, da forma mais eficaz poss\u00edvel, dos espa\u00e7os publicit\u00e1rios que, no seu caso, o editor tenha inclu\u00eddo numa p\u00e1gina web, aplica\u00e7\u00e3o ou plataforma a partir da qual presta o servi\u00e7o solicitado. Estes cookies armazenam informa\u00e7\u00e3o sobre o comportamento dos utilizadores obtida atrav\u00e9s da observa\u00e7\u00e3o cont\u00ednua dos seus h\u00e1bitos de navega\u00e7\u00e3o, o que permite desenvolver um perfil espec\u00edfico para mostrar publicidade em fun\u00e7\u00e3o do mesmo. Tamb\u00e9m \u00e9 poss\u00edvel que, ao visitar uma p\u00e1gina web ou ao abrir um e-mail onde se publique um an\u00fancio ou uma promo\u00e7\u00e3o sobre os nossos produtos ou servi\u00e7os, se instale no seu navegador um cookie que nos sirva para lhe mostrar posteriormente publicidade relacionada com a pesquisa que efectuou, desenvolver um controlo dos nossos an\u00fancios em rela\u00e7\u00e3o, por exemplo, ao n\u00famero de vezes que s\u00e3o vistos, onde aparecem, a que horas s\u00e3o vistos, etc.<\/li><\/ol>\n\n\n\n<h3 class=\"wp-block-heading\">4. TIPOS DE COOKIES UTILIZADOS<\/h3>\n\n\n\n<p>Os cookies utilizados no nosso site, s\u00e3o de sess\u00e3o e de terceiros, e permitem-nos armazenar e aceder a informa\u00e7\u00e3o relativa ao idioma, ao tipo de navegador utilizado, e outras carater\u00edsticas gerais pr\u00e9-definidas pelo utilizador, bem como, seguir e analisar a atividade que se realiza, com o objetivo de introduzir melhorias e prestar os nossos servi\u00e7os de uma forma mais eficiente e personalizada. SATINE n\u00e3o utiliza cookies publicit\u00e1rios ou de publicidade comportamental.<br>A utiliza\u00e7\u00e3o dos cookies oferece vantagens na presta\u00e7\u00e3o de servi\u00e7os dentro do que se conhece como a sociedade da informa\u00e7\u00e3o, uma vez que, facilita ao utilizador a navega\u00e7\u00e3o e o acesso aos diferentes servi\u00e7os que oferece este s\u00edtio web; evita que o utilizador tenha de configurar as carater\u00edsticas gerais predefinidas cada vez que acede ao s\u00edtio web; favorece a melhoria do funcionamento e dos servi\u00e7os prestados atrav\u00e9s deste s\u00edtio web, ap\u00f3s a correspondente an\u00e1lise da informa\u00e7\u00e3o obtida atrav\u00e9s dos cookies instalados.<\/p>\n\n\n\n<figure class=\"wp-block-table\"><table><tbody><tr><th>Nome<\/th><th>Tipo<\/th><th>Caducidade<\/th><th>Finalidade<\/th><th>Clase<\/th><\/tr><tr><td>__utma<\/td><td>De Terceros (Google Analytics)<\/td><td>2 a\u00f1os<\/td><td>\u00c9 utilizado para distinguir utilizadores e sess\u00f5es.<\/td><td>N\u00e3o exenta<\/td><\/tr><tr><td>__utmb<\/td><td>De Terceros (Google Analytics)<\/td><td>30 minutos<\/td><td>\u00c9 utilizado para determinar novas sess\u00f5es ou visitas.<\/td><td>N\u00e3o exenta<\/td><\/tr><tr><td>__utmc<\/td><td>De Terceros (Google Analytics)<\/td><td>Ao finalizar a sess\u00e3o<\/td><td>\u00c9 configurado para ser utilizado com o Urchin.<\/td><td>N\u00e3o exenta<\/td><\/tr><tr><td>__utmz<\/td><td>De Terceros (Google Analytics)<\/td><td>6 meses<\/td><td>Indique a origem da campanha que explica como \u00e9 que o utilizador chegou \u00e0 p\u00e1gina web.<\/td><td>N\u00e3o exenta<\/td><\/tr><tr><td>localidade<\/td><td>Propia<\/td><td>5 anos<\/td><td>Indique o idioma de prefer\u00eancia do utilizador.<\/td><td>Exenta<\/td><\/tr><tr><td>itens_do_cart\u00e3o<\/td><td>Propia<\/td><td>7 dias<\/td><td>Alimenta a lista de produtos que tem um utilizador no carro de compra.<\/td><td>Exenta<\/td><\/tr><tr><td>sess\u00e3o de sat\u00e9lite<\/td><td>Propia<\/td><td>2 horas<\/td><td>\u00c9 utilizado para distinguir utilizadores e sess\u00f5es<\/td><td>Exenta<\/td><\/tr><\/tbody><\/table><\/figure>\n\n\n\n<h3 class=\"wp-block-heading\">5. REVOGA\u00c7\u00c3O E ELIMINA\u00c7\u00c3O DE COOKIES<\/h3>\n\n\n\n<p>Em qualquer momento pode aceder \u00e0 configura\u00e7\u00e3o do seu navegador aceitando ou rejeitando todos os cookies, ou mesmo selecionando os que a sua instala\u00e7\u00e3o aceita e os que n\u00e3o, seguindo um dos seguintes procedimentos, que dependem do navegador que utiliza:<\/p>\n\n\n\n<ul class=\"wp-block-list\"><li><strong>Google Chrome:<\/strong>&nbsp;Menu Ferramentas &gt; Configura\u00e7\u00e3o &gt; Mostrar Op\u00e7\u00f5es Avan\u00e7adas &gt; Privacidade (Configura\u00e7\u00e3o do conte\u00fado) &gt; Cookies.&nbsp;<a target=\"_blank\" href=\"https:\/\/support.google.com\/chrome\/answer\/95647?hl=es\" rel=\"noreferrer noopener\">Mais informa\u00e7\u00f5es.<\/a><\/li><li><strong>Microsoft Internet Explorer:<\/strong>&nbsp;Menu Utiliza\u00e7\u00f5es &gt; Op\u00e7\u00f5es de Internet &gt; Privacidade &gt; Avan\u00e7ado.&nbsp;<a target=\"_blank\" href=\"https:\/\/support.microsoft.com\/es-es\/help\/17442\/windows-internet-explorer-delete-manage-cookies\" rel=\"noreferrer noopener\">Mais informa\u00e7\u00f5es.<\/a><\/li><li><strong>Firefox:<\/strong>&nbsp;Op\u00e7\u00f5es &gt; Privacidade &gt; Cookies.&nbsp;<a target=\"_blank\" href=\"https:\/\/support.mozilla.org\/es\/kb\/habilitar-y-deshabilitar-cookies-sitios-web-rastrear-preferencias\" rel=\"noreferrer noopener\">Mais informa\u00e7\u00f5es.<\/a><\/li><li><strong>Safari, iPad e iPhone:<\/strong>&nbsp;Prefer\u00eancias &gt; Privacidade.&nbsp;<a target=\"_blank\" href=\"https:\/\/www.apple.com\/legal\/privacy\/es\/cookies\/\" rel=\"noreferrer noopener\">Mais informa\u00e7\u00f5es.<\/a><\/li><\/ul>\n\n\n\n<h3 class=\"wp-block-heading\">6. TERCEROS PRESTADORES DE SERVI\u00c7OS<\/h3>\n\n\n\n<p>Em concreto, os terceiros prestadores de servi\u00e7os com os quais contrat\u00e1mos algum servi\u00e7o para o qual \u00e9 necess\u00e1ria a utiliza\u00e7\u00e3o de cookies s\u00e3o:<\/p>\n\n\n\n<figure class=\"wp-block-table\"><table><tbody><tr><th>Proveedor<\/th><th>Finalidade do servi\u00e7o e do cookie<\/th><th>Informa\u00e7\u00e3o do fornecedor<\/th><\/tr><tr><td>GOOGLE Inc.<\/td><td>An\u00e1lise estat\u00edstica do s\u00edtio web a n\u00edvel de contabiliza\u00e7\u00e3o de visitantes, p\u00e1ginas visitadas, palavras-chave utilizadas e similares<\/td><td><a href=\"https:\/\/policies.google.com\/privacy?hl=es&amp;gl=es\" target=\"_blank\" rel=\"noreferrer noopener\">Pol\u00edtica de privacidade<\/a><\/td><\/tr><\/tbody><\/table><\/figure>","protected":false},"excerpt":{"rendered":"<p>1. ANTECEDENTES De conformidad con la normativa espa\u00f1ola que regula el uso de cookies en relaci\u00f3n a la prestaci\u00f3n de servicios de comunicaciones electr\u00f3nicas, recogida en el Real Decreto Ley 13\/2012 del 30 de marzo, le informamos sobre las cookies utilizadas en el sitio web de SATINE y el motivo de su uso. Asimismo, le [&hellip;]<\/p>\n","protected":false},"author":1,"featured_media":0,"parent":0,"menu_order":0,"comment_status":"closed","ping_status":"closed","template":"","meta":{"footnotes":""},"class_list":["post-3710","page","type-page","status-publish","hentry"],"yoast_head":"<!-- This site is optimized with the Yoast SEO plugin v27.5 - https:\/\/yoast.com\/product\/yoast-seo-wordpress\/ -->\n<title>COOKIES - Satine<\/title>\n<meta name=\"robots\" content=\"index, follow, max-snippet:-1, max-image-preview:large, max-video-preview:-1\" \/>\n<link rel=\"canonical\" href=\"https:\/\/www.satine.com\/pt\/biscoitos\/\" \/>\n<meta property=\"og:locale\" content=\"pt_PT\" \/>\n<meta property=\"og:type\" content=\"article\" \/>\n<meta property=\"og:title\" content=\"COOKIES - Satine\" \/>\n<meta property=\"og:description\" content=\"1. ANTECEDENTES De conformidad con la normativa espa\u00f1ola que regula el uso de cookies en relaci\u00f3n a la prestaci\u00f3n de servicios de comunicaciones electr\u00f3nicas, recogida en el Real Decreto Ley 13\/2012 del 30 de marzo, le informamos sobre las cookies utilizadas en el sitio web de SATINE y el motivo de su uso. Asimismo, le [&hellip;]\" \/>\n<meta property=\"og:url\" content=\"https:\/\/www.satine.com\/pt\/biscoitos\/\" \/>\n<meta property=\"og:site_name\" content=\"Satine\" \/>\n<meta name=\"twitter:card\" content=\"summary_large_image\" \/>\n<meta name=\"twitter:label1\" content=\"Tempo estimado de leitura\" \/>\n\t<meta name=\"twitter:data1\" content=\"5 minutos\" \/>\n<script type=\"application\/ld+json\" class=\"yoast-schema-graph\">{\"@context\":\"https:\\\/\\\/schema.org\",\"@graph\":[{\"@type\":\"WebPage\",\"@id\":\"https:\\\/\\\/www.satine.com\\\/cookies\\\/\",\"url\":\"https:\\\/\\\/www.satine.com\\\/cookies\\\/\",\"name\":\"COOKIES - Satine\",\"isPartOf\":{\"@id\":\"https:\\\/\\\/www.satine.com\\\/#website\"},\"datePublished\":\"2022-04-15T00:31:44+00:00\",\"breadcrumb\":{\"@id\":\"https:\\\/\\\/www.satine.com\\\/cookies\\\/#breadcrumb\"},\"inLanguage\":\"pt-PT\",\"potentialAction\":[{\"@type\":\"ReadAction\",\"target\":[\"https:\\\/\\\/www.satine.com\\\/cookies\\\/\"]}]},{\"@type\":\"BreadcrumbList\",\"@id\":\"https:\\\/\\\/www.satine.com\\\/cookies\\\/#breadcrumb\",\"itemListElement\":[{\"@type\":\"ListItem\",\"position\":1,\"name\":\"Inicio\",\"item\":\"https:\\\/\\\/www.satine.com\\\/\"},{\"@type\":\"ListItem\",\"position\":2,\"name\":\"COOKIES\"}]},{\"@type\":\"WebSite\",\"@id\":\"https:\\\/\\\/www.satine.com\\\/#website\",\"url\":\"https:\\\/\\\/www.satine.com\\\/\",\"name\":\"Satine - Microcement\",\"description\":\"\",\"alternateName\":\"Satine - Microcement\",\"potentialAction\":[{\"@type\":\"SearchAction\",\"target\":{\"@type\":\"EntryPoint\",\"urlTemplate\":\"https:\\\/\\\/www.satine.com\\\/?s={search_term_string}\"},\"query-input\":{\"@type\":\"PropertyValueSpecification\",\"valueRequired\":true,\"valueName\":\"search_term_string\"}}],\"inLanguage\":\"pt-PT\"}]}<\/script>\n<!-- \/ Yoast SEO plugin. -->","yoast_head_json":{"title":"COOKIES - Satine","robots":{"index":"index","follow":"follow","max-snippet":"max-snippet:-1","max-image-preview":"max-image-preview:large","max-video-preview":"max-video-preview:-1"},"canonical":"https:\/\/www.satine.com\/pt\/biscoitos\/","og_locale":"pt_PT","og_type":"article","og_title":"COOKIES - Satine","og_description":"1. ANTECEDENTES De conformidad con la normativa espa\u00f1ola que regula el uso de cookies en relaci\u00f3n a la prestaci\u00f3n de servicios de comunicaciones electr\u00f3nicas, recogida en el Real Decreto Ley 13\/2012 del 30 de marzo, le informamos sobre las cookies utilizadas en el sitio web de SATINE y el motivo de su uso. Asimismo, le [&hellip;]","og_url":"https:\/\/www.satine.com\/pt\/biscoitos\/","og_site_name":"Satine","twitter_card":"summary_large_image","twitter_misc":{"Tempo estimado de leitura":"5 minutos"},"schema":{"@context":"https:\/\/schema.org","@graph":[{"@type":"WebPage","@id":"https:\/\/www.satine.com\/cookies\/","url":"https:\/\/www.satine.com\/cookies\/","name":"COOKIES - Satine","isPartOf":{"@id":"https:\/\/www.satine.com\/#website"},"datePublished":"2022-04-15T00:31:44+00:00","breadcrumb":{"@id":"https:\/\/www.satine.com\/cookies\/#breadcrumb"},"inLanguage":"pt-PT","potentialAction":[{"@type":"ReadAction","target":["https:\/\/www.satine.com\/cookies\/"]}]},{"@type":"BreadcrumbList","@id":"https:\/\/www.satine.com\/cookies\/#breadcrumb","itemListElement":[{"@type":"ListItem","position":1,"name":"Inicio","item":"https:\/\/www.satine.com\/"},{"@type":"ListItem","position":2,"name":"COOKIES"}]},{"@type":"WebSite","@id":"https:\/\/www.satine.com\/#website","url":"https:\/\/www.satine.com\/","name":"Satine - Microcimento","description":"","alternateName":"Satine - Microcement","potentialAction":[{"@type":"SearchAction","target":{"@type":"EntryPoint","urlTemplate":"https:\/\/www.satine.com\/?s={search_term_string}"},"query-input":{"@type":"PropertyValueSpecification","valueRequired":true,"valueName":"search_term_string"}}],"inLanguage":"pt-PT"}]}},"_links":{"self":[{"href":"https:\/\/www.satine.com\/pt\/wp-json\/wp\/v2\/pages\/3710","targetHints":{"allow":["GET"]}}],"collection":[{"href":"https:\/\/www.satine.com\/pt\/wp-json\/wp\/v2\/pages"}],"about":[{"href":"https:\/\/www.satine.com\/pt\/wp-json\/wp\/v2\/types\/page"}],"author":[{"embeddable":true,"href":"https:\/\/www.satine.com\/pt\/wp-json\/wp\/v2\/users\/1"}],"replies":[{"embeddable":true,"href":"https:\/\/www.satine.com\/pt\/wp-json\/wp\/v2\/comments?post=3710"}],"version-history":[{"count":1,"href":"https:\/\/www.satine.com\/pt\/wp-json\/wp\/v2\/pages\/3710\/revisions"}],"predecessor-version":[{"id":3711,"href":"https:\/\/www.satine.com\/pt\/wp-json\/wp\/v2\/pages\/3710\/revisions\/3711"}],"wp:attachment":[{"href":"https:\/\/www.satine.com\/pt\/wp-json\/wp\/v2\/media?parent=3710"}],"curies":[{"name":"wp","href":"https:\/\/api.w.org\/{rel}","templated":true}]}}