{"id":31,"date":"2020-09-08T10:23:06","date_gmt":"2020-09-08T10:23:06","guid":{"rendered":"http:\/\/clapat.ro\/themes\/canela-wordpress\/?page_id=31"},"modified":"2024-09-11T05:08:44","modified_gmt":"2024-09-11T10:08:44","slug":"contacto","status":"publish","type":"page","link":"https:\/\/www.satine.com\/pt\/contact\/","title":{"rendered":"Contacto"},"content":{"rendered":"<p class=\"has-text-align-center\">Fabricamos microcimento, resinas, vernizes, pigmentos, ep\u00f3xis e produtos decorativos de alta qualidade<\/p>\n\n\n\n<p class=\"has-text-align-center\">Somos criadores de produtos por medida com o nosso pr\u00f3prio laborat\u00f3rio. Fabricamos e desenvolvemos para terceiros, bem como para marcas privadas.<\/p>\n\n\n\n<p class=\"has-text-align-center\">Fornecemos aplicadores para qualquer tipo de acabamento com garantia em todo o mundo.<\/p>\n\n\n\n<p class=\"has-text-align-center\">Oferecemos forma\u00e7\u00e3o t\u00e9cnica para o manuseamento de todos os tipos de acabamentos, materiais, texturas e utiliza\u00e7\u00e3o de ferramentas.<\/p>\n\n\n\n<p class=\"has-text-align-center\">Trinta e tr\u00eas sucursais pr\u00f3prias em todo o mundo.<\/p>\n\n\n\n<div style=\"height:100px\" aria-hidden=\"true\" class=\"wp-block-spacer\"><\/div>\n\n\n\n<div class=\"wp-block-columns is-layout-flex wp-container-core-columns-is-layout-9d6595d7 wp-block-columns-is-layout-flex\">\n<div class=\"wp-block-column text-align-center is-layout-flow wp-block-column-is-layout-flow\">\n<div class=\"clapat-icon  has-animation\" data-delay=\"0\"><i class=\"fa fa-map-marker fa-2x\" aria-hidden=\"true\"><\/i><\/div><h5 class=\"has-mask\" data-delay=\"0\">Carrer Coure, 16 - 24, 12530\nBurriana, Castell\u00f3n<\/h5>\n<\/div>\n\n\n\n<div class=\"wp-block-column text-align-center is-layout-flow wp-block-column-is-layout-flow\">\n<div class=\"clapat-icon  has-animation\" data-delay=\"0\"><i class=\"fa fa-paper-plane fa-2x\" aria-hidden=\"true\"><\/i><\/div><h5 class=\"has-mask\" data-delay=\"0\">info@satine.es<\/h5>\n<\/div>\n\n\n\n<div class=\"wp-block-column text-align-center is-layout-flow wp-block-column-is-layout-flow\">\n<div class=\"clapat-icon  has-animation\" data-delay=\"0\"><i class=\"fa fa-phone fa-2x\" aria-hidden=\"true\"><\/i><\/div><h5 class=\"has-mask\" data-delay=\"0\">+ 34 964 100 100\n+ 34 692 100 100<\/h5>\n<\/div>\n<\/div>\n\n\n\n<div style=\"height:100px\" aria-hidden=\"true\" class=\"wp-block-spacer\"><\/div>\n\n\n\n<div class=\"wp-block-canela-gutenberg-container full\" style=\"background-color:#ffffff;text-align:left\">\n<div class=\"wp-block-canela-gutenberg-container large\" style=\"background-color:#f2f2f2;text-align:left\">\n<div class=\"wp-block-canela-gutenberg-half-background-container row-half-color half-dark-section undefined first\" data-bgcolor=\"#141414\"><\/div>\n\n\n\n<div class=\"wp-block-canela-gutenberg-half-background-container row-half-color half-white-section undefined\" data-bgcolor=\"#ffffff\"><\/div>\n<\/div>\n\n\n\n<iframe src=\"https:\/\/www.google.com\/maps\/embed?pb=!1m18!1m12!1m3!1d3061.861275609142!2d-0.11349108462041424!3d39.87734517943145!2m3!1f0!2f0!3f0!3m2!1i1024!2i768!4f13.1!3m3!1m2!1s0xd60044abe5321b9%3A0xfd9bbcde36975556!2sSATINE%20STONE!5e0!3m2!1ses!2sco!4v1649215365218!5m2!1ses!2sco\" width=\"100%\" height=\"600\" style=\"border:0;\" allowfullscreen=\"\" loading=\"lazy\" referrerpolicy=\"no-referrer-when-downgrade\"><\/iframe>\n\n\n\n<div class=\"wp-block-canela-gutenberg-container row_padding_top row_padding_bottom white-section text-align-center full\" style=\"background-color:#ffffff;text-align:left\">\n<div class=\"wp-block-canela-gutenberg-container small text-align-center\" style=\"background-color:transparent;text-align:left\">\n<p class=\"has-text-align-center has-animation\">Entrar em contacto<\/p>\n\n\n\n<h3 class=\"wp-block-heading has-text-align-center has-mask\" id=\"start-your-project\">Iniciar o seu projeto<\/h3>\n\n\n\n<div style=\"height:70px\" aria-hidden=\"true\" class=\"wp-block-spacer\"><\/div>\n\n\n\n<div class=\"wpcf7 no-js\" id=\"wpcf7-f6-o1\" lang=\"en-US\" dir=\"ltr\" data-wpcf7-id=\"6\">\n<div class=\"screen-reader-response\"><p role=\"status\" aria-live=\"polite\" aria-atomic=\"true\"><\/p> <ul><\/ul><\/div>\n<form action=\"\/pt\/wp-json\/wp\/v2\/pages\/31#wpcf7-f6-o1\" method=\"post\" class=\"wpcf7-form init\" aria-label=\"Formul\u00e1rio de contacto\" novalidate=\"novalidate\" data-status=\"init\" data-trp-original-action=\"\/pt\/wp-json\/wp\/v2\/pages\/31#wpcf7-f6-o1\">\n<fieldset class=\"hidden-fields-container\"><input type=\"hidden\" name=\"_wpcf7\" value=\"6\" \/><input type=\"hidden\" name=\"_wpcf7_version\" value=\"6.1.5\" \/><input type=\"hidden\" name=\"_wpcf7_locale\" value=\"en_US\" \/><input type=\"hidden\" name=\"_wpcf7_unit_tag\" value=\"wpcf7-f6-o1\" \/><input type=\"hidden\" name=\"_wpcf7_container_post\" value=\"0\" \/><input type=\"hidden\" name=\"_wpcf7_posted_data_hash\" value=\"\" \/><input type=\"hidden\" name=\"_wpcf7_recaptcha_response\" value=\"\" \/>\n<\/fieldset>\n<div id=\"contact-formular\" class=\"disable-drag\">\n\t<div class=\"name-box has-animation\">\n\t\t<p><span class=\"wpcf7-form-control-wrap\" data-name=\"your-name\"><input size=\"40\" maxlength=\"400\" class=\"wpcf7-form-control wpcf7-text wpcf7-validates-as-required\" aria-required=\"true\" aria-invalid=\"false\" placeholder=\"Nome\" value=\"\" type=\"text\" name=\"your-name\" \/><\/span>\n\t\t<\/p>\n\t<\/div>\n\t<div class=\"email-box has-animation\">\n\t\t<p><span class=\"wpcf7-form-control-wrap\" data-name=\"your-email\"><input size=\"40\" maxlength=\"400\" class=\"wpcf7-form-control wpcf7-email wpcf7-validates-as-required wpcf7-text wpcf7-validates-as-email\" aria-required=\"true\" aria-invalid=\"false\" placeholder=\"Correio eletr\u00f3nico\" value=\"\" type=\"email\" name=\"your-email\" \/><\/span>\n\t\t<\/p>\n\t<\/div>\n\t<div class=\"message-box has-animation\">\n\t\t<p><span class=\"wpcf7-form-control-wrap\" data-name=\"your-message\"><textarea cols=\"40\" rows=\"10\" maxlength=\"2000\" class=\"wpcf7-form-control wpcf7-textarea wpcf7-validates-as-required\" aria-required=\"true\" aria-invalid=\"false\" placeholder=\"Mensagem\" name=\"your-message\"><\/textarea><\/span>\n\t\t<\/p>\n\t<\/div>\n<hr \/>\n\t<p><span class=\"wpcf7-form-control-wrap\" data-name=\"countrytext-776\"><input size=\"40\" class=\"wpcf7-form-control wpcf7-countrytext wpcf7-validates-as-required wpcf7-text wpcf7-validates-as-countrytext\" aria-required=\"true\" aria-invalid=\"false\" value=\"\" type=\"text\" name=\"countrytext-776\" \/><\/span>\n\t<\/p>\n\t<div class=\"captcha-box\">\n\t<span class=\"wpcf7-form-control-wrap recaptcha\" data-name=\"recaptcha\"><span data-sitekey=\"6LefK5YgAAAAAFyZWA1LI9vPfnXH6jDYNwlQOeRv\" class=\"wpcf7-form-control wpcf7-recaptcha g-recaptcha\"><\/span>\r\n<noscript>\r\n\t<div class=\"grecaptcha-noscript\">\r\n\t\t<iframe loading=\"lazy\" src=\"https:\/\/www.google.com\/recaptcha\/api\/fallback?k=6LefK5YgAAAAAFyZWA1LI9vPfnXH6jDYNwlQOeRv\" frameborder=\"0\" scrolling=\"no\" width=\"310\" height=\"430\">\r\n\t\t<\/iframe>\r\n\t\t<textarea name=\"g-recaptcha-response\" rows=\"3\" cols=\"40\" placeholder=\"Resposta do reCaptcha aqui\">\r\n\t\t<\/textarea>\r\n\t<\/div>\r\n<\/noscript>\r\n<\/span>\n\t<\/div>\n\t<div class=\"button-box has-animation\" data-delay=\"100\">\n\t\t<div class=\"clapat-button-wrap circle parallax-wrap bigger\">\n\t\t\t<div class=\"clapat-button parallax-element\">\n\t\t\t\t<div class=\"button-border outline parallax-element-second\">\n\t\t\t\t\t<p><input class=\"wpcf7-form-control wpcf7-submit has-spinner\" type=\"submit\" value=\"Enviar\" \/>\n\t\t\t\t\t<\/p>\n\t\t\t\t<\/div>\n\t\t\t<\/div>\n\t\t<\/div>\n\t<\/div>\n<\/div><div class=\"wpcf7-response-output\" aria-hidden=\"true\"><\/div>\n<input type=\"hidden\" name=\"trp-form-language\" value=\"pt\"\/><\/form>\n<\/div>\n\n<\/div>\n<\/div>\n<\/div>\n\n\n\n<div class=\"wp-block-columns is-layout-flex wp-container-core-columns-is-layout-9d6595d7 wp-block-columns-is-layout-flex\">\n<div class=\"wp-block-column text-align-center is-layout-flow wp-block-column-is-layout-flow\">\n<div class=\"clapat-icon  has-animation\" data-delay=\"0\"><i class=\"fa fa-map-marker fa-2x\" aria-hidden=\"true\"><\/i><\/div><h5 class=\"has-mask\" data-delay=\"0\">Carrer Coure, 16 - 24, 12530\nBurriana, Castell\u00f3n<\/h5>\n<\/div>\n\n\n\n<div class=\"wp-block-column text-align-center is-layout-flow wp-block-column-is-layout-flow\">\n<div class=\"clapat-icon  has-animation\" data-delay=\"0\"><i class=\"fa fa-paper-plane fa-2x\" aria-hidden=\"true\"><\/i><\/div><h5 class=\"has-mask\" data-delay=\"0\">info@satine.es<\/h5>\n<\/div>\n\n\n\n<div class=\"wp-block-column text-align-center is-layout-flow wp-block-column-is-layout-flow\">\n<div class=\"clapat-icon  has-animation\" data-delay=\"0\"><i class=\"fa fa-phone fa-2x\" aria-hidden=\"true\"><\/i><\/div><h5 class=\"has-mask\" data-delay=\"0\">+ 34 964 100 100\n+ 34 692 100 100<\/h5>\n<\/div>\n<\/div>\n\n\n\n<h3 class=\"wp-block-heading has-text-align-center has-mask\" id=\"get-in-touch-with-us-now-via-the-below-details\"><\/h3>","protected":false},"excerpt":{"rendered":"<p>We manufacture microcement, resins, varnishes, pigments, epoxies, and high-end decorative products We are custom product developers with our own laboratory. We manufacture and develop for third parties as well as for private label brands. We provide applicators for any type of finish with warranty all over the world. We offer technical training for handling all [&hellip;]<\/p>\n","protected":false},"author":1,"featured_media":0,"parent":0,"menu_order":0,"comment_status":"closed","ping_status":"closed","template":"","meta":{"footnotes":""},"class_list":["post-31","page","type-page","status-publish","hentry"],"yoast_head":"<!-- This site is optimized with the Yoast SEO plugin v27.4 - https:\/\/yoast.com\/product\/yoast-seo-wordpress\/ -->\n<title>Contact - Satine<\/title>\n<meta name=\"robots\" content=\"index, follow, max-snippet:-1, max-image-preview:large, max-video-preview:-1\" \/>\n<link rel=\"canonical\" href=\"https:\/\/www.satine.com\/pt\/contacto\/\" \/>\n<meta property=\"og:locale\" content=\"pt_PT\" \/>\n<meta property=\"og:type\" content=\"article\" \/>\n<meta property=\"og:title\" content=\"Contact - Satine\" \/>\n<meta property=\"og:description\" content=\"We manufacture microcement, resins, varnishes, pigments, epoxies, and high-end decorative products We are custom product developers with our own laboratory. We manufacture and develop for third parties as well as for private label brands. We provide applicators for any type of finish with warranty all over the world. We offer technical training for handling all [&hellip;]\" \/>\n<meta property=\"og:url\" content=\"https:\/\/www.satine.com\/pt\/contacto\/\" \/>\n<meta property=\"og:site_name\" content=\"Satine\" \/>\n<meta property=\"article:modified_time\" content=\"2024-09-11T10:08:44+00:00\" \/>\n<meta name=\"twitter:card\" content=\"summary_large_image\" \/>\n<meta name=\"twitter:label1\" content=\"Tempo estimado de leitura\" \/>\n\t<meta name=\"twitter:data1\" content=\"1 minuto\" \/>\n<script type=\"application\/ld+json\" class=\"yoast-schema-graph\">{\"@context\":\"https:\\\/\\\/schema.org\",\"@graph\":[{\"@type\":\"WebPage\",\"@id\":\"https:\\\/\\\/www.satine.com\\\/contact\\\/\",\"url\":\"https:\\\/\\\/www.satine.com\\\/contact\\\/\",\"name\":\"Contact - Satine\",\"isPartOf\":{\"@id\":\"https:\\\/\\\/www.satine.com\\\/#website\"},\"datePublished\":\"2020-09-08T10:23:06+00:00\",\"dateModified\":\"2024-09-11T10:08:44+00:00\",\"breadcrumb\":{\"@id\":\"https:\\\/\\\/www.satine.com\\\/contact\\\/#breadcrumb\"},\"inLanguage\":\"pt-PT\",\"potentialAction\":[{\"@type\":\"ReadAction\",\"target\":[\"https:\\\/\\\/www.satine.com\\\/contact\\\/\"]}]},{\"@type\":\"BreadcrumbList\",\"@id\":\"https:\\\/\\\/www.satine.com\\\/contact\\\/#breadcrumb\",\"itemListElement\":[{\"@type\":\"ListItem\",\"position\":1,\"name\":\"Inicio\",\"item\":\"https:\\\/\\\/www.satine.com\\\/\"},{\"@type\":\"ListItem\",\"position\":2,\"name\":\"Contact\"}]},{\"@type\":\"WebSite\",\"@id\":\"https:\\\/\\\/www.satine.com\\\/#website\",\"url\":\"https:\\\/\\\/www.satine.com\\\/\",\"name\":\"Satine - Microcement\",\"description\":\"\",\"alternateName\":\"Satine - Microcement\",\"potentialAction\":[{\"@type\":\"SearchAction\",\"target\":{\"@type\":\"EntryPoint\",\"urlTemplate\":\"https:\\\/\\\/www.satine.com\\\/?s={search_term_string}\"},\"query-input\":{\"@type\":\"PropertyValueSpecification\",\"valueRequired\":true,\"valueName\":\"search_term_string\"}}],\"inLanguage\":\"pt-PT\"}]}<\/script>\n<!-- \/ Yoast SEO plugin. -->","yoast_head_json":{"title":"Contacto - Satine","robots":{"index":"index","follow":"follow","max-snippet":"max-snippet:-1","max-image-preview":"max-image-preview:large","max-video-preview":"max-video-preview:-1"},"canonical":"https:\/\/www.satine.com\/pt\/contacto\/","og_locale":"pt_PT","og_type":"article","og_title":"Contact - Satine","og_description":"We manufacture microcement, resins, varnishes, pigments, epoxies, and high-end decorative products We are custom product developers with our own laboratory. We manufacture and develop for third parties as well as for private label brands. We provide applicators for any type of finish with warranty all over the world. We offer technical training for handling all [&hellip;]","og_url":"https:\/\/www.satine.com\/pt\/contacto\/","og_site_name":"Satine","article_modified_time":"2024-09-11T10:08:44+00:00","twitter_card":"summary_large_image","twitter_misc":{"Tempo estimado de leitura":"1 minuto"},"schema":{"@context":"https:\/\/schema.org","@graph":[{"@type":"WebPage","@id":"https:\/\/www.satine.com\/contact\/","url":"https:\/\/www.satine.com\/contact\/","name":"Contacto - Satine","isPartOf":{"@id":"https:\/\/www.satine.com\/#website"},"datePublished":"2020-09-08T10:23:06+00:00","dateModified":"2024-09-11T10:08:44+00:00","breadcrumb":{"@id":"https:\/\/www.satine.com\/contact\/#breadcrumb"},"inLanguage":"pt-PT","potentialAction":[{"@type":"ReadAction","target":["https:\/\/www.satine.com\/contact\/"]}]},{"@type":"BreadcrumbList","@id":"https:\/\/www.satine.com\/contact\/#breadcrumb","itemListElement":[{"@type":"ListItem","position":1,"name":"Inicio","item":"https:\/\/www.satine.com\/"},{"@type":"ListItem","position":2,"name":"Contact"}]},{"@type":"WebSite","@id":"https:\/\/www.satine.com\/#website","url":"https:\/\/www.satine.com\/","name":"Satine - Microcimento","description":"","alternateName":"Satine - Microcement","potentialAction":[{"@type":"SearchAction","target":{"@type":"EntryPoint","urlTemplate":"https:\/\/www.satine.com\/?s={search_term_string}"},"query-input":{"@type":"PropertyValueSpecification","valueRequired":true,"valueName":"search_term_string"}}],"inLanguage":"pt-PT"}]}},"_links":{"self":[{"href":"https:\/\/www.satine.com\/pt\/wp-json\/wp\/v2\/pages\/31","targetHints":{"allow":["GET"]}}],"collection":[{"href":"https:\/\/www.satine.com\/pt\/wp-json\/wp\/v2\/pages"}],"about":[{"href":"https:\/\/www.satine.com\/pt\/wp-json\/wp\/v2\/types\/page"}],"author":[{"embeddable":true,"href":"https:\/\/www.satine.com\/pt\/wp-json\/wp\/v2\/users\/1"}],"replies":[{"embeddable":true,"href":"https:\/\/www.satine.com\/pt\/wp-json\/wp\/v2\/comments?post=31"}],"version-history":[{"count":39,"href":"https:\/\/www.satine.com\/pt\/wp-json\/wp\/v2\/pages\/31\/revisions"}],"predecessor-version":[{"id":4791,"href":"https:\/\/www.satine.com\/pt\/wp-json\/wp\/v2\/pages\/31\/revisions\/4791"}],"wp:attachment":[{"href":"https:\/\/www.satine.com\/pt\/wp-json\/wp\/v2\/media?parent=31"}],"curies":[{"name":"wp","href":"https:\/\/api.w.org\/{rel}","templated":true}]}}