{"id":6115,"date":"2025-05-27T05:56:20","date_gmt":"2025-05-27T09:56:20","guid":{"rendered":"https:\/\/www.satine.com\/?page_id=6115"},"modified":"2025-05-27T05:56:21","modified_gmt":"2025-05-27T09:56:21","slug":"microcement-sicily","status":"publish","type":"page","link":"https:\/\/www.satine.com\/nb\/microcement-italy\/microcement-sicily\/","title":{"rendered":"Microcement Sicily"},"content":{"rendered":"<p>Vi har utviklet prosjekter med mikrosement gjennom hele <strong><strong>Sicily (Sicilia):<\/strong> Palermo, Catania, Messina, Syracuse, Trapani <\/strong>blant andre steder. Vi har spesialisert oss p\u00e5 renovering av boliger og bedrifter, der v\u00e5re sertifiserte h\u00e5ndverkere utelukkende bruker de produktene vi produserer. Kvaliteten p\u00e5 materialene v\u00e5re, oppl\u00e6ringen av v\u00e5re h\u00e5ndverkere og erfaringen til salgsteamet v\u00e5rt er det som kjennetegner oss best. Vi er et veletablert varemerke som er ledende innen produksjon av mikrosement i Europa. Vi tilbyr kontinuerlige og holdbare dekorative belegg, samt gratis teknisk r\u00e5dgivning fra begynnelsen til slutten av prosjektet. Vi liker \u00e5 lytte til kundene v\u00e5re og f\u00f8lger dem gjennom hele byggeprosessen for \u00e5 m\u00f8te deres behov. Vi er eksperter p\u00e5 salg, oppl\u00e6ring og bruk av mikrosement i <strong>Sicily<\/strong>. Systemene v\u00e5re tilpasser seg behovene til hvert enkelt prosjekt for \u00e5 gj\u00f8re det unikt. Vi hjelper deg med \u00e5 realisere prosjektene dine raskt og effektivt.<\/p>\n\n\n\n<h3 class=\"wp-block-heading\"><br><img decoding=\"async\" src=\"https:\/\/www.satine.com\/wp-content\/uploads\/2024\/07\/Microcemento-Satine-1024x1024.png\" alt=\"\"><br><br><strong>Hva er mikrosement?<\/strong><\/h3>\n\n\n\n<p>Microcement er et jevnt belegg som kan brukes p\u00e5 ulike overflater og milj\u00f8er: vegger, gulv, tak, trapper, bad, sv\u00f8mmebasseng, kj\u00f8kken og mye mer. Den viktigste egenskapen er at den sparer tid og penger sammenlignet med andre belegg, noe som gj\u00f8r den sv\u00e6rt popul\u00e6r. Denne overflatebehandlingen best\u00e5r av sement, harpiks, pigmenter og tilsetningsstoffer, og gir en unik finish takket v\u00e6re den h\u00e5ndverksmessige p\u00e5f\u00f8ringen. Det har utmerket vedheft og kan brukes p\u00e5 ulike materialer som betong, fliser, keramikk, gipsplater, gips, metaller, marmor og mosaikk, blant annet. Dette tynne belegget, som bare er 2-3 mm tykt, har de siste \u00e5rene blitt stadig mer relevant i dekorasjonsbransjen, ettersom stadig flere arkitekter, interi\u00f8rarkitekter og dekorat\u00f8rer velger mikrosement til alle typer renovering av hjem og bedrifter. Frav\u00e6ret av ekspansjonsfuger gir en jevn og ensartet overflate, noe som gir romslighet, lysstyrke og eleganse til rommet der den integreres. Frav\u00e6ret av skj\u00f8ter gj\u00f8r ogs\u00e5 rengj\u00f8ring og vedlikehold enklere, ettersom det forhindrer ansamling av smuss.<\/p>\n\n\n\n<h3 class=\"wp-block-heading\"><br><strong>Contact Satine microcement in Sicily<\/strong><\/h3>\n\n\n\n<p>Hvis du vil ha mer informasjon om Satine-mikrobetong i <strong>Sicily<\/strong>Kontakt oss hvis du har sp\u00f8rsm\u00e5l om oss, \u00f8nsker et individuelt tilbud p\u00e5 et prosjekt eller materiale, eller hvis du har sp\u00f8rsm\u00e5l om oss.<\/p>","protected":false},"excerpt":{"rendered":"<p>We have been developing projects with microcement throughout Sicily (Sicilia): Palermo, Catania, Messina, Syracuse, Trapani among other locations. We specialize in the renovation of homes and businesses, where our certified applicators exclusively use the products we manufacture. The quality of our materials, the training of our applicators, and the experience of our sales team are [&hellip;]<\/p>\n","protected":false},"author":1,"featured_media":0,"parent":4496,"menu_order":0,"comment_status":"closed","ping_status":"closed","template":"","meta":{"footnotes":""},"class_list":["post-6115","page","type-page","status-publish","hentry"],"yoast_head":"<!-- This site is optimized with the Yoast SEO plugin v27.3 - https:\/\/yoast.com\/product\/yoast-seo-wordpress\/ -->\n<title>Microcement Sicily - Satine<\/title>\n<meta name=\"description\" content=\"We have been developing projects with microcement throughout Sicily (Sicilia): Palermo, Catania, Messina, Syracuse, Trapani among other locations. We specialize in the renovation of homes and businesses, where our certified applicators exclusively use the products we manufacture.\" \/>\n<meta name=\"robots\" content=\"index, follow, max-snippet:-1, max-image-preview:large, max-video-preview:-1\" \/>\n<link rel=\"canonical\" href=\"https:\/\/www.satine.com\/nb\/microcement-italia\/microcement-sicily\/\" \/>\n<meta property=\"og:locale\" content=\"nb_NO\" \/>\n<meta property=\"og:type\" content=\"article\" \/>\n<meta property=\"og:title\" content=\"Microcement Sicily - Satine\" \/>\n<meta property=\"og:description\" content=\"We have been developing projects with microcement throughout Sicily (Sicilia): Palermo, Catania, Messina, Syracuse, Trapani among other locations. We specialize in the renovation of homes and businesses, where our certified applicators exclusively use the products we manufacture.\" \/>\n<meta property=\"og:url\" content=\"https:\/\/www.satine.com\/nb\/microcement-italia\/microcement-sicily\/\" \/>\n<meta property=\"og:site_name\" content=\"Satine\" \/>\n<meta property=\"article:modified_time\" content=\"2025-05-27T09:56:21+00:00\" \/>\n<meta property=\"og:image\" content=\"https:\/\/www.satine.com\/wp-content\/uploads\/2024\/07\/Microcemento-Satine-1024x1024.png\" \/>\n<meta name=\"twitter:card\" content=\"summary_large_image\" \/>\n<meta name=\"twitter:label1\" content=\"Ansl. lesetid\" \/>\n\t<meta name=\"twitter:data1\" content=\"2 minutter\" \/>\n<script type=\"application\/ld+json\" class=\"yoast-schema-graph\">{\"@context\":\"https:\\\/\\\/schema.org\",\"@graph\":[{\"@type\":\"WebPage\",\"@id\":\"https:\\\/\\\/www.satine.com\\\/microcement-italy\\\/microcement-sicily\\\/\",\"url\":\"https:\\\/\\\/www.satine.com\\\/microcement-italy\\\/microcement-sicily\\\/\",\"name\":\"Microcement Sicily - Satine\",\"isPartOf\":{\"@id\":\"https:\\\/\\\/www.satine.com\\\/#website\"},\"primaryImageOfPage\":{\"@id\":\"https:\\\/\\\/www.satine.com\\\/microcement-italy\\\/microcement-sicily\\\/#primaryimage\"},\"image\":{\"@id\":\"https:\\\/\\\/www.satine.com\\\/microcement-italy\\\/microcement-sicily\\\/#primaryimage\"},\"thumbnailUrl\":\"https:\\\/\\\/www.satine.com\\\/wp-content\\\/uploads\\\/2024\\\/07\\\/Microcemento-Satine-1024x1024.png\",\"datePublished\":\"2025-05-27T09:56:20+00:00\",\"dateModified\":\"2025-05-27T09:56:21+00:00\",\"description\":\"We have been developing projects with microcement throughout Sicily (Sicilia): Palermo, Catania, Messina, Syracuse, Trapani among other locations. We specialize in the renovation of homes and businesses, where our certified applicators exclusively use the products we manufacture.\",\"breadcrumb\":{\"@id\":\"https:\\\/\\\/www.satine.com\\\/microcement-italy\\\/microcement-sicily\\\/#breadcrumb\"},\"inLanguage\":\"nb-NO\",\"potentialAction\":[{\"@type\":\"ReadAction\",\"target\":[\"https:\\\/\\\/www.satine.com\\\/microcement-italy\\\/microcement-sicily\\\/\"]}]},{\"@type\":\"ImageObject\",\"inLanguage\":\"nb-NO\",\"@id\":\"https:\\\/\\\/www.satine.com\\\/microcement-italy\\\/microcement-sicily\\\/#primaryimage\",\"url\":\"https:\\\/\\\/www.satine.com\\\/wp-content\\\/uploads\\\/2024\\\/07\\\/Microcemento-Satine-1024x1024.png\",\"contentUrl\":\"https:\\\/\\\/www.satine.com\\\/wp-content\\\/uploads\\\/2024\\\/07\\\/Microcemento-Satine-1024x1024.png\"},{\"@type\":\"BreadcrumbList\",\"@id\":\"https:\\\/\\\/www.satine.com\\\/microcement-italy\\\/microcement-sicily\\\/#breadcrumb\",\"itemListElement\":[{\"@type\":\"ListItem\",\"position\":1,\"name\":\"Inicio\",\"item\":\"https:\\\/\\\/www.satine.com\\\/\"},{\"@type\":\"ListItem\",\"position\":2,\"name\":\"Microcement Italy\",\"item\":\"https:\\\/\\\/www.satine.com\\\/microcement-italy\\\/\"},{\"@type\":\"ListItem\",\"position\":3,\"name\":\"Microcement Sicily\"}]},{\"@type\":\"WebSite\",\"@id\":\"https:\\\/\\\/www.satine.com\\\/#website\",\"url\":\"https:\\\/\\\/www.satine.com\\\/\",\"name\":\"Satine - Microcement\",\"description\":\"\",\"alternateName\":\"Satine - Microcement\",\"potentialAction\":[{\"@type\":\"SearchAction\",\"target\":{\"@type\":\"EntryPoint\",\"urlTemplate\":\"https:\\\/\\\/www.satine.com\\\/?s={search_term_string}\"},\"query-input\":{\"@type\":\"PropertyValueSpecification\",\"valueRequired\":true,\"valueName\":\"search_term_string\"}}],\"inLanguage\":\"nb-NO\"}]}<\/script>\n<!-- \/ Yoast SEO plugin. -->","yoast_head_json":{"title":"Microcement Sicily - Satine","description":"We have been developing projects with microcement throughout Sicily (Sicilia): Palermo, Catania, Messina, Syracuse, Trapani among other locations. We specialize in the renovation of homes and businesses, where our certified applicators exclusively use the products we manufacture.","robots":{"index":"index","follow":"follow","max-snippet":"max-snippet:-1","max-image-preview":"max-image-preview:large","max-video-preview":"max-video-preview:-1"},"canonical":"https:\/\/www.satine.com\/nb\/microcement-italia\/microcement-sicily\/","og_locale":"nb_NO","og_type":"article","og_title":"Microcement Sicily - Satine","og_description":"We have been developing projects with microcement throughout Sicily (Sicilia): Palermo, Catania, Messina, Syracuse, Trapani among other locations. We specialize in the renovation of homes and businesses, where our certified applicators exclusively use the products we manufacture.","og_url":"https:\/\/www.satine.com\/nb\/microcement-italia\/microcement-sicily\/","og_site_name":"Satine","article_modified_time":"2025-05-27T09:56:21+00:00","og_image":[{"url":"https:\/\/www.satine.com\/wp-content\/uploads\/2024\/07\/Microcemento-Satine-1024x1024.png","type":"","width":"","height":""}],"twitter_card":"summary_large_image","twitter_misc":{"Ansl. lesetid":"2 minutter"},"schema":{"@context":"https:\/\/schema.org","@graph":[{"@type":"WebPage","@id":"https:\/\/www.satine.com\/microcement-italy\/microcement-sicily\/","url":"https:\/\/www.satine.com\/microcement-italy\/microcement-sicily\/","name":"Microcement Sicily - Satine","isPartOf":{"@id":"https:\/\/www.satine.com\/#website"},"primaryImageOfPage":{"@id":"https:\/\/www.satine.com\/microcement-italy\/microcement-sicily\/#primaryimage"},"image":{"@id":"https:\/\/www.satine.com\/microcement-italy\/microcement-sicily\/#primaryimage"},"thumbnailUrl":"https:\/\/www.satine.com\/wp-content\/uploads\/2024\/07\/Microcemento-Satine-1024x1024.png","datePublished":"2025-05-27T09:56:20+00:00","dateModified":"2025-05-27T09:56:21+00:00","description":"We have been developing projects with microcement throughout Sicily (Sicilia): Palermo, Catania, Messina, Syracuse, Trapani among other locations. We specialize in the renovation of homes and businesses, where our certified applicators exclusively use the products we manufacture.","breadcrumb":{"@id":"https:\/\/www.satine.com\/microcement-italy\/microcement-sicily\/#breadcrumb"},"inLanguage":"nb-NO","potentialAction":[{"@type":"ReadAction","target":["https:\/\/www.satine.com\/microcement-italy\/microcement-sicily\/"]}]},{"@type":"ImageObject","inLanguage":"nb-NO","@id":"https:\/\/www.satine.com\/microcement-italy\/microcement-sicily\/#primaryimage","url":"https:\/\/www.satine.com\/wp-content\/uploads\/2024\/07\/Microcemento-Satine-1024x1024.png","contentUrl":"https:\/\/www.satine.com\/wp-content\/uploads\/2024\/07\/Microcemento-Satine-1024x1024.png"},{"@type":"BreadcrumbList","@id":"https:\/\/www.satine.com\/microcement-italy\/microcement-sicily\/#breadcrumb","itemListElement":[{"@type":"ListItem","position":1,"name":"Inicio","item":"https:\/\/www.satine.com\/"},{"@type":"ListItem","position":2,"name":"Microcement Italy","item":"https:\/\/www.satine.com\/microcement-italy\/"},{"@type":"ListItem","position":3,"name":"Microcement Sicily"}]},{"@type":"WebSite","@id":"https:\/\/www.satine.com\/#website","url":"https:\/\/www.satine.com\/","name":"Satine - Microcement","description":"","alternateName":"Satine - Microcement","potentialAction":[{"@type":"SearchAction","target":{"@type":"EntryPoint","urlTemplate":"https:\/\/www.satine.com\/?s={search_term_string}"},"query-input":{"@type":"PropertyValueSpecification","valueRequired":true,"valueName":"search_term_string"}}],"inLanguage":"nb-NO"}]}},"_links":{"self":[{"href":"https:\/\/www.satine.com\/nb\/wp-json\/wp\/v2\/pages\/6115","targetHints":{"allow":["GET"]}}],"collection":[{"href":"https:\/\/www.satine.com\/nb\/wp-json\/wp\/v2\/pages"}],"about":[{"href":"https:\/\/www.satine.com\/nb\/wp-json\/wp\/v2\/types\/page"}],"author":[{"embeddable":true,"href":"https:\/\/www.satine.com\/nb\/wp-json\/wp\/v2\/users\/1"}],"replies":[{"embeddable":true,"href":"https:\/\/www.satine.com\/nb\/wp-json\/wp\/v2\/comments?post=6115"}],"version-history":[{"count":1,"href":"https:\/\/www.satine.com\/nb\/wp-json\/wp\/v2\/pages\/6115\/revisions"}],"predecessor-version":[{"id":6116,"href":"https:\/\/www.satine.com\/nb\/wp-json\/wp\/v2\/pages\/6115\/revisions\/6116"}],"up":[{"embeddable":true,"href":"https:\/\/www.satine.com\/nb\/wp-json\/wp\/v2\/pages\/4496"}],"wp:attachment":[{"href":"https:\/\/www.satine.com\/nb\/wp-json\/wp\/v2\/media?parent=6115"}],"curies":[{"name":"wp","href":"https:\/\/api.w.org\/{rel}","templated":true}]}}