{"id":5650,"date":"2025-01-29T03:29:37","date_gmt":"2025-01-29T08:29:37","guid":{"rendered":"https:\/\/www.satine.com\/?page_id=5650"},"modified":"2025-12-09T06:24:41","modified_gmt":"2025-12-09T11:24:41","slug":"microsement-blekinge-lan","status":"publish","type":"page","link":"https:\/\/www.satine.com\/nb\/microcement-sweden\/microcement-blekinge-lan\/","title":{"rendered":"Microcement Karlskrona"},"content":{"rendered":"<p id=\"block-d9c79856-7519-493a-8110-9e0aee57ab7b\">Vi har utviklet prosjekter med mikrosement gjennom hele <strong>Blekinge l\u00e4n: Karlskrona, Karlshamn, Ronneby, S\u00f6lvesborg, Olofstr\u00f6m<\/strong>. among other locations. We specialize in the renovation of homes and businesses, where our certified applicators exclusively use the products we manufacture. The quality of our materials, the training of our applicators, and the experience of our sales team are the hallmarks that best define us. We are a well-established brand, leaders in the production of microcement in Europe. We offer continuous and durable decorative coverings, as well as free technical advice from the beginning to the end of the project. We like to listen to our clients and accompany them beyond the construction to meet their needs. We are experts in the sale, training, and application of microcement in <strong><strong><strong>Blekinge l\u00e4n<\/strong><\/strong><\/strong>.Our systems adapt to the needs of each project to make it unique. We help make your projects a reality quickly and efficiently.<\/p>\n\n\n\n<h3 class=\"wp-block-heading\" id=\"block-66b6d90f-c3fb-4495-a387-868f7c5381d1\"><br><img decoding=\"async\" src=\"https:\/\/www.satine.com\/wp-content\/uploads\/2024\/07\/Microcemento-Satine-1024x1024.png\" alt=\"\"><br><br><strong>Hva er mikrosement?<\/strong><\/h3>\n\n\n\n<p id=\"block-f15806e3-afef-40e5-b83c-ef2e5e44364a\">Microcement er et jevnt belegg som kan brukes p\u00e5 ulike overflater og milj\u00f8er: vegger, gulv, tak, trapper, bad, sv\u00f8mmebasseng, kj\u00f8kken og mye mer. Den viktigste egenskapen er at den sparer tid og penger sammenlignet med andre belegg, noe som gj\u00f8r den sv\u00e6rt popul\u00e6r. Denne overflatebehandlingen best\u00e5r av sement, harpiks, pigmenter og tilsetningsstoffer, og gir en unik finish takket v\u00e6re den h\u00e5ndverksmessige p\u00e5f\u00f8ringen. Det har utmerket vedheft og kan brukes p\u00e5 ulike materialer som betong, fliser, keramikk, gipsplater, gips, metaller, marmor og mosaikk, blant annet. Dette tynne belegget, som bare er 2-3 mm tykt, har de siste \u00e5rene blitt stadig mer relevant i dekorasjonsbransjen, ettersom stadig flere arkitekter, interi\u00f8rarkitekter og dekorat\u00f8rer velger mikrosement til alle typer renovering av hjem og bedrifter. Frav\u00e6ret av ekspansjonsfuger gir en jevn og ensartet overflate, noe som gir romslighet, lysstyrke og eleganse til rommet der den integreres. Frav\u00e6ret av skj\u00f8ter gj\u00f8r ogs\u00e5 rengj\u00f8ring og vedlikehold enklere, ettersom det forhindrer ansamling av smuss.<\/p>\n\n\n\n<div style=\"height:20px\" aria-hidden=\"true\" class=\"wp-block-spacer\"><\/div>\n\n\n\n<figure class=\"wp-block-image size-full\"><img loading=\"lazy\" decoding=\"async\" width=\"960\" height=\"645\" src=\"https:\/\/www.satine.com\/wp-content\/uploads\/2024\/07\/pavimento-continuo-microcemento-satine-01.jpg\" alt=\"\" class=\"wp-image-9215\" srcset=\"https:\/\/www.satine.com\/wp-content\/uploads\/2024\/07\/pavimento-continuo-microcemento-satine-01.jpg 960w, https:\/\/www.satine.com\/wp-content\/uploads\/2024\/07\/pavimento-continuo-microcemento-satine-01-300x202.jpg 300w, https:\/\/www.satine.com\/wp-content\/uploads\/2024\/07\/pavimento-continuo-microcemento-satine-01-768x516.jpg 768w, https:\/\/www.satine.com\/wp-content\/uploads\/2024\/07\/pavimento-continuo-microcemento-satine-01-18x12.jpg 18w\" sizes=\"auto, (max-width: 960px) 100vw, 960px\" \/><\/figure>\n\n\n\n<div style=\"height:20px\" aria-hidden=\"true\" class=\"wp-block-spacer\"><\/div>\n\n\n\n<h3 class=\"wp-block-heading\" id=\"block-380813ee-f78c-4288-a9d8-922e8a71c4f4\"><strong>Kontakt Satine microcement i\u00a0<strong><strong>Blekinge l\u00e4n<\/strong><\/strong><\/strong><\/h3>\n\n\n\n<p id=\"block-05fa4781-b9dc-4486-8c73-fde925535976\">Hvis du vil ha mer informasjon om Satine-mikrobetong i <strong><strong><strong>Blekinge l\u00e4n<\/strong><\/strong><\/strong>Kontakt oss hvis du har sp\u00f8rsm\u00e5l om oss, \u00f8nsker et individuelt tilbud p\u00e5 et prosjekt eller materiale, eller hvis du har sp\u00f8rsm\u00e5l om oss.<\/p>","protected":false},"excerpt":{"rendered":"<p>We have been developing projects with microcement throughout Blekinge l\u00e4n: Karlskrona, Karlshamn, Ronneby, S\u00f6lvesborg, Olofstr\u00f6m. among other locations. We specialize in the renovation of homes and businesses, where our certified applicators exclusively use the products we manufacture. The quality of our materials, the training of our applicators, and the experience of our sales team are [&hellip;]<\/p>\n","protected":false},"author":1,"featured_media":0,"parent":4428,"menu_order":0,"comment_status":"closed","ping_status":"closed","template":"","meta":{"footnotes":""},"class_list":["post-5650","page","type-page","status-publish","hentry"],"yoast_head":"<!-- This site is optimized with the Yoast SEO plugin v27.4 - https:\/\/yoast.com\/product\/yoast-seo-wordpress\/ -->\n<title>Microcement Karlskrona - Satine | Specialists in High-Quality Finishes<\/title>\n<meta name=\"description\" content=\"We have been developing projects with microcement throughout Blekinge l\u00e4n: Karlskrona, Karlshamn, Ronneby, S\u00f6lvesborg, Olofstr\u00f6m. among other locations. We specialize in the renovation of homes and businesses, where our certified applicators exclusively use the products we manufacture.\" \/>\n<meta name=\"robots\" content=\"index, follow, max-snippet:-1, max-image-preview:large, max-video-preview:-1\" \/>\n<link rel=\"canonical\" href=\"https:\/\/www.satine.com\/nb\/microcement-sverige\/microsement-blekinge-lan\/\" \/>\n<meta property=\"og:locale\" content=\"nb_NO\" \/>\n<meta property=\"og:type\" content=\"article\" \/>\n<meta property=\"og:title\" content=\"Microcement Karlskrona - Satine | Specialists in High-Quality Finishes\" \/>\n<meta property=\"og:description\" content=\"We have been developing projects with microcement throughout Blekinge l\u00e4n: Karlskrona, Karlshamn, Ronneby, S\u00f6lvesborg, Olofstr\u00f6m. among other locations. We specialize in the renovation of homes and businesses, where our certified applicators exclusively use the products we manufacture.\" \/>\n<meta property=\"og:url\" content=\"https:\/\/www.satine.com\/nb\/microcement-sverige\/microsement-blekinge-lan\/\" \/>\n<meta property=\"og:site_name\" content=\"Satine\" \/>\n<meta property=\"article:modified_time\" content=\"2025-12-09T11:24:41+00:00\" \/>\n<meta property=\"og:image\" content=\"https:\/\/www.satine.com\/wp-content\/uploads\/2024\/07\/Microcemento-Satine-1024x1024.png\" \/>\n<meta name=\"twitter:card\" content=\"summary_large_image\" \/>\n<meta name=\"twitter:label1\" content=\"Ansl. lesetid\" \/>\n\t<meta name=\"twitter:data1\" content=\"2 minutter\" \/>\n<script type=\"application\/ld+json\" class=\"yoast-schema-graph\">{\"@context\":\"https:\\\/\\\/schema.org\",\"@graph\":[{\"@type\":\"WebPage\",\"@id\":\"https:\\\/\\\/www.satine.com\\\/microcement-sweden\\\/microcement-blekinge-lan\\\/\",\"url\":\"https:\\\/\\\/www.satine.com\\\/microcement-sweden\\\/microcement-blekinge-lan\\\/\",\"name\":\"Microcement Karlskrona - Satine | Specialists in High-Quality Finishes\",\"isPartOf\":{\"@id\":\"https:\\\/\\\/www.satine.com\\\/#website\"},\"primaryImageOfPage\":{\"@id\":\"https:\\\/\\\/www.satine.com\\\/microcement-sweden\\\/microcement-blekinge-lan\\\/#primaryimage\"},\"image\":{\"@id\":\"https:\\\/\\\/www.satine.com\\\/microcement-sweden\\\/microcement-blekinge-lan\\\/#primaryimage\"},\"thumbnailUrl\":\"https:\\\/\\\/www.satine.com\\\/wp-content\\\/uploads\\\/2024\\\/07\\\/Microcemento-Satine-1024x1024.png\",\"datePublished\":\"2025-01-29T08:29:37+00:00\",\"dateModified\":\"2025-12-09T11:24:41+00:00\",\"description\":\"We have been developing projects with microcement throughout Blekinge l\u00e4n: Karlskrona, Karlshamn, Ronneby, S\u00f6lvesborg, Olofstr\u00f6m. among other locations. We specialize in the renovation of homes and businesses, where our certified applicators exclusively use the products we manufacture.\",\"breadcrumb\":{\"@id\":\"https:\\\/\\\/www.satine.com\\\/microcement-sweden\\\/microcement-blekinge-lan\\\/#breadcrumb\"},\"inLanguage\":\"nb-NO\",\"potentialAction\":[{\"@type\":\"ReadAction\",\"target\":[\"https:\\\/\\\/www.satine.com\\\/microcement-sweden\\\/microcement-blekinge-lan\\\/\"]}]},{\"@type\":\"ImageObject\",\"inLanguage\":\"nb-NO\",\"@id\":\"https:\\\/\\\/www.satine.com\\\/microcement-sweden\\\/microcement-blekinge-lan\\\/#primaryimage\",\"url\":\"https:\\\/\\\/www.satine.com\\\/wp-content\\\/uploads\\\/2024\\\/07\\\/Microcemento-Satine-1024x1024.png\",\"contentUrl\":\"https:\\\/\\\/www.satine.com\\\/wp-content\\\/uploads\\\/2024\\\/07\\\/Microcemento-Satine-1024x1024.png\"},{\"@type\":\"BreadcrumbList\",\"@id\":\"https:\\\/\\\/www.satine.com\\\/microcement-sweden\\\/microcement-blekinge-lan\\\/#breadcrumb\",\"itemListElement\":[{\"@type\":\"ListItem\",\"position\":1,\"name\":\"Inicio\",\"item\":\"https:\\\/\\\/www.satine.com\\\/\"},{\"@type\":\"ListItem\",\"position\":2,\"name\":\"Microcement Sweden\",\"item\":\"https:\\\/\\\/www.satine.com\\\/microcement-sweden\\\/\"},{\"@type\":\"ListItem\",\"position\":3,\"name\":\"Microcement Karlskrona\"}]},{\"@type\":\"WebSite\",\"@id\":\"https:\\\/\\\/www.satine.com\\\/#website\",\"url\":\"https:\\\/\\\/www.satine.com\\\/\",\"name\":\"Satine - Microcement\",\"description\":\"\",\"alternateName\":\"Satine - Microcement\",\"potentialAction\":[{\"@type\":\"SearchAction\",\"target\":{\"@type\":\"EntryPoint\",\"urlTemplate\":\"https:\\\/\\\/www.satine.com\\\/?s={search_term_string}\"},\"query-input\":{\"@type\":\"PropertyValueSpecification\",\"valueRequired\":true,\"valueName\":\"search_term_string\"}}],\"inLanguage\":\"nb-NO\"}]}<\/script>\n<!-- \/ Yoast SEO plugin. -->","yoast_head_json":{"title":"Microcement Karlskrona - Satine | Specialists in High-Quality Finishes","description":"Vi har utviklet prosjekter med mikrosement i hele Blekinge l\u00e4n: Karlskrona, Karlshamn, Ronneby, S\u00f6lvesborg, Olofstr\u00f6m m.fl. steder. Vi har spesialisert oss p\u00e5 renovering av boliger og bedrifter, der v\u00e5re sertifiserte mont\u00f8rer utelukkende bruker de produktene vi produserer.","robots":{"index":"index","follow":"follow","max-snippet":"max-snippet:-1","max-image-preview":"max-image-preview:large","max-video-preview":"max-video-preview:-1"},"canonical":"https:\/\/www.satine.com\/nb\/microcement-sverige\/microsement-blekinge-lan\/","og_locale":"nb_NO","og_type":"article","og_title":"Microcement Karlskrona - Satine | Specialists in High-Quality Finishes","og_description":"We have been developing projects with microcement throughout Blekinge l\u00e4n: Karlskrona, Karlshamn, Ronneby, S\u00f6lvesborg, Olofstr\u00f6m. among other locations. We specialize in the renovation of homes and businesses, where our certified applicators exclusively use the products we manufacture.","og_url":"https:\/\/www.satine.com\/nb\/microcement-sverige\/microsement-blekinge-lan\/","og_site_name":"Satine","article_modified_time":"2025-12-09T11:24:41+00:00","og_image":[{"url":"https:\/\/www.satine.com\/wp-content\/uploads\/2024\/07\/Microcemento-Satine-1024x1024.png","type":"","width":"","height":""}],"twitter_card":"summary_large_image","twitter_misc":{"Ansl. lesetid":"2 minutter"},"schema":{"@context":"https:\/\/schema.org","@graph":[{"@type":"WebPage","@id":"https:\/\/www.satine.com\/microcement-sweden\/microcement-blekinge-lan\/","url":"https:\/\/www.satine.com\/microcement-sweden\/microcement-blekinge-lan\/","name":"Microcement Karlskrona - Satine | Specialists in High-Quality Finishes","isPartOf":{"@id":"https:\/\/www.satine.com\/#website"},"primaryImageOfPage":{"@id":"https:\/\/www.satine.com\/microcement-sweden\/microcement-blekinge-lan\/#primaryimage"},"image":{"@id":"https:\/\/www.satine.com\/microcement-sweden\/microcement-blekinge-lan\/#primaryimage"},"thumbnailUrl":"https:\/\/www.satine.com\/wp-content\/uploads\/2024\/07\/Microcemento-Satine-1024x1024.png","datePublished":"2025-01-29T08:29:37+00:00","dateModified":"2025-12-09T11:24:41+00:00","description":"Vi har utviklet prosjekter med mikrosement i hele Blekinge l\u00e4n: Karlskrona, Karlshamn, Ronneby, S\u00f6lvesborg, Olofstr\u00f6m m.fl. steder. Vi har spesialisert oss p\u00e5 renovering av boliger og bedrifter, der v\u00e5re sertifiserte mont\u00f8rer utelukkende bruker de produktene vi produserer.","breadcrumb":{"@id":"https:\/\/www.satine.com\/microcement-sweden\/microcement-blekinge-lan\/#breadcrumb"},"inLanguage":"nb-NO","potentialAction":[{"@type":"ReadAction","target":["https:\/\/www.satine.com\/microcement-sweden\/microcement-blekinge-lan\/"]}]},{"@type":"ImageObject","inLanguage":"nb-NO","@id":"https:\/\/www.satine.com\/microcement-sweden\/microcement-blekinge-lan\/#primaryimage","url":"https:\/\/www.satine.com\/wp-content\/uploads\/2024\/07\/Microcemento-Satine-1024x1024.png","contentUrl":"https:\/\/www.satine.com\/wp-content\/uploads\/2024\/07\/Microcemento-Satine-1024x1024.png"},{"@type":"BreadcrumbList","@id":"https:\/\/www.satine.com\/microcement-sweden\/microcement-blekinge-lan\/#breadcrumb","itemListElement":[{"@type":"ListItem","position":1,"name":"Inicio","item":"https:\/\/www.satine.com\/"},{"@type":"ListItem","position":2,"name":"Microcement Sweden","item":"https:\/\/www.satine.com\/microcement-sweden\/"},{"@type":"ListItem","position":3,"name":"Microcement Karlskrona"}]},{"@type":"WebSite","@id":"https:\/\/www.satine.com\/#website","url":"https:\/\/www.satine.com\/","name":"Satine - Microcement","description":"","alternateName":"Satine - Microcement","potentialAction":[{"@type":"SearchAction","target":{"@type":"EntryPoint","urlTemplate":"https:\/\/www.satine.com\/?s={search_term_string}"},"query-input":{"@type":"PropertyValueSpecification","valueRequired":true,"valueName":"search_term_string"}}],"inLanguage":"nb-NO"}]}},"_links":{"self":[{"href":"https:\/\/www.satine.com\/nb\/wp-json\/wp\/v2\/pages\/5650","targetHints":{"allow":["GET"]}}],"collection":[{"href":"https:\/\/www.satine.com\/nb\/wp-json\/wp\/v2\/pages"}],"about":[{"href":"https:\/\/www.satine.com\/nb\/wp-json\/wp\/v2\/types\/page"}],"author":[{"embeddable":true,"href":"https:\/\/www.satine.com\/nb\/wp-json\/wp\/v2\/users\/1"}],"replies":[{"embeddable":true,"href":"https:\/\/www.satine.com\/nb\/wp-json\/wp\/v2\/comments?post=5650"}],"version-history":[{"count":2,"href":"https:\/\/www.satine.com\/nb\/wp-json\/wp\/v2\/pages\/5650\/revisions"}],"predecessor-version":[{"id":10896,"href":"https:\/\/www.satine.com\/nb\/wp-json\/wp\/v2\/pages\/5650\/revisions\/10896"}],"up":[{"embeddable":true,"href":"https:\/\/www.satine.com\/nb\/wp-json\/wp\/v2\/pages\/4428"}],"wp:attachment":[{"href":"https:\/\/www.satine.com\/nb\/wp-json\/wp\/v2\/media?parent=5650"}],"curies":[{"name":"wp","href":"https:\/\/api.w.org\/{rel}","templated":true}]}}