{"id":5644,"date":"2025-01-28T10:39:21","date_gmt":"2025-01-28T15:39:21","guid":{"rendered":"https:\/\/www.satine.com\/?page_id=5644"},"modified":"2025-12-05T05:09:10","modified_gmt":"2025-12-05T10:09:10","slug":"microcement-kainuu","status":"publish","type":"page","link":"https:\/\/www.satine.com\/nb\/microcement-finland\/microcement-kainuu\/","title":{"rendered":"Microcement Kajaani"},"content":{"rendered":"<p id=\"block-f8e7b7c2-202f-4d3f-a8b3-8f936962a6e9\">Vi har utviklet prosjekter med mikrosement gjennom hele <strong>Kainuu: Kajaani, Kuhmo, Suomussalmi, Sotkamo, Hyrynsalmi<\/strong> blant andre steder. Vi har spesialisert oss p\u00e5 renovering av boliger og bedrifter, der v\u00e5re sertifiserte h\u00e5ndverkere utelukkende bruker de produktene vi produserer. Kvaliteten p\u00e5 materialene v\u00e5re, oppl\u00e6ringen av v\u00e5re h\u00e5ndverkere og erfaringen til salgsteamet v\u00e5rt er det som kjennetegner oss best. Vi er et veletablert varemerke som er ledende innen produksjon av mikrosement i Europa. Vi tilbyr kontinuerlige og holdbare dekorative belegg, samt gratis teknisk r\u00e5dgivning fra begynnelsen til slutten av prosjektet. Vi liker \u00e5 lytte til kundene v\u00e5re og f\u00f8lger dem gjennom hele byggeprosessen for \u00e5 m\u00f8te deres behov. Vi er eksperter p\u00e5 salg, oppl\u00e6ring og bruk av mikrosement i <strong>Kainuu<\/strong>.Our systems adapt to the needs of each project to make it unique. We help make your projects a reality quickly and efficiently.<\/p>\n\n\n\n<h3 class=\"wp-block-heading\" id=\"block-d792a381-f062-4e36-b87c-fd0e8367e8c2\"><br><img decoding=\"async\" src=\"https:\/\/www.satine.com\/wp-content\/uploads\/2024\/07\/Microcemento-Satine-1024x1024.png\" alt=\"\"><br><br><strong>Hva er mikrosement?<\/strong><\/h3>\n\n\n\n<p id=\"block-c1665797-6c6d-4a8e-aa21-4596276245a7\">Microcement is a <strong>uniform coating<\/strong> that can be applied to various surfaces and environments: walls, floors, ceilings, stairs, bathrooms, swimming pools, kitchens, among others. Its main feature is that it saves time and money compared to other coatings, making it very popular. This finish is composed of cement, resins, pigments, and additives, providing a unique finish thanks to its artisanal application. It has excellent adhesion and can be used on various materials such as concrete, tiles, ceramics, plasterboard, plaster, metals, marble, and mosaic, among others. This thin coating, only 2 to 3 mm thick, has gained relevance in the field of decoration in recent years, as more and more architects, interior designers, and decorators choose microcement for all types of home and business renovations. The absence of expansion joints results in a smooth and uniform surface, providing spaciousness, brightness, and elegance to the space where it is integrated. The absence of joints also makes cleaning and maintenance easier, as it prevents the accumulation of dirt.<\/p>\n\n\n\n<div style=\"height:20px\" aria-hidden=\"true\" class=\"wp-block-spacer\"><\/div>\n\n\n\n<figure class=\"wp-block-image size-full\"><img loading=\"lazy\" decoding=\"async\" width=\"960\" height=\"645\" src=\"https:\/\/www.satine.com\/wp-content\/uploads\/2024\/07\/pavimento-continuo-microcemento-satine-01.jpg\" alt=\"\" class=\"wp-image-9215\" srcset=\"https:\/\/www.satine.com\/wp-content\/uploads\/2024\/07\/pavimento-continuo-microcemento-satine-01.jpg 960w, https:\/\/www.satine.com\/wp-content\/uploads\/2024\/07\/pavimento-continuo-microcemento-satine-01-300x202.jpg 300w, https:\/\/www.satine.com\/wp-content\/uploads\/2024\/07\/pavimento-continuo-microcemento-satine-01-768x516.jpg 768w, https:\/\/www.satine.com\/wp-content\/uploads\/2024\/07\/pavimento-continuo-microcemento-satine-01-18x12.jpg 18w\" sizes=\"auto, (max-width: 960px) 100vw, 960px\" \/><\/figure>\n\n\n\n<div style=\"height:20px\" aria-hidden=\"true\" class=\"wp-block-spacer\"><\/div>\n\n\n\n<h3 class=\"wp-block-heading\" id=\"block-b2c1695e-4a1d-4b12-b695-e9c89a9a6b54\"><strong>Contact Satine microcement in\u00a0Kainuu<\/strong><\/h3>\n\n\n\n<p id=\"block-95a5b3d6-2dc8-4064-864d-ee3a95b409dd\">Hvis du vil ha mer informasjon om Satine-mikrobetong i <strong><strong>Kainuu<\/strong><\/strong>Kontakt oss hvis du har sp\u00f8rsm\u00e5l om oss, \u00f8nsker et individuelt tilbud p\u00e5 et prosjekt eller materiale, eller hvis du har sp\u00f8rsm\u00e5l om oss.<\/p>","protected":false},"excerpt":{"rendered":"<p>We have been developing projects with microcement throughout Kainuu: Kajaani, Kuhmo, Suomussalmi, Sotkamo, Hyrynsalmi among other locations. We specialize in the renovation of homes and businesses, where our certified applicators exclusively use the products we manufacture. The quality of our materials, the training of our applicators, and the experience of our sales team are the [&hellip;]<\/p>\n","protected":false},"author":1,"featured_media":0,"parent":4458,"menu_order":0,"comment_status":"closed","ping_status":"closed","template":"","meta":{"footnotes":""},"class_list":["post-5644","page","type-page","status-publish","hentry"],"yoast_head":"<!-- This site is optimized with the Yoast SEO plugin v27.5 - https:\/\/yoast.com\/product\/yoast-seo-wordpress\/ -->\n<title>Microcement Kajaani - Satine | Specialists in High-Quality Finishes<\/title>\n<meta name=\"description\" content=\"We have been developing projects with microcement throughout Kainuu: Kajaani, Kuhmo, Suomussalmi, Sotkamo, Hyrynsalmi among other locations. We specialize in the renovation of homes and businesses, where our certified applicators exclusively use the products we manufacture.\" \/>\n<meta name=\"robots\" content=\"index, follow, max-snippet:-1, max-image-preview:large, max-video-preview:-1\" \/>\n<link rel=\"canonical\" href=\"https:\/\/www.satine.com\/nb\/microcement-finland\/microcement-kainuu\/\" \/>\n<meta property=\"og:locale\" content=\"nb_NO\" \/>\n<meta property=\"og:type\" content=\"article\" \/>\n<meta property=\"og:title\" content=\"Microcement Kajaani - Satine | Specialists in High-Quality Finishes\" \/>\n<meta property=\"og:description\" content=\"We have been developing projects with microcement throughout Kainuu: Kajaani, Kuhmo, Suomussalmi, Sotkamo, Hyrynsalmi among other locations. We specialize in the renovation of homes and businesses, where our certified applicators exclusively use the products we manufacture.\" \/>\n<meta property=\"og:url\" content=\"https:\/\/www.satine.com\/nb\/microcement-finland\/microcement-kainuu\/\" \/>\n<meta property=\"og:site_name\" content=\"Satine\" \/>\n<meta property=\"article:modified_time\" content=\"2025-12-05T10:09:10+00:00\" \/>\n<meta property=\"og:image\" content=\"https:\/\/www.satine.com\/wp-content\/uploads\/2024\/07\/Microcemento-Satine-1024x1024.png\" \/>\n<meta name=\"twitter:card\" content=\"summary_large_image\" \/>\n<meta name=\"twitter:label1\" content=\"Ansl. lesetid\" \/>\n\t<meta name=\"twitter:data1\" content=\"2 minutter\" \/>\n<script type=\"application\/ld+json\" class=\"yoast-schema-graph\">{\"@context\":\"https:\\\/\\\/schema.org\",\"@graph\":[{\"@type\":\"WebPage\",\"@id\":\"https:\\\/\\\/www.satine.com\\\/microcement-finland\\\/microcement-kainuu\\\/\",\"url\":\"https:\\\/\\\/www.satine.com\\\/microcement-finland\\\/microcement-kainuu\\\/\",\"name\":\"Microcement Kajaani - Satine | Specialists in High-Quality Finishes\",\"isPartOf\":{\"@id\":\"https:\\\/\\\/www.satine.com\\\/#website\"},\"primaryImageOfPage\":{\"@id\":\"https:\\\/\\\/www.satine.com\\\/microcement-finland\\\/microcement-kainuu\\\/#primaryimage\"},\"image\":{\"@id\":\"https:\\\/\\\/www.satine.com\\\/microcement-finland\\\/microcement-kainuu\\\/#primaryimage\"},\"thumbnailUrl\":\"https:\\\/\\\/www.satine.com\\\/wp-content\\\/uploads\\\/2024\\\/07\\\/Microcemento-Satine-1024x1024.png\",\"datePublished\":\"2025-01-28T15:39:21+00:00\",\"dateModified\":\"2025-12-05T10:09:10+00:00\",\"description\":\"We have been developing projects with microcement throughout Kainuu: Kajaani, Kuhmo, Suomussalmi, Sotkamo, Hyrynsalmi among other locations. We specialize in the renovation of homes and businesses, where our certified applicators exclusively use the products we manufacture.\",\"breadcrumb\":{\"@id\":\"https:\\\/\\\/www.satine.com\\\/microcement-finland\\\/microcement-kainuu\\\/#breadcrumb\"},\"inLanguage\":\"nb-NO\",\"potentialAction\":[{\"@type\":\"ReadAction\",\"target\":[\"https:\\\/\\\/www.satine.com\\\/microcement-finland\\\/microcement-kainuu\\\/\"]}]},{\"@type\":\"ImageObject\",\"inLanguage\":\"nb-NO\",\"@id\":\"https:\\\/\\\/www.satine.com\\\/microcement-finland\\\/microcement-kainuu\\\/#primaryimage\",\"url\":\"https:\\\/\\\/www.satine.com\\\/wp-content\\\/uploads\\\/2024\\\/07\\\/Microcemento-Satine-1024x1024.png\",\"contentUrl\":\"https:\\\/\\\/www.satine.com\\\/wp-content\\\/uploads\\\/2024\\\/07\\\/Microcemento-Satine-1024x1024.png\"},{\"@type\":\"BreadcrumbList\",\"@id\":\"https:\\\/\\\/www.satine.com\\\/microcement-finland\\\/microcement-kainuu\\\/#breadcrumb\",\"itemListElement\":[{\"@type\":\"ListItem\",\"position\":1,\"name\":\"Inicio\",\"item\":\"https:\\\/\\\/www.satine.com\\\/\"},{\"@type\":\"ListItem\",\"position\":2,\"name\":\"Microcement Finland\",\"item\":\"https:\\\/\\\/www.satine.com\\\/microcement-finland\\\/\"},{\"@type\":\"ListItem\",\"position\":3,\"name\":\"Microcement Kajaani\"}]},{\"@type\":\"WebSite\",\"@id\":\"https:\\\/\\\/www.satine.com\\\/#website\",\"url\":\"https:\\\/\\\/www.satine.com\\\/\",\"name\":\"Satine - Microcement\",\"description\":\"\",\"alternateName\":\"Satine - Microcement\",\"potentialAction\":[{\"@type\":\"SearchAction\",\"target\":{\"@type\":\"EntryPoint\",\"urlTemplate\":\"https:\\\/\\\/www.satine.com\\\/?s={search_term_string}\"},\"query-input\":{\"@type\":\"PropertyValueSpecification\",\"valueRequired\":true,\"valueName\":\"search_term_string\"}}],\"inLanguage\":\"nb-NO\"}]}<\/script>\n<!-- \/ Yoast SEO plugin. -->","yoast_head_json":{"title":"Microcement Kajaani - Satine | Specialists in High-Quality Finishes","description":"We have been developing projects with microcement throughout Kainuu: Kajaani, Kuhmo, Suomussalmi, Sotkamo, Hyrynsalmi among other locations. We specialize in the renovation of homes and businesses, where our certified applicators exclusively use the products we manufacture.","robots":{"index":"index","follow":"follow","max-snippet":"max-snippet:-1","max-image-preview":"max-image-preview:large","max-video-preview":"max-video-preview:-1"},"canonical":"https:\/\/www.satine.com\/nb\/microcement-finland\/microcement-kainuu\/","og_locale":"nb_NO","og_type":"article","og_title":"Microcement Kajaani - Satine | Specialists in High-Quality Finishes","og_description":"We have been developing projects with microcement throughout Kainuu: Kajaani, Kuhmo, Suomussalmi, Sotkamo, Hyrynsalmi among other locations. We specialize in the renovation of homes and businesses, where our certified applicators exclusively use the products we manufacture.","og_url":"https:\/\/www.satine.com\/nb\/microcement-finland\/microcement-kainuu\/","og_site_name":"Satine","article_modified_time":"2025-12-05T10:09:10+00:00","og_image":[{"url":"https:\/\/www.satine.com\/wp-content\/uploads\/2024\/07\/Microcemento-Satine-1024x1024.png","type":"","width":"","height":""}],"twitter_card":"summary_large_image","twitter_misc":{"Ansl. lesetid":"2 minutter"},"schema":{"@context":"https:\/\/schema.org","@graph":[{"@type":"WebPage","@id":"https:\/\/www.satine.com\/microcement-finland\/microcement-kainuu\/","url":"https:\/\/www.satine.com\/microcement-finland\/microcement-kainuu\/","name":"Microcement Kajaani - Satine | Specialists in High-Quality Finishes","isPartOf":{"@id":"https:\/\/www.satine.com\/#website"},"primaryImageOfPage":{"@id":"https:\/\/www.satine.com\/microcement-finland\/microcement-kainuu\/#primaryimage"},"image":{"@id":"https:\/\/www.satine.com\/microcement-finland\/microcement-kainuu\/#primaryimage"},"thumbnailUrl":"https:\/\/www.satine.com\/wp-content\/uploads\/2024\/07\/Microcemento-Satine-1024x1024.png","datePublished":"2025-01-28T15:39:21+00:00","dateModified":"2025-12-05T10:09:10+00:00","description":"We have been developing projects with microcement throughout Kainuu: Kajaani, Kuhmo, Suomussalmi, Sotkamo, Hyrynsalmi among other locations. We specialize in the renovation of homes and businesses, where our certified applicators exclusively use the products we manufacture.","breadcrumb":{"@id":"https:\/\/www.satine.com\/microcement-finland\/microcement-kainuu\/#breadcrumb"},"inLanguage":"nb-NO","potentialAction":[{"@type":"ReadAction","target":["https:\/\/www.satine.com\/microcement-finland\/microcement-kainuu\/"]}]},{"@type":"ImageObject","inLanguage":"nb-NO","@id":"https:\/\/www.satine.com\/microcement-finland\/microcement-kainuu\/#primaryimage","url":"https:\/\/www.satine.com\/wp-content\/uploads\/2024\/07\/Microcemento-Satine-1024x1024.png","contentUrl":"https:\/\/www.satine.com\/wp-content\/uploads\/2024\/07\/Microcemento-Satine-1024x1024.png"},{"@type":"BreadcrumbList","@id":"https:\/\/www.satine.com\/microcement-finland\/microcement-kainuu\/#breadcrumb","itemListElement":[{"@type":"ListItem","position":1,"name":"Inicio","item":"https:\/\/www.satine.com\/"},{"@type":"ListItem","position":2,"name":"Microcement Finland","item":"https:\/\/www.satine.com\/microcement-finland\/"},{"@type":"ListItem","position":3,"name":"Microcement Kajaani"}]},{"@type":"WebSite","@id":"https:\/\/www.satine.com\/#website","url":"https:\/\/www.satine.com\/","name":"Satine - Microcement","description":"","alternateName":"Satine - Microcement","potentialAction":[{"@type":"SearchAction","target":{"@type":"EntryPoint","urlTemplate":"https:\/\/www.satine.com\/?s={search_term_string}"},"query-input":{"@type":"PropertyValueSpecification","valueRequired":true,"valueName":"search_term_string"}}],"inLanguage":"nb-NO"}]}},"_links":{"self":[{"href":"https:\/\/www.satine.com\/nb\/wp-json\/wp\/v2\/pages\/5644","targetHints":{"allow":["GET"]}}],"collection":[{"href":"https:\/\/www.satine.com\/nb\/wp-json\/wp\/v2\/pages"}],"about":[{"href":"https:\/\/www.satine.com\/nb\/wp-json\/wp\/v2\/types\/page"}],"author":[{"embeddable":true,"href":"https:\/\/www.satine.com\/nb\/wp-json\/wp\/v2\/users\/1"}],"replies":[{"embeddable":true,"href":"https:\/\/www.satine.com\/nb\/wp-json\/wp\/v2\/comments?post=5644"}],"version-history":[{"count":2,"href":"https:\/\/www.satine.com\/nb\/wp-json\/wp\/v2\/pages\/5644\/revisions"}],"predecessor-version":[{"id":10782,"href":"https:\/\/www.satine.com\/nb\/wp-json\/wp\/v2\/pages\/5644\/revisions\/10782"}],"up":[{"embeddable":true,"href":"https:\/\/www.satine.com\/nb\/wp-json\/wp\/v2\/pages\/4458"}],"wp:attachment":[{"href":"https:\/\/www.satine.com\/nb\/wp-json\/wp\/v2\/media?parent=5644"}],"curies":[{"name":"wp","href":"https:\/\/api.w.org\/{rel}","templated":true}]}}