{"id":5551,"date":"2024-09-27T04:29:37","date_gmt":"2024-09-27T08:29:37","guid":{"rendered":"https:\/\/www.satine.com\/?page_id=5551"},"modified":"2024-09-27T04:42:13","modified_gmt":"2024-09-27T08:42:13","slug":"usa","status":"publish","type":"page","link":"https:\/\/www.satine.com\/nb\/usa\/","title":{"rendered":"Microcement USA"},"content":{"rendered":"<h2 class=\"wp-block-heading\"><strong><a href=\"https:\/\/www.satinestone.com\">Satine<\/a> Mikrosement i USA: Vekst, trender og bruksomr\u00e5der<\/strong><\/h2>\n\n\n\n<p>Microcement er et allsidig og innovativt overflatemateriale som har blitt sv\u00e6rt popul\u00e6rt i USA de siste \u00e5rene. Materialet ble opprinnelig utviklet for industriell bruk, men den glatte, kontinuerlige overflaten og tilpasningsdyktigheten har gjort det til en favoritt blant arkitekter, interi\u00f8rdesignere og huseiere. Etter hvert som ettersp\u00f8rselen etter moderne, minimalistisk estetikk fortsetter \u00e5 vokse, er mikrosement blitt et popul\u00e6rt alternativ for ulike prosjekter, fra boliger til kommersielle lokaler.<\/p>\n\n\n\n<h2 class=\"wp-block-heading\"><strong>Hvorfor <a href=\"https:\/\/www.satine.com\/microcement\">Mikrosement<\/a> er en trend i USA<\/strong><\/h2>\n\n\n\n<p>Mikrosement er h\u00f8yt verdsatt for sin&nbsp;<strong>allsidighet<\/strong>. Det kan legges p\u00e5 nesten alle eksisterende overflater, inkludert fliser, betong, tre eller gips, uten behov for kostbar riving. Denne egenskapen gj\u00f8r det til et popul\u00e6rt valg for&nbsp;<strong>oppussing<\/strong>, der enkel p\u00e5f\u00f8ring og minimal forstyrrelse er avgj\u00f8rende.<\/p>\n\n\n\n<p>Blant de viktigste fordelene med mikrosement, som har gjort det popul\u00e6rt i USA, er<\/p>\n\n\n\n<ol class=\"wp-block-list\">\n<li><strong>S\u00f8ml\u00f8s finish<\/strong>: Den kontinuerlige, fugefrie finishen skaper en elegant og moderne estetikk, noe som f\u00e5r rom til \u00e5 f\u00f8les st\u00f8rre og renere.<\/li>\n\n\n\n<li><strong>Holdbarhet<\/strong>: Med riktig forsegling er mikrosement sv\u00e6rt motstandsdyktig mot slitasje, fuktighet og flekker, noe som gj\u00f8r det egnet for omr\u00e5der med mye trafikk, som kj\u00f8kken og bad.<\/li>\n\n\n\n<li><strong>Allsidige designalternativer<\/strong>: Microcement er tilgjengelig i en rekke farger og overflater, fra matt til blank, noe som gir uendelige designmuligheter.<\/li>\n\n\n\n<li><strong>Milj\u00f8vennlig<\/strong>: Mange mikrosementprodukter er laget av b\u00e6rekraftige materialer, noe som er i tr\u00e5d med den \u00f8kende trenden mot milj\u00f8bevisste byggemetoder.<\/li>\n<\/ol>\n\n\n\n<h2 class=\"wp-block-heading\"><strong>Popul\u00e6r <a href=\"https:\/\/www.satine.com\/how-to-apply-microcement\">Bruksomr\u00e5der<\/a> i USA<\/strong><\/h2>\n\n\n\n<p>I USA brukes mikrosement i en rekke bruksomr\u00e5der, fra boliginteri\u00f8r til kommersielle og til og med utend\u00f8rs milj\u00f8er. Dens&nbsp;<strong>moderne utseende<\/strong>&nbsp;og&nbsp;<strong>holdbarhet<\/strong>&nbsp;gj\u00f8r den ideell til flere bruksomr\u00e5der:<\/p>\n\n\n\n<ul class=\"wp-block-list\">\n<li><strong><a href=\"https:\/\/www.satine.com\/microcement-bathrooms\">Baderom<\/a> og v\u00e5te omr\u00e5der<\/strong>: Mikrosementens vanntette egenskaper gj\u00f8r den til et utmerket alternativ for bad og v\u00e5trom. Det kan p\u00e5f\u00f8res s\u00f8ml\u00f8st p\u00e5 vegger, gulv og til og med dusjvegger, og gir b\u00e5de estetisk appell og funksjonelle fordeler.<\/li>\n\n\n\n<li><strong><a href=\"https:\/\/www.satine.com\/microcement-kitchens\">Kj\u00f8kken<\/a><\/strong>: I amerikanske kj\u00f8kken brukes mikrosement ofte til \u00e5&nbsp;<strong>benkeplater<\/strong>,&nbsp;<strong>backsplashes<\/strong>, og&nbsp;<strong>gulv<\/strong>. Den er motstandsdyktig mot varme og flekker, og det elegante utseendet gj\u00f8r den til et praktisk og stilig valg.<\/li>\n\n\n\n<li><strong>Kommersielle omr\u00e5der<\/strong>: Butikker, restauranter og hoteller i USA bruker i \u00f8kende grad mikrosement for \u00e5 oppn\u00e5 en moderne, industriell estetikk. Det enkle vedlikeholdet og den lange holdbarheten gj\u00f8r det ideelt for kommersielle milj\u00f8er med h\u00f8y trafikk.<\/li>\n\n\n\n<li><strong>Utend\u00f8rsomr\u00e5der<\/strong>: Takket v\u00e6re den h\u00f8ye motstandsdyktigheten mot temperaturendringer og fuktighet brukes mikrosement ogs\u00e5 i uterom som uteplasser, bassengdekker og utvendige fasader. Dette er spesielt attraktivt i regioner med varierende klima, ettersom mikrosement t\u00e5ler varme, kulde og fuktighet n\u00e5r det forsegles p\u00e5 riktig m\u00e5te.<\/li>\n<\/ul>\n\n\n\n<div style=\"height:30px\" aria-hidden=\"true\" class=\"wp-block-spacer\"><\/div>\n\n\n\n<figure class=\"wp-block-image size-large is-resized\"><img loading=\"lazy\" decoding=\"async\" width=\"1024\" height=\"684\" src=\"https:\/\/www.satine.com\/wp-content\/uploads\/2024\/09\/FOTO-PIGMENTO-INSTAGRAM-AMAZON-1-1024x684.jpg\" alt=\"\" class=\"wp-image-5552\" style=\"aspect-ratio:16\/9;object-fit:cover;width:1600px\" srcset=\"https:\/\/www.satine.com\/wp-content\/uploads\/2024\/09\/FOTO-PIGMENTO-INSTAGRAM-AMAZON-1-1024x684.jpg 1024w, https:\/\/www.satine.com\/wp-content\/uploads\/2024\/09\/FOTO-PIGMENTO-INSTAGRAM-AMAZON-1-300x200.jpg 300w, https:\/\/www.satine.com\/wp-content\/uploads\/2024\/09\/FOTO-PIGMENTO-INSTAGRAM-AMAZON-1-768x513.jpg 768w, https:\/\/www.satine.com\/wp-content\/uploads\/2024\/09\/FOTO-PIGMENTO-INSTAGRAM-AMAZON-1-1536x1026.jpg 1536w, https:\/\/www.satine.com\/wp-content\/uploads\/2024\/09\/FOTO-PIGMENTO-INSTAGRAM-AMAZON-1-2048x1368.jpg 2048w, https:\/\/www.satine.com\/wp-content\/uploads\/2024\/09\/FOTO-PIGMENTO-INSTAGRAM-AMAZON-1-18x12.jpg 18w\" sizes=\"auto, (max-width: 1024px) 100vw, 1024px\" \/><\/figure>\n\n\n\n<div style=\"height:30px\" aria-hidden=\"true\" class=\"wp-block-spacer\"><\/div>\n\n\n\n<h2 class=\"wp-block-heading\"><strong>Veksten av mikrosement i det amerikanske markedet<\/strong><\/h2>\n\n\n\n<p>Den&nbsp;<strong>Bygg- og anleggsbransjen i USA<\/strong>&nbsp;har tatt i bruk mikrosement til b\u00e5de nybygg og renoveringsprosjekter. \u00d8kningen i&nbsp;<strong>moderne og minimalistiske designtrender<\/strong>&nbsp;har \u00f8kt materialets popularitet, ettersom flere huseiere og bedrifter \u00f8nsker \u00e5 skape rene, moderne rom. I tillegg har&nbsp;<strong>Gj\u00f8r-det-selv-markedet<\/strong>&nbsp;har opplevd en kraftig \u00f8kning i interessen p\u00e5 grunn av tilgjengeligheten av brukervennlige mikrosement-sett, som gj\u00f8r det mulig for enkeltpersoner \u00e5 p\u00e5f\u00f8re materialet uten profesjonell hjelp.<\/p>\n\n\n\n<p>Flere faktorer har bidratt til den \u00f8kende bruken av mikrosement i USA:<\/p>\n\n\n\n<ul class=\"wp-block-list\">\n<li><strong>\u00d8kt tilgjengelighet<\/strong>: Etter hvert som flere leverand\u00f8rer og produsenter kommer inn p\u00e5 det amerikanske markedet, f\u00e5r forbrukerne bedre tilgang til mikrosementprodukter av h\u00f8y kvalitet.<\/li>\n\n\n\n<li><strong>Teknologiske fremskritt<\/strong>: Forbedringer i mikrosementformuleringer har forbedret holdbarheten, brukervennligheten og mangfoldet av overflatebehandlinger, noe som gj\u00f8r det mer attraktivt for b\u00e5de fagfolk og gj\u00f8r-det-selv-entusiaster.<\/li>\n\n\n\n<li><strong>B\u00e6rekraftig bygging<\/strong>: Det \u00f8kende fokuset p\u00e5 b\u00e6rekraftige byggematerialer har ogs\u00e5 \u00f8kt interessen for mikrosement, ettersom mange produkter er laget av milj\u00f8vennlige komponenter.<\/li>\n<\/ul>\n\n\n\n<h2 class=\"wp-block-heading\"><strong>Utfordringer og betraktninger<\/strong><\/h2>\n\n\n\n<p>Selv om mikrosement er et fantastisk alternativ for mange bruksomr\u00e5der, er det noen ting man m\u00e5 ta hensyn til n\u00e5r det gjelder prosjekter i USA:<\/p>\n\n\n\n<ul class=\"wp-block-list\">\n<li><strong>Riktig bruk<\/strong>: P\u00e5f\u00f8ringsprosessen krever dyktighet og presisjon. D\u00e5rlig p\u00e5f\u00f8rt mikrosement kan f\u00f8re til sprekkdannelser eller ujevn overflate. Det er viktig \u00e5 bruke fagfolk til st\u00f8rre og mer komplekse prosjekter.<\/li>\n\n\n\n<li><strong>Vedlikehold<\/strong>: Selv om overflater av mikrosement er slitesterke, m\u00e5 de vedlikeholdes regelmessig, for eksempel med noen \u00e5rs mellomrom, spesielt i omr\u00e5der med mye trafikk eller eksponering for vann.<\/li>\n<\/ul>\n\n\n\n<h2 class=\"wp-block-heading\"><strong>Mikrosement i boligprosjekter over hele USA<\/strong><\/h2>\n\n\n\n<p>Mikrosement er i ferd med \u00e5 bli et popul\u00e6rt valg for huseiere som \u00f8nsker \u00e5 renovere boligen sin med en moderne, minimalistisk estetikk. Over hele landet oppdateres boliger med mikrosement p\u00e5 grunn av allsidigheten og evnen til \u00e5 gi en sofistikert finish med minimal innsats. Enten det brukes p\u00e5\u00a0<strong>bad<\/strong>,\u00a0<strong>kj\u00f8kken<\/strong>, eller\u00a0<strong>oppholdsrom<\/strong>Microcement skaper en s\u00f8ml\u00f8s overflate som eliminerer fugelinjer og gir et renere og mer polert utseende.<\/p>\n\n\n\n<p>I byer med eldre boligmasse, som f.eks.&nbsp;<strong>New York<\/strong>&nbsp;og&nbsp;<strong>Boston<\/strong>Det er en stor fordel at mikrosement kan p\u00e5f\u00f8res over eksisterende overflater uten riving. Det gj\u00f8r det mulig for huseiere \u00e5 modernisere boligene sine raskt og med minimale forstyrrelser, noe som gj\u00f8r det spesielt attraktivt for renovering i tettbygde byomr\u00e5der.<\/p>\n\n\n\n<h2 class=\"wp-block-heading\"><strong>Kommersielle mikrosementprosjekter i USA<\/strong><\/h2>\n\n\n\n<p>I den kommersielle sektoren finner mikrosement sin vei inn i butikker, restauranter, hoteller og kontorbygg. Dens\u00a0<strong>h\u00f8y holdbarhet<\/strong>\u00a0og\u00a0<strong>enkelt vedlikehold<\/strong>\u00a0gj\u00f8r den perfekt for omr\u00e5der med mye trafikk. Mange bedrifter i USA velger mikrosement p\u00e5 grunn av dets moderne, industrielle<strong> <\/strong>look, noe som passer godt inn i dagens trend mot minimalistisk interi\u00f8rdesign.<\/p>\n\n\n\n<p>For eksempel i detaljhandelen<strong> <\/strong>I lokaler over hele USA brukes mikrosement p\u00e5 gulv, vegger og benkeplater, noe som gir en elegant bakgrunn som lar produktene st\u00e5 i sentrum. Muligheten til \u00e5 tilpasse mikrosement i ulike farger og utf\u00f8relser gj\u00f8r det ogs\u00e5 mulig for bedrifter \u00e5 skape unike rom som gjenspeiler merkevareidentiteten deres.<\/p>\n\n\n\n<p>Restauranter og barer er en annen sektor som har tatt i bruk mikrosement, s\u00e6rlig i kj\u00f8kken og spiseomr\u00e5der. Den s\u00f8ml\u00f8se overflaten gj\u00f8r mikrosement motstandsdyktig mot flekker og lett \u00e5 rengj\u00f8re, noe som er viktig i milj\u00f8er der s\u00f8l og mye fottrafikk er vanlig. Materialets evne til \u00e5 motst\u00e5 fukt og varme gj\u00f8r det perfekt for kj\u00f8kken, samtidig som allsidigheten gj\u00f8r det enkelt for designere \u00e5 skape stilfulle rom.<\/p>\n\n\n\n<div style=\"height:30px\" aria-hidden=\"true\" class=\"wp-block-spacer\"><\/div>\n\n\n\n<figure class=\"wp-block-image size-large is-resized\"><img loading=\"lazy\" decoding=\"async\" width=\"1024\" height=\"736\" src=\"https:\/\/www.satine.com\/wp-content\/uploads\/2024\/09\/Captura-de-pantalla-2024-09-17-a-las-13.01.20-3-1024x736.png\" alt=\"\" class=\"wp-image-5429\" style=\"aspect-ratio:16\/9;object-fit:cover;width:1600px\" srcset=\"https:\/\/www.satine.com\/wp-content\/uploads\/2024\/09\/Captura-de-pantalla-2024-09-17-a-las-13.01.20-3-1024x736.png 1024w, https:\/\/www.satine.com\/wp-content\/uploads\/2024\/09\/Captura-de-pantalla-2024-09-17-a-las-13.01.20-3-300x216.png 300w, https:\/\/www.satine.com\/wp-content\/uploads\/2024\/09\/Captura-de-pantalla-2024-09-17-a-las-13.01.20-3-768x552.png 768w, https:\/\/www.satine.com\/wp-content\/uploads\/2024\/09\/Captura-de-pantalla-2024-09-17-a-las-13.01.20-3-1536x1104.png 1536w, https:\/\/www.satine.com\/wp-content\/uploads\/2024\/09\/Captura-de-pantalla-2024-09-17-a-las-13.01.20-3-2048x1471.png 2048w, https:\/\/www.satine.com\/wp-content\/uploads\/2024\/09\/Captura-de-pantalla-2024-09-17-a-las-13.01.20-3-18x12.png 18w\" sizes=\"auto, (max-width: 1024px) 100vw, 1024px\" \/><\/figure>\n\n\n\n<div style=\"height:30px\" aria-hidden=\"true\" class=\"wp-block-spacer\"><\/div>\n\n\n\n<h2 class=\"wp-block-heading\"><strong>Utend\u00f8rs bruksomr\u00e5der for mikrosement i USA<\/strong><\/h2>\n\n\n\n<p>Microcement er ikke begrenset til innend\u00f8rs rom. I flere regioner i USA, spesielt i stater som\u00a0<strong>California<\/strong>,\u00a0<strong>Florida<\/strong>, og\u00a0<strong>Texas<\/strong>I dag brukes mikrosement til \u00e5 skape vakre, langvarige uterom. Uteplasser, bassengdekker og yttervegger er ideelle for mikrosement p\u00e5 grunn av dets motstandskraft mot skiftende v\u00e6rforhold og holdbarhet mot fuktighet.<\/p>\n\n\n\n<p>Muligheten til \u00e5 skape en s\u00f8ml\u00f8s overflate med mikrosement gj\u00f8r at uteomr\u00e5der kan bli sammenhengende og moderne, og designestetikken fra husets eller bygningens interi\u00f8r utvides til eksteri\u00f8ret. Utend\u00f8rs applikasjoner i omr\u00e5der som&nbsp;<strong>Miami<\/strong>&nbsp;og&nbsp;<strong>Los Angeles<\/strong>&nbsp;fremhever hvor godt mikrosement t\u00e5ler varierende temperaturer og eksponering for v\u00e6r og vind.<\/p>\n\n\n\n<h2 class=\"wp-block-heading\"><strong>Oppussing av kontorer og forretninger<\/strong><\/h2>\n\n\n\n<p>I byer som\u00a0<strong>Chicago<\/strong>,\u00a0<strong>Dallas<\/strong>, og\u00a0<strong>Washington D.C.<\/strong>I dag brukes mikrosement til \u00e5 forvandle kontorlokaler. Det moderne, industrielle utseendet til mikrosement, sammen med den h\u00f8ye slitestyrken, gj\u00f8r det perfekt for kontorgulv og fellesarealer. Materialets glatte, rene linjer er ogs\u00e5 tiltalende for teknologibedrifter og moderne arbeidsplasser, der man ofte er ute etter en elegant og minimalistisk design.<\/p>\n\n\n\n<p>I\u00a0<strong>Washington D.C.<\/strong>I offentlige bygninger og n\u00e6ringsbygg vinner mikrosement terreng, der materialet brukes til \u00e5 skape profesjonelle, langvarige overflater som krever minimalt med vedlikehold. Den enkle rengj\u00f8ringen og motstanden mot sprekkdannelser og slitasje over tid gj\u00f8r mikrosement til en ideell l\u00f8sning for disse krevende milj\u00f8ene.<\/p>\n\n\n\n<h2 class=\"wp-block-heading\"><strong>Microcements vekst i USA<\/strong><\/h2>\n\n\n\n<p>Mikrocement fortsetter \u00e5 \u00f8ke i popularitet over hele USA, og stadig flere designere, entrepren\u00f8rer og huseiere velger det p\u00e5 grunn av dets allsidighet og estetiske appell. Etter hvert som flere leverand\u00f8rer og distribut\u00f8rer bringer mikrosement til det amerikanske markedet, forventes det at tilgjengeligheten og bruken av det vil \u00f8ke ytterligere.<\/p>\n\n\n\n<p>Fra luksuri\u00f8se boliger i\u00a0<strong>Los Angeles<\/strong>\u00a0til kommersielle omr\u00e5der i\u00a0<strong>New York City<\/strong>\u00a0og uteomr\u00e5der i\u00a0<strong>Miami<\/strong>har mikrosement vist seg \u00e5 v\u00e6re et materiale som kan endre mye innen design og konstruksjon i USA.<\/p>\n\n\n\n<h2 class=\"wp-block-heading\"><strong>Kontakt Satine microcement i USA<\/strong><\/h2>\n\n\n\n<p>Hvis du vil ha mer informasjon om Satine-mikrobetong i <strong>USA<\/strong>Kontakt oss hvis du har sp\u00f8rsm\u00e5l om oss, \u00f8nsker et individuelt tilbud p\u00e5 et prosjekt eller materiale, eller hvis du har sp\u00f8rsm\u00e5l om oss.<\/p>","protected":false},"excerpt":{"rendered":"<p>Satine Microcement in the United States: Growth, Trends, and Applications Microcement, a versatile and innovative surface material, has gained considerable popularity in the United States in recent years. Originally developed for industrial use, its smooth, continuous finish and adaptability have made it a favorite among architects, interior designers, and homeowners. As the demand for modern, [&hellip;]<\/p>\n","protected":false},"author":1,"featured_media":0,"parent":0,"menu_order":0,"comment_status":"closed","ping_status":"closed","template":"","meta":{"footnotes":""},"class_list":["post-5551","page","type-page","status-publish","hentry"],"yoast_head":"<!-- This site is optimized with the Yoast SEO plugin v27.4 - https:\/\/yoast.com\/product\/yoast-seo-wordpress\/ -->\n<title>Microcement United States - Satine<\/title>\n<meta name=\"description\" content=\"Explore the growing popularity of microcement across the United States in both residential and commercial spaces. Learn about its versatile applications, from sleek kitchen and bathroom renovations to durable outdoor patios in cities like New York, Washington D.C., and Miami. Discover how microcement offers seamless, modern finishes that are perfect for high-traffic areas, offices, and retail spaces.\" \/>\n<meta name=\"robots\" content=\"index, follow, max-snippet:-1, max-image-preview:large, max-video-preview:-1\" \/>\n<link rel=\"canonical\" href=\"https:\/\/www.satine.com\/nb\/usa\/\" \/>\n<meta property=\"og:locale\" content=\"nb_NO\" \/>\n<meta property=\"og:type\" content=\"article\" \/>\n<meta property=\"og:title\" content=\"Microcement United States - Satine\" \/>\n<meta property=\"og:description\" content=\"Explore the growing popularity of microcement across the United States in both residential and commercial spaces. Learn about its versatile applications, from sleek kitchen and bathroom renovations to durable outdoor patios in cities like New York, Washington D.C., and Miami. Discover how microcement offers seamless, modern finishes that are perfect for high-traffic areas, offices, and retail spaces.\" \/>\n<meta property=\"og:url\" content=\"https:\/\/www.satine.com\/nb\/usa\/\" \/>\n<meta property=\"og:site_name\" content=\"Satine\" \/>\n<meta property=\"article:modified_time\" content=\"2024-09-27T08:42:13+00:00\" \/>\n<meta property=\"og:image\" content=\"https:\/\/www.satine.com\/wp-content\/uploads\/2024\/09\/FOTO-PIGMENTO-INSTAGRAM-AMAZON-1-1024x684.jpg\" \/>\n<meta name=\"twitter:card\" content=\"summary_large_image\" \/>\n<meta name=\"twitter:label1\" content=\"Ansl. lesetid\" \/>\n\t<meta name=\"twitter:data1\" content=\"7 minutter\" \/>\n<script type=\"application\/ld+json\" class=\"yoast-schema-graph\">{\"@context\":\"https:\\\/\\\/schema.org\",\"@graph\":[{\"@type\":\"WebPage\",\"@id\":\"https:\\\/\\\/www.satine.com\\\/usa\\\/\",\"url\":\"https:\\\/\\\/www.satine.com\\\/usa\\\/\",\"name\":\"Microcement United States - Satine\",\"isPartOf\":{\"@id\":\"https:\\\/\\\/www.satine.com\\\/#website\"},\"primaryImageOfPage\":{\"@id\":\"https:\\\/\\\/www.satine.com\\\/usa\\\/#primaryimage\"},\"image\":{\"@id\":\"https:\\\/\\\/www.satine.com\\\/usa\\\/#primaryimage\"},\"thumbnailUrl\":\"https:\\\/\\\/www.satine.com\\\/wp-content\\\/uploads\\\/2024\\\/09\\\/FOTO-PIGMENTO-INSTAGRAM-AMAZON-1-1024x684.jpg\",\"datePublished\":\"2024-09-27T08:29:37+00:00\",\"dateModified\":\"2024-09-27T08:42:13+00:00\",\"description\":\"Explore the growing popularity of microcement across the United States in both residential and commercial spaces. Learn about its versatile applications, from sleek kitchen and bathroom renovations to durable outdoor patios in cities like New York, Washington D.C., and Miami. Discover how microcement offers seamless, modern finishes that are perfect for high-traffic areas, offices, and retail spaces.\",\"breadcrumb\":{\"@id\":\"https:\\\/\\\/www.satine.com\\\/usa\\\/#breadcrumb\"},\"inLanguage\":\"nb-NO\",\"potentialAction\":[{\"@type\":\"ReadAction\",\"target\":[\"https:\\\/\\\/www.satine.com\\\/usa\\\/\"]}]},{\"@type\":\"ImageObject\",\"inLanguage\":\"nb-NO\",\"@id\":\"https:\\\/\\\/www.satine.com\\\/usa\\\/#primaryimage\",\"url\":\"https:\\\/\\\/www.satine.com\\\/wp-content\\\/uploads\\\/2024\\\/09\\\/FOTO-PIGMENTO-INSTAGRAM-AMAZON-1-1024x684.jpg\",\"contentUrl\":\"https:\\\/\\\/www.satine.com\\\/wp-content\\\/uploads\\\/2024\\\/09\\\/FOTO-PIGMENTO-INSTAGRAM-AMAZON-1-1024x684.jpg\"},{\"@type\":\"BreadcrumbList\",\"@id\":\"https:\\\/\\\/www.satine.com\\\/usa\\\/#breadcrumb\",\"itemListElement\":[{\"@type\":\"ListItem\",\"position\":1,\"name\":\"Inicio\",\"item\":\"https:\\\/\\\/www.satine.com\\\/\"},{\"@type\":\"ListItem\",\"position\":2,\"name\":\"Microcement United States\"}]},{\"@type\":\"WebSite\",\"@id\":\"https:\\\/\\\/www.satine.com\\\/#website\",\"url\":\"https:\\\/\\\/www.satine.com\\\/\",\"name\":\"Satine - Microcement\",\"description\":\"\",\"alternateName\":\"Satine - Microcement\",\"potentialAction\":[{\"@type\":\"SearchAction\",\"target\":{\"@type\":\"EntryPoint\",\"urlTemplate\":\"https:\\\/\\\/www.satine.com\\\/?s={search_term_string}\"},\"query-input\":{\"@type\":\"PropertyValueSpecification\",\"valueRequired\":true,\"valueName\":\"search_term_string\"}}],\"inLanguage\":\"nb-NO\"}]}<\/script>\n<!-- \/ Yoast SEO plugin. -->","yoast_head_json":{"title":"Microcement USA - Satine","description":"Utforsk den \u00f8kende populariteten til mikrosement i USA, b\u00e5de i boliger og kommersielle omr\u00e5der. L\u00e6r om de allsidige bruksomr\u00e5dene, fra elegante kj\u00f8kken- og baderomsrenoveringer til slitesterke uteterrasser i byer som New York, Washington D.C. og Miami. Oppdag hvordan mikrosement gir s\u00f8ml\u00f8se, moderne overflater som er perfekte for omr\u00e5der med h\u00f8y trafikk, kontorer og butikklokaler.","robots":{"index":"index","follow":"follow","max-snippet":"max-snippet:-1","max-image-preview":"max-image-preview:large","max-video-preview":"max-video-preview:-1"},"canonical":"https:\/\/www.satine.com\/nb\/usa\/","og_locale":"nb_NO","og_type":"article","og_title":"Microcement United States - Satine","og_description":"Explore the growing popularity of microcement across the United States in both residential and commercial spaces. Learn about its versatile applications, from sleek kitchen and bathroom renovations to durable outdoor patios in cities like New York, Washington D.C., and Miami. Discover how microcement offers seamless, modern finishes that are perfect for high-traffic areas, offices, and retail spaces.","og_url":"https:\/\/www.satine.com\/nb\/usa\/","og_site_name":"Satine","article_modified_time":"2024-09-27T08:42:13+00:00","og_image":[{"url":"https:\/\/www.satine.com\/wp-content\/uploads\/2024\/09\/FOTO-PIGMENTO-INSTAGRAM-AMAZON-1-1024x684.jpg","type":"","width":"","height":""}],"twitter_card":"summary_large_image","twitter_misc":{"Ansl. lesetid":"7 minutter"},"schema":{"@context":"https:\/\/schema.org","@graph":[{"@type":"WebPage","@id":"https:\/\/www.satine.com\/usa\/","url":"https:\/\/www.satine.com\/usa\/","name":"Microcement USA - Satine","isPartOf":{"@id":"https:\/\/www.satine.com\/#website"},"primaryImageOfPage":{"@id":"https:\/\/www.satine.com\/usa\/#primaryimage"},"image":{"@id":"https:\/\/www.satine.com\/usa\/#primaryimage"},"thumbnailUrl":"https:\/\/www.satine.com\/wp-content\/uploads\/2024\/09\/FOTO-PIGMENTO-INSTAGRAM-AMAZON-1-1024x684.jpg","datePublished":"2024-09-27T08:29:37+00:00","dateModified":"2024-09-27T08:42:13+00:00","description":"Utforsk den \u00f8kende populariteten til mikrosement i USA, b\u00e5de i boliger og kommersielle omr\u00e5der. L\u00e6r om de allsidige bruksomr\u00e5dene, fra elegante kj\u00f8kken- og baderomsrenoveringer til slitesterke uteterrasser i byer som New York, Washington D.C. og Miami. Oppdag hvordan mikrosement gir s\u00f8ml\u00f8se, moderne overflater som er perfekte for omr\u00e5der med h\u00f8y trafikk, kontorer og butikklokaler.","breadcrumb":{"@id":"https:\/\/www.satine.com\/usa\/#breadcrumb"},"inLanguage":"nb-NO","potentialAction":[{"@type":"ReadAction","target":["https:\/\/www.satine.com\/usa\/"]}]},{"@type":"ImageObject","inLanguage":"nb-NO","@id":"https:\/\/www.satine.com\/usa\/#primaryimage","url":"https:\/\/www.satine.com\/wp-content\/uploads\/2024\/09\/FOTO-PIGMENTO-INSTAGRAM-AMAZON-1-1024x684.jpg","contentUrl":"https:\/\/www.satine.com\/wp-content\/uploads\/2024\/09\/FOTO-PIGMENTO-INSTAGRAM-AMAZON-1-1024x684.jpg"},{"@type":"BreadcrumbList","@id":"https:\/\/www.satine.com\/usa\/#breadcrumb","itemListElement":[{"@type":"ListItem","position":1,"name":"Inicio","item":"https:\/\/www.satine.com\/"},{"@type":"ListItem","position":2,"name":"Microcement United States"}]},{"@type":"WebSite","@id":"https:\/\/www.satine.com\/#website","url":"https:\/\/www.satine.com\/","name":"Satine - Microcement","description":"","alternateName":"Satine - Microcement","potentialAction":[{"@type":"SearchAction","target":{"@type":"EntryPoint","urlTemplate":"https:\/\/www.satine.com\/?s={search_term_string}"},"query-input":{"@type":"PropertyValueSpecification","valueRequired":true,"valueName":"search_term_string"}}],"inLanguage":"nb-NO"}]}},"_links":{"self":[{"href":"https:\/\/www.satine.com\/nb\/wp-json\/wp\/v2\/pages\/5551","targetHints":{"allow":["GET"]}}],"collection":[{"href":"https:\/\/www.satine.com\/nb\/wp-json\/wp\/v2\/pages"}],"about":[{"href":"https:\/\/www.satine.com\/nb\/wp-json\/wp\/v2\/types\/page"}],"author":[{"embeddable":true,"href":"https:\/\/www.satine.com\/nb\/wp-json\/wp\/v2\/users\/1"}],"replies":[{"embeddable":true,"href":"https:\/\/www.satine.com\/nb\/wp-json\/wp\/v2\/comments?post=5551"}],"version-history":[{"count":5,"href":"https:\/\/www.satine.com\/nb\/wp-json\/wp\/v2\/pages\/5551\/revisions"}],"predecessor-version":[{"id":5563,"href":"https:\/\/www.satine.com\/nb\/wp-json\/wp\/v2\/pages\/5551\/revisions\/5563"}],"wp:attachment":[{"href":"https:\/\/www.satine.com\/nb\/wp-json\/wp\/v2\/media?parent=5551"}],"curies":[{"name":"wp","href":"https:\/\/api.w.org\/{rel}","templated":true}]}}