{"id":5391,"date":"2024-09-19T04:25:44","date_gmt":"2024-09-19T08:25:44","guid":{"rendered":"https:\/\/www.satine.com\/?page_id=5391"},"modified":"2024-09-19T05:35:32","modified_gmt":"2024-09-19T09:35:32","slug":"eksterior-i-mikrosement","status":"publish","type":"page","link":"https:\/\/www.satine.com\/nb\/microcement\/microcement-exteriors\/","title":{"rendered":"Microcement Exteriors"},"content":{"rendered":"<h2 class=\"wp-block-heading\">Eksteri\u00f8r i mikrosement: Fordeler, fordeler og bruksomr\u00e5der<\/h2>\n\n\n\n<p><a href=\"https:\/\/www.satine.com\/microcement\">Mikrosement<\/a> exteriors har blitt det trendy dekorative, kontinuerlige gulvbelegget. Et belegg som arkitekter og byggefirmaer i stadig st\u00f8rre grad tenker p\u00e5 p\u00e5 grunn av de store fordelene, noe som gj\u00f8r det til det ledende alternativet for \u00e5 dekke utend\u00f8rs gulv som terrasser, uteplasser, verandaer, hager, sv\u00f8mmebassenger, og til og med vegger og fasader.<\/p>\n\n\n\n<p>Hvis du alltid har trodd at mikrosement kun er til innvendig bruk, vil du f\u00e5 en helt annen oppfatning n\u00e5r du leser denne artikkelen, og det til det bedre. Her finner du alt du trenger \u00e5 vite om utvendig mikrosement, en \u00f8kende dekorativ trend: fordeler, kostnader, p\u00e5f\u00f8ring, finish... Hvorfor velge mikrosement til utvendig bruk?<br>Det er mange grunner til at det er en god id\u00e9 \u00e5 velge mikrosement til eksteri\u00f8r, enten det er til \u00e5 beklede vegger, fasader, verandaer eller som utvendig, sammenhengende gulvbelegg, der sistnevnte er ekspertenes foretrukne alternativ.<\/p>\n\n\n\n<p>Uansett er det \u00e5 bruke mikrosement i eksteri\u00f8rer en garanti for \u00e5 skape fantastiske milj\u00f8er, ettersom det danner et belegg med utmerket vedheft, noe som gj\u00f8r det mulig \u00e5 bruke det p\u00e5 et bredt spekter av underlag og materialer. Et gjennomg\u00e5ende dekorativt belegg som kombinerer sterk visuell estetikk p\u00e5 den ene siden og enest\u00e5ende funksjonalitet p\u00e5 den andre.<\/p>\n\n\n\n<div style=\"height:30px\" aria-hidden=\"true\" class=\"wp-block-spacer\"><\/div>\n\n\n\n<figure class=\"wp-block-image size-large is-resized\"><img loading=\"lazy\" decoding=\"async\" width=\"1024\" height=\"736\" src=\"https:\/\/www.satine.com\/wp-content\/uploads\/2024\/09\/Captura-de-pantalla-2024-09-17-a-las-13.01.20-1-1024x736.png\" alt=\"\" class=\"wp-image-5392\" style=\"aspect-ratio:16\/9;object-fit:cover;width:1600px\" srcset=\"https:\/\/www.satine.com\/wp-content\/uploads\/2024\/09\/Captura-de-pantalla-2024-09-17-a-las-13.01.20-1-1024x736.png 1024w, https:\/\/www.satine.com\/wp-content\/uploads\/2024\/09\/Captura-de-pantalla-2024-09-17-a-las-13.01.20-1-300x216.png 300w, https:\/\/www.satine.com\/wp-content\/uploads\/2024\/09\/Captura-de-pantalla-2024-09-17-a-las-13.01.20-1-768x552.png 768w, https:\/\/www.satine.com\/wp-content\/uploads\/2024\/09\/Captura-de-pantalla-2024-09-17-a-las-13.01.20-1-1536x1104.png 1536w, https:\/\/www.satine.com\/wp-content\/uploads\/2024\/09\/Captura-de-pantalla-2024-09-17-a-las-13.01.20-1-2048x1471.png 2048w, https:\/\/www.satine.com\/wp-content\/uploads\/2024\/09\/Captura-de-pantalla-2024-09-17-a-las-13.01.20-1-18x12.png 18w\" sizes=\"auto, (max-width: 1024px) 100vw, 1024px\" \/><\/figure>\n\n\n\n<div style=\"height:30px\" aria-hidden=\"true\" class=\"wp-block-spacer\"><\/div>\n\n\n\n<h2 class=\"wp-block-heading\">Her er de seks viktigste fordelene som har gjort mikrosement popul\u00e6rt i eksteri\u00f8rer:<\/h2>\n\n\n\n<ol class=\"wp-block-list\">\n<li><strong>Mikrosement for eksteri\u00f8r gir kontinuitet<\/strong><\/li>\n<\/ol>\n\n\n\n<p>Mikrosement er et kontinuerlig belegg som p\u00e5f\u00f8res direkte over det eksisterende underlaget. Det vil si at det ikke krever ekspansjonsfuger. Dette er en enorm merverdi som gj\u00f8r at utvendig mikrosement passer perfekt sammen med andre arkitektoniske og dekorative elementer, noe som gir en f\u00f8lelse av kontinuitet og harmoni mellom alle komponentene. Denne kontinuiteten kan g\u00e5 enda lenger, ved at utvendig mikrosement kan fungere som en bro til innend\u00f8rsomr\u00e5det i boligen eller bygningen.<a href=\"https:\/\/www.satinestone.com\">.<\/a><\/p>\n\n\n\n<ol start=\"2\" class=\"wp-block-list\">\n<li><strong>Utvendig mikrosement er sv\u00e6rt motstandsdyktig mot trafikk<\/strong><\/li>\n<\/ol>\n\n\n\n<p>Den h\u00f8ye ytelsen til mikrosement er fortsatt intakt i eksteri\u00f8rer. Et eksempel er motstandsdyktigheten mot fottrafikk, den viktigste faktoren som har f\u00f8rt til at utvendig mikrosement har blitt et velkjent alternativ til andre belegg som natur- eller kunststein, fliser, betong eller mosaikk, blant mange andre.<\/p>\n\n\n\n<ol start=\"3\" class=\"wp-block-list\">\n<li><strong>Regn og varme p\u00e5virker ikke utvendig mikrocement<\/strong><\/li>\n<\/ol>\n\n\n\n<p>V\u00e6rforholdene er avgj\u00f8rende n\u00e5r arkitekter, designere og andre fagfolk skal velge materialer til eksteri\u00f8rer. Hvis man bruker en type mikrosement av h\u00f8y kvalitet og beskytter og forsegler den med riktig lakk, vil den ikke p\u00e5virkes av regn eller varme.<\/p>\n\n\n\n<ol start=\"4\" class=\"wp-block-list\">\n<li><strong>Utvendig mikrosement har antiseptiske egenskaper<\/strong><\/li>\n<\/ol>\n\n\n\n<p>Takket v\u00e6re den s\u00f8ml\u00f8se overflaten hindrer utvendig mikrosement vekst av sopp, ugress eller bakterier, og skaper dermed et antiseptisk milj\u00f8. I tillegg er det et dekorativt belegg som er sv\u00e6rt enkelt \u00e5 rengj\u00f8re og krever minimalt med vedlikehold og pleie.<\/p>\n\n\n\n<ol start=\"5\" class=\"wp-block-list\">\n<li><strong>Utvendig gulvbelegg i mikrosement er sklisikkert<\/strong><\/li>\n<\/ol>\n\n\n\n<p>Det er viktig \u00e5 finne materialer som gir en sklisikker overflate for utvendige belegg. Derfor er det godt \u00e5 vite at det finnes typer mikrosement (som Sttandard Microstone, v\u00e5r mikrosement for utvendig bruk) som har denne egenskapen, noe som gj\u00f8r utvendige mikrosementgulv til et helt sklisikkert omr\u00e5de.<\/p>\n\n\n\n<p>En annen sklisikker mikrosement for utvendig bruk er Atlanttic, v\u00e5r tokomponent mikrosement som er spesielt utviklet for bassenger. Hos Satine tilbyr vi ogs\u00e5 Topsealer WT Anti Slip, v\u00e5r vannbaserte polyuretanlakk som gj\u00f8r utvendige overflater belagt med mikrosement sklisikre.<\/p>\n\n\n\n<ol start=\"6\" class=\"wp-block-list\">\n<li><strong>Mikrosement for eksteri\u00f8r er sv\u00e6rt holdbart<\/strong><\/li>\n<\/ol>\n\n\n\n<p>Sist, men ikke minst, er det \u00e9n egenskap som definerer utvendig mikrosement perfekt, og det er holdbarheten. Det er et gulv- eller veggbelegg som kan opprettholde sine optimale egenskaper over tid.<\/p>\n\n\n\n<p>Med utvendig mikrosement oppn\u00e5r du ikke bare en eksklusiv, elegant og sofistikert dekorativ finish, men ogs\u00e5 et belegg med sv\u00e6rt lang holdbarhet, som nesten ikke kan forvitre.<\/p>\n\n\n\n<h2 class=\"wp-block-heading\"><strong>Ideer for bruk av mikrosement i eksteri\u00f8r<\/strong><\/h2>\n\n\n\n<p>Microcement kan brukes p\u00e5 mange forskjellige m\u00e5ter i uterom. Nedenfor finner du noen av de beste ideene for bruk av utvendig mikrosement, takket v\u00e6re de ubegrensede mulighetene for \u00e5 tilpasse overflater og farger. Legg merke til dette!<\/p>\n\n\n\n<ul class=\"wp-block-list\">\n<li><strong>Mikrosement for terrasser<\/strong><\/li>\n<\/ul>\n\n\n\n<p>Den vanligste bruken av mikrosement i eksteri\u00f8r er til gulvbelegg, spesielt p\u00e5 terrasser. Det er et belegg som kan dekke store omr\u00e5der som terrasser i ett stykke, og dermed forhindre ansamling av smuss. Men viktigst av alt er det at den vakre finishen og den fantastiske motstandsdyktigheten mot vann og fuktighet gj\u00f8r utvendig mikrosement til et godt valg for terrasser.<\/p>\n\n\n\n<ul class=\"wp-block-list\">\n<li><strong>Mikrosement for fachades<\/strong><\/li>\n<\/ul>\n\n\n\n<p>Vegger og fasader dekket med mikrosement gir de samme fordelene som gulv. Og hvis du kombinerer det med utvendige mikrosementgulv, vil romf\u00f8lelsen mangedobles. Den omfattende tilpasningsmuligheten gj\u00f8r at du kan oppn\u00e5 alt fra minimalistiske og industrielle overflater til r\u00f8ffere eller mer rustikke uttrykk.<\/p>\n\n\n\n<ul class=\"wp-block-list\">\n<li><strong>Mikrosement til sv\u00f8mmebassenger<\/strong><\/li>\n<\/ul>\n\n\n\n<p>N\u00e5r man skal bygge et basseng, velger man vanligvis konstruksjonsbassenger. Med bassenger i mikrosement kan du oppn\u00e5 de samme spektakul\u00e6re resultatene, med den ekstra fordelen at du ikke trenger kostbare konstruksjonsarbeider. Dette resulterer i en tidsbesparelse som er direkte korrelert med en reduksjon i l\u00f8nnskostnadene.<\/p>\n\n\n\n<p>For ikke \u00e5 nevne at utvendig mikrosement for bassenger tilpasser seg perfekt til ethvert rom, selv om terrassen din er liten eller har kompliserte skr\u00e5ninger.<\/p>\n\n\n\n<h2 class=\"wp-block-heading\"><strong>Hvor mye koster utvendig mikrosement?<\/strong><\/h2>\n\n\n\n<p>Det kan virke som om prisen p\u00e5 utvendig mikrosement er h\u00f8yere enn for interi\u00f8r. Dette inntrykket er imidlertid helt feil. Den endelige kostnaden for p\u00e5f\u00f8ring av utvendig eller innvendig mikrocement avhenger av de samme faktorene: underlagets tilstand (om det er fukt, om det er ustabilt, om det m\u00e5 repareres osv.), arealet i kvadratmeter som skal belegges og kompleksiteten i arbeidet.<\/p>\n\n\n\n<p>Bare i ett tilfelle er prisen p\u00e5 utvendig mikrosement h\u00f8yere: for bassenger. Hvorfor er det slik? Fordi applikasjonen er mye mer kompleks og krever mer kvalifisert arbeidskraft.<\/p>\n\n\n\n<h2 class=\"wp-block-heading\"><strong>Slik p\u00e5f\u00f8rer du mikrosement p\u00e5 riktig m\u00e5te i eksteri\u00f8rer<\/strong><\/h2>\n\n\n\n<p>For \u00e5 p\u00e5f\u00f8re utvendig mikrosement uten problemer, m\u00e5 en rekke trinn f\u00f8lges n\u00f8ye. Feil i prosessen vil resultere i en endelig finish som er langt fra det som er \u00f8nsket og forventet. Derfor er det s\u00e5 viktig \u00e5 samarbeide med en dyktig og erfaren fagperson.<\/p>\n\n\n\n<p>Dette er de seks trinnene for p\u00e5f\u00f8ring av mikrosement i eksteri\u00f8rer:<\/p>\n\n\n\n<ol class=\"wp-block-list\">\n<li>Forbered underlaget som skal belegges med utvendig mikrosement. S\u00f8rg for at det er i god stand, og reparer det hvis det ikke er i god stand.<\/li>\n\n\n\n<li>Plasser glassfibernett over det fremtidige utvendige mikrocementgulvet eller -veggen, noe som vil bidra til \u00e5 forsterke det fremtidige kontinuerlige dekorative belegget.<\/li>\n\n\n\n<li>Grunn det fremtidige utvendige mikrosementbelegget med en vedheftsfremmende middel.<\/li>\n\n\n\n<li>P\u00e5f\u00f8r to str\u00f8k med base microcement for eksteri\u00f8r.<\/li>\n\n\n\n<li>P\u00e5f\u00f8r to str\u00f8k med mikrocement for utvendig etterbehandling.<\/li>\n\n\n\n<li>Forsegl det utvendige mikrosementbelegget med en lakk av h\u00f8y kvalitet.<\/li>\n<\/ol>","protected":false},"excerpt":{"rendered":"<p>Microcement Exteriors: Advantages, Benefits and Uses Microcement exteriors has become the trending decorative continuous flooring. A coating increasingly present in the minds of architects and construction companies due to its great advantages, making it the leading alternative for covering outdoor floors such as terraces, patios, porches, gardens, swimming pools, and even walls and fa\u00e7ades. If [&hellip;]<\/p>\n","protected":false},"author":1,"featured_media":0,"parent":2814,"menu_order":0,"comment_status":"closed","ping_status":"closed","template":"","meta":{"footnotes":""},"class_list":["post-5391","page","type-page","status-publish","hentry"],"yoast_head":"<!-- This site is optimized with the Yoast SEO plugin v27.5 - https:\/\/yoast.com\/product\/yoast-seo-wordpress\/ -->\n<title>Microcement Exteriors - Satine<\/title>\n<meta name=\"description\" content=\"Discover the advantages of exteriors microcement: resistant, durable, non-slip, and adaptable to any space. Perfect for terraces, pools, porches, and fachades.\" \/>\n<meta name=\"robots\" content=\"index, follow, max-snippet:-1, max-image-preview:large, max-video-preview:-1\" \/>\n<link rel=\"canonical\" href=\"https:\/\/www.satine.com\/nb\/mikrosement\/eksterior-i-mikrosement\/\" \/>\n<meta property=\"og:locale\" content=\"nb_NO\" \/>\n<meta property=\"og:type\" content=\"article\" \/>\n<meta property=\"og:title\" content=\"Microcement Exteriors - Satine\" \/>\n<meta property=\"og:description\" content=\"Discover the advantages of exteriors microcement: resistant, durable, non-slip, and adaptable to any space. Perfect for terraces, pools, porches, and fachades.\" \/>\n<meta property=\"og:url\" content=\"https:\/\/www.satine.com\/nb\/mikrosement\/eksterior-i-mikrosement\/\" \/>\n<meta property=\"og:site_name\" content=\"Satine\" \/>\n<meta property=\"article:modified_time\" content=\"2024-09-19T09:35:32+00:00\" \/>\n<meta property=\"og:image\" content=\"https:\/\/www.satine.com\/wp-content\/uploads\/2024\/09\/Captura-de-pantalla-2024-09-17-a-las-13.01.20-1-1024x736.png\" \/>\n<meta name=\"twitter:card\" content=\"summary_large_image\" \/>\n<meta name=\"twitter:label1\" content=\"Ansl. lesetid\" \/>\n\t<meta name=\"twitter:data1\" content=\"5 minutter\" \/>\n<script type=\"application\/ld+json\" class=\"yoast-schema-graph\">{\"@context\":\"https:\\\/\\\/schema.org\",\"@graph\":[{\"@type\":\"WebPage\",\"@id\":\"https:\\\/\\\/www.satine.com\\\/microcement\\\/microcement-exteriors\\\/\",\"url\":\"https:\\\/\\\/www.satine.com\\\/microcement\\\/microcement-exteriors\\\/\",\"name\":\"Microcement Exteriors - Satine\",\"isPartOf\":{\"@id\":\"https:\\\/\\\/www.satine.com\\\/#website\"},\"primaryImageOfPage\":{\"@id\":\"https:\\\/\\\/www.satine.com\\\/microcement\\\/microcement-exteriors\\\/#primaryimage\"},\"image\":{\"@id\":\"https:\\\/\\\/www.satine.com\\\/microcement\\\/microcement-exteriors\\\/#primaryimage\"},\"thumbnailUrl\":\"https:\\\/\\\/www.satine.com\\\/wp-content\\\/uploads\\\/2024\\\/09\\\/Captura-de-pantalla-2024-09-17-a-las-13.01.20-1-1024x736.png\",\"datePublished\":\"2024-09-19T08:25:44+00:00\",\"dateModified\":\"2024-09-19T09:35:32+00:00\",\"description\":\"Discover the advantages of exteriors microcement: resistant, durable, non-slip, and adaptable to any space. Perfect for terraces, pools, porches, and fachades.\",\"breadcrumb\":{\"@id\":\"https:\\\/\\\/www.satine.com\\\/microcement\\\/microcement-exteriors\\\/#breadcrumb\"},\"inLanguage\":\"nb-NO\",\"potentialAction\":[{\"@type\":\"ReadAction\",\"target\":[\"https:\\\/\\\/www.satine.com\\\/microcement\\\/microcement-exteriors\\\/\"]}]},{\"@type\":\"ImageObject\",\"inLanguage\":\"nb-NO\",\"@id\":\"https:\\\/\\\/www.satine.com\\\/microcement\\\/microcement-exteriors\\\/#primaryimage\",\"url\":\"https:\\\/\\\/www.satine.com\\\/wp-content\\\/uploads\\\/2024\\\/09\\\/Captura-de-pantalla-2024-09-17-a-las-13.01.20-1-1024x736.png\",\"contentUrl\":\"https:\\\/\\\/www.satine.com\\\/wp-content\\\/uploads\\\/2024\\\/09\\\/Captura-de-pantalla-2024-09-17-a-las-13.01.20-1-1024x736.png\"},{\"@type\":\"BreadcrumbList\",\"@id\":\"https:\\\/\\\/www.satine.com\\\/microcement\\\/microcement-exteriors\\\/#breadcrumb\",\"itemListElement\":[{\"@type\":\"ListItem\",\"position\":1,\"name\":\"Inicio\",\"item\":\"https:\\\/\\\/www.satine.com\\\/\"},{\"@type\":\"ListItem\",\"position\":2,\"name\":\"Microcement\",\"item\":\"https:\\\/\\\/www.satine.com\\\/microcement\\\/\"},{\"@type\":\"ListItem\",\"position\":3,\"name\":\"Microcement Exteriors\"}]},{\"@type\":\"WebSite\",\"@id\":\"https:\\\/\\\/www.satine.com\\\/#website\",\"url\":\"https:\\\/\\\/www.satine.com\\\/\",\"name\":\"Satine - Microcement\",\"description\":\"\",\"alternateName\":\"Satine - Microcement\",\"potentialAction\":[{\"@type\":\"SearchAction\",\"target\":{\"@type\":\"EntryPoint\",\"urlTemplate\":\"https:\\\/\\\/www.satine.com\\\/?s={search_term_string}\"},\"query-input\":{\"@type\":\"PropertyValueSpecification\",\"valueRequired\":true,\"valueName\":\"search_term_string\"}}],\"inLanguage\":\"nb-NO\"}]}<\/script>\n<!-- \/ Yoast SEO plugin. -->","yoast_head_json":{"title":"Microcement Exteriors - Satine","description":"Oppdag fordelene med utvendig mikrosement: motstandsdyktig, slitesterk, sklisikker og tilpasningsdyktig til ethvert rom. Perfekt for terrasser, bassenger, verandaer og fachades.","robots":{"index":"index","follow":"follow","max-snippet":"max-snippet:-1","max-image-preview":"max-image-preview:large","max-video-preview":"max-video-preview:-1"},"canonical":"https:\/\/www.satine.com\/nb\/mikrosement\/eksterior-i-mikrosement\/","og_locale":"nb_NO","og_type":"article","og_title":"Microcement Exteriors - Satine","og_description":"Discover the advantages of exteriors microcement: resistant, durable, non-slip, and adaptable to any space. Perfect for terraces, pools, porches, and fachades.","og_url":"https:\/\/www.satine.com\/nb\/mikrosement\/eksterior-i-mikrosement\/","og_site_name":"Satine","article_modified_time":"2024-09-19T09:35:32+00:00","og_image":[{"url":"https:\/\/www.satine.com\/wp-content\/uploads\/2024\/09\/Captura-de-pantalla-2024-09-17-a-las-13.01.20-1-1024x736.png","type":"","width":"","height":""}],"twitter_card":"summary_large_image","twitter_misc":{"Ansl. lesetid":"5 minutter"},"schema":{"@context":"https:\/\/schema.org","@graph":[{"@type":"WebPage","@id":"https:\/\/www.satine.com\/microcement\/microcement-exteriors\/","url":"https:\/\/www.satine.com\/microcement\/microcement-exteriors\/","name":"Microcement Exteriors - Satine","isPartOf":{"@id":"https:\/\/www.satine.com\/#website"},"primaryImageOfPage":{"@id":"https:\/\/www.satine.com\/microcement\/microcement-exteriors\/#primaryimage"},"image":{"@id":"https:\/\/www.satine.com\/microcement\/microcement-exteriors\/#primaryimage"},"thumbnailUrl":"https:\/\/www.satine.com\/wp-content\/uploads\/2024\/09\/Captura-de-pantalla-2024-09-17-a-las-13.01.20-1-1024x736.png","datePublished":"2024-09-19T08:25:44+00:00","dateModified":"2024-09-19T09:35:32+00:00","description":"Oppdag fordelene med utvendig mikrosement: motstandsdyktig, slitesterk, sklisikker og tilpasningsdyktig til ethvert rom. Perfekt for terrasser, bassenger, verandaer og fachades.","breadcrumb":{"@id":"https:\/\/www.satine.com\/microcement\/microcement-exteriors\/#breadcrumb"},"inLanguage":"nb-NO","potentialAction":[{"@type":"ReadAction","target":["https:\/\/www.satine.com\/microcement\/microcement-exteriors\/"]}]},{"@type":"ImageObject","inLanguage":"nb-NO","@id":"https:\/\/www.satine.com\/microcement\/microcement-exteriors\/#primaryimage","url":"https:\/\/www.satine.com\/wp-content\/uploads\/2024\/09\/Captura-de-pantalla-2024-09-17-a-las-13.01.20-1-1024x736.png","contentUrl":"https:\/\/www.satine.com\/wp-content\/uploads\/2024\/09\/Captura-de-pantalla-2024-09-17-a-las-13.01.20-1-1024x736.png"},{"@type":"BreadcrumbList","@id":"https:\/\/www.satine.com\/microcement\/microcement-exteriors\/#breadcrumb","itemListElement":[{"@type":"ListItem","position":1,"name":"Inicio","item":"https:\/\/www.satine.com\/"},{"@type":"ListItem","position":2,"name":"Microcement","item":"https:\/\/www.satine.com\/microcement\/"},{"@type":"ListItem","position":3,"name":"Microcement Exteriors"}]},{"@type":"WebSite","@id":"https:\/\/www.satine.com\/#website","url":"https:\/\/www.satine.com\/","name":"Satine - Microcement","description":"","alternateName":"Satine - Microcement","potentialAction":[{"@type":"SearchAction","target":{"@type":"EntryPoint","urlTemplate":"https:\/\/www.satine.com\/?s={search_term_string}"},"query-input":{"@type":"PropertyValueSpecification","valueRequired":true,"valueName":"search_term_string"}}],"inLanguage":"nb-NO"}]}},"_links":{"self":[{"href":"https:\/\/www.satine.com\/nb\/wp-json\/wp\/v2\/pages\/5391","targetHints":{"allow":["GET"]}}],"collection":[{"href":"https:\/\/www.satine.com\/nb\/wp-json\/wp\/v2\/pages"}],"about":[{"href":"https:\/\/www.satine.com\/nb\/wp-json\/wp\/v2\/types\/page"}],"author":[{"embeddable":true,"href":"https:\/\/www.satine.com\/nb\/wp-json\/wp\/v2\/users\/1"}],"replies":[{"embeddable":true,"href":"https:\/\/www.satine.com\/nb\/wp-json\/wp\/v2\/comments?post=5391"}],"version-history":[{"count":1,"href":"https:\/\/www.satine.com\/nb\/wp-json\/wp\/v2\/pages\/5391\/revisions"}],"predecessor-version":[{"id":5393,"href":"https:\/\/www.satine.com\/nb\/wp-json\/wp\/v2\/pages\/5391\/revisions\/5393"}],"up":[{"embeddable":true,"href":"https:\/\/www.satine.com\/nb\/wp-json\/wp\/v2\/pages\/2814"}],"wp:attachment":[{"href":"https:\/\/www.satine.com\/nb\/wp-json\/wp\/v2\/media?parent=5391"}],"curies":[{"name":"wp","href":"https:\/\/api.w.org\/{rel}","templated":true}]}}