{"id":5343,"date":"2024-09-17T10:08:53","date_gmt":"2024-09-17T14:08:53","guid":{"rendered":"https:\/\/www.satine.com\/?page_id=5343"},"modified":"2024-09-24T04:16:30","modified_gmt":"2024-09-24T08:16:30","slug":"bassenger-av-mikrosement","status":"publish","type":"page","link":"https:\/\/www.satine.com\/nb\/microcement\/microcement-pools\/","title":{"rendered":"Basseng av mikrosement"},"content":{"rendered":"<h2 class=\"wp-block-heading\">Bassenger av mikrosement: Fordeler, fordeler og bruksomr\u00e5der<\/h2>\n\n\n\n<p>N\u00e5r vi snakker om sv\u00f8mmebassenger, finnes det nesten uendelig mange alternativer basert p\u00e5 design, st\u00f8rrelse og budsjett. Men ikke alle har de samme fordelene som bassengene i mikrosement, som de siste \u00e5rene har etablert seg som det fremste alternativet til tradisjonelle bassenger.<\/p>\n\n\n\n<p><a href=\"https:\/\/www.satine.com\/microcement\">Mikrosement <\/a>bassenger er p\u00e5 fremmarsj, og det er ingen overraskelse. Et materiale som kombinerer estetikk og funksjonalitet for \u00e5 tilby et dr\u00f8mmebasseng som ikke krever langvarig konstruksjon eller h\u00f8ye kostnader. Bassenger i mikrosement: hvorfor er de s\u00e5 popul\u00e6re?<\/p>\n\n\n\n<p>Microcement er et dekorativt belegg som utmerker seg i interi\u00f8rdekorasjoner og i \u00f8kende grad i utvendige rom som fasader og terrasser. Med en tykkelse p\u00e5 mellom 2 og 3 mm utmerker det seg med sin elastisitet, kontinuitet, bestandighet og evne til \u00e5 p\u00e5f\u00f8res p\u00e5 alle overflater.<\/p>\n\n\n\n<p>Disse kvalitetene er tatt til det h\u00f8yeste niv\u00e5et n\u00e5r det gjelder bassenger i mikrosement, som gradvis har erstattet konstruksjonsbassenger som betongbassenger, bassenger i rustfritt st\u00e5l, sandbassenger og bassenger med mosaikkfliser, blant andre.<\/p>\n\n\n\n<p>Hvis du vil l\u00e6re mer om bassenger av mikrosement, b\u00f8r du fortsette \u00e5 lese. N\u00e5r du f\u00f8rst har forst\u00e5tt alle fordelene med dette innovative materialet, vil du bli fascinert.<\/p>\n\n\n\n<h2 class=\"wp-block-heading\">Bassenger av mikrosement er p\u00e5 fremmarsj, og det er ingen overraskelse<\/h2>\n\n\n\n<p>Et materiale som kombinerer estetikk og funksjonalitet for \u00e5 tilby et dr\u00f8mmebasseng som ikke krever langvarig bygging eller h\u00f8ye kostnader. Bassenger i mikrosement: hvorfor er de s\u00e5 popul\u00e6re?<\/p>\n\n\n\n<p>Microcement er et dekorativt belegg som utmerker seg i interi\u00f8rdekorasjoner og i \u00f8kende grad i utvendige rom som fasader og terrasser. Med en tykkelse p\u00e5 mellom 2 og 3 mm utmerker det seg med sin elastisitet, kontinuitet, bestandighet og evne til \u00e5 p\u00e5f\u00f8res p\u00e5 alle overflater.<\/p>\n\n\n\n<p>Disse kvalitetene er tatt til det h\u00f8yeste niv\u00e5et n\u00e5r det gjelder bassenger i mikrosement, som gradvis har erstattet konstruksjonsbassenger som betongbassenger, bassenger i rustfritt st\u00e5l, sandbassenger og bassenger med mosaikkfliser, blant andre.<\/p>\n\n\n\n<p>Hvis du vil l\u00e6re mer om bassenger av mikrosement, b\u00f8r du fortsette \u00e5 lese. N\u00e5r du f\u00f8rst har forst\u00e5tt alle fordelene med dette innovative materialet, vil du bli fascinert.<\/p>\n\n\n\n<p><\/p>\n\n\n\n<h2 class=\"wp-block-heading\">Bassenger av mikrosement: Egnet for nye og gamle bassenger<\/h2>\n\n\n\n<ol class=\"wp-block-list\"><\/ol>\n\n\n\n<p>Enten du planlegger \u00e5 bygge et basseng fra bunnen av eller totalrenovere et eksisterende basseng, er mikrosement den dekorative l\u00f8sningen du trenger og kanskje ikke vet om enn\u00e5.<\/p>\n\n\n\n<p>En av de unike egenskapene til dette innovative materialet, som gj\u00f8r det til et allroundbelegg, er at det er kompatibelt med ulike materialer som betong, mosaikkfliser, terrazzo, murstein, fliser osv. Det er nok \u00e5 jevne ut og reparere underlaget om n\u00f8dvendig og p\u00e5f\u00f8re mikrosementet over det. P\u00e5 denne m\u00e5ten kan du si farvel til det gamle bassenget ditt og raskt \u00f8nske velkommen til et nytt mikrosementbasseng.<\/p>\n\n\n\n<p>P\u00e5 den annen side er det ogs\u00e5 mulig \u00e5 bygge et mikrosementbasseng fra bunnen av. I begge tilfeller blir resultatet det samme takket v\u00e6re allsidigheten: en rask forvandling av plassen, arbeidsbesparelser og spektakul\u00e6r estetikk. Et basseng verdig luksusmagasiner.<\/p>\n\n\n\n<h2 class=\"wp-block-heading\"><strong>Minimalt med rengj\u00f8ring og vedlikehold for bassenger av mikrosement<\/strong><\/h2>\n\n\n\n<ol start=\"2\" class=\"wp-block-list\"><\/ol>\n\n\n\n<p>I konvensjonelle bassengkonstruksjoner der fliser dominerer, samler det seg smuss og mugg i fugene. Microcement, uten fuger og med en kontinuerlig overflate, har ikke sm\u00e5 sprekker der smuss kan samle seg.<\/p>\n\n\n\n<p>Bassenger i mikrosement krever minimalt med vedlikehold og rengj\u00f8ring, noe som ikke finnes i andre typer bassenger. Ikke bare p\u00e5 grunn av frav\u00e6ret av fuger, men ogs\u00e5 fordi det ikke krever like krevende pleie som andre materialer.<\/p>\n\n\n\n<h2 class=\"wp-block-heading\"><strong>Ubegrenset tilpasning av bassenger i mikrosement<\/strong><\/h2>\n\n\n\n<ol start=\"4\" class=\"wp-block-list\"><\/ol>\n\n\n\n<p>Bassenger i mikrosement kan tilpasses til det fulle gjennom den valgte fargen og finishen, samt formen p\u00e5 bassenget. Rektangul\u00e6rt, halvsirkelformet, med avrundede eller mer kantete kanter, inkludert tilleggselementer som et boblebadomr\u00e5de eller en foss osv. Grensen er satt av deg<a href=\"https:\/\/www.satinestone.com\">!<\/a><\/p>\n\n\n\n<p>Ikke glem at mikrosement passer sammen med alle typer materialer, slik at det integreres i enhver stil. P\u00e5 denne m\u00e5ten kan du lage et basseng i mikrosement og samtidig dekke kronen med et annet materiale, som for eksempel tre.<\/p>\n\n\n\n<h2 class=\"wp-block-heading\"><strong>Bassenger av mikrosement: Et sp\u00f8rsm\u00e5l om holdbarhet<\/strong><\/h2>\n\n\n\n<ol start=\"5\" class=\"wp-block-list\"><\/ol>\n\n\n\n<p>Populariteten til bassenger i mikrosement har skutt i v\u00e6ret de siste \u00e5rene p\u00e5 grunn av deres misunnelsesverdige egenskaper, som for det meste er nevnt ovenfor, sammen med deres store holdbarhet.<\/p>\n\n\n\n<p>N\u00e5r du bygger et basseng, er det viktig \u00e5 velge et materiale som forhindrer de fryktede fallulykkene som dessverre blir stadig vanligere i sommersesongen.<\/p>\n\n\n\n<p>Dette problemet forsvinner n\u00e5r du p\u00e5f\u00f8rer mikrosement p\u00e5 bassengets krone og kanter, da det er et belegg som gir en sklisikker overflate. Dette er utvilsomt en av de viktigste fordelene med bassenger i mikrosement, sammen med den vanntette overflaten.<\/p>\n\n\n\n<h2 class=\"wp-block-heading\"><strong>Bassenger av mikrosement gir kontinuitet i designet<\/strong><\/h2>\n\n\n\n<ol start=\"6\" class=\"wp-block-list\"><\/ol>\n\n\n\n<p>En annen stor fordel med bassenger i mikrosement er at de ikke har skj\u00f8ter, noe som gir en ensartethet. Uten synlige skiller kan bassenget integreres perfekt med omgivelsene, noe som ikke bare skaper visuell kontinuitet, men ogs\u00e5 en f\u00f8lelse av ro og avslapping. En tilleggsfaktor som ogs\u00e5 bidrar til en f\u00f8lelse av st\u00f8rre romslighet.<\/p>\n\n\n\n<h2 class=\"wp-block-heading\">Hvor mye koster et basseng i mikrosement?<\/h2>\n\n\n\n<p>Det er mer komplisert \u00e5 bruke mikrosement p\u00e5 bassenger enn p\u00e5 andre overflater som for eksempel vegger eller gulv. Det er et produkt som krever god kunnskap, og installasjonen b\u00f8r utf\u00f8res av en sv\u00e6rt erfaren fagperson for \u00e5 sikre at prosjektet blir vellykket. Dette gj\u00f8r at kostnadene for et basseng i mikrosement potensielt kan v\u00e6re h\u00f8yere enn for et gulv eller en vegg i mikrosement.<\/p>\n\n\n\n<p>De andre faktorene som p\u00e5virker prisen p\u00e5 et mikrosementbasseng er imidlertid de samme: type mikrosement, kvadratmeter av det fremtidige bassenget, arbeidskostnader osv. Generelt koster et basseng i mikrosement mellom 80 og 120 euro per kvadratmeter.<\/p>\n\n\n\n<h2 class=\"wp-block-heading\">Hvordan lage et basseng av mikrosement?<\/h2>\n\n\n\n<p>Det f\u00f8rste trinnet f\u00f8r p\u00e5f\u00f8ring av mikrosement er \u00e5 s\u00f8rge for at underlaget er feilfritt, rent og fritt for smuss. Om n\u00f8dvendig b\u00f8r det st\u00f8vsuges for \u00e5 gj\u00f8re det perfekt. N\u00e5r dette er gjort, skal f\u00f8lgende trinn f\u00f8lges for \u00e5 lage et mikrosementbasseng:<\/p>\n\n\n\n<ol class=\"wp-block-list\">\n<li>P\u00e5f\u00f8r et lag med harpiks med en rulle (vi anbefaler v\u00e5r akryl- og vannbaserte harpiks, Acricem). La det virke i minst 30 minutter slik at overflaten t\u00f8rker.<\/li>\n\n\n\n<li>P\u00e5f\u00f8r fire str\u00f8k med spesifikk mikrosement for bassenger, da bruk av mikrosement som ikke garanterer optimal motstand kan v\u00e6re skadelig for v\u00e5re interesser. Vi anbefaler to str\u00f8k med Atlanttic Aquaciment XL, som vil fungere som basismikrosement for det fremtidige mikrosementbassenget, etterfulgt av to str\u00f8k med Atlanttic Aquaciment M (avsluttende mikrosement).<\/li>\n\n\n\n<li>Etter hvert lag med mikrosement, la det t\u00f8rke i 24 timer og puss med et sandpapir med korn 40.<\/li>\n\n\n\n<li>P\u00e5f\u00f8r to lag med en spesiell forsegler for mikrosementbassenger, for eksempel Presealer, som automatisk gj\u00f8r underlaget vanntett. La det t\u00f8rke i ca. 4 timer mellom lagene.<\/li>\n\n\n\n<li>Til slutt, og det er veldig viktig, m\u00e5 du ha en margin p\u00e5 omtrent fem dager f\u00f8r du fyller mikrosementbassenget med vann.<\/li>\n<\/ol>","protected":false},"excerpt":{"rendered":"<p>Microcement Pools: Advantages, Benefits and Uses When we talk about swimming pools, the market offers practically infinite alternatives based on design, size, and budget. However, not all offer the benefits of microcement pools, which in recent years have established themselves as the premier alternative to traditional construction pools. Microcement pools are on the rise, and [&hellip;]<\/p>\n","protected":false},"author":1,"featured_media":0,"parent":2814,"menu_order":0,"comment_status":"closed","ping_status":"closed","template":"","meta":{"footnotes":""},"class_list":["post-5343","page","type-page","status-publish","hentry"],"yoast_head":"<!-- This site is optimized with the Yoast SEO plugin v27.4 - https:\/\/yoast.com\/product\/yoast-seo-wordpress\/ -->\n<title>Microcement Pools - Satine<\/title>\n<meta name=\"description\" content=\"The advantages of microcement pools: a customizable, durable, and aesthetic solution perfect for new or renovated pools. Learn about the installation process, low maintenance benefits, and limitless design possibilities.\" \/>\n<meta name=\"robots\" content=\"index, follow, max-snippet:-1, max-image-preview:large, max-video-preview:-1\" \/>\n<link rel=\"canonical\" href=\"https:\/\/www.satine.com\/nb\/mikrosement\/bassenger-av-mikrosement\/\" \/>\n<meta property=\"og:locale\" content=\"nb_NO\" \/>\n<meta property=\"og:type\" content=\"article\" \/>\n<meta property=\"og:title\" content=\"Microcement Pools - Satine\" \/>\n<meta property=\"og:description\" content=\"The advantages of microcement pools: a customizable, durable, and aesthetic solution perfect for new or renovated pools. Learn about the installation process, low maintenance benefits, and limitless design possibilities.\" \/>\n<meta property=\"og:url\" content=\"https:\/\/www.satine.com\/nb\/mikrosement\/bassenger-av-mikrosement\/\" \/>\n<meta property=\"og:site_name\" content=\"Satine\" \/>\n<meta property=\"article:modified_time\" content=\"2024-09-24T08:16:30+00:00\" \/>\n<meta name=\"twitter:card\" content=\"summary_large_image\" \/>\n<meta name=\"twitter:label1\" content=\"Ansl. lesetid\" \/>\n\t<meta name=\"twitter:data1\" content=\"5 minutter\" \/>\n<script type=\"application\/ld+json\" class=\"yoast-schema-graph\">{\"@context\":\"https:\\\/\\\/schema.org\",\"@graph\":[{\"@type\":\"WebPage\",\"@id\":\"https:\\\/\\\/www.satine.com\\\/microcement\\\/microcement-pools\\\/\",\"url\":\"https:\\\/\\\/www.satine.com\\\/microcement\\\/microcement-pools\\\/\",\"name\":\"Microcement Pools - Satine\",\"isPartOf\":{\"@id\":\"https:\\\/\\\/www.satine.com\\\/#website\"},\"datePublished\":\"2024-09-17T14:08:53+00:00\",\"dateModified\":\"2024-09-24T08:16:30+00:00\",\"description\":\"The advantages of microcement pools: a customizable, durable, and aesthetic solution perfect for new or renovated pools. Learn about the installation process, low maintenance benefits, and limitless design possibilities.\",\"breadcrumb\":{\"@id\":\"https:\\\/\\\/www.satine.com\\\/microcement\\\/microcement-pools\\\/#breadcrumb\"},\"inLanguage\":\"nb-NO\",\"potentialAction\":[{\"@type\":\"ReadAction\",\"target\":[\"https:\\\/\\\/www.satine.com\\\/microcement\\\/microcement-pools\\\/\"]}]},{\"@type\":\"BreadcrumbList\",\"@id\":\"https:\\\/\\\/www.satine.com\\\/microcement\\\/microcement-pools\\\/#breadcrumb\",\"itemListElement\":[{\"@type\":\"ListItem\",\"position\":1,\"name\":\"Inicio\",\"item\":\"https:\\\/\\\/www.satine.com\\\/\"},{\"@type\":\"ListItem\",\"position\":2,\"name\":\"Microcement\",\"item\":\"https:\\\/\\\/www.satine.com\\\/microcement\\\/\"},{\"@type\":\"ListItem\",\"position\":3,\"name\":\"Microcement Pools\"}]},{\"@type\":\"WebSite\",\"@id\":\"https:\\\/\\\/www.satine.com\\\/#website\",\"url\":\"https:\\\/\\\/www.satine.com\\\/\",\"name\":\"Satine - Microcement\",\"description\":\"\",\"alternateName\":\"Satine - Microcement\",\"potentialAction\":[{\"@type\":\"SearchAction\",\"target\":{\"@type\":\"EntryPoint\",\"urlTemplate\":\"https:\\\/\\\/www.satine.com\\\/?s={search_term_string}\"},\"query-input\":{\"@type\":\"PropertyValueSpecification\",\"valueRequired\":true,\"valueName\":\"search_term_string\"}}],\"inLanguage\":\"nb-NO\"}]}<\/script>\n<!-- \/ Yoast SEO plugin. -->","yoast_head_json":{"title":"Basseng av mikrosement - Satine","description":"Fordelene med bassenger i mikrosement: en tilpassbar, holdbar og estetisk l\u00f8sning som er perfekt for nye eller renoverte bassenger. L\u00e6r mer om installasjonsprosessen, fordelene med lite vedlikehold og ubegrensede designmuligheter.","robots":{"index":"index","follow":"follow","max-snippet":"max-snippet:-1","max-image-preview":"max-image-preview:large","max-video-preview":"max-video-preview:-1"},"canonical":"https:\/\/www.satine.com\/nb\/mikrosement\/bassenger-av-mikrosement\/","og_locale":"nb_NO","og_type":"article","og_title":"Microcement Pools - Satine","og_description":"The advantages of microcement pools: a customizable, durable, and aesthetic solution perfect for new or renovated pools. Learn about the installation process, low maintenance benefits, and limitless design possibilities.","og_url":"https:\/\/www.satine.com\/nb\/mikrosement\/bassenger-av-mikrosement\/","og_site_name":"Satine","article_modified_time":"2024-09-24T08:16:30+00:00","twitter_card":"summary_large_image","twitter_misc":{"Ansl. lesetid":"5 minutter"},"schema":{"@context":"https:\/\/schema.org","@graph":[{"@type":"WebPage","@id":"https:\/\/www.satine.com\/microcement\/microcement-pools\/","url":"https:\/\/www.satine.com\/microcement\/microcement-pools\/","name":"Basseng av mikrosement - Satine","isPartOf":{"@id":"https:\/\/www.satine.com\/#website"},"datePublished":"2024-09-17T14:08:53+00:00","dateModified":"2024-09-24T08:16:30+00:00","description":"Fordelene med bassenger i mikrosement: en tilpassbar, holdbar og estetisk l\u00f8sning som er perfekt for nye eller renoverte bassenger. L\u00e6r mer om installasjonsprosessen, fordelene med lite vedlikehold og ubegrensede designmuligheter.","breadcrumb":{"@id":"https:\/\/www.satine.com\/microcement\/microcement-pools\/#breadcrumb"},"inLanguage":"nb-NO","potentialAction":[{"@type":"ReadAction","target":["https:\/\/www.satine.com\/microcement\/microcement-pools\/"]}]},{"@type":"BreadcrumbList","@id":"https:\/\/www.satine.com\/microcement\/microcement-pools\/#breadcrumb","itemListElement":[{"@type":"ListItem","position":1,"name":"Inicio","item":"https:\/\/www.satine.com\/"},{"@type":"ListItem","position":2,"name":"Microcement","item":"https:\/\/www.satine.com\/microcement\/"},{"@type":"ListItem","position":3,"name":"Microcement Pools"}]},{"@type":"WebSite","@id":"https:\/\/www.satine.com\/#website","url":"https:\/\/www.satine.com\/","name":"Satine - Microcement","description":"","alternateName":"Satine - Microcement","potentialAction":[{"@type":"SearchAction","target":{"@type":"EntryPoint","urlTemplate":"https:\/\/www.satine.com\/?s={search_term_string}"},"query-input":{"@type":"PropertyValueSpecification","valueRequired":true,"valueName":"search_term_string"}}],"inLanguage":"nb-NO"}]}},"_links":{"self":[{"href":"https:\/\/www.satine.com\/nb\/wp-json\/wp\/v2\/pages\/5343","targetHints":{"allow":["GET"]}}],"collection":[{"href":"https:\/\/www.satine.com\/nb\/wp-json\/wp\/v2\/pages"}],"about":[{"href":"https:\/\/www.satine.com\/nb\/wp-json\/wp\/v2\/types\/page"}],"author":[{"embeddable":true,"href":"https:\/\/www.satine.com\/nb\/wp-json\/wp\/v2\/users\/1"}],"replies":[{"embeddable":true,"href":"https:\/\/www.satine.com\/nb\/wp-json\/wp\/v2\/comments?post=5343"}],"version-history":[{"count":6,"href":"https:\/\/www.satine.com\/nb\/wp-json\/wp\/v2\/pages\/5343\/revisions"}],"predecessor-version":[{"id":5354,"href":"https:\/\/www.satine.com\/nb\/wp-json\/wp\/v2\/pages\/5343\/revisions\/5354"}],"up":[{"embeddable":true,"href":"https:\/\/www.satine.com\/nb\/wp-json\/wp\/v2\/pages\/2814"}],"wp:attachment":[{"href":"https:\/\/www.satine.com\/nb\/wp-json\/wp\/v2\/media?parent=5343"}],"curies":[{"name":"wp","href":"https:\/\/api.w.org\/{rel}","templated":true}]}}