{"id":5166,"date":"2024-09-17T04:44:44","date_gmt":"2024-09-17T08:44:44","guid":{"rendered":"https:\/\/www.satine.com\/?page_id=5166"},"modified":"2024-09-17T08:35:45","modified_gmt":"2024-09-17T12:35:45","slug":"bad-i-mikrosement","status":"publish","type":"page","link":"https:\/\/www.satine.com\/nb\/microcement\/microcement-bathrooms\/","title":{"rendered":"Baderom i mikrosement"},"content":{"rendered":"<h2 class=\"wp-block-heading\">Bad i mikrosement: Fordeler, fordeler og bruksomr\u00e5der<\/h2>\n\n\n\n<p><a href=\"https:\/\/www.satine.com\/microcement\">Mikrosement<\/a> er en trend innen interi\u00f8rdesign som har blitt popul\u00e6r de siste \u00e5rene p\u00e5 grunn av sin allsidighet, holdbarhet og moderne estetikk. Materialet, som er laget av en blanding av sement, harpiks og pigmenter, er kjent for \u00e5 v\u00e6re sv\u00e6rt motstandsdyktig og ha en s\u00f8ml\u00f8s, kontinuerlig overflate, noe som gj\u00f8r det til et utmerket alternativ for v\u00e5trom som baderom.<\/p>\n\n\n\n<h3 class=\"wp-block-heading\">Fordeler med mikrosement p\u00e5 bad:<\/h3>\n\n\n\n<ul class=\"wp-block-list\">\n<li><strong>Moderne og minimalistisk estetikk<\/strong>: Microcement gir et glatt, ensartet og moderne utseende, ideelt for dem som \u00f8nsker en minimalistisk stil. Den s\u00f8ml\u00f8se overflaten skaper en f\u00f8lelse av kontinuitet, noe som visuelt utvider rom og f\u00e5r dem til \u00e5 virke st\u00f8rre og renere.<\/li>\n\n\n\n<li><strong>En rekke farger og utf\u00f8relser<\/strong>: Selv om gr\u00e5 er den vanligste fargen, kan mikrosement pigmenteres i et bredt spekter av toner, slik at det kan tilpasses enhver dekorativ stil. Det finnes ogs\u00e5 ulike typer overflatebehandlinger: matt, sateng eller blank, noe som gir fleksibilitet i bruken.<\/li>\n\n\n\n<li><strong>Holdbarhet og motstandskraft<\/strong>: Dette materialet er sv\u00e6rt motstandsdyktig mot slitasje, st\u00f8t og fuktighet, noe som gj\u00f8r det perfekt til bruk i dusjer, vasker og baderomsvegger. Med riktig vedlikehold kan mikrosement dessuten holde seg i utmerket stand i mange \u00e5r.<\/li>\n\n\n\n<li><strong>Vanntett og lett \u00e5 rengj\u00f8re<\/strong>: Som et s\u00f8ml\u00f8st materiale er det enkelt \u00e5 rengj\u00f8re, da det ikke er noen hull der smuss eller mugg kan samle seg. Med et skikkelig tetningslag er mikrosement helt vanntett og beskytter det mot fuktighet.<\/li>\n\n\n\n<li><strong>Installasjon over eksisterende overflater<\/strong>: En av de store fordelene med mikrosement er at det kan p\u00e5f\u00f8res over fliser, keramikk eller andre overflater uten \u00e5 m\u00e5tte fjerne dem, noe som reduserer byggetiden og -kostnadene.<\/li>\n<\/ul>\n\n\n\n<div style=\"height:30px\" aria-hidden=\"true\" class=\"wp-block-spacer\"><\/div>\n\n\n\n<figure class=\"wp-block-image size-large is-resized\"><img loading=\"lazy\" decoding=\"async\" width=\"1024\" height=\"639\" src=\"https:\/\/www.satine.com\/wp-content\/uploads\/2024\/09\/Captura-de-pantalla-2024-09-17-a-las-10.47.53-1024x639.png\" alt=\"\" class=\"wp-image-5187\" style=\"aspect-ratio:16\/9;object-fit:cover;width:1600px\" srcset=\"https:\/\/www.satine.com\/wp-content\/uploads\/2024\/09\/Captura-de-pantalla-2024-09-17-a-las-10.47.53-1024x639.png 1024w, https:\/\/www.satine.com\/wp-content\/uploads\/2024\/09\/Captura-de-pantalla-2024-09-17-a-las-10.47.53-300x187.png 300w, https:\/\/www.satine.com\/wp-content\/uploads\/2024\/09\/Captura-de-pantalla-2024-09-17-a-las-10.47.53-768x479.png 768w, https:\/\/www.satine.com\/wp-content\/uploads\/2024\/09\/Captura-de-pantalla-2024-09-17-a-las-10.47.53-18x12.png 18w, https:\/\/www.satine.com\/wp-content\/uploads\/2024\/09\/Captura-de-pantalla-2024-09-17-a-las-10.47.53.png 1150w\" sizes=\"auto, (max-width: 1024px) 100vw, 1024px\" \/><\/figure>\n\n\n\n<div style=\"height:30px\" aria-hidden=\"true\" class=\"wp-block-spacer\"><\/div>\n\n\n\n<h3 class=\"wp-block-heading\">Bruksomr\u00e5der p\u00e5 badet:<\/h3>\n\n\n\n<ul class=\"wp-block-list\">\n<li><strong>Vegger og gulv<\/strong>: Takket v\u00e6re sin ugjennomtrengelighet og fuktbestandighet er mikrosement ideelt for \u00e5 dekke baderomsvegger og -gulv, og gir en kontinuerlig finish som gir en f\u00f8lelse av romslighet og modernitet.<\/li>\n\n\n\n<li><strong>Benkeplater og vasker<\/strong>: Microcement kan st\u00f8pes til enhver form, noe som gj\u00f8r det mulig \u00e5 lage spesialdesignede benkeplater eller vasker som er elegant integrert i baderomsdesignet.<a href=\"https:\/\/www.satinestone.com\">.<\/a><\/li>\n\n\n\n<li><strong>Dusjer<\/strong>: N\u00e5r mikrosement behandles med visse overflatebehandlinger, blir det sklisikkert, noe som gj\u00f8r det til et utmerket valg for dusjkar og gir en trygg, men stilig overflate.<\/li>\n<\/ul>\n\n\n\n<h3 class=\"wp-block-heading\">Pris p\u00e5 mikrosement i baderom<\/h3>\n\n\n\n<p>Den&nbsp;<strong>prisen p\u00e5 mikrosement i baderom<\/strong>&nbsp;varierer avhengig av flere n\u00f8kkelfaktorer som p\u00e5virker de totale prosjektkostnadene. Noen av de viktigste elementene \u00e5 ta hensyn til er<\/p>\n\n\n\n<ul class=\"wp-block-list\">\n<li><strong>Jobbens vanskelighetsgrad og kompleksitet<\/strong>: Hvert bad har unike egenskaper, for eksempel st\u00f8rrelse, overflatens tilstand og rommets utforming, som kan gj\u00f8re arbeidet mer eller mindre komplisert. Hvis badet krever ekstra overflatebehandling, for eksempel utjevning eller tidligere reparasjoner, kan dette \u00f8ke installasjonskostnadene.<\/li>\n\n\n\n<li><strong>Kvalitet p\u00e5 mikrosement<\/strong>: Det finnes forskjellige typer mikrosement p\u00e5 markedet, alt fra mer \u00f8konomiske alternativer til h\u00f8ykvalitetsprodukter som gir bedre ytelse n\u00e5r det gjelder motstand, holdbarhet og finish. Valget av mikrosementtype vil p\u00e5virke prisen direkte, ettersom eksklusive merker vanligvis har en h\u00f8yere pris, men gir bedre langsiktige resultater.<\/li>\n\n\n\n<li><strong>Overflater som skal dekkes<\/strong>: En annen avgj\u00f8rende faktor er hvilke omr\u00e5der p\u00e5 badet som skal dekkes med mikrosement. Det er forskjell p\u00e5 \u00e5 legge mikrosement p\u00e5 gulv eller vegger og \u00e5 lage mer personlige og komplekse elementer som et dusjkar, et badekar eller til og med en vask. Flate og store overflater, som gulv og vegger, er vanligvis raskere \u00e5 dekke, mens omr\u00e5der med kurver eller mer spesifikke detaljer, som benkeplater eller badekar, kan kreve mer tid og dermed \u00f8ke prisen.<\/li>\n<\/ul>\n\n\n\n<h3 class=\"wp-block-heading\">Erfaring og profesjonalitet<\/h3>\n\n\n\n<p>P\u00e5&nbsp;<strong>Satine<\/strong>har vi et team av&nbsp;<strong>sertifiserte applikatorer<\/strong>&nbsp;Vi har medarbeidere i alle Spanias provinser, slik at vi kan sikre at arbeidet blir utf\u00f8rt av h\u00f8yt kvalifiserte fagfolk. V\u00e5re h\u00e5ndverkere har erfaring med alle typer baderomsprosjekter i mikrosement, fra enkle gulv- og veggbelegg til mer komplekse elementer som dusjkar, badekar, benkeplater og integrerte servanter.<\/p>","protected":false},"excerpt":{"rendered":"<p>Microcement Bathrooms: Advantages, Benefits and Uses Microcement bathrooms are a trend in interior design that has gained popularity in recent years due to their versatility, durability, and modern aesthetics. This material, made from a blend of cement, resins, and pigments, is known for being highly resistant and having a seamless, continuous finish, making it an [&hellip;]<\/p>\n","protected":false},"author":1,"featured_media":0,"parent":2814,"menu_order":0,"comment_status":"closed","ping_status":"closed","template":"","meta":{"footnotes":""},"class_list":["post-5166","page","type-page","status-publish","hentry"],"yoast_head":"<!-- This site is optimized with the Yoast SEO plugin v27.4 - https:\/\/yoast.com\/product\/yoast-seo-wordpress\/ -->\n<title>Microcement Bathrooms - Satine<\/title>\n<meta name=\"description\" content=\"Discover the benefits of microcement bathrooms: modern design, durability, a variety of finishes, and easy maintenance. Perfect for walls, floors, countertops, and showers.\" \/>\n<meta name=\"robots\" content=\"index, follow, max-snippet:-1, max-image-preview:large, max-video-preview:-1\" \/>\n<link rel=\"canonical\" href=\"https:\/\/www.satine.com\/nb\/mikrosement\/bad-i-mikrosement\/\" \/>\n<meta property=\"og:locale\" content=\"nb_NO\" \/>\n<meta property=\"og:type\" content=\"article\" \/>\n<meta property=\"og:title\" content=\"Microcement Bathrooms - Satine\" \/>\n<meta property=\"og:description\" content=\"Discover the benefits of microcement bathrooms: modern design, durability, a variety of finishes, and easy maintenance. Perfect for walls, floors, countertops, and showers.\" \/>\n<meta property=\"og:url\" content=\"https:\/\/www.satine.com\/nb\/mikrosement\/bad-i-mikrosement\/\" \/>\n<meta property=\"og:site_name\" content=\"Satine\" \/>\n<meta property=\"article:modified_time\" content=\"2024-09-17T12:35:45+00:00\" \/>\n<meta property=\"og:image\" content=\"https:\/\/www.satine.com\/wp-content\/uploads\/2024\/09\/Captura-de-pantalla-2024-09-17-a-las-10.47.53-1024x639.png\" \/>\n<meta name=\"twitter:card\" content=\"summary_large_image\" \/>\n<meta name=\"twitter:label1\" content=\"Ansl. lesetid\" \/>\n\t<meta name=\"twitter:data1\" content=\"3 minutter\" \/>\n<script type=\"application\/ld+json\" class=\"yoast-schema-graph\">{\"@context\":\"https:\\\/\\\/schema.org\",\"@graph\":[{\"@type\":\"WebPage\",\"@id\":\"https:\\\/\\\/www.satine.com\\\/microcement\\\/microcement-bathrooms\\\/\",\"url\":\"https:\\\/\\\/www.satine.com\\\/microcement\\\/microcement-bathrooms\\\/\",\"name\":\"Microcement Bathrooms - Satine\",\"isPartOf\":{\"@id\":\"https:\\\/\\\/www.satine.com\\\/#website\"},\"primaryImageOfPage\":{\"@id\":\"https:\\\/\\\/www.satine.com\\\/microcement\\\/microcement-bathrooms\\\/#primaryimage\"},\"image\":{\"@id\":\"https:\\\/\\\/www.satine.com\\\/microcement\\\/microcement-bathrooms\\\/#primaryimage\"},\"thumbnailUrl\":\"https:\\\/\\\/www.satine.com\\\/wp-content\\\/uploads\\\/2024\\\/09\\\/Captura-de-pantalla-2024-09-17-a-las-10.47.53-1024x639.png\",\"datePublished\":\"2024-09-17T08:44:44+00:00\",\"dateModified\":\"2024-09-17T12:35:45+00:00\",\"description\":\"Discover the benefits of microcement bathrooms: modern design, durability, a variety of finishes, and easy maintenance. Perfect for walls, floors, countertops, and showers.\",\"breadcrumb\":{\"@id\":\"https:\\\/\\\/www.satine.com\\\/microcement\\\/microcement-bathrooms\\\/#breadcrumb\"},\"inLanguage\":\"nb-NO\",\"potentialAction\":[{\"@type\":\"ReadAction\",\"target\":[\"https:\\\/\\\/www.satine.com\\\/microcement\\\/microcement-bathrooms\\\/\"]}]},{\"@type\":\"ImageObject\",\"inLanguage\":\"nb-NO\",\"@id\":\"https:\\\/\\\/www.satine.com\\\/microcement\\\/microcement-bathrooms\\\/#primaryimage\",\"url\":\"https:\\\/\\\/www.satine.com\\\/wp-content\\\/uploads\\\/2024\\\/09\\\/Captura-de-pantalla-2024-09-17-a-las-10.47.53-1024x639.png\",\"contentUrl\":\"https:\\\/\\\/www.satine.com\\\/wp-content\\\/uploads\\\/2024\\\/09\\\/Captura-de-pantalla-2024-09-17-a-las-10.47.53-1024x639.png\"},{\"@type\":\"BreadcrumbList\",\"@id\":\"https:\\\/\\\/www.satine.com\\\/microcement\\\/microcement-bathrooms\\\/#breadcrumb\",\"itemListElement\":[{\"@type\":\"ListItem\",\"position\":1,\"name\":\"Inicio\",\"item\":\"https:\\\/\\\/www.satine.com\\\/\"},{\"@type\":\"ListItem\",\"position\":2,\"name\":\"Microcement\",\"item\":\"https:\\\/\\\/www.satine.com\\\/microcement\\\/\"},{\"@type\":\"ListItem\",\"position\":3,\"name\":\"Microcement Bathrooms\"}]},{\"@type\":\"WebSite\",\"@id\":\"https:\\\/\\\/www.satine.com\\\/#website\",\"url\":\"https:\\\/\\\/www.satine.com\\\/\",\"name\":\"Satine - Microcement\",\"description\":\"\",\"alternateName\":\"Satine - Microcement\",\"potentialAction\":[{\"@type\":\"SearchAction\",\"target\":{\"@type\":\"EntryPoint\",\"urlTemplate\":\"https:\\\/\\\/www.satine.com\\\/?s={search_term_string}\"},\"query-input\":{\"@type\":\"PropertyValueSpecification\",\"valueRequired\":true,\"valueName\":\"search_term_string\"}}],\"inLanguage\":\"nb-NO\"}]}<\/script>\n<!-- \/ Yoast SEO plugin. -->","yoast_head_json":{"title":"Baderom i mikrosement - Satine","description":"Oppdag fordelene med baderom i mikrosement: moderne design, holdbarhet, en rekke ulike overflater og enkelt vedlikehold. Perfekt for vegger, gulv, benkeplater og dusjer.","robots":{"index":"index","follow":"follow","max-snippet":"max-snippet:-1","max-image-preview":"max-image-preview:large","max-video-preview":"max-video-preview:-1"},"canonical":"https:\/\/www.satine.com\/nb\/mikrosement\/bad-i-mikrosement\/","og_locale":"nb_NO","og_type":"article","og_title":"Microcement Bathrooms - Satine","og_description":"Discover the benefits of microcement bathrooms: modern design, durability, a variety of finishes, and easy maintenance. Perfect for walls, floors, countertops, and showers.","og_url":"https:\/\/www.satine.com\/nb\/mikrosement\/bad-i-mikrosement\/","og_site_name":"Satine","article_modified_time":"2024-09-17T12:35:45+00:00","og_image":[{"url":"https:\/\/www.satine.com\/wp-content\/uploads\/2024\/09\/Captura-de-pantalla-2024-09-17-a-las-10.47.53-1024x639.png","type":"","width":"","height":""}],"twitter_card":"summary_large_image","twitter_misc":{"Ansl. lesetid":"3 minutter"},"schema":{"@context":"https:\/\/schema.org","@graph":[{"@type":"WebPage","@id":"https:\/\/www.satine.com\/microcement\/microcement-bathrooms\/","url":"https:\/\/www.satine.com\/microcement\/microcement-bathrooms\/","name":"Baderom i mikrosement - Satine","isPartOf":{"@id":"https:\/\/www.satine.com\/#website"},"primaryImageOfPage":{"@id":"https:\/\/www.satine.com\/microcement\/microcement-bathrooms\/#primaryimage"},"image":{"@id":"https:\/\/www.satine.com\/microcement\/microcement-bathrooms\/#primaryimage"},"thumbnailUrl":"https:\/\/www.satine.com\/wp-content\/uploads\/2024\/09\/Captura-de-pantalla-2024-09-17-a-las-10.47.53-1024x639.png","datePublished":"2024-09-17T08:44:44+00:00","dateModified":"2024-09-17T12:35:45+00:00","description":"Oppdag fordelene med baderom i mikrosement: moderne design, holdbarhet, en rekke ulike overflater og enkelt vedlikehold. Perfekt for vegger, gulv, benkeplater og dusjer.","breadcrumb":{"@id":"https:\/\/www.satine.com\/microcement\/microcement-bathrooms\/#breadcrumb"},"inLanguage":"nb-NO","potentialAction":[{"@type":"ReadAction","target":["https:\/\/www.satine.com\/microcement\/microcement-bathrooms\/"]}]},{"@type":"ImageObject","inLanguage":"nb-NO","@id":"https:\/\/www.satine.com\/microcement\/microcement-bathrooms\/#primaryimage","url":"https:\/\/www.satine.com\/wp-content\/uploads\/2024\/09\/Captura-de-pantalla-2024-09-17-a-las-10.47.53-1024x639.png","contentUrl":"https:\/\/www.satine.com\/wp-content\/uploads\/2024\/09\/Captura-de-pantalla-2024-09-17-a-las-10.47.53-1024x639.png"},{"@type":"BreadcrumbList","@id":"https:\/\/www.satine.com\/microcement\/microcement-bathrooms\/#breadcrumb","itemListElement":[{"@type":"ListItem","position":1,"name":"Inicio","item":"https:\/\/www.satine.com\/"},{"@type":"ListItem","position":2,"name":"Microcement","item":"https:\/\/www.satine.com\/microcement\/"},{"@type":"ListItem","position":3,"name":"Microcement Bathrooms"}]},{"@type":"WebSite","@id":"https:\/\/www.satine.com\/#website","url":"https:\/\/www.satine.com\/","name":"Satine - Microcement","description":"","alternateName":"Satine - Microcement","potentialAction":[{"@type":"SearchAction","target":{"@type":"EntryPoint","urlTemplate":"https:\/\/www.satine.com\/?s={search_term_string}"},"query-input":{"@type":"PropertyValueSpecification","valueRequired":true,"valueName":"search_term_string"}}],"inLanguage":"nb-NO"}]}},"_links":{"self":[{"href":"https:\/\/www.satine.com\/nb\/wp-json\/wp\/v2\/pages\/5166","targetHints":{"allow":["GET"]}}],"collection":[{"href":"https:\/\/www.satine.com\/nb\/wp-json\/wp\/v2\/pages"}],"about":[{"href":"https:\/\/www.satine.com\/nb\/wp-json\/wp\/v2\/types\/page"}],"author":[{"embeddable":true,"href":"https:\/\/www.satine.com\/nb\/wp-json\/wp\/v2\/users\/1"}],"replies":[{"embeddable":true,"href":"https:\/\/www.satine.com\/nb\/wp-json\/wp\/v2\/comments?post=5166"}],"version-history":[{"count":5,"href":"https:\/\/www.satine.com\/nb\/wp-json\/wp\/v2\/pages\/5166\/revisions"}],"predecessor-version":[{"id":5196,"href":"https:\/\/www.satine.com\/nb\/wp-json\/wp\/v2\/pages\/5166\/revisions\/5196"}],"up":[{"embeddable":true,"href":"https:\/\/www.satine.com\/nb\/wp-json\/wp\/v2\/pages\/2814"}],"wp:attachment":[{"href":"https:\/\/www.satine.com\/nb\/wp-json\/wp\/v2\/media?parent=5166"}],"curies":[{"name":"wp","href":"https:\/\/api.w.org\/{rel}","templated":true}]}}