{"id":4647,"date":"2024-09-09T04:56:42","date_gmt":"2024-09-09T09:56:42","guid":{"rendered":"https:\/\/www.satine.com\/?page_id=4647"},"modified":"2024-09-17T08:36:41","modified_gmt":"2024-09-17T12:36:41","slug":"hva-er-mikrosement","status":"publish","type":"page","link":"https:\/\/www.satine.com\/nb\/microcement\/what-is-microcement\/","title":{"rendered":"Hva er mikrosement?"},"content":{"rendered":"<h2 class=\"wp-block-heading\"><strong>Hva er mikrosement? Bruksomr\u00e5der, typer, anvendelse og fordeler<\/strong><\/h2>\n\n\n\n<p><strong>Satine <a href=\"https:\/\/www.satine.com\/microcement\/https:\/\/www.satine.com\/microcement\">mikrosement<\/a><\/strong> er et dekorativt belegg laget av sement, vannbaserte harpikser, tilsetningsstoffer, pigmenter og et snev av Satines magiske essens. Takket v\u00e6re den utmerkede vedheftsevnen kan det p\u00e5f\u00f8res en lang rekke vertikale og horisontale overflater. Materialet skiller seg ut fordi det kan p\u00e5f\u00f8res direkte p\u00e5 alle eksisterende overflater: fliser, gipsplater, keramikk, marmor, terrazzo, stein, metall, glass eller gips, blant mange andre. Med en minimal tykkelse p\u00e5 bare 3 millimeter renoverer det rom raskt uten \u00e5 skape st\u00f8v eller rusk.<\/p>\n\n\n\n<p>Det er et naturlig, innovativt og kontinuerlig belegg som er ideelt for b\u00e5de utvendige og innvendige rom, ettersom Satine-materialet garanterer UV-beskyttelse og antiretraksjonsegenskaper. Det kan brukes p\u00e5 gulv, vegger, trapper, tak, sv\u00f8mmebassenger og til og med m\u00f8bler. Materialets allsidighet har f\u00f8rt til at det i \u00f8kende grad brukes til renovering av boliger og kommersielle omr\u00e5der som idrettshaller, industribygg, hoteller og restauranter.<\/p>\n\n\n\n<p>Satine tilbyr et bredt spekter av dekorative muligheter og overflater, der det bare er fantasien som setter grenser. Det gir rom en unik og personlig karakter takket v\u00e6re de forskjellige teksturene og den uendelige variasjonen av mikrosementfarger og overflater som lakkene og metallbeleggene v\u00e5re tillater.<\/p>\n\n\n\n<p>Si farvel til kompliserte renoveringer. Med Satine microcement er alle kombinasjoner og stilarter mulig. Vi engasjerer oss fullt ut i prosjektene dine.<\/p>\n\n\n\n<div style=\"height:20px\" aria-hidden=\"true\" class=\"wp-block-spacer\"><\/div>\n\n\n\n<figure class=\"wp-block-image size-large is-resized\"><img loading=\"lazy\" decoding=\"async\" width=\"1024\" height=\"1024\" src=\"https:\/\/www.satine.com\/wp-content\/uploads\/2024\/09\/1c2d3913-e066-4cee-9c2c-622e375fa96c._CR194881229532952_SX1280_-1-1024x1024.jpg\" alt=\"\" class=\"wp-image-4703\" style=\"object-fit:cover;width:1600px;height:700px\" srcset=\"https:\/\/www.satine.com\/wp-content\/uploads\/2024\/09\/1c2d3913-e066-4cee-9c2c-622e375fa96c._CR194881229532952_SX1280_-1-1024x1024.jpg 1024w, https:\/\/www.satine.com\/wp-content\/uploads\/2024\/09\/1c2d3913-e066-4cee-9c2c-622e375fa96c._CR194881229532952_SX1280_-1-300x300.jpg 300w, https:\/\/www.satine.com\/wp-content\/uploads\/2024\/09\/1c2d3913-e066-4cee-9c2c-622e375fa96c._CR194881229532952_SX1280_-1-150x150.jpg 150w, https:\/\/www.satine.com\/wp-content\/uploads\/2024\/09\/1c2d3913-e066-4cee-9c2c-622e375fa96c._CR194881229532952_SX1280_-1-768x768.jpg 768w, https:\/\/www.satine.com\/wp-content\/uploads\/2024\/09\/1c2d3913-e066-4cee-9c2c-622e375fa96c._CR194881229532952_SX1280_-1-12x12.jpg 12w, https:\/\/www.satine.com\/wp-content\/uploads\/2024\/09\/1c2d3913-e066-4cee-9c2c-622e375fa96c._CR194881229532952_SX1280_-1.jpg 1280w\" sizes=\"auto, (max-width: 1024px) 100vw, 1024px\" \/><\/figure>\n\n\n\n<div style=\"height:30px\" aria-hidden=\"true\" class=\"wp-block-spacer\"><\/div>\n\n\n\n<h2 class=\"wp-block-heading\"><strong>Hvor kan mikrosement brukes?<\/strong><\/h2>\n\n\n\n<p>De dekorative l\u00f8sningene som tilbys av <a href=\"https:\/\/www.satinestone.com\">Satine<\/a> mikrosement er endel\u00f8se. Det er derfor bruksomr\u00e5dene er s\u00e5 varierte. Fra trapper, bassenger og m\u00f8belbelegg til bad, kj\u00f8kken, fasader, gulv, garasjer, kjellere, terrasser...<\/p>\n\n\n\n<p>Uansett hvilken overflate som skal belegges med mikrosement, er vi i Satine opptatt av det endelige resultatet. Derfor har vi funnet en balanse mellom hardhet og fleksibilitet i v\u00e5r streben etter \u00e5 skape et optimalt, allsidig produkt av h\u00f8y kvalitet som varer over tid og tilpasser seg markedets behov.<\/p>\n\n\n\n<p>Hva inneb\u00e6rer dette? Mikrosementen v\u00e5r kan dekke alle overflater, uansett st\u00f8rrelse, og skape et sammenhengende gulv uten skj\u00f8ter eller sprekker. P\u00e5 denne m\u00e5ten unng\u00e5r vi omr\u00e5der med smuss, noe som gj\u00f8r rengj\u00f8ring og desinfeksjon enklere og bidrar til bakteriefrie rom.<\/p>\n\n\n\n<p>Dessuten garanterer v\u00e5re mikrosementer h\u00f8y motstandskraft i omr\u00e5der som er mest utsatt for trafikk, samt mot de mest aggressive rengj\u00f8ringsproduktene. Derfor er det stor ettersp\u00f8rsel etter mikrosement p\u00e5 kj\u00f8kken og bad.<\/p>\n\n\n\n<div style=\"height:20px\" aria-hidden=\"true\" class=\"wp-block-spacer\"><\/div>\n\n\n\n<h2 class=\"wp-block-heading\"><strong>Omr\u00e5der med mikrosement<\/strong><\/h2>\n\n\n\n<p><strong>Vegger:<\/strong> Anbefales til alle typer vegger og fasader p\u00e5 grunn av dens pusteevne. I galleriet v\u00e5rt finner du forskjellige Satine mikrosementvegger for inspirasjon. For mer informasjon om mikrosement for vegger, les v\u00e5r artikkel.<\/p>\n\n\n\n<p><strong> Gulv:<\/strong> Gulvene er ikke bare visuelt tiltalende, men har ogs\u00e5 interessante egenskaper som ugjennomtrengelighet, motstand mot kompresjon, b\u00f8ying og riper. Utforsk galleriet v\u00e5rt for \u00e5 oppdage alle mikrosementgulvene som kan lages med Satine. Kontakt oss for mer informasjon.<\/p>\n\n\n\n<p><strong>Badene:<\/strong> Er et ideelt dekorativt belegg for renovering av baderom, spesielt p\u00e5 grunn av sin motstand mot fuktighet, anti-mugg, anti-kondens egenskaper og enkel rengj\u00f8ring. Se alle de mulige baderommene i mikrosement med Satine-mikrosement i galleriet v\u00e5rt, eller les v\u00e5r artikkel om baderom i mikrosement.<\/p>\n\n\n\n<p><strong> Kj\u00f8kkenet:<\/strong> Kan brukes p\u00e5 mange m\u00e5ter p\u00e5 kj\u00f8kkenet. Gulv, vegger, tak, vasker og benkeplater kan alle belegges i nesten alle farger du kan tenke deg. Satine Microcement-kj\u00f8kken i alle stiler og st\u00f8rrelser. Vi inviterer deg til \u00e5 se dem i v\u00e5r bloggartikkel om kj\u00f8kken i mikrosement.<\/p>\n\n\n\n<p><strong>Trapper:<\/strong> Allsidigheten til Satine-mikrosement gj\u00f8r det mulig \u00e5 bruke det selv i trapper, ettersom motstanden sikrer at kantene ikke sprekker opp. Med Satine mikrosement kan du designe spektakul\u00e6re trapper i mikrosement. Oppdag dem i v\u00e5rt innlegg om trapper i mikrosement.<\/p>\n\n\n\n<p><strong> Basseng:<\/strong> Belegg med Satine mikrosement er en garantert suksess, b\u00e5de p\u00e5 innsiden av bassenget og p\u00e5 kanten og omr\u00e5det rundt. V\u00e5re bassengbelegg er sklisikre, vanntette og kondenshemmende, og har en utmerket UV-bestandighet, noe som gj\u00f8r dem ideelle til \u00e5 belegge b\u00e5de innend\u00f8rs- og utend\u00f8rsbassenger, uansett om de er fersk- eller saltvannsbassenger. I bloggen v\u00e5r finner du alt du trenger \u00e5 vite og fordelene.<\/p>\n\n\n\n<p><strong>Utvendig:<\/strong> P\u00e5 grunn av sin pusteevne er Satine microcement ogs\u00e5 et utmerket belegg for utend\u00f8rs overflater som terrassegulv, uteplasser eller bygningsfasader og -vegger. Bes\u00f8k galleriet v\u00e5rt eller les innlegget v\u00e5rt for \u00e5 oppdage alle mulighetene for \u00e5 bruke Satine mikrosement utend\u00f8rs.<\/p>\n\n\n\n<p>N\u00e5 som du vet hvor det kan brukes, er det p\u00e5 tide \u00e5 l\u00e6re hvordan du gj\u00f8r det. Hvis du \u00f8nsker \u00e5 l\u00e6re p\u00e5f\u00f8ring og etterbehandlingsteknikker, kan du kontakte oss og be om Satine-oppl\u00e6ring<a href=\"https:\/\/www.satinestone.com\">.<\/a><\/p>\n\n\n\n<div style=\"height:20px\" aria-hidden=\"true\" class=\"wp-block-spacer\"><\/div>\n\n\n\n<h2 class=\"wp-block-heading\"><strong><a href=\"https:\/\/www.satine.com\/advantages-of-microcement\">Fordeler med mikrosement<\/a><\/strong><\/h2>\n\n\n\n<ul class=\"wp-block-list\">\n<li>Flere dekorative utf\u00f8relser.<\/li>\n\n\n\n<li>Endel\u00f8se teksturer.<\/li>\n\n\n\n<li>Enkel rengj\u00f8ring.<\/li>\n\n\n\n<li>Fugefrie overflater.<\/li>\n\n\n\n<li>Kontinuerlig overflate.<\/li>\n\n\n\n<li>UV-bestandighet.<\/li>\n\n\n\n<li>Anti-retraksjon.<\/li>\n\n\n\n<li>Naturlige overflater.<\/li>\n\n\n\n<li>H\u00f8y motstandskraft mot st\u00f8t og kompresjon.<\/li>\n\n\n\n<li>Eksepsjonell motstandsdyktighet mot riper.<\/li>\n\n\n\n<li>Puster godt.<\/li>\n\n\n\n<li>Vanntett.<\/li>\n\n\n\n<li>Antibakteriell.<\/li>\n\n\n\n<li>Anti-kondensasjon.<\/li>\n\n\n\n<li>Egnet for alle underlag, spesielt over gulvvarme.<\/li>\n\n\n\n<li>Kan brukes p\u00e5 gulv, vegger, tak, bassenger og m\u00f8bler. B\u00e5de innend\u00f8rs og utend\u00f8rs.<\/li>\n\n\n\n<li>Uendelig utvalg av farger og teksturer i Satine mikrosement.<\/li>\n\n\n\n<li>H\u00e5ndlaget applikasjon. Eksklusivt og personlig resultat.<\/li>\n\n\n\n<li>H\u00f8y vedheft. Kompatibel med fliser, marmor, keramikk, terrazzo, gipsplater, betong, sement, gips, metalloverflater, glass osv.<\/li>\n\n\n\n<li>Motstandsdyktig mot trafikk, st\u00f8t, riper og kjemiske produkter.<\/li>\n\n\n\n<li>Sklisikker, avhengig av overflatebehandlingen.<\/li>\n\n\n\n<li>Rask installasjon og ingen rusk.<\/li>\n\n\n\n<li>Systemtykkelse p\u00e5 2\/3 mm, slik at det ikke p\u00e5virker bygningens strukturelle belastning.<\/li>\n\n\n\n<li>Naturlige materialer. 100% milj\u00f8vennlig produkt.<\/li>\n<\/ul>","protected":false},"excerpt":{"rendered":"<p>What is Microcement? Uses, Types, Application, and Advantages Satine microcement is a decorative coating made from cement, water-based resins, additives, pigments, and a touch of Satine\u2019s magic essence. It can be applied to a wide variety of vertical and horizontal surfaces thanks to its excellent adhesion. The material stands out because it is applied directly [&hellip;]<\/p>\n","protected":false},"author":1,"featured_media":0,"parent":2814,"menu_order":0,"comment_status":"closed","ping_status":"closed","template":"","meta":{"footnotes":""},"class_list":["post-4647","page","type-page","status-publish","hentry"],"yoast_head":"<!-- This site is optimized with the Yoast SEO plugin v27.4 - https:\/\/yoast.com\/product\/yoast-seo-wordpress\/ -->\n<title>What is Microcement? Uses, types, application and advantages<\/title>\n<meta name=\"description\" content=\"Satine microcement is a decorative coating made of cement, water-based resins, additives, and mineral pigments that can be applied to a multitude of vertical and horizontal surfaces thanks to its great adhesion.\" \/>\n<meta name=\"robots\" content=\"index, follow, max-snippet:-1, max-image-preview:large, max-video-preview:-1\" \/>\n<link rel=\"canonical\" href=\"https:\/\/www.satine.com\/nb\/mikrosement\/hva-er-mikrosement\/\" \/>\n<meta property=\"og:locale\" content=\"nb_NO\" \/>\n<meta property=\"og:type\" content=\"article\" \/>\n<meta property=\"og:title\" content=\"What is Microcement? Uses, types, application and advantages\" \/>\n<meta property=\"og:description\" content=\"Satine microcement is a decorative coating made of cement, water-based resins, additives, and mineral pigments that can be applied to a multitude of vertical and horizontal surfaces thanks to its great adhesion.\" \/>\n<meta property=\"og:url\" content=\"https:\/\/www.satine.com\/nb\/mikrosement\/hva-er-mikrosement\/\" \/>\n<meta property=\"og:site_name\" content=\"Satine\" \/>\n<meta property=\"article:modified_time\" content=\"2024-09-17T12:36:41+00:00\" \/>\n<meta property=\"og:image\" content=\"https:\/\/www.satine.com\/wp-content\/uploads\/2024\/09\/1c2d3913-e066-4cee-9c2c-622e375fa96c._CR194881229532952_SX1280_-1-1024x1024.jpg\" \/>\n<meta name=\"twitter:card\" content=\"summary_large_image\" \/>\n<meta name=\"twitter:label1\" content=\"Ansl. lesetid\" \/>\n\t<meta name=\"twitter:data1\" content=\"4 minutter\" \/>\n<script type=\"application\/ld+json\" class=\"yoast-schema-graph\">{\"@context\":\"https:\\\/\\\/schema.org\",\"@graph\":[{\"@type\":\"WebPage\",\"@id\":\"https:\\\/\\\/www.satine.com\\\/microcement\\\/what-is-microcement\\\/\",\"url\":\"https:\\\/\\\/www.satine.com\\\/microcement\\\/what-is-microcement\\\/\",\"name\":\"What is Microcement? Uses, types, application and advantages\",\"isPartOf\":{\"@id\":\"https:\\\/\\\/www.satine.com\\\/#website\"},\"primaryImageOfPage\":{\"@id\":\"https:\\\/\\\/www.satine.com\\\/microcement\\\/what-is-microcement\\\/#primaryimage\"},\"image\":{\"@id\":\"https:\\\/\\\/www.satine.com\\\/microcement\\\/what-is-microcement\\\/#primaryimage\"},\"thumbnailUrl\":\"https:\\\/\\\/www.satine.com\\\/wp-content\\\/uploads\\\/2024\\\/09\\\/1c2d3913-e066-4cee-9c2c-622e375fa96c._CR194881229532952_SX1280_-1-1024x1024.jpg\",\"datePublished\":\"2024-09-09T09:56:42+00:00\",\"dateModified\":\"2024-09-17T12:36:41+00:00\",\"description\":\"Satine microcement is a decorative coating made of cement, water-based resins, additives, and mineral pigments that can be applied to a multitude of vertical and horizontal surfaces thanks to its great adhesion.\",\"breadcrumb\":{\"@id\":\"https:\\\/\\\/www.satine.com\\\/microcement\\\/what-is-microcement\\\/#breadcrumb\"},\"inLanguage\":\"nb-NO\",\"potentialAction\":[{\"@type\":\"ReadAction\",\"target\":[\"https:\\\/\\\/www.satine.com\\\/microcement\\\/what-is-microcement\\\/\"]}]},{\"@type\":\"ImageObject\",\"inLanguage\":\"nb-NO\",\"@id\":\"https:\\\/\\\/www.satine.com\\\/microcement\\\/what-is-microcement\\\/#primaryimage\",\"url\":\"https:\\\/\\\/www.satine.com\\\/wp-content\\\/uploads\\\/2024\\\/09\\\/1c2d3913-e066-4cee-9c2c-622e375fa96c._CR194881229532952_SX1280_-1-1024x1024.jpg\",\"contentUrl\":\"https:\\\/\\\/www.satine.com\\\/wp-content\\\/uploads\\\/2024\\\/09\\\/1c2d3913-e066-4cee-9c2c-622e375fa96c._CR194881229532952_SX1280_-1-1024x1024.jpg\"},{\"@type\":\"BreadcrumbList\",\"@id\":\"https:\\\/\\\/www.satine.com\\\/microcement\\\/what-is-microcement\\\/#breadcrumb\",\"itemListElement\":[{\"@type\":\"ListItem\",\"position\":1,\"name\":\"Inicio\",\"item\":\"https:\\\/\\\/www.satine.com\\\/\"},{\"@type\":\"ListItem\",\"position\":2,\"name\":\"Microcement\",\"item\":\"https:\\\/\\\/www.satine.com\\\/microcement\\\/\"},{\"@type\":\"ListItem\",\"position\":3,\"name\":\"What is Microcement?\"}]},{\"@type\":\"WebSite\",\"@id\":\"https:\\\/\\\/www.satine.com\\\/#website\",\"url\":\"https:\\\/\\\/www.satine.com\\\/\",\"name\":\"Satine - Microcement\",\"description\":\"\",\"alternateName\":\"Satine - Microcement\",\"potentialAction\":[{\"@type\":\"SearchAction\",\"target\":{\"@type\":\"EntryPoint\",\"urlTemplate\":\"https:\\\/\\\/www.satine.com\\\/?s={search_term_string}\"},\"query-input\":{\"@type\":\"PropertyValueSpecification\",\"valueRequired\":true,\"valueName\":\"search_term_string\"}}],\"inLanguage\":\"nb-NO\"}]}<\/script>\n<!-- \/ Yoast SEO plugin. -->","yoast_head_json":{"title":"Hva er mikrosement? Bruksomr\u00e5der, typer, anvendelse og fordeler","description":"Satine microcement er et dekorativt belegg laget av sement, vannbaserte harpikser, tilsetningsstoffer og mineralpigmenter som kan brukes p\u00e5 en rekke vertikale og horisontale overflater takket v\u00e6re den gode vedheftsevnen.","robots":{"index":"index","follow":"follow","max-snippet":"max-snippet:-1","max-image-preview":"max-image-preview:large","max-video-preview":"max-video-preview:-1"},"canonical":"https:\/\/www.satine.com\/nb\/mikrosement\/hva-er-mikrosement\/","og_locale":"nb_NO","og_type":"article","og_title":"What is Microcement? Uses, types, application and advantages","og_description":"Satine microcement is a decorative coating made of cement, water-based resins, additives, and mineral pigments that can be applied to a multitude of vertical and horizontal surfaces thanks to its great adhesion.","og_url":"https:\/\/www.satine.com\/nb\/mikrosement\/hva-er-mikrosement\/","og_site_name":"Satine","article_modified_time":"2024-09-17T12:36:41+00:00","og_image":[{"url":"https:\/\/www.satine.com\/wp-content\/uploads\/2024\/09\/1c2d3913-e066-4cee-9c2c-622e375fa96c._CR194881229532952_SX1280_-1-1024x1024.jpg","type":"","width":"","height":""}],"twitter_card":"summary_large_image","twitter_misc":{"Ansl. lesetid":"4 minutter"},"schema":{"@context":"https:\/\/schema.org","@graph":[{"@type":"WebPage","@id":"https:\/\/www.satine.com\/microcement\/what-is-microcement\/","url":"https:\/\/www.satine.com\/microcement\/what-is-microcement\/","name":"Hva er mikrosement? Bruksomr\u00e5der, typer, anvendelse og fordeler","isPartOf":{"@id":"https:\/\/www.satine.com\/#website"},"primaryImageOfPage":{"@id":"https:\/\/www.satine.com\/microcement\/what-is-microcement\/#primaryimage"},"image":{"@id":"https:\/\/www.satine.com\/microcement\/what-is-microcement\/#primaryimage"},"thumbnailUrl":"https:\/\/www.satine.com\/wp-content\/uploads\/2024\/09\/1c2d3913-e066-4cee-9c2c-622e375fa96c._CR194881229532952_SX1280_-1-1024x1024.jpg","datePublished":"2024-09-09T09:56:42+00:00","dateModified":"2024-09-17T12:36:41+00:00","description":"Satine microcement er et dekorativt belegg laget av sement, vannbaserte harpikser, tilsetningsstoffer og mineralpigmenter som kan brukes p\u00e5 en rekke vertikale og horisontale overflater takket v\u00e6re den gode vedheftsevnen.","breadcrumb":{"@id":"https:\/\/www.satine.com\/microcement\/what-is-microcement\/#breadcrumb"},"inLanguage":"nb-NO","potentialAction":[{"@type":"ReadAction","target":["https:\/\/www.satine.com\/microcement\/what-is-microcement\/"]}]},{"@type":"ImageObject","inLanguage":"nb-NO","@id":"https:\/\/www.satine.com\/microcement\/what-is-microcement\/#primaryimage","url":"https:\/\/www.satine.com\/wp-content\/uploads\/2024\/09\/1c2d3913-e066-4cee-9c2c-622e375fa96c._CR194881229532952_SX1280_-1-1024x1024.jpg","contentUrl":"https:\/\/www.satine.com\/wp-content\/uploads\/2024\/09\/1c2d3913-e066-4cee-9c2c-622e375fa96c._CR194881229532952_SX1280_-1-1024x1024.jpg"},{"@type":"BreadcrumbList","@id":"https:\/\/www.satine.com\/microcement\/what-is-microcement\/#breadcrumb","itemListElement":[{"@type":"ListItem","position":1,"name":"Inicio","item":"https:\/\/www.satine.com\/"},{"@type":"ListItem","position":2,"name":"Microcement","item":"https:\/\/www.satine.com\/microcement\/"},{"@type":"ListItem","position":3,"name":"What is Microcement?"}]},{"@type":"WebSite","@id":"https:\/\/www.satine.com\/#website","url":"https:\/\/www.satine.com\/","name":"Satine - Microcement","description":"","alternateName":"Satine - Microcement","potentialAction":[{"@type":"SearchAction","target":{"@type":"EntryPoint","urlTemplate":"https:\/\/www.satine.com\/?s={search_term_string}"},"query-input":{"@type":"PropertyValueSpecification","valueRequired":true,"valueName":"search_term_string"}}],"inLanguage":"nb-NO"}]}},"_links":{"self":[{"href":"https:\/\/www.satine.com\/nb\/wp-json\/wp\/v2\/pages\/4647","targetHints":{"allow":["GET"]}}],"collection":[{"href":"https:\/\/www.satine.com\/nb\/wp-json\/wp\/v2\/pages"}],"about":[{"href":"https:\/\/www.satine.com\/nb\/wp-json\/wp\/v2\/types\/page"}],"author":[{"embeddable":true,"href":"https:\/\/www.satine.com\/nb\/wp-json\/wp\/v2\/users\/1"}],"replies":[{"embeddable":true,"href":"https:\/\/www.satine.com\/nb\/wp-json\/wp\/v2\/comments?post=4647"}],"version-history":[{"count":23,"href":"https:\/\/www.satine.com\/nb\/wp-json\/wp\/v2\/pages\/4647\/revisions"}],"predecessor-version":[{"id":5092,"href":"https:\/\/www.satine.com\/nb\/wp-json\/wp\/v2\/pages\/4647\/revisions\/5092"}],"up":[{"embeddable":true,"href":"https:\/\/www.satine.com\/nb\/wp-json\/wp\/v2\/pages\/2814"}],"wp:attachment":[{"href":"https:\/\/www.satine.com\/nb\/wp-json\/wp\/v2\/media?parent=4647"}],"curies":[{"name":"wp","href":"https:\/\/api.w.org\/{rel}","templated":true}]}}