{"id":4331,"date":"2024-07-18T06:03:11","date_gmt":"2024-07-18T11:03:11","guid":{"rendered":"https:\/\/www.satine.com\/?page_id=4331"},"modified":"2024-10-18T06:40:06","modified_gmt":"2024-10-18T10:40:06","slug":"faq","status":"publish","type":"page","link":"https:\/\/www.satine.com\/nb\/faq\/","title":{"rendered":"FAQ"},"content":{"rendered":"<h2 class=\"wp-block-heading\">Alt du trenger \u00e5 vite om Satine Microcement: Bruksomr\u00e5der, typer, p\u00e5f\u00f8ring og fordeler<\/h2>\n\n\n\n<div style=\"height:25px\" aria-hidden=\"true\" class=\"wp-block-spacer\"><\/div>\n\n\n\n<p><strong>Satine <a href=\"https:\/\/www.satine.com\/microcement\">Mikrosement<\/a><\/strong> er et allsidig dekorativt belegg som best\u00e5r av sement, vannbaserte harpikser, tilsetningsstoffer og mineralpigmenter. Materialet er kjent for sin utmerkede vedheft, noe som gj\u00f8r det mulig \u00e5 p\u00e5f\u00f8re det p\u00e5 en rekke ulike overflater, b\u00e5de vertikale og horisontale. En av de st\u00f8rste fordelene er at det kan legges direkte over eksisterende materialer som fliser, gips, marmor, terrazzo eller gips, noe som muliggj\u00f8r rask renovering uten behov for st\u00f8rre byggearbeider, med en minimumstykkelse p\u00e5 bare 3 millimeter.<\/p>\n\n\n\n<div style=\"height:25px\" aria-hidden=\"true\" class=\"wp-block-spacer\"><\/div>\n\n\n\n<h2 class=\"wp-block-heading\">Fordelene med Satine Microcement<\/h2>\n\n\n\n<ul class=\"wp-block-list\">\n<li><strong>Flere dekorative overflater<\/strong>: Satine Microcement tilbyr et bredt spekter av farger og teksturer (grov, medium eller fin) som gj\u00f8r at du kan tilpasse ethvert rom i henhold til din stil og dine preferanser. Enten du \u00f8nsker en glatt, elegant finish eller et rustikt utseende med struktur, kan du oppn\u00e5 det med dette produktet.<\/li>\n\n\n\n<li><strong>S\u00f8ml\u00f8s overflate<\/strong>: En av de fremtredende egenskapene til mikrosement er dens evne til \u00e5 skape en kontinuerlig overflate uten fuger eller sprekker. Dette forbedrer ikke bare det estetiske uttrykket, men forhindrer ogs\u00e5 ansamling av skitt og smuss i omr\u00e5der som er vanskelige \u00e5 rengj\u00f8re, noe som gj\u00f8r vedlikeholdet enklere.<\/li>\n\n\n\n<li><strong>Kan brukes p\u00e5 ulike overflater<\/strong>: Satine Microcement kan brukes p\u00e5 et imponerende utvalg av overflater, inkludert gulv, vegger, tak, bassenger og m\u00f8bler. Allsidigheten gj\u00f8r den egnet for b\u00e5de innend\u00f8rs og utend\u00f8rs bruk, noe som gir et ensartet utseende p\u00e5 hele eiendommen.<\/li>\n\n\n\n<li><strong>H\u00f8y vedheft<\/strong>: Dette produktet har h\u00f8y vedheftsevne, noe som gj\u00f8r det kompatibelt med en rekke materialer som fliser, marmor, keramikk, terrazzo, gips, betong og puss. Dette muliggj\u00f8r s\u00f8ml\u00f8s p\u00e5f\u00f8ring over eksisterende overflater uten behov for fjerning.<\/li>\n\n\n\n<li><strong>Holdbar<\/strong>: Satine Microcement er sv\u00e6rt motstandsdyktig mot fottrafikk, st\u00f8t, riper og kjemikalier. Denne holdbarheten sikrer at overflatene forblir uber\u00f8rte og intakte selv i omr\u00e5der med mye trafikk eller i rom som er utsatt for t\u00f8ffe forhold.<\/li>\n\n\n\n<li><strong>Vanntett og sklisikker<\/strong>: Den vanntette naturen gj\u00f8r den ideell for v\u00e5te omr\u00e5der som bad og kj\u00f8kken. I tillegg kan det, n\u00e5r det p\u00e5f\u00f8res spesifikke overflater, gi sklisikre egenskaper, noe som forbedrer sikkerheten i disse omr\u00e5dene.<\/li>\n\n\n\n<li><strong>Rask og ren renovering<\/strong>: P\u00e5f\u00f8ring av mikrosement er en enkel prosess som resulterer i minimale forstyrrelser. Det gj\u00f8r det mulig \u00e5 renovere raskt og rent uten det rotet og rusket som vanligvis forbindes med tradisjonelle byggemetoder.<\/li>\n\n\n\n<li><strong>Minimal tykkelse<\/strong>: Med en tykkelse p\u00e5 bare 2-3 mm \u00f8ker Satine Microcement ikke den strukturelle belastningen p\u00e5 bygningen i vesentlig grad. Dette gj\u00f8r det til et utmerket valg for oppussing av eksisterende strukturer uten at det g\u00e5r p\u00e5 bekostning av deres integritet.<\/li>\n\n\n\n<li><strong>Milj\u00f8vennlig<\/strong>: Satine Microcement best\u00e5r av naturlige materialer og er et milj\u00f8vennlig alternativ. Det er fritt for skadelige kjemikalier og st\u00f8tter b\u00e6rekraftig byggepraksis.<\/li>\n\n\n\n<li><strong>Enkelt vedlikehold<\/strong>: Det er enkelt \u00e5 vedlikeholde en overflate av mikrosement. Regelmessig rengj\u00f8ring med vann og en pH-n\u00f8ytral s\u00e5pe holder den som ny. Den s\u00f8ml\u00f8se overflaten gj\u00f8r ogs\u00e5 at det er f\u00e6rre omr\u00e5der der bakterier og mugg kan vokse.<\/li>\n\n\n\n<li><strong>Hygienisk<\/strong>: Den kontinuerlige overflaten av mikrosement bidrar til \u00e5 skape rom som er fri for bakterier og bakterier, noe som fremmer et sunnere bomilj\u00f8.<\/li>\n<\/ul>\n\n\n\n<div style=\"height:120px\" aria-hidden=\"true\" class=\"wp-block-spacer\"><\/div>\n\n\n\n<figure class=\"wp-block-video\"><video height=\"1080\" style=\"aspect-ratio: 1920 \/ 1080;\" width=\"1920\" controls src=\"https:\/\/www.satine.com\/wp-content\/uploads\/2024\/10\/Diseno-sin-titulo-3.mp4\"><\/video><\/figure>\n\n\n\n<div style=\"height:30px\" aria-hidden=\"true\" class=\"wp-block-spacer\"><\/div>\n\n\n\n<h2 class=\"wp-block-heading\">Ofte stilte sp\u00f8rsm\u00e5l om Microcement<\/h2>\n\n\n\n<div class=\"wp-block-group is-vertical is-layout-flex wp-container-core-group-is-layout-8cf370e7 wp-block-group-is-layout-flex\">\n<details class=\"wp-block-details is-layout-flow wp-block-details-is-layout-flow\"><summary><strong>Kan mikrosement brukes ved lave temperaturer?<\/strong><br><\/summary>\n<p>Det kan v\u00e6re utfordrende \u00e5 p\u00e5f\u00f8re mikrosement ved lave temperaturer, og det anbefales ikke \u00e5 bruke mikrosement ved temperaturer under 10 \u00b0C, da det kan p\u00e5virke t\u00f8rke- og materialegenskapene.<\/p>\n<\/details>\n\n\n\n<details class=\"wp-block-details is-layout-flow wp-block-details-is-layout-flow\"><summary><strong>Hvor mye koster mikrosement per kvadratmeter?<\/strong><br><\/summary>\n<p>Kostnaden for mikrosement varierer, men ligger vanligvis mellom 40 og 100 euro per kvadratmeter, inkludert materialer og arbeid.<\/p>\n<\/details>\n\n\n\n<details class=\"wp-block-details is-layout-flow wp-block-details-is-layout-flow\"><summary><strong>Hvor lang t\u00f8rketid b\u00f8r vi beregne mellom det f\u00f8rste og det andre str\u00f8ket med forsegler?<\/strong><br><\/summary>\n<p>Generelt b\u00f8r det v\u00e6re mellom 4 og 6 timers t\u00f8rketid mellom f\u00f8rste og andre lag med forsegler, selv om dette kan variere avhengig av type forsegler og milj\u00f8forhold.<\/p>\n<\/details>\n\n\n\n<details class=\"wp-block-details is-layout-flow wp-block-details-is-layout-flow\"><summary><strong>Er det obligatorisk \u00e5 bruke mesh for mikrosement?<\/strong><br><\/summary>\n<p>Det er ikke alltid obligatorisk, men anbefales, spesielt p\u00e5 overflater som kan ha bevegelser eller sprekker, for \u00e5 forhindre sprekkdannelser.<\/p>\n<\/details>\n\n\n\n<details class=\"wp-block-details is-layout-flow wp-block-details-is-layout-flow\"><summary><strong>Hvordan kan jeg melde meg p\u00e5 et kurs i mikrosement?<\/strong><br><\/summary>\n<p>Kontakt oss via v\u00e5r kontaktside eller sosiale medier for \u00e5 finne mer informasjon om mikrosement og andre kurs i materialapplikasjoner.<\/p>\n<\/details>\n\n\n\n<details class=\"wp-block-details is-layout-flow wp-block-details-is-layout-flow\"><summary><strong>Kan farger kombineres p\u00e5 samme flate?<\/strong><br><\/summary>\n<p>Ja, farger kan kombineres p\u00e5 samme flate for \u00e5 skape skreddersydde design og dekorative effekter.<\/p>\n<\/details>\n\n\n\n<details class=\"wp-block-details is-layout-flow wp-block-details-is-layout-flow\"><summary><strong>Hvorfor kan det v\u00e6re forskjeller i glans mellom pr\u00f8ven og det ferdige arbeidet?<\/strong><br><\/summary>\n<p>Forskjeller i glans kan skyldes variasjoner i p\u00e5f\u00f8ring, hvilken type forsegler som er brukt, og milj\u00f8forhold under t\u00f8rking.<\/p>\n<\/details>\n\n\n\n<details class=\"wp-block-details is-layout-flow wp-block-details-is-layout-flow\"><summary><strong>Kan mikrosement miste farge over tid?<\/strong><br><\/summary>\n<p>Mikrosement kan miste farge hvis det ikke beskyttes p\u00e5 riktig m\u00e5te eller utsettes for sterke kjemikalier. God forsegling og vedlikehold bidrar til \u00e5 bevare fargen.<\/p>\n<\/details>\n\n\n\n<details class=\"wp-block-details is-layout-flow wp-block-details-is-layout-flow\"><summary><strong>Hvordan rengj\u00f8r jeg mikrosement?<\/strong><br><\/summary>\n<p>Det anbefales \u00e5 bruke n\u00f8ytrale og ikke-slipende rengj\u00f8ringsprodukter. Unng\u00e5 produkter med klor eller syrer som kan skade forseglingen.<\/p>\n<\/details>\n\n\n\n<details class=\"wp-block-details is-layout-flow wp-block-details-is-layout-flow\"><summary><strong>Hvor lang tid tar en renovering med mikrosement?<\/strong><br><\/summary>\n<p>P\u00e5f\u00f8ring av mikrosement tar vanligvis mellom 4 og 7 dager, avhengig av milj\u00f8forhold og arbeidets kompleksitet.<\/p>\n<\/details>\n\n\n\n<details class=\"wp-block-details is-layout-flow wp-block-details-is-layout-flow\"><summary><strong>Hva er forskjellen mellom mikrosement og polert betong?<\/strong><br><\/summary>\n<p>Mikrosement er et tynt lag (2-3 mm) som p\u00e5f\u00f8res over eksisterende overflater, mens polert betong er et tykkere lag (5-10 cm) som brukes til \u00e5 lage nye gulv. I tillegg gir mikrosement st\u00f8rre mulighet til \u00e5 tilpasse farger og teksturer.<\/p>\n<\/details>\n\n\n\n<details class=\"wp-block-details is-layout-flow wp-block-details-is-layout-flow\"><summary><strong>Er mikrosement sklisikkert?<\/strong><br><\/summary>\n<p>Mikrosement kan behandles for \u00e5 bli sklisikkert ved \u00e5 bruke spesifikke tilsetningsstoffer i sluttforseglingen.<\/p>\n<\/details>\n\n\n\n<details class=\"wp-block-details is-layout-flow wp-block-details-is-layout-flow\"><summary><strong>Er mikrosement vanntett?<\/strong><br><\/summary>\n<p>N\u00e5r det er forseglet p\u00e5 riktig m\u00e5te, er mikrosement vanntett, noe som gj\u00f8r det egnet for v\u00e5trom som bad og kj\u00f8kken.<\/p>\n<\/details>\n\n\n\n<details class=\"wp-block-details is-layout-flow wp-block-details-is-layout-flow\"><summary><strong>Kan mikrosement brukes over gulvvarme?<\/strong><br><\/summary>\n<p>Ja, mikrosement er kompatibelt med gulvvarme s\u00e5 lenge produsentens anbefalinger om p\u00e5f\u00f8ring og gradvis oppvarming av systemet f\u00f8lges.<\/p>\n<\/details>\n\n\n\n<details class=\"wp-block-details is-layout-flow wp-block-details-is-layout-flow\"><summary><strong>P\u00e5 hvilke overflater kan mikrosement brukes?<\/strong><br><\/summary>\n<p>Microcement kan brukes p\u00e5 en rekke ulike overflater, blant annet betong, fliser, keramikk, gips, tre, metall og andre materialer. Overflaten m\u00e5 v\u00e6re ren, t\u00f8rr og jevn.<br><br><\/p>\n<\/details>\n\n\n\n<details class=\"wp-block-details is-layout-flow wp-block-details-is-layout-flow\"><summary><strong>Krever mikrosement spesiell pleie?<\/strong><br><\/summary>\n<p>Ja, mikrosement krever en viss pleie for \u00e5 opprettholde utseende og holdbarhet. Unng\u00e5 kraftig st\u00f8t, bruk m\u00f8belbeskyttelse og rengj\u00f8r med ikke-slipende produkter for \u00e5 holde den i god stand<\/p>\n<\/details>\n\n\n\n<details class=\"wp-block-details is-layout-flow wp-block-details-is-layout-flow\"><summary><strong>Hva er styrken og hardheten til mikrosement?<\/strong><br><\/summary>\n<p><strong>Styrke:<\/strong>&nbsp;Mikrosement har en trykkfasthet p\u00e5 mellom 25 og 40 MPa (megapascal) og en b\u00f8yestyrke p\u00e5 mellom 7 og 10 MPa.<strong>Hardhet:<\/strong>&nbsp;Overflatehardheten til mikrosement, m\u00e5lt p\u00e5 Mohs-skalaen, ligger vanligvis mellom 3 og 4.<\/p>\n<\/details>\n\n\n\n<details class=\"wp-block-details is-layout-flow wp-block-details-is-layout-flow\"><summary><strong>Er det n\u00f8dvendig \u00e5 pusse d\u00f8rene?<\/strong><br><\/summary>\n<p>Ikke alltid, men ved noen renoveringer kan det v\u00e6re n\u00f8dvendig \u00e5 justere d\u00f8rene hvis tykkelsen p\u00e5 mikrosementen p\u00e5virker driften.<\/p>\n<\/details>\n\n\n\n<details class=\"wp-block-details is-layout-flow wp-block-details-is-layout-flow\"><summary><strong>Kan mikrosement brukes i sv\u00e6rt varmt v\u00e6r?<\/strong><br><\/summary>\n<p>Ja, men man b\u00f8r ta ytterligere forholdsregler, som \u00e5 unng\u00e5 direkte sollys og s\u00f8rge for at materialet holder seg fuktig nok til \u00e5 forhindre for rask utt\u00f8rking.<\/p>\n<\/details>\n\n\n\n<details class=\"wp-block-details is-layout-flow wp-block-details-is-layout-flow\"><summary><strong>Hva er forskjellen mellom mikrosement og tradisjonell sement?<br> <\/strong><\/summary>\n<p>Mikrosement er et tynt, allsidig dekorativt belegg laget av fin sement, vannbaserte harpikser og pigmenter, som egner seg for ulike overflater, inkludert gulv og vegger. Tradisjonell sement er et grunnleggende konstruksjonsmateriale som blandes med sand og grus for \u00e5 danne betong, og som brukes i tykkere, strukturelle applikasjoner.<\/p>\n<\/details>\n\n\n\n<div style=\"height:0px\" aria-hidden=\"true\" class=\"wp-block-spacer wp-container-content-c00f5982\"><\/div>\n<\/div>","protected":false},"excerpt":{"rendered":"<p>Everything You Need to Know About Satine Microcement: Uses, Types, Application, and Benefits Satine Microcement is a versatile decorative coating composed of cement, water-based resins, additives, and mineral pigments. This material is renowned for its excellent adhesion, allowing it to be applied to a wide variety of surfaces, both vertical and horizontal. One of its [&hellip;]<\/p>\n","protected":false},"author":1,"featured_media":0,"parent":0,"menu_order":0,"comment_status":"closed","ping_status":"closed","template":"","meta":{"footnotes":""},"class_list":["post-4331","page","type-page","status-publish","hentry"],"yoast_head":"<!-- This site is optimized with the Yoast SEO plugin v27.5 - https:\/\/yoast.com\/product\/yoast-seo-wordpress\/ -->\n<title>Frequently Asked Questions of Microcement (FAQ) - Satine<\/title>\n<meta name=\"description\" content=\"What is microcement? Satine Microcement is a decorative coating composed of cement, water-based resins, additives, and mineral pigments. It can be applied to various vertical and horizontal surfaces, providing a seamless, durable finish.\" \/>\n<meta name=\"robots\" content=\"index, follow, max-snippet:-1, max-image-preview:large, max-video-preview:-1\" \/>\n<link rel=\"canonical\" href=\"https:\/\/www.satine.com\/nb\/faq\/\" \/>\n<meta property=\"og:locale\" content=\"nb_NO\" \/>\n<meta property=\"og:type\" content=\"article\" \/>\n<meta property=\"og:title\" content=\"Frequently Asked Questions of Microcement (FAQ) - Satine\" \/>\n<meta property=\"og:description\" content=\"What is microcement? Satine Microcement is a decorative coating composed of cement, water-based resins, additives, and mineral pigments. It can be applied to various vertical and horizontal surfaces, providing a seamless, durable finish.\" \/>\n<meta property=\"og:url\" content=\"https:\/\/www.satine.com\/nb\/faq\/\" \/>\n<meta property=\"og:site_name\" content=\"Satine\" \/>\n<meta property=\"article:modified_time\" content=\"2024-10-18T10:40:06+00:00\" \/>\n<meta name=\"twitter:card\" content=\"summary_large_image\" \/>\n<meta name=\"twitter:label1\" content=\"Ansl. lesetid\" \/>\n\t<meta name=\"twitter:data1\" content=\"5 minutter\" \/>\n<script type=\"application\/ld+json\" class=\"yoast-schema-graph\">{\"@context\":\"https:\\\/\\\/schema.org\",\"@graph\":[{\"@type\":\"WebPage\",\"@id\":\"https:\\\/\\\/www.satine.com\\\/faq\\\/\",\"url\":\"https:\\\/\\\/www.satine.com\\\/faq\\\/\",\"name\":\"Frequently Asked Questions of Microcement (FAQ) - Satine\",\"isPartOf\":{\"@id\":\"https:\\\/\\\/www.satine.com\\\/#website\"},\"datePublished\":\"2024-07-18T11:03:11+00:00\",\"dateModified\":\"2024-10-18T10:40:06+00:00\",\"description\":\"What is microcement? Satine Microcement is a decorative coating composed of cement, water-based resins, additives, and mineral pigments. It can be applied to various vertical and horizontal surfaces, providing a seamless, durable finish.\",\"breadcrumb\":{\"@id\":\"https:\\\/\\\/www.satine.com\\\/faq\\\/#breadcrumb\"},\"inLanguage\":\"nb-NO\",\"potentialAction\":[{\"@type\":\"ReadAction\",\"target\":[\"https:\\\/\\\/www.satine.com\\\/faq\\\/\"]}]},{\"@type\":\"BreadcrumbList\",\"@id\":\"https:\\\/\\\/www.satine.com\\\/faq\\\/#breadcrumb\",\"itemListElement\":[{\"@type\":\"ListItem\",\"position\":1,\"name\":\"Inicio\",\"item\":\"https:\\\/\\\/www.satine.com\\\/\"},{\"@type\":\"ListItem\",\"position\":2,\"name\":\"FAQ\"}]},{\"@type\":\"WebSite\",\"@id\":\"https:\\\/\\\/www.satine.com\\\/#website\",\"url\":\"https:\\\/\\\/www.satine.com\\\/\",\"name\":\"Satine - Microcement\",\"description\":\"\",\"alternateName\":\"Satine - Microcement\",\"potentialAction\":[{\"@type\":\"SearchAction\",\"target\":{\"@type\":\"EntryPoint\",\"urlTemplate\":\"https:\\\/\\\/www.satine.com\\\/?s={search_term_string}\"},\"query-input\":{\"@type\":\"PropertyValueSpecification\",\"valueRequired\":true,\"valueName\":\"search_term_string\"}}],\"inLanguage\":\"nb-NO\"}]}<\/script>\n<!-- \/ Yoast SEO plugin. -->","yoast_head_json":{"title":"Ofte stilte sp\u00f8rsm\u00e5l om mikrosement (FAQ) - Satine","description":"Hva er mikrosement? Satine Microcement er et dekorativt belegg som best\u00e5r av sement, vannbaserte harpikser, tilsetningsstoffer og mineralpigmenter. Det kan p\u00e5f\u00f8res p\u00e5 ulike vertikale og horisontale overflater og gir en s\u00f8ml\u00f8s, slitesterk finish.","robots":{"index":"index","follow":"follow","max-snippet":"max-snippet:-1","max-image-preview":"max-image-preview:large","max-video-preview":"max-video-preview:-1"},"canonical":"https:\/\/www.satine.com\/nb\/faq\/","og_locale":"nb_NO","og_type":"article","og_title":"Frequently Asked Questions of Microcement (FAQ) - Satine","og_description":"What is microcement? Satine Microcement is a decorative coating composed of cement, water-based resins, additives, and mineral pigments. It can be applied to various vertical and horizontal surfaces, providing a seamless, durable finish.","og_url":"https:\/\/www.satine.com\/nb\/faq\/","og_site_name":"Satine","article_modified_time":"2024-10-18T10:40:06+00:00","twitter_card":"summary_large_image","twitter_misc":{"Ansl. lesetid":"5 minutter"},"schema":{"@context":"https:\/\/schema.org","@graph":[{"@type":"WebPage","@id":"https:\/\/www.satine.com\/faq\/","url":"https:\/\/www.satine.com\/faq\/","name":"Ofte stilte sp\u00f8rsm\u00e5l om mikrosement (FAQ) - Satine","isPartOf":{"@id":"https:\/\/www.satine.com\/#website"},"datePublished":"2024-07-18T11:03:11+00:00","dateModified":"2024-10-18T10:40:06+00:00","description":"Hva er mikrosement? Satine Microcement er et dekorativt belegg som best\u00e5r av sement, vannbaserte harpikser, tilsetningsstoffer og mineralpigmenter. Det kan p\u00e5f\u00f8res p\u00e5 ulike vertikale og horisontale overflater og gir en s\u00f8ml\u00f8s, slitesterk finish.","breadcrumb":{"@id":"https:\/\/www.satine.com\/faq\/#breadcrumb"},"inLanguage":"nb-NO","potentialAction":[{"@type":"ReadAction","target":["https:\/\/www.satine.com\/faq\/"]}]},{"@type":"BreadcrumbList","@id":"https:\/\/www.satine.com\/faq\/#breadcrumb","itemListElement":[{"@type":"ListItem","position":1,"name":"Inicio","item":"https:\/\/www.satine.com\/"},{"@type":"ListItem","position":2,"name":"FAQ"}]},{"@type":"WebSite","@id":"https:\/\/www.satine.com\/#website","url":"https:\/\/www.satine.com\/","name":"Satine - Microcement","description":"","alternateName":"Satine - Microcement","potentialAction":[{"@type":"SearchAction","target":{"@type":"EntryPoint","urlTemplate":"https:\/\/www.satine.com\/?s={search_term_string}"},"query-input":{"@type":"PropertyValueSpecification","valueRequired":true,"valueName":"search_term_string"}}],"inLanguage":"nb-NO"}]}},"_links":{"self":[{"href":"https:\/\/www.satine.com\/nb\/wp-json\/wp\/v2\/pages\/4331","targetHints":{"allow":["GET"]}}],"collection":[{"href":"https:\/\/www.satine.com\/nb\/wp-json\/wp\/v2\/pages"}],"about":[{"href":"https:\/\/www.satine.com\/nb\/wp-json\/wp\/v2\/types\/page"}],"author":[{"embeddable":true,"href":"https:\/\/www.satine.com\/nb\/wp-json\/wp\/v2\/users\/1"}],"replies":[{"embeddable":true,"href":"https:\/\/www.satine.com\/nb\/wp-json\/wp\/v2\/comments?post=4331"}],"version-history":[{"count":51,"href":"https:\/\/www.satine.com\/nb\/wp-json\/wp\/v2\/pages\/4331\/revisions"}],"predecessor-version":[{"id":5578,"href":"https:\/\/www.satine.com\/nb\/wp-json\/wp\/v2\/pages\/4331\/revisions\/5578"}],"wp:attachment":[{"href":"https:\/\/www.satine.com\/nb\/wp-json\/wp\/v2\/media?parent=4331"}],"curies":[{"name":"wp","href":"https:\/\/api.w.org\/{rel}","templated":true}]}}