{"id":3710,"date":"2022-04-14T19:31:44","date_gmt":"2022-04-15T00:31:44","guid":{"rendered":"https:\/\/www.satine.com\/?page_id=3710"},"modified":"2022-04-14T19:31:44","modified_gmt":"2022-04-15T00:31:44","slug":"smakaker","status":"publish","type":"page","link":"https:\/\/www.satine.com\/nb\/cookies\/","title":{"rendered":"COOKIES"},"content":{"rendered":"<h3 class=\"wp-block-heading\">1. ANTECEDENTES<\/h3>\n\n\n\n<p>I samsvar med den spanske lovgivningen som regulerer bruken av informasjonskapsler i forbindelse med levering av elektroniske kommunikasjonstjenester, som er vedtatt i Real Decreto Ley 13\/2012 del 30 de marzo, informerer vi deg om hvilke informasjonskapsler som brukes p\u00e5 SATINEs nettsted og hvorfor de brukes. Vi informerer ogs\u00e5 om at du ved \u00e5 navigere p\u00e5 nettstedet gir ditt samtykke til \u00e5 bruke dem.<\/p>\n\n\n\n<h3 class=\"wp-block-heading\">2. \u00bfQU\u00c9 SON LAS COOKIES?<\/h3>\n\n\n\n<p>En informasjonskapsel er en ficher som lagres i navigeringsverkt\u00f8yet til din datamaskin n\u00e5r du g\u00e5r inn p\u00e5 bestemte nettsider. Informasjonskapslene gj\u00f8r det blant annet mulig for en nettside \u00e5 lagre og gjenvinne informasjon om navigeringsrutinene til en bruker eller dennes utstyr, og avhengig av hvilken informasjon de inneholder og hvordan utstyret brukes, kan de brukes til \u00e5 gjenkjenne brukeren. Informasjonskapslene er kun knyttet til den enkelte bruker og dennes datamaskin eller utstyr, og gir ingen referanser som gj\u00f8r det mulig \u00e5 gjenkjenne brukerens personlige data.<\/p>\n\n\n\n<h3 class=\"wp-block-heading\">3. TYPER INFORMASJONSKAPSLER<\/h3>\n\n\n\n<ol class=\"wp-block-list\"><li><strong>Cookies propias:<\/strong>&nbsp;Er alle som sendes til brukerens terminal fra et utstyr eller et omr\u00e5de som forvaltes av redakt\u00f8ren, og som gir den tjenesten som brukeren har bedt om.<\/li><li><strong>Cookies de terceros:<\/strong>&nbsp;Dette er informasjonskapsler som sendes til brukerens terminalutstyr fra et utstyr eller en domene som ikke administreres av den opprinnelige redakt\u00f8ren, men av en annen enhet som behandler dataene ved hjelp av informasjonskapslene.<\/li><li><strong>Cookies de sesi\u00f3n:<\/strong>&nbsp;Dette er en type informasjonskapsler som er laget for \u00e5 samle inn og lagre data mens brukeren bes\u00f8ker en nettside.<\/li><li><strong>Vedvarende informasjonskapsler:<\/strong>&nbsp;Dette er en type informasjonskapsler der dataene lagres i terminalen og kan brukes og behandles i en periode som defineres av den ansvarlige for informasjonskapselen, og som kan variere fra noen f\u00e5 minutter til flere \u00e5r.<\/li><li><strong>Cookies de an\u00e1lisis:<\/strong>&nbsp;Dette er alle som er godt behandlet av oss eller av tredjeparter, og som gj\u00f8r det mulig for oss \u00e5 beregne antall brukere og dermed foreta en medisinsk og statistisk analyse av bruken av tjenesten vi tilbyr. For \u00e5 gj\u00f8re dette analyserer vi din navigering p\u00e5 v\u00e5r nettside med det form\u00e5l \u00e5 forbedre tilbudet av produkter og tjenester som vi tilbyr.<\/li><li><strong>Cookies de publicidad comportamental:<\/strong>&nbsp;Dette er informasjonskapsler som gj\u00f8r det mulig \u00e5 administrere de publisistiske omr\u00e5dene som redakt\u00f8ren har lagt inn p\u00e5 en nettside, applikasjon eller plattform for \u00e5 levere den forespurte tjenesten p\u00e5 en s\u00e5 effektiv m\u00e5te som mulig. Disse informasjonskapslene lagrer informasjon om brukernes oppf\u00f8rsel gjennom kontinuerlig observasjon av deres navigeringsvaner, noe som gj\u00f8r det mulig \u00e5 utvikle en spesifikk profil for \u00e5 vise publisitet p\u00e5 grunnlag av denne. Det er ogs\u00e5 mulig at n\u00e5r du bes\u00f8ker en nettside eller \u00e5pner en e-post som inneholder en annonse eller en kampanje om v\u00e5re produkter eller tjenester, kan du installere en informasjonskapsel i din nettleser for \u00e5 vise deg senere publisitet knyttet til s\u00f8ket du har gjort, desarrollar un control de nuestros anuncios en relaci\u00f3n, por ejemplo, con el n\u00famero de veces que son vistos, donde aparecen, a qu\u00e9 hora se ven, etc.<\/li><\/ol>\n\n\n\n<h3 class=\"wp-block-heading\">4. TYPER INFORMASJONSKAPSLER SOM BRUKES<\/h3>\n\n\n\n<p>Informasjonskapslene som brukes p\u00e5 v\u00e5rt nettsted, er av typen informasjonskapsler og tredjepartsinformasjonskapsler, og gj\u00f8r det mulig for oss \u00e5 lagre og f\u00e5 tilgang til informasjon om spr\u00e5k, type navigat\u00f8r som brukes, y otras caracter\u00edsticas generales predefinidas por el usuario, as\u00ed como, seguir y analizar la actividad que lleva a cabo, con el objeto de introducir mejoras y prestar nuestros servicios de una manera m\u00e1s eficiente y personalizada. SATINE bruker ikke informasjonskapsler for reklame eller reklameform\u00e5l.<br>Bruken av informasjonskapsler gir fordeler ved levering av tjenester innenfor det som kalles informasjonssamfunnet, fordi det gj\u00f8r det lettere for brukeren \u00e5 navigere og f\u00e5 tilgang til de ulike tjenestene som tilbys p\u00e5 dette nettstedet; evita al usuario tener que configurar las caracter\u00edsticas generales predefinidas cada vez que accede al sitio web; favorece la mejora del funcionamiento y de los servicios prestados a trav\u00e9s de este sitio web, tras el correspondiente an\u00e1lisis de la informaci\u00f3n obtenida a trav\u00e9s de las cookies instaladas.<\/p>\n\n\n\n<figure class=\"wp-block-table\"><table><tbody><tr><th>Antall<\/th><th>Tipo<\/th><th>Caducidad<\/th><th>Finalidad<\/th><th>Clase<\/th><\/tr><tr><td>__utma<\/td><td>De Terceros (Google Analytics)<\/td><td>2 a\u00f1os<\/td><td>Se usa para distinguir usuarios y sesiones.<\/td><td>Ingen eksenta<\/td><\/tr><tr><td>__utmb<\/td><td>De Terceros (Google Analytics)<\/td><td>30 minutter<\/td><td>Se usa para determinar nuevas sesiones o visitas.<\/td><td>Ingen eksenta<\/td><\/tr><tr><td>__utmc<\/td><td>De Terceros (Google Analytics)<\/td><td>Ved avslutningen av sesjonen<\/td><td>Se configura para su uso con Urchin.<\/td><td>Ingen eksenta<\/td><\/tr><tr><td>__utmz<\/td><td>De Terceros (Google Analytics)<\/td><td>6 meses<\/td><td>Almacena el origen o la campa\u00f1a que explica c\u00f3mo el usuario ha llegado hasta la p\u00e1gina web.<\/td><td>Ingen eksenta<\/td><\/tr><tr><td>lokalitet<\/td><td>Propia<\/td><td>5 a\u00f1os<\/td><td>Almacena el idioma de preferencia del usuario.<\/td><td>Exenta<\/td><\/tr><tr><td>handlekurv_artikler<\/td><td>Propia<\/td><td>7 d\u00edas<\/td><td>Legg til listen over produkter som du bruker i kj\u00f8psbilen.<\/td><td>Exenta<\/td><\/tr><tr><td>satine_session<\/td><td>Propia<\/td><td>2 horas<\/td><td>Se usa para distinguir usuarios y sesiones<\/td><td>Exenta<\/td><\/tr><\/tbody><\/table><\/figure>\n\n\n\n<h3 class=\"wp-block-heading\">5. TILBAKEKALLING OG FJERNING AV INFORMASJONSKAPSLER<\/h3>\n\n\n\n<p>Du kan alltid g\u00e5 inn i konfigurasjonen av din navigat\u00f8r og godta eller avvise alle informasjonskapsler, eller velge ut noen av dem som er tillatt og andre som ikke er det, ved \u00e5 f\u00f8lge en av de f\u00f8lgende fremgangsm\u00e5tene, avhengig av hvilken navigat\u00f8r du bruker:<\/p>\n\n\n\n<ul class=\"wp-block-list\"><li><strong>Google Chrome:<\/strong>&nbsp;Men\u00fa Herramientas &gt; Configuraci\u00f3n &gt; Mostrar Opciones Avanzadas &gt; Privacidad (Configuraci\u00f3n del contenido) &gt; Cookies.&nbsp;<a target=\"_blank\" href=\"https:\/\/support.google.com\/chrome\/answer\/95647?hl=es\" rel=\"noreferrer noopener\">M\u00e1s informaci\u00f3n.<\/a><\/li><li><strong>Microsoft Internet Explorer:<\/strong>&nbsp;Men\u00fa Herramientas &gt; Opciones de Internet &gt; Privacidad &gt; Avanzada.&nbsp;<a target=\"_blank\" href=\"https:\/\/support.microsoft.com\/es-es\/help\/17442\/windows-internet-explorer-delete-manage-cookies\" rel=\"noreferrer noopener\">M\u00e1s informaci\u00f3n.<\/a><\/li><li><strong>Firefox:<\/strong>&nbsp;Valg &gt; Personvern &gt; Informasjonskapsler.&nbsp;<a target=\"_blank\" href=\"https:\/\/support.mozilla.org\/es\/kb\/habilitar-y-deshabilitar-cookies-sitios-web-rastrear-preferencias\" rel=\"noreferrer noopener\">M\u00e1s informaci\u00f3n.<\/a><\/li><li><strong>Safari, iPad og iPhone:<\/strong>&nbsp;Preferencias &gt; Privacidad.&nbsp;<a target=\"_blank\" href=\"https:\/\/www.apple.com\/legal\/privacy\/es\/cookies\/\" rel=\"noreferrer noopener\">M\u00e1s informaci\u00f3n.<\/a><\/li><\/ul>\n\n\n\n<h3 class=\"wp-block-heading\">6. TERCEROS PRESTADORES DE SERVICIOS<\/h3>\n\n\n\n<p>En concreto los terceros prestadores de servicios con los que hemos contratado alg\u00fan servicio para el que es necesario la utilizaci\u00f3n de cookies son:<\/p>\n\n\n\n<figure class=\"wp-block-table\"><table><tbody><tr><th>Proveedor<\/th><th>Tjenestens og informasjonskapselens form\u00e5l<\/th><th>Informaci\u00f3n del Proveedor<\/th><\/tr><tr><td>GOOGLE Inc.<\/td><td>Statistisk analyse av nettstedet med hensyn til antall bes\u00f8kende, bes\u00f8kte sider, brukte ord og lignende<\/td><td><a href=\"https:\/\/policies.google.com\/privacy?hl=es&amp;gl=es\" target=\"_blank\" rel=\"noreferrer noopener\">Retningslinjer for personvern<\/a><\/td><\/tr><\/tbody><\/table><\/figure>","protected":false},"excerpt":{"rendered":"<p>1. ANTECEDENTES De conformidad con la normativa espa\u00f1ola que regula el uso de cookies en relaci\u00f3n a la prestaci\u00f3n de servicios de comunicaciones electr\u00f3nicas, recogida en el Real Decreto Ley 13\/2012 del 30 de marzo, le informamos sobre las cookies utilizadas en el sitio web de SATINE y el motivo de su uso. Asimismo, le [&hellip;]<\/p>\n","protected":false},"author":1,"featured_media":0,"parent":0,"menu_order":0,"comment_status":"closed","ping_status":"closed","template":"","meta":{"footnotes":""},"class_list":["post-3710","page","type-page","status-publish","hentry"],"yoast_head":"<!-- This site is optimized with the Yoast SEO plugin v27.5 - https:\/\/yoast.com\/product\/yoast-seo-wordpress\/ -->\n<title>COOKIES - Satine<\/title>\n<meta name=\"robots\" content=\"index, follow, max-snippet:-1, max-image-preview:large, max-video-preview:-1\" \/>\n<link rel=\"canonical\" href=\"https:\/\/www.satine.com\/nb\/smakaker\/\" \/>\n<meta property=\"og:locale\" content=\"nb_NO\" \/>\n<meta property=\"og:type\" content=\"article\" \/>\n<meta property=\"og:title\" content=\"COOKIES - Satine\" \/>\n<meta property=\"og:description\" content=\"1. ANTECEDENTES De conformidad con la normativa espa\u00f1ola que regula el uso de cookies en relaci\u00f3n a la prestaci\u00f3n de servicios de comunicaciones electr\u00f3nicas, recogida en el Real Decreto Ley 13\/2012 del 30 de marzo, le informamos sobre las cookies utilizadas en el sitio web de SATINE y el motivo de su uso. Asimismo, le [&hellip;]\" \/>\n<meta property=\"og:url\" content=\"https:\/\/www.satine.com\/nb\/smakaker\/\" \/>\n<meta property=\"og:site_name\" content=\"Satine\" \/>\n<meta name=\"twitter:card\" content=\"summary_large_image\" \/>\n<meta name=\"twitter:label1\" content=\"Ansl. lesetid\" \/>\n\t<meta name=\"twitter:data1\" content=\"5 minutter\" \/>\n<script type=\"application\/ld+json\" class=\"yoast-schema-graph\">{\"@context\":\"https:\\\/\\\/schema.org\",\"@graph\":[{\"@type\":\"WebPage\",\"@id\":\"https:\\\/\\\/www.satine.com\\\/cookies\\\/\",\"url\":\"https:\\\/\\\/www.satine.com\\\/cookies\\\/\",\"name\":\"COOKIES - Satine\",\"isPartOf\":{\"@id\":\"https:\\\/\\\/www.satine.com\\\/#website\"},\"datePublished\":\"2022-04-15T00:31:44+00:00\",\"breadcrumb\":{\"@id\":\"https:\\\/\\\/www.satine.com\\\/cookies\\\/#breadcrumb\"},\"inLanguage\":\"nb-NO\",\"potentialAction\":[{\"@type\":\"ReadAction\",\"target\":[\"https:\\\/\\\/www.satine.com\\\/cookies\\\/\"]}]},{\"@type\":\"BreadcrumbList\",\"@id\":\"https:\\\/\\\/www.satine.com\\\/cookies\\\/#breadcrumb\",\"itemListElement\":[{\"@type\":\"ListItem\",\"position\":1,\"name\":\"Inicio\",\"item\":\"https:\\\/\\\/www.satine.com\\\/\"},{\"@type\":\"ListItem\",\"position\":2,\"name\":\"COOKIES\"}]},{\"@type\":\"WebSite\",\"@id\":\"https:\\\/\\\/www.satine.com\\\/#website\",\"url\":\"https:\\\/\\\/www.satine.com\\\/\",\"name\":\"Satine - Microcement\",\"description\":\"\",\"alternateName\":\"Satine - Microcement\",\"potentialAction\":[{\"@type\":\"SearchAction\",\"target\":{\"@type\":\"EntryPoint\",\"urlTemplate\":\"https:\\\/\\\/www.satine.com\\\/?s={search_term_string}\"},\"query-input\":{\"@type\":\"PropertyValueSpecification\",\"valueRequired\":true,\"valueName\":\"search_term_string\"}}],\"inLanguage\":\"nb-NO\"}]}<\/script>\n<!-- \/ Yoast SEO plugin. -->","yoast_head_json":{"title":"KAKER - Satine","robots":{"index":"index","follow":"follow","max-snippet":"max-snippet:-1","max-image-preview":"max-image-preview:large","max-video-preview":"max-video-preview:-1"},"canonical":"https:\/\/www.satine.com\/nb\/smakaker\/","og_locale":"nb_NO","og_type":"article","og_title":"COOKIES - Satine","og_description":"1. ANTECEDENTES De conformidad con la normativa espa\u00f1ola que regula el uso de cookies en relaci\u00f3n a la prestaci\u00f3n de servicios de comunicaciones electr\u00f3nicas, recogida en el Real Decreto Ley 13\/2012 del 30 de marzo, le informamos sobre las cookies utilizadas en el sitio web de SATINE y el motivo de su uso. Asimismo, le [&hellip;]","og_url":"https:\/\/www.satine.com\/nb\/smakaker\/","og_site_name":"Satine","twitter_card":"summary_large_image","twitter_misc":{"Ansl. lesetid":"5 minutter"},"schema":{"@context":"https:\/\/schema.org","@graph":[{"@type":"WebPage","@id":"https:\/\/www.satine.com\/cookies\/","url":"https:\/\/www.satine.com\/cookies\/","name":"KAKER - Satine","isPartOf":{"@id":"https:\/\/www.satine.com\/#website"},"datePublished":"2022-04-15T00:31:44+00:00","breadcrumb":{"@id":"https:\/\/www.satine.com\/cookies\/#breadcrumb"},"inLanguage":"nb-NO","potentialAction":[{"@type":"ReadAction","target":["https:\/\/www.satine.com\/cookies\/"]}]},{"@type":"BreadcrumbList","@id":"https:\/\/www.satine.com\/cookies\/#breadcrumb","itemListElement":[{"@type":"ListItem","position":1,"name":"Inicio","item":"https:\/\/www.satine.com\/"},{"@type":"ListItem","position":2,"name":"COOKIES"}]},{"@type":"WebSite","@id":"https:\/\/www.satine.com\/#website","url":"https:\/\/www.satine.com\/","name":"Satine - Microcement","description":"","alternateName":"Satine - Microcement","potentialAction":[{"@type":"SearchAction","target":{"@type":"EntryPoint","urlTemplate":"https:\/\/www.satine.com\/?s={search_term_string}"},"query-input":{"@type":"PropertyValueSpecification","valueRequired":true,"valueName":"search_term_string"}}],"inLanguage":"nb-NO"}]}},"_links":{"self":[{"href":"https:\/\/www.satine.com\/nb\/wp-json\/wp\/v2\/pages\/3710","targetHints":{"allow":["GET"]}}],"collection":[{"href":"https:\/\/www.satine.com\/nb\/wp-json\/wp\/v2\/pages"}],"about":[{"href":"https:\/\/www.satine.com\/nb\/wp-json\/wp\/v2\/types\/page"}],"author":[{"embeddable":true,"href":"https:\/\/www.satine.com\/nb\/wp-json\/wp\/v2\/users\/1"}],"replies":[{"embeddable":true,"href":"https:\/\/www.satine.com\/nb\/wp-json\/wp\/v2\/comments?post=3710"}],"version-history":[{"count":1,"href":"https:\/\/www.satine.com\/nb\/wp-json\/wp\/v2\/pages\/3710\/revisions"}],"predecessor-version":[{"id":3711,"href":"https:\/\/www.satine.com\/nb\/wp-json\/wp\/v2\/pages\/3710\/revisions\/3711"}],"wp:attachment":[{"href":"https:\/\/www.satine.com\/nb\/wp-json\/wp\/v2\/media?parent=3710"}],"curies":[{"name":"wp","href":"https:\/\/api.w.org\/{rel}","templated":true}]}}