{"id":29,"date":"2020-09-08T10:20:38","date_gmt":"2020-09-08T10:20:38","guid":{"rendered":"http:\/\/clapat.ro\/themes\/canela-wordpress\/?page_id=29"},"modified":"2024-09-09T06:38:45","modified_gmt":"2024-09-09T11:38:45","slug":"om","status":"publish","type":"page","link":"https:\/\/www.satine.com\/nb\/about\/","title":{"rendered":"Om"},"content":{"rendered":"<div class=\"wp-block-canela-gutenberg-container row_padding_bottom medium\" style=\"background-color:transparent;text-align:left\">\n<h3 class=\"wp-block-heading has-text-align-center has-mask\" id=\"we-are-manufactures-of-microcement\">Vi produserer mikrosement, harpiks og komponenter med h\u00f8y dekor for deg.<\/h3>\n\n\n\n<p><\/p>\n\n\n\n<p class=\"has-text-align-center\">Vi produserer mikrosement, harpiks, lakk, pigmenter, epoksyer og avanserte dekorative produkter<\/p>\n\n\n\n<p class=\"has-text-align-center\">Vi er spesialutviklere med eget laboratorium. Vi produserer og utvikler for tredjeparter og for egne merkevarer.<\/p>\n\n\n\n<p class=\"has-text-align-center\">Vi tilbyr applikatorer for alle typer overflatebehandlinger med garanti over hele verden.<\/p>\n\n\n\n<p class=\"has-text-align-center\">Vi tilbyr teknisk oppl\u00e6ring i h\u00e5ndtering av alle typer overflater, materialer, teksturer og verkt\u00f8ybruk.<\/p>\n\n\n\n<p class=\"has-text-align-center\">Trettitre egne filialer over hele verden.<\/p>\n<\/div>\n\n\n\n<figure class=\"wp-block-video\"><video autoplay muted =\"muted\" src=\"https:\/\/www.satine.com\/wp-content\/uploads\/2022\/02\/About-Satine.mp4\"><\/video><\/figure>\n\n\n\n<div style=\"height:64px\" aria-hidden=\"true\" class=\"wp-block-spacer\"><\/div>\n\n\n\n<div class=\"wp-block-canela-gutenberg-container row_padding_bottom\" style=\"background-color:transparent;text-align:left\">\n<p class=\"has-text-align-center has-animation\">Kundene v\u00e5re<\/p>\n\n\n\n<h2 class=\"wp-block-heading has-text-align-center has-animation\" id=\"international\">Internasjonal<\/h2>\n\n\n\n<p class=\"has-text-align-center\">Trettitre egne filialer over hele verden.<\/p>\n\n\n\n<div style=\"height:20px\" aria-hidden=\"true\" class=\"wp-block-spacer\"><\/div>\n\n\n\n<figure class=\"wp-block-image size-full\"><img loading=\"lazy\" decoding=\"async\" width=\"1920\" height=\"1032\" src=\"https:\/\/www.satine.com\/wp-content\/uploads\/2022\/04\/Satine-about-ubicaciones.jpg\" alt=\"\" class=\"wp-image-3764\" srcset=\"https:\/\/www.satine.com\/wp-content\/uploads\/2022\/04\/Satine-about-ubicaciones.jpg 1920w, https:\/\/www.satine.com\/wp-content\/uploads\/2022\/04\/Satine-about-ubicaciones-300x161.jpg 300w, https:\/\/www.satine.com\/wp-content\/uploads\/2022\/04\/Satine-about-ubicaciones-1024x550.jpg 1024w, https:\/\/www.satine.com\/wp-content\/uploads\/2022\/04\/Satine-about-ubicaciones-150x81.jpg 150w, https:\/\/www.satine.com\/wp-content\/uploads\/2022\/04\/Satine-about-ubicaciones-768x413.jpg 768w, https:\/\/www.satine.com\/wp-content\/uploads\/2022\/04\/Satine-about-ubicaciones-1536x826.jpg 1536w, https:\/\/www.satine.com\/wp-content\/uploads\/2022\/04\/Satine-about-ubicaciones-18x10.jpg 18w\" sizes=\"auto, (max-width: 1920px) 100vw, 1920px\" \/><\/figure>\n<\/div>","protected":false},"excerpt":{"rendered":"","protected":false},"author":1,"featured_media":0,"parent":0,"menu_order":0,"comment_status":"closed","ping_status":"closed","template":"","meta":{"footnotes":""},"class_list":["post-29","page","type-page","status-publish","hentry"],"yoast_head":"<!-- This site is optimized with the Yoast SEO plugin v27.4 - https:\/\/yoast.com\/product\/yoast-seo-wordpress\/ -->\n<title>About - Satine<\/title>\n<meta name=\"robots\" content=\"index, follow, max-snippet:-1, max-image-preview:large, max-video-preview:-1\" \/>\n<link rel=\"canonical\" href=\"https:\/\/www.satine.com\/nb\/om\/\" \/>\n<meta property=\"og:locale\" content=\"nb_NO\" \/>\n<meta property=\"og:type\" content=\"article\" \/>\n<meta property=\"og:title\" content=\"About - Satine\" \/>\n<meta property=\"og:url\" content=\"https:\/\/www.satine.com\/nb\/om\/\" \/>\n<meta property=\"og:site_name\" content=\"Satine\" \/>\n<meta property=\"article:modified_time\" content=\"2024-09-09T11:38:45+00:00\" \/>\n<meta property=\"og:image\" content=\"https:\/\/www.satine.com\/wp-content\/uploads\/2022\/04\/Satine-about-ubicaciones.jpg\" \/>\n<meta name=\"twitter:card\" content=\"summary_large_image\" \/>\n<meta name=\"twitter:label1\" content=\"Ansl. lesetid\" \/>\n\t<meta name=\"twitter:data1\" content=\"1 minutt\" \/>\n<script type=\"application\/ld+json\" class=\"yoast-schema-graph\">{\"@context\":\"https:\\\/\\\/schema.org\",\"@graph\":[{\"@type\":\"WebPage\",\"@id\":\"https:\\\/\\\/www.satine.com\\\/about\\\/\",\"url\":\"https:\\\/\\\/www.satine.com\\\/about\\\/\",\"name\":\"About - Satine\",\"isPartOf\":{\"@id\":\"https:\\\/\\\/www.satine.com\\\/#website\"},\"primaryImageOfPage\":{\"@id\":\"https:\\\/\\\/www.satine.com\\\/about\\\/#primaryimage\"},\"image\":{\"@id\":\"https:\\\/\\\/www.satine.com\\\/about\\\/#primaryimage\"},\"thumbnailUrl\":\"https:\\\/\\\/www.satine.com\\\/wp-content\\\/uploads\\\/2022\\\/04\\\/Satine-about-ubicaciones.jpg\",\"datePublished\":\"2020-09-08T10:20:38+00:00\",\"dateModified\":\"2024-09-09T11:38:45+00:00\",\"breadcrumb\":{\"@id\":\"https:\\\/\\\/www.satine.com\\\/about\\\/#breadcrumb\"},\"inLanguage\":\"nb-NO\",\"potentialAction\":[{\"@type\":\"ReadAction\",\"target\":[\"https:\\\/\\\/www.satine.com\\\/about\\\/\"]}]},{\"@type\":\"ImageObject\",\"inLanguage\":\"nb-NO\",\"@id\":\"https:\\\/\\\/www.satine.com\\\/about\\\/#primaryimage\",\"url\":\"https:\\\/\\\/www.satine.com\\\/wp-content\\\/uploads\\\/2022\\\/04\\\/Satine-about-ubicaciones.jpg\",\"contentUrl\":\"https:\\\/\\\/www.satine.com\\\/wp-content\\\/uploads\\\/2022\\\/04\\\/Satine-about-ubicaciones.jpg\"},{\"@type\":\"BreadcrumbList\",\"@id\":\"https:\\\/\\\/www.satine.com\\\/about\\\/#breadcrumb\",\"itemListElement\":[{\"@type\":\"ListItem\",\"position\":1,\"name\":\"Inicio\",\"item\":\"https:\\\/\\\/www.satine.com\\\/\"},{\"@type\":\"ListItem\",\"position\":2,\"name\":\"About\"}]},{\"@type\":\"WebSite\",\"@id\":\"https:\\\/\\\/www.satine.com\\\/#website\",\"url\":\"https:\\\/\\\/www.satine.com\\\/\",\"name\":\"Satine - Microcement\",\"description\":\"\",\"alternateName\":\"Satine - Microcement\",\"potentialAction\":[{\"@type\":\"SearchAction\",\"target\":{\"@type\":\"EntryPoint\",\"urlTemplate\":\"https:\\\/\\\/www.satine.com\\\/?s={search_term_string}\"},\"query-input\":{\"@type\":\"PropertyValueSpecification\",\"valueRequired\":true,\"valueName\":\"search_term_string\"}}],\"inLanguage\":\"nb-NO\"}]}<\/script>\n<!-- \/ Yoast SEO plugin. -->","yoast_head_json":{"title":"Om - Satine","robots":{"index":"index","follow":"follow","max-snippet":"max-snippet:-1","max-image-preview":"max-image-preview:large","max-video-preview":"max-video-preview:-1"},"canonical":"https:\/\/www.satine.com\/nb\/om\/","og_locale":"nb_NO","og_type":"article","og_title":"About - Satine","og_url":"https:\/\/www.satine.com\/nb\/om\/","og_site_name":"Satine","article_modified_time":"2024-09-09T11:38:45+00:00","og_image":[{"url":"https:\/\/www.satine.com\/wp-content\/uploads\/2022\/04\/Satine-about-ubicaciones.jpg","type":"","width":"","height":""}],"twitter_card":"summary_large_image","twitter_misc":{"Ansl. lesetid":"1 minutt"},"schema":{"@context":"https:\/\/schema.org","@graph":[{"@type":"WebPage","@id":"https:\/\/www.satine.com\/about\/","url":"https:\/\/www.satine.com\/about\/","name":"Om - Satine","isPartOf":{"@id":"https:\/\/www.satine.com\/#website"},"primaryImageOfPage":{"@id":"https:\/\/www.satine.com\/about\/#primaryimage"},"image":{"@id":"https:\/\/www.satine.com\/about\/#primaryimage"},"thumbnailUrl":"https:\/\/www.satine.com\/wp-content\/uploads\/2022\/04\/Satine-about-ubicaciones.jpg","datePublished":"2020-09-08T10:20:38+00:00","dateModified":"2024-09-09T11:38:45+00:00","breadcrumb":{"@id":"https:\/\/www.satine.com\/about\/#breadcrumb"},"inLanguage":"nb-NO","potentialAction":[{"@type":"ReadAction","target":["https:\/\/www.satine.com\/about\/"]}]},{"@type":"ImageObject","inLanguage":"nb-NO","@id":"https:\/\/www.satine.com\/about\/#primaryimage","url":"https:\/\/www.satine.com\/wp-content\/uploads\/2022\/04\/Satine-about-ubicaciones.jpg","contentUrl":"https:\/\/www.satine.com\/wp-content\/uploads\/2022\/04\/Satine-about-ubicaciones.jpg"},{"@type":"BreadcrumbList","@id":"https:\/\/www.satine.com\/about\/#breadcrumb","itemListElement":[{"@type":"ListItem","position":1,"name":"Inicio","item":"https:\/\/www.satine.com\/"},{"@type":"ListItem","position":2,"name":"About"}]},{"@type":"WebSite","@id":"https:\/\/www.satine.com\/#website","url":"https:\/\/www.satine.com\/","name":"Satine - Microcement","description":"","alternateName":"Satine - Microcement","potentialAction":[{"@type":"SearchAction","target":{"@type":"EntryPoint","urlTemplate":"https:\/\/www.satine.com\/?s={search_term_string}"},"query-input":{"@type":"PropertyValueSpecification","valueRequired":true,"valueName":"search_term_string"}}],"inLanguage":"nb-NO"}]}},"_links":{"self":[{"href":"https:\/\/www.satine.com\/nb\/wp-json\/wp\/v2\/pages\/29","targetHints":{"allow":["GET"]}}],"collection":[{"href":"https:\/\/www.satine.com\/nb\/wp-json\/wp\/v2\/pages"}],"about":[{"href":"https:\/\/www.satine.com\/nb\/wp-json\/wp\/v2\/types\/page"}],"author":[{"embeddable":true,"href":"https:\/\/www.satine.com\/nb\/wp-json\/wp\/v2\/users\/1"}],"replies":[{"embeddable":true,"href":"https:\/\/www.satine.com\/nb\/wp-json\/wp\/v2\/comments?post=29"}],"version-history":[{"count":55,"href":"https:\/\/www.satine.com\/nb\/wp-json\/wp\/v2\/pages\/29\/revisions"}],"predecessor-version":[{"id":4686,"href":"https:\/\/www.satine.com\/nb\/wp-json\/wp\/v2\/pages\/29\/revisions\/4686"}],"wp:attachment":[{"href":"https:\/\/www.satine.com\/nb\/wp-json\/wp\/v2\/media?parent=29"}],"curies":[{"name":"wp","href":"https:\/\/api.w.org\/{rel}","templated":true}]}}