{"id":2814,"date":"2020-09-09T14:58:38","date_gmt":"2020-09-09T14:58:38","guid":{"rendered":"http:\/\/clapat.ro\/themes\/canela-wordpress\/?page_id=120"},"modified":"2025-07-29T06:45:07","modified_gmt":"2025-07-29T10:45:07","slug":"mikrosement","status":"publish","type":"page","link":"https:\/\/www.satine.com\/nb\/microcement\/","title":{"rendered":"Mikrosement"},"content":{"rendered":"","protected":false},"excerpt":{"rendered":"","protected":false},"author":1,"featured_media":0,"parent":0,"menu_order":0,"comment_status":"closed","ping_status":"closed","template":"portfolio-page.php","meta":{"footnotes":""},"class_list":["post-2814","page","type-page","status-publish","hentry"],"yoast_head":"<!-- This site is optimized with the Yoast SEO plugin v27.4 - https:\/\/yoast.com\/product\/yoast-seo-wordpress\/ -->\n<title>Microcement with high quality and durability.<\/title>\n<meta name=\"description\" content=\"We offer a wide variety of products ideal for application on floors and walls, guaranteeing an impeccable and resistant finish. Whether you are looking to transform your interiors or renovate commercial spaces, our microcement materials are the perfect choice. Learn how to apply microcement easily and get to know the advantages of this versatile coating.\" \/>\n<meta name=\"robots\" content=\"index, follow, max-snippet:-1, max-image-preview:large, max-video-preview:-1\" \/>\n<link rel=\"canonical\" href=\"https:\/\/www.satine.com\/nb\/mikrosement\/\" \/>\n<meta property=\"og:locale\" content=\"nb_NO\" \/>\n<meta property=\"og:type\" content=\"article\" \/>\n<meta property=\"og:title\" content=\"Microcement with high quality and durability.\" \/>\n<meta property=\"og:description\" content=\"We offer a wide variety of products ideal for application on floors and walls, guaranteeing an impeccable and resistant finish. Whether you are looking to transform your interiors or renovate commercial spaces, our microcement materials are the perfect choice. Learn how to apply microcement easily and get to know the advantages of this versatile coating.\" \/>\n<meta property=\"og:url\" content=\"https:\/\/www.satine.com\/nb\/mikrosement\/\" \/>\n<meta property=\"og:site_name\" content=\"Satine\" \/>\n<meta property=\"article:modified_time\" content=\"2025-07-29T10:45:07+00:00\" \/>\n<meta name=\"twitter:card\" content=\"summary_large_image\" \/>\n<script type=\"application\/ld+json\" class=\"yoast-schema-graph\">{\"@context\":\"https:\\\/\\\/schema.org\",\"@graph\":[{\"@type\":\"WebPage\",\"@id\":\"https:\\\/\\\/www.satine.com\\\/microcement\\\/\",\"url\":\"https:\\\/\\\/www.satine.com\\\/microcement\\\/\",\"name\":\"Microcement with high quality and durability.\",\"isPartOf\":{\"@id\":\"https:\\\/\\\/www.satine.com\\\/#website\"},\"datePublished\":\"2020-09-09T14:58:38+00:00\",\"dateModified\":\"2025-07-29T10:45:07+00:00\",\"description\":\"We offer a wide variety of products ideal for application on floors and walls, guaranteeing an impeccable and resistant finish. Whether you are looking to transform your interiors or renovate commercial spaces, our microcement materials are the perfect choice. Learn how to apply microcement easily and get to know the advantages of this versatile coating.\",\"breadcrumb\":{\"@id\":\"https:\\\/\\\/www.satine.com\\\/microcement\\\/#breadcrumb\"},\"inLanguage\":\"nb-NO\",\"potentialAction\":[{\"@type\":\"ReadAction\",\"target\":[\"https:\\\/\\\/www.satine.com\\\/microcement\\\/\"]}]},{\"@type\":\"BreadcrumbList\",\"@id\":\"https:\\\/\\\/www.satine.com\\\/microcement\\\/#breadcrumb\",\"itemListElement\":[{\"@type\":\"ListItem\",\"position\":1,\"name\":\"Inicio\",\"item\":\"https:\\\/\\\/www.satine.com\\\/\"},{\"@type\":\"ListItem\",\"position\":2,\"name\":\"Microcement\"}]},{\"@type\":\"WebSite\",\"@id\":\"https:\\\/\\\/www.satine.com\\\/#website\",\"url\":\"https:\\\/\\\/www.satine.com\\\/\",\"name\":\"Satine - Microcement\",\"description\":\"\",\"alternateName\":\"Satine - Microcement\",\"potentialAction\":[{\"@type\":\"SearchAction\",\"target\":{\"@type\":\"EntryPoint\",\"urlTemplate\":\"https:\\\/\\\/www.satine.com\\\/?s={search_term_string}\"},\"query-input\":{\"@type\":\"PropertyValueSpecification\",\"valueRequired\":true,\"valueName\":\"search_term_string\"}}],\"inLanguage\":\"nb-NO\"}]}<\/script>\n<!-- \/ Yoast SEO plugin. -->","yoast_head_json":{"title":"Mikrosement med h\u00f8y kvalitet og holdbarhet.","description":"Vi tilbyr et bredt utvalg av produkter som er ideelle for p\u00e5f\u00f8ring p\u00e5 gulv og vegger, og som garanterer en up\u00e5klagelig og motstandsdyktig finish. Enten du \u00f8nsker \u00e5 forvandle interi\u00f8ret eller renovere kommersielle omr\u00e5der, er v\u00e5re mikrosementmaterialer det perfekte valget. L\u00e6r hvordan du enkelt p\u00e5f\u00f8rer mikrosement, og bli kjent med fordelene med dette allsidige belegget.","robots":{"index":"index","follow":"follow","max-snippet":"max-snippet:-1","max-image-preview":"max-image-preview:large","max-video-preview":"max-video-preview:-1"},"canonical":"https:\/\/www.satine.com\/nb\/mikrosement\/","og_locale":"nb_NO","og_type":"article","og_title":"Microcement with high quality and durability.","og_description":"We offer a wide variety of products ideal for application on floors and walls, guaranteeing an impeccable and resistant finish. Whether you are looking to transform your interiors or renovate commercial spaces, our microcement materials are the perfect choice. Learn how to apply microcement easily and get to know the advantages of this versatile coating.","og_url":"https:\/\/www.satine.com\/nb\/mikrosement\/","og_site_name":"Satine","article_modified_time":"2025-07-29T10:45:07+00:00","twitter_card":"summary_large_image","schema":{"@context":"https:\/\/schema.org","@graph":[{"@type":"WebPage","@id":"https:\/\/www.satine.com\/microcement\/","url":"https:\/\/www.satine.com\/microcement\/","name":"Mikrosement med h\u00f8y kvalitet og holdbarhet.","isPartOf":{"@id":"https:\/\/www.satine.com\/#website"},"datePublished":"2020-09-09T14:58:38+00:00","dateModified":"2025-07-29T10:45:07+00:00","description":"Vi tilbyr et bredt utvalg av produkter som er ideelle for p\u00e5f\u00f8ring p\u00e5 gulv og vegger, og som garanterer en up\u00e5klagelig og motstandsdyktig finish. Enten du \u00f8nsker \u00e5 forvandle interi\u00f8ret eller renovere kommersielle omr\u00e5der, er v\u00e5re mikrosementmaterialer det perfekte valget. L\u00e6r hvordan du enkelt p\u00e5f\u00f8rer mikrosement, og bli kjent med fordelene med dette allsidige belegget.","breadcrumb":{"@id":"https:\/\/www.satine.com\/microcement\/#breadcrumb"},"inLanguage":"nb-NO","potentialAction":[{"@type":"ReadAction","target":["https:\/\/www.satine.com\/microcement\/"]}]},{"@type":"BreadcrumbList","@id":"https:\/\/www.satine.com\/microcement\/#breadcrumb","itemListElement":[{"@type":"ListItem","position":1,"name":"Inicio","item":"https:\/\/www.satine.com\/"},{"@type":"ListItem","position":2,"name":"Microcement"}]},{"@type":"WebSite","@id":"https:\/\/www.satine.com\/#website","url":"https:\/\/www.satine.com\/","name":"Satine - Microcement","description":"","alternateName":"Satine - Microcement","potentialAction":[{"@type":"SearchAction","target":{"@type":"EntryPoint","urlTemplate":"https:\/\/www.satine.com\/?s={search_term_string}"},"query-input":{"@type":"PropertyValueSpecification","valueRequired":true,"valueName":"search_term_string"}}],"inLanguage":"nb-NO"}]}},"_links":{"self":[{"href":"https:\/\/www.satine.com\/nb\/wp-json\/wp\/v2\/pages\/2814","targetHints":{"allow":["GET"]}}],"collection":[{"href":"https:\/\/www.satine.com\/nb\/wp-json\/wp\/v2\/pages"}],"about":[{"href":"https:\/\/www.satine.com\/nb\/wp-json\/wp\/v2\/types\/page"}],"author":[{"embeddable":true,"href":"https:\/\/www.satine.com\/nb\/wp-json\/wp\/v2\/users\/1"}],"replies":[{"embeddable":true,"href":"https:\/\/www.satine.com\/nb\/wp-json\/wp\/v2\/comments?post=2814"}],"version-history":[{"count":3,"href":"https:\/\/www.satine.com\/nb\/wp-json\/wp\/v2\/pages\/2814\/revisions"}],"predecessor-version":[{"id":4650,"href":"https:\/\/www.satine.com\/nb\/wp-json\/wp\/v2\/pages\/2814\/revisions\/4650"}],"wp:attachment":[{"href":"https:\/\/www.satine.com\/nb\/wp-json\/wp\/v2\/media?parent=2814"}],"curies":[{"name":"wp","href":"https:\/\/api.w.org\/{rel}","templated":true}]}}