{"id":2811,"date":"2020-09-07T17:48:28","date_gmt":"2020-09-07T22:48:28","guid":{"rendered":"http:\/\/clapat.ro\/themes\/canela-wordpress\/?page_id=3"},"modified":"2024-07-30T08:38:18","modified_gmt":"2024-07-30T13:38:18","slug":"aviso-legal","status":"publish","type":"page","link":"https:\/\/www.satine.com\/nb\/aviso-legal\/","title":{"rendered":"Aviso Legal"},"content":{"rendered":"<h2 class=\"wp-block-heading\"><\/h2>\n\n\n\n<h3 class=\"wp-block-heading\">1. IDENTIFIKASJONSDATA<\/h3>\n\n\n\n<p class=\"legal\">En cumplimiento con el deber de informaci\u00f3n recogido en art\u00edculo 10 de la Ley 34\/2002, de 11 de julio, de Servicios de la Sociedad de la Informaci\u00f3n y del Comercio Electr\u00f3nico, a continuaci\u00f3n se reflejan los siguientes datos: la empresa titular de dominio web es Satine Factory S.L. (en adelante Satine), con domicilio a estos efectos en Carrer Coure, 16 -24, 12530, Burriana, Castell\u00f3n, n\u00famero de C.I.F.: B97543227 inscrita en el Registro Mercantil de Valencia en el tomo 8083 general, libro 5375, secci\u00f3n 8, folio 179, Hoja V 103031. Correo electr\u00f3nico de contacto: info@satine.es del sitio web.<\/p>\n\n\n\n<h3 class=\"wp-block-heading\">2. USUARIOS<\/h3>\n\n\n\n<p class=\"legal\">Tilgang til og\/eller bruk av denne Satine-portalen er underlagt USUARIOs vilk\u00e5r, som aksepterer, fra og med denne tilgangen og\/eller bruken, de generelle bruksvilk\u00e5rene som er angitt her. De nevnte vilk\u00e5rene gjelder uavhengig av de generelle kontraktsvilk\u00e5rene, som i s\u00e5 fall m\u00e5 overholdes.<\/p>\n\n\n\n<h3 class=\"wp-block-heading\">3. USO DEL PORTAL<\/h3>\n\n\n\n<p class=\"legal\">www.satine.com gir tilgang til en rekke opplysninger, tjenester, programmer og data (heretter kalt \"innholdet\") p\u00e5 Internett som tilh\u00f8rer SATINE eller deres lisensinnehavere, og som USUARIO har tilgang til. USUARIO p\u00e5tar seg ansvaret for bruken av portalen. Dette ansvaret omfatter ikke registrering som er n\u00f8dvendig for \u00e5 f\u00e5 tilgang til bestemte tjenester eller innhold.<br>I denne registreringen er USUARIO ansvarlig for \u00e5 oppgi sann og korrekt informasjon. Som en konsekvens av denne registreringen kan USUARIO gi en motpart som han er ansvarlig for, og forplikter seg til \u00e5 bruke den p\u00e5 en aktsom og konfidensiell m\u00e5te. USUARIO forplikter seg til \u00e5 bruke innholdet og tjenestene (som for eksempel chattetjenester, diskusjonsfora eller nyhetsgrupper) som Nombre de la empresa creadora del sitio web ofrece a trav\u00e9s de su portal y con car\u00e1cter enunciativo pero no limitativo, a no emplearlos para (i) incurrir en actividades il\u00edcitas, ilegales o contrarias a la buena fe y al orden p\u00fablico; (ii) distribuere innhold eller propaganda av rasistisk, fremmedfiendtlig, pornografisk, ulovlig, terroristisk eller menneskefiendtlig karakter; (iii) provocar da\u00f1os en los sistemas f\u00edsicos y l\u00f3gicos de Nombre de la empresa creadora del sitio web , de sus proveedores o de terceras personas, introducir o difundir en la red virus inform\u00e1ticos o cualesquiera otros sistemas f\u00edsicos o l\u00f3gicos que sean susceptibles de provocar los da\u00f1os anteriormente mencionados; (iv) intentar acceder y, en su caso, utilizar las cuentas de correo electr\u00f3nico de otros usuarios y modificaro manipular sus mensajes. Nombre de la empresa creadora del siteo web se reserva el derecho de retirar todos aquellos comentarios y aportaciones que vulneren el respeto a la dignidad de la persona, que sean discriminatorios, xen\u00f3fobos, racistas, pornogr\u00e1ficos, que atenten contra la juventud o la infancia, el orden o la seguridad p\u00fablica o que, a su juicio, no resultaran adecuados para su publicaci\u00f3n. I alle tilfeller er Satine Stone ikke ansvarlig for meningene som brukerne gir uttrykk for gjennom forum, chatter og andre deltakelsesverkt\u00f8y.<\/p>\n\n\n\n<h3 class=\"wp-block-heading\">4. BESKYTTELSE AV DATA<\/h3>\n\n\n\n<p class=\"legal\">Satine f\u00f8lger retningslinjene i Ley Org\u00e1nica 15\/1999 de 13 de diciembre de Protecci\u00f3n de Datos de Car\u00e1cter Personal, el Real Decreto 1720\/2007 de 21 de diciembre por el que se aprueba el Reglamento de desarrollo de la Ley Org\u00e1nica y dem\u00e1s normativa vigente en cada momento, y vela por garantizar un correcto uso y tratamiento de los datos personales del usuario. For \u00e5 oppn\u00e5 dette, i tilknytning til hvert enkelt skjema for tilbakef\u00f8ring av personopplysninger, i de tjenestene som brukeren kan be om p\u00e5 info@satine.es, m\u00e5 brukeren informeres om eksistensen og aksepten av de s\u00e6rlige vilk\u00e5rene for behandling av sine personopplysninger i hvert enkelt tilfelle, inform\u00e1ndole de la responsabilidad del fichero creado, la direcci\u00f3n del responsable, la posibilidad de ejercer sus derechos de acceso, rectificaci\u00f3n, cancelaci\u00f3n u oposici\u00f3n, la finalidad del tratamiento y las comunicaciones de datos a terceros en su caso.<br>Satine Stone informerer ogs\u00e5 om at vi overholder lov 34\/2002 av 11. juli 2002 om tjenester i informasjonssamfunnet og elektronisk handel og ber om samtykke til behandling av ditt elektroniske postnummer med kommersielle form\u00e5l i hvert \u00f8yeblikk.<\/p>\n\n\n\n<h3 class=\"wp-block-heading\">5. PROPIEDAD INTELECTUAL E INDUSTRIA<\/h3>\n\n\n\n<p class=\"legal\">Satine por s\u00ed o como cesionaria, es titular de todos los derechos de propiedad intelectual e industrial desu p\u00e1gina web, as\u00ed como de los elementos contenidos en la misma (a t\u00edtulo enunciativo, im\u00e1genes, sonido, audio, v\u00eddeo, software o textos; marcas o logotipos, combinaciones de colores, estructura y dise\u00f1o, selecci\u00f3n de materiales usados, programas de ordenador necesarios para su funcionamiento, acceso y uso, etc.), titularidad de Satine o bien de sus licenciantes.<br>Alle rettigheter forbeholdes. En virtud de lo dispuesto en los art\u00edculos 8 y 32.1, p\u00e1rrafo segundo, de la Ley de Propiedad Intelectual, quedan expresamente prohibidas la reproducci\u00f3n, la distribuci\u00f3n y la comunicaci\u00f3n p\u00fablica, incluida su modalidad de puesta a disposici\u00f3n, de la totalidad o parte de los contenidos de esta p\u00e1gina web, con fines comerciales, en cualquier soporte y por cualquier medio t\u00e9cnico, sin la autorizaci\u00f3n de Satine. USUARIO forplikter seg til \u00e5 respektere Satines eiendomsrett og industrielle eiendomsrett. Du kan visualisere elementene p\u00e5 portalen og ogs\u00e5 skrive ut, kopiere og lagre dem p\u00e5 din datamaskins disk eller p\u00e5 et annet fysisk sted, alltid og utelukkende til personlig og privat bruk. El USUARIO deber\u00e1 abstenerse de suprimir, alterar, eludir o manipular cualquier dispositivo de protecci\u00f3n o sistema de seguridad que estuviera instalado en el las p\u00e1ginas de Satine.<\/p>\n\n\n\n<h3 class=\"wp-block-heading\">6. UTELUKKELSE AV GARANTIER OG ANSVAR<\/h3>\n\n\n\n<p class=\"legal\">Satine er ikke ansvarlig, i noe tilfelle, for skader og skader av enhver art som kan oppst\u00e5, med forbehold om dette: feil og mangler i innholdet, manglende tilgjengelighet p\u00e5 portalen eller overf\u00f8ring av virus eller skadelige programmer i innholdet, til tross for at vi har tatt i bruk alle n\u00f8dvendige tekniske hjelpemidler for \u00e5 unng\u00e5 dette.<\/p>\n\n\n\n<h3 class=\"wp-block-heading\">7. MODIFICACIONES<\/h3>\n\n\n\n<p class=\"legal\">Satine se reserva el derecho de efectuar sin previo aviso las modificaciones que considere oportunas en su portal, pudiendocambiar, suprimir o a\u00f1adir tanto los contenidos y servicios que se presten a trav\u00e9s de la misma como la forma en la que \u00e9stos aparezcan presentados o localizados en su portal.<\/p>\n\n\n\n<h3 class=\"wp-block-heading\">8. ENLACES<\/h3>\n\n\n\n<p class=\"legal\">En el caso de que en www.satine.com se dispusiesen enlaces o hiperv\u00ednculos hac\u00eda otros sitios de Internet, Satine no ejercer\u00e1 ning\u00fan tipo de control sobre dichos sitios y contenidos. I intet tilfelle p\u00e5tar Satine seg noe som helst ansvar for innholdet i et nettsted som tilh\u00f8rer et annet nettsted, og garanterer heller ikke tilgjengeligheten, kvaliteten, p\u00e5liteligheten, n\u00f8yaktigheten, omfanget, sannheten, gyldigheten og innholdet i noe materiale eller informasjon som finnes p\u00e5 noen av disse nettsidene eller andre nettsteder.<br>Igualmente la inclusi\u00f3n de estas conexiones externas no implicar\u00e1 ning\u00fan tipo de asociaci\u00f3n, fusi\u00f3n o participaci\u00f3n con las entidades conectadas<\/p>\n\n\n\n<h3 class=\"wp-block-heading\">9. DERECHO DE EXCLUSI\u00d3N<\/h3>\n\n\n\n<p class=\"legal\">Satine se reserva el derecho a denegar o retirar el acceso a portal y\/o los servicios ofrecidos sin necesidad de preaviso, a instancia propia o de un tercero, a aquellos usuarios que incumplan las presentes Condiciones Generales de Uso.<\/p>\n\n\n\n<h3 class=\"wp-block-heading\">10. GENERALIDADES<\/h3>\n\n\n<p class=\"legal\">Satine perseguir\u00e1 el incumplimiento de las presentes condiciones as\u00ed como cualquier utilizaci\u00f3n indebida de su portal ejerciendo todas las acciones civiles y penales que le puedan corresponder en derecho.<\/p>\n\n\n<h3 class=\"wp-block-heading\">11. MODIFICACI\u00d3N DE LAS PRESENTES CONDICIONES Y DURACI\u00d3N<\/h3>\n\n\n\n<p class=\"legal\">Satine podr\u00e1 modificar en cualquier momento las condiciones aqu\u00ed determinadas, siendo debidamente publicadas como aqu\u00ed aparecen.<br>La vigencia de las citadas condiciones ir\u00e1 en funci\u00f3n de su exposici\u00f3n y estar\u00e1n vigentes hasta debidamente publicadas. que sean modificadas por otras.<\/p>\n\n\n\n<h3 class=\"wp-block-heading\">12. ANVENDELIG LOVGIVNING OG JURISDIKSJON<\/h3>\n\n\n\n<p class=\"legal\">La relaci\u00f3n entre Satine y el USUARIO se regir\u00e1 por la normativa espa\u00f1ola vigente y cualquier controversia se someter\u00e1 a los Juzgados y tribunales de la ciudad de Valencia.<\/p>","protected":false},"excerpt":{"rendered":"<p>1. DATOS IDENTIFICATIVOS En cumplimiento con el deber de informaci\u00f3n recogido en art\u00edculo 10 de la Ley 34\/2002, de 11 de julio, de Servicios de la Sociedad de la Informaci\u00f3n y del Comercio Electr\u00f3nico, a continuaci\u00f3n se reflejan los siguientes datos: la empresa titular de dominio web es Satine Factory S.L. (en adelante Satine), con [&hellip;]<\/p>\n","protected":false},"author":1,"featured_media":0,"parent":0,"menu_order":0,"comment_status":"closed","ping_status":"closed","template":"","meta":{"footnotes":""},"class_list":["post-2811","page","type-page","status-publish","hentry"],"yoast_head":"<!-- This site is optimized with the Yoast SEO plugin v27.4 - https:\/\/yoast.com\/product\/yoast-seo-wordpress\/ -->\n<title>Aviso Legal - Satine<\/title>\n<meta name=\"robots\" content=\"index, follow, max-snippet:-1, max-image-preview:large, max-video-preview:-1\" \/>\n<link rel=\"canonical\" href=\"https:\/\/www.satine.com\/nb\/aviso-legal\/\" \/>\n<meta property=\"og:locale\" content=\"nb_NO\" \/>\n<meta property=\"og:type\" content=\"article\" \/>\n<meta property=\"og:title\" content=\"Aviso Legal - Satine\" \/>\n<meta property=\"og:description\" content=\"1. DATOS IDENTIFICATIVOS En cumplimiento con el deber de informaci\u00f3n recogido en art\u00edculo 10 de la Ley 34\/2002, de 11 de julio, de Servicios de la Sociedad de la Informaci\u00f3n y del Comercio Electr\u00f3nico, a continuaci\u00f3n se reflejan los siguientes datos: la empresa titular de dominio web es Satine Factory S.L. (en adelante Satine), con [&hellip;]\" \/>\n<meta property=\"og:url\" content=\"https:\/\/www.satine.com\/nb\/aviso-legal\/\" \/>\n<meta property=\"og:site_name\" content=\"Satine\" \/>\n<meta property=\"article:modified_time\" content=\"2024-07-30T13:38:18+00:00\" \/>\n<meta name=\"twitter:card\" content=\"summary_large_image\" \/>\n<meta name=\"twitter:label1\" content=\"Ansl. lesetid\" \/>\n\t<meta name=\"twitter:data1\" content=\"6 minutter\" \/>\n<script type=\"application\/ld+json\" class=\"yoast-schema-graph\">{\"@context\":\"https:\\\/\\\/schema.org\",\"@graph\":[{\"@type\":\"WebPage\",\"@id\":\"https:\\\/\\\/www.satine.com\\\/aviso-legal\\\/\",\"url\":\"https:\\\/\\\/www.satine.com\\\/aviso-legal\\\/\",\"name\":\"Aviso Legal - Satine\",\"isPartOf\":{\"@id\":\"https:\\\/\\\/www.satine.com\\\/#website\"},\"datePublished\":\"2020-09-07T22:48:28+00:00\",\"dateModified\":\"2024-07-30T13:38:18+00:00\",\"breadcrumb\":{\"@id\":\"https:\\\/\\\/www.satine.com\\\/aviso-legal\\\/#breadcrumb\"},\"inLanguage\":\"nb-NO\",\"potentialAction\":[{\"@type\":\"ReadAction\",\"target\":[\"https:\\\/\\\/www.satine.com\\\/aviso-legal\\\/\"]}]},{\"@type\":\"BreadcrumbList\",\"@id\":\"https:\\\/\\\/www.satine.com\\\/aviso-legal\\\/#breadcrumb\",\"itemListElement\":[{\"@type\":\"ListItem\",\"position\":1,\"name\":\"Inicio\",\"item\":\"https:\\\/\\\/www.satine.com\\\/\"},{\"@type\":\"ListItem\",\"position\":2,\"name\":\"Aviso Legal\"}]},{\"@type\":\"WebSite\",\"@id\":\"https:\\\/\\\/www.satine.com\\\/#website\",\"url\":\"https:\\\/\\\/www.satine.com\\\/\",\"name\":\"Satine - Microcement\",\"description\":\"\",\"alternateName\":\"Satine - Microcement\",\"potentialAction\":[{\"@type\":\"SearchAction\",\"target\":{\"@type\":\"EntryPoint\",\"urlTemplate\":\"https:\\\/\\\/www.satine.com\\\/?s={search_term_string}\"},\"query-input\":{\"@type\":\"PropertyValueSpecification\",\"valueRequired\":true,\"valueName\":\"search_term_string\"}}],\"inLanguage\":\"nb-NO\"}]}<\/script>\n<!-- \/ Yoast SEO plugin. -->","yoast_head_json":{"title":"Aviso Legal - Satine","robots":{"index":"index","follow":"follow","max-snippet":"max-snippet:-1","max-image-preview":"max-image-preview:large","max-video-preview":"max-video-preview:-1"},"canonical":"https:\/\/www.satine.com\/nb\/aviso-legal\/","og_locale":"nb_NO","og_type":"article","og_title":"Aviso Legal - Satine","og_description":"1. DATOS IDENTIFICATIVOS En cumplimiento con el deber de informaci\u00f3n recogido en art\u00edculo 10 de la Ley 34\/2002, de 11 de julio, de Servicios de la Sociedad de la Informaci\u00f3n y del Comercio Electr\u00f3nico, a continuaci\u00f3n se reflejan los siguientes datos: la empresa titular de dominio web es Satine Factory S.L. (en adelante Satine), con [&hellip;]","og_url":"https:\/\/www.satine.com\/nb\/aviso-legal\/","og_site_name":"Satine","article_modified_time":"2024-07-30T13:38:18+00:00","twitter_card":"summary_large_image","twitter_misc":{"Ansl. lesetid":"6 minutter"},"schema":{"@context":"https:\/\/schema.org","@graph":[{"@type":"WebPage","@id":"https:\/\/www.satine.com\/aviso-legal\/","url":"https:\/\/www.satine.com\/aviso-legal\/","name":"Aviso Legal - Satine","isPartOf":{"@id":"https:\/\/www.satine.com\/#website"},"datePublished":"2020-09-07T22:48:28+00:00","dateModified":"2024-07-30T13:38:18+00:00","breadcrumb":{"@id":"https:\/\/www.satine.com\/aviso-legal\/#breadcrumb"},"inLanguage":"nb-NO","potentialAction":[{"@type":"ReadAction","target":["https:\/\/www.satine.com\/aviso-legal\/"]}]},{"@type":"BreadcrumbList","@id":"https:\/\/www.satine.com\/aviso-legal\/#breadcrumb","itemListElement":[{"@type":"ListItem","position":1,"name":"Inicio","item":"https:\/\/www.satine.com\/"},{"@type":"ListItem","position":2,"name":"Aviso Legal"}]},{"@type":"WebSite","@id":"https:\/\/www.satine.com\/#website","url":"https:\/\/www.satine.com\/","name":"Satine - Microcement","description":"","alternateName":"Satine - Microcement","potentialAction":[{"@type":"SearchAction","target":{"@type":"EntryPoint","urlTemplate":"https:\/\/www.satine.com\/?s={search_term_string}"},"query-input":{"@type":"PropertyValueSpecification","valueRequired":true,"valueName":"search_term_string"}}],"inLanguage":"nb-NO"}]}},"_links":{"self":[{"href":"https:\/\/www.satine.com\/nb\/wp-json\/wp\/v2\/pages\/2811","targetHints":{"allow":["GET"]}}],"collection":[{"href":"https:\/\/www.satine.com\/nb\/wp-json\/wp\/v2\/pages"}],"about":[{"href":"https:\/\/www.satine.com\/nb\/wp-json\/wp\/v2\/types\/page"}],"author":[{"embeddable":true,"href":"https:\/\/www.satine.com\/nb\/wp-json\/wp\/v2\/users\/1"}],"replies":[{"embeddable":true,"href":"https:\/\/www.satine.com\/nb\/wp-json\/wp\/v2\/comments?post=2811"}],"version-history":[{"count":11,"href":"https:\/\/www.satine.com\/nb\/wp-json\/wp\/v2\/pages\/2811\/revisions"}],"predecessor-version":[{"id":4618,"href":"https:\/\/www.satine.com\/nb\/wp-json\/wp\/v2\/pages\/2811\/revisions\/4618"}],"wp:attachment":[{"href":"https:\/\/www.satine.com\/nb\/wp-json\/wp\/v2\/media?parent=2811"}],"curies":[{"name":"wp","href":"https:\/\/api.w.org\/{rel}","templated":true}]}}