{"id":20,"date":"2020-09-08T09:04:38","date_gmt":"2020-09-08T09:04:38","guid":{"rendered":"http:\/\/clapat.ro\/themes\/canela-wordpress\/?page_id=20"},"modified":"2024-10-14T04:04:34","modified_gmt":"2024-10-14T08:04:34","slug":"home","status":"publish","type":"page","link":"https:\/\/www.satine.com\/nb\/","title":{"rendered":"Utstillingsvindu"},"content":{"rendered":"","protected":false},"excerpt":{"rendered":"","protected":false},"author":1,"featured_media":0,"parent":0,"menu_order":0,"comment_status":"closed","ping_status":"closed","template":"showcase-page.php","meta":{"footnotes":""},"class_list":["post-20","page","type-page","status-publish","hentry"],"yoast_head":"<!-- This site is optimized with the Yoast SEO plugin v27.5 - https:\/\/yoast.com\/product\/yoast-seo-wordpress\/ -->\n<title>Microcement Satine | Continuous pavement, epoxy, floors<\/title>\n<meta name=\"description\" content=\"Satine Stone, a chemical laboratory, manufacturer of all types of resins, additives, cement derivatives, microcement, and specialized in continuous flooring. Today, we are present in the most demanding markets worldwide and hold the most important quality and environmental certifications.\" \/>\n<meta name=\"robots\" content=\"index, follow, max-snippet:-1, max-image-preview:large, max-video-preview:-1\" \/>\n<link rel=\"canonical\" href=\"https:\/\/www.satine.com\/nb\/\" \/>\n<meta property=\"og:locale\" content=\"nb_NO\" \/>\n<meta property=\"og:type\" content=\"article\" \/>\n<meta property=\"og:title\" content=\"Microcement Satine | Continuous pavement, epoxy, floors\" \/>\n<meta property=\"og:description\" content=\"Satine Stone, a chemical laboratory, manufacturer of all types of resins, additives, cement derivatives, microcement, and specialized in continuous flooring. Today, we are present in the most demanding markets worldwide and hold the most important quality and environmental certifications.\" \/>\n<meta property=\"og:url\" content=\"https:\/\/www.satine.com\/nb\/\" \/>\n<meta property=\"og:site_name\" content=\"Satine\" \/>\n<meta property=\"article:modified_time\" content=\"2024-10-14T08:04:34+00:00\" \/>\n<meta name=\"twitter:card\" content=\"summary_large_image\" \/>\n<script type=\"application\/ld+json\" class=\"yoast-schema-graph\">{\"@context\":\"https:\\\/\\\/schema.org\",\"@graph\":[{\"@type\":\"WebPage\",\"@id\":\"https:\\\/\\\/www.satine.com\\\/\",\"url\":\"https:\\\/\\\/www.satine.com\\\/\",\"name\":\"Microcement Satine | Continuous pavement, epoxy, floors\",\"isPartOf\":{\"@id\":\"https:\\\/\\\/www.satine.com\\\/#website\"},\"datePublished\":\"2020-09-08T09:04:38+00:00\",\"dateModified\":\"2024-10-14T08:04:34+00:00\",\"description\":\"Satine Stone, a chemical laboratory, manufacturer of all types of resins, additives, cement derivatives, microcement, and specialized in continuous flooring. Today, we are present in the most demanding markets worldwide and hold the most important quality and environmental certifications.\",\"breadcrumb\":{\"@id\":\"https:\\\/\\\/www.satine.com\\\/#breadcrumb\"},\"inLanguage\":\"nb-NO\",\"potentialAction\":[{\"@type\":\"ReadAction\",\"target\":[\"https:\\\/\\\/www.satine.com\\\/\"]}]},{\"@type\":\"BreadcrumbList\",\"@id\":\"https:\\\/\\\/www.satine.com\\\/#breadcrumb\",\"itemListElement\":[{\"@type\":\"ListItem\",\"position\":1,\"name\":\"Inicio\",\"item\":\"https:\\\/\\\/www.satine.com\\\/\"},{\"@type\":\"ListItem\",\"position\":2,\"name\":\"Showcase\"}]},{\"@type\":\"WebSite\",\"@id\":\"https:\\\/\\\/www.satine.com\\\/#website\",\"url\":\"https:\\\/\\\/www.satine.com\\\/\",\"name\":\"Satine - Microcement\",\"description\":\"\",\"alternateName\":\"Satine - Microcement\",\"potentialAction\":[{\"@type\":\"SearchAction\",\"target\":{\"@type\":\"EntryPoint\",\"urlTemplate\":\"https:\\\/\\\/www.satine.com\\\/?s={search_term_string}\"},\"query-input\":{\"@type\":\"PropertyValueSpecification\",\"valueRequired\":true,\"valueName\":\"search_term_string\"}}],\"inLanguage\":\"nb-NO\"}]}<\/script>\n<!-- \/ Yoast SEO plugin. -->","yoast_head_json":{"title":"Microcement Satine | Kontinuerlig fortau, epoxy, gulv","description":"Satine Stone, et kjemisk laboratorium, produsent av alle typer harpikser, tilsetningsstoffer, sementderivater, mikrosement og spesialisert p\u00e5 kontinuerlige gulvbelegg. I dag er vi til stede p\u00e5 de mest krevende markedene over hele verden og innehar de viktigste kvalitets- og milj\u00f8sertifiseringene.","robots":{"index":"index","follow":"follow","max-snippet":"max-snippet:-1","max-image-preview":"max-image-preview:large","max-video-preview":"max-video-preview:-1"},"canonical":"https:\/\/www.satine.com\/nb\/","og_locale":"nb_NO","og_type":"article","og_title":"Microcement Satine | Continuous pavement, epoxy, floors","og_description":"Satine Stone, a chemical laboratory, manufacturer of all types of resins, additives, cement derivatives, microcement, and specialized in continuous flooring. Today, we are present in the most demanding markets worldwide and hold the most important quality and environmental certifications.","og_url":"https:\/\/www.satine.com\/nb\/","og_site_name":"Satine","article_modified_time":"2024-10-14T08:04:34+00:00","twitter_card":"summary_large_image","schema":{"@context":"https:\/\/schema.org","@graph":[{"@type":"WebPage","@id":"https:\/\/www.satine.com\/","url":"https:\/\/www.satine.com\/","name":"Microcement Satine | Kontinuerlig fortau, epoxy, gulv","isPartOf":{"@id":"https:\/\/www.satine.com\/#website"},"datePublished":"2020-09-08T09:04:38+00:00","dateModified":"2024-10-14T08:04:34+00:00","description":"Satine Stone, et kjemisk laboratorium, produsent av alle typer harpikser, tilsetningsstoffer, sementderivater, mikrosement og spesialisert p\u00e5 kontinuerlige gulvbelegg. I dag er vi til stede p\u00e5 de mest krevende markedene over hele verden og innehar de viktigste kvalitets- og milj\u00f8sertifiseringene.","breadcrumb":{"@id":"https:\/\/www.satine.com\/#breadcrumb"},"inLanguage":"nb-NO","potentialAction":[{"@type":"ReadAction","target":["https:\/\/www.satine.com\/"]}]},{"@type":"BreadcrumbList","@id":"https:\/\/www.satine.com\/#breadcrumb","itemListElement":[{"@type":"ListItem","position":1,"name":"Inicio","item":"https:\/\/www.satine.com\/"},{"@type":"ListItem","position":2,"name":"Showcase"}]},{"@type":"WebSite","@id":"https:\/\/www.satine.com\/#website","url":"https:\/\/www.satine.com\/","name":"Satine - Microcement","description":"","alternateName":"Satine - Microcement","potentialAction":[{"@type":"SearchAction","target":{"@type":"EntryPoint","urlTemplate":"https:\/\/www.satine.com\/?s={search_term_string}"},"query-input":{"@type":"PropertyValueSpecification","valueRequired":true,"valueName":"search_term_string"}}],"inLanguage":"nb-NO"}]}},"_links":{"self":[{"href":"https:\/\/www.satine.com\/nb\/wp-json\/wp\/v2\/pages\/20","targetHints":{"allow":["GET"]}}],"collection":[{"href":"https:\/\/www.satine.com\/nb\/wp-json\/wp\/v2\/pages"}],"about":[{"href":"https:\/\/www.satine.com\/nb\/wp-json\/wp\/v2\/types\/page"}],"author":[{"embeddable":true,"href":"https:\/\/www.satine.com\/nb\/wp-json\/wp\/v2\/users\/1"}],"replies":[{"embeddable":true,"href":"https:\/\/www.satine.com\/nb\/wp-json\/wp\/v2\/comments?post=20"}],"version-history":[{"count":1,"href":"https:\/\/www.satine.com\/nb\/wp-json\/wp\/v2\/pages\/20\/revisions"}],"predecessor-version":[{"id":2847,"href":"https:\/\/www.satine.com\/nb\/wp-json\/wp\/v2\/pages\/20\/revisions\/2847"}],"wp:attachment":[{"href":"https:\/\/www.satine.com\/nb\/wp-json\/wp\/v2\/media?parent=20"}],"curies":[{"name":"wp","href":"https:\/\/api.w.org\/{rel}","templated":true}]}}