{"id":5682,"date":"2025-01-29T06:13:40","date_gmt":"2025-01-29T11:13:40","guid":{"rendered":"https:\/\/www.satine.com\/?page_id=5682"},"modified":"2025-01-29T06:23:21","modified_gmt":"2025-01-29T11:23:21","slug":"microcement-stockholm-lan","status":"publish","type":"page","link":"https:\/\/www.satine.com\/it\/microcement-sweden\/microcement-stockholm-lan\/","title":{"rendered":"Microcement Stockholm l\u00e4n"},"content":{"rendered":"<p id=\"block-fddfe453-0fd1-4d6a-93d9-4d3f79e5b873\">Abbiamo sviluppato progetti con il microcemento in tutto il mondo. <strong>Stockholm l\u00e4n<\/strong>: Estocolmo, S\u00f6dert\u00e4lje, Haninge, Nacka, Sollentuna among other locations. We specialize in the renovation of homes and businesses, where our certified applicators exclusively use the products we manufacture. The quality of our materials, the training of our applicators, and the experience of our sales team are the hallmarks that best define us. We are a well-established brand, leaders in the production of microcement in Europe. We offer continuous and durable decorative coverings, as well as free technical advice from the beginning to the end of the project. We like to listen to our clients and accompany them beyond the construction to meet their needs. We are experts in the sale, training, and application of microcement in <strong><strong><strong><strong>Stockholm l\u00e4n<\/strong><\/strong><\/strong><\/strong>.<strong> <\/strong>I nostri sistemi si adattano alle esigenze di ogni progetto per renderlo unico. Aiutiamo a realizzare i vostri progetti in modo rapido ed efficiente.<\/p>\n\n\n\n<h3 class=\"wp-block-heading\" id=\"block-86bd5f1f-77ca-4f03-9e51-42ade90f20c2\"><br><img decoding=\"async\" src=\"https:\/\/www.satine.com\/wp-content\/uploads\/2024\/07\/Microcemento-Satine-1024x1024.png\" alt=\"\"><br><br><strong>Che cos'\u00e8 il microcemento?<\/strong><\/h3>\n\n\n\n<p id=\"block-1a45ce3c-70dc-46d1-ab1c-0e375cc8cc4f\">Il microcemento \u00e8 un rivestimento uniforme che pu\u00f2 essere applicato a diverse superfici e ambienti: pareti, pavimenti, soffitti, scale, bagni, piscine, cucine, tra gli altri. La sua caratteristica principale \u00e8 quella di far risparmiare tempo e denaro rispetto ad altri rivestimenti, rendendolo molto popolare. Questa finitura \u00e8 composta da cemento, resine, pigmenti e additivi e offre una finitura unica grazie alla sua applicazione artigianale. Ha un'ottima adesione e pu\u00f2 essere utilizzata su diversi materiali come cemento, piastrelle, ceramica, cartongesso, gesso, metalli, marmo e mosaico, tra gli altri. Questo rivestimento sottile, con uno spessore di soli 2 o 3 mm, ha acquisito importanza nel campo della decorazione negli ultimi anni, in quanto sempre pi\u00f9 architetti, interior designer e decoratori scelgono il microcemento per tutti i tipi di ristrutturazione di case e aziende. L'assenza di giunti di dilatazione determina una superficie liscia e uniforme, che conferisce ampiezza, luminosit\u00e0 ed eleganza allo spazio in cui viene integrata. L'assenza di giunti facilita inoltre la pulizia e la manutenzione, in quanto evita l'accumulo di sporco.<\/p>\n\n\n\n<h3 class=\"wp-block-heading\" id=\"block-4dc62d45-6ac1-44a6-94dc-1b4e9385f609\"><br><strong>Contattare Satine microcemento in <strong><strong><strong><strong>Stockholm l\u00e4n<\/strong><\/strong><\/strong><\/strong><\/strong><\/h3>\n\n\n\n<p id=\"block-8247123f-dd8f-4079-a0a8-273fbd2c5156\">Se desiderate maggiori informazioni sui microcementi Satine in <strong>Stockholm l\u00e4n<\/strong>Per richiedere un preventivo personalizzato per un progetto, un materiale o per qualsiasi domanda su di noi, contattateci.<\/p>","protected":false},"excerpt":{"rendered":"<p>We have been developing projects with microcement throughout Stockholm l\u00e4n: Estocolmo, S\u00f6dert\u00e4lje, Haninge, Nacka, Sollentuna among other locations. We specialize in the renovation of homes and businesses, where our certified applicators exclusively use the products we manufacture. The quality of our materials, the training of our applicators, and the experience of our sales team are [&hellip;]<\/p>\n","protected":false},"author":1,"featured_media":0,"parent":4428,"menu_order":0,"comment_status":"closed","ping_status":"closed","template":"","meta":{"footnotes":""},"class_list":["post-5682","page","type-page","status-publish","hentry"],"yoast_head":"<!-- This site is optimized with the Yoast SEO plugin v27.3 - https:\/\/yoast.com\/product\/yoast-seo-wordpress\/ -->\n<title>Microcement Stockholm l\u00e4n - Satine<\/title>\n<meta name=\"description\" content=\"We have been developing projects with microcement throughout Stockholm l\u00e4n: Estocolmo, S\u00f6dert\u00e4lje, Haninge, Nacka, Sollentuna among other locations. We specialize in the renovation of homes and businesses, where our certified applicators exclusively use the products we manufacture.\" \/>\n<meta name=\"robots\" content=\"index, follow, max-snippet:-1, max-image-preview:large, max-video-preview:-1\" \/>\n<link rel=\"canonical\" href=\"https:\/\/www.satine.com\/it\/microcement-sweden\/microcement-stockholm-lan\/\" \/>\n<meta property=\"og:locale\" content=\"it_IT\" \/>\n<meta property=\"og:type\" content=\"article\" \/>\n<meta property=\"og:title\" content=\"Microcement Stockholm l\u00e4n - Satine\" \/>\n<meta property=\"og:description\" content=\"We have been developing projects with microcement throughout Stockholm l\u00e4n: Estocolmo, S\u00f6dert\u00e4lje, Haninge, Nacka, Sollentuna among other locations. We specialize in the renovation of homes and businesses, where our certified applicators exclusively use the products we manufacture.\" \/>\n<meta property=\"og:url\" content=\"https:\/\/www.satine.com\/it\/microcement-sweden\/microcement-stockholm-lan\/\" \/>\n<meta property=\"og:site_name\" content=\"Satine\" \/>\n<meta property=\"article:modified_time\" content=\"2025-01-29T11:23:21+00:00\" \/>\n<meta property=\"og:image\" content=\"https:\/\/www.satine.com\/wp-content\/uploads\/2024\/07\/Microcemento-Satine-1024x1024.png\" \/>\n<meta name=\"twitter:card\" content=\"summary_large_image\" \/>\n<meta name=\"twitter:label1\" content=\"Tempo di lettura stimato\" \/>\n\t<meta name=\"twitter:data1\" content=\"2 minuti\" \/>\n<script type=\"application\/ld+json\" class=\"yoast-schema-graph\">{\"@context\":\"https:\\\/\\\/schema.org\",\"@graph\":[{\"@type\":\"WebPage\",\"@id\":\"https:\\\/\\\/www.satine.com\\\/microcement-sweden\\\/microcement-stockholm-lan\\\/\",\"url\":\"https:\\\/\\\/www.satine.com\\\/microcement-sweden\\\/microcement-stockholm-lan\\\/\",\"name\":\"Microcement Stockholm l\u00e4n - Satine\",\"isPartOf\":{\"@id\":\"https:\\\/\\\/www.satine.com\\\/#website\"},\"primaryImageOfPage\":{\"@id\":\"https:\\\/\\\/www.satine.com\\\/microcement-sweden\\\/microcement-stockholm-lan\\\/#primaryimage\"},\"image\":{\"@id\":\"https:\\\/\\\/www.satine.com\\\/microcement-sweden\\\/microcement-stockholm-lan\\\/#primaryimage\"},\"thumbnailUrl\":\"https:\\\/\\\/www.satine.com\\\/wp-content\\\/uploads\\\/2024\\\/07\\\/Microcemento-Satine-1024x1024.png\",\"datePublished\":\"2025-01-29T11:13:40+00:00\",\"dateModified\":\"2025-01-29T11:23:21+00:00\",\"description\":\"We have been developing projects with microcement throughout Stockholm l\u00e4n: Estocolmo, S\u00f6dert\u00e4lje, Haninge, Nacka, Sollentuna among other locations. We specialize in the renovation of homes and businesses, where our certified applicators exclusively use the products we manufacture.\",\"breadcrumb\":{\"@id\":\"https:\\\/\\\/www.satine.com\\\/microcement-sweden\\\/microcement-stockholm-lan\\\/#breadcrumb\"},\"inLanguage\":\"it-IT\",\"potentialAction\":[{\"@type\":\"ReadAction\",\"target\":[\"https:\\\/\\\/www.satine.com\\\/microcement-sweden\\\/microcement-stockholm-lan\\\/\"]}]},{\"@type\":\"ImageObject\",\"inLanguage\":\"it-IT\",\"@id\":\"https:\\\/\\\/www.satine.com\\\/microcement-sweden\\\/microcement-stockholm-lan\\\/#primaryimage\",\"url\":\"https:\\\/\\\/www.satine.com\\\/wp-content\\\/uploads\\\/2024\\\/07\\\/Microcemento-Satine-1024x1024.png\",\"contentUrl\":\"https:\\\/\\\/www.satine.com\\\/wp-content\\\/uploads\\\/2024\\\/07\\\/Microcemento-Satine-1024x1024.png\"},{\"@type\":\"BreadcrumbList\",\"@id\":\"https:\\\/\\\/www.satine.com\\\/microcement-sweden\\\/microcement-stockholm-lan\\\/#breadcrumb\",\"itemListElement\":[{\"@type\":\"ListItem\",\"position\":1,\"name\":\"Inicio\",\"item\":\"https:\\\/\\\/www.satine.com\\\/\"},{\"@type\":\"ListItem\",\"position\":2,\"name\":\"Microcement Sweden\",\"item\":\"https:\\\/\\\/www.satine.com\\\/microcement-sweden\\\/\"},{\"@type\":\"ListItem\",\"position\":3,\"name\":\"Microcement Stockholm l\u00e4n\"}]},{\"@type\":\"WebSite\",\"@id\":\"https:\\\/\\\/www.satine.com\\\/#website\",\"url\":\"https:\\\/\\\/www.satine.com\\\/\",\"name\":\"Satine - Microcement\",\"description\":\"\",\"alternateName\":\"Satine - Microcement\",\"potentialAction\":[{\"@type\":\"SearchAction\",\"target\":{\"@type\":\"EntryPoint\",\"urlTemplate\":\"https:\\\/\\\/www.satine.com\\\/?s={search_term_string}\"},\"query-input\":{\"@type\":\"PropertyValueSpecification\",\"valueRequired\":true,\"valueName\":\"search_term_string\"}}],\"inLanguage\":\"it-IT\"}]}<\/script>\n<!-- \/ Yoast SEO plugin. -->","yoast_head_json":{"title":"Microcement Stockholm l\u00e4n - Satine","description":"We have been developing projects with microcement throughout Stockholm l\u00e4n: Estocolmo, S\u00f6dert\u00e4lje, Haninge, Nacka, Sollentuna among other locations. We specialize in the renovation of homes and businesses, where our certified applicators exclusively use the products we manufacture.","robots":{"index":"index","follow":"follow","max-snippet":"max-snippet:-1","max-image-preview":"max-image-preview:large","max-video-preview":"max-video-preview:-1"},"canonical":"https:\/\/www.satine.com\/it\/microcement-sweden\/microcement-stockholm-lan\/","og_locale":"it_IT","og_type":"article","og_title":"Microcement Stockholm l\u00e4n - Satine","og_description":"We have been developing projects with microcement throughout Stockholm l\u00e4n: Estocolmo, S\u00f6dert\u00e4lje, Haninge, Nacka, Sollentuna among other locations. We specialize in the renovation of homes and businesses, where our certified applicators exclusively use the products we manufacture.","og_url":"https:\/\/www.satine.com\/it\/microcement-sweden\/microcement-stockholm-lan\/","og_site_name":"Satine","article_modified_time":"2025-01-29T11:23:21+00:00","og_image":[{"url":"https:\/\/www.satine.com\/wp-content\/uploads\/2024\/07\/Microcemento-Satine-1024x1024.png","type":"","width":"","height":""}],"twitter_card":"summary_large_image","twitter_misc":{"Tempo di lettura stimato":"2 minuti"},"schema":{"@context":"https:\/\/schema.org","@graph":[{"@type":"WebPage","@id":"https:\/\/www.satine.com\/microcement-sweden\/microcement-stockholm-lan\/","url":"https:\/\/www.satine.com\/microcement-sweden\/microcement-stockholm-lan\/","name":"Microcement Stockholm l\u00e4n - Satine","isPartOf":{"@id":"https:\/\/www.satine.com\/#website"},"primaryImageOfPage":{"@id":"https:\/\/www.satine.com\/microcement-sweden\/microcement-stockholm-lan\/#primaryimage"},"image":{"@id":"https:\/\/www.satine.com\/microcement-sweden\/microcement-stockholm-lan\/#primaryimage"},"thumbnailUrl":"https:\/\/www.satine.com\/wp-content\/uploads\/2024\/07\/Microcemento-Satine-1024x1024.png","datePublished":"2025-01-29T11:13:40+00:00","dateModified":"2025-01-29T11:23:21+00:00","description":"We have been developing projects with microcement throughout Stockholm l\u00e4n: Estocolmo, S\u00f6dert\u00e4lje, Haninge, Nacka, Sollentuna among other locations. We specialize in the renovation of homes and businesses, where our certified applicators exclusively use the products we manufacture.","breadcrumb":{"@id":"https:\/\/www.satine.com\/microcement-sweden\/microcement-stockholm-lan\/#breadcrumb"},"inLanguage":"it-IT","potentialAction":[{"@type":"ReadAction","target":["https:\/\/www.satine.com\/microcement-sweden\/microcement-stockholm-lan\/"]}]},{"@type":"ImageObject","inLanguage":"it-IT","@id":"https:\/\/www.satine.com\/microcement-sweden\/microcement-stockholm-lan\/#primaryimage","url":"https:\/\/www.satine.com\/wp-content\/uploads\/2024\/07\/Microcemento-Satine-1024x1024.png","contentUrl":"https:\/\/www.satine.com\/wp-content\/uploads\/2024\/07\/Microcemento-Satine-1024x1024.png"},{"@type":"BreadcrumbList","@id":"https:\/\/www.satine.com\/microcement-sweden\/microcement-stockholm-lan\/#breadcrumb","itemListElement":[{"@type":"ListItem","position":1,"name":"Inicio","item":"https:\/\/www.satine.com\/"},{"@type":"ListItem","position":2,"name":"Microcement Sweden","item":"https:\/\/www.satine.com\/microcement-sweden\/"},{"@type":"ListItem","position":3,"name":"Microcement Stockholm l\u00e4n"}]},{"@type":"WebSite","@id":"https:\/\/www.satine.com\/#website","url":"https:\/\/www.satine.com\/","name":"Satine - Microcemento","description":"","alternateName":"Satine - Microcement","potentialAction":[{"@type":"SearchAction","target":{"@type":"EntryPoint","urlTemplate":"https:\/\/www.satine.com\/?s={search_term_string}"},"query-input":{"@type":"PropertyValueSpecification","valueRequired":true,"valueName":"search_term_string"}}],"inLanguage":"it-IT"}]}},"_links":{"self":[{"href":"https:\/\/www.satine.com\/it\/wp-json\/wp\/v2\/pages\/5682","targetHints":{"allow":["GET"]}}],"collection":[{"href":"https:\/\/www.satine.com\/it\/wp-json\/wp\/v2\/pages"}],"about":[{"href":"https:\/\/www.satine.com\/it\/wp-json\/wp\/v2\/types\/page"}],"author":[{"embeddable":true,"href":"https:\/\/www.satine.com\/it\/wp-json\/wp\/v2\/users\/1"}],"replies":[{"embeddable":true,"href":"https:\/\/www.satine.com\/it\/wp-json\/wp\/v2\/comments?post=5682"}],"version-history":[{"count":1,"href":"https:\/\/www.satine.com\/it\/wp-json\/wp\/v2\/pages\/5682\/revisions"}],"predecessor-version":[{"id":5683,"href":"https:\/\/www.satine.com\/it\/wp-json\/wp\/v2\/pages\/5682\/revisions\/5683"}],"up":[{"embeddable":true,"href":"https:\/\/www.satine.com\/it\/wp-json\/wp\/v2\/pages\/4428"}],"wp:attachment":[{"href":"https:\/\/www.satine.com\/it\/wp-json\/wp\/v2\/media?parent=5682"}],"curies":[{"name":"wp","href":"https:\/\/api.w.org\/{rel}","templated":true}]}}