{"id":5656,"date":"2025-01-29T03:35:39","date_gmt":"2025-01-29T08:35:39","guid":{"rendered":"https:\/\/www.satine.com\/?page_id=5656"},"modified":"2025-12-09T07:34:23","modified_gmt":"2025-12-09T12:34:23","slug":"microcement-gavleborg-lan","status":"publish","type":"page","link":"https:\/\/www.satine.com\/it\/microcement-sweden\/microcement-gavleborg-lan\/","title":{"rendered":"Microcement G\u00e4vle"},"content":{"rendered":"<p id=\"block-d9c79856-7519-493a-8110-9e0aee57ab7b\">Abbiamo sviluppato progetti con il microcemento in tutto il mondo. <strong>G\u00e4vleborg l\u00e4n: G\u00e4vle, Sandviken, S\u00f6derhamn, Hudiksvall, Bolln\u00e4s<\/strong> tra le altre sedi. Siamo specializzati nella ristrutturazione di case e aziende, dove i nostri applicatori certificati utilizzano esclusivamente i prodotti di nostra produzione. La qualit\u00e0 dei nostri materiali, la formazione dei nostri applicatori e l'esperienza del nostro team di vendita sono le caratteristiche che ci contraddistinguono. Siamo un marchio consolidato, leader nella produzione di microcemento in Europa. Offriamo rivestimenti decorativi continui e duraturi, oltre a una consulenza tecnica gratuita dall'inizio alla fine del progetto. Ci piace ascoltare i nostri clienti e accompagnarli oltre la costruzione per soddisfare le loro esigenze. Siamo esperti nella vendita, nella formazione e nell'applicazione del microcemento in <strong><strong><strong><strong><strong><strong>G\u00e4vleborg l\u00e4n<\/strong><\/strong><\/strong><\/strong><\/strong><\/strong>.Our systems adapt to the needs of each project to make it unique. We help make your projects a reality quickly and efficiently.<\/p>\n\n\n\n<h3 class=\"wp-block-heading\" id=\"block-66b6d90f-c3fb-4495-a387-868f7c5381d1\"><br><img decoding=\"async\" src=\"https:\/\/www.satine.com\/wp-content\/uploads\/2024\/07\/Microcemento-Satine-1024x1024.png\" alt=\"\"><br><br><strong>Che cos'\u00e8 il microcemento?<\/strong><\/h3>\n\n\n\n<p id=\"block-f15806e3-afef-40e5-b83c-ef2e5e44364a\">Il microcemento \u00e8 un rivestimento uniforme che pu\u00f2 essere applicato a diverse superfici e ambienti: pareti, pavimenti, soffitti, scale, bagni, piscine, cucine, tra gli altri. La sua caratteristica principale \u00e8 quella di far risparmiare tempo e denaro rispetto ad altri rivestimenti, rendendolo molto popolare. Questa finitura \u00e8 composta da cemento, resine, pigmenti e additivi e offre una finitura unica grazie alla sua applicazione artigianale. Ha un'ottima adesione e pu\u00f2 essere utilizzata su diversi materiali come cemento, piastrelle, ceramica, cartongesso, gesso, metalli, marmo e mosaico, tra gli altri. Questo rivestimento sottile, con uno spessore di soli 2 o 3 mm, ha acquisito importanza nel campo della decorazione negli ultimi anni, in quanto sempre pi\u00f9 architetti, interior designer e decoratori scelgono il microcemento per tutti i tipi di ristrutturazione di case e aziende. L'assenza di giunti di dilatazione determina una superficie liscia e uniforme, che conferisce ampiezza, luminosit\u00e0 ed eleganza allo spazio in cui viene integrata. L'assenza di giunti facilita inoltre la pulizia e la manutenzione, in quanto evita l'accumulo di sporco.<\/p>\n\n\n\n<h3 class=\"wp-block-heading\" id=\"block-380813ee-f78c-4288-a9d8-922e8a71c4f4\"><br><strong>Contattare Satine microcemento in&nbsp;<strong><strong><strong><strong><strong>G\u00e4vleborg l\u00e4n<\/strong><\/strong><\/strong><\/strong><\/strong><\/strong><\/h3>\n\n\n\n<p id=\"block-05fa4781-b9dc-4486-8c73-fde925535976\">Se desiderate maggiori informazioni sui microcementi Satine in <strong><strong><strong><strong><strong><strong>G\u00e4vleborg l\u00e4n<\/strong><\/strong><\/strong><\/strong><\/strong><\/strong>Per richiedere un preventivo personalizzato per un progetto, un materiale o per qualsiasi domanda su di noi, contattateci.<\/p>\n\n\n\n<p><\/p>","protected":false},"excerpt":{"rendered":"<p>We have been developing projects with microcement throughout G\u00e4vleborg l\u00e4n: G\u00e4vle, Sandviken, S\u00f6derhamn, Hudiksvall, Bolln\u00e4s among other locations. We specialize in the renovation of homes and businesses, where our certified applicators exclusively use the products we manufacture. The quality of our materials, the training of our applicators, and the experience of our sales team are [&hellip;]<\/p>\n","protected":false},"author":1,"featured_media":0,"parent":4428,"menu_order":0,"comment_status":"closed","ping_status":"closed","template":"","meta":{"footnotes":""},"class_list":["post-5656","page","type-page","status-publish","hentry"],"yoast_head":"<!-- This site is optimized with the Yoast SEO plugin v27.3 - https:\/\/yoast.com\/product\/yoast-seo-wordpress\/ -->\n<title>Microcement G\u00e4vle - Satine | Specialists in High-Quality Finishes<\/title>\n<meta name=\"description\" content=\"We have been developing projects with microcement throughout G\u00e4vleborg l\u00e4n: G\u00e4vle, Sandviken, S\u00f6derhamn, Hudiksvall, Bolln\u00e4s among other locations. We specialize in the renovation of homes and businesses, where our certified applicators exclusively use the products we manufacture.\" \/>\n<meta name=\"robots\" content=\"index, follow, max-snippet:-1, max-image-preview:large, max-video-preview:-1\" \/>\n<link rel=\"canonical\" href=\"https:\/\/www.satine.com\/it\/microcement-sweden\/microcement-gavleborg-lan\/\" \/>\n<meta property=\"og:locale\" content=\"it_IT\" \/>\n<meta property=\"og:type\" content=\"article\" \/>\n<meta property=\"og:title\" content=\"Microcement G\u00e4vle - Satine | Specialists in High-Quality Finishes\" \/>\n<meta property=\"og:description\" content=\"We have been developing projects with microcement throughout G\u00e4vleborg l\u00e4n: G\u00e4vle, Sandviken, S\u00f6derhamn, Hudiksvall, Bolln\u00e4s among other locations. We specialize in the renovation of homes and businesses, where our certified applicators exclusively use the products we manufacture.\" \/>\n<meta property=\"og:url\" content=\"https:\/\/www.satine.com\/it\/microcement-sweden\/microcement-gavleborg-lan\/\" \/>\n<meta property=\"og:site_name\" content=\"Satine\" \/>\n<meta property=\"article:modified_time\" content=\"2025-12-09T12:34:23+00:00\" \/>\n<meta property=\"og:image\" content=\"https:\/\/www.satine.com\/wp-content\/uploads\/2024\/07\/Microcemento-Satine-1024x1024.png\" \/>\n<meta name=\"twitter:card\" content=\"summary_large_image\" \/>\n<meta name=\"twitter:label1\" content=\"Tempo di lettura stimato\" \/>\n\t<meta name=\"twitter:data1\" content=\"2 minuti\" \/>\n<script type=\"application\/ld+json\" class=\"yoast-schema-graph\">{\"@context\":\"https:\\\/\\\/schema.org\",\"@graph\":[{\"@type\":\"WebPage\",\"@id\":\"https:\\\/\\\/www.satine.com\\\/microcement-sweden\\\/microcement-gavleborg-lan\\\/\",\"url\":\"https:\\\/\\\/www.satine.com\\\/microcement-sweden\\\/microcement-gavleborg-lan\\\/\",\"name\":\"Microcement G\u00e4vle - Satine | Specialists in High-Quality Finishes\",\"isPartOf\":{\"@id\":\"https:\\\/\\\/www.satine.com\\\/#website\"},\"primaryImageOfPage\":{\"@id\":\"https:\\\/\\\/www.satine.com\\\/microcement-sweden\\\/microcement-gavleborg-lan\\\/#primaryimage\"},\"image\":{\"@id\":\"https:\\\/\\\/www.satine.com\\\/microcement-sweden\\\/microcement-gavleborg-lan\\\/#primaryimage\"},\"thumbnailUrl\":\"https:\\\/\\\/www.satine.com\\\/wp-content\\\/uploads\\\/2024\\\/07\\\/Microcemento-Satine-1024x1024.png\",\"datePublished\":\"2025-01-29T08:35:39+00:00\",\"dateModified\":\"2025-12-09T12:34:23+00:00\",\"description\":\"We have been developing projects with microcement throughout G\u00e4vleborg l\u00e4n: G\u00e4vle, Sandviken, S\u00f6derhamn, Hudiksvall, Bolln\u00e4s among other locations. We specialize in the renovation of homes and businesses, where our certified applicators exclusively use the products we manufacture.\",\"breadcrumb\":{\"@id\":\"https:\\\/\\\/www.satine.com\\\/microcement-sweden\\\/microcement-gavleborg-lan\\\/#breadcrumb\"},\"inLanguage\":\"it-IT\",\"potentialAction\":[{\"@type\":\"ReadAction\",\"target\":[\"https:\\\/\\\/www.satine.com\\\/microcement-sweden\\\/microcement-gavleborg-lan\\\/\"]}]},{\"@type\":\"ImageObject\",\"inLanguage\":\"it-IT\",\"@id\":\"https:\\\/\\\/www.satine.com\\\/microcement-sweden\\\/microcement-gavleborg-lan\\\/#primaryimage\",\"url\":\"https:\\\/\\\/www.satine.com\\\/wp-content\\\/uploads\\\/2024\\\/07\\\/Microcemento-Satine-1024x1024.png\",\"contentUrl\":\"https:\\\/\\\/www.satine.com\\\/wp-content\\\/uploads\\\/2024\\\/07\\\/Microcemento-Satine-1024x1024.png\"},{\"@type\":\"BreadcrumbList\",\"@id\":\"https:\\\/\\\/www.satine.com\\\/microcement-sweden\\\/microcement-gavleborg-lan\\\/#breadcrumb\",\"itemListElement\":[{\"@type\":\"ListItem\",\"position\":1,\"name\":\"Inicio\",\"item\":\"https:\\\/\\\/www.satine.com\\\/\"},{\"@type\":\"ListItem\",\"position\":2,\"name\":\"Microcement Sweden\",\"item\":\"https:\\\/\\\/www.satine.com\\\/microcement-sweden\\\/\"},{\"@type\":\"ListItem\",\"position\":3,\"name\":\"Microcement G\u00e4vle\"}]},{\"@type\":\"WebSite\",\"@id\":\"https:\\\/\\\/www.satine.com\\\/#website\",\"url\":\"https:\\\/\\\/www.satine.com\\\/\",\"name\":\"Satine - Microcement\",\"description\":\"\",\"alternateName\":\"Satine - Microcement\",\"potentialAction\":[{\"@type\":\"SearchAction\",\"target\":{\"@type\":\"EntryPoint\",\"urlTemplate\":\"https:\\\/\\\/www.satine.com\\\/?s={search_term_string}\"},\"query-input\":{\"@type\":\"PropertyValueSpecification\",\"valueRequired\":true,\"valueName\":\"search_term_string\"}}],\"inLanguage\":\"it-IT\"}]}<\/script>\n<!-- \/ Yoast SEO plugin. -->","yoast_head_json":{"title":"Microcement G\u00e4vle - Satine | Specialists in High-Quality Finishes","description":"We have been developing projects with microcement throughout G\u00e4vleborg l\u00e4n: G\u00e4vle, Sandviken, S\u00f6derhamn, Hudiksvall, Bolln\u00e4s among other locations. We specialize in the renovation of homes and businesses, where our certified applicators exclusively use the products we manufacture.","robots":{"index":"index","follow":"follow","max-snippet":"max-snippet:-1","max-image-preview":"max-image-preview:large","max-video-preview":"max-video-preview:-1"},"canonical":"https:\/\/www.satine.com\/it\/microcement-sweden\/microcement-gavleborg-lan\/","og_locale":"it_IT","og_type":"article","og_title":"Microcement G\u00e4vle - Satine | Specialists in High-Quality Finishes","og_description":"We have been developing projects with microcement throughout G\u00e4vleborg l\u00e4n: G\u00e4vle, Sandviken, S\u00f6derhamn, Hudiksvall, Bolln\u00e4s among other locations. We specialize in the renovation of homes and businesses, where our certified applicators exclusively use the products we manufacture.","og_url":"https:\/\/www.satine.com\/it\/microcement-sweden\/microcement-gavleborg-lan\/","og_site_name":"Satine","article_modified_time":"2025-12-09T12:34:23+00:00","og_image":[{"url":"https:\/\/www.satine.com\/wp-content\/uploads\/2024\/07\/Microcemento-Satine-1024x1024.png","type":"","width":"","height":""}],"twitter_card":"summary_large_image","twitter_misc":{"Tempo di lettura stimato":"2 minuti"},"schema":{"@context":"https:\/\/schema.org","@graph":[{"@type":"WebPage","@id":"https:\/\/www.satine.com\/microcement-sweden\/microcement-gavleborg-lan\/","url":"https:\/\/www.satine.com\/microcement-sweden\/microcement-gavleborg-lan\/","name":"Microcement G\u00e4vle - Satine | Specialists in High-Quality Finishes","isPartOf":{"@id":"https:\/\/www.satine.com\/#website"},"primaryImageOfPage":{"@id":"https:\/\/www.satine.com\/microcement-sweden\/microcement-gavleborg-lan\/#primaryimage"},"image":{"@id":"https:\/\/www.satine.com\/microcement-sweden\/microcement-gavleborg-lan\/#primaryimage"},"thumbnailUrl":"https:\/\/www.satine.com\/wp-content\/uploads\/2024\/07\/Microcemento-Satine-1024x1024.png","datePublished":"2025-01-29T08:35:39+00:00","dateModified":"2025-12-09T12:34:23+00:00","description":"We have been developing projects with microcement throughout G\u00e4vleborg l\u00e4n: G\u00e4vle, Sandviken, S\u00f6derhamn, Hudiksvall, Bolln\u00e4s among other locations. We specialize in the renovation of homes and businesses, where our certified applicators exclusively use the products we manufacture.","breadcrumb":{"@id":"https:\/\/www.satine.com\/microcement-sweden\/microcement-gavleborg-lan\/#breadcrumb"},"inLanguage":"it-IT","potentialAction":[{"@type":"ReadAction","target":["https:\/\/www.satine.com\/microcement-sweden\/microcement-gavleborg-lan\/"]}]},{"@type":"ImageObject","inLanguage":"it-IT","@id":"https:\/\/www.satine.com\/microcement-sweden\/microcement-gavleborg-lan\/#primaryimage","url":"https:\/\/www.satine.com\/wp-content\/uploads\/2024\/07\/Microcemento-Satine-1024x1024.png","contentUrl":"https:\/\/www.satine.com\/wp-content\/uploads\/2024\/07\/Microcemento-Satine-1024x1024.png"},{"@type":"BreadcrumbList","@id":"https:\/\/www.satine.com\/microcement-sweden\/microcement-gavleborg-lan\/#breadcrumb","itemListElement":[{"@type":"ListItem","position":1,"name":"Inicio","item":"https:\/\/www.satine.com\/"},{"@type":"ListItem","position":2,"name":"Microcement Sweden","item":"https:\/\/www.satine.com\/microcement-sweden\/"},{"@type":"ListItem","position":3,"name":"Microcement G\u00e4vle"}]},{"@type":"WebSite","@id":"https:\/\/www.satine.com\/#website","url":"https:\/\/www.satine.com\/","name":"Satine - Microcemento","description":"","alternateName":"Satine - Microcement","potentialAction":[{"@type":"SearchAction","target":{"@type":"EntryPoint","urlTemplate":"https:\/\/www.satine.com\/?s={search_term_string}"},"query-input":{"@type":"PropertyValueSpecification","valueRequired":true,"valueName":"search_term_string"}}],"inLanguage":"it-IT"}]}},"_links":{"self":[{"href":"https:\/\/www.satine.com\/it\/wp-json\/wp\/v2\/pages\/5656","targetHints":{"allow":["GET"]}}],"collection":[{"href":"https:\/\/www.satine.com\/it\/wp-json\/wp\/v2\/pages"}],"about":[{"href":"https:\/\/www.satine.com\/it\/wp-json\/wp\/v2\/types\/page"}],"author":[{"embeddable":true,"href":"https:\/\/www.satine.com\/it\/wp-json\/wp\/v2\/users\/1"}],"replies":[{"embeddable":true,"href":"https:\/\/www.satine.com\/it\/wp-json\/wp\/v2\/comments?post=5656"}],"version-history":[{"count":3,"href":"https:\/\/www.satine.com\/it\/wp-json\/wp\/v2\/pages\/5656\/revisions"}],"predecessor-version":[{"id":10904,"href":"https:\/\/www.satine.com\/it\/wp-json\/wp\/v2\/pages\/5656\/revisions\/10904"}],"up":[{"embeddable":true,"href":"https:\/\/www.satine.com\/it\/wp-json\/wp\/v2\/pages\/4428"}],"wp:attachment":[{"href":"https:\/\/www.satine.com\/it\/wp-json\/wp\/v2\/media?parent=5656"}],"curies":[{"name":"wp","href":"https:\/\/api.w.org\/{rel}","templated":true}]}}