{"id":5551,"date":"2024-09-27T04:29:37","date_gmt":"2024-09-27T08:29:37","guid":{"rendered":"https:\/\/www.satine.com\/?page_id=5551"},"modified":"2024-09-27T04:42:13","modified_gmt":"2024-09-27T08:42:13","slug":"stati-uniti","status":"publish","type":"page","link":"https:\/\/www.satine.com\/it\/usa\/","title":{"rendered":"Microcemento Stati Uniti"},"content":{"rendered":"<h2 class=\"wp-block-heading\"><strong><a href=\"https:\/\/www.satinestone.com\">Satine<\/a> Il microcemento negli Stati Uniti: Crescita, tendenze e applicazioni<\/strong><\/h2>\n\n\n\n<p>Il microcemento, un materiale di superficie versatile e innovativo, ha guadagnato una notevole popolarit\u00e0 negli Stati Uniti negli ultimi anni. Originariamente sviluppato per uso industriale, la sua finitura liscia e continua e la sua adattabilit\u00e0 lo hanno reso uno dei preferiti da architetti, interior designer e proprietari di case. Con la continua crescita della domanda di un'estetica moderna e minimalista, il microcemento sta diventando una scelta obbligata per diversi progetti, dalle case residenziali agli spazi commerciali.<\/p>\n\n\n\n<h2 class=\"wp-block-heading\"><strong>Perch\u00e9 <a href=\"https:\/\/www.satine.com\/microcement\">Microcemento<\/a> \u00e8 di tendenza negli Stati Uniti<\/strong><\/h2>\n\n\n\n<p>Il microcemento \u00e8 molto apprezzato per le sue&nbsp;<strong>versatilit\u00e0<\/strong>. Pu\u00f2 essere applicato su quasi tutte le superfici esistenti, tra cui piastrelle, cemento, legno o intonaco, senza bisogno di costose demolizioni. Questa caratteristica lo rende una scelta popolare per&nbsp;<strong>ristrutturazioni<\/strong>dove la facilit\u00e0 di applicazione e la minima interruzione sono fondamentali.<\/p>\n\n\n\n<p>I vantaggi principali del microcemento che ne hanno determinato la popolarit\u00e0 negli Stati Uniti sono:<\/p>\n\n\n\n<ol class=\"wp-block-list\">\n<li><strong>Finitura senza cuciture<\/strong>: La finitura continua e priva di giunzioni crea un'estetica elegante e moderna, facendo sembrare gli spazi pi\u00f9 ampi e puliti.<\/li>\n\n\n\n<li><strong>Durata<\/strong>: Con una corretta sigillatura, il microcemento \u00e8 altamente resistente all'usura, all'umidit\u00e0 e alle macchie, il che lo rende adatto ad aree ad alto traffico come cucine e bagni.<\/li>\n\n\n\n<li><strong>Opzioni di design versatili<\/strong>: Il microcemento \u00e8 disponibile in una variet\u00e0 di colori e finiture, dall'opaco al lucido, che consentono infinite possibilit\u00e0 di progettazione.<\/li>\n\n\n\n<li><strong>Ecologico<\/strong>: Molti prodotti in microcemento sono realizzati con materiali sostenibili, in linea con la crescente tendenza verso pratiche edilizie attente all'ambiente.<\/li>\n<\/ol>\n\n\n\n<h2 class=\"wp-block-heading\"><strong>Popolare <a href=\"https:\/\/www.satine.com\/how-to-apply-microcement\">Applicazioni<\/a> negli Stati Uniti<\/strong><\/h2>\n\n\n\n<p>Negli Stati Uniti, il microcemento viene utilizzato in una serie di applicazioni, dagli interni residenziali agli ambienti commerciali e persino all'esterno. Il suo&nbsp;<strong>look moderno<\/strong>&nbsp;e&nbsp;<strong>durata<\/strong>&nbsp;lo rendono ideale per diversi usi:<\/p>\n\n\n\n<ul class=\"wp-block-list\">\n<li><strong><a href=\"https:\/\/www.satine.com\/microcement-bathrooms\">Bagni<\/a> e aree umide<\/strong>: Le propriet\u00e0 impermeabilizzanti del microcemento lo rendono un'opzione eccellente per bagni e ambienti umidi. Pu\u00f2 essere applicato senza soluzione di continuit\u00e0 su pareti, pavimenti e persino cabine doccia, offrendo vantaggi sia estetici che funzionali.<\/li>\n\n\n\n<li><strong><a href=\"https:\/\/www.satine.com\/microcement-kitchens\">Cucine<\/a><\/strong>: Nelle cucine degli Stati Uniti, il microcemento \u00e8 spesso applicato a&nbsp;<strong>piani di lavoro<\/strong>,&nbsp;<strong>backsplash<\/strong>, e&nbsp;<strong>pavimenti<\/strong>. La sua resistenza al calore e alle macchie, insieme al suo aspetto elegante, ne fanno una scelta pratica ed elegante.<\/li>\n\n\n\n<li><strong>Spazi commerciali<\/strong>: Negozi al dettaglio, ristoranti e hotel negli Stati Uniti si rivolgono sempre pi\u00f9 al microcemento per ottenere un'estetica moderna e industriale. La facilit\u00e0 di manutenzione e l'elevata durata lo rendono ideale per gli ambienti commerciali ad alto traffico.<\/li>\n\n\n\n<li><strong>Aree esterne<\/strong>: Grazie alla sua elevata resistenza agli sbalzi di temperatura e all'umidit\u00e0, il microcemento viene utilizzato anche in spazi esterni come patii, terrazze per piscine e facciate esterne. Ci\u00f2 \u00e8 particolarmente interessante nelle regioni con climi variabili, in quanto il microcemento \u00e8 in grado di resistere al caldo, al freddo e all'umidit\u00e0 se sigillato correttamente.<\/li>\n<\/ul>\n\n\n\n<div style=\"height:30px\" aria-hidden=\"true\" class=\"wp-block-spacer\"><\/div>\n\n\n\n<figure class=\"wp-block-image size-large is-resized\"><img loading=\"lazy\" decoding=\"async\" width=\"1024\" height=\"684\" src=\"https:\/\/www.satine.com\/wp-content\/uploads\/2024\/09\/FOTO-PIGMENTO-INSTAGRAM-AMAZON-1-1024x684.jpg\" alt=\"\" class=\"wp-image-5552\" style=\"aspect-ratio:16\/9;object-fit:cover;width:1600px\" srcset=\"https:\/\/www.satine.com\/wp-content\/uploads\/2024\/09\/FOTO-PIGMENTO-INSTAGRAM-AMAZON-1-1024x684.jpg 1024w, https:\/\/www.satine.com\/wp-content\/uploads\/2024\/09\/FOTO-PIGMENTO-INSTAGRAM-AMAZON-1-300x200.jpg 300w, https:\/\/www.satine.com\/wp-content\/uploads\/2024\/09\/FOTO-PIGMENTO-INSTAGRAM-AMAZON-1-768x513.jpg 768w, https:\/\/www.satine.com\/wp-content\/uploads\/2024\/09\/FOTO-PIGMENTO-INSTAGRAM-AMAZON-1-1536x1026.jpg 1536w, https:\/\/www.satine.com\/wp-content\/uploads\/2024\/09\/FOTO-PIGMENTO-INSTAGRAM-AMAZON-1-2048x1368.jpg 2048w, https:\/\/www.satine.com\/wp-content\/uploads\/2024\/09\/FOTO-PIGMENTO-INSTAGRAM-AMAZON-1-18x12.jpg 18w\" sizes=\"auto, (max-width: 1024px) 100vw, 1024px\" \/><\/figure>\n\n\n\n<div style=\"height:30px\" aria-hidden=\"true\" class=\"wp-block-spacer\"><\/div>\n\n\n\n<h2 class=\"wp-block-heading\"><strong>La crescita del microcemento nel mercato statunitense<\/strong><\/h2>\n\n\n\n<p>Il&nbsp;<strong>Industria statunitense delle costruzioni e della progettazione<\/strong>&nbsp;ha abbracciato il microcemento sia per le nuove costruzioni che per i progetti di ristrutturazione. L'aumento di&nbsp;<strong>tendenze del design moderno e minimalista<\/strong>&nbsp;ha alimentato la popolarit\u00e0 del materiale, in quanto sempre pi\u00f9 proprietari di case e aziende cercano di creare spazi puliti e contemporanei. Inoltre, il&nbsp;<strong>Mercato del fai da te<\/strong>&nbsp;ha visto un'impennata di interesse grazie alla disponibilit\u00e0 di kit di microcemento di facile utilizzo, che consentono ai singoli di applicare il materiale senza l'aiuto di un professionista.<\/p>\n\n\n\n<p>Diversi fattori hanno contribuito al crescente utilizzo del microcemento negli Stati Uniti:<\/p>\n\n\n\n<ul class=\"wp-block-list\">\n<li><strong>Maggiore disponibilit\u00e0<\/strong>: Con l'ingresso di un maggior numero di fornitori e produttori nel mercato statunitense, i consumatori hanno un migliore accesso a prodotti in microcemento di alta qualit\u00e0.<\/li>\n\n\n\n<li><strong>Progressi tecnologici<\/strong>: I miglioramenti nelle formulazioni del microcemento ne hanno migliorato la durata, la facilit\u00e0 di applicazione e la variet\u00e0 di finiture, rendendolo pi\u00f9 interessante sia per i professionisti che per gli amanti del fai da te.<\/li>\n\n\n\n<li><strong>Edificio sostenibile<\/strong>: L'attenzione crescente per i materiali da costruzione sostenibili ha anche spinto l'interesse per il microcemento, dato che molti prodotti sono realizzati con componenti ecocompatibili.<\/li>\n<\/ul>\n\n\n\n<h2 class=\"wp-block-heading\"><strong>Sfide e considerazioni<\/strong><\/h2>\n\n\n\n<p>Sebbene il microcemento sia un'opzione fantastica per molte applicazioni, ci sono alcune considerazioni da tenere presenti per i progetti statunitensi:<\/p>\n\n\n\n<ul class=\"wp-block-list\">\n<li><strong>Applicazione corretta<\/strong>: Il processo di applicazione richiede abilit\u00e0 e precisione. Un'applicazione inadeguata del microcemento pu\u00f2 causare crepe o finiture non uniformi. \u00c8 essenziale rivolgersi a professionisti qualificati per i progetti pi\u00f9 grandi e complessi.<\/li>\n\n\n\n<li><strong>Manutenzione<\/strong>: Pur essendo durevoli, le superfici in microcemento necessitano di una manutenzione regolare, come la risigillatura ogni pochi anni, soprattutto nelle aree ad alto traffico o esposte all'acqua.<\/li>\n<\/ul>\n\n\n\n<h2 class=\"wp-block-heading\"><strong>Il microcemento nei progetti residenziali in tutti gli Stati Uniti<\/strong><\/h2>\n\n\n\n<p>Il microcemento sta diventando una scelta popolare per i proprietari di case che desiderano rinnovare le loro propriet\u00e0 con un'estetica moderna e minimalista. In tutto il Paese, le case vengono rinnovate con il microcemento per la sua versatilit\u00e0 e la capacit\u00e0 di fornire una finitura sofisticata con il minimo sforzo. Sia che venga applicato a\u00a0<strong>bagni<\/strong>,\u00a0<strong>cucine<\/strong>, o\u00a0<strong>aree di soggiorno<\/strong>Il microcemento crea una superficie senza giunture che elimina le linee di stuccatura, offrendo un aspetto pi\u00f9 pulito e raffinato.<\/p>\n\n\n\n<p>Nelle citt\u00e0 con un parco immobiliare pi\u00f9 vecchio, come&nbsp;<strong>New York<\/strong>&nbsp;e&nbsp;<strong>Boston<\/strong>La capacit\u00e0 del microcemento di essere applicato sulle superfici esistenti senza demolizioni rappresenta un enorme vantaggio. Permette ai proprietari di case di ammodernare rapidamente le loro abitazioni con il minimo disturbo, il che lo rende particolarmente interessante per le ristrutturazioni nelle aree urbane ad alta densit\u00e0.<\/p>\n\n\n\n<h2 class=\"wp-block-heading\"><strong>Progetti commerciali in microcemento negli Stati Uniti<\/strong><\/h2>\n\n\n\n<p>Nel settore commerciale, il microcemento si sta diffondendo in negozi al dettaglio, ristoranti, hotel ed edifici per uffici. Il suo\u00a0<strong>elevata durata<\/strong>\u00a0e\u00a0<strong>Manutenzione semplice<\/strong>\u00a0lo rendono perfetto per le aree ad alto traffico. Molte aziende negli Stati Uniti scelgono il microcemento per le sue caratteristiche moderne e industriali.<strong> <\/strong>che ben si adatta all'attuale tendenza all'arredamento minimalista.<\/p>\n\n\n\n<p>Ad esempio, nella vendita al dettaglio<strong> <\/strong>In tutti gli spazi degli Stati Uniti, il microcemento viene utilizzato per pavimenti, pareti e piani di lavoro, fornendo uno sfondo elegante che permette ai prodotti di essere al centro dell'attenzione. La possibilit\u00e0 di personalizzare il microcemento in vari colori e finiture consente inoltre alle aziende di creare spazi unici che riflettono l'identit\u00e0 del loro marchio.<\/p>\n\n\n\n<p>I ristoranti e i bar sono un altro settore che sta adottando il microcemento, in particolare nelle cucine e nelle aree di ristorazione. La finitura senza giunture del microcemento lo rende resistente alle macchie e facile da pulire, il che \u00e8 essenziale in ambienti in cui sono frequenti le fuoriuscite e il traffico pedonale. La capacit\u00e0 del materiale di resistere all'umidit\u00e0 e al calore lo rende perfetto per le cucine, mentre la sua versatilit\u00e0 consente ai progettisti di creare spazi eleganti con facilit\u00e0.<\/p>\n\n\n\n<div style=\"height:30px\" aria-hidden=\"true\" class=\"wp-block-spacer\"><\/div>\n\n\n\n<figure class=\"wp-block-image size-large is-resized\"><img loading=\"lazy\" decoding=\"async\" width=\"1024\" height=\"736\" src=\"https:\/\/www.satine.com\/wp-content\/uploads\/2024\/09\/Captura-de-pantalla-2024-09-17-a-las-13.01.20-3-1024x736.png\" alt=\"\" class=\"wp-image-5429\" style=\"aspect-ratio:16\/9;object-fit:cover;width:1600px\" srcset=\"https:\/\/www.satine.com\/wp-content\/uploads\/2024\/09\/Captura-de-pantalla-2024-09-17-a-las-13.01.20-3-1024x736.png 1024w, https:\/\/www.satine.com\/wp-content\/uploads\/2024\/09\/Captura-de-pantalla-2024-09-17-a-las-13.01.20-3-300x216.png 300w, https:\/\/www.satine.com\/wp-content\/uploads\/2024\/09\/Captura-de-pantalla-2024-09-17-a-las-13.01.20-3-768x552.png 768w, https:\/\/www.satine.com\/wp-content\/uploads\/2024\/09\/Captura-de-pantalla-2024-09-17-a-las-13.01.20-3-1536x1104.png 1536w, https:\/\/www.satine.com\/wp-content\/uploads\/2024\/09\/Captura-de-pantalla-2024-09-17-a-las-13.01.20-3-2048x1471.png 2048w, https:\/\/www.satine.com\/wp-content\/uploads\/2024\/09\/Captura-de-pantalla-2024-09-17-a-las-13.01.20-3-18x12.png 18w\" sizes=\"auto, (max-width: 1024px) 100vw, 1024px\" \/><\/figure>\n\n\n\n<div style=\"height:30px\" aria-hidden=\"true\" class=\"wp-block-spacer\"><\/div>\n\n\n\n<h2 class=\"wp-block-heading\"><strong>Applicazioni del microcemento per esterni negli Stati Uniti<\/strong><\/h2>\n\n\n\n<p>Il microcemento non \u00e8 limitato agli spazi interni. In diverse regioni degli Stati Uniti, in particolare in Stati come\u00a0<strong>California<\/strong>,\u00a0<strong>Florida<\/strong>, e\u00a0<strong>Texas<\/strong>Il microcemento viene utilizzato per creare spazi esterni belli e duraturi. I patii, i ponti delle piscine e le pareti esterne sono ideali per il microcemento, grazie alla sua resistenza alle condizioni climatiche mutevoli e alla sua durata contro l'umidit\u00e0.<\/p>\n\n\n\n<p>La capacit\u00e0 di creare una superficie senza soluzione di continuit\u00e0 con il microcemento consente alle aree esterne di essere coese e moderne, estendendo l'estetica del design degli interni della casa o dell'edificio all'esterno. Applicazioni esterne in aree come&nbsp;<strong>Miami<\/strong>&nbsp;e&nbsp;<strong>Los Angeles<\/strong>&nbsp;evidenziano la capacit\u00e0 del microcemento di resistere a temperature variabili e all'esposizione agli agenti atmosferici.<\/p>\n\n\n\n<h2 class=\"wp-block-heading\"><strong>Ristrutturazioni di uffici e locali commerciali<\/strong><\/h2>\n\n\n\n<p>In citt\u00e0 come\u00a0<strong>Chicago<\/strong>,\u00a0<strong>Dallas<\/strong>, e\u00a0<strong>Washington D.C.<\/strong>Il microcemento viene utilizzato per trasformare gli spazi degli uffici. L'aspetto moderno e industriale del microcemento, insieme alla sua elevata resistenza all'usura, lo rende perfetto per i pavimenti degli uffici e le aree comuni. Le linee morbide e pulite di questo materiale attraggono anche le aziende tecnologiche e gli spazi di lavoro moderni, dove spesso si cerca un design elegante e minimalista.<\/p>\n\n\n\n<p>In\u00a0<strong>Washington D.C.<\/strong>Il microcemento sta prendendo piede negli edifici governativi e negli uffici commerciali, dove il materiale viene utilizzato per creare superfici professionali e durature che richiedono una manutenzione minima. La facilit\u00e0 di pulizia e la resistenza alle crepe e all'usura del tempo rendono il microcemento una soluzione ideale per questi ambienti esigenti.<\/p>\n\n\n\n<h2 class=\"wp-block-heading\"><strong>La crescita di Microcemento negli Stati Uniti<\/strong><\/h2>\n\n\n\n<p>Il microcemento continua a crescere in popolarit\u00e0 negli Stati Uniti, con un numero crescente di progettisti, appaltatori e proprietari di case che lo scelgono per la sua versatilit\u00e0 e il suo fascino estetico. Man mano che un numero maggiore di fornitori e distributori introdurr\u00e0 il microcemento nel mercato statunitense, si prevede che la sua disponibilit\u00e0 e il suo utilizzo aumenteranno ulteriormente.<\/p>\n\n\n\n<p>Dalle lussuose case in\u00a0<strong>Los Angeles<\/strong>\u00a0a spazi commerciali in\u00a0<strong>New York<\/strong>\u00a0e aree esterne in\u00a0<strong>Miami<\/strong>Il microcemento si sta rivelando un materiale innovativo per la progettazione e la costruzione negli Stati Uniti.<\/p>\n\n\n\n<h2 class=\"wp-block-heading\"><strong>Contatta Satine microcemento negli Stati Uniti<\/strong><\/h2>\n\n\n\n<p>Se desiderate maggiori informazioni sui microcementi Satine in <strong>Stati Uniti<\/strong>Per richiedere un preventivo personalizzato per un progetto, un materiale o per qualsiasi domanda su di noi, contattateci.<\/p>","protected":false},"excerpt":{"rendered":"<p>Satine Microcement in the United States: Growth, Trends, and Applications Microcement, a versatile and innovative surface material, has gained considerable popularity in the United States in recent years. Originally developed for industrial use, its smooth, continuous finish and adaptability have made it a favorite among architects, interior designers, and homeowners. As the demand for modern, [&hellip;]<\/p>\n","protected":false},"author":1,"featured_media":0,"parent":0,"menu_order":0,"comment_status":"closed","ping_status":"closed","template":"","meta":{"footnotes":""},"class_list":["post-5551","page","type-page","status-publish","hentry"],"yoast_head":"<!-- This site is optimized with the Yoast SEO plugin v27.4 - https:\/\/yoast.com\/product\/yoast-seo-wordpress\/ -->\n<title>Microcement United States - Satine<\/title>\n<meta name=\"description\" content=\"Explore the growing popularity of microcement across the United States in both residential and commercial spaces. Learn about its versatile applications, from sleek kitchen and bathroom renovations to durable outdoor patios in cities like New York, Washington D.C., and Miami. Discover how microcement offers seamless, modern finishes that are perfect for high-traffic areas, offices, and retail spaces.\" \/>\n<meta name=\"robots\" content=\"index, follow, max-snippet:-1, max-image-preview:large, max-video-preview:-1\" \/>\n<link rel=\"canonical\" href=\"https:\/\/www.satine.com\/it\/stati-uniti\/\" \/>\n<meta property=\"og:locale\" content=\"it_IT\" \/>\n<meta property=\"og:type\" content=\"article\" \/>\n<meta property=\"og:title\" content=\"Microcement United States - Satine\" \/>\n<meta property=\"og:description\" content=\"Explore the growing popularity of microcement across the United States in both residential and commercial spaces. Learn about its versatile applications, from sleek kitchen and bathroom renovations to durable outdoor patios in cities like New York, Washington D.C., and Miami. Discover how microcement offers seamless, modern finishes that are perfect for high-traffic areas, offices, and retail spaces.\" \/>\n<meta property=\"og:url\" content=\"https:\/\/www.satine.com\/it\/stati-uniti\/\" \/>\n<meta property=\"og:site_name\" content=\"Satine\" \/>\n<meta property=\"article:modified_time\" content=\"2024-09-27T08:42:13+00:00\" \/>\n<meta property=\"og:image\" content=\"https:\/\/www.satine.com\/wp-content\/uploads\/2024\/09\/FOTO-PIGMENTO-INSTAGRAM-AMAZON-1-1024x684.jpg\" \/>\n<meta name=\"twitter:card\" content=\"summary_large_image\" \/>\n<meta name=\"twitter:label1\" content=\"Tempo di lettura stimato\" \/>\n\t<meta name=\"twitter:data1\" content=\"7 minuti\" \/>\n<script type=\"application\/ld+json\" class=\"yoast-schema-graph\">{\"@context\":\"https:\\\/\\\/schema.org\",\"@graph\":[{\"@type\":\"WebPage\",\"@id\":\"https:\\\/\\\/www.satine.com\\\/usa\\\/\",\"url\":\"https:\\\/\\\/www.satine.com\\\/usa\\\/\",\"name\":\"Microcement United States - Satine\",\"isPartOf\":{\"@id\":\"https:\\\/\\\/www.satine.com\\\/#website\"},\"primaryImageOfPage\":{\"@id\":\"https:\\\/\\\/www.satine.com\\\/usa\\\/#primaryimage\"},\"image\":{\"@id\":\"https:\\\/\\\/www.satine.com\\\/usa\\\/#primaryimage\"},\"thumbnailUrl\":\"https:\\\/\\\/www.satine.com\\\/wp-content\\\/uploads\\\/2024\\\/09\\\/FOTO-PIGMENTO-INSTAGRAM-AMAZON-1-1024x684.jpg\",\"datePublished\":\"2024-09-27T08:29:37+00:00\",\"dateModified\":\"2024-09-27T08:42:13+00:00\",\"description\":\"Explore the growing popularity of microcement across the United States in both residential and commercial spaces. Learn about its versatile applications, from sleek kitchen and bathroom renovations to durable outdoor patios in cities like New York, Washington D.C., and Miami. Discover how microcement offers seamless, modern finishes that are perfect for high-traffic areas, offices, and retail spaces.\",\"breadcrumb\":{\"@id\":\"https:\\\/\\\/www.satine.com\\\/usa\\\/#breadcrumb\"},\"inLanguage\":\"it-IT\",\"potentialAction\":[{\"@type\":\"ReadAction\",\"target\":[\"https:\\\/\\\/www.satine.com\\\/usa\\\/\"]}]},{\"@type\":\"ImageObject\",\"inLanguage\":\"it-IT\",\"@id\":\"https:\\\/\\\/www.satine.com\\\/usa\\\/#primaryimage\",\"url\":\"https:\\\/\\\/www.satine.com\\\/wp-content\\\/uploads\\\/2024\\\/09\\\/FOTO-PIGMENTO-INSTAGRAM-AMAZON-1-1024x684.jpg\",\"contentUrl\":\"https:\\\/\\\/www.satine.com\\\/wp-content\\\/uploads\\\/2024\\\/09\\\/FOTO-PIGMENTO-INSTAGRAM-AMAZON-1-1024x684.jpg\"},{\"@type\":\"BreadcrumbList\",\"@id\":\"https:\\\/\\\/www.satine.com\\\/usa\\\/#breadcrumb\",\"itemListElement\":[{\"@type\":\"ListItem\",\"position\":1,\"name\":\"Inicio\",\"item\":\"https:\\\/\\\/www.satine.com\\\/\"},{\"@type\":\"ListItem\",\"position\":2,\"name\":\"Microcement United States\"}]},{\"@type\":\"WebSite\",\"@id\":\"https:\\\/\\\/www.satine.com\\\/#website\",\"url\":\"https:\\\/\\\/www.satine.com\\\/\",\"name\":\"Satine - Microcement\",\"description\":\"\",\"alternateName\":\"Satine - Microcement\",\"potentialAction\":[{\"@type\":\"SearchAction\",\"target\":{\"@type\":\"EntryPoint\",\"urlTemplate\":\"https:\\\/\\\/www.satine.com\\\/?s={search_term_string}\"},\"query-input\":{\"@type\":\"PropertyValueSpecification\",\"valueRequired\":true,\"valueName\":\"search_term_string\"}}],\"inLanguage\":\"it-IT\"}]}<\/script>\n<!-- \/ Yoast SEO plugin. -->","yoast_head_json":{"title":"Microcemento Stati Uniti d'America - Satine","description":"Scoprite la crescente popolarit\u00e0 del microcemento negli Stati Uniti, sia in ambito residenziale che commerciale. Scoprite le sue applicazioni versatili, dalle eleganti ristrutturazioni di cucine e bagni alle resistenti terrazze esterne in citt\u00e0 come New York, Washington D.C. e Miami. Scoprite come il microcemento offra finiture moderne e senza soluzione di continuit\u00e0, perfette per aree ad alto traffico, uffici e spazi commerciali.","robots":{"index":"index","follow":"follow","max-snippet":"max-snippet:-1","max-image-preview":"max-image-preview:large","max-video-preview":"max-video-preview:-1"},"canonical":"https:\/\/www.satine.com\/it\/stati-uniti\/","og_locale":"it_IT","og_type":"article","og_title":"Microcement United States - Satine","og_description":"Explore the growing popularity of microcement across the United States in both residential and commercial spaces. Learn about its versatile applications, from sleek kitchen and bathroom renovations to durable outdoor patios in cities like New York, Washington D.C., and Miami. Discover how microcement offers seamless, modern finishes that are perfect for high-traffic areas, offices, and retail spaces.","og_url":"https:\/\/www.satine.com\/it\/stati-uniti\/","og_site_name":"Satine","article_modified_time":"2024-09-27T08:42:13+00:00","og_image":[{"url":"https:\/\/www.satine.com\/wp-content\/uploads\/2024\/09\/FOTO-PIGMENTO-INSTAGRAM-AMAZON-1-1024x684.jpg","type":"","width":"","height":""}],"twitter_card":"summary_large_image","twitter_misc":{"Tempo di lettura stimato":"7 minuti"},"schema":{"@context":"https:\/\/schema.org","@graph":[{"@type":"WebPage","@id":"https:\/\/www.satine.com\/usa\/","url":"https:\/\/www.satine.com\/usa\/","name":"Microcemento Stati Uniti d'America - Satine","isPartOf":{"@id":"https:\/\/www.satine.com\/#website"},"primaryImageOfPage":{"@id":"https:\/\/www.satine.com\/usa\/#primaryimage"},"image":{"@id":"https:\/\/www.satine.com\/usa\/#primaryimage"},"thumbnailUrl":"https:\/\/www.satine.com\/wp-content\/uploads\/2024\/09\/FOTO-PIGMENTO-INSTAGRAM-AMAZON-1-1024x684.jpg","datePublished":"2024-09-27T08:29:37+00:00","dateModified":"2024-09-27T08:42:13+00:00","description":"Scoprite la crescente popolarit\u00e0 del microcemento negli Stati Uniti, sia in ambito residenziale che commerciale. Scoprite le sue applicazioni versatili, dalle eleganti ristrutturazioni di cucine e bagni alle resistenti terrazze esterne in citt\u00e0 come New York, Washington D.C. e Miami. Scoprite come il microcemento offra finiture moderne e senza soluzione di continuit\u00e0, perfette per aree ad alto traffico, uffici e spazi commerciali.","breadcrumb":{"@id":"https:\/\/www.satine.com\/usa\/#breadcrumb"},"inLanguage":"it-IT","potentialAction":[{"@type":"ReadAction","target":["https:\/\/www.satine.com\/usa\/"]}]},{"@type":"ImageObject","inLanguage":"it-IT","@id":"https:\/\/www.satine.com\/usa\/#primaryimage","url":"https:\/\/www.satine.com\/wp-content\/uploads\/2024\/09\/FOTO-PIGMENTO-INSTAGRAM-AMAZON-1-1024x684.jpg","contentUrl":"https:\/\/www.satine.com\/wp-content\/uploads\/2024\/09\/FOTO-PIGMENTO-INSTAGRAM-AMAZON-1-1024x684.jpg"},{"@type":"BreadcrumbList","@id":"https:\/\/www.satine.com\/usa\/#breadcrumb","itemListElement":[{"@type":"ListItem","position":1,"name":"Inicio","item":"https:\/\/www.satine.com\/"},{"@type":"ListItem","position":2,"name":"Microcement United States"}]},{"@type":"WebSite","@id":"https:\/\/www.satine.com\/#website","url":"https:\/\/www.satine.com\/","name":"Satine - Microcemento","description":"","alternateName":"Satine - Microcement","potentialAction":[{"@type":"SearchAction","target":{"@type":"EntryPoint","urlTemplate":"https:\/\/www.satine.com\/?s={search_term_string}"},"query-input":{"@type":"PropertyValueSpecification","valueRequired":true,"valueName":"search_term_string"}}],"inLanguage":"it-IT"}]}},"_links":{"self":[{"href":"https:\/\/www.satine.com\/it\/wp-json\/wp\/v2\/pages\/5551","targetHints":{"allow":["GET"]}}],"collection":[{"href":"https:\/\/www.satine.com\/it\/wp-json\/wp\/v2\/pages"}],"about":[{"href":"https:\/\/www.satine.com\/it\/wp-json\/wp\/v2\/types\/page"}],"author":[{"embeddable":true,"href":"https:\/\/www.satine.com\/it\/wp-json\/wp\/v2\/users\/1"}],"replies":[{"embeddable":true,"href":"https:\/\/www.satine.com\/it\/wp-json\/wp\/v2\/comments?post=5551"}],"version-history":[{"count":5,"href":"https:\/\/www.satine.com\/it\/wp-json\/wp\/v2\/pages\/5551\/revisions"}],"predecessor-version":[{"id":5563,"href":"https:\/\/www.satine.com\/it\/wp-json\/wp\/v2\/pages\/5551\/revisions\/5563"}],"wp:attachment":[{"href":"https:\/\/www.satine.com\/it\/wp-json\/wp\/v2\/media?parent=5551"}],"curies":[{"name":"wp","href":"https:\/\/api.w.org\/{rel}","templated":true}]}}