{"id":5405,"date":"2024-09-24T04:02:40","date_gmt":"2024-09-24T08:02:40","guid":{"rendered":"https:\/\/www.satine.com\/?page_id=5405"},"modified":"2024-09-24T04:16:40","modified_gmt":"2024-09-24T08:16:40","slug":"manutenzione-del-microcemento","status":"publish","type":"page","link":"https:\/\/www.satine.com\/it\/microcement\/microcement-maintenance\/","title":{"rendered":"Manutenzione del microcemento"},"content":{"rendered":"<h2 class=\"wp-block-heading\"><strong>Cura di <a href=\"https:\/\/www.satine.com\/microcement\">Microcemento<\/a> nei primi giorni dopo l'installazione<\/strong><\/h2>\n\n\n\n<p>Il microcemento, come altri rivestimenti, subisce un processo di indurimento graduale, fondamentale per raggiungere la massima resistenza. Durante le prime 48 ore, il microcemento raggiunge circa 60% della sua resistenza meccanica e chimica. Tuttavia, l'indurimento completo si completa dopo 4 settimane, durante le quali la superficie continua a indurirsi e a migliorare le sue propriet\u00e0.<\/p>\n\n\n\n<p>Durante questo periodo critico, \u00e8 essenziale proteggere la superficie da potenziali danni. Le prime settimane sono particolarmente delicate, poich\u00e9 il microcemento, anche se al tatto pu\u00f2 sembrare asciutto, non ha ancora raggiunto la sua resistenza finale. Il rischio di graffi, segni o danni aumenta se non si prendono le dovute precauzioni. Per questo motivo, si raccomanda di non camminare sulla superficie, o di farlo il meno possibile, nei primi due giorni dopo la posa.<\/p>\n\n\n\n<p>Inoltre, durante questo periodo, si deve evitare completamente la pulizia e non si devono usare prodotti chimici. Qualsiasi contatto con liquidi, detergenti o addirittura acqua pu\u00f2 interferire con il processo di indurimento e influenzare negativamente le caratteristiche finali del microcemento, come la resistenza all'acqua o l'adesione del sigillante. Per evitare macchie o danni, assicurarsi che non si versino liquidi sulla superficie.<\/p>\n\n\n\n<div style=\"height:30px\" aria-hidden=\"true\" class=\"wp-block-spacer\"><\/div>\n\n\n\n<figure class=\"wp-block-image size-large is-resized\"><img loading=\"lazy\" decoding=\"async\" width=\"1024\" height=\"1024\" src=\"https:\/\/www.satine.com\/wp-content\/uploads\/2024\/09\/1c2d3913-e066-4cee-9c2c-622e375fa96c._CR194881229532952_SX1280_-2-1024x1024.jpg\" alt=\"\" class=\"wp-image-5406\" style=\"aspect-ratio:16\/9;object-fit:cover;width:1600px\" srcset=\"https:\/\/www.satine.com\/wp-content\/uploads\/2024\/09\/1c2d3913-e066-4cee-9c2c-622e375fa96c._CR194881229532952_SX1280_-2-1024x1024.jpg 1024w, https:\/\/www.satine.com\/wp-content\/uploads\/2024\/09\/1c2d3913-e066-4cee-9c2c-622e375fa96c._CR194881229532952_SX1280_-2-300x300.jpg 300w, https:\/\/www.satine.com\/wp-content\/uploads\/2024\/09\/1c2d3913-e066-4cee-9c2c-622e375fa96c._CR194881229532952_SX1280_-2-150x150.jpg 150w, https:\/\/www.satine.com\/wp-content\/uploads\/2024\/09\/1c2d3913-e066-4cee-9c2c-622e375fa96c._CR194881229532952_SX1280_-2-768x768.jpg 768w, https:\/\/www.satine.com\/wp-content\/uploads\/2024\/09\/1c2d3913-e066-4cee-9c2c-622e375fa96c._CR194881229532952_SX1280_-2-12x12.jpg 12w, https:\/\/www.satine.com\/wp-content\/uploads\/2024\/09\/1c2d3913-e066-4cee-9c2c-622e375fa96c._CR194881229532952_SX1280_-2.jpg 1280w\" sizes=\"auto, (max-width: 1024px) 100vw, 1024px\" \/><\/figure>\n\n\n\n<div style=\"height:30px\" aria-hidden=\"true\" class=\"wp-block-spacer\"><\/div>\n\n\n\n<hr class=\"wp-block-separator has-alpha-channel-opacity\"\/>\n\n\n\n<h2 class=\"wp-block-heading\"><strong>Cura continua per tutta la durata del microcemento<\/strong><\/h2>\n\n\n\n<p>Il microcemento \u00e8 un materiale molto resistente, ma come ogni superficie richiede una cura regolare per mantenere il suo aspetto e la sua funzionalit\u00e0. La sua manutenzione \u00e8 molto simile a quella dei pavimenti in legno naturale, il che lo rende una scelta pratica ed estetica per molti spazi.<\/p>\n\n\n\n<ol class=\"wp-block-list\">\n<li><strong>Pulizia<\/strong>: La pulizia del microcemento deve essere semplice e costante. Pulire regolarmente la superficie utilizzando solo acqua calda e sapone neutro. Questi prodotti delicati non danneggiano il sigillante o la finitura del microcemento. \u00c8 importante evitare prodotti di pulizia aggressivi o acidi che potrebbero erodere lo strato protettivo del microcemento. Sebbene il microcemento sia resistente, i prodotti chimici forti, come gli sgrassatori o i detergenti abrasivi, possono degradare la superficie nel tempo, compromettendone la durata e l'aspetto.<\/li>\n\n\n\n<li><strong>Prevenzione dei graffi<\/strong>: Poich\u00e9 il microcemento \u00e8 un rivestimento continuo senza giunti, \u00e8 fondamentale evitare che particelle abrasive, come sabbia o ghiaia, entrino in contatto con la superficie. La collocazione di uno zerbino all'ingresso della casa o dell'azienda pu\u00f2 ridurre in modo significativo la quantit\u00e0 di sporco portata dalle scarpe. Questo \u00e8 particolarmente importante nelle aree ad alto traffico, dove le piccole particelle possono graffiare la finitura del pavimento. Inoltre, \u00e8 consigliabile proteggere le gambe dei mobili con feltrini o protezioni morbide per evitare graffi durante lo spostamento. Controllate regolarmente queste protezioni per assicurarvi che siano in buone condizioni e che non vi siano attaccate particelle di sporco che potrebbero graffiare il pavimento quando i mobili vengono spostati.<\/li>\n\n\n\n<li><strong>Protezione della superficie<\/strong>: Per mantenere il microcemento in condizioni ottimali e prolungarne la durata, \u00e8 possibile applicare uno strato di cera autolucidante, simile a quella utilizzata per i pavimenti in legno. Questo non solo migliora la lucentezza e l'aspetto del pavimento, ma fornisce anche un ulteriore strato protettivo contro l'usura quotidiana. La cera aiuta a proteggere la tenuta e a mantenere il colore e la consistenza del microcemento, preservandone l'aspetto pi\u00f9 a lungo.<\/li>\n\n\n\n<li><strong>Evitare i prodotti abrasivi<\/strong>: Sebbene il microcemento sia molto resistente, \u00e8 essenziale evitare l'uso di prodotti abrasivi come candeggina, acidi forti o solventi. Si devono evitare anche spazzole metalliche o spugne troppo dure, perch\u00e9 questi prodotti e strumenti possono graffiare o danneggiare la finitura del microcemento. Se \u00e8 necessario pulire una macchia specifica, \u00e8 meglio utilizzare prodotti delicati e non abrasivi per evitare il deterioramento della superficie.<\/li>\n<\/ol>\n\n\n\n<hr class=\"wp-block-separator has-alpha-channel-opacity\"\/>\n\n\n\n<h2 class=\"wp-block-heading\"><strong>Manutenzione e rinnovo a lungo termine<\/strong><\/h2>\n\n\n\n<p>Con il tempo, a seconda dell'uso e del traffico pedonale, il microcemento pu\u00f2 presentare segni di usura, come perdita di lucentezza o piccoli segni superficiali. Fortunatamente, il microcemento \u00e8 facile da rinnovare, senza dover ricorrere a ristrutturazioni estese. Un pavimento in microcemento pu\u00f2 essere rinnovato in modo relativamente rapido ed economico, in modo simile al processo di levigatura e verniciatura dei pavimenti in parquet.<\/p>\n\n\n\n<p>Questo processo di rinnovamento prevede la pulizia profonda della superficie, l'applicazione di un nuovo sigillante o, se necessario, di un ulteriore strato di microcemento per ripristinarne la consistenza e il colore. Con il rinnovo appropriato, il microcemento pu\u00f2 riacquistare l'aspetto originale, mantenendo la sua funzionalit\u00e0 e durata. Questo lo rende un'opzione a lungo termine molto interessante, in quanto non deve essere sostituito completamente, ma solo sottoposto a manutenzione periodica.<\/p>\n\n\n\n<hr class=\"wp-block-separator has-alpha-channel-opacity\"\/>\n\n\n\n<h2 class=\"wp-block-heading\"><strong>Protezione durante il primo mese<\/strong><\/h2>\n\n\n\n<p>Il primo mese dopo l'applicazione del microcemento \u00e8 fondamentale per garantire che il materiale raggiunga la sua massima resistenza. Durante questo periodo, \u00e8 essenziale proteggere la superficie il pi\u00f9 possibile. Anche se il microcemento pu\u00f2 sembrare asciutto e pronto per l'uso, il processo di indurimento interno \u00e8 ancora in corso, quindi la superficie rimane vulnerabile a danni come graffi o macchie.<\/p>\n\n\n\n<p>Per evitare problemi, si consiglia di non trascinare i mobili sul pavimento, in quanto ci\u00f2 potrebbe causare segni o graffi permanenti. Si dovrebbe anche evitare di versare liquidi, poich\u00e9 durante le prime settimane il microcemento rimane poroso e pu\u00f2 assorbire i liquidi, causando macchie o danni permanenti. Se necessario, si possono posizionare materiali protettivi come fogli di cartone o coperture di plastica sulle aree ad alto traffico per evitare incidenti durante questo periodo di vulnerabilit\u00e0.<a href=\"https:\/\/www.satinestone.com\">.<\/a><\/p>","protected":false},"excerpt":{"rendered":"<p>Care of Microcement in the First Days After Installation Microcement, like other coatings, undergoes a gradual curing process that is crucial to achieving its maximum strength. During the first 48 hours, microcement reaches approximately 60% of its mechanical and chemical resistance. However, full curing is completed after 4 weeks, during which time the surface continues [&hellip;]<\/p>\n","protected":false},"author":1,"featured_media":0,"parent":2814,"menu_order":0,"comment_status":"closed","ping_status":"closed","template":"","meta":{"footnotes":""},"class_list":["post-5405","page","type-page","status-publish","hentry"],"yoast_head":"<!-- This site is optimized with the Yoast SEO plugin v27.4 - https:\/\/yoast.com\/product\/yoast-seo-wordpress\/ -->\n<title>Microcement Maintenance - Satine<\/title>\n<meta name=\"description\" content=\"Everything you need to know about microcement maintenance, from installation to ongoing care over the years.\" \/>\n<meta name=\"robots\" content=\"index, follow, max-snippet:-1, max-image-preview:large, max-video-preview:-1\" \/>\n<link rel=\"canonical\" href=\"https:\/\/www.satine.com\/it\/microcemento\/manutenzione-del-microcemento\/\" \/>\n<meta property=\"og:locale\" content=\"it_IT\" \/>\n<meta property=\"og:type\" content=\"article\" \/>\n<meta property=\"og:title\" content=\"Microcement Maintenance - Satine\" \/>\n<meta property=\"og:description\" content=\"Everything you need to know about microcement maintenance, from installation to ongoing care over the years.\" \/>\n<meta property=\"og:url\" content=\"https:\/\/www.satine.com\/it\/microcemento\/manutenzione-del-microcemento\/\" \/>\n<meta property=\"og:site_name\" content=\"Satine\" \/>\n<meta property=\"article:modified_time\" content=\"2024-09-24T08:16:40+00:00\" \/>\n<meta property=\"og:image\" content=\"https:\/\/www.satine.com\/wp-content\/uploads\/2024\/09\/1c2d3913-e066-4cee-9c2c-622e375fa96c._CR194881229532952_SX1280_-2-1024x1024.jpg\" \/>\n<meta name=\"twitter:card\" content=\"summary_large_image\" \/>\n<meta name=\"twitter:label1\" content=\"Tempo di lettura stimato\" \/>\n\t<meta name=\"twitter:data1\" content=\"4 minuti\" \/>\n<script type=\"application\/ld+json\" class=\"yoast-schema-graph\">{\"@context\":\"https:\\\/\\\/schema.org\",\"@graph\":[{\"@type\":\"WebPage\",\"@id\":\"https:\\\/\\\/www.satine.com\\\/microcement\\\/microcement-maintenance\\\/\",\"url\":\"https:\\\/\\\/www.satine.com\\\/microcement\\\/microcement-maintenance\\\/\",\"name\":\"Microcement Maintenance - Satine\",\"isPartOf\":{\"@id\":\"https:\\\/\\\/www.satine.com\\\/#website\"},\"primaryImageOfPage\":{\"@id\":\"https:\\\/\\\/www.satine.com\\\/microcement\\\/microcement-maintenance\\\/#primaryimage\"},\"image\":{\"@id\":\"https:\\\/\\\/www.satine.com\\\/microcement\\\/microcement-maintenance\\\/#primaryimage\"},\"thumbnailUrl\":\"https:\\\/\\\/www.satine.com\\\/wp-content\\\/uploads\\\/2024\\\/09\\\/1c2d3913-e066-4cee-9c2c-622e375fa96c._CR194881229532952_SX1280_-2-1024x1024.jpg\",\"datePublished\":\"2024-09-24T08:02:40+00:00\",\"dateModified\":\"2024-09-24T08:16:40+00:00\",\"description\":\"Everything you need to know about microcement maintenance, from installation to ongoing care over the years.\",\"breadcrumb\":{\"@id\":\"https:\\\/\\\/www.satine.com\\\/microcement\\\/microcement-maintenance\\\/#breadcrumb\"},\"inLanguage\":\"it-IT\",\"potentialAction\":[{\"@type\":\"ReadAction\",\"target\":[\"https:\\\/\\\/www.satine.com\\\/microcement\\\/microcement-maintenance\\\/\"]}]},{\"@type\":\"ImageObject\",\"inLanguage\":\"it-IT\",\"@id\":\"https:\\\/\\\/www.satine.com\\\/microcement\\\/microcement-maintenance\\\/#primaryimage\",\"url\":\"https:\\\/\\\/www.satine.com\\\/wp-content\\\/uploads\\\/2024\\\/09\\\/1c2d3913-e066-4cee-9c2c-622e375fa96c._CR194881229532952_SX1280_-2-1024x1024.jpg\",\"contentUrl\":\"https:\\\/\\\/www.satine.com\\\/wp-content\\\/uploads\\\/2024\\\/09\\\/1c2d3913-e066-4cee-9c2c-622e375fa96c._CR194881229532952_SX1280_-2-1024x1024.jpg\"},{\"@type\":\"BreadcrumbList\",\"@id\":\"https:\\\/\\\/www.satine.com\\\/microcement\\\/microcement-maintenance\\\/#breadcrumb\",\"itemListElement\":[{\"@type\":\"ListItem\",\"position\":1,\"name\":\"Inicio\",\"item\":\"https:\\\/\\\/www.satine.com\\\/\"},{\"@type\":\"ListItem\",\"position\":2,\"name\":\"Microcement\",\"item\":\"https:\\\/\\\/www.satine.com\\\/microcement\\\/\"},{\"@type\":\"ListItem\",\"position\":3,\"name\":\"Microcement Maintenance\"}]},{\"@type\":\"WebSite\",\"@id\":\"https:\\\/\\\/www.satine.com\\\/#website\",\"url\":\"https:\\\/\\\/www.satine.com\\\/\",\"name\":\"Satine - Microcement\",\"description\":\"\",\"alternateName\":\"Satine - Microcement\",\"potentialAction\":[{\"@type\":\"SearchAction\",\"target\":{\"@type\":\"EntryPoint\",\"urlTemplate\":\"https:\\\/\\\/www.satine.com\\\/?s={search_term_string}\"},\"query-input\":{\"@type\":\"PropertyValueSpecification\",\"valueRequired\":true,\"valueName\":\"search_term_string\"}}],\"inLanguage\":\"it-IT\"}]}<\/script>\n<!-- \/ Yoast SEO plugin. -->","yoast_head_json":{"title":"Manutenzione del microcemento - Satine","description":"Tutto quello che c'\u00e8 da sapere sulla manutenzione del microcemento, dall'installazione alla cura continua nel corso degli anni.","robots":{"index":"index","follow":"follow","max-snippet":"max-snippet:-1","max-image-preview":"max-image-preview:large","max-video-preview":"max-video-preview:-1"},"canonical":"https:\/\/www.satine.com\/it\/microcemento\/manutenzione-del-microcemento\/","og_locale":"it_IT","og_type":"article","og_title":"Microcement Maintenance - Satine","og_description":"Everything you need to know about microcement maintenance, from installation to ongoing care over the years.","og_url":"https:\/\/www.satine.com\/it\/microcemento\/manutenzione-del-microcemento\/","og_site_name":"Satine","article_modified_time":"2024-09-24T08:16:40+00:00","og_image":[{"url":"https:\/\/www.satine.com\/wp-content\/uploads\/2024\/09\/1c2d3913-e066-4cee-9c2c-622e375fa96c._CR194881229532952_SX1280_-2-1024x1024.jpg","type":"","width":"","height":""}],"twitter_card":"summary_large_image","twitter_misc":{"Tempo di lettura stimato":"4 minuti"},"schema":{"@context":"https:\/\/schema.org","@graph":[{"@type":"WebPage","@id":"https:\/\/www.satine.com\/microcement\/microcement-maintenance\/","url":"https:\/\/www.satine.com\/microcement\/microcement-maintenance\/","name":"Manutenzione del microcemento - Satine","isPartOf":{"@id":"https:\/\/www.satine.com\/#website"},"primaryImageOfPage":{"@id":"https:\/\/www.satine.com\/microcement\/microcement-maintenance\/#primaryimage"},"image":{"@id":"https:\/\/www.satine.com\/microcement\/microcement-maintenance\/#primaryimage"},"thumbnailUrl":"https:\/\/www.satine.com\/wp-content\/uploads\/2024\/09\/1c2d3913-e066-4cee-9c2c-622e375fa96c._CR194881229532952_SX1280_-2-1024x1024.jpg","datePublished":"2024-09-24T08:02:40+00:00","dateModified":"2024-09-24T08:16:40+00:00","description":"Tutto quello che c'\u00e8 da sapere sulla manutenzione del microcemento, dall'installazione alla cura continua nel corso degli anni.","breadcrumb":{"@id":"https:\/\/www.satine.com\/microcement\/microcement-maintenance\/#breadcrumb"},"inLanguage":"it-IT","potentialAction":[{"@type":"ReadAction","target":["https:\/\/www.satine.com\/microcement\/microcement-maintenance\/"]}]},{"@type":"ImageObject","inLanguage":"it-IT","@id":"https:\/\/www.satine.com\/microcement\/microcement-maintenance\/#primaryimage","url":"https:\/\/www.satine.com\/wp-content\/uploads\/2024\/09\/1c2d3913-e066-4cee-9c2c-622e375fa96c._CR194881229532952_SX1280_-2-1024x1024.jpg","contentUrl":"https:\/\/www.satine.com\/wp-content\/uploads\/2024\/09\/1c2d3913-e066-4cee-9c2c-622e375fa96c._CR194881229532952_SX1280_-2-1024x1024.jpg"},{"@type":"BreadcrumbList","@id":"https:\/\/www.satine.com\/microcement\/microcement-maintenance\/#breadcrumb","itemListElement":[{"@type":"ListItem","position":1,"name":"Inicio","item":"https:\/\/www.satine.com\/"},{"@type":"ListItem","position":2,"name":"Microcement","item":"https:\/\/www.satine.com\/microcement\/"},{"@type":"ListItem","position":3,"name":"Microcement Maintenance"}]},{"@type":"WebSite","@id":"https:\/\/www.satine.com\/#website","url":"https:\/\/www.satine.com\/","name":"Satine - Microcemento","description":"","alternateName":"Satine - Microcement","potentialAction":[{"@type":"SearchAction","target":{"@type":"EntryPoint","urlTemplate":"https:\/\/www.satine.com\/?s={search_term_string}"},"query-input":{"@type":"PropertyValueSpecification","valueRequired":true,"valueName":"search_term_string"}}],"inLanguage":"it-IT"}]}},"_links":{"self":[{"href":"https:\/\/www.satine.com\/it\/wp-json\/wp\/v2\/pages\/5405","targetHints":{"allow":["GET"]}}],"collection":[{"href":"https:\/\/www.satine.com\/it\/wp-json\/wp\/v2\/pages"}],"about":[{"href":"https:\/\/www.satine.com\/it\/wp-json\/wp\/v2\/types\/page"}],"author":[{"embeddable":true,"href":"https:\/\/www.satine.com\/it\/wp-json\/wp\/v2\/users\/1"}],"replies":[{"embeddable":true,"href":"https:\/\/www.satine.com\/it\/wp-json\/wp\/v2\/comments?post=5405"}],"version-history":[{"count":1,"href":"https:\/\/www.satine.com\/it\/wp-json\/wp\/v2\/pages\/5405\/revisions"}],"predecessor-version":[{"id":5407,"href":"https:\/\/www.satine.com\/it\/wp-json\/wp\/v2\/pages\/5405\/revisions\/5407"}],"up":[{"embeddable":true,"href":"https:\/\/www.satine.com\/it\/wp-json\/wp\/v2\/pages\/2814"}],"wp:attachment":[{"href":"https:\/\/www.satine.com\/it\/wp-json\/wp\/v2\/media?parent=5405"}],"curies":[{"name":"wp","href":"https:\/\/api.w.org\/{rel}","templated":true}]}}