{"id":5402,"date":"2024-09-24T03:44:16","date_gmt":"2024-09-24T07:44:16","guid":{"rendered":"https:\/\/www.satine.com\/?page_id=5402"},"modified":"2024-09-24T03:44:53","modified_gmt":"2024-09-24T07:44:53","slug":"come-applicare-il-microcemento","status":"publish","type":"page","link":"https:\/\/www.satine.com\/it\/microcement\/how-to-apply-microcement\/","title":{"rendered":"Come applicare il microcemento"},"content":{"rendered":"<h2 class=\"wp-block-heading\"><strong>Come applicare il microcemento: Tutto quello che c'\u00e8 da sapere<\/strong><\/h2>\n\n\n\n<p>In questa sezione esclusiva per <a href=\"https:\/\/www.satine.com\/microcement\">microcemento<\/a> professionisti, troverete numerosi consigli del nostro team di esperti su come applicare il microcemento su pareti, pavimenti, interni, esterni e piscine.<\/p>\n\n\n\n<p>Imparerete quale tipo di microcemento \u00e8 pi\u00f9 appropriato a seconda della superficie da ricoprire e del materiale esistente, nonch\u00e9 gli strumenti specifici necessari per applicare il microcemento per ottenere un risultato ottimale: spatole, cazzuole, rulli, ecc.<\/p>\n\n\n\n<p>In questa sezione troverete anche le diverse tecniche di applicazione del microcemento in base alla finitura desiderata. Il microcemento \u00e8 un rivestimento che offre molteplici possibilit\u00e0 decorative.<\/p>\n\n\n\n<h2 class=\"wp-block-heading\"><strong>Applicazione del microcemento passo dopo passo: Metodo di applicazione<\/strong><\/h2>\n\n\n\n<p>Il processo di applicazione del microcemento dipende dal sistema di microcemento Satine scelto.<\/p>\n\n\n\n<p>Tuttavia, in termini generali, l'applicazione del microcemento su pavimenti e pareti \u00e8 la seguente:<\/p>\n\n\n\n<ol class=\"wp-block-list\">\n<li>Preparare la superficie di lavoro, posizionare la rete e applicare il primer o il promotore di adesione.<\/li>\n\n\n\n<li>Applicare due strati di preparazione o microcemento di base su una rete, che servir\u00e0 da supporto per il microcemento di finitura.<\/li>\n\n\n\n<li>Successivamente, applicare due mani di microcemento di finitura. Questo \u00e8 quello che combina la consistenza e il colore desiderati, dando l'aspetto finale alla superficie.<\/li>\n<\/ol>\n\n\n\n<p>I pavimenti in microcemento sono di tendenza per essere una soluzione decorativa durevole e resistente e per offrire un alto livello di personalizzazione. Vi mostriamo come applicare il microcemento passo dopo passo sui pavimenti, sia su superfici interne che esterne.<\/p>\n\n\n\n<h2 class=\"wp-block-heading\"><strong>Come fare domanda <a href=\"https:\/\/www.satine.com\/microcement-walls\">Microcemento su pareti<\/a><\/strong><\/h2>\n\n\n\n<p>L'uso del microcemento sulle pareti si \u00e8 diffuso grazie al suo aspetto industriale, alla rapidit\u00e0 di installazione, alla forte adesione e all'elevata resistenza alla fessurazione, oltre che a molte altre qualit\u00e0. Per questo motivo non sorprende vedere un numero maggiore di pareti in microcemento, non solo nelle abitazioni private, ma anche in grandi spazi commerciali come alberghi o ristoranti.<\/p>\n\n\n\n<p>Ma come si applica il microcemento sulle pareti? In questa sezione spieghiamo come applicare il microcemento sulle pareti, passo dopo passo, sia per superfici interne che esterne.<\/p>\n\n\n\n<div style=\"height:30px\" aria-hidden=\"true\" class=\"wp-block-spacer\"><\/div>\n\n\n\n<figure class=\"wp-block-image size-full is-resized is-style-default\"><img loading=\"lazy\" decoding=\"async\" width=\"1024\" height=\"1024\" src=\"https:\/\/www.satine.com\/wp-content\/uploads\/2024\/09\/Microcemento-Satine-1024x1024-6.png\" alt=\"\" class=\"wp-image-5403\" style=\"aspect-ratio:16\/9;object-fit:cover;width:1600px\" srcset=\"https:\/\/www.satine.com\/wp-content\/uploads\/2024\/09\/Microcemento-Satine-1024x1024-6.png 1024w, https:\/\/www.satine.com\/wp-content\/uploads\/2024\/09\/Microcemento-Satine-1024x1024-6-300x300.png 300w, https:\/\/www.satine.com\/wp-content\/uploads\/2024\/09\/Microcemento-Satine-1024x1024-6-150x150.png 150w, https:\/\/www.satine.com\/wp-content\/uploads\/2024\/09\/Microcemento-Satine-1024x1024-6-768x768.png 768w, https:\/\/www.satine.com\/wp-content\/uploads\/2024\/09\/Microcemento-Satine-1024x1024-6-12x12.png 12w\" sizes=\"auto, (max-width: 1024px) 100vw, 1024px\" \/><\/figure>\n\n\n\n<div style=\"height:30px\" aria-hidden=\"true\" class=\"wp-block-spacer\"><\/div>\n\n\n\n<h2 class=\"wp-block-heading\"><strong>Come fare domanda <a href=\"https:\/\/www.satine.com\/microcement-pools\">Microcemento nelle piscine<\/a><\/strong><\/h2>\n\n\n\n<p>Le piscine in microcemento sono di gran moda. Le propriet\u00e0 impermeabili e antiscivolo del microcemento sono alcune delle chiavi del suo successo. Senza contare che una piscina in microcemento permette di realizzare praticamente qualsiasi design, che risulta estremamente gradevole alla vista.<\/p>\n\n\n\n<p>Noi di Satine siamo consapevoli degli innumerevoli vantaggi di questo rivestimento decorativo per la costruzione di una piscina. Abbiamo sviluppato diversi sistemi di microcemento (monocomponente, bicomponente e pronto all'uso) per ottenere texture e finiture diverse. Di seguito spieghiamo l'applicazione del microcemento sui pavimenti.<\/p>\n\n\n\n<h2 class=\"wp-block-heading\"><strong>Consigli per una corretta applicazione del microcemento<\/strong><\/h2>\n\n\n\n<p>I principali problemi legati al microcemento derivano da una serie di errori di applicazione. Dal non seguire scrupolosamente i passaggi o non rispettare i tempi di asciugatura tra uno strato e l'altro, all'ignorare la temperatura ambiente o non utilizzare gli strumenti adeguati.<\/p>\n\n\n\n<p>Per questo motivo offriamo ora una serie di consigli per applicare il microcemento in modo ottimale.<\/p>\n\n\n\n<ol class=\"wp-block-list\">\n<li><strong>Affidatevi a professionisti per l'applicazione del microcemento<\/strong>\u00a0L'applicazione del microcemento non \u00e8 cos\u00ec semplice come pu\u00f2 sembrare a prima vista. Si tratta di un compito complesso che deve essere svolto da professionisti qualificati, esperti nelle tecniche di applicazione di ciascun sistema di microcemento. Un applicatore di microcemento deve sapere come valutare il substrato e riconoscere se necessita di riparazioni prima di applicare il microcemento. Un professionista esperto sapr\u00e0 scegliere il microcemento pi\u00f9 adatto per ogni progetto di ristrutturazione, a seconda della superficie, del substrato e della finitura desiderata.<\/li>\n\n\n\n<li><strong>Pianificare il lavoro prima di applicare il microcemento<\/strong>\u00a0Sebbene il microcemento sia un rivestimento decorativo che consente trasformazioni rapide senza bisogno di lavori edili, \u00e8 fondamentale pianificare i lavori nel dettaglio prima di applicare il microcemento. A seconda del progetto, potrebbe essere necessario coinvolgere altri professionisti. In questo caso, l'applicazione del microcemento dovrebbe essere sempre lasciata alla fine, ad eccezione dell'ultima mano di vernice, dell'installazione della carpenteria e del posizionamento dei sanitari.<\/li>\n\n\n\n<li><strong>Strumenti essenziali per l'applicazione del microcemento<\/strong>\u00a0Per l'applicazione del microcemento non \u00e8 sufficiente uno strumento qualsiasi, ma ne esistono di molto specifici, comunemente utilizzati nel settore edile, che illustreremo di seguito:\n<ul class=\"wp-block-list\">\n<li><strong>Nastro da pittore o carta con nastro adesivo:<\/strong>\u00a0Per proteggere dagli schizzi le aree in cui non si applica il microcemento.<\/li>\n\n\n\n<li><strong>Brocca di misurazione:<\/strong>\u00a0La caraffa consente di dosare la quantit\u00e0 di resina (per i microcementi bicomponenti) o di acqua (per i monocomponenti) necessaria per l'impasto.<\/li>\n\n\n\n<li><strong>Miscelatore meccanico a bassa velocit\u00e0 con pale a doppia elica:<\/strong>\u00a0Per mescolare correttamente il microcemento e ottenere un impasto omogeneo.<\/li>\n\n\n\n<li><strong>Spatola:<\/strong>\u00a0Serve come supporto per la cazzuola.<\/li>\n\n\n\n<li><strong>Cazzuola:<\/strong>\u00a0Disponibili in vari tipi e dimensioni, in acciaio inox flessibile o in gomma, a seconda del materiale da applicare.<\/li>\n\n\n\n<li><strong>Aspiratore industriale, levigatrice orbitale, guanti per la levigatura e carte abrasive al carburo di silicio:<\/strong>\u00a0Una volta che il microcemento \u00e8 asciutto, le imperfezioni devono essere carteggiate e la polvere generata deve essere aspirata per continuare il processo.<\/li>\n\n\n\n<li><strong>Rulli:<\/strong>\u00a0Si usa per applicare primer, sigillanti per pori e sigillanti per vernici.<\/li>\n<\/ul>\n<\/li>\n<\/ol>\n\n\n\n<h2 class=\"wp-block-heading\"><strong>Ispezionare le condizioni del substrato prima di applicare il microcemento<\/strong><\/h2>\n\n\n\n<p>Come gi\u00e0 detto, se il substrato non \u00e8 in condizioni adeguate, il microcemento non pu\u00f2 essere applicato in modo affidabile. Sono quattro i fattori del substrato che i professionisti devono verificare prima di applicare il microcemento.<\/p>\n\n\n\n<ol class=\"wp-block-list\">\n<li><strong>Planarit\u00e0 del substrato<\/strong>\u00a0Il microcemento viene applicato in strati non pi\u00f9 spessi di 1 mm e lo spessore totale non supera i quattro millimetri, quindi le irregolarit\u00e0 del substrato devono essere corrette prima dell'applicazione. Il microcemento pu\u00f2 essere applicato su pavimenti, pareti e persino soffitti, ma il risultato finale dipende dal substrato e dall'abilit\u00e0 dell'applicatore.<\/li>\n\n\n\n<li><strong>Stabilit\u00e0 del substrato<\/strong>\u00a0La base di applicazione deve essere stabile. I sottofondi con malte polverose o piastrelle sciolte non sono adatti. A seconda delle loro condizioni, devono essere rimossi o consolidati con malte a presa rapida.<\/li>\n\n\n\n<li><strong>Substrato privo di umidit\u00e0<\/strong>\u00a0In presenza di umidit\u00e0 nel substrato, il microcemento non pu\u00f2 essere applicato. \u00c8 essenziale determinare la fonte dell'umidit\u00e0 ed eliminarla. Si consiglia di utilizzare un misuratore di umidit\u00e0 per assicurarsi che non superi mai i 5%.Il substrato deve aver subito un processo di indurimento sufficiente. La temperatura, l'umidit\u00e0 ambientale e la ventilazione dell'ambiente di lavoro influiscono sul tempo di essiccazione delle malte, accelerandolo o rallentandolo.<\/li>\n\n\n\n<li><strong>Proteggere l'area di lavoro prima di applicare il microcemento<\/strong>\u00a0L'area di lavoro e le superfici che non saranno rivestite devono essere adeguatamente protette. Il microcemento aderisce molto bene ed \u00e8 difficile da pulire una volta asciutto. Utilizzare i materiali di protezione standard utilizzati nei lavori di verniciatura, come nastro adesivo per pittori, carta protettiva e fogli di plastica.<\/li>\n<\/ol>\n\n\n\n<h2 class=\"wp-block-heading\"><strong>Finiture diverse a seconda dell'applicazione del microcemento<\/strong><\/h2>\n\n\n\n<p>Grazie alla maestria nell'applicazione del microcemento, \u00e8 possibile ottenere diverse finiture con lo stesso materiale. Queste finiture dipendono dalla base utilizzata, dal metodo di applicazione, dal movimento della spatola, dal tipo di microcemento e dal colore.<\/p>\n\n\n\n<ol class=\"wp-block-list\">\n<li><strong>Il tipo di cazzuola utilizzata per applicare il microcemento<\/strong>\u00a0La scelta della cazzuola \u00e8 fondamentale per l'aspetto finale del rivestimento in microcemento: noi utilizziamo cazzuole in gomma esclusivamente per Microfino. Con questo strumento, le filigrane sono leggermente meno pronunciate rispetto a una cazzuola in acciaio. La spatola di gomma esercita una pressione minore sul prodotto, con conseguente finitura pi\u00f9 liscia. Al contrario, una spatola d'acciaio flessibile \u00e8 consigliata se si desidera un effetto bruciato o segni neri.<a href=\"https:\/\/www.satine.com\">.<\/a><\/li>\n\n\n\n<li><strong>L'applicazione dello strato di base di microcemento<\/strong>\u00a0Diciamo sempre che ogni strato deve essere applicato come se fosse l'ultimo, perch\u00e9, a causa dello spessore del materiale, i disegni o le imperfezioni degli strati precedenti si vedranno in quelli successivi. Questa caratteristica del microcemento pu\u00f2 essere sfruttata a nostro vantaggio per creare delle texture.<a href=\"https:\/\/www.satinestone.com\">.<\/a><\/li>\n\n\n\n<li><strong>Il colore e il tipo di microcemento applicato<\/strong>\u00a0I colori pi\u00f9 scuri evidenzieranno maggiormente le filigrane, mentre nei colori bianchi e biancastri le filigrane saranno quasi impercettibili, soprattutto se applicate con una spatola di gomma.<\/li>\n<\/ol>","protected":false},"excerpt":{"rendered":"<p>How to Apply Microcement: Everything You Need to Know In this exclusive section for microcement professionals, you will find numerous tips from our team of experts on how to apply microcement on walls, floors, interiors, exteriors, and swimming pools. You will learn which type of microcement is most appropriate depending on the surface to be [&hellip;]<\/p>\n","protected":false},"author":1,"featured_media":0,"parent":2814,"menu_order":0,"comment_status":"closed","ping_status":"closed","template":"","meta":{"footnotes":""},"class_list":["post-5402","page","type-page","status-publish","hentry"],"yoast_head":"<!-- This site is optimized with the Yoast SEO plugin v27.4 - https:\/\/yoast.com\/product\/yoast-seo-wordpress\/ -->\n<title>How to Apply Microcement - Satine<\/title>\n<meta name=\"description\" content=\"Learn how to apply microcement step-by-step with expert tips on walls, floors, pools, and more. Discover techniques, tools, and best practices for flawless microcement finishes.\" \/>\n<meta name=\"robots\" content=\"index, follow, max-snippet:-1, max-image-preview:large, max-video-preview:-1\" \/>\n<link rel=\"canonical\" href=\"https:\/\/www.satine.com\/it\/microcemento\/come-applicare-il-microcemento\/\" \/>\n<meta property=\"og:locale\" content=\"it_IT\" \/>\n<meta property=\"og:type\" content=\"article\" \/>\n<meta property=\"og:title\" content=\"How to Apply Microcement - Satine\" \/>\n<meta property=\"og:description\" content=\"Learn how to apply microcement step-by-step with expert tips on walls, floors, pools, and more. Discover techniques, tools, and best practices for flawless microcement finishes.\" \/>\n<meta property=\"og:url\" content=\"https:\/\/www.satine.com\/it\/microcemento\/come-applicare-il-microcemento\/\" \/>\n<meta property=\"og:site_name\" content=\"Satine\" \/>\n<meta property=\"article:modified_time\" content=\"2024-09-24T07:44:53+00:00\" \/>\n<meta property=\"og:image\" content=\"https:\/\/www.satine.com\/wp-content\/uploads\/2024\/09\/Microcemento-Satine-1024x1024-6.png\" \/>\n<meta name=\"twitter:card\" content=\"summary_large_image\" \/>\n<meta name=\"twitter:label1\" content=\"Tempo di lettura stimato\" \/>\n\t<meta name=\"twitter:data1\" content=\"6 minuti\" \/>\n<script type=\"application\/ld+json\" class=\"yoast-schema-graph\">{\"@context\":\"https:\\\/\\\/schema.org\",\"@graph\":[{\"@type\":\"WebPage\",\"@id\":\"https:\\\/\\\/www.satine.com\\\/microcement\\\/how-to-apply-microcement\\\/\",\"url\":\"https:\\\/\\\/www.satine.com\\\/microcement\\\/how-to-apply-microcement\\\/\",\"name\":\"How to Apply Microcement - Satine\",\"isPartOf\":{\"@id\":\"https:\\\/\\\/www.satine.com\\\/#website\"},\"primaryImageOfPage\":{\"@id\":\"https:\\\/\\\/www.satine.com\\\/microcement\\\/how-to-apply-microcement\\\/#primaryimage\"},\"image\":{\"@id\":\"https:\\\/\\\/www.satine.com\\\/microcement\\\/how-to-apply-microcement\\\/#primaryimage\"},\"thumbnailUrl\":\"https:\\\/\\\/www.satine.com\\\/wp-content\\\/uploads\\\/2024\\\/09\\\/Microcemento-Satine-1024x1024-6.png\",\"datePublished\":\"2024-09-24T07:44:16+00:00\",\"dateModified\":\"2024-09-24T07:44:53+00:00\",\"description\":\"Learn how to apply microcement step-by-step with expert tips on walls, floors, pools, and more. Discover techniques, tools, and best practices for flawless microcement finishes.\",\"breadcrumb\":{\"@id\":\"https:\\\/\\\/www.satine.com\\\/microcement\\\/how-to-apply-microcement\\\/#breadcrumb\"},\"inLanguage\":\"it-IT\",\"potentialAction\":[{\"@type\":\"ReadAction\",\"target\":[\"https:\\\/\\\/www.satine.com\\\/microcement\\\/how-to-apply-microcement\\\/\"]}]},{\"@type\":\"ImageObject\",\"inLanguage\":\"it-IT\",\"@id\":\"https:\\\/\\\/www.satine.com\\\/microcement\\\/how-to-apply-microcement\\\/#primaryimage\",\"url\":\"https:\\\/\\\/www.satine.com\\\/wp-content\\\/uploads\\\/2024\\\/09\\\/Microcemento-Satine-1024x1024-6.png\",\"contentUrl\":\"https:\\\/\\\/www.satine.com\\\/wp-content\\\/uploads\\\/2024\\\/09\\\/Microcemento-Satine-1024x1024-6.png\"},{\"@type\":\"BreadcrumbList\",\"@id\":\"https:\\\/\\\/www.satine.com\\\/microcement\\\/how-to-apply-microcement\\\/#breadcrumb\",\"itemListElement\":[{\"@type\":\"ListItem\",\"position\":1,\"name\":\"Inicio\",\"item\":\"https:\\\/\\\/www.satine.com\\\/\"},{\"@type\":\"ListItem\",\"position\":2,\"name\":\"Microcement\",\"item\":\"https:\\\/\\\/www.satine.com\\\/microcement\\\/\"},{\"@type\":\"ListItem\",\"position\":3,\"name\":\"How to Apply Microcement\"}]},{\"@type\":\"WebSite\",\"@id\":\"https:\\\/\\\/www.satine.com\\\/#website\",\"url\":\"https:\\\/\\\/www.satine.com\\\/\",\"name\":\"Satine - Microcement\",\"description\":\"\",\"alternateName\":\"Satine - Microcement\",\"potentialAction\":[{\"@type\":\"SearchAction\",\"target\":{\"@type\":\"EntryPoint\",\"urlTemplate\":\"https:\\\/\\\/www.satine.com\\\/?s={search_term_string}\"},\"query-input\":{\"@type\":\"PropertyValueSpecification\",\"valueRequired\":true,\"valueName\":\"search_term_string\"}}],\"inLanguage\":\"it-IT\"}]}<\/script>\n<!-- \/ Yoast SEO plugin. -->","yoast_head_json":{"title":"Come applicare il microcemento - Satine","description":"Imparate ad applicare il microcemento passo dopo passo con i consigli degli esperti su pareti, pavimenti, piscine e altro ancora. Scoprite le tecniche, gli strumenti e le migliori pratiche per ottenere finiture impeccabili con il microcemento.","robots":{"index":"index","follow":"follow","max-snippet":"max-snippet:-1","max-image-preview":"max-image-preview:large","max-video-preview":"max-video-preview:-1"},"canonical":"https:\/\/www.satine.com\/it\/microcemento\/come-applicare-il-microcemento\/","og_locale":"it_IT","og_type":"article","og_title":"How to Apply Microcement - Satine","og_description":"Learn how to apply microcement step-by-step with expert tips on walls, floors, pools, and more. Discover techniques, tools, and best practices for flawless microcement finishes.","og_url":"https:\/\/www.satine.com\/it\/microcemento\/come-applicare-il-microcemento\/","og_site_name":"Satine","article_modified_time":"2024-09-24T07:44:53+00:00","og_image":[{"url":"https:\/\/www.satine.com\/wp-content\/uploads\/2024\/09\/Microcemento-Satine-1024x1024-6.png","type":"","width":"","height":""}],"twitter_card":"summary_large_image","twitter_misc":{"Tempo di lettura stimato":"6 minuti"},"schema":{"@context":"https:\/\/schema.org","@graph":[{"@type":"WebPage","@id":"https:\/\/www.satine.com\/microcement\/how-to-apply-microcement\/","url":"https:\/\/www.satine.com\/microcement\/how-to-apply-microcement\/","name":"Come applicare il microcemento - Satine","isPartOf":{"@id":"https:\/\/www.satine.com\/#website"},"primaryImageOfPage":{"@id":"https:\/\/www.satine.com\/microcement\/how-to-apply-microcement\/#primaryimage"},"image":{"@id":"https:\/\/www.satine.com\/microcement\/how-to-apply-microcement\/#primaryimage"},"thumbnailUrl":"https:\/\/www.satine.com\/wp-content\/uploads\/2024\/09\/Microcemento-Satine-1024x1024-6.png","datePublished":"2024-09-24T07:44:16+00:00","dateModified":"2024-09-24T07:44:53+00:00","description":"Imparate ad applicare il microcemento passo dopo passo con i consigli degli esperti su pareti, pavimenti, piscine e altro ancora. Scoprite le tecniche, gli strumenti e le migliori pratiche per ottenere finiture impeccabili con il microcemento.","breadcrumb":{"@id":"https:\/\/www.satine.com\/microcement\/how-to-apply-microcement\/#breadcrumb"},"inLanguage":"it-IT","potentialAction":[{"@type":"ReadAction","target":["https:\/\/www.satine.com\/microcement\/how-to-apply-microcement\/"]}]},{"@type":"ImageObject","inLanguage":"it-IT","@id":"https:\/\/www.satine.com\/microcement\/how-to-apply-microcement\/#primaryimage","url":"https:\/\/www.satine.com\/wp-content\/uploads\/2024\/09\/Microcemento-Satine-1024x1024-6.png","contentUrl":"https:\/\/www.satine.com\/wp-content\/uploads\/2024\/09\/Microcemento-Satine-1024x1024-6.png"},{"@type":"BreadcrumbList","@id":"https:\/\/www.satine.com\/microcement\/how-to-apply-microcement\/#breadcrumb","itemListElement":[{"@type":"ListItem","position":1,"name":"Inicio","item":"https:\/\/www.satine.com\/"},{"@type":"ListItem","position":2,"name":"Microcement","item":"https:\/\/www.satine.com\/microcement\/"},{"@type":"ListItem","position":3,"name":"How to Apply Microcement"}]},{"@type":"WebSite","@id":"https:\/\/www.satine.com\/#website","url":"https:\/\/www.satine.com\/","name":"Satine - Microcemento","description":"","alternateName":"Satine - Microcement","potentialAction":[{"@type":"SearchAction","target":{"@type":"EntryPoint","urlTemplate":"https:\/\/www.satine.com\/?s={search_term_string}"},"query-input":{"@type":"PropertyValueSpecification","valueRequired":true,"valueName":"search_term_string"}}],"inLanguage":"it-IT"}]}},"_links":{"self":[{"href":"https:\/\/www.satine.com\/it\/wp-json\/wp\/v2\/pages\/5402","targetHints":{"allow":["GET"]}}],"collection":[{"href":"https:\/\/www.satine.com\/it\/wp-json\/wp\/v2\/pages"}],"about":[{"href":"https:\/\/www.satine.com\/it\/wp-json\/wp\/v2\/types\/page"}],"author":[{"embeddable":true,"href":"https:\/\/www.satine.com\/it\/wp-json\/wp\/v2\/users\/1"}],"replies":[{"embeddable":true,"href":"https:\/\/www.satine.com\/it\/wp-json\/wp\/v2\/comments?post=5402"}],"version-history":[{"count":1,"href":"https:\/\/www.satine.com\/it\/wp-json\/wp\/v2\/pages\/5402\/revisions"}],"predecessor-version":[{"id":5404,"href":"https:\/\/www.satine.com\/it\/wp-json\/wp\/v2\/pages\/5402\/revisions\/5404"}],"up":[{"embeddable":true,"href":"https:\/\/www.satine.com\/it\/wp-json\/wp\/v2\/pages\/2814"}],"wp:attachment":[{"href":"https:\/\/www.satine.com\/it\/wp-json\/wp\/v2\/media?parent=5402"}],"curies":[{"name":"wp","href":"https:\/\/api.w.org\/{rel}","templated":true}]}}