{"id":5343,"date":"2024-09-17T10:08:53","date_gmt":"2024-09-17T14:08:53","guid":{"rendered":"https:\/\/www.satine.com\/?page_id=5343"},"modified":"2024-09-24T04:16:30","modified_gmt":"2024-09-24T08:16:30","slug":"piscine-in-microcemento","status":"publish","type":"page","link":"https:\/\/www.satine.com\/it\/microcement\/microcement-pools\/","title":{"rendered":"Piscine in microcemento"},"content":{"rendered":"<h2 class=\"wp-block-heading\">Piscine in microcemento: Vantaggi, benefici e utilizzi<\/h2>\n\n\n\n<p>Quando si parla di piscine, il mercato offre praticamente infinite alternative in base a design, dimensioni e budget. Tuttavia, non tutte offrono i vantaggi delle piscine in microcemento, che negli ultimi anni si sono affermate come la principale alternativa alle piscine di costruzione tradizionale.<\/p>\n\n\n\n<p><a href=\"https:\/\/www.satine.com\/microcement\">Microcemento <\/a>Le piscine in legno sono in aumento, e non c'\u00e8 da stupirsi. Un materiale che unisce estetica e funzionalit\u00e0 per offrire una piscina da sogno che non richiede una costruzione prolungata o costi elevati. Piscine in microcemento: perch\u00e9 sono cos\u00ec popolari?<\/p>\n\n\n\n<p>Il microcemento \u00e8 un rivestimento decorativo che eccelle nella decorazione di interni e, sempre pi\u00f9 spesso, di spazi esterni come facciate e terrazze. Con uno spessore compreso tra 2 e 3 mm, si distingue per elasticit\u00e0, continuit\u00e0, resistenza e capacit\u00e0 di essere applicato su qualsiasi superficie.<\/p>\n\n\n\n<p>Queste qualit\u00e0 vengono portate al massimo livello nel caso delle piscine in microcemento, che stanno gradualmente sostituendo piscine di costruzione come quelle in cemento, in acciaio inox, in sabbia e in mosaico, tra le altre.<\/p>\n\n\n\n<p>Se volete saperne di pi\u00f9 sulle piscine in microcemento, continuate a leggere. Una volta compresi tutti i vantaggi di questo materiale innovativo, ne rimarrete affascinati.<\/p>\n\n\n\n<h2 class=\"wp-block-heading\">Le piscine in microcemento sono in aumento e non c'\u00e8 da sorprendersi.<\/h2>\n\n\n\n<p>Un materiale che unisce estetica e funzionalit\u00e0 per offrire una piscina da sogno che non richiede una costruzione prolungata o costi elevati. Piscine in microcemento: perch\u00e9 sono cos\u00ec popolari?<\/p>\n\n\n\n<p>Il microcemento \u00e8 un rivestimento decorativo che eccelle nella decorazione di interni e, sempre pi\u00f9 spesso, di spazi esterni come facciate e terrazze. Con uno spessore compreso tra 2 e 3 mm, si distingue per elasticit\u00e0, continuit\u00e0, resistenza e capacit\u00e0 di essere applicato su qualsiasi superficie.<\/p>\n\n\n\n<p>Queste qualit\u00e0 vengono portate al massimo livello nel caso delle piscine in microcemento, che stanno gradualmente sostituendo piscine di costruzione come quelle in cemento, in acciaio inox, in sabbia e in mosaico, tra le altre.<\/p>\n\n\n\n<p>Se volete saperne di pi\u00f9 sulle piscine in microcemento, continuate a leggere. Una volta compresi tutti i vantaggi di questo materiale innovativo, ne rimarrete affascinati.<\/p>\n\n\n\n<p><\/p>\n\n\n\n<h2 class=\"wp-block-heading\">Piscine in microcemento: Adatto a piscine nuove e vecchie<\/h2>\n\n\n\n<ol class=\"wp-block-list\"><\/ol>\n\n\n\n<p>Sia che stiate progettando di costruire una piscina da zero o di rinnovare completamente una piscina esistente, il microcemento \u00e8 la soluzione decorativa di cui avete bisogno e che forse non conoscete ancora.<\/p>\n\n\n\n<p>Una delle caratteristiche uniche di questo materiale innovativo, che lo rende un rivestimento all-terrain, \u00e8 la sua compatibilit\u00e0 con diversi materiali, come calcestruzzo, tessere di mosaico, terrazzo, mattoni, piastrelle, ecc. \u00c8 sufficiente livellare e riparare il substrato, se necessario, e applicarvi sopra il microcemento. In questo modo, potrete dire addio alla vostra vecchia piscina e dare rapidamente il benvenuto a una nuova piscina in microcemento.<\/p>\n\n\n\n<p>D'altra parte, se si desidera costruire una piscina in microcemento da zero, \u00e8 possibile farlo. In entrambi i casi, il risultato sar\u00e0 lo stesso grazie alla sua versatilit\u00e0: rapida trasformazione dello spazio, risparmio di manodopera ed estetica spettacolare. Una piscina degna delle riviste di lusso.<\/p>\n\n\n\n<h2 class=\"wp-block-heading\"><strong>Pulizia e manutenzione minime per le piscine in microcemento<\/strong><\/h2>\n\n\n\n<ol start=\"2\" class=\"wp-block-list\"><\/ol>\n\n\n\n<p>Nei progetti di piscine convenzionali in cui dominano le piastrelle, lo sporco e la muffa si accumulano nelle giunture. Il microcemento, senza giunti e con una superficie continua, non presenta piccole fessure in cui si pu\u00f2 accumulare lo sporco.<\/p>\n\n\n\n<p>La manutenzione e la pulizia minime richieste dalle piscine in microcemento non sono riscontrabili in altri tipi di piscine. Non solo per l'assenza di giunti, ma anche perch\u00e9 non richiede una cura impegnativa come quella di altri materiali.<\/p>\n\n\n\n<h2 class=\"wp-block-heading\"><strong>Personalizzazione illimitata nelle piscine in microcemento<\/strong><\/h2>\n\n\n\n<ol start=\"4\" class=\"wp-block-list\"><\/ol>\n\n\n\n<p>Le piscine in microcemento possono essere personalizzate al massimo attraverso il colore e la finitura scelti, nonch\u00e9 la forma della piscina. Rettangolare, semicircolare, con bordi arrotondati o pi\u00f9 spigolosi, con elementi aggiuntivi come una zona idromassaggio o una cascata, ecc. Il limite \u00e8 fissato da voi<a href=\"https:\/\/www.satinestone.com\">!<\/a><\/p>\n\n\n\n<p>Senza dimenticare che il microcemento si sposa con tutti i tipi di materiali, quindi si integra in qualsiasi stile. In questo modo, \u00e8 possibile creare una piscina in microcemento e rivestire la corona con un altro materiale come il legno, ad esempio.<\/p>\n\n\n\n<h2 class=\"wp-block-heading\"><strong>Piscine in microcemento: Una questione di durata<\/strong><\/h2>\n\n\n\n<ol start=\"5\" class=\"wp-block-list\"><\/ol>\n\n\n\n<p>La popolarit\u00e0 delle piscine in microcemento \u00e8 salita alle stelle negli ultimi anni grazie alle loro invidiabili propriet\u00e0, per lo pi\u00f9 gi\u00e0 citate, e alla loro grande durata.<\/p>\n\n\n\n<p>Quando si costruisce una piscina, \u00e8 fondamentale scegliere un materiale che impedisca i temuti scivolamenti e le cadute che purtroppo diventano pi\u00f9 comuni durante la stagione estiva.<\/p>\n\n\n\n<p>Questo problema scompare quando si applica il microcemento alla corona e ai bordi della piscina, poich\u00e9 si tratta di un rivestimento che fornisce una finitura antiscivolo. \u00c8 indubbiamente uno dei valori aggiunti delle piscine in microcemento, insieme alla finitura impermeabile.<\/p>\n\n\n\n<h2 class=\"wp-block-heading\"><strong>Le piscine in microcemento offrono continuit\u00e0 di progettazione<\/strong><\/h2>\n\n\n\n<ol start=\"6\" class=\"wp-block-list\"><\/ol>\n\n\n\n<p>Un'altra grande virt\u00f9 delle piscine in microcemento \u00e8 l'uniformit\u00e0 che offrono grazie all'assenza di giunti. Senza alcuna divisione visibile, la piscina pu\u00f2 integrarsi perfettamente con l'ambiente circostante, creando non solo una continuit\u00e0 visiva ma anche un senso di calma e relax. Un ulteriore fattore che contribuisce a creare una sensazione di maggiore spaziosit\u00e0.<\/p>\n\n\n\n<h2 class=\"wp-block-heading\">Quanto costa una piscina in microcemento?<\/h2>\n\n\n\n<p>L'applicazione del microcemento alle piscine \u00e8 un metodo pi\u00f9 complesso rispetto ad altre superfici come pareti o pavimenti, ad esempio. \u00c8 un prodotto che deve essere ben compreso e la sua installazione deve essere eseguita da un professionista di grande esperienza per garantire il successo del progetto. Per questo il costo di una piscina in microcemento \u00e8 potenzialmente pi\u00f9 elevato rispetto a quello di un pavimento o di una parete in microcemento.<\/p>\n\n\n\n<p>Tuttavia, gli altri fattori che incidono sul prezzo di una piscina in microcemento sono gli stessi: tipo di microcemento, metri quadrati della futura piscina, costi di manodopera, ecc. In genere, una piscina in microcemento costa tra gli 80 e i 120 euro al metro quadro.<\/p>\n\n\n\n<h2 class=\"wp-block-heading\">Come realizzare una piscina in microcemento?<\/h2>\n\n\n\n<p>Il primo passo da compiere prima di applicare il microcemento \u00e8 assicurarsi che il substrato sia privo di difetti, pulito e privo di sporco. Se necessario, \u00e8 necessario passare l'aspirapolvere per renderlo perfetto. Una volta fatto questo, per creare una piscina in microcemento si devono seguire i seguenti passaggi:<\/p>\n\n\n\n<ol class=\"wp-block-list\">\n<li>Applicare uno strato di resina con un rullo (consigliamo la nostra resina acrilica e a base d'acqua, Acricem). Lasciare agire per almeno 30 minuti affinch\u00e9 la superficie si asciughi.<\/li>\n\n\n\n<li>Applicare quattro mani di microcemento specifico per piscine, poich\u00e9 l'utilizzo di un microcemento che non garantisce una resistenza ottimale potrebbe essere dannoso per i nostri interessi. Si consigliano due mani di Atlanttic Aquaciment XL, che servir\u00e0 come microcemento di base per la futura piscina in microcemento, seguite da due mani di Atlanttic Aquaciment M (microcemento di finitura).<\/li>\n\n\n\n<li>Dopo ogni strato di microcemento, lasciate asciugare per 24 ore e carteggiate con una grana 40.<\/li>\n\n\n\n<li>Applicare due strati di un sigillante speciale per piscine in microcemento, come Presealer, che impermeabilizza automaticamente il substrato. Lasciare un tempo di asciugatura di circa 4 ore tra uno strato e l'altro.<\/li>\n\n\n\n<li>Infine, cosa molto importante, prima di riempire la vasca di microcemento con acqua, lasciare un margine di circa cinque giorni.<\/li>\n<\/ol>","protected":false},"excerpt":{"rendered":"<p>Microcement Pools: Advantages, Benefits and Uses When we talk about swimming pools, the market offers practically infinite alternatives based on design, size, and budget. However, not all offer the benefits of microcement pools, which in recent years have established themselves as the premier alternative to traditional construction pools. Microcement pools are on the rise, and [&hellip;]<\/p>\n","protected":false},"author":1,"featured_media":0,"parent":2814,"menu_order":0,"comment_status":"closed","ping_status":"closed","template":"","meta":{"footnotes":""},"class_list":["post-5343","page","type-page","status-publish","hentry"],"yoast_head":"<!-- This site is optimized with the Yoast SEO plugin v27.4 - https:\/\/yoast.com\/product\/yoast-seo-wordpress\/ -->\n<title>Microcement Pools - Satine<\/title>\n<meta name=\"description\" content=\"The advantages of microcement pools: a customizable, durable, and aesthetic solution perfect for new or renovated pools. Learn about the installation process, low maintenance benefits, and limitless design possibilities.\" \/>\n<meta name=\"robots\" content=\"index, follow, max-snippet:-1, max-image-preview:large, max-video-preview:-1\" \/>\n<link rel=\"canonical\" href=\"https:\/\/www.satine.com\/it\/microcemento\/piscine-in-microcemento\/\" \/>\n<meta property=\"og:locale\" content=\"it_IT\" \/>\n<meta property=\"og:type\" content=\"article\" \/>\n<meta property=\"og:title\" content=\"Microcement Pools - Satine\" \/>\n<meta property=\"og:description\" content=\"The advantages of microcement pools: a customizable, durable, and aesthetic solution perfect for new or renovated pools. Learn about the installation process, low maintenance benefits, and limitless design possibilities.\" \/>\n<meta property=\"og:url\" content=\"https:\/\/www.satine.com\/it\/microcemento\/piscine-in-microcemento\/\" \/>\n<meta property=\"og:site_name\" content=\"Satine\" \/>\n<meta property=\"article:modified_time\" content=\"2024-09-24T08:16:30+00:00\" \/>\n<meta name=\"twitter:card\" content=\"summary_large_image\" \/>\n<meta name=\"twitter:label1\" content=\"Tempo di lettura stimato\" \/>\n\t<meta name=\"twitter:data1\" content=\"5 minuti\" \/>\n<script type=\"application\/ld+json\" class=\"yoast-schema-graph\">{\"@context\":\"https:\\\/\\\/schema.org\",\"@graph\":[{\"@type\":\"WebPage\",\"@id\":\"https:\\\/\\\/www.satine.com\\\/microcement\\\/microcement-pools\\\/\",\"url\":\"https:\\\/\\\/www.satine.com\\\/microcement\\\/microcement-pools\\\/\",\"name\":\"Microcement Pools - Satine\",\"isPartOf\":{\"@id\":\"https:\\\/\\\/www.satine.com\\\/#website\"},\"datePublished\":\"2024-09-17T14:08:53+00:00\",\"dateModified\":\"2024-09-24T08:16:30+00:00\",\"description\":\"The advantages of microcement pools: a customizable, durable, and aesthetic solution perfect for new or renovated pools. Learn about the installation process, low maintenance benefits, and limitless design possibilities.\",\"breadcrumb\":{\"@id\":\"https:\\\/\\\/www.satine.com\\\/microcement\\\/microcement-pools\\\/#breadcrumb\"},\"inLanguage\":\"it-IT\",\"potentialAction\":[{\"@type\":\"ReadAction\",\"target\":[\"https:\\\/\\\/www.satine.com\\\/microcement\\\/microcement-pools\\\/\"]}]},{\"@type\":\"BreadcrumbList\",\"@id\":\"https:\\\/\\\/www.satine.com\\\/microcement\\\/microcement-pools\\\/#breadcrumb\",\"itemListElement\":[{\"@type\":\"ListItem\",\"position\":1,\"name\":\"Inicio\",\"item\":\"https:\\\/\\\/www.satine.com\\\/\"},{\"@type\":\"ListItem\",\"position\":2,\"name\":\"Microcement\",\"item\":\"https:\\\/\\\/www.satine.com\\\/microcement\\\/\"},{\"@type\":\"ListItem\",\"position\":3,\"name\":\"Microcement Pools\"}]},{\"@type\":\"WebSite\",\"@id\":\"https:\\\/\\\/www.satine.com\\\/#website\",\"url\":\"https:\\\/\\\/www.satine.com\\\/\",\"name\":\"Satine - Microcement\",\"description\":\"\",\"alternateName\":\"Satine - Microcement\",\"potentialAction\":[{\"@type\":\"SearchAction\",\"target\":{\"@type\":\"EntryPoint\",\"urlTemplate\":\"https:\\\/\\\/www.satine.com\\\/?s={search_term_string}\"},\"query-input\":{\"@type\":\"PropertyValueSpecification\",\"valueRequired\":true,\"valueName\":\"search_term_string\"}}],\"inLanguage\":\"it-IT\"}]}<\/script>\n<!-- \/ Yoast SEO plugin. -->","yoast_head_json":{"title":"Piscine in microcemento - Satine","description":"I vantaggi delle piscine in microcemento: una soluzione personalizzabile, durevole ed estetica, perfetta per piscine nuove o ristrutturate. Scoprite il processo di installazione, i vantaggi della bassa manutenzione e le infinite possibilit\u00e0 di progettazione.","robots":{"index":"index","follow":"follow","max-snippet":"max-snippet:-1","max-image-preview":"max-image-preview:large","max-video-preview":"max-video-preview:-1"},"canonical":"https:\/\/www.satine.com\/it\/microcemento\/piscine-in-microcemento\/","og_locale":"it_IT","og_type":"article","og_title":"Microcement Pools - Satine","og_description":"The advantages of microcement pools: a customizable, durable, and aesthetic solution perfect for new or renovated pools. Learn about the installation process, low maintenance benefits, and limitless design possibilities.","og_url":"https:\/\/www.satine.com\/it\/microcemento\/piscine-in-microcemento\/","og_site_name":"Satine","article_modified_time":"2024-09-24T08:16:30+00:00","twitter_card":"summary_large_image","twitter_misc":{"Tempo di lettura stimato":"5 minuti"},"schema":{"@context":"https:\/\/schema.org","@graph":[{"@type":"WebPage","@id":"https:\/\/www.satine.com\/microcement\/microcement-pools\/","url":"https:\/\/www.satine.com\/microcement\/microcement-pools\/","name":"Piscine in microcemento - Satine","isPartOf":{"@id":"https:\/\/www.satine.com\/#website"},"datePublished":"2024-09-17T14:08:53+00:00","dateModified":"2024-09-24T08:16:30+00:00","description":"I vantaggi delle piscine in microcemento: una soluzione personalizzabile, durevole ed estetica, perfetta per piscine nuove o ristrutturate. Scoprite il processo di installazione, i vantaggi della bassa manutenzione e le infinite possibilit\u00e0 di progettazione.","breadcrumb":{"@id":"https:\/\/www.satine.com\/microcement\/microcement-pools\/#breadcrumb"},"inLanguage":"it-IT","potentialAction":[{"@type":"ReadAction","target":["https:\/\/www.satine.com\/microcement\/microcement-pools\/"]}]},{"@type":"BreadcrumbList","@id":"https:\/\/www.satine.com\/microcement\/microcement-pools\/#breadcrumb","itemListElement":[{"@type":"ListItem","position":1,"name":"Inicio","item":"https:\/\/www.satine.com\/"},{"@type":"ListItem","position":2,"name":"Microcement","item":"https:\/\/www.satine.com\/microcement\/"},{"@type":"ListItem","position":3,"name":"Microcement Pools"}]},{"@type":"WebSite","@id":"https:\/\/www.satine.com\/#website","url":"https:\/\/www.satine.com\/","name":"Satine - Microcemento","description":"","alternateName":"Satine - Microcement","potentialAction":[{"@type":"SearchAction","target":{"@type":"EntryPoint","urlTemplate":"https:\/\/www.satine.com\/?s={search_term_string}"},"query-input":{"@type":"PropertyValueSpecification","valueRequired":true,"valueName":"search_term_string"}}],"inLanguage":"it-IT"}]}},"_links":{"self":[{"href":"https:\/\/www.satine.com\/it\/wp-json\/wp\/v2\/pages\/5343","targetHints":{"allow":["GET"]}}],"collection":[{"href":"https:\/\/www.satine.com\/it\/wp-json\/wp\/v2\/pages"}],"about":[{"href":"https:\/\/www.satine.com\/it\/wp-json\/wp\/v2\/types\/page"}],"author":[{"embeddable":true,"href":"https:\/\/www.satine.com\/it\/wp-json\/wp\/v2\/users\/1"}],"replies":[{"embeddable":true,"href":"https:\/\/www.satine.com\/it\/wp-json\/wp\/v2\/comments?post=5343"}],"version-history":[{"count":6,"href":"https:\/\/www.satine.com\/it\/wp-json\/wp\/v2\/pages\/5343\/revisions"}],"predecessor-version":[{"id":5354,"href":"https:\/\/www.satine.com\/it\/wp-json\/wp\/v2\/pages\/5343\/revisions\/5354"}],"up":[{"embeddable":true,"href":"https:\/\/www.satine.com\/it\/wp-json\/wp\/v2\/pages\/2814"}],"wp:attachment":[{"href":"https:\/\/www.satine.com\/it\/wp-json\/wp\/v2\/media?parent=5343"}],"curies":[{"name":"wp","href":"https:\/\/api.w.org\/{rel}","templated":true}]}}