{"id":5228,"date":"2024-09-17T07:52:31","date_gmt":"2024-09-17T11:52:31","guid":{"rendered":"https:\/\/www.satine.com\/?page_id=5228"},"modified":"2024-09-24T05:26:42","modified_gmt":"2024-09-24T09:26:42","slug":"cucine-in-microcemento","status":"publish","type":"page","link":"https:\/\/www.satine.com\/it\/microcement\/microcement-kitchens\/","title":{"rendered":"Cucine in microcemento"},"content":{"rendered":"<h3 class=\"wp-block-heading\">Cucine in microcemento: Vantaggi, benefici e utilizzi<\/h3>\n\n\n\n<p><a href=\"https:\/\/www.satine.com\/microcement\">Microcemento<\/a> Le cucine sono la scelta preferita di un numero crescente di professionisti della ristrutturazione, architetti e decoratori, grazie ai numerosi vantaggi offerti da questo rivestimento decorativo. Garantisce creazioni uniche per rinnovare uno spazio importante come la cucina.<\/p>\n\n\n\n<p>Una delle caratteristiche del microcemento in cucina \u00e8 la sua versatilit\u00e0, che ne consente l'applicazione in molti modi. Di conseguenza, \u00e8 possibile trovare il microcemento utilizzato su pavimenti, pareti, piani di lavoro e persino lavelli. Questa ampia gamma di applicazioni \u00e8 completata dalla vasta gamma di colori disponibili per questo materiale. L'insieme di questi due fattori d\u00e0 libero sfogo alla creativit\u00e0, rendendo possibile il design di qualsiasi cucina.<\/p>\n\n\n\n<p>La sua natura senza soluzione di continuit\u00e0 esalta la continuit\u00e0 e la luminosit\u00e0 dello spazio, conferendo un'estetica innovativa e, soprattutto, una cucina altamente funzionale. Indipendentemente dalla superficie rivestita, il microcemento garantisce una buona resistenza all'abrasione, al calpestio e all'umidit\u00e0 ambientale.<\/p>\n\n\n\n<p>Le finiture delle cucine in microcemento sono diverse e rispondono ai gusti e alle preferenze individuali. Questo rivestimento si distingue per la facilit\u00e0 con cui si integra con gli altri elementi dell'arredamento della stanza. Le finiture possono essere lisce, lucide, strutturate o con effetti d'acqua, tra le altre cose. Di seguito illustriamo i principali vantaggi di questa tendenza decorativa in crescita.<\/p>\n\n\n\n<h3 class=\"wp-block-heading\">Vantaggi del microcemento nelle cucine<\/h3>\n\n\n\n<p>Il microcemento offre numerosi vantaggi in cucina, indipendentemente dalla superficie su cui viene applicato. Permette di rinnovare rapidamente la cucina senza renderla inabitabile, poich\u00e9 non richiede grandi lavori di costruzione, evitando cos\u00ec detriti e disordine.<a href=\"https:\/\/www.satinestone.com\">.<\/a><\/p>\n\n\n\n<p>Ecco le principali qualit\u00e0 che spiegano perch\u00e9 le cucine in microcemento sono diventate una tendenza assoluta nella ristrutturazione di cucine residenziali, ristoranti e alberghi:<\/p>\n\n\n\n<ol class=\"wp-block-list\">\n<li><strong>L'applicazione del microcemento in cucina non richiede lavori di costruzione<\/strong>: Il tempo \u00e8 prezioso quando si ristruttura uno spazio, soprattutto una cucina. Poich\u00e9 questo rivestimento decorativo \u00e8 compatibile con quasi tutti i materiali, il microcemento pu\u00f2 essere applicato direttamente sulle superfici esistenti senza bisogno di lavori di costruzione. La vostra nuova cucina sar\u00e0 pronta in pochi giorni.<\/li>\n\n\n\n<li><strong>Variet\u00e0 di colori per le cucine in microcemento<\/strong>: \u00c8 disponibile un'ampia gamma di colori di microcemento per la cucina, che vanno da tonalit\u00e0 neutre come il bianco, il grigio o il nero a pigmenti pi\u00f9 vivaci.&nbsp;<strong>Satine<\/strong>&nbsp;offre una tavolozza di colori completa per creare un ambiente stimolante.<\/li>\n\n\n\n<li><strong>Le cucine in microcemento hanno una buona resistenza termica e chimica<\/strong>: Questo rivestimento vanta una buona resistenza termica e resiste anche ai prodotti per la pulizia della casa. Queste caratteristiche hanno reso molto popolari i pavimenti e i rivestimenti in microcemento delle cucine e i piani di lavoro in microcemento.<\/li>\n\n\n\n<li><strong>Le cucine in microcemento possono essere impermeabili<\/strong>: Al di l\u00e0 del valore decorativo, ci\u00f2 che si cerca in spazi come le cucine \u00e8 un rivestimento altamente funzionale che risponda alle esigenze. Garantire una finitura impermeabile in un'area esposta all'acqua e a liquidi simili \u00e8 fondamentale. Ecco perch\u00e9 il microcemento \u00e8 cos\u00ec popolare nelle cucine. Con l'uso di vernici e sigillanti studiati da&nbsp;<strong>Satine<\/strong>, Le cucine in microcemento possono essere rese impermeabili. Non solo sigilla completamente la superficie, ma aggiunge anche una maggiore durata: un vero e proprio 2 in 1!<\/li>\n<\/ol>\n\n\n\n<div style=\"height:20px\" aria-hidden=\"true\" class=\"wp-block-spacer\"><\/div>\n\n\n<div class=\"wp-block-image is-style-default\">\n<figure class=\"aligncenter size-large is-resized\"><img loading=\"lazy\" decoding=\"async\" width=\"1024\" height=\"683\" src=\"https:\/\/www.satine.com\/wp-content\/uploads\/2024\/09\/pared-de-cocina-de-microcemento-3506836-1024x683.webp\" alt=\"\" class=\"wp-image-5319\" style=\"aspect-ratio:16\/9;object-fit:cover;width:1200px\" srcset=\"https:\/\/www.satine.com\/wp-content\/uploads\/2024\/09\/pared-de-cocina-de-microcemento-3506836-1024x683.webp 1024w, https:\/\/www.satine.com\/wp-content\/uploads\/2024\/09\/pared-de-cocina-de-microcemento-3506836-300x200.webp 300w, https:\/\/www.satine.com\/wp-content\/uploads\/2024\/09\/pared-de-cocina-de-microcemento-3506836-768x512.webp 768w, https:\/\/www.satine.com\/wp-content\/uploads\/2024\/09\/pared-de-cocina-de-microcemento-3506836-1536x1025.webp 1536w, https:\/\/www.satine.com\/wp-content\/uploads\/2024\/09\/pared-de-cocina-de-microcemento-3506836-18x12.webp 18w, https:\/\/www.satine.com\/wp-content\/uploads\/2024\/09\/pared-de-cocina-de-microcemento-3506836.webp 1619w\" sizes=\"auto, (max-width: 1024px) 100vw, 1024px\" \/><\/figure>\n<\/div>\n\n\n<div style=\"height:40px\" aria-hidden=\"true\" class=\"wp-block-spacer\"><\/div>\n\n\n\n<h3 class=\"wp-block-heading\">Microcemento sulle pareti della cucina<\/h3>\n\n\n\n<p>Rivestire le pareti della cucina con il microcemento consente di ottenere un cambiamento estetico significativo senza spendere molto denaro e tempo. Offre un alto valore decorativo che aggiunge distinzione allo spazio con la sua vasta gamma di texture e finiture. Le opzioni sono pressoch\u00e9 infinite.<\/p>\n\n\n\n<p>Il microcemento garantisce la resistenza agli urti degli oggetti di uso quotidiano e all'umidit\u00e0 ambientale. Ci\u00f2 \u00e8 particolarmente importante in quanto la cucina \u00e8 costantemente esposta all'acqua corrente. Un valore aggiunto del microcemento sulle pareti della cucina, che non tutti i rivestimenti offrono, \u00e8 il suo utilizzo prolungato in questo spazio. Offre tranquillit\u00e0 e sicurezza, soprattutto per quanto riguarda le fuoriuscite e gli schizzi. Si tratta di un aspetto cruciale, poich\u00e9 \u00e8 inevitabile che i resti di cibo finiscano sulle pareti durante la cottura. Inoltre, offre un'eccellente resistenza alle macchie e ai graffi e pu\u00f2 essere pulito rapidamente e facilmente con acqua e sapone neutro per mantenerlo in perfette condizioni.<\/p>\n\n\n\n<h3 class=\"wp-block-heading\">Microcemento sui pavimenti della cucina<\/h3>\n\n\n\n<p>Le caratteristiche del microcemento sui pavimenti delle cucine sono altrettanto degne di nota. A seconda della composizione e della granulosit\u00e0 del materiale utilizzato, si possono ottenere diverse finiture: dai pavimenti pi\u00f9 fini e lisci a quelli con una maggiore rugosit\u00e0 per una maggiore resistenza al calpestio.<\/p>\n\n\n\n<p>Oltre all'aspetto estetico, che \u00e8 fondamentale nella scelta del microcemento per i pavimenti della cucina, vanno sottolineati i suoi notevoli vantaggi. \u00c8 un'opzione di pavimentazione altamente durevole, che non si crepa e non richiede praticamente alcuna manutenzione per rimanere come nuovo.<\/p>\n\n\n\n<p>Il pavimento in microcemento in cucina \u00e8 una delle scelte pi\u00f9 intelligenti per rinnovare il pavimento grazie alla sua elevata resistenza all'usura, all'abrasione, agli urti e al calpestio. Inoltre, essendo applicato in uno strato sottile tra i 2 e i 3 mm, non alza eccessivamente il livello del pavimento originale, eliminando la necessit\u00e0 di livellare la nuova superficie.<\/p>\n\n\n\n<h3 class=\"wp-block-heading\">Microcemento sui piani di lavoro della cucina<\/h3>\n\n\n\n<p>I piani di lavoro in microcemento sono sempre pi\u00f9 popolari grazie alla loro resistenza all'abrasione e al calore. Inoltre, sono facili da pulire e possono adattarsi rapidamente a qualsiasi forma del piano di lavoro.<\/p>\n\n\n\n<p>Il piano di lavoro \u00e8 molto pi\u00f9 di un semplice spazio per muoversi in cucina e preparare deliziose ricette. Rinnovando solo il piano di lavoro, \u00e8 possibile modernizzare e trasformare completamente l'aspetto della cucina senza essere invasivi. Non \u00e8 necessario sostituirlo, basta ricoprirlo con il microcemento. Il risultato \u00e8 una finitura elegante e raffinata con uno spessore praticamente impercettibile che non influisce sul carico strutturale dei mobili.<\/p>\n\n\n\n<p>I colori del microcemento disponibili per i piani di lavoro sono molti. Ad esempio, il bianco conferisce armonia, pulizia e minimalismo allo spazio, mentre il grigio \u00e8 pi\u00f9 adatto a un'atmosfera pi\u00f9 industriale e autentica. Qualunque sia il piano di lavoro in microcemento che avete in mente, il processo di applicazione rimane lo stesso.<\/p>\n\n\n\n<p><\/p>","protected":false},"excerpt":{"rendered":"<p>Microcement Kitchens: Advantages, Benefits and Uses Microcement kitchens are the preferred choice of an increasing number of renovation professionals, architects, and decorators due to the numerous advantages offered by this decorative coating. It ensures unique creations to renew such an important space as the kitchen. One of the features of microcement in kitchens is its [&hellip;]<\/p>\n","protected":false},"author":1,"featured_media":0,"parent":2814,"menu_order":0,"comment_status":"closed","ping_status":"closed","template":"","meta":{"footnotes":""},"class_list":["post-5228","page","type-page","status-publish","hentry"],"yoast_head":"<!-- This site is optimized with the Yoast SEO plugin v27.4 - https:\/\/yoast.com\/product\/yoast-seo-wordpress\/ -->\n<title>Microcement Kitchens - Satine<\/title>\n<meta name=\"description\" content=\"Descubre las ventajas del microcemento en cocinas con Satine: renovaci\u00f3n r\u00e1pida sin obras, amplia variedad de colores, resistencia t\u00e9rmica y qu\u00edmica, y acabados personalizados. Ideal para suelos, paredes, encimeras y m\u00e1s.\" \/>\n<meta name=\"robots\" content=\"index, follow, max-snippet:-1, max-image-preview:large, max-video-preview:-1\" \/>\n<link rel=\"canonical\" href=\"https:\/\/www.satine.com\/it\/microcemento\/cucine-in-microcemento\/\" \/>\n<meta property=\"og:locale\" content=\"it_IT\" \/>\n<meta property=\"og:type\" content=\"article\" \/>\n<meta property=\"og:title\" content=\"Microcement Kitchens - Satine\" \/>\n<meta property=\"og:description\" content=\"Descubre las ventajas del microcemento en cocinas con Satine: renovaci\u00f3n r\u00e1pida sin obras, amplia variedad de colores, resistencia t\u00e9rmica y qu\u00edmica, y acabados personalizados. Ideal para suelos, paredes, encimeras y m\u00e1s.\" \/>\n<meta property=\"og:url\" content=\"https:\/\/www.satine.com\/it\/microcemento\/cucine-in-microcemento\/\" \/>\n<meta property=\"og:site_name\" content=\"Satine\" \/>\n<meta property=\"article:modified_time\" content=\"2024-09-24T09:26:42+00:00\" \/>\n<meta property=\"og:image\" content=\"https:\/\/www.satine.com\/wp-content\/uploads\/2024\/09\/pared-de-cocina-de-microcemento-3506836-1024x683.webp\" \/>\n<meta name=\"twitter:card\" content=\"summary_large_image\" \/>\n<meta name=\"twitter:label1\" content=\"Tempo di lettura stimato\" \/>\n\t<meta name=\"twitter:data1\" content=\"5 minuti\" \/>\n<script type=\"application\/ld+json\" class=\"yoast-schema-graph\">{\"@context\":\"https:\\\/\\\/schema.org\",\"@graph\":[{\"@type\":\"WebPage\",\"@id\":\"https:\\\/\\\/www.satine.com\\\/microcement\\\/microcement-kitchens\\\/\",\"url\":\"https:\\\/\\\/www.satine.com\\\/microcement\\\/microcement-kitchens\\\/\",\"name\":\"Microcement Kitchens - Satine\",\"isPartOf\":{\"@id\":\"https:\\\/\\\/www.satine.com\\\/#website\"},\"primaryImageOfPage\":{\"@id\":\"https:\\\/\\\/www.satine.com\\\/microcement\\\/microcement-kitchens\\\/#primaryimage\"},\"image\":{\"@id\":\"https:\\\/\\\/www.satine.com\\\/microcement\\\/microcement-kitchens\\\/#primaryimage\"},\"thumbnailUrl\":\"https:\\\/\\\/www.satine.com\\\/wp-content\\\/uploads\\\/2024\\\/09\\\/pared-de-cocina-de-microcemento-3506836-1024x683.webp\",\"datePublished\":\"2024-09-17T11:52:31+00:00\",\"dateModified\":\"2024-09-24T09:26:42+00:00\",\"description\":\"Descubre las ventajas del microcemento en cocinas con Satine: renovaci\u00f3n r\u00e1pida sin obras, amplia variedad de colores, resistencia t\u00e9rmica y qu\u00edmica, y acabados personalizados. Ideal para suelos, paredes, encimeras y m\u00e1s.\",\"breadcrumb\":{\"@id\":\"https:\\\/\\\/www.satine.com\\\/microcement\\\/microcement-kitchens\\\/#breadcrumb\"},\"inLanguage\":\"it-IT\",\"potentialAction\":[{\"@type\":\"ReadAction\",\"target\":[\"https:\\\/\\\/www.satine.com\\\/microcement\\\/microcement-kitchens\\\/\"]}]},{\"@type\":\"ImageObject\",\"inLanguage\":\"it-IT\",\"@id\":\"https:\\\/\\\/www.satine.com\\\/microcement\\\/microcement-kitchens\\\/#primaryimage\",\"url\":\"https:\\\/\\\/www.satine.com\\\/wp-content\\\/uploads\\\/2024\\\/09\\\/pared-de-cocina-de-microcemento-3506836-1024x683.webp\",\"contentUrl\":\"https:\\\/\\\/www.satine.com\\\/wp-content\\\/uploads\\\/2024\\\/09\\\/pared-de-cocina-de-microcemento-3506836-1024x683.webp\"},{\"@type\":\"BreadcrumbList\",\"@id\":\"https:\\\/\\\/www.satine.com\\\/microcement\\\/microcement-kitchens\\\/#breadcrumb\",\"itemListElement\":[{\"@type\":\"ListItem\",\"position\":1,\"name\":\"Inicio\",\"item\":\"https:\\\/\\\/www.satine.com\\\/\"},{\"@type\":\"ListItem\",\"position\":2,\"name\":\"Microcement\",\"item\":\"https:\\\/\\\/www.satine.com\\\/microcement\\\/\"},{\"@type\":\"ListItem\",\"position\":3,\"name\":\"Microcement Kitchens\"}]},{\"@type\":\"WebSite\",\"@id\":\"https:\\\/\\\/www.satine.com\\\/#website\",\"url\":\"https:\\\/\\\/www.satine.com\\\/\",\"name\":\"Satine - Microcement\",\"description\":\"\",\"alternateName\":\"Satine - Microcement\",\"potentialAction\":[{\"@type\":\"SearchAction\",\"target\":{\"@type\":\"EntryPoint\",\"urlTemplate\":\"https:\\\/\\\/www.satine.com\\\/?s={search_term_string}\"},\"query-input\":{\"@type\":\"PropertyValueSpecification\",\"valueRequired\":true,\"valueName\":\"search_term_string\"}}],\"inLanguage\":\"it-IT\"}]}<\/script>\n<!-- \/ Yoast SEO plugin. -->","yoast_head_json":{"title":"Cucine in microcemento - Satine","description":"Scoprite i vantaggi del microcemento in cucina con Satine: rinnovamento rapido e senza interventi, ampia variet\u00e0 di colori, resistenza termica e chimica e rivestimenti personalizzati. Ideale per pavimenti, rivestimenti, coperture e molto altro ancora.","robots":{"index":"index","follow":"follow","max-snippet":"max-snippet:-1","max-image-preview":"max-image-preview:large","max-video-preview":"max-video-preview:-1"},"canonical":"https:\/\/www.satine.com\/it\/microcemento\/cucine-in-microcemento\/","og_locale":"it_IT","og_type":"article","og_title":"Microcement Kitchens - Satine","og_description":"Descubre las ventajas del microcemento en cocinas con Satine: renovaci\u00f3n r\u00e1pida sin obras, amplia variedad de colores, resistencia t\u00e9rmica y qu\u00edmica, y acabados personalizados. Ideal para suelos, paredes, encimeras y m\u00e1s.","og_url":"https:\/\/www.satine.com\/it\/microcemento\/cucine-in-microcemento\/","og_site_name":"Satine","article_modified_time":"2024-09-24T09:26:42+00:00","og_image":[{"url":"https:\/\/www.satine.com\/wp-content\/uploads\/2024\/09\/pared-de-cocina-de-microcemento-3506836-1024x683.webp","type":"","width":"","height":""}],"twitter_card":"summary_large_image","twitter_misc":{"Tempo di lettura stimato":"5 minuti"},"schema":{"@context":"https:\/\/schema.org","@graph":[{"@type":"WebPage","@id":"https:\/\/www.satine.com\/microcement\/microcement-kitchens\/","url":"https:\/\/www.satine.com\/microcement\/microcement-kitchens\/","name":"Cucine in microcemento - Satine","isPartOf":{"@id":"https:\/\/www.satine.com\/#website"},"primaryImageOfPage":{"@id":"https:\/\/www.satine.com\/microcement\/microcement-kitchens\/#primaryimage"},"image":{"@id":"https:\/\/www.satine.com\/microcement\/microcement-kitchens\/#primaryimage"},"thumbnailUrl":"https:\/\/www.satine.com\/wp-content\/uploads\/2024\/09\/pared-de-cocina-de-microcemento-3506836-1024x683.webp","datePublished":"2024-09-17T11:52:31+00:00","dateModified":"2024-09-24T09:26:42+00:00","description":"Scoprite i vantaggi del microcemento in cucina con Satine: rinnovamento rapido e senza interventi, ampia variet\u00e0 di colori, resistenza termica e chimica e rivestimenti personalizzati. Ideale per pavimenti, rivestimenti, coperture e molto altro ancora.","breadcrumb":{"@id":"https:\/\/www.satine.com\/microcement\/microcement-kitchens\/#breadcrumb"},"inLanguage":"it-IT","potentialAction":[{"@type":"ReadAction","target":["https:\/\/www.satine.com\/microcement\/microcement-kitchens\/"]}]},{"@type":"ImageObject","inLanguage":"it-IT","@id":"https:\/\/www.satine.com\/microcement\/microcement-kitchens\/#primaryimage","url":"https:\/\/www.satine.com\/wp-content\/uploads\/2024\/09\/pared-de-cocina-de-microcemento-3506836-1024x683.webp","contentUrl":"https:\/\/www.satine.com\/wp-content\/uploads\/2024\/09\/pared-de-cocina-de-microcemento-3506836-1024x683.webp"},{"@type":"BreadcrumbList","@id":"https:\/\/www.satine.com\/microcement\/microcement-kitchens\/#breadcrumb","itemListElement":[{"@type":"ListItem","position":1,"name":"Inicio","item":"https:\/\/www.satine.com\/"},{"@type":"ListItem","position":2,"name":"Microcement","item":"https:\/\/www.satine.com\/microcement\/"},{"@type":"ListItem","position":3,"name":"Microcement Kitchens"}]},{"@type":"WebSite","@id":"https:\/\/www.satine.com\/#website","url":"https:\/\/www.satine.com\/","name":"Satine - Microcemento","description":"","alternateName":"Satine - Microcement","potentialAction":[{"@type":"SearchAction","target":{"@type":"EntryPoint","urlTemplate":"https:\/\/www.satine.com\/?s={search_term_string}"},"query-input":{"@type":"PropertyValueSpecification","valueRequired":true,"valueName":"search_term_string"}}],"inLanguage":"it-IT"}]}},"_links":{"self":[{"href":"https:\/\/www.satine.com\/it\/wp-json\/wp\/v2\/pages\/5228","targetHints":{"allow":["GET"]}}],"collection":[{"href":"https:\/\/www.satine.com\/it\/wp-json\/wp\/v2\/pages"}],"about":[{"href":"https:\/\/www.satine.com\/it\/wp-json\/wp\/v2\/types\/page"}],"author":[{"embeddable":true,"href":"https:\/\/www.satine.com\/it\/wp-json\/wp\/v2\/users\/1"}],"replies":[{"embeddable":true,"href":"https:\/\/www.satine.com\/it\/wp-json\/wp\/v2\/comments?post=5228"}],"version-history":[{"count":5,"href":"https:\/\/www.satine.com\/it\/wp-json\/wp\/v2\/pages\/5228\/revisions"}],"predecessor-version":[{"id":5326,"href":"https:\/\/www.satine.com\/it\/wp-json\/wp\/v2\/pages\/5228\/revisions\/5326"}],"up":[{"embeddable":true,"href":"https:\/\/www.satine.com\/it\/wp-json\/wp\/v2\/pages\/2814"}],"wp:attachment":[{"href":"https:\/\/www.satine.com\/it\/wp-json\/wp\/v2\/media?parent=5228"}],"curies":[{"name":"wp","href":"https:\/\/api.w.org\/{rel}","templated":true}]}}