{"id":5166,"date":"2024-09-17T04:44:44","date_gmt":"2024-09-17T08:44:44","guid":{"rendered":"https:\/\/www.satine.com\/?page_id=5166"},"modified":"2024-09-17T08:35:45","modified_gmt":"2024-09-17T12:35:45","slug":"bagni-in-microcemento","status":"publish","type":"page","link":"https:\/\/www.satine.com\/it\/microcement\/microcement-bathrooms\/","title":{"rendered":"Bagni in microcemento"},"content":{"rendered":"<h2 class=\"wp-block-heading\">Bagni in microcemento: Vantaggi, benefici e utilizzi<\/h2>\n\n\n\n<p><a href=\"https:\/\/www.satine.com\/microcement\">Microcemento<\/a> I rivestimenti per bagni sono una tendenza del design d'interni che ha guadagnato popolarit\u00e0 negli ultimi anni grazie alla loro versatilit\u00e0, durata ed estetica moderna. Questo materiale, composto da una miscela di cemento, resine e pigmenti, \u00e8 noto per la sua elevata resistenza e per la sua finitura continua, che lo rende un'opzione eccellente per le aree umide come i bagni.<\/p>\n\n\n\n<h3 class=\"wp-block-heading\">Vantaggi del microcemento nei bagni:<\/h3>\n\n\n\n<ul class=\"wp-block-list\">\n<li><strong>Estetica moderna e minimalista<\/strong>: Il microcemento offre un aspetto liscio, uniforme e contemporaneo, ideale per chi cerca uno stile minimalista. La sua finitura senza giunture crea un senso di continuit\u00e0, ampliando visivamente gli spazi e facendoli apparire pi\u00f9 ampi e puliti.<\/li>\n\n\n\n<li><strong>Variet\u00e0 di colori e finiture<\/strong>: Sebbene il grigio sia il colore pi\u00f9 comune, il microcemento pu\u00f2 essere pigmentato in un'ampia gamma di tonalit\u00e0, che gli consentono di adattarsi a qualsiasi stile decorativo. Esistono anche diversi tipi di finiture: opache, satinate o lucide, che garantiscono una certa flessibilit\u00e0 d'uso.<\/li>\n\n\n\n<li><strong>Durata e resistenza<\/strong>: Questo materiale \u00e8 altamente resistente all'usura, agli urti e all'umidit\u00e0, il che lo rende perfetto per l'uso in docce, lavandini e pareti del bagno. Inoltre, con una corretta manutenzione, il microcemento pu\u00f2 rimanere in ottime condizioni per molti anni.<\/li>\n\n\n\n<li><strong>Impermeabile e facile da pulire<\/strong>: Essendo un materiale senza giunture, \u00e8 facile da pulire, poich\u00e9 non ci sono spazi vuoti in cui si possano accumulare sporco o muffa. Con un adeguato strato sigillante, il microcemento \u00e8 completamente impermeabile e protegge dall'umidit\u00e0.<\/li>\n\n\n\n<li><strong>Installazione su superfici esistenti<\/strong>: Uno dei grandi vantaggi del microcemento \u00e8 che pu\u00f2 essere applicato su piastrelle, ceramica o qualsiasi altra superficie senza doverla rimuovere, riducendo i tempi e i costi di costruzione.<\/li>\n<\/ul>\n\n\n\n<div style=\"height:30px\" aria-hidden=\"true\" class=\"wp-block-spacer\"><\/div>\n\n\n\n<figure class=\"wp-block-image size-large is-resized\"><img loading=\"lazy\" decoding=\"async\" width=\"1024\" height=\"639\" src=\"https:\/\/www.satine.com\/wp-content\/uploads\/2024\/09\/Captura-de-pantalla-2024-09-17-a-las-10.47.53-1024x639.png\" alt=\"\" class=\"wp-image-5187\" style=\"aspect-ratio:16\/9;object-fit:cover;width:1600px\" srcset=\"https:\/\/www.satine.com\/wp-content\/uploads\/2024\/09\/Captura-de-pantalla-2024-09-17-a-las-10.47.53-1024x639.png 1024w, https:\/\/www.satine.com\/wp-content\/uploads\/2024\/09\/Captura-de-pantalla-2024-09-17-a-las-10.47.53-300x187.png 300w, https:\/\/www.satine.com\/wp-content\/uploads\/2024\/09\/Captura-de-pantalla-2024-09-17-a-las-10.47.53-768x479.png 768w, https:\/\/www.satine.com\/wp-content\/uploads\/2024\/09\/Captura-de-pantalla-2024-09-17-a-las-10.47.53-18x12.png 18w, https:\/\/www.satine.com\/wp-content\/uploads\/2024\/09\/Captura-de-pantalla-2024-09-17-a-las-10.47.53.png 1150w\" sizes=\"auto, (max-width: 1024px) 100vw, 1024px\" \/><\/figure>\n\n\n\n<div style=\"height:30px\" aria-hidden=\"true\" class=\"wp-block-spacer\"><\/div>\n\n\n\n<h3 class=\"wp-block-heading\">Utilizzabile in bagno:<\/h3>\n\n\n\n<ul class=\"wp-block-list\">\n<li><strong>Pareti e pavimenti<\/strong>: Grazie alla sua impermeabilit\u00e0 e resistenza all'umidit\u00e0, il microcemento \u00e8 ideale per rivestire le pareti e i pavimenti del bagno, offrendo una finitura continua che aggiunge un senso di spaziosit\u00e0 e modernit\u00e0.<\/li>\n\n\n\n<li><strong>Piani e lavelli<\/strong>: Il microcemento pu\u00f2 essere modellato in qualsiasi forma, consentendo la creazione di piani d'appoggio o lavabi dal design personalizzato, elegantemente integrati nel design generale del bagno.<a href=\"https:\/\/www.satinestone.com\">.<\/a><\/li>\n\n\n\n<li><strong>Docce<\/strong>: Se trattato con determinate finiture, il microcemento diventa antiscivolo, il che lo rende una scelta eccellente per i piatti doccia, fornendo una superficie sicura ed elegante.<\/li>\n<\/ul>\n\n\n\n<h3 class=\"wp-block-heading\">Prezzo del microcemento nei bagni<\/h3>\n\n\n\n<p>Il&nbsp;<strong>prezzo del microcemento nei bagni<\/strong>&nbsp;varia a seconda di diversi fattori chiave che influenzano il costo totale del progetto. Alcuni degli elementi pi\u00f9 importanti da considerare sono:<\/p>\n\n\n\n<ul class=\"wp-block-list\">\n<li><strong>Difficolt\u00e0 e complessit\u00e0 del lavoro<\/strong>: Ogni bagno ha caratteristiche uniche, come le dimensioni, lo stato delle superfici e la disposizione dello spazio, che possono rendere il lavoro pi\u00f9 o meno complesso. Se il bagno richiede un'ulteriore preparazione della superficie, come il livellamento o riparazioni precedenti, il costo dell'installazione potrebbe aumentare.<\/li>\n\n\n\n<li><strong>Qualit\u00e0 del microcemento<\/strong>: Esistono diversi tipi di microcemento sul mercato, dalle opzioni pi\u00f9 economiche ai prodotti di alta qualit\u00e0 che offrono migliori prestazioni in termini di resistenza, durata e finiture. La scelta del tipo di microcemento influisce direttamente sul prezzo, in quanto i marchi di fascia alta hanno in genere un costo pi\u00f9 elevato ma offrono risultati migliori a lungo termine.<\/li>\n\n\n\n<li><strong>Superfici da ricoprire<\/strong>: Un altro fattore determinante \u00e8 la scelta delle aree del bagno da rivestire con il microcemento. Applicare il microcemento a pavimenti o pareti \u00e8 diverso dal creare elementi pi\u00f9 personalizzati e complessi come un piatto doccia, una vasca da bagno o persino un lavandino. Le superfici piane e ampie, come i pavimenti e le pareti, sono di solito pi\u00f9 veloci da rivestire, mentre le aree con curve o dettagli pi\u00f9 specifici, come i piani d'appoggio o le vasche da bagno, possono richiedere pi\u00f9 tempo e quindi aumentare il prezzo.<\/li>\n<\/ul>\n\n\n\n<h3 class=\"wp-block-heading\">Esperienza e professionalit\u00e0<\/h3>\n\n\n\n<p>A&nbsp;<strong>Satine<\/strong>Abbiamo un team di&nbsp;<strong>applicatori certificati<\/strong>&nbsp;in tutte le province spagnole, permettendoci di garantire che il lavoro venga eseguito da professionisti altamente qualificati. I nostri applicatori sono esperti nel gestire tutti i tipi di progetti di bagni in microcemento, dai semplici pavimenti e rivestimenti alla creazione di elementi pi\u00f9 complessi come piatti doccia, vasche da bagno, piani d'appoggio e lavabi integrati.<\/p>","protected":false},"excerpt":{"rendered":"<p>Microcement Bathrooms: Advantages, Benefits and Uses Microcement bathrooms are a trend in interior design that has gained popularity in recent years due to their versatility, durability, and modern aesthetics. This material, made from a blend of cement, resins, and pigments, is known for being highly resistant and having a seamless, continuous finish, making it an [&hellip;]<\/p>\n","protected":false},"author":1,"featured_media":0,"parent":2814,"menu_order":0,"comment_status":"closed","ping_status":"closed","template":"","meta":{"footnotes":""},"class_list":["post-5166","page","type-page","status-publish","hentry"],"yoast_head":"<!-- This site is optimized with the Yoast SEO plugin v27.4 - https:\/\/yoast.com\/product\/yoast-seo-wordpress\/ -->\n<title>Microcement Bathrooms - Satine<\/title>\n<meta name=\"description\" content=\"Discover the benefits of microcement bathrooms: modern design, durability, a variety of finishes, and easy maintenance. Perfect for walls, floors, countertops, and showers.\" \/>\n<meta name=\"robots\" content=\"index, follow, max-snippet:-1, max-image-preview:large, max-video-preview:-1\" \/>\n<link rel=\"canonical\" href=\"https:\/\/www.satine.com\/it\/microcemento\/bagni-in-microcemento\/\" \/>\n<meta property=\"og:locale\" content=\"it_IT\" \/>\n<meta property=\"og:type\" content=\"article\" \/>\n<meta property=\"og:title\" content=\"Microcement Bathrooms - Satine\" \/>\n<meta property=\"og:description\" content=\"Discover the benefits of microcement bathrooms: modern design, durability, a variety of finishes, and easy maintenance. Perfect for walls, floors, countertops, and showers.\" \/>\n<meta property=\"og:url\" content=\"https:\/\/www.satine.com\/it\/microcemento\/bagni-in-microcemento\/\" \/>\n<meta property=\"og:site_name\" content=\"Satine\" \/>\n<meta property=\"article:modified_time\" content=\"2024-09-17T12:35:45+00:00\" \/>\n<meta property=\"og:image\" content=\"https:\/\/www.satine.com\/wp-content\/uploads\/2024\/09\/Captura-de-pantalla-2024-09-17-a-las-10.47.53-1024x639.png\" \/>\n<meta name=\"twitter:card\" content=\"summary_large_image\" \/>\n<meta name=\"twitter:label1\" content=\"Tempo di lettura stimato\" \/>\n\t<meta name=\"twitter:data1\" content=\"3 minuti\" \/>\n<script type=\"application\/ld+json\" class=\"yoast-schema-graph\">{\"@context\":\"https:\\\/\\\/schema.org\",\"@graph\":[{\"@type\":\"WebPage\",\"@id\":\"https:\\\/\\\/www.satine.com\\\/microcement\\\/microcement-bathrooms\\\/\",\"url\":\"https:\\\/\\\/www.satine.com\\\/microcement\\\/microcement-bathrooms\\\/\",\"name\":\"Microcement Bathrooms - Satine\",\"isPartOf\":{\"@id\":\"https:\\\/\\\/www.satine.com\\\/#website\"},\"primaryImageOfPage\":{\"@id\":\"https:\\\/\\\/www.satine.com\\\/microcement\\\/microcement-bathrooms\\\/#primaryimage\"},\"image\":{\"@id\":\"https:\\\/\\\/www.satine.com\\\/microcement\\\/microcement-bathrooms\\\/#primaryimage\"},\"thumbnailUrl\":\"https:\\\/\\\/www.satine.com\\\/wp-content\\\/uploads\\\/2024\\\/09\\\/Captura-de-pantalla-2024-09-17-a-las-10.47.53-1024x639.png\",\"datePublished\":\"2024-09-17T08:44:44+00:00\",\"dateModified\":\"2024-09-17T12:35:45+00:00\",\"description\":\"Discover the benefits of microcement bathrooms: modern design, durability, a variety of finishes, and easy maintenance. Perfect for walls, floors, countertops, and showers.\",\"breadcrumb\":{\"@id\":\"https:\\\/\\\/www.satine.com\\\/microcement\\\/microcement-bathrooms\\\/#breadcrumb\"},\"inLanguage\":\"it-IT\",\"potentialAction\":[{\"@type\":\"ReadAction\",\"target\":[\"https:\\\/\\\/www.satine.com\\\/microcement\\\/microcement-bathrooms\\\/\"]}]},{\"@type\":\"ImageObject\",\"inLanguage\":\"it-IT\",\"@id\":\"https:\\\/\\\/www.satine.com\\\/microcement\\\/microcement-bathrooms\\\/#primaryimage\",\"url\":\"https:\\\/\\\/www.satine.com\\\/wp-content\\\/uploads\\\/2024\\\/09\\\/Captura-de-pantalla-2024-09-17-a-las-10.47.53-1024x639.png\",\"contentUrl\":\"https:\\\/\\\/www.satine.com\\\/wp-content\\\/uploads\\\/2024\\\/09\\\/Captura-de-pantalla-2024-09-17-a-las-10.47.53-1024x639.png\"},{\"@type\":\"BreadcrumbList\",\"@id\":\"https:\\\/\\\/www.satine.com\\\/microcement\\\/microcement-bathrooms\\\/#breadcrumb\",\"itemListElement\":[{\"@type\":\"ListItem\",\"position\":1,\"name\":\"Inicio\",\"item\":\"https:\\\/\\\/www.satine.com\\\/\"},{\"@type\":\"ListItem\",\"position\":2,\"name\":\"Microcement\",\"item\":\"https:\\\/\\\/www.satine.com\\\/microcement\\\/\"},{\"@type\":\"ListItem\",\"position\":3,\"name\":\"Microcement Bathrooms\"}]},{\"@type\":\"WebSite\",\"@id\":\"https:\\\/\\\/www.satine.com\\\/#website\",\"url\":\"https:\\\/\\\/www.satine.com\\\/\",\"name\":\"Satine - Microcement\",\"description\":\"\",\"alternateName\":\"Satine - Microcement\",\"potentialAction\":[{\"@type\":\"SearchAction\",\"target\":{\"@type\":\"EntryPoint\",\"urlTemplate\":\"https:\\\/\\\/www.satine.com\\\/?s={search_term_string}\"},\"query-input\":{\"@type\":\"PropertyValueSpecification\",\"valueRequired\":true,\"valueName\":\"search_term_string\"}}],\"inLanguage\":\"it-IT\"}]}<\/script>\n<!-- \/ Yoast SEO plugin. -->","yoast_head_json":{"title":"Bagni in microcemento - Satine","description":"Scoprite i vantaggi dei bagni in microcemento: design moderno, durata, variet\u00e0 di finiture e facilit\u00e0 di manutenzione. Perfetto per pareti, pavimenti, piani d'appoggio e docce.","robots":{"index":"index","follow":"follow","max-snippet":"max-snippet:-1","max-image-preview":"max-image-preview:large","max-video-preview":"max-video-preview:-1"},"canonical":"https:\/\/www.satine.com\/it\/microcemento\/bagni-in-microcemento\/","og_locale":"it_IT","og_type":"article","og_title":"Microcement Bathrooms - Satine","og_description":"Discover the benefits of microcement bathrooms: modern design, durability, a variety of finishes, and easy maintenance. Perfect for walls, floors, countertops, and showers.","og_url":"https:\/\/www.satine.com\/it\/microcemento\/bagni-in-microcemento\/","og_site_name":"Satine","article_modified_time":"2024-09-17T12:35:45+00:00","og_image":[{"url":"https:\/\/www.satine.com\/wp-content\/uploads\/2024\/09\/Captura-de-pantalla-2024-09-17-a-las-10.47.53-1024x639.png","type":"","width":"","height":""}],"twitter_card":"summary_large_image","twitter_misc":{"Tempo di lettura stimato":"3 minuti"},"schema":{"@context":"https:\/\/schema.org","@graph":[{"@type":"WebPage","@id":"https:\/\/www.satine.com\/microcement\/microcement-bathrooms\/","url":"https:\/\/www.satine.com\/microcement\/microcement-bathrooms\/","name":"Bagni in microcemento - Satine","isPartOf":{"@id":"https:\/\/www.satine.com\/#website"},"primaryImageOfPage":{"@id":"https:\/\/www.satine.com\/microcement\/microcement-bathrooms\/#primaryimage"},"image":{"@id":"https:\/\/www.satine.com\/microcement\/microcement-bathrooms\/#primaryimage"},"thumbnailUrl":"https:\/\/www.satine.com\/wp-content\/uploads\/2024\/09\/Captura-de-pantalla-2024-09-17-a-las-10.47.53-1024x639.png","datePublished":"2024-09-17T08:44:44+00:00","dateModified":"2024-09-17T12:35:45+00:00","description":"Scoprite i vantaggi dei bagni in microcemento: design moderno, durata, variet\u00e0 di finiture e facilit\u00e0 di manutenzione. Perfetto per pareti, pavimenti, piani d'appoggio e docce.","breadcrumb":{"@id":"https:\/\/www.satine.com\/microcement\/microcement-bathrooms\/#breadcrumb"},"inLanguage":"it-IT","potentialAction":[{"@type":"ReadAction","target":["https:\/\/www.satine.com\/microcement\/microcement-bathrooms\/"]}]},{"@type":"ImageObject","inLanguage":"it-IT","@id":"https:\/\/www.satine.com\/microcement\/microcement-bathrooms\/#primaryimage","url":"https:\/\/www.satine.com\/wp-content\/uploads\/2024\/09\/Captura-de-pantalla-2024-09-17-a-las-10.47.53-1024x639.png","contentUrl":"https:\/\/www.satine.com\/wp-content\/uploads\/2024\/09\/Captura-de-pantalla-2024-09-17-a-las-10.47.53-1024x639.png"},{"@type":"BreadcrumbList","@id":"https:\/\/www.satine.com\/microcement\/microcement-bathrooms\/#breadcrumb","itemListElement":[{"@type":"ListItem","position":1,"name":"Inicio","item":"https:\/\/www.satine.com\/"},{"@type":"ListItem","position":2,"name":"Microcement","item":"https:\/\/www.satine.com\/microcement\/"},{"@type":"ListItem","position":3,"name":"Microcement Bathrooms"}]},{"@type":"WebSite","@id":"https:\/\/www.satine.com\/#website","url":"https:\/\/www.satine.com\/","name":"Satine - Microcemento","description":"","alternateName":"Satine - Microcement","potentialAction":[{"@type":"SearchAction","target":{"@type":"EntryPoint","urlTemplate":"https:\/\/www.satine.com\/?s={search_term_string}"},"query-input":{"@type":"PropertyValueSpecification","valueRequired":true,"valueName":"search_term_string"}}],"inLanguage":"it-IT"}]}},"_links":{"self":[{"href":"https:\/\/www.satine.com\/it\/wp-json\/wp\/v2\/pages\/5166","targetHints":{"allow":["GET"]}}],"collection":[{"href":"https:\/\/www.satine.com\/it\/wp-json\/wp\/v2\/pages"}],"about":[{"href":"https:\/\/www.satine.com\/it\/wp-json\/wp\/v2\/types\/page"}],"author":[{"embeddable":true,"href":"https:\/\/www.satine.com\/it\/wp-json\/wp\/v2\/users\/1"}],"replies":[{"embeddable":true,"href":"https:\/\/www.satine.com\/it\/wp-json\/wp\/v2\/comments?post=5166"}],"version-history":[{"count":5,"href":"https:\/\/www.satine.com\/it\/wp-json\/wp\/v2\/pages\/5166\/revisions"}],"predecessor-version":[{"id":5196,"href":"https:\/\/www.satine.com\/it\/wp-json\/wp\/v2\/pages\/5166\/revisions\/5196"}],"up":[{"embeddable":true,"href":"https:\/\/www.satine.com\/it\/wp-json\/wp\/v2\/pages\/2814"}],"wp:attachment":[{"href":"https:\/\/www.satine.com\/it\/wp-json\/wp\/v2\/media?parent=5166"}],"curies":[{"name":"wp","href":"https:\/\/api.w.org\/{rel}","templated":true}]}}