{"id":5055,"date":"2024-09-16T05:50:39","date_gmt":"2024-09-16T09:50:39","guid":{"rendered":"https:\/\/www.satine.com\/?page_id=5055"},"modified":"2024-09-17T08:36:32","modified_gmt":"2024-09-17T12:36:32","slug":"pareti-in-microcemento","status":"publish","type":"page","link":"https:\/\/www.satine.com\/it\/microcement\/microcement-walls\/","title":{"rendered":"Pareti in microcemento"},"content":{"rendered":"<h2 class=\"wp-block-heading\"><strong>Pareti in microcemento: Applicazioni, vantaggi e usi.<\/strong><\/h2>\n\n\n\n<p><a href=\"https:\/\/www.satine.com\/microcement\">Microcemento<\/a> Le pareti sono un rivestimento decorativo che ha guadagnato popolarit\u00e0 grazie alla sua diffusa applicazione come soluzione di pavimentazione senza soluzione di continuit\u00e0 sia nelle abitazioni private che nei grandi spazi commerciali. La sua versatilit\u00e0 in termini di finiture, colori e texture, unita alla sua funzionalit\u00e0 e al prezzo competitivo, ha determinato il recente aumento del suo utilizzo.<\/p>\n\n\n\n<p>Questa tendenza non si limita ai pavimenti, ma negli ultimi anni \u00e8 aumentato l'uso del microcemento sulle pareti, sia per gli interni che per gli esterni. Il fascino di questo rivestimento risiede nell'estetica elegante, nella durata, nella facilit\u00e0 di pulizia e manutenzione, oltre che nell'evitare costose ristrutturazioni. Con il microcemento potete dire addio alle ristrutturazioni disordinate.<\/p>\n\n\n\n<p>Uno dei maggiori vantaggi di questo rivestimento \u00e8 che elimina la parte caotica delle ristrutturazioni tradizionali: i detriti dei lavori di costruzione. A differenza dei metodi tradizionali, l'applicazione del microcemento alle pareti non richiede la rimozione dei materiali esistenti. Il suo sottile strato di 3 mm aderisce direttamente alla superficie esistente, sia essa marmo, piastrelle, ceramica o terrazzo.<\/p>\n\n\n\n<h2 class=\"wp-block-heading\"><strong>Resistenza e durata<\/strong><\/h2>\n\n\n\n<p>Il microcemento offre un'eccezionale resistenza agli urti, ai graffi e agli agenti chimici, che lo rende molto pi\u00f9 di un semplice rivestimento decorativo. La sua robustezza e la resistenza alle crepe contribuiscono alla sua rapida adozione in vari ambienti. Questa durabilit\u00e0 assicura che le superfici rimangano intatte e visivamente attraenti anche in ambienti ad alto traffico o difficili. La capacit\u00e0 di resistere all'usura quotidiana mantenendo l'integrit\u00e0 estetica \u00e8 un fattore chiave della sua popolarit\u00e0.<\/p>\n\n\n\n<h2 class=\"wp-block-heading\"><strong>Per uso interno ed esterno<\/strong><\/h2>\n\n\n\n<p>Il microcemento \u00e8 altamente versatile e adatto sia per applicazioni interne che esterne. Le sue propriet\u00e0 includono la resistenza ai raggi UV, che aiuta a prevenire lo sbiadimento e il degrado del colore quando \u00e8 esposto alla luce del sole. Inoltre, \u00e8 in grado di gestire le fluttuazioni di temperatura e l'umidit\u00e0, il che lo rende una scelta ideale per le finiture delle pareti esterne. Questa adattabilit\u00e0 consente a proprietari di case e progettisti di utilizzare il microcemento per creare look coesi ed eleganti in diverse aree, tra cui facciate e spazi abitativi esterni.<\/p>\n\n\n\n<h2 class=\"wp-block-heading\"><strong>Vantaggi dell'impermeabilit\u00e0<\/strong><\/h2>\n\n\n\n<p>Una delle caratteristiche principali del microcemento \u00e8 la sua impermeabilit\u00e0. Ci\u00f2 lo rende particolarmente prezioso in aree soggette a umidit\u00e0, come cucine e bagni. La resistenza all'acqua del rivestimento garantisce che le superfici rimangano asciutte e igieniche, riducendo il rischio di formazione di muffe e funghi. Le docce in microcemento sono particolarmente apprezzate per la loro finitura impermeabile e senza giunture, che non solo migliora l'estetica ma semplifica anche la pulizia e la manutenzione.<\/p>\n\n\n\n<h2 class=\"wp-block-heading\"><strong>Bassa manutenzione<\/strong><\/h2>\n\n\n\n<p>La superficie senza giunture del microcemento \u00e8 un grande vantaggio per chi cerca soluzioni a bassa manutenzione. A differenza dei rivestimenti tradizionali con linee di stuccatura e giunture in cui si possono accumulare sporco e muffa, la finitura liscia e continua del microcemento riduce al minimo questi problemi. Il risultato \u00e8 una superficie pi\u00f9 pulita, che richiede meno spesso una pulizia profonda. Una semplice operazione di pulizia con un panno umido e sapone neutro \u00e8 di solito sufficiente per mantenere la superficie fresca, rendendola una scelta pratica per le famiglie pi\u00f9 impegnate.<\/p>\n\n\n\n<h2 class=\"wp-block-heading\"><strong>Elegante e di tendenza<\/strong><\/h2>\n\n\n\n<p>L'estetica elegante e industriale di Microcemento, ispirata allo stile loft diffuso a New York, aggiunge un tocco moderno a qualsiasi spazio. La sua capacit\u00e0 di creare un look minimalista e senza soluzione di continuit\u00e0 \u00e8 molto ricercata nell'interior design contemporaneo. L'ampia gamma di colori e finiture disponibili - lucide, opache e satinate - fa s\u00ec che il microcemento possa soddisfare diverse preferenze di design. Questa versatilit\u00e0 non solo migliora il fascino visivo degli interni, ma mantiene il microcemento all'avanguardia nelle tendenze del design. Che si tratti di un look sofisticato e urbano o di una finitura pi\u00f9 sottile ed elegante, il microcemento offre la flessibilit\u00e0 necessaria per ottenere lo stile desiderato.<\/p>\n\n\n\n<div style=\"height:30px\" aria-hidden=\"true\" class=\"wp-block-spacer\"><\/div>\n\n\n\n<figure class=\"wp-block-image size-full is-resized\"><img loading=\"lazy\" decoding=\"async\" width=\"1024\" height=\"1024\" src=\"https:\/\/www.satine.com\/wp-content\/uploads\/2024\/09\/Microcemento-Satine-1024x1024-5.png\" alt=\"\" class=\"wp-image-5063\" style=\"aspect-ratio:16\/9;object-fit:cover;width:1600px\" srcset=\"https:\/\/www.satine.com\/wp-content\/uploads\/2024\/09\/Microcemento-Satine-1024x1024-5.png 1024w, https:\/\/www.satine.com\/wp-content\/uploads\/2024\/09\/Microcemento-Satine-1024x1024-5-300x300.png 300w, https:\/\/www.satine.com\/wp-content\/uploads\/2024\/09\/Microcemento-Satine-1024x1024-5-150x150.png 150w, https:\/\/www.satine.com\/wp-content\/uploads\/2024\/09\/Microcemento-Satine-1024x1024-5-768x768.png 768w, https:\/\/www.satine.com\/wp-content\/uploads\/2024\/09\/Microcemento-Satine-1024x1024-5-12x12.png 12w\" sizes=\"auto, (max-width: 1024px) 100vw, 1024px\" \/><\/figure>\n\n\n\n<div style=\"height:30px\" aria-hidden=\"true\" class=\"wp-block-spacer\"><\/div>\n\n\n\n<h2 class=\"wp-block-heading\"><strong>Vantaggi<\/strong><\/h2>\n\n\n\n<p>La diffusione del microcemento nella decorazione di interni non \u00e8 casuale. Offre un risultato duraturo ed elegante senza bisogno di ristrutturazioni complesse. Che si tratti di una singola stanza o di un intero spazio, questo rivestimento offre un aspetto minimalista ed elegante con un maggiore senso di spaziosit\u00e0. Il microcemento di Satine viene fornito con una garanzia fino a 10 anni, assicurando una bellezza e una praticit\u00e0 durature senza problemi di scheggiature, crepe o umidit\u00e0.<\/p>\n\n\n\n<h2 class=\"wp-block-heading\"><strong>Processo di candidatura<\/strong><\/h2>\n\n\n\n<p>Per applicare questo rivestimento, seguire le cinque fasi seguenti:<\/p>\n\n\n\n<ol class=\"wp-block-list\">\n<li>Pulire la superficie<a href=\"https:\/\/www.satinestone.com\">.<\/a><\/li>\n\n\n\n<li>Applicare una mano di fondo e utilizzare una rete in fibra di vetro.<\/li>\n\n\n\n<li>Applicare due strati di microcemento di base.<\/li>\n\n\n\n<li>Applicare due mani di microcemento di finitura.<\/li>\n\n\n\n<li>Sigillare e proteggere.<\/li>\n<\/ol>\n\n\n\n<p>Per istruzioni dettagliate sull'applicazione e raccomandazioni sui prodotti, visitate il nostro sito.<\/p>\n\n\n\n<h2 class=\"wp-block-heading\"><strong>Costo<\/strong><\/h2>\n\n\n\n<p>Il costo dell'applicazione del microcemento \u00e8 influenzato da diversi fattori, tra cui la superficie, le condizioni del substrato esistente e la qualit\u00e0 del prodotto. I prezzi variano generalmente da 60 a 100 euro al metro quadro, a seconda di questi fattori e della complessit\u00e0 del lavoro.<\/p>\n\n\n\n<h2 class=\"wp-block-heading\"><strong>Tendenza delle pareti della cucina<\/strong><\/h2>\n\n\n\n<p>Il microcemento \u00e8 una scelta eccellente per le pareti della cucina grazie alla sua resistenza all'umidit\u00e0, ai prodotti per la pulizia e agli urti quotidiani. Le sue propriet\u00e0 impermeabili e la resistenza alle macchie lo rendono un'opzione eccellente, e la cucina rimane utilizzabile durante la ristrutturazione, poich\u00e9 non \u00e8 necessario demolire o rimuovere i materiali esistenti.<\/p>","protected":false},"excerpt":{"rendered":"<p>Microcement Walls: Applications, Advatages and Uses. Microcement walls is a decorative coating that has gained popularity due to its widespread application as a seamless flooring solution in both private homes and large commercial spaces. Its versatility in finishes, colors, and textures, combined with its functionality and competitive pricing, has driven the recent surge in its [&hellip;]<\/p>\n","protected":false},"author":1,"featured_media":0,"parent":2814,"menu_order":0,"comment_status":"closed","ping_status":"closed","template":"","meta":{"footnotes":""},"class_list":["post-5055","page","type-page","status-publish","hentry"],"yoast_head":"<!-- This site is optimized with the Yoast SEO plugin v27.5 - https:\/\/yoast.com\/product\/yoast-seo-wordpress\/ -->\n<title>Microcement Walls - Satine<\/title>\n<meta name=\"description\" content=\"Microcement walls the ultimate solution for elegant and durable walls. Perfect for both indoor and outdoor applications, this versatile coating offers resistance, waterproofing, and effortless upkeep without the need for costly renovations.\" \/>\n<meta name=\"robots\" content=\"index, follow, max-snippet:-1, max-image-preview:large, max-video-preview:-1\" \/>\n<link rel=\"canonical\" href=\"https:\/\/www.satine.com\/it\/microcemento\/pareti-in-microcemento\/\" \/>\n<meta property=\"og:locale\" content=\"it_IT\" \/>\n<meta property=\"og:type\" content=\"article\" \/>\n<meta property=\"og:title\" content=\"Microcement Walls - Satine\" \/>\n<meta property=\"og:description\" content=\"Microcement walls the ultimate solution for elegant and durable walls. Perfect for both indoor and outdoor applications, this versatile coating offers resistance, waterproofing, and effortless upkeep without the need for costly renovations.\" \/>\n<meta property=\"og:url\" content=\"https:\/\/www.satine.com\/it\/microcemento\/pareti-in-microcemento\/\" \/>\n<meta property=\"og:site_name\" content=\"Satine\" \/>\n<meta property=\"article:modified_time\" content=\"2024-09-17T12:36:32+00:00\" \/>\n<meta property=\"og:image\" content=\"https:\/\/www.satine.com\/wp-content\/uploads\/2024\/09\/Microcemento-Satine-1024x1024-5.png\" \/>\n<meta name=\"twitter:card\" content=\"summary_large_image\" \/>\n<meta name=\"twitter:label1\" content=\"Tempo di lettura stimato\" \/>\n\t<meta name=\"twitter:data1\" content=\"4 minuti\" \/>\n<script type=\"application\/ld+json\" class=\"yoast-schema-graph\">{\"@context\":\"https:\\\/\\\/schema.org\",\"@graph\":[{\"@type\":\"WebPage\",\"@id\":\"https:\\\/\\\/www.satine.com\\\/microcement\\\/microcement-walls\\\/\",\"url\":\"https:\\\/\\\/www.satine.com\\\/microcement\\\/microcement-walls\\\/\",\"name\":\"Microcement Walls - Satine\",\"isPartOf\":{\"@id\":\"https:\\\/\\\/www.satine.com\\\/#website\"},\"primaryImageOfPage\":{\"@id\":\"https:\\\/\\\/www.satine.com\\\/microcement\\\/microcement-walls\\\/#primaryimage\"},\"image\":{\"@id\":\"https:\\\/\\\/www.satine.com\\\/microcement\\\/microcement-walls\\\/#primaryimage\"},\"thumbnailUrl\":\"https:\\\/\\\/www.satine.com\\\/wp-content\\\/uploads\\\/2024\\\/09\\\/Microcemento-Satine-1024x1024-5.png\",\"datePublished\":\"2024-09-16T09:50:39+00:00\",\"dateModified\":\"2024-09-17T12:36:32+00:00\",\"description\":\"Microcement walls the ultimate solution for elegant and durable walls. Perfect for both indoor and outdoor applications, this versatile coating offers resistance, waterproofing, and effortless upkeep without the need for costly renovations.\",\"breadcrumb\":{\"@id\":\"https:\\\/\\\/www.satine.com\\\/microcement\\\/microcement-walls\\\/#breadcrumb\"},\"inLanguage\":\"it-IT\",\"potentialAction\":[{\"@type\":\"ReadAction\",\"target\":[\"https:\\\/\\\/www.satine.com\\\/microcement\\\/microcement-walls\\\/\"]}]},{\"@type\":\"ImageObject\",\"inLanguage\":\"it-IT\",\"@id\":\"https:\\\/\\\/www.satine.com\\\/microcement\\\/microcement-walls\\\/#primaryimage\",\"url\":\"https:\\\/\\\/www.satine.com\\\/wp-content\\\/uploads\\\/2024\\\/09\\\/Microcemento-Satine-1024x1024-5.png\",\"contentUrl\":\"https:\\\/\\\/www.satine.com\\\/wp-content\\\/uploads\\\/2024\\\/09\\\/Microcemento-Satine-1024x1024-5.png\"},{\"@type\":\"BreadcrumbList\",\"@id\":\"https:\\\/\\\/www.satine.com\\\/microcement\\\/microcement-walls\\\/#breadcrumb\",\"itemListElement\":[{\"@type\":\"ListItem\",\"position\":1,\"name\":\"Inicio\",\"item\":\"https:\\\/\\\/www.satine.com\\\/\"},{\"@type\":\"ListItem\",\"position\":2,\"name\":\"Microcement\",\"item\":\"https:\\\/\\\/www.satine.com\\\/microcement\\\/\"},{\"@type\":\"ListItem\",\"position\":3,\"name\":\"Microcement Walls\"}]},{\"@type\":\"WebSite\",\"@id\":\"https:\\\/\\\/www.satine.com\\\/#website\",\"url\":\"https:\\\/\\\/www.satine.com\\\/\",\"name\":\"Satine - Microcement\",\"description\":\"\",\"alternateName\":\"Satine - Microcement\",\"potentialAction\":[{\"@type\":\"SearchAction\",\"target\":{\"@type\":\"EntryPoint\",\"urlTemplate\":\"https:\\\/\\\/www.satine.com\\\/?s={search_term_string}\"},\"query-input\":{\"@type\":\"PropertyValueSpecification\",\"valueRequired\":true,\"valueName\":\"search_term_string\"}}],\"inLanguage\":\"it-IT\"}]}<\/script>\n<!-- \/ Yoast SEO plugin. -->","yoast_head_json":{"title":"Pareti in microcemento - Satine","description":"Le pareti in microcemento sono la soluzione definitiva per pareti eleganti e durevoli. Perfetto per applicazioni sia interne che esterne, questo versatile rivestimento offre resistenza, impermeabilit\u00e0 e manutenzione senza sforzo, senza bisogno di costose ristrutturazioni.","robots":{"index":"index","follow":"follow","max-snippet":"max-snippet:-1","max-image-preview":"max-image-preview:large","max-video-preview":"max-video-preview:-1"},"canonical":"https:\/\/www.satine.com\/it\/microcemento\/pareti-in-microcemento\/","og_locale":"it_IT","og_type":"article","og_title":"Microcement Walls - Satine","og_description":"Microcement walls the ultimate solution for elegant and durable walls. Perfect for both indoor and outdoor applications, this versatile coating offers resistance, waterproofing, and effortless upkeep without the need for costly renovations.","og_url":"https:\/\/www.satine.com\/it\/microcemento\/pareti-in-microcemento\/","og_site_name":"Satine","article_modified_time":"2024-09-17T12:36:32+00:00","og_image":[{"url":"https:\/\/www.satine.com\/wp-content\/uploads\/2024\/09\/Microcemento-Satine-1024x1024-5.png","type":"","width":"","height":""}],"twitter_card":"summary_large_image","twitter_misc":{"Tempo di lettura stimato":"4 minuti"},"schema":{"@context":"https:\/\/schema.org","@graph":[{"@type":"WebPage","@id":"https:\/\/www.satine.com\/microcement\/microcement-walls\/","url":"https:\/\/www.satine.com\/microcement\/microcement-walls\/","name":"Pareti in microcemento - Satine","isPartOf":{"@id":"https:\/\/www.satine.com\/#website"},"primaryImageOfPage":{"@id":"https:\/\/www.satine.com\/microcement\/microcement-walls\/#primaryimage"},"image":{"@id":"https:\/\/www.satine.com\/microcement\/microcement-walls\/#primaryimage"},"thumbnailUrl":"https:\/\/www.satine.com\/wp-content\/uploads\/2024\/09\/Microcemento-Satine-1024x1024-5.png","datePublished":"2024-09-16T09:50:39+00:00","dateModified":"2024-09-17T12:36:32+00:00","description":"Le pareti in microcemento sono la soluzione definitiva per pareti eleganti e durevoli. Perfetto per applicazioni sia interne che esterne, questo versatile rivestimento offre resistenza, impermeabilit\u00e0 e manutenzione senza sforzo, senza bisogno di costose ristrutturazioni.","breadcrumb":{"@id":"https:\/\/www.satine.com\/microcement\/microcement-walls\/#breadcrumb"},"inLanguage":"it-IT","potentialAction":[{"@type":"ReadAction","target":["https:\/\/www.satine.com\/microcement\/microcement-walls\/"]}]},{"@type":"ImageObject","inLanguage":"it-IT","@id":"https:\/\/www.satine.com\/microcement\/microcement-walls\/#primaryimage","url":"https:\/\/www.satine.com\/wp-content\/uploads\/2024\/09\/Microcemento-Satine-1024x1024-5.png","contentUrl":"https:\/\/www.satine.com\/wp-content\/uploads\/2024\/09\/Microcemento-Satine-1024x1024-5.png"},{"@type":"BreadcrumbList","@id":"https:\/\/www.satine.com\/microcement\/microcement-walls\/#breadcrumb","itemListElement":[{"@type":"ListItem","position":1,"name":"Inicio","item":"https:\/\/www.satine.com\/"},{"@type":"ListItem","position":2,"name":"Microcement","item":"https:\/\/www.satine.com\/microcement\/"},{"@type":"ListItem","position":3,"name":"Microcement Walls"}]},{"@type":"WebSite","@id":"https:\/\/www.satine.com\/#website","url":"https:\/\/www.satine.com\/","name":"Satine - Microcemento","description":"","alternateName":"Satine - Microcement","potentialAction":[{"@type":"SearchAction","target":{"@type":"EntryPoint","urlTemplate":"https:\/\/www.satine.com\/?s={search_term_string}"},"query-input":{"@type":"PropertyValueSpecification","valueRequired":true,"valueName":"search_term_string"}}],"inLanguage":"it-IT"}]}},"_links":{"self":[{"href":"https:\/\/www.satine.com\/it\/wp-json\/wp\/v2\/pages\/5055","targetHints":{"allow":["GET"]}}],"collection":[{"href":"https:\/\/www.satine.com\/it\/wp-json\/wp\/v2\/pages"}],"about":[{"href":"https:\/\/www.satine.com\/it\/wp-json\/wp\/v2\/types\/page"}],"author":[{"embeddable":true,"href":"https:\/\/www.satine.com\/it\/wp-json\/wp\/v2\/users\/1"}],"replies":[{"embeddable":true,"href":"https:\/\/www.satine.com\/it\/wp-json\/wp\/v2\/comments?post=5055"}],"version-history":[{"count":3,"href":"https:\/\/www.satine.com\/it\/wp-json\/wp\/v2\/pages\/5055\/revisions"}],"predecessor-version":[{"id":5066,"href":"https:\/\/www.satine.com\/it\/wp-json\/wp\/v2\/pages\/5055\/revisions\/5066"}],"up":[{"embeddable":true,"href":"https:\/\/www.satine.com\/it\/wp-json\/wp\/v2\/pages\/2814"}],"wp:attachment":[{"href":"https:\/\/www.satine.com\/it\/wp-json\/wp\/v2\/media?parent=5055"}],"curies":[{"name":"wp","href":"https:\/\/api.w.org\/{rel}","templated":true}]}}