{"id":5007,"date":"2024-09-16T03:51:47","date_gmt":"2024-09-16T07:51:47","guid":{"rendered":"https:\/\/www.satine.com\/?page_id=5007"},"modified":"2024-09-17T08:36:49","modified_gmt":"2024-09-17T12:36:49","slug":"prezzo-del-microcemento","status":"publish","type":"page","link":"https:\/\/www.satine.com\/it\/microcement\/microcement-price\/","title":{"rendered":"Prezzo del microcemento"},"content":{"rendered":"<h2 class=\"wp-block-heading\">Prezzo del microcemento? Costi e fattori da considerare.<\/h2>\n\n\n\n<p><a href=\"https:\/\/www.satine.com\/microcement\">Microcemento<\/a> \u00e8 il rivestimento di tendenza del momento. Questo materiale da costruzione \u00e8 diventato popolare negli ultimi anni nel settore della decorazione grazie alle sue eccellenti qualit\u00e0 estetiche e funzionali. Tra le sue numerose virt\u00f9 c'\u00e8 l'elevata capacit\u00e0 di adesione, che consente di rivestire tutti i tipi di superfici: piastrelle, lastre, calcestruzzo, marmo, cartongesso, ecc.<\/p>\n\n\n\n<p>La versatilit\u00e0 del microcemento rispetto agli altri rivestimenti presenti sul mercato \u00e8 innegabile. Per questo motivo, questo materiale \u00e8 diventato una delle opzioni pi\u00f9 ambite per la ristrutturazione di case e spazi commerciali. Consente di effettuare ristrutturazioni rapide, senza detriti o lavori di costruzione pesanti. Un'altra delle sue caratteristiche principali \u00e8 che si tratta di un rivestimento continuo senza giunti. Ma quanto costa il microcemento?<\/p>\n\n\n\n<p>Se state pensando di iniziare un progetto di ristrutturazione nel 2024 utilizzando questo versatile materiale, dovete sapere che il prezzo del microcemento al metro quadro non pu\u00f2 essere stabilito con precisione fin dall'inizio. Infatti, ci sono diversi fattori che fanno variare il costo finale e che devono essere considerati al momento della pianificazione dei lavori.<\/p>\n\n\n\n<p>In questo articolo, ci addentreremo in tutti i fattori determinanti per rispondere alla grande domanda: Quanto costa il microcemento? Continuate a leggere per scoprirlo.<\/p>\n\n\n\n<h2 class=\"wp-block-heading\"><strong>Qual \u00e8 il prezzo del microcemento al metro quadro?<\/strong><\/h2>\n\n\n\n<p>Il microcemento \u00e8 una tendenza decorativa in crescita. Il mito che si tratti di un rivestimento di tipo industriale e dall'aspetto freddo \u00e8 ormai superato. Questa credenza \u00e8 stata completamente sfatata dal crescente utilizzo di questo materiale in tutti i tipi di abitazioni e spazi commerciali, come ristoranti e hotel, da parte di architetti, decoratori e costruttori.<\/p>\n\n\n\n<p>Come gi\u00e0 detto, il prezzo del microcemento al metro quadro dipende da diversi fattori. La qualit\u00e0 del materiale, la metratura della superficie da rivestire e la complessit\u00e0 del lavoro sono solo alcuni degli elementi che influiscono sul prezzo finale. Ad esempio, applicare il microcemento a una parete non \u00e8 la stessa cosa che applicarlo a una scala o a una piscina, essendo quest'ultima pi\u00f9 complessa e quindi pi\u00f9 costosa.<\/p>\n\n\n\n<p>In ogni caso, solo un applicatore professionista pu\u00f2 determinare il prezzo esatto del microcemento al metro quadro. Per garantire un risultato di alta qualit\u00e0 e di lunga durata, \u00e8 necessario soddisfare tre condizioni: una corretta preparazione della superficie, la scelta di un buon rivestimento decorativo e l'assunzione di un professionista qualificato ed esperto.<\/p>\n\n\n\n<p>Di seguito, vi spieghiamo tutto quello che c'\u00e8 da sapere sul prezzo del microcemento al metro quadro. Questo rivestimento offre diverse possibilit\u00e0 di applicazione e un'ampia gamma di colori, consentendo una personalizzazione degli spazi altamente esclusiva.<\/p>\n\n\n\n<h2 class=\"wp-block-heading\"><strong>Quali fattori influenzano il prezzo del microcemento?<\/strong><\/h2>\n\n\n\n<p>Al di l\u00e0 delle caratteristiche e dei vantaggi che uno specifico rivestimento decorativo pu\u00f2 offrire, il suo prezzo gioca un ruolo importante nella decisione finale quando si intraprende una ristrutturazione. Il fatto che il microcemento possa essere applicato sul materiale esistente senza generare detriti riduce il costo rispetto ad altri rivestimenti. Inoltre, accelera il processo di ristrutturazione, consentendo allo spazio di rimanere abitabile durante i lavori.<\/p>\n\n\n\n<p>Ecco i sei fattori pi\u00f9 importanti che determinano il prezzo del microcemento:<\/p>\n\n\n\n<p><strong>1. Le condizioni della superficie da rivestire sono fondamentali per il prezzo del microcemento.<\/strong><\/p>\n\n\n\n<p>Uno dei fattori pi\u00f9 importanti per determinare il prezzo del microcemento \u00e8 la condizione della superficie da rivestire. Se il substrato \u00e8 in cattive condizioni o non \u00e8 ideale, sar\u00e0 essenziale ripararlo, livellarlo e prepararlo prima di applicare il microcemento.<\/p>\n\n\n\n<p>La riparazione di una superficie danneggiata aumenter\u00e0 il prezzo del microcemento a causa della manodopera supplementare richiesta. Ad esempio, quando si applica il microcemento sulle piastrelle, \u00e8 necessario adottare alcuni accorgimenti per evitare che le fughe si evidenzino sotto il nuovo rivestimento in microcemento. Questo processo fa lievitare il costo finale.<\/p>\n\n\n\n<p><strong>2. Quanto pi\u00f9 complesso \u00e8 il lavoro, tanto pi\u00f9 alto \u00e8 il prezzo del microcemento.<\/strong><\/p>\n\n\n\n<p>Pi\u00f9 complicato e difficile \u00e8 il lavoro, pi\u00f9 alto sar\u00e0 il prezzo del microcemento, poich\u00e9 sono necessarie pi\u00f9 ore di lavoro per completare la ristrutturazione. Il rivestimento delle pareti di un bagno con uno o pi\u00f9 pilastri, di una scala con molti gradini o di un piano di lavoro richieder\u00e0 un'applicazione pi\u00f9 laboriosa a causa del numero di angoli e spigoli.<\/p>\n\n\n\n<p><strong>3. Anche la scelta del colore influisce sul prezzo del microcemento.<\/strong><\/p>\n\n\n\n<p>Rispetto ad altri materiali, il microcemento offre un risparmio in termini di denaro e di tempo, in quanto non richiede la rimozione di detriti o pesanti lavori di costruzione. La rapidit\u00e0 di applicazione e la buona adesione lo rendono compatibile con molti rivestimenti.<\/p>\n\n\n\n<p>Pertanto, il prezzo del microcemento \u00e8 inferiore a quello di altri rivestimenti decorativi che richiedono la rimozione della superficie esistente. I materiali che non possono essere applicati direttamente tendono ad aumentare i costi di manodopera e richiedono i relativi permessi di costruzione. Ne sono un esempio il legno, alcuni tipi di piastrelle, il parquet, il cemento lucido, il marmo e la ceramica.<\/p>\n\n\n\n<p><\/p>\n\n\n\n<p><strong>4. Il prezzo dipende dalla metratura della superficie<\/strong><\/p>\n\n\n\n<p>Come regola generale, il prezzo del microcemento al metro quadro diminuisce con superfici pi\u00f9 ampie. Al contrario, il costo aumenta per superfici pi\u00f9 piccole. Questo perch\u00e9 ci sono costi fissi e ore di manodopera che non dipendono direttamente dalle dimensioni della superficie da rivestire.<\/p>\n\n\n\n<p><strong>5. Professionalit\u00e0 degli applicatori di microcemento<\/strong><\/p>\n\n\n\n<p>Solo un esperto applicatore di microcemento pu\u00f2 garantire il successo di una ristrutturazione, poich\u00e9 \u00e8 necessaria una formazione specifica per la corretta applicazione di questo rivestimento decorativo.<\/p>\n\n\n\n<p>Un esperto conoscer\u00e0 tutte le tecniche e i metodi di applicazione del microcemento, comprendendo quale sia l'approccio migliore in ogni caso e seguendo meticolosamente ogni fase. Inoltre, ogni applicatore ha le proprie tariffe, che determinano anche il prezzo finale del microcemento.<\/p>\n\n\n\n<p><strong>6. La qualit\u00e0 dei materiali \u00e8 fondamentale per stabilire il prezzo<\/strong><\/p>\n\n\n\n<p>Come previsto, la qualit\u00e0 del materiale influisce direttamente sul prezzo del microcemento. Migliori sono le propriet\u00e0 del microcemento, maggiore \u00e8 il costo. \u00c8 fondamentale affidarsi a ditte e professionisti affidabili, poich\u00e9 lesinare sui costi dei materiali potrebbe portare a problemi indesiderati a breve o medio termine, come crepe o scrostature.<\/p>\n\n\n\n<div style=\"height:20px\" aria-hidden=\"true\" class=\"wp-block-spacer\"><\/div>\n\n\n\n<figure class=\"wp-block-image size-full is-resized\"><img loading=\"lazy\" decoding=\"async\" width=\"1024\" height=\"1024\" src=\"https:\/\/www.satine.com\/wp-content\/uploads\/2024\/09\/Microcemento-Satine-1024x1024-2.png\" alt=\"\" class=\"wp-image-5008\" style=\"aspect-ratio:16\/9;object-fit:cover;width:1600px\" srcset=\"https:\/\/www.satine.com\/wp-content\/uploads\/2024\/09\/Microcemento-Satine-1024x1024-2.png 1024w, https:\/\/www.satine.com\/wp-content\/uploads\/2024\/09\/Microcemento-Satine-1024x1024-2-300x300.png 300w, https:\/\/www.satine.com\/wp-content\/uploads\/2024\/09\/Microcemento-Satine-1024x1024-2-150x150.png 150w, https:\/\/www.satine.com\/wp-content\/uploads\/2024\/09\/Microcemento-Satine-1024x1024-2-768x768.png 768w, https:\/\/www.satine.com\/wp-content\/uploads\/2024\/09\/Microcemento-Satine-1024x1024-2-12x12.png 12w\" sizes=\"auto, (max-width: 1024px) 100vw, 1024px\" \/><\/figure>\n\n\n\n<div style=\"height:20px\" aria-hidden=\"true\" class=\"wp-block-spacer\"><\/div>\n\n\n\n<div style=\"height:0px\" aria-hidden=\"true\" class=\"wp-block-spacer\"><\/div>\n\n\n\n<h2 class=\"wp-block-heading\"><strong>Prezzo del microcemento nel 2024<\/strong><\/h2>\n\n\n\n<p>In definitiva, il prezzo del microcemento nel 2024 pu\u00f2 variare a seconda di tutti i fattori sopra citati. Il prezzo finale varia da circa 60 a 120 euro al metro quadro. Tuttavia, ci\u00f2 dipender\u00e0 anche dal produttore e dall'applicatore.<a href=\"https:\/\/www.satinestone.com\">.<\/a><\/p>\n\n\n\n<p>Se avete bisogno di maggiori informazioni sul prezzo del microcemento al metro quadro o volete richiedere un preventivo personalizzato, non esitate a contattarci.<\/p>\n\n\n\n<p><\/p>\n\n\n\n<p><\/p>","protected":false},"excerpt":{"rendered":"<p>Price of Microcement? Cost and Factors to Consider. Microcement is the trending coating of the moment. This construction material has become popular in recent years in the decoration sector due to its excellent aesthetic and functional qualities. Among its many virtues is its high adhesion capacity, which allows it to be used to cover all [&hellip;]<\/p>\n","protected":false},"author":1,"featured_media":0,"parent":2814,"menu_order":0,"comment_status":"closed","ping_status":"closed","template":"","meta":{"footnotes":""},"class_list":["post-5007","page","type-page","status-publish","hentry"],"yoast_head":"<!-- This site is optimized with the Yoast SEO plugin v27.5 - https:\/\/yoast.com\/product\/yoast-seo-wordpress\/ -->\n<title>Price of Microcement<\/title>\n<meta name=\"description\" content=\"Explore the price of microcement. Prices vary based on surface condition, application complexity, and area size. Ideal for modern renovations, microcement offers a sleek, seamless finish and can be applied directly over existing surfaces, saving time and reducing costs. Discover the benefits of microcement for your next home or commercial renovation.\" \/>\n<meta name=\"robots\" content=\"index, follow, max-snippet:-1, max-image-preview:large, max-video-preview:-1\" \/>\n<link rel=\"canonical\" href=\"https:\/\/www.satine.com\/it\/microcemento\/prezzo-del-microcemento\/\" \/>\n<meta property=\"og:locale\" content=\"it_IT\" \/>\n<meta property=\"og:type\" content=\"article\" \/>\n<meta property=\"og:title\" content=\"Price of Microcement\" \/>\n<meta property=\"og:description\" content=\"Explore the price of microcement. Prices vary based on surface condition, application complexity, and area size. Ideal for modern renovations, microcement offers a sleek, seamless finish and can be applied directly over existing surfaces, saving time and reducing costs. Discover the benefits of microcement for your next home or commercial renovation.\" \/>\n<meta property=\"og:url\" content=\"https:\/\/www.satine.com\/it\/microcemento\/prezzo-del-microcemento\/\" \/>\n<meta property=\"og:site_name\" content=\"Satine\" \/>\n<meta property=\"article:modified_time\" content=\"2024-09-17T12:36:49+00:00\" \/>\n<meta property=\"og:image\" content=\"https:\/\/www.satine.com\/wp-content\/uploads\/2024\/09\/Microcemento-Satine-1024x1024-2.png\" \/>\n<meta name=\"twitter:card\" content=\"summary_large_image\" \/>\n<meta name=\"twitter:label1\" content=\"Tempo di lettura stimato\" \/>\n\t<meta name=\"twitter:data1\" content=\"5 minuti\" \/>\n<script type=\"application\/ld+json\" class=\"yoast-schema-graph\">{\"@context\":\"https:\\\/\\\/schema.org\",\"@graph\":[{\"@type\":\"WebPage\",\"@id\":\"https:\\\/\\\/www.satine.com\\\/microcement\\\/microcement-price\\\/\",\"url\":\"https:\\\/\\\/www.satine.com\\\/microcement\\\/microcement-price\\\/\",\"name\":\"Price of Microcement\",\"isPartOf\":{\"@id\":\"https:\\\/\\\/www.satine.com\\\/#website\"},\"primaryImageOfPage\":{\"@id\":\"https:\\\/\\\/www.satine.com\\\/microcement\\\/microcement-price\\\/#primaryimage\"},\"image\":{\"@id\":\"https:\\\/\\\/www.satine.com\\\/microcement\\\/microcement-price\\\/#primaryimage\"},\"thumbnailUrl\":\"https:\\\/\\\/www.satine.com\\\/wp-content\\\/uploads\\\/2024\\\/09\\\/Microcemento-Satine-1024x1024-2.png\",\"datePublished\":\"2024-09-16T07:51:47+00:00\",\"dateModified\":\"2024-09-17T12:36:49+00:00\",\"description\":\"Explore the price of microcement. Prices vary based on surface condition, application complexity, and area size. Ideal for modern renovations, microcement offers a sleek, seamless finish and can be applied directly over existing surfaces, saving time and reducing costs. Discover the benefits of microcement for your next home or commercial renovation.\",\"breadcrumb\":{\"@id\":\"https:\\\/\\\/www.satine.com\\\/microcement\\\/microcement-price\\\/#breadcrumb\"},\"inLanguage\":\"it-IT\",\"potentialAction\":[{\"@type\":\"ReadAction\",\"target\":[\"https:\\\/\\\/www.satine.com\\\/microcement\\\/microcement-price\\\/\"]}]},{\"@type\":\"ImageObject\",\"inLanguage\":\"it-IT\",\"@id\":\"https:\\\/\\\/www.satine.com\\\/microcement\\\/microcement-price\\\/#primaryimage\",\"url\":\"https:\\\/\\\/www.satine.com\\\/wp-content\\\/uploads\\\/2024\\\/09\\\/Microcemento-Satine-1024x1024-2.png\",\"contentUrl\":\"https:\\\/\\\/www.satine.com\\\/wp-content\\\/uploads\\\/2024\\\/09\\\/Microcemento-Satine-1024x1024-2.png\"},{\"@type\":\"BreadcrumbList\",\"@id\":\"https:\\\/\\\/www.satine.com\\\/microcement\\\/microcement-price\\\/#breadcrumb\",\"itemListElement\":[{\"@type\":\"ListItem\",\"position\":1,\"name\":\"Inicio\",\"item\":\"https:\\\/\\\/www.satine.com\\\/\"},{\"@type\":\"ListItem\",\"position\":2,\"name\":\"Microcement\",\"item\":\"https:\\\/\\\/www.satine.com\\\/microcement\\\/\"},{\"@type\":\"ListItem\",\"position\":3,\"name\":\"Price of Microcement\"}]},{\"@type\":\"WebSite\",\"@id\":\"https:\\\/\\\/www.satine.com\\\/#website\",\"url\":\"https:\\\/\\\/www.satine.com\\\/\",\"name\":\"Satine - Microcement\",\"description\":\"\",\"alternateName\":\"Satine - Microcement\",\"potentialAction\":[{\"@type\":\"SearchAction\",\"target\":{\"@type\":\"EntryPoint\",\"urlTemplate\":\"https:\\\/\\\/www.satine.com\\\/?s={search_term_string}\"},\"query-input\":{\"@type\":\"PropertyValueSpecification\",\"valueRequired\":true,\"valueName\":\"search_term_string\"}}],\"inLanguage\":\"it-IT\"}]}<\/script>\n<!-- \/ Yoast SEO plugin. -->","yoast_head_json":{"title":"Prezzo del microcemento","description":"Esplora il prezzo del microcemento. I prezzi variano in base alle condizioni della superficie, alla complessit\u00e0 dell'applicazione e alle dimensioni dell'area. Ideale per le ristrutturazioni moderne, il microcemento offre una finitura elegante e senza giunture e pu\u00f2 essere applicato direttamente sulle superfici esistenti, risparmiando tempo e riducendo i costi. Scoprite i vantaggi del microcemento per la vostra prossima ristrutturazione domestica o commerciale.","robots":{"index":"index","follow":"follow","max-snippet":"max-snippet:-1","max-image-preview":"max-image-preview:large","max-video-preview":"max-video-preview:-1"},"canonical":"https:\/\/www.satine.com\/it\/microcemento\/prezzo-del-microcemento\/","og_locale":"it_IT","og_type":"article","og_title":"Price of Microcement","og_description":"Explore the price of microcement. Prices vary based on surface condition, application complexity, and area size. Ideal for modern renovations, microcement offers a sleek, seamless finish and can be applied directly over existing surfaces, saving time and reducing costs. Discover the benefits of microcement for your next home or commercial renovation.","og_url":"https:\/\/www.satine.com\/it\/microcemento\/prezzo-del-microcemento\/","og_site_name":"Satine","article_modified_time":"2024-09-17T12:36:49+00:00","og_image":[{"url":"https:\/\/www.satine.com\/wp-content\/uploads\/2024\/09\/Microcemento-Satine-1024x1024-2.png","type":"","width":"","height":""}],"twitter_card":"summary_large_image","twitter_misc":{"Tempo di lettura stimato":"5 minuti"},"schema":{"@context":"https:\/\/schema.org","@graph":[{"@type":"WebPage","@id":"https:\/\/www.satine.com\/microcement\/microcement-price\/","url":"https:\/\/www.satine.com\/microcement\/microcement-price\/","name":"Prezzo del microcemento","isPartOf":{"@id":"https:\/\/www.satine.com\/#website"},"primaryImageOfPage":{"@id":"https:\/\/www.satine.com\/microcement\/microcement-price\/#primaryimage"},"image":{"@id":"https:\/\/www.satine.com\/microcement\/microcement-price\/#primaryimage"},"thumbnailUrl":"https:\/\/www.satine.com\/wp-content\/uploads\/2024\/09\/Microcemento-Satine-1024x1024-2.png","datePublished":"2024-09-16T07:51:47+00:00","dateModified":"2024-09-17T12:36:49+00:00","description":"Esplora il prezzo del microcemento. I prezzi variano in base alle condizioni della superficie, alla complessit\u00e0 dell'applicazione e alle dimensioni dell'area. Ideale per le ristrutturazioni moderne, il microcemento offre una finitura elegante e senza giunture e pu\u00f2 essere applicato direttamente sulle superfici esistenti, risparmiando tempo e riducendo i costi. Scoprite i vantaggi del microcemento per la vostra prossima ristrutturazione domestica o commerciale.","breadcrumb":{"@id":"https:\/\/www.satine.com\/microcement\/microcement-price\/#breadcrumb"},"inLanguage":"it-IT","potentialAction":[{"@type":"ReadAction","target":["https:\/\/www.satine.com\/microcement\/microcement-price\/"]}]},{"@type":"ImageObject","inLanguage":"it-IT","@id":"https:\/\/www.satine.com\/microcement\/microcement-price\/#primaryimage","url":"https:\/\/www.satine.com\/wp-content\/uploads\/2024\/09\/Microcemento-Satine-1024x1024-2.png","contentUrl":"https:\/\/www.satine.com\/wp-content\/uploads\/2024\/09\/Microcemento-Satine-1024x1024-2.png"},{"@type":"BreadcrumbList","@id":"https:\/\/www.satine.com\/microcement\/microcement-price\/#breadcrumb","itemListElement":[{"@type":"ListItem","position":1,"name":"Inicio","item":"https:\/\/www.satine.com\/"},{"@type":"ListItem","position":2,"name":"Microcement","item":"https:\/\/www.satine.com\/microcement\/"},{"@type":"ListItem","position":3,"name":"Price of Microcement"}]},{"@type":"WebSite","@id":"https:\/\/www.satine.com\/#website","url":"https:\/\/www.satine.com\/","name":"Satine - Microcemento","description":"","alternateName":"Satine - Microcement","potentialAction":[{"@type":"SearchAction","target":{"@type":"EntryPoint","urlTemplate":"https:\/\/www.satine.com\/?s={search_term_string}"},"query-input":{"@type":"PropertyValueSpecification","valueRequired":true,"valueName":"search_term_string"}}],"inLanguage":"it-IT"}]}},"_links":{"self":[{"href":"https:\/\/www.satine.com\/it\/wp-json\/wp\/v2\/pages\/5007","targetHints":{"allow":["GET"]}}],"collection":[{"href":"https:\/\/www.satine.com\/it\/wp-json\/wp\/v2\/pages"}],"about":[{"href":"https:\/\/www.satine.com\/it\/wp-json\/wp\/v2\/types\/page"}],"author":[{"embeddable":true,"href":"https:\/\/www.satine.com\/it\/wp-json\/wp\/v2\/users\/1"}],"replies":[{"embeddable":true,"href":"https:\/\/www.satine.com\/it\/wp-json\/wp\/v2\/comments?post=5007"}],"version-history":[{"count":10,"href":"https:\/\/www.satine.com\/it\/wp-json\/wp\/v2\/pages\/5007\/revisions"}],"predecessor-version":[{"id":5086,"href":"https:\/\/www.satine.com\/it\/wp-json\/wp\/v2\/pages\/5007\/revisions\/5086"}],"up":[{"embeddable":true,"href":"https:\/\/www.satine.com\/it\/wp-json\/wp\/v2\/pages\/2814"}],"wp:attachment":[{"href":"https:\/\/www.satine.com\/it\/wp-json\/wp\/v2\/media?parent=5007"}],"curies":[{"name":"wp","href":"https:\/\/api.w.org\/{rel}","templated":true}]}}