{"id":4647,"date":"2024-09-09T04:56:42","date_gmt":"2024-09-09T09:56:42","guid":{"rendered":"https:\/\/www.satine.com\/?page_id=4647"},"modified":"2024-09-17T08:36:41","modified_gmt":"2024-09-17T12:36:41","slug":"cose-il-microcemento","status":"publish","type":"page","link":"https:\/\/www.satine.com\/it\/microcement\/what-is-microcement\/","title":{"rendered":"Che cos'\u00e8 il microcemento?"},"content":{"rendered":"<h2 class=\"wp-block-heading\"><strong>Che cos'\u00e8 il microcemento? Usi, tipi, applicazioni e vantaggi<\/strong><\/h2>\n\n\n\n<p><strong>Satine <a href=\"https:\/\/www.satine.com\/microcement\/https:\/\/www.satine.com\/microcement\">microcemento<\/a><\/strong> \u00e8 un rivestimento decorativo a base di cemento, resine all'acqua, additivi, pigmenti e un tocco della magica essenza di Satine. Pu\u00f2 essere applicato su un'ampia variet\u00e0 di superfici verticali e orizzontali grazie alla sua eccellente adesione. Il materiale si distingue perch\u00e9 si applica direttamente su qualsiasi superficie esistente: piastrelle, cartongesso, ceramica, marmo, terrazzo, pietra, metallo, vetro o intonaco, tra le tante. Con uno spessore minimo di soli 3 millimetri, rinnova rapidamente gli spazi senza creare polvere o detriti.<\/p>\n\n\n\n<p>Si tratta di un rivestimento naturale, innovativo e continuo, ideale sia per gli spazi esterni che per quelli interni, in quanto il materiale Satine garantisce protezione dai raggi UV e propriet\u00e0 anti-ritrazione. Pu\u00f2 essere applicato su pavimenti, pareti, scale, soffitti, piscine e persino mobili. La sua versatilit\u00e0 ha portato a un crescente utilizzo nelle ristrutturazioni domestiche e negli spazi commerciali come centri sportivi, edifici industriali, hotel e ristoranti.<\/p>\n\n\n\n<p>Satine offre un'ampia gamma di possibilit\u00e0 decorative e di finiture, dove l'unico limite \u00e8 la vostra immaginazione. Conferisce agli spazi un carattere unico e personale grazie alle sue diverse texture e all'infinita variet\u00e0 di colori e finiture del microcemento consentite dalle nostre vernici e rivestimenti metallici.<\/p>\n\n\n\n<p>Dite addio alle ristrutturazioni complicate. Con il microcemento Satine, ogni combinazione e stile sono possibili. Ci impegniamo al massimo per i vostri progetti.<\/p>\n\n\n\n<div style=\"height:20px\" aria-hidden=\"true\" class=\"wp-block-spacer\"><\/div>\n\n\n\n<figure class=\"wp-block-image size-large is-resized\"><img loading=\"lazy\" decoding=\"async\" width=\"1024\" height=\"1024\" src=\"https:\/\/www.satine.com\/wp-content\/uploads\/2024\/09\/1c2d3913-e066-4cee-9c2c-622e375fa96c._CR194881229532952_SX1280_-1-1024x1024.jpg\" alt=\"\" class=\"wp-image-4703\" style=\"object-fit:cover;width:1600px;height:700px\" srcset=\"https:\/\/www.satine.com\/wp-content\/uploads\/2024\/09\/1c2d3913-e066-4cee-9c2c-622e375fa96c._CR194881229532952_SX1280_-1-1024x1024.jpg 1024w, https:\/\/www.satine.com\/wp-content\/uploads\/2024\/09\/1c2d3913-e066-4cee-9c2c-622e375fa96c._CR194881229532952_SX1280_-1-300x300.jpg 300w, https:\/\/www.satine.com\/wp-content\/uploads\/2024\/09\/1c2d3913-e066-4cee-9c2c-622e375fa96c._CR194881229532952_SX1280_-1-150x150.jpg 150w, https:\/\/www.satine.com\/wp-content\/uploads\/2024\/09\/1c2d3913-e066-4cee-9c2c-622e375fa96c._CR194881229532952_SX1280_-1-768x768.jpg 768w, https:\/\/www.satine.com\/wp-content\/uploads\/2024\/09\/1c2d3913-e066-4cee-9c2c-622e375fa96c._CR194881229532952_SX1280_-1-12x12.jpg 12w, https:\/\/www.satine.com\/wp-content\/uploads\/2024\/09\/1c2d3913-e066-4cee-9c2c-622e375fa96c._CR194881229532952_SX1280_-1.jpg 1280w\" sizes=\"auto, (max-width: 1024px) 100vw, 1024px\" \/><\/figure>\n\n\n\n<div style=\"height:30px\" aria-hidden=\"true\" class=\"wp-block-spacer\"><\/div>\n\n\n\n<h2 class=\"wp-block-heading\"><strong>Dove si pu\u00f2 applicare il microcemento?<\/strong><\/h2>\n\n\n\n<p>Le soluzioni decorative offerte da <a href=\"https:\/\/www.satinestone.com\">Satine<\/a> microcemento sono infinite. Ecco perch\u00e9 i suoi usi sono cos\u00ec vari. Da scale, piscine e rivestimenti di mobili a bagni, cucine, facciate, pavimenti, garage, cantine, terrazze...<\/p>\n\n\n\n<p>Indipendentemente dalla superficie da rivestire con il microcemento, Satine ha a cuore il risultato finale. Per questo motivo, nel tentativo di ottenere un prodotto ottimale, versatile e di alta qualit\u00e0, che duri nel tempo e si adatti alle esigenze del mercato, abbiamo trovato un equilibrio tra durezza e flessibilit\u00e0.<\/p>\n\n\n\n<p>Che cosa significa? Il nostro microcemento pu\u00f2 ricoprire qualsiasi superficie, indipendentemente dalle dimensioni, creando un pavimento continuo senza giunti o fessure. In questo modo si evitano le zone di sporco, facilitando la pulizia e la disinfezione e contribuendo a creare spazi privi di germi e batteri.<\/p>\n\n\n\n<p>Inoltre, i nostri microcementi garantiscono un'elevata resistenza nelle aree pi\u00f9 esposte al traffico e ai prodotti di pulizia pi\u00f9 aggressivi. Da qui l'elevata richiesta di microcemento per cucine e bagni.<\/p>\n\n\n\n<div style=\"height:20px\" aria-hidden=\"true\" class=\"wp-block-spacer\"><\/div>\n\n\n\n<h2 class=\"wp-block-heading\"><strong>Aree di microcemento<\/strong><\/h2>\n\n\n\n<p><strong>Pareti:<\/strong> \u00c8 altamente raccomandato per il rivestimento di tutti i tipi di pareti e facciate grazie alla sua traspirabilit\u00e0. Nella nostra galleria, troverete diverse pareti in microcemento Satine a cui ispirarvi. Per ulteriori informazioni sul microcemento per pareti, leggete il nostro articolo.<\/p>\n\n\n\n<p><strong> Pavimenti:<\/strong> I pavimenti non sono solo esteticamente attraenti, ma possiedono anche qualit\u00e0 interessanti come l'impermeabilit\u00e0, la resistenza alla compressione, alla flessione e ai graffi. Esplorate la nostra galleria per scoprire tutti i pavimenti in microcemento che possono essere realizzati con Satine. Per ulteriori informazioni, contattateci.<\/p>\n\n\n\n<p><strong>Bagni:<\/strong> \u00c8 un rivestimento decorativo ideale per la ristrutturazione dei bagni, soprattutto grazie alla sua resistenza all'umidit\u00e0, alle propriet\u00e0 antimuffa e anticondensa e alla facilit\u00e0 di pulizia. Scoprite tutti i possibili bagni in microcemento con i microcementi Satine nella nostra galleria o leggete il nostro articolo sui bagni in microcemento.<\/p>\n\n\n\n<p><strong> Cucine:<\/strong> Pu\u00f2 essere utilizzato in molti modi nelle cucine. Pavimenti, pareti, soffitti, lavelli e piani di lavoro possono essere rivestiti in quasi tutti i colori possibili e immaginabili. Satine Cucine in microcemento di tutti gli stili e dimensioni. Vi invitiamo a vederle nel nostro articolo del blog sulle cucine in microcemento.<\/p>\n\n\n\n<p><strong>Scale:<\/strong> La versatilit\u00e0 del microcemento Satine ne consente l'uso anche sulle scale, in quanto la sua resistenza garantisce che i bordi non si scheggino in tutta sicurezza. Con i microcementi Satine \u00e8 possibile progettare spettacolari scale in microcemento. Scopritele nel nostro post sulle scale in microcemento.<\/p>\n\n\n\n<p><strong> Piscine:<\/strong> Rivestire sia l'interno della piscina che il bordo e l'area circostante con il microcemento Satine \u00e8 un successo garantito. La natura antiscivolo, impermeabile e anticondensa dei nostri rivestimenti per piscine, insieme all'eccellente resistenza ai raggi UV, li rende ideali per rivestire piscine interne ed esterne, sia di acqua dolce che salata. Nel nostro blog troverete tutto quello che c'\u00e8 da sapere e i vantaggi.<\/p>\n\n\n\n<p><strong>Esterno:<\/strong> Grazie alla sua traspirabilit\u00e0, Satine \u00e8 anche un eccellente rivestimento continuo per superfici esterne come pavimenti di terrazze, patii residenziali o facciate e pareti di edifici. Visitate la nostra galleria o leggete il nostro post per scoprire tutte le opzioni di applicazione del microcemento Satine all'esterno.<\/p>\n\n\n\n<p>Ora che sapete dove si pu\u00f2 applicare, \u00e8 il momento di imparare a farlo. Se volete imparare le tecniche di applicazione e finitura, contattateci e richiedete un corso di formazione Satine.<a href=\"https:\/\/www.satinestone.com\">.<\/a><\/p>\n\n\n\n<div style=\"height:20px\" aria-hidden=\"true\" class=\"wp-block-spacer\"><\/div>\n\n\n\n<h2 class=\"wp-block-heading\"><strong><a href=\"https:\/\/www.satine.com\/advantages-of-microcement\">Vantaggi del microcemento - Satine<\/a><\/strong><\/h2>\n\n\n\n<ul class=\"wp-block-list\">\n<li>Molteplici finiture decorative.<\/li>\n\n\n\n<li>Texture infinite.<\/li>\n\n\n\n<li>Facile da pulire.<\/li>\n\n\n\n<li>Superfici prive di giunti.<\/li>\n\n\n\n<li>Superficie continua.<\/li>\n\n\n\n<li>Resistenza ai raggi UV.<\/li>\n\n\n\n<li>Anti-ritrattamento.<\/li>\n\n\n\n<li>Finiture naturali.<\/li>\n\n\n\n<li>Elevata resistenza agli urti e alla compressione.<\/li>\n\n\n\n<li>Eccezionale resistenza ai graffi.<\/li>\n\n\n\n<li>Traspirante.<\/li>\n\n\n\n<li>Impermeabile.<\/li>\n\n\n\n<li>Antibatterico.<\/li>\n\n\n\n<li>Anticondensa.<\/li>\n\n\n\n<li>Adatto a qualsiasi superficie, soprattutto sopra il riscaldamento a pavimento.<\/li>\n\n\n\n<li>Applicabile a pavimenti, pareti, soffitti, piscine e mobili. Sia in ambienti interni che esterni.<\/li>\n\n\n\n<li>Infinita variet\u00e0 di colori e texture del microcemento Satine.<\/li>\n\n\n\n<li>Applicazione artigianale. Risultato esclusivo e personalizzato.<\/li>\n\n\n\n<li>Alta adesione. Compatibile con piastrelle, marmo, ceramica, terrazzo, cartongesso, cemento, intonaco, superfici metalliche, vetro, ecc.<\/li>\n\n\n\n<li>Resistente al traffico, agli urti, ai graffi e ai prodotti chimici.<\/li>\n\n\n\n<li>Antiscivolo, a seconda della finitura.<\/li>\n\n\n\n<li>Installazione rapida e assenza di detriti.<\/li>\n\n\n\n<li>Lo spessore del sistema \u00e8 di 2\/3 mm, quindi non influisce sul carico strutturale dell'edificio.<\/li>\n\n\n\n<li>Materiali naturali. 100% prodotto ecologico.<\/li>\n<\/ul>","protected":false},"excerpt":{"rendered":"<p>What is Microcement? Uses, Types, Application, and Advantages Satine microcement is a decorative coating made from cement, water-based resins, additives, pigments, and a touch of Satine\u2019s magic essence. It can be applied to a wide variety of vertical and horizontal surfaces thanks to its excellent adhesion. The material stands out because it is applied directly [&hellip;]<\/p>\n","protected":false},"author":1,"featured_media":0,"parent":2814,"menu_order":0,"comment_status":"closed","ping_status":"closed","template":"","meta":{"footnotes":""},"class_list":["post-4647","page","type-page","status-publish","hentry"],"yoast_head":"<!-- This site is optimized with the Yoast SEO plugin v27.4 - https:\/\/yoast.com\/product\/yoast-seo-wordpress\/ -->\n<title>What is Microcement? Uses, types, application and advantages<\/title>\n<meta name=\"description\" content=\"Satine microcement is a decorative coating made of cement, water-based resins, additives, and mineral pigments that can be applied to a multitude of vertical and horizontal surfaces thanks to its great adhesion.\" \/>\n<meta name=\"robots\" content=\"index, follow, max-snippet:-1, max-image-preview:large, max-video-preview:-1\" \/>\n<link rel=\"canonical\" href=\"https:\/\/www.satine.com\/it\/microcemento\/cose-il-microcemento\/\" \/>\n<meta property=\"og:locale\" content=\"it_IT\" \/>\n<meta property=\"og:type\" content=\"article\" \/>\n<meta property=\"og:title\" content=\"What is Microcement? Uses, types, application and advantages\" \/>\n<meta property=\"og:description\" content=\"Satine microcement is a decorative coating made of cement, water-based resins, additives, and mineral pigments that can be applied to a multitude of vertical and horizontal surfaces thanks to its great adhesion.\" \/>\n<meta property=\"og:url\" content=\"https:\/\/www.satine.com\/it\/microcemento\/cose-il-microcemento\/\" \/>\n<meta property=\"og:site_name\" content=\"Satine\" \/>\n<meta property=\"article:modified_time\" content=\"2024-09-17T12:36:41+00:00\" \/>\n<meta property=\"og:image\" content=\"https:\/\/www.satine.com\/wp-content\/uploads\/2024\/09\/1c2d3913-e066-4cee-9c2c-622e375fa96c._CR194881229532952_SX1280_-1-1024x1024.jpg\" \/>\n<meta name=\"twitter:card\" content=\"summary_large_image\" \/>\n<meta name=\"twitter:label1\" content=\"Tempo di lettura stimato\" \/>\n\t<meta name=\"twitter:data1\" content=\"4 minuti\" \/>\n<script type=\"application\/ld+json\" class=\"yoast-schema-graph\">{\"@context\":\"https:\\\/\\\/schema.org\",\"@graph\":[{\"@type\":\"WebPage\",\"@id\":\"https:\\\/\\\/www.satine.com\\\/microcement\\\/what-is-microcement\\\/\",\"url\":\"https:\\\/\\\/www.satine.com\\\/microcement\\\/what-is-microcement\\\/\",\"name\":\"What is Microcement? Uses, types, application and advantages\",\"isPartOf\":{\"@id\":\"https:\\\/\\\/www.satine.com\\\/#website\"},\"primaryImageOfPage\":{\"@id\":\"https:\\\/\\\/www.satine.com\\\/microcement\\\/what-is-microcement\\\/#primaryimage\"},\"image\":{\"@id\":\"https:\\\/\\\/www.satine.com\\\/microcement\\\/what-is-microcement\\\/#primaryimage\"},\"thumbnailUrl\":\"https:\\\/\\\/www.satine.com\\\/wp-content\\\/uploads\\\/2024\\\/09\\\/1c2d3913-e066-4cee-9c2c-622e375fa96c._CR194881229532952_SX1280_-1-1024x1024.jpg\",\"datePublished\":\"2024-09-09T09:56:42+00:00\",\"dateModified\":\"2024-09-17T12:36:41+00:00\",\"description\":\"Satine microcement is a decorative coating made of cement, water-based resins, additives, and mineral pigments that can be applied to a multitude of vertical and horizontal surfaces thanks to its great adhesion.\",\"breadcrumb\":{\"@id\":\"https:\\\/\\\/www.satine.com\\\/microcement\\\/what-is-microcement\\\/#breadcrumb\"},\"inLanguage\":\"it-IT\",\"potentialAction\":[{\"@type\":\"ReadAction\",\"target\":[\"https:\\\/\\\/www.satine.com\\\/microcement\\\/what-is-microcement\\\/\"]}]},{\"@type\":\"ImageObject\",\"inLanguage\":\"it-IT\",\"@id\":\"https:\\\/\\\/www.satine.com\\\/microcement\\\/what-is-microcement\\\/#primaryimage\",\"url\":\"https:\\\/\\\/www.satine.com\\\/wp-content\\\/uploads\\\/2024\\\/09\\\/1c2d3913-e066-4cee-9c2c-622e375fa96c._CR194881229532952_SX1280_-1-1024x1024.jpg\",\"contentUrl\":\"https:\\\/\\\/www.satine.com\\\/wp-content\\\/uploads\\\/2024\\\/09\\\/1c2d3913-e066-4cee-9c2c-622e375fa96c._CR194881229532952_SX1280_-1-1024x1024.jpg\"},{\"@type\":\"BreadcrumbList\",\"@id\":\"https:\\\/\\\/www.satine.com\\\/microcement\\\/what-is-microcement\\\/#breadcrumb\",\"itemListElement\":[{\"@type\":\"ListItem\",\"position\":1,\"name\":\"Inicio\",\"item\":\"https:\\\/\\\/www.satine.com\\\/\"},{\"@type\":\"ListItem\",\"position\":2,\"name\":\"Microcement\",\"item\":\"https:\\\/\\\/www.satine.com\\\/microcement\\\/\"},{\"@type\":\"ListItem\",\"position\":3,\"name\":\"What is Microcement?\"}]},{\"@type\":\"WebSite\",\"@id\":\"https:\\\/\\\/www.satine.com\\\/#website\",\"url\":\"https:\\\/\\\/www.satine.com\\\/\",\"name\":\"Satine - Microcement\",\"description\":\"\",\"alternateName\":\"Satine - Microcement\",\"potentialAction\":[{\"@type\":\"SearchAction\",\"target\":{\"@type\":\"EntryPoint\",\"urlTemplate\":\"https:\\\/\\\/www.satine.com\\\/?s={search_term_string}\"},\"query-input\":{\"@type\":\"PropertyValueSpecification\",\"valueRequired\":true,\"valueName\":\"search_term_string\"}}],\"inLanguage\":\"it-IT\"}]}<\/script>\n<!-- \/ Yoast SEO plugin. -->","yoast_head_json":{"title":"Che cos'\u00e8 il microcemento? Usi, tipi, applicazioni e vantaggi","description":"Il microcemento Satine \u00e8 un rivestimento decorativo a base di cemento, resine a base d'acqua, additivi e pigmenti minerali che pu\u00f2 essere applicato su una moltitudine di superfici verticali e orizzontali grazie alla sua grande adesione.","robots":{"index":"index","follow":"follow","max-snippet":"max-snippet:-1","max-image-preview":"max-image-preview:large","max-video-preview":"max-video-preview:-1"},"canonical":"https:\/\/www.satine.com\/it\/microcemento\/cose-il-microcemento\/","og_locale":"it_IT","og_type":"article","og_title":"What is Microcement? Uses, types, application and advantages","og_description":"Satine microcement is a decorative coating made of cement, water-based resins, additives, and mineral pigments that can be applied to a multitude of vertical and horizontal surfaces thanks to its great adhesion.","og_url":"https:\/\/www.satine.com\/it\/microcemento\/cose-il-microcemento\/","og_site_name":"Satine","article_modified_time":"2024-09-17T12:36:41+00:00","og_image":[{"url":"https:\/\/www.satine.com\/wp-content\/uploads\/2024\/09\/1c2d3913-e066-4cee-9c2c-622e375fa96c._CR194881229532952_SX1280_-1-1024x1024.jpg","type":"","width":"","height":""}],"twitter_card":"summary_large_image","twitter_misc":{"Tempo di lettura stimato":"4 minuti"},"schema":{"@context":"https:\/\/schema.org","@graph":[{"@type":"WebPage","@id":"https:\/\/www.satine.com\/microcement\/what-is-microcement\/","url":"https:\/\/www.satine.com\/microcement\/what-is-microcement\/","name":"Che cos'\u00e8 il microcemento? Usi, tipi, applicazioni e vantaggi","isPartOf":{"@id":"https:\/\/www.satine.com\/#website"},"primaryImageOfPage":{"@id":"https:\/\/www.satine.com\/microcement\/what-is-microcement\/#primaryimage"},"image":{"@id":"https:\/\/www.satine.com\/microcement\/what-is-microcement\/#primaryimage"},"thumbnailUrl":"https:\/\/www.satine.com\/wp-content\/uploads\/2024\/09\/1c2d3913-e066-4cee-9c2c-622e375fa96c._CR194881229532952_SX1280_-1-1024x1024.jpg","datePublished":"2024-09-09T09:56:42+00:00","dateModified":"2024-09-17T12:36:41+00:00","description":"Il microcemento Satine \u00e8 un rivestimento decorativo a base di cemento, resine a base d'acqua, additivi e pigmenti minerali che pu\u00f2 essere applicato su una moltitudine di superfici verticali e orizzontali grazie alla sua grande adesione.","breadcrumb":{"@id":"https:\/\/www.satine.com\/microcement\/what-is-microcement\/#breadcrumb"},"inLanguage":"it-IT","potentialAction":[{"@type":"ReadAction","target":["https:\/\/www.satine.com\/microcement\/what-is-microcement\/"]}]},{"@type":"ImageObject","inLanguage":"it-IT","@id":"https:\/\/www.satine.com\/microcement\/what-is-microcement\/#primaryimage","url":"https:\/\/www.satine.com\/wp-content\/uploads\/2024\/09\/1c2d3913-e066-4cee-9c2c-622e375fa96c._CR194881229532952_SX1280_-1-1024x1024.jpg","contentUrl":"https:\/\/www.satine.com\/wp-content\/uploads\/2024\/09\/1c2d3913-e066-4cee-9c2c-622e375fa96c._CR194881229532952_SX1280_-1-1024x1024.jpg"},{"@type":"BreadcrumbList","@id":"https:\/\/www.satine.com\/microcement\/what-is-microcement\/#breadcrumb","itemListElement":[{"@type":"ListItem","position":1,"name":"Inicio","item":"https:\/\/www.satine.com\/"},{"@type":"ListItem","position":2,"name":"Microcement","item":"https:\/\/www.satine.com\/microcement\/"},{"@type":"ListItem","position":3,"name":"What is Microcement?"}]},{"@type":"WebSite","@id":"https:\/\/www.satine.com\/#website","url":"https:\/\/www.satine.com\/","name":"Satine - Microcemento","description":"","alternateName":"Satine - Microcement","potentialAction":[{"@type":"SearchAction","target":{"@type":"EntryPoint","urlTemplate":"https:\/\/www.satine.com\/?s={search_term_string}"},"query-input":{"@type":"PropertyValueSpecification","valueRequired":true,"valueName":"search_term_string"}}],"inLanguage":"it-IT"}]}},"_links":{"self":[{"href":"https:\/\/www.satine.com\/it\/wp-json\/wp\/v2\/pages\/4647","targetHints":{"allow":["GET"]}}],"collection":[{"href":"https:\/\/www.satine.com\/it\/wp-json\/wp\/v2\/pages"}],"about":[{"href":"https:\/\/www.satine.com\/it\/wp-json\/wp\/v2\/types\/page"}],"author":[{"embeddable":true,"href":"https:\/\/www.satine.com\/it\/wp-json\/wp\/v2\/users\/1"}],"replies":[{"embeddable":true,"href":"https:\/\/www.satine.com\/it\/wp-json\/wp\/v2\/comments?post=4647"}],"version-history":[{"count":23,"href":"https:\/\/www.satine.com\/it\/wp-json\/wp\/v2\/pages\/4647\/revisions"}],"predecessor-version":[{"id":5092,"href":"https:\/\/www.satine.com\/it\/wp-json\/wp\/v2\/pages\/4647\/revisions\/5092"}],"up":[{"embeddable":true,"href":"https:\/\/www.satine.com\/it\/wp-json\/wp\/v2\/pages\/2814"}],"wp:attachment":[{"href":"https:\/\/www.satine.com\/it\/wp-json\/wp\/v2\/media?parent=4647"}],"curies":[{"name":"wp","href":"https:\/\/api.w.org\/{rel}","templated":true}]}}