{"id":4331,"date":"2024-07-18T06:03:11","date_gmt":"2024-07-18T11:03:11","guid":{"rendered":"https:\/\/www.satine.com\/?page_id=4331"},"modified":"2024-10-18T06:40:06","modified_gmt":"2024-10-18T10:40:06","slug":"faq","status":"publish","type":"page","link":"https:\/\/www.satine.com\/it\/faq\/","title":{"rendered":"FAQ"},"content":{"rendered":"<h2 class=\"wp-block-heading\">Tutto quello che c'\u00e8 da sapere sul microcemento Satine: Usi, tipi, applicazioni e benefici<\/h2>\n\n\n\n<div style=\"height:25px\" aria-hidden=\"true\" class=\"wp-block-spacer\"><\/div>\n\n\n\n<p><strong>Satine <a href=\"https:\/\/www.satine.com\/microcement\">Microcemento<\/a><\/strong> \u00e8 un versatile rivestimento decorativo composto da cemento, resine a base d'acqua, additivi e pigmenti minerali. Questo materiale \u00e8 rinomato per la sua eccellente adesione, che ne consente l'applicazione su un'ampia variet\u00e0 di superfici, sia verticali che orizzontali. Uno dei suoi maggiori vantaggi \u00e8 che pu\u00f2 essere applicato direttamente su materiali esistenti come piastrelle, cartongesso, marmo, terrazzo o intonaco, facilitando una rapida ristrutturazione senza la necessit\u00e0 di grandi lavori di costruzione, con uno spessore minimo di soli 3 millimetri.<\/p>\n\n\n\n<div style=\"height:25px\" aria-hidden=\"true\" class=\"wp-block-spacer\"><\/div>\n\n\n\n<h2 class=\"wp-block-heading\">Vantaggi del microcemento Satine<\/h2>\n\n\n\n<ul class=\"wp-block-list\">\n<li><strong>Molteplici finiture decorative<\/strong>: Il microcemento Satine offre un'ampia gamma di colori e texture (grossolana, media o fine) che consentono di personalizzare qualsiasi spazio in base al proprio stile e alle proprie preferenze. Sia che si desideri una finitura liscia ed elegante, sia che si desideri un aspetto strutturato e rustico, questo prodotto \u00e8 in grado di realizzarlo.<\/li>\n\n\n\n<li><strong>Superficie senza cuciture<\/strong>: Una delle caratteristiche principali del microcemento \u00e8 la sua capacit\u00e0 di creare una superficie continua senza giunti o fessure. Questo non solo migliora l'estetica dello spazio, ma impedisce anche l'accumulo di sporco e sporcizia in aree difficili da pulire, facilitando la manutenzione.<\/li>\n\n\n\n<li><strong>Applicabile su diverse superfici<\/strong>: Il microcemento Satine pu\u00f2 essere applicato su una serie impressionante di superfici, tra cui pavimenti, pareti, soffitti, piscine e mobili. La sua versatilit\u00e0 lo rende adatto sia per applicazioni interne che esterne, garantendo un aspetto coerente in tutta la propriet\u00e0.<\/li>\n\n\n\n<li><strong>Alta adesione<\/strong>: Questo prodotto vanta elevate propriet\u00e0 di adesione, che lo rendono compatibile con numerosi materiali come piastrelle, marmo, ceramica, terrazzo, cartongesso, cemento e intonaco. Ci\u00f2 consente un'applicazione senza soluzione di continuit\u00e0 sulle superfici esistenti, senza necessit\u00e0 di rimozione.<\/li>\n\n\n\n<li><strong>Durevole<\/strong>: Il microcemento Satine \u00e8 altamente resistente al calpestio, agli urti, ai graffi e agli agenti chimici. Questa durabilit\u00e0 garantisce che le superfici rimangano intatte anche in aree ad alto traffico o in spazi esposti a condizioni difficili.<\/li>\n\n\n\n<li><strong>Impermeabile e antiscivolo<\/strong>: La sua natura impermeabile lo rende ideale per aree umide come bagni e cucine. Inoltre, con l'applicazione di finiture specifiche, pu\u00f2 fornire propriet\u00e0 antiscivolo, aumentando la sicurezza in questi spazi.<\/li>\n\n\n\n<li><strong>Ristrutturazioni rapide e pulite<\/strong>: L'applicazione del microcemento \u00e8 un processo semplice che comporta un'interruzione minima. Consente di effettuare ristrutturazioni rapide e pulite, senza il disordine e i detriti tipicamente associati ai metodi di costruzione tradizionali.<\/li>\n\n\n\n<li><strong>Spessore minimo<\/strong>: Con uno spessore di soli 2-3 mm, il microcemento Satine non aumenta significativamente il carico strutturale dell'edificio. Questo lo rende una scelta eccellente per la ristrutturazione di strutture esistenti senza comprometterne l'integrit\u00e0.<\/li>\n\n\n\n<li><strong>Ecologico<\/strong>: Composto da materiali naturali, il microcemento Satine \u00e8 un'opzione ecologica. \u00c8 privo di sostanze chimiche nocive e supporta le pratiche di edilizia sostenibile.<\/li>\n\n\n\n<li><strong>Manutenzione semplice<\/strong>: La manutenzione di una superficie in microcemento \u00e8 semplice. Una pulizia regolare con acqua e sapone a pH neutro ne mantiene l'aspetto nuovo. La sua natura priva di giunture riduce inoltre le aree di crescita di batteri e muffe.<\/li>\n\n\n\n<li><strong>Igienico<\/strong>: La superficie continua del microcemento contribuisce a creare spazi liberi da germi e batteri, favorendo un ambiente di vita pi\u00f9 sano.<\/li>\n<\/ul>\n\n\n\n<div style=\"height:120px\" aria-hidden=\"true\" class=\"wp-block-spacer\"><\/div>\n\n\n\n<figure class=\"wp-block-video\"><video height=\"1080\" style=\"aspect-ratio: 1920 \/ 1080;\" width=\"1920\" controls src=\"https:\/\/www.satine.com\/wp-content\/uploads\/2024\/10\/Diseno-sin-titulo-3.mp4\"><\/video><\/figure>\n\n\n\n<div style=\"height:30px\" aria-hidden=\"true\" class=\"wp-block-spacer\"><\/div>\n\n\n\n<h2 class=\"wp-block-heading\">Domande frequenti sul microcemento<\/h2>\n\n\n\n<div class=\"wp-block-group is-vertical is-layout-flex wp-container-core-group-is-layout-8cf370e7 wp-block-group-is-layout-flex\">\n<details class=\"wp-block-details is-layout-flow wp-block-details-is-layout-flow\"><summary><strong>Il microcemento pu\u00f2 essere applicato a basse temperature?<\/strong><br><\/summary>\n<p>L'applicazione del microcemento a basse temperature pu\u00f2 essere impegnativa e non \u00e8 consigliata al di sotto dei 10\u00b0C, poich\u00e9 l'essiccazione e le propriet\u00e0 del materiale possono essere compromesse.<\/p>\n<\/details>\n\n\n\n<details class=\"wp-block-details is-layout-flow wp-block-details-is-layout-flow\"><summary><strong>Quanto costa il microcemento al metro quadro?<\/strong><br><\/summary>\n<p>Il costo del microcemento varia, ma in genere si aggira tra i 40 e i 100 euro al metro quadro, compresi materiali e manodopera.<\/p>\n<\/details>\n\n\n\n<details class=\"wp-block-details is-layout-flow wp-block-details-is-layout-flow\"><summary><strong>Quale tempo di asciugatura dobbiamo prevedere tra la prima mano di sigillante e la seconda?<\/strong><br><\/summary>\n<p>In genere, tra la prima e la seconda mano di sigillante devono trascorrere dalle 4 alle 6 ore di asciugatura, anche se questo tempo pu\u00f2 variare a seconda del tipo di sigillante e delle condizioni ambientali.<\/p>\n<\/details>\n\n\n\n<details class=\"wp-block-details is-layout-flow wp-block-details-is-layout-flow\"><summary><strong>\u00c8 obbligatorio applicare la rete per il microcemento?<\/strong><br><\/summary>\n<p>Non \u00e8 sempre obbligatorio ma \u00e8 consigliabile, soprattutto su superfici che possono presentare movimenti o crepe, per evitare fessurazioni.<\/p>\n<\/details>\n\n\n\n<details class=\"wp-block-details is-layout-flow wp-block-details-is-layout-flow\"><summary><strong>Come posso iscrivermi a un corso di microcemento?<\/strong><br><\/summary>\n<p>Contattateci attraverso la nostra pagina di contatto o i social per avere maggiori informazioni sui corsi di applicazione del microcemento e di altri materiali.<\/p>\n<\/details>\n\n\n\n<details class=\"wp-block-details is-layout-flow wp-block-details-is-layout-flow\"><summary><strong>\u00c8 possibile combinare i colori sulla stessa superficie?<\/strong><br><\/summary>\n<p>S\u00ec, i colori possono essere combinati sulla stessa superficie per creare disegni personalizzati ed effetti decorativi.<\/p>\n<\/details>\n\n\n\n<details class=\"wp-block-details is-layout-flow wp-block-details-is-layout-flow\"><summary><strong>Perch\u00e9 possono esserci differenze di brillantezza tra il campione e il lavoro finito?<\/strong><br><\/summary>\n<p>Le differenze di lucentezza possono essere dovute a variazioni nell'applicazione, al tipo di sigillante utilizzato e alle condizioni ambientali durante l'essiccazione.<\/p>\n<\/details>\n\n\n\n<details class=\"wp-block-details is-layout-flow wp-block-details-is-layout-flow\"><summary><strong>Il microcemento pu\u00f2 perdere colore nel tempo?<\/strong><br><\/summary>\n<p>Il microcemento pu\u00f2 perdere colore se non \u00e8 adeguatamente protetto o se \u00e8 esposto a sostanze chimiche aggressive. Una buona sigillatura e manutenzione aiutano a preservare il colore.<\/p>\n<\/details>\n\n\n\n<details class=\"wp-block-details is-layout-flow wp-block-details-is-layout-flow\"><summary><strong>Come pulire il microcemento?<\/strong><br><\/summary>\n<p>Si consiglia di utilizzare prodotti di pulizia neutri e non abrasivi. Evitare prodotti con cloro o acidi che possono danneggiare il sigillante.<\/p>\n<\/details>\n\n\n\n<details class=\"wp-block-details is-layout-flow wp-block-details-is-layout-flow\"><summary><strong>Quanto tempo richiede una ristrutturazione con microcemento?<\/strong><br><\/summary>\n<p>L'applicazione del microcemento richiede solitamente dai 4 ai 7 giorni, a seconda delle condizioni ambientali e della complessit\u00e0 del lavoro.<\/p>\n<\/details>\n\n\n\n<details class=\"wp-block-details is-layout-flow wp-block-details-is-layout-flow\"><summary><strong>Quali sono le differenze tra microcemento e calcestruzzo lucidato?<\/strong><br><\/summary>\n<p>Il microcemento \u00e8 uno strato sottile (2-3 mm) applicato su superfici esistenti, mentre il calcestruzzo lucidato \u00e8 uno strato pi\u00f9 spesso (5-10 cm) utilizzato per creare nuovi pavimenti. Inoltre, il microcemento offre una maggiore personalizzazione in termini di colori e texture.<\/p>\n<\/details>\n\n\n\n<details class=\"wp-block-details is-layout-flow wp-block-details-is-layout-flow\"><summary><strong>Il microcemento \u00e8 antiscivolo?<\/strong><br><\/summary>\n<p>Il microcemento pu\u00f2 essere trattato per essere antiscivolo applicando additivi specifici nel sigillante finale.<\/p>\n<\/details>\n\n\n\n<details class=\"wp-block-details is-layout-flow wp-block-details-is-layout-flow\"><summary><strong>Il microcemento \u00e8 impermeabile?<\/strong><br><\/summary>\n<p>Una volta sigillato correttamente, il microcemento \u00e8 impermeabile e quindi adatto ad aree umide come bagni e cucine.<\/p>\n<\/details>\n\n\n\n<details class=\"wp-block-details is-layout-flow wp-block-details-is-layout-flow\"><summary><strong>Il microcemento pu\u00f2 essere applicato sul riscaldamento a pavimento?<\/strong><br><\/summary>\n<p>S\u00ec, il microcemento \u00e8 compatibile con il riscaldamento a pavimento, purch\u00e9 si seguano le raccomandazioni del produttore in merito all'applicazione e al riscaldamento graduale del sistema.<\/p>\n<\/details>\n\n\n\n<details class=\"wp-block-details is-layout-flow wp-block-details-is-layout-flow\"><summary><strong>Su quali superfici si pu\u00f2 applicare il microcemento?<\/strong><br><\/summary>\n<p>Il microcemento pu\u00f2 essere applicato su diverse superfici, tra cui cemento, piastrelle, ceramica, intonaco, legno, metallo e altri materiali. La superficie deve essere pulita, asciutta e livellata.<br><br><\/p>\n<\/details>\n\n\n\n<details class=\"wp-block-details is-layout-flow wp-block-details-is-layout-flow\"><summary><strong>Il microcemento richiede cure particolari?<\/strong><br><\/summary>\n<p>S\u00ec, il microcemento richiede alcune cure per mantenere il suo aspetto e la sua durata. Evitare urti violenti, utilizzare protezioni per mobili e pulire con prodotti non abrasivi per mantenerlo in buone condizioni.<\/p>\n<\/details>\n\n\n\n<details class=\"wp-block-details is-layout-flow wp-block-details-is-layout-flow\"><summary><strong>Quali sono la resistenza e la durezza del microcemento?<\/strong><br><\/summary>\n<p><strong>Forza:<\/strong>&nbsp;Il microcemento ha una resistenza alla compressione di circa 25-40 MPa (megapascal) e una resistenza alla flessione compresa tra 7 e 10 MPa.<strong>Durezza:<\/strong>&nbsp;La durezza superficiale del microcemento, misurata in base alla scala Mohs, \u00e8 tipicamente compresa tra 3 e 4.<\/p>\n<\/details>\n\n\n\n<details class=\"wp-block-details is-layout-flow wp-block-details-is-layout-flow\"><summary><strong>\u00c8 necessario spazzolare le porte?<\/strong><br><\/summary>\n<p>Non sempre, ma in alcune ristrutturazioni pu\u00f2 essere necessario regolare le porte se lo spessore del microcemento influisce sul loro funzionamento.<\/p>\n<\/details>\n\n\n\n<details class=\"wp-block-details is-layout-flow wp-block-details-is-layout-flow\"><summary><strong>Il microcemento pu\u00f2 essere applicato in condizioni climatiche molto calde?<\/strong><br><\/summary>\n<p>S\u00ec, ma \u00e8 necessario prendere ulteriori precauzioni, come evitare l'esposizione diretta alla luce solare e mantenere una corretta idratazione del materiale per evitare un'essiccazione troppo rapida.<\/p>\n<\/details>\n\n\n\n<details class=\"wp-block-details is-layout-flow wp-block-details-is-layout-flow\"><summary><strong>Qual \u00e8 la differenza tra microcemento e cemento tradizionale?<br> <\/strong><\/summary>\n<p>Il microcemento \u00e8 un rivestimento decorativo sottile e versatile a base di cemento fine, resine a base d'acqua e pigmenti, adatto a varie superfici, tra cui pavimenti e pareti. Il cemento tradizionale \u00e8 un materiale da costruzione di base, mescolato con sabbia e ghiaia per formare il calcestruzzo, utilizzato in applicazioni strutturali pi\u00f9 spesse.<\/p>\n<\/details>\n\n\n\n<div style=\"height:0px\" aria-hidden=\"true\" class=\"wp-block-spacer wp-container-content-c00f5982\"><\/div>\n<\/div>","protected":false},"excerpt":{"rendered":"<p>Everything You Need to Know About Satine Microcement: Uses, Types, Application, and Benefits Satine Microcement is a versatile decorative coating composed of cement, water-based resins, additives, and mineral pigments. This material is renowned for its excellent adhesion, allowing it to be applied to a wide variety of surfaces, both vertical and horizontal. One of its [&hellip;]<\/p>\n","protected":false},"author":1,"featured_media":0,"parent":0,"menu_order":0,"comment_status":"closed","ping_status":"closed","template":"","meta":{"footnotes":""},"class_list":["post-4331","page","type-page","status-publish","hentry"],"yoast_head":"<!-- This site is optimized with the Yoast SEO plugin v27.5 - https:\/\/yoast.com\/product\/yoast-seo-wordpress\/ -->\n<title>Frequently Asked Questions of Microcement (FAQ) - Satine<\/title>\n<meta name=\"description\" content=\"What is microcement? Satine Microcement is a decorative coating composed of cement, water-based resins, additives, and mineral pigments. It can be applied to various vertical and horizontal surfaces, providing a seamless, durable finish.\" \/>\n<meta name=\"robots\" content=\"index, follow, max-snippet:-1, max-image-preview:large, max-video-preview:-1\" \/>\n<link rel=\"canonical\" href=\"https:\/\/www.satine.com\/it\/faq\/\" \/>\n<meta property=\"og:locale\" content=\"it_IT\" \/>\n<meta property=\"og:type\" content=\"article\" \/>\n<meta property=\"og:title\" content=\"Frequently Asked Questions of Microcement (FAQ) - Satine\" \/>\n<meta property=\"og:description\" content=\"What is microcement? Satine Microcement is a decorative coating composed of cement, water-based resins, additives, and mineral pigments. It can be applied to various vertical and horizontal surfaces, providing a seamless, durable finish.\" \/>\n<meta property=\"og:url\" content=\"https:\/\/www.satine.com\/it\/faq\/\" \/>\n<meta property=\"og:site_name\" content=\"Satine\" \/>\n<meta property=\"article:modified_time\" content=\"2024-10-18T10:40:06+00:00\" \/>\n<meta name=\"twitter:card\" content=\"summary_large_image\" \/>\n<meta name=\"twitter:label1\" content=\"Tempo di lettura stimato\" \/>\n\t<meta name=\"twitter:data1\" content=\"5 minuti\" \/>\n<script type=\"application\/ld+json\" class=\"yoast-schema-graph\">{\"@context\":\"https:\\\/\\\/schema.org\",\"@graph\":[{\"@type\":\"WebPage\",\"@id\":\"https:\\\/\\\/www.satine.com\\\/faq\\\/\",\"url\":\"https:\\\/\\\/www.satine.com\\\/faq\\\/\",\"name\":\"Frequently Asked Questions of Microcement (FAQ) - Satine\",\"isPartOf\":{\"@id\":\"https:\\\/\\\/www.satine.com\\\/#website\"},\"datePublished\":\"2024-07-18T11:03:11+00:00\",\"dateModified\":\"2024-10-18T10:40:06+00:00\",\"description\":\"What is microcement? Satine Microcement is a decorative coating composed of cement, water-based resins, additives, and mineral pigments. It can be applied to various vertical and horizontal surfaces, providing a seamless, durable finish.\",\"breadcrumb\":{\"@id\":\"https:\\\/\\\/www.satine.com\\\/faq\\\/#breadcrumb\"},\"inLanguage\":\"it-IT\",\"potentialAction\":[{\"@type\":\"ReadAction\",\"target\":[\"https:\\\/\\\/www.satine.com\\\/faq\\\/\"]}]},{\"@type\":\"BreadcrumbList\",\"@id\":\"https:\\\/\\\/www.satine.com\\\/faq\\\/#breadcrumb\",\"itemListElement\":[{\"@type\":\"ListItem\",\"position\":1,\"name\":\"Inicio\",\"item\":\"https:\\\/\\\/www.satine.com\\\/\"},{\"@type\":\"ListItem\",\"position\":2,\"name\":\"FAQ\"}]},{\"@type\":\"WebSite\",\"@id\":\"https:\\\/\\\/www.satine.com\\\/#website\",\"url\":\"https:\\\/\\\/www.satine.com\\\/\",\"name\":\"Satine - Microcement\",\"description\":\"\",\"alternateName\":\"Satine - Microcement\",\"potentialAction\":[{\"@type\":\"SearchAction\",\"target\":{\"@type\":\"EntryPoint\",\"urlTemplate\":\"https:\\\/\\\/www.satine.com\\\/?s={search_term_string}\"},\"query-input\":{\"@type\":\"PropertyValueSpecification\",\"valueRequired\":true,\"valueName\":\"search_term_string\"}}],\"inLanguage\":\"it-IT\"}]}<\/script>\n<!-- \/ Yoast SEO plugin. -->","yoast_head_json":{"title":"Domande frequenti sul microcemento (FAQ) - Satine","description":"Che cos'\u00e8 il microcemento? Satine Microcement \u00e8 un rivestimento decorativo composto da cemento, resine a base d'acqua, additivi e pigmenti minerali. Pu\u00f2 essere applicato su varie superfici verticali e orizzontali, fornendo una finitura uniforme e durevole.","robots":{"index":"index","follow":"follow","max-snippet":"max-snippet:-1","max-image-preview":"max-image-preview:large","max-video-preview":"max-video-preview:-1"},"canonical":"https:\/\/www.satine.com\/it\/faq\/","og_locale":"it_IT","og_type":"article","og_title":"Frequently Asked Questions of Microcement (FAQ) - Satine","og_description":"What is microcement? Satine Microcement is a decorative coating composed of cement, water-based resins, additives, and mineral pigments. It can be applied to various vertical and horizontal surfaces, providing a seamless, durable finish.","og_url":"https:\/\/www.satine.com\/it\/faq\/","og_site_name":"Satine","article_modified_time":"2024-10-18T10:40:06+00:00","twitter_card":"summary_large_image","twitter_misc":{"Tempo di lettura stimato":"5 minuti"},"schema":{"@context":"https:\/\/schema.org","@graph":[{"@type":"WebPage","@id":"https:\/\/www.satine.com\/faq\/","url":"https:\/\/www.satine.com\/faq\/","name":"Domande frequenti sul microcemento (FAQ) - Satine","isPartOf":{"@id":"https:\/\/www.satine.com\/#website"},"datePublished":"2024-07-18T11:03:11+00:00","dateModified":"2024-10-18T10:40:06+00:00","description":"Che cos'\u00e8 il microcemento? Satine Microcement \u00e8 un rivestimento decorativo composto da cemento, resine a base d'acqua, additivi e pigmenti minerali. Pu\u00f2 essere applicato su varie superfici verticali e orizzontali, fornendo una finitura uniforme e durevole.","breadcrumb":{"@id":"https:\/\/www.satine.com\/faq\/#breadcrumb"},"inLanguage":"it-IT","potentialAction":[{"@type":"ReadAction","target":["https:\/\/www.satine.com\/faq\/"]}]},{"@type":"BreadcrumbList","@id":"https:\/\/www.satine.com\/faq\/#breadcrumb","itemListElement":[{"@type":"ListItem","position":1,"name":"Inicio","item":"https:\/\/www.satine.com\/"},{"@type":"ListItem","position":2,"name":"FAQ"}]},{"@type":"WebSite","@id":"https:\/\/www.satine.com\/#website","url":"https:\/\/www.satine.com\/","name":"Satine - Microcemento","description":"","alternateName":"Satine - Microcement","potentialAction":[{"@type":"SearchAction","target":{"@type":"EntryPoint","urlTemplate":"https:\/\/www.satine.com\/?s={search_term_string}"},"query-input":{"@type":"PropertyValueSpecification","valueRequired":true,"valueName":"search_term_string"}}],"inLanguage":"it-IT"}]}},"_links":{"self":[{"href":"https:\/\/www.satine.com\/it\/wp-json\/wp\/v2\/pages\/4331","targetHints":{"allow":["GET"]}}],"collection":[{"href":"https:\/\/www.satine.com\/it\/wp-json\/wp\/v2\/pages"}],"about":[{"href":"https:\/\/www.satine.com\/it\/wp-json\/wp\/v2\/types\/page"}],"author":[{"embeddable":true,"href":"https:\/\/www.satine.com\/it\/wp-json\/wp\/v2\/users\/1"}],"replies":[{"embeddable":true,"href":"https:\/\/www.satine.com\/it\/wp-json\/wp\/v2\/comments?post=4331"}],"version-history":[{"count":51,"href":"https:\/\/www.satine.com\/it\/wp-json\/wp\/v2\/pages\/4331\/revisions"}],"predecessor-version":[{"id":5578,"href":"https:\/\/www.satine.com\/it\/wp-json\/wp\/v2\/pages\/4331\/revisions\/5578"}],"wp:attachment":[{"href":"https:\/\/www.satine.com\/it\/wp-json\/wp\/v2\/media?parent=4331"}],"curies":[{"name":"wp","href":"https:\/\/api.w.org\/{rel}","templated":true}]}}