{"id":3710,"date":"2022-04-14T19:31:44","date_gmt":"2022-04-15T00:31:44","guid":{"rendered":"https:\/\/www.satine.com\/?page_id=3710"},"modified":"2022-04-14T19:31:44","modified_gmt":"2022-04-15T00:31:44","slug":"biscotti","status":"publish","type":"page","link":"https:\/\/www.satine.com\/it\/cookies\/","title":{"rendered":"COCCOLE"},"content":{"rendered":"<h3 class=\"wp-block-heading\">1. ANTECEDENTI<\/h3>\n\n\n\n<p>In conformit\u00e0 con la normativa spagnola che regola l'uso dei cookie in relazione alla prestazione di servizi di comunicazione elettronica, recepita nel Real Decreto Ley 13\/2012 del 30 marzo, informiamo sui cookie utilizzati nel sito web di SATINE e sul motivo del loro utilizzo. Inoltre, informiamo che navigando nel sito web si presta il proprio consenso per poterli utilizzare.<\/p>\n\n\n\n<h3 class=\"wp-block-heading\">2. QUALI SONO I COOKIE?<\/h3>\n\n\n\n<p>Un cookie \u00e8 un file che viene memorizzato nel navigatore del proprio dispositivo quando si accede a determinate pagine web. I cookie consentono a una pagina web, tra le altre cose, di conservare e recuperare informazioni sulle abitudini di navigazione di un utente o della sua apparecchiatura e, a seconda delle informazioni contenute e della forma in cui viene utilizzata l'apparecchiatura, possono essere utilizzati per riconoscere l'utente. I cookie si riferiscono esclusivamente a un utente anonimo e al suo dispositivo e non forniscono riferimenti che consentano di conoscere i suoi dati personali.<\/p>\n\n\n\n<h3 class=\"wp-block-heading\">3. TIPI DI COOKIE<\/h3>\n\n\n\n<ol class=\"wp-block-list\"><li><strong>Cookie propias:<\/strong>&nbsp;Sono quelle che vengono inviate all'apparecchio terminale dell'utente da un apparecchio o dominio gestito dal proprio editore e dal quale viene erogato il servizio richiesto dall'utente.<\/li><li><strong>Cookie di terzi:<\/strong>&nbsp;Sono quelli che vengono inviati all'apparecchio terminale dell'utente da un'apparecchiatura o dominio che non \u00e8 gestito dall'editore stesso, ma da un'altra entit\u00e0 che tratta i dati attraverso i cookie.<\/li><li><strong>Cookie di sessione:<\/strong>&nbsp;Sono un tipo di cookie concepiti per registrare e conservare i dati quando l'utente accede a una pagina web.<\/li><li><strong>Cookie persistenti:<\/strong>&nbsp;Sono un tipo di cookie in cui i dati vengono conservati nel terminale e possono essere conservati e trattati per un periodo definito dal responsabile del cookie, che pu\u00f2 andare da un minuto a diversi anni.<\/li><li><strong>Cookie di analisi:<\/strong>&nbsp;Sono quelle che, trattate bene da noi o da terzi, ci permettono di quantificare il numero di utenti e quindi di realizzare la misurazione e l'analisi statistica dell'utilizzo che fanno gli utenti del servizio offerto. A tal fine si analizza la navigazione sulla nostra pagina web con l'obiettivo di migliorare l'offerta di prodotti o servizi che offriamo.<\/li><li><strong>Cookie di pubblicit\u00e0 comportamentale:<\/strong>&nbsp;Sono quelli che permettono la gestione, nella forma pi\u00f9 efficace possibile, degli spazi pubblicitari che, nel caso, l'editore ha inserito in una pagina web, applicazione o piattaforma da cui viene erogato il servizio richiesto. Questi cookie conservano informazioni sul comportamento degli utenti ottenute attraverso l'osservazione continua delle loro abitudini di navigazione, il che consente di sviluppare un profilo specifico per mostrare la pubblicit\u00e0 in funzione di questo. Inoltre, \u00e8 possibile che visitando una pagina web o inviando un'e-mail in cui viene pubblicato un annuncio o una promozione sui nostri prodotti o servizi, il navigatore installi un cookie che ci consente di mostrarvi in seguito la pubblicit\u00e0 relativa alla ricerca che avete effettuato, sviluppare un controllo dei nostri annunci in relazione, ad esempio, al numero di volte in cui vengono visualizzati, al luogo in cui vengono visualizzati, all'ora in cui vengono visualizzati, ecc.<\/li><\/ol>\n\n\n\n<h3 class=\"wp-block-heading\">4. TIPI DI COOKIE UTILIZZATI<\/h3>\n\n\n\n<p>I cookie utilizzati nel nostro sito web sono di sessione e di terze parti e consentono di memorizzare e accedere a informazioni relative all'idioma, al tipo di navigatore utilizzato, e altre caratteristiche generali predefinite dall'utente, nonch\u00e9 di seguire e analizzare l'attivit\u00e0 svolta, con l'obiettivo di introdurre miglioramenti e offrire i nostri servizi in modo pi\u00f9 efficiente e personalizzato. SATINE non utilizza cookie pubblicitari o di pubblicit\u00e0 comportamentale.<br>L'utilizzo dei cookie offre vantaggi nella fornitura di servizi all'interno di quella che viene definita la societ\u00e0 dell'informazione, in quanto facilita all'utente la navigazione e l'accesso ai diversi servizi offerti da questo sito web; evita all'utente di dover configurare le caratteristiche generali predefinite ogni volta che accede al sito web; favorisce il miglioramento del funzionamento e dei servizi offerti tramite questo sito web, grazie all'analisi delle informazioni ottenute tramite i cookie installati.<\/p>\n\n\n\n<figure class=\"wp-block-table\"><table><tbody><tr><th>Nome<\/th><th>Tipo<\/th><th>Caducidad<\/th><th>Finalidad<\/th><th>Clase<\/th><\/tr><tr><td>__utma<\/td><td>De Terceros (Google Analytics)<\/td><td>2 anni<\/td><td>Si usa per distinguere gli utenti e le sessioni.<\/td><td>Nessuna esenzione<\/td><\/tr><tr><td>__utmb<\/td><td>De Terceros (Google Analytics)<\/td><td>30 minuti<\/td><td>Si usa per determinare le nuove sessioni o visite.<\/td><td>Nessuna esenzione<\/td><\/tr><tr><td>__utmc<\/td><td>De Terceros (Google Analytics)<\/td><td>Al termine della sessione<\/td><td>Si configura per l'uso con Urchin.<\/td><td>Nessuna esenzione<\/td><\/tr><tr><td>__utmz<\/td><td>De Terceros (Google Analytics)<\/td><td>6 mesi<\/td><td>Almacena l'origine o la campagna che spiega come l'utente \u00e8 arrivato alla pagina web.<\/td><td>Nessuna esenzione<\/td><\/tr><tr><td>locale<\/td><td>Propia<\/td><td>5 anni<\/td><td>Indica l'idioma preferito dall'utente.<\/td><td>Exenta<\/td><\/tr><tr><td>voci_del_carrello<\/td><td>Propia<\/td><td>7 giorni<\/td><td>Inserire l'elenco dei prodotti che l'utente ha nel carrello di acquisto.<\/td><td>Exenta<\/td><\/tr><tr><td>satine_session<\/td><td>Propia<\/td><td>2 ore<\/td><td>Si usa per distinguere gli utenti e le sessioni<\/td><td>Exenta<\/td><\/tr><\/tbody><\/table><\/figure>\n\n\n\n<h3 class=\"wp-block-heading\">5. REVOCA ED ELIMINAZIONE DEI COOKIE<\/h3>\n\n\n\n<p>In ogni momento \u00e8 possibile accedere alla configurazione del proprio navigatore accettando o rifiutando tutti i cookie, oppure selezionando quelli che l'installazione ammette e quelli no, seguendo una delle seguenti procedure, che dipendono dal navigatore utilizzato:<\/p>\n\n\n\n<ul class=\"wp-block-list\"><li><strong>Google Chrome:<\/strong>&nbsp;Men\u00fa Herramientas &gt; Configuraci\u00f3n &gt; Mostrar Opciones Avanzadas &gt; Privacidad (Configuraci\u00f3n del contenido) &gt; Cookies.&nbsp;<a target=\"_blank\" href=\"https:\/\/support.google.com\/chrome\/answer\/95647?hl=es\" rel=\"noreferrer noopener\">Maggiori informazioni.<\/a><\/li><li><strong>Microsoft Internet Explorer:<\/strong>&nbsp;Men\u00fa Herramientas &gt; Opciones de Internet &gt; Privacidad &gt; Avanzada.&nbsp;<a target=\"_blank\" href=\"https:\/\/support.microsoft.com\/es-es\/help\/17442\/windows-internet-explorer-delete-manage-cookies\" rel=\"noreferrer noopener\">Maggiori informazioni.<\/a><\/li><li><strong>Firefox:<\/strong>&nbsp;Opciones &gt; Privacidad &gt; Cookies.&nbsp;<a target=\"_blank\" href=\"https:\/\/support.mozilla.org\/es\/kb\/habilitar-y-deshabilitar-cookies-sitios-web-rastrear-preferencias\" rel=\"noreferrer noopener\">Maggiori informazioni.<\/a><\/li><li><strong>Safari, iPad e iPhone:<\/strong>&nbsp;Preferenze &gt; Privacidad.&nbsp;<a target=\"_blank\" href=\"https:\/\/www.apple.com\/legal\/privacy\/es\/cookies\/\" rel=\"noreferrer noopener\">Maggiori informazioni.<\/a><\/li><\/ul>\n\n\n\n<h3 class=\"wp-block-heading\">6. TERZI PRESTATORI DI SERVIZI<\/h3>\n\n\n\n<p>In particolare, i terzi fornitori di servizi con i quali abbiamo stipulato un servizio per il quale \u00e8 necessario l'utilizzo di cookie sono:<\/p>\n\n\n\n<figure class=\"wp-block-table\"><table><tbody><tr><th>Proveedor<\/th><th>Finalit\u00e0 del servizio e del cookie<\/th><th>Informazioni sul fornitore<\/th><\/tr><tr><td>GOOGLE Inc.<\/td><td>Analisi statistica del sito web a livello di contabilizzazione di visitatori, pagine visitate, parole chiave utilizzate e simili.<\/td><td><a href=\"https:\/\/policies.google.com\/privacy?hl=es&amp;gl=es\" target=\"_blank\" rel=\"noreferrer noopener\">Politica di privacy<\/a><\/td><\/tr><\/tbody><\/table><\/figure>","protected":false},"excerpt":{"rendered":"<p>1. ANTECEDENTES De conformidad con la normativa espa\u00f1ola que regula el uso de cookies en relaci\u00f3n a la prestaci\u00f3n de servicios de comunicaciones electr\u00f3nicas, recogida en el Real Decreto Ley 13\/2012 del 30 de marzo, le informamos sobre las cookies utilizadas en el sitio web de SATINE y el motivo de su uso. Asimismo, le [&hellip;]<\/p>\n","protected":false},"author":1,"featured_media":0,"parent":0,"menu_order":0,"comment_status":"closed","ping_status":"closed","template":"","meta":{"footnotes":""},"class_list":["post-3710","page","type-page","status-publish","hentry"],"yoast_head":"<!-- This site is optimized with the Yoast SEO plugin v27.5 - https:\/\/yoast.com\/product\/yoast-seo-wordpress\/ -->\n<title>COOKIES - Satine<\/title>\n<meta name=\"robots\" content=\"index, follow, max-snippet:-1, max-image-preview:large, max-video-preview:-1\" \/>\n<link rel=\"canonical\" href=\"https:\/\/www.satine.com\/it\/biscotti\/\" \/>\n<meta property=\"og:locale\" content=\"it_IT\" \/>\n<meta property=\"og:type\" content=\"article\" \/>\n<meta property=\"og:title\" content=\"COOKIES - Satine\" \/>\n<meta property=\"og:description\" content=\"1. ANTECEDENTES De conformidad con la normativa espa\u00f1ola que regula el uso de cookies en relaci\u00f3n a la prestaci\u00f3n de servicios de comunicaciones electr\u00f3nicas, recogida en el Real Decreto Ley 13\/2012 del 30 de marzo, le informamos sobre las cookies utilizadas en el sitio web de SATINE y el motivo de su uso. Asimismo, le [&hellip;]\" \/>\n<meta property=\"og:url\" content=\"https:\/\/www.satine.com\/it\/biscotti\/\" \/>\n<meta property=\"og:site_name\" content=\"Satine\" \/>\n<meta name=\"twitter:card\" content=\"summary_large_image\" \/>\n<meta name=\"twitter:label1\" content=\"Tempo di lettura stimato\" \/>\n\t<meta name=\"twitter:data1\" content=\"5 minuti\" \/>\n<script type=\"application\/ld+json\" class=\"yoast-schema-graph\">{\"@context\":\"https:\\\/\\\/schema.org\",\"@graph\":[{\"@type\":\"WebPage\",\"@id\":\"https:\\\/\\\/www.satine.com\\\/cookies\\\/\",\"url\":\"https:\\\/\\\/www.satine.com\\\/cookies\\\/\",\"name\":\"COOKIES - Satine\",\"isPartOf\":{\"@id\":\"https:\\\/\\\/www.satine.com\\\/#website\"},\"datePublished\":\"2022-04-15T00:31:44+00:00\",\"breadcrumb\":{\"@id\":\"https:\\\/\\\/www.satine.com\\\/cookies\\\/#breadcrumb\"},\"inLanguage\":\"it-IT\",\"potentialAction\":[{\"@type\":\"ReadAction\",\"target\":[\"https:\\\/\\\/www.satine.com\\\/cookies\\\/\"]}]},{\"@type\":\"BreadcrumbList\",\"@id\":\"https:\\\/\\\/www.satine.com\\\/cookies\\\/#breadcrumb\",\"itemListElement\":[{\"@type\":\"ListItem\",\"position\":1,\"name\":\"Inicio\",\"item\":\"https:\\\/\\\/www.satine.com\\\/\"},{\"@type\":\"ListItem\",\"position\":2,\"name\":\"COOKIES\"}]},{\"@type\":\"WebSite\",\"@id\":\"https:\\\/\\\/www.satine.com\\\/#website\",\"url\":\"https:\\\/\\\/www.satine.com\\\/\",\"name\":\"Satine - Microcement\",\"description\":\"\",\"alternateName\":\"Satine - Microcement\",\"potentialAction\":[{\"@type\":\"SearchAction\",\"target\":{\"@type\":\"EntryPoint\",\"urlTemplate\":\"https:\\\/\\\/www.satine.com\\\/?s={search_term_string}\"},\"query-input\":{\"@type\":\"PropertyValueSpecification\",\"valueRequired\":true,\"valueName\":\"search_term_string\"}}],\"inLanguage\":\"it-IT\"}]}<\/script>\n<!-- \/ Yoast SEO plugin. -->","yoast_head_json":{"title":"COCCOLE - Satine","robots":{"index":"index","follow":"follow","max-snippet":"max-snippet:-1","max-image-preview":"max-image-preview:large","max-video-preview":"max-video-preview:-1"},"canonical":"https:\/\/www.satine.com\/it\/biscotti\/","og_locale":"it_IT","og_type":"article","og_title":"COOKIES - Satine","og_description":"1. ANTECEDENTES De conformidad con la normativa espa\u00f1ola que regula el uso de cookies en relaci\u00f3n a la prestaci\u00f3n de servicios de comunicaciones electr\u00f3nicas, recogida en el Real Decreto Ley 13\/2012 del 30 de marzo, le informamos sobre las cookies utilizadas en el sitio web de SATINE y el motivo de su uso. Asimismo, le [&hellip;]","og_url":"https:\/\/www.satine.com\/it\/biscotti\/","og_site_name":"Satine","twitter_card":"summary_large_image","twitter_misc":{"Tempo di lettura stimato":"5 minuti"},"schema":{"@context":"https:\/\/schema.org","@graph":[{"@type":"WebPage","@id":"https:\/\/www.satine.com\/cookies\/","url":"https:\/\/www.satine.com\/cookies\/","name":"COCCOLE - Satine","isPartOf":{"@id":"https:\/\/www.satine.com\/#website"},"datePublished":"2022-04-15T00:31:44+00:00","breadcrumb":{"@id":"https:\/\/www.satine.com\/cookies\/#breadcrumb"},"inLanguage":"it-IT","potentialAction":[{"@type":"ReadAction","target":["https:\/\/www.satine.com\/cookies\/"]}]},{"@type":"BreadcrumbList","@id":"https:\/\/www.satine.com\/cookies\/#breadcrumb","itemListElement":[{"@type":"ListItem","position":1,"name":"Inicio","item":"https:\/\/www.satine.com\/"},{"@type":"ListItem","position":2,"name":"COOKIES"}]},{"@type":"WebSite","@id":"https:\/\/www.satine.com\/#website","url":"https:\/\/www.satine.com\/","name":"Satine - Microcemento","description":"","alternateName":"Satine - Microcement","potentialAction":[{"@type":"SearchAction","target":{"@type":"EntryPoint","urlTemplate":"https:\/\/www.satine.com\/?s={search_term_string}"},"query-input":{"@type":"PropertyValueSpecification","valueRequired":true,"valueName":"search_term_string"}}],"inLanguage":"it-IT"}]}},"_links":{"self":[{"href":"https:\/\/www.satine.com\/it\/wp-json\/wp\/v2\/pages\/3710","targetHints":{"allow":["GET"]}}],"collection":[{"href":"https:\/\/www.satine.com\/it\/wp-json\/wp\/v2\/pages"}],"about":[{"href":"https:\/\/www.satine.com\/it\/wp-json\/wp\/v2\/types\/page"}],"author":[{"embeddable":true,"href":"https:\/\/www.satine.com\/it\/wp-json\/wp\/v2\/users\/1"}],"replies":[{"embeddable":true,"href":"https:\/\/www.satine.com\/it\/wp-json\/wp\/v2\/comments?post=3710"}],"version-history":[{"count":1,"href":"https:\/\/www.satine.com\/it\/wp-json\/wp\/v2\/pages\/3710\/revisions"}],"predecessor-version":[{"id":3711,"href":"https:\/\/www.satine.com\/it\/wp-json\/wp\/v2\/pages\/3710\/revisions\/3711"}],"wp:attachment":[{"href":"https:\/\/www.satine.com\/it\/wp-json\/wp\/v2\/media?parent=3710"}],"curies":[{"name":"wp","href":"https:\/\/api.w.org\/{rel}","templated":true}]}}