{"id":2811,"date":"2020-09-07T17:48:28","date_gmt":"2020-09-07T22:48:28","guid":{"rendered":"http:\/\/clapat.ro\/themes\/canela-wordpress\/?page_id=3"},"modified":"2024-07-30T08:38:18","modified_gmt":"2024-07-30T13:38:18","slug":"avviso-legale","status":"publish","type":"page","link":"https:\/\/www.satine.com\/it\/aviso-legal\/","title":{"rendered":"Aviso Legal"},"content":{"rendered":"<h2 class=\"wp-block-heading\"><\/h2>\n\n\n\n<h3 class=\"wp-block-heading\">1. DATI IDENTIFICATIVI<\/h3>\n\n\n\n<p class=\"legal\">En cumplimiento con el deber de informaci\u00f3n recogido en art\u00edculo 10 de la Ley 34\/2002, de 11 de julio, de Servicios de la Sociedad de la Informaci\u00f3n y del Comercio Electr\u00f3nico, a continuaci\u00f3n se reflejan los siguientes datos: la empresa titular de dominio web es Satine Factory S.L. (en adelante Satine), con domicilio a questi effetti in Carrer Coure, 16 -24, 12530, Burriana, Castell\u00f3n, numero di C.I.F.: B97543227 iscritto nel Registro Mercantil de Valencia al tomo 8083 general, libro 5375, secci\u00f3n 8, folio 179, Hoja V 103031. Indirizzo di posta elettronica: info@satine.es del sito web.<\/p>\n\n\n\n<h3 class=\"wp-block-heading\">2. USUARI<\/h3>\n\n\n\n<p class=\"legal\">L'accesso e\/o l'uso di questo portale di Satine \u00e8 soggetto alla condizione di USUARIO, che accetta, a partire da tale accesso e\/o uso, le Condiciones Generales de Uso qui riportate. Le citate Condiciones ser\u00e1n de aplicaci\u00f3n independientemente de las Condiciones Generales de Contrataci\u00f3n que en su caso resulten de obligado cumplimiento.<\/p>\n\n\n\n<h3 class=\"wp-block-heading\">3. USO DEL PORTALE<\/h3>\n\n\n\n<p class=\"legal\">www.satine.com offre l'accesso a una moltitudine di informazioni, servizi, programmi o dati (in seguito, \"i contenuti\") in Internet appartenenti a SATINE o ai suoi licenziatari a cui l'Utente pu\u00f2 accedere. L'UTENTE si assume la responsabilit\u00e0 dell'uso del portale. Tale responsabilit\u00e0 si estende al registro necessario per accedere a determinati servizi o contenuti.<br>In questo registro l'USUARIO \u00e8 responsabile di fornire informazioni veritiere e corrette. Come conseguenza di questo registro, all'USUARIO si potr\u00e0 fornire una contrase\u00f1a di cui si \u00e8 responsabili, compromettendosi a fare un uso diligente e confidenziale della stessa. L'UTENTE si impegna a fare un uso adeguato dei contenuti e dei servizi (come ad esempio servizi di chat, forum di discussione o gruppi di discussione) che Nombre de la empresa creadora del sitio web offre attraverso il suo portale e con carattere enunciativo ma non limitativo, a non impiegarli per (i) intraprendere attivit\u00e0 illecite, illegali o contrarie alla buona fede e all'ordine pubblico; (ii) diffondere contenuti o propaganda di carattere razzista, xenofobo, pornografico-ilegale, di apologia del terrorismo o di attentato contro i diritti umani; (iii) provocare danni ai sistemi f\u00edsici e l\u00f3gici di Nombre de la empresa creadora del sitio web, dei suoi fornitori o di terze persone, introdurre o diffondere nella rete virus inform\u00e1ticos o qualsiasi altro sistema f\u00edsico o l\u00f3gico che sia suscettibile di provocare i danni precedentemente menzionati; (iv) accedere e, nel suo caso, utilizzare i dati di posta elettronica di altri utenti e modificare i loro messaggi. Nombre de la empresa creadora del sitio web se reserva el derecho de retire todos aquellos comentarios y aportaciones que vulneren el respeto a la dignidad de la persona, que sean discriminatorios, xen\u00f3fobos, racistas, pornogr\u00e1ficos, que atenten contra la juventud o la infancia, el orden o la seguridad p\u00fablica o que, a su juicio, no resultaran adecuados para su publicaci\u00f3n. In ogni caso, Satine Stone non \u00e8 responsabile delle opinioni espresse dagli utenti attraverso i forum, le chat o altri strumenti di partecipazione.<\/p>\n\n\n\n<h3 class=\"wp-block-heading\">4. PROTEZIONE DEI DATI<\/h3>\n\n\n\n<p class=\"legal\">Satine rispetta le direttive della Ley Org\u00e1nica 15\/1999 de 13 de diciembre de Protecci\u00f3n de Datos de Car\u00e1cter Personal, el Real Decreto 1720\/2007 de 21 de diciembre por el que se aprueba el Reglamento de desarrollo de la Ley Org\u00e1nica y dem\u00e1s normativa vigente en cada momento, y vela por garantizar un correcto uso y tratamiento de los datos personales del usuario. A tal fine, accanto a ciascun modulo di recupero dei dati personali, nei servizi che l'utente pu\u00f2 richiedere all'indirizzo info@satine.es, si provveder\u00e0 a comunicare all'utente l'esistenza e l'accettazione delle condizioni particolari del trattamento dei suoi dati in ciascun caso, informarla della responsabilit\u00e0 del fichero creato, della direzione del responsabile, della possibilit\u00e0 di esercitare i suoi diritti di accesso, rettifica, cancellazione o opposizione, della finalit\u00e0 del trattamento e delle comunicazioni dei dati a terzi nel suo caso.<br>Inoltre, Satine Stone informa che, in base alla Ley 34\/2002 de 11 de julio, de Servicios de la Sociedad de la Informaci\u00f3n y el Comercio Electr\u00f3nico, sollecita il consenso al trattamento della sua posta elettronica a fini commerciali in qualsiasi momento.<\/p>\n\n\n\n<h3 class=\"wp-block-heading\">5. PROPRIET\u00c0 INTELLETTUALE E INDUSTRIA<\/h3>\n\n\n\n<p class=\"legal\">Satine in quanto tale o come cesionaria, \u00e8 titolare di tutti i diritti di propriet\u00e0 intellettuale e industriale della sua pagina web, nonch\u00e9 degli elementi contenuti nella stessa (a titolo enunciativo, immagini, suono, audio, video, software o testi; marchi o logotipi, combinazioni di colori, struttura e design, selezione dei materiali utilizzati, programmi di gestione necessari per il funzionamento, l'accesso e l'utilizzo, ecc.), la titolarit\u00e0 di Satine o dei suoi licenziatari.<br>Tutti i diritti riservati. In virt\u00f9 di quanto disposto dagli artt. 8 e 32.1, p\u00e1rrafo segundo, de la Ley de Propiedad Intelectual, sono espressamente proibite la riproduzione, la distribuzione e la comunicazione pubblica, inclusa la modalit\u00e0 di messa a disposizione, della totalit\u00e0 o di una parte dei contenuti di questa pagina web, con finalit\u00e0 commerciali, in qualsiasi luogo e per qualsiasi mezzo tecnico, senza l'autorizzazione di Satine. L'utente si impegna a rispettare i diritti di propriet\u00e0 intellettuale e industriale di Satine. Potr\u00e0 visualizzare gli elementi del portale e anche stamparli, copiarli e conservarli nel disco rigido del proprio computer o in qualsiasi altro supporto fisico, sempre e solo per uso personale e privato. L'UTENTE deve astenersi dal sostituire, alterare, eludere o manipolare qualsiasi dispositivo di protezione o sistema di sicurezza installato nelle pagine di Satine.<\/p>\n\n\n\n<h3 class=\"wp-block-heading\">6. ESCLUSIVIT\u00c0 DELLE GARANZIE E RESPONSABILIT\u00c0<\/h3>\n\n\n\n<p class=\"legal\">Satine non \u00e8 responsabile, in nessun caso, dei danni e delle lesioni di qualsiasi natura che potrebbero verificarsi, a titolo enunciativo: errores u omisiones en los contenidos, falta de disponibilidad del portal o la transmisi\u00f3n de virus o programas maliciosos o lesivos en los contenidos, a pesar de haber adoptado todas las medidas tecnol\u00f3gicas necesarias para evitarlo.<\/p>\n\n\n\n<h3 class=\"wp-block-heading\">7. MODIFICHE<\/h3>\n\n\n\n<p class=\"legal\">Satine si riserva il diritto di effettuare, senza preavviso, le modifiche che ritiene opportune nel suo portale, potendo cos\u00ec modificare, sostituire o aggiungere tanto i contenuti e i servizi offerti tramite il portale quanto la forma in cui essi vengono presentati o localizzati.<\/p>\n\n\n\n<h3 class=\"wp-block-heading\">8. AMIANTI<\/h3>\n\n\n\n<p class=\"legal\">Nel caso in cui su www.satine.com siano presenti link o hiperv\u00ednculos verso altri siti Internet, Satine non esercita alcun tipo di controllo su tali siti e contenuti. In nessun caso Satine si assume alcuna responsabilit\u00e0 per i contenuti di un link collegato a un sito web ajeno, n\u00e9 garantisce la disponibilit\u00e0 tecnica, la qualit\u00e0, la fedelt\u00e0, l'esattezza, l'ampiezza, la veridicit\u00e0, la validit\u00e0 e la costituzionalit\u00e0 di qualsiasi materiale o informazione contenuta in uno dei suddetti hipervincoli o altri siti Internet.<br>Inoltre, l'inclusione di queste connessioni esterne non implica alcun tipo di associazione, fusione o partecipazione con le entit\u00e0 collegate.<\/p>\n\n\n\n<h3 class=\"wp-block-heading\">9. DIRITTO DI ESCLUSIVA<\/h3>\n\n\n\n<p class=\"legal\">Satine si riserva il diritto di negare o ritirare l'accesso al portale e\/o ai servizi offerti senza necessit\u00e0 di preavviso, a titolo personale o di terzi, agli utenti che non rispettano le presenti condizioni generali di utilizzo.<\/p>\n\n\n\n<h3 class=\"wp-block-heading\">10. GENERALIDADES<\/h3>\n\n\n<p class=\"legal\">Satine perseguir\u00e0 l'inadempimento delle presenti condizioni, nonch\u00e9 qualsiasi utilizzo indebito del suo portale, esercitando tutte le azioni civili e penali che possono corrispondere in materia di diritto.<\/p>\n\n\n<h3 class=\"wp-block-heading\">11. MODIFICA DELLE ATTUALI CONDIZIONI E DURATA<\/h3>\n\n\n\n<p class=\"legal\">Satine pu\u00f2 modificare in qualsiasi momento le condizioni qui stabilite, essendo debidamente pubblicate cos\u00ec come appaiono qui.<br>La validit\u00e0 delle condizioni citate dipende dalla loro esposizione e rimarranno valide fino a quando non saranno debitamente pubblicate. che vengono modificate da altri.<\/p>\n\n\n\n<h3 class=\"wp-block-heading\">12. LEGISLAZIONE APPLICABILE E GIURISDIZIONE<\/h3>\n\n\n\n<p class=\"legal\">La relazione tra Satine e l'USUARIO \u00e8 regolata dalla normativa spagnola vigente e qualsiasi controversia sar\u00e0 sottoposta ai giudici e ai tribunali della citt\u00e0 di Valencia.<\/p>","protected":false},"excerpt":{"rendered":"<p>1. DATOS IDENTIFICATIVOS En cumplimiento con el deber de informaci\u00f3n recogido en art\u00edculo 10 de la Ley 34\/2002, de 11 de julio, de Servicios de la Sociedad de la Informaci\u00f3n y del Comercio Electr\u00f3nico, a continuaci\u00f3n se reflejan los siguientes datos: la empresa titular de dominio web es Satine Factory S.L. (en adelante Satine), con [&hellip;]<\/p>\n","protected":false},"author":1,"featured_media":0,"parent":0,"menu_order":0,"comment_status":"closed","ping_status":"closed","template":"","meta":{"footnotes":""},"class_list":["post-2811","page","type-page","status-publish","hentry"],"yoast_head":"<!-- This site is optimized with the Yoast SEO plugin v27.4 - https:\/\/yoast.com\/product\/yoast-seo-wordpress\/ -->\n<title>Aviso Legal - Satine<\/title>\n<meta name=\"robots\" content=\"index, follow, max-snippet:-1, max-image-preview:large, max-video-preview:-1\" \/>\n<link rel=\"canonical\" href=\"https:\/\/www.satine.com\/it\/avviso-legale\/\" \/>\n<meta property=\"og:locale\" content=\"it_IT\" \/>\n<meta property=\"og:type\" content=\"article\" \/>\n<meta property=\"og:title\" content=\"Aviso Legal - Satine\" \/>\n<meta property=\"og:description\" content=\"1. DATOS IDENTIFICATIVOS En cumplimiento con el deber de informaci\u00f3n recogido en art\u00edculo 10 de la Ley 34\/2002, de 11 de julio, de Servicios de la Sociedad de la Informaci\u00f3n y del Comercio Electr\u00f3nico, a continuaci\u00f3n se reflejan los siguientes datos: la empresa titular de dominio web es Satine Factory S.L. (en adelante Satine), con [&hellip;]\" \/>\n<meta property=\"og:url\" content=\"https:\/\/www.satine.com\/it\/avviso-legale\/\" \/>\n<meta property=\"og:site_name\" content=\"Satine\" \/>\n<meta property=\"article:modified_time\" content=\"2024-07-30T13:38:18+00:00\" \/>\n<meta name=\"twitter:card\" content=\"summary_large_image\" \/>\n<meta name=\"twitter:label1\" content=\"Tempo di lettura stimato\" \/>\n\t<meta name=\"twitter:data1\" content=\"6 minuti\" \/>\n<script type=\"application\/ld+json\" class=\"yoast-schema-graph\">{\"@context\":\"https:\\\/\\\/schema.org\",\"@graph\":[{\"@type\":\"WebPage\",\"@id\":\"https:\\\/\\\/www.satine.com\\\/aviso-legal\\\/\",\"url\":\"https:\\\/\\\/www.satine.com\\\/aviso-legal\\\/\",\"name\":\"Aviso Legal - Satine\",\"isPartOf\":{\"@id\":\"https:\\\/\\\/www.satine.com\\\/#website\"},\"datePublished\":\"2020-09-07T22:48:28+00:00\",\"dateModified\":\"2024-07-30T13:38:18+00:00\",\"breadcrumb\":{\"@id\":\"https:\\\/\\\/www.satine.com\\\/aviso-legal\\\/#breadcrumb\"},\"inLanguage\":\"it-IT\",\"potentialAction\":[{\"@type\":\"ReadAction\",\"target\":[\"https:\\\/\\\/www.satine.com\\\/aviso-legal\\\/\"]}]},{\"@type\":\"BreadcrumbList\",\"@id\":\"https:\\\/\\\/www.satine.com\\\/aviso-legal\\\/#breadcrumb\",\"itemListElement\":[{\"@type\":\"ListItem\",\"position\":1,\"name\":\"Inicio\",\"item\":\"https:\\\/\\\/www.satine.com\\\/\"},{\"@type\":\"ListItem\",\"position\":2,\"name\":\"Aviso Legal\"}]},{\"@type\":\"WebSite\",\"@id\":\"https:\\\/\\\/www.satine.com\\\/#website\",\"url\":\"https:\\\/\\\/www.satine.com\\\/\",\"name\":\"Satine - Microcement\",\"description\":\"\",\"alternateName\":\"Satine - Microcement\",\"potentialAction\":[{\"@type\":\"SearchAction\",\"target\":{\"@type\":\"EntryPoint\",\"urlTemplate\":\"https:\\\/\\\/www.satine.com\\\/?s={search_term_string}\"},\"query-input\":{\"@type\":\"PropertyValueSpecification\",\"valueRequired\":true,\"valueName\":\"search_term_string\"}}],\"inLanguage\":\"it-IT\"}]}<\/script>\n<!-- \/ Yoast SEO plugin. -->","yoast_head_json":{"title":"Aviso Legal - Satine","robots":{"index":"index","follow":"follow","max-snippet":"max-snippet:-1","max-image-preview":"max-image-preview:large","max-video-preview":"max-video-preview:-1"},"canonical":"https:\/\/www.satine.com\/it\/avviso-legale\/","og_locale":"it_IT","og_type":"article","og_title":"Aviso Legal - Satine","og_description":"1. DATOS IDENTIFICATIVOS En cumplimiento con el deber de informaci\u00f3n recogido en art\u00edculo 10 de la Ley 34\/2002, de 11 de julio, de Servicios de la Sociedad de la Informaci\u00f3n y del Comercio Electr\u00f3nico, a continuaci\u00f3n se reflejan los siguientes datos: la empresa titular de dominio web es Satine Factory S.L. (en adelante Satine), con [&hellip;]","og_url":"https:\/\/www.satine.com\/it\/avviso-legale\/","og_site_name":"Satine","article_modified_time":"2024-07-30T13:38:18+00:00","twitter_card":"summary_large_image","twitter_misc":{"Tempo di lettura stimato":"6 minuti"},"schema":{"@context":"https:\/\/schema.org","@graph":[{"@type":"WebPage","@id":"https:\/\/www.satine.com\/aviso-legal\/","url":"https:\/\/www.satine.com\/aviso-legal\/","name":"Aviso Legal - Satine","isPartOf":{"@id":"https:\/\/www.satine.com\/#website"},"datePublished":"2020-09-07T22:48:28+00:00","dateModified":"2024-07-30T13:38:18+00:00","breadcrumb":{"@id":"https:\/\/www.satine.com\/aviso-legal\/#breadcrumb"},"inLanguage":"it-IT","potentialAction":[{"@type":"ReadAction","target":["https:\/\/www.satine.com\/aviso-legal\/"]}]},{"@type":"BreadcrumbList","@id":"https:\/\/www.satine.com\/aviso-legal\/#breadcrumb","itemListElement":[{"@type":"ListItem","position":1,"name":"Inicio","item":"https:\/\/www.satine.com\/"},{"@type":"ListItem","position":2,"name":"Aviso Legal"}]},{"@type":"WebSite","@id":"https:\/\/www.satine.com\/#website","url":"https:\/\/www.satine.com\/","name":"Satine - Microcemento","description":"","alternateName":"Satine - Microcement","potentialAction":[{"@type":"SearchAction","target":{"@type":"EntryPoint","urlTemplate":"https:\/\/www.satine.com\/?s={search_term_string}"},"query-input":{"@type":"PropertyValueSpecification","valueRequired":true,"valueName":"search_term_string"}}],"inLanguage":"it-IT"}]}},"_links":{"self":[{"href":"https:\/\/www.satine.com\/it\/wp-json\/wp\/v2\/pages\/2811","targetHints":{"allow":["GET"]}}],"collection":[{"href":"https:\/\/www.satine.com\/it\/wp-json\/wp\/v2\/pages"}],"about":[{"href":"https:\/\/www.satine.com\/it\/wp-json\/wp\/v2\/types\/page"}],"author":[{"embeddable":true,"href":"https:\/\/www.satine.com\/it\/wp-json\/wp\/v2\/users\/1"}],"replies":[{"embeddable":true,"href":"https:\/\/www.satine.com\/it\/wp-json\/wp\/v2\/comments?post=2811"}],"version-history":[{"count":11,"href":"https:\/\/www.satine.com\/it\/wp-json\/wp\/v2\/pages\/2811\/revisions"}],"predecessor-version":[{"id":4618,"href":"https:\/\/www.satine.com\/it\/wp-json\/wp\/v2\/pages\/2811\/revisions\/4618"}],"wp:attachment":[{"href":"https:\/\/www.satine.com\/it\/wp-json\/wp\/v2\/media?parent=2811"}],"curies":[{"name":"wp","href":"https:\/\/api.w.org\/{rel}","templated":true}]}}