{"id":5968,"date":"2025-05-26T04:41:34","date_gmt":"2025-05-26T08:41:34","guid":{"rendered":"https:\/\/www.satine.com\/?page_id=5968"},"modified":"2025-05-26T04:41:35","modified_gmt":"2025-05-26T08:41:35","slug":"microcement-north-ayrshire","status":"publish","type":"page","link":"https:\/\/www.satine.com\/fr\/microcement-scotland\/microcement-north-ayrshire\/","title":{"rendered":"Microcement North Ayrshire"},"content":{"rendered":"<p>Nous avons d\u00e9velopp\u00e9 des projets avec du microciment tout au long de l'ann\u00e9e. <strong><strong>North Ayrshire:<\/strong> Irvine, Largs, Ardrossan, Saltcoats, Kilwinning <\/strong>entre autres. Nous sommes sp\u00e9cialis\u00e9s dans la r\u00e9novation de maisons et d'entreprises, o\u00f9 nos applicateurs certifi\u00e9s utilisent exclusivement les produits que nous fabriquons. La qualit\u00e9 de nos mat\u00e9riaux, la formation de nos applicateurs et l'exp\u00e9rience de notre \u00e9quipe de vente sont les caract\u00e9ristiques qui nous d\u00e9finissent le mieux. Nous sommes une marque bien \u00e9tablie, leader dans la production de microciment en Europe. Nous offrons des rev\u00eatements d\u00e9coratifs continus et durables, ainsi que des conseils techniques gratuits du d\u00e9but \u00e0 la fin du projet. Nous aimons \u00e9couter nos clients et les accompagner au-del\u00e0 de la construction pour r\u00e9pondre \u00e0 leurs besoins. Nous sommes experts dans la vente, la formation et l'application du microciment dans les domaines suivants <strong>North Ayrshire<\/strong>. Nos syst\u00e8mes s'adaptent aux besoins de chaque projet pour le rendre unique. Nous vous aidons \u00e0 concr\u00e9tiser vos projets rapidement et efficacement.<\/p>\n\n\n\n<h3 class=\"wp-block-heading\"><br><img decoding=\"async\" src=\"https:\/\/www.satine.com\/wp-content\/uploads\/2024\/07\/Microcemento-Satine-1024x1024.png\" alt=\"\"><br><br><strong>Qu'est-ce que le microciment ?<\/strong><\/h3>\n\n\n\n<p>Le microciment est un rev\u00eatement uniforme qui peut \u00eatre appliqu\u00e9 sur diff\u00e9rentes surfaces et environnements : murs, sols, plafonds, escaliers, salles de bains, piscines, cuisines, entre autres. Sa principale caract\u00e9ristique est qu'il permet d'\u00e9conomiser du temps et de l'argent par rapport \u00e0 d'autres rev\u00eatements, ce qui le rend tr\u00e8s populaire. Cette finition est compos\u00e9e de ciment, de r\u00e9sines, de pigments et d'additifs, et offre une finition unique gr\u00e2ce \u00e0 son application artisanale. Elle pr\u00e9sente une excellente adh\u00e9rence et peut \u00eatre utilis\u00e9e sur divers mat\u00e9riaux tels que le b\u00e9ton, les carreaux, la c\u00e9ramique, les plaques de pl\u00e2tre, le pl\u00e2tre, les m\u00e9taux, le marbre et la mosa\u00efque, entre autres. Ce rev\u00eatement fin, d'une \u00e9paisseur de 2 \u00e0 3 mm seulement, a pris de l'importance dans le domaine de la d\u00e9coration ces derni\u00e8res ann\u00e9es, car de plus en plus d'architectes, d'architectes d'int\u00e9rieur et de d\u00e9corateurs choisissent le microciment pour tous les types de r\u00e9novations de maisons et d'entreprises. L'absence de joints de dilatation permet d'obtenir une surface lisse et uniforme, qui conf\u00e8re espace, luminosit\u00e9 et \u00e9l\u00e9gance \u00e0 l'espace o\u00f9 elle est int\u00e9gr\u00e9e. L'absence de joints facilite \u00e9galement le nettoyage et l'entretien, en \u00e9vitant l'accumulation de salet\u00e9s.<\/p>\n\n\n\n<h3 class=\"wp-block-heading\"><br><strong>Contact Satine microcement in North Ayrshire<\/strong><\/h3>\n\n\n\n<p>Si vous souhaitez obtenir plus d'informations sur les microcr\u00e9ments Satine en <strong>North Ayrshire<\/strong>Si vous souhaitez obtenir un devis personnalis\u00e9 pour un projet ou un mat\u00e9riau, ou si vous avez des questions \u00e0 nous poser, contactez-nous.<\/p>","protected":false},"excerpt":{"rendered":"<p>We have been developing projects with microcement throughout North Ayrshire: Irvine, Largs, Ardrossan, Saltcoats, Kilwinning among other locations. We specialize in the renovation of homes and businesses, where our certified applicators exclusively use the products we manufacture. The quality of our materials, the training of our applicators, and the experience of our sales team are [&hellip;]<\/p>\n","protected":false},"author":1,"featured_media":0,"parent":5926,"menu_order":0,"comment_status":"closed","ping_status":"closed","template":"","meta":{"footnotes":""},"class_list":["post-5968","page","type-page","status-publish","hentry"],"yoast_head":"<!-- This site is optimized with the Yoast SEO plugin v27.3 - https:\/\/yoast.com\/product\/yoast-seo-wordpress\/ -->\n<title>Microcement North Ayrshire - Satine<\/title>\n<meta name=\"description\" content=\"We have been developing projects with microcement throughout North Ayrshire: Irvine, Largs, Ardrossan, Saltcoats, Kilwinning among other locations. We specialize in the renovation of homes and businesses, where our certified applicators exclusively use the products we manufacture.\" \/>\n<meta name=\"robots\" content=\"index, follow, max-snippet:-1, max-image-preview:large, max-video-preview:-1\" \/>\n<link rel=\"canonical\" href=\"https:\/\/www.satine.com\/fr\/microciment-scotland\/microcement-north-ayrshire\/\" \/>\n<meta property=\"og:locale\" content=\"fr_FR\" \/>\n<meta property=\"og:type\" content=\"article\" \/>\n<meta property=\"og:title\" content=\"Microcement North Ayrshire - Satine\" \/>\n<meta property=\"og:description\" content=\"We have been developing projects with microcement throughout North Ayrshire: Irvine, Largs, Ardrossan, Saltcoats, Kilwinning among other locations. We specialize in the renovation of homes and businesses, where our certified applicators exclusively use the products we manufacture.\" \/>\n<meta property=\"og:url\" content=\"https:\/\/www.satine.com\/fr\/microciment-scotland\/microcement-north-ayrshire\/\" \/>\n<meta property=\"og:site_name\" content=\"Satine\" \/>\n<meta property=\"article:modified_time\" content=\"2025-05-26T08:41:35+00:00\" \/>\n<meta property=\"og:image\" content=\"https:\/\/www.satine.com\/wp-content\/uploads\/2024\/07\/Microcemento-Satine-1024x1024.png\" \/>\n<meta name=\"twitter:card\" content=\"summary_large_image\" \/>\n<meta name=\"twitter:label1\" content=\"Dur\u00e9e de lecture estim\u00e9e\" \/>\n\t<meta name=\"twitter:data1\" content=\"2 minutes\" \/>\n<script type=\"application\/ld+json\" class=\"yoast-schema-graph\">{\"@context\":\"https:\\\/\\\/schema.org\",\"@graph\":[{\"@type\":\"WebPage\",\"@id\":\"https:\\\/\\\/www.satine.com\\\/microcement-scotland\\\/microcement-north-ayrshire\\\/\",\"url\":\"https:\\\/\\\/www.satine.com\\\/microcement-scotland\\\/microcement-north-ayrshire\\\/\",\"name\":\"Microcement North Ayrshire - Satine\",\"isPartOf\":{\"@id\":\"https:\\\/\\\/www.satine.com\\\/#website\"},\"primaryImageOfPage\":{\"@id\":\"https:\\\/\\\/www.satine.com\\\/microcement-scotland\\\/microcement-north-ayrshire\\\/#primaryimage\"},\"image\":{\"@id\":\"https:\\\/\\\/www.satine.com\\\/microcement-scotland\\\/microcement-north-ayrshire\\\/#primaryimage\"},\"thumbnailUrl\":\"https:\\\/\\\/www.satine.com\\\/wp-content\\\/uploads\\\/2024\\\/07\\\/Microcemento-Satine-1024x1024.png\",\"datePublished\":\"2025-05-26T08:41:34+00:00\",\"dateModified\":\"2025-05-26T08:41:35+00:00\",\"description\":\"We have been developing projects with microcement throughout North Ayrshire: Irvine, Largs, Ardrossan, Saltcoats, Kilwinning among other locations. We specialize in the renovation of homes and businesses, where our certified applicators exclusively use the products we manufacture.\",\"breadcrumb\":{\"@id\":\"https:\\\/\\\/www.satine.com\\\/microcement-scotland\\\/microcement-north-ayrshire\\\/#breadcrumb\"},\"inLanguage\":\"fr-FR\",\"potentialAction\":[{\"@type\":\"ReadAction\",\"target\":[\"https:\\\/\\\/www.satine.com\\\/microcement-scotland\\\/microcement-north-ayrshire\\\/\"]}]},{\"@type\":\"ImageObject\",\"inLanguage\":\"fr-FR\",\"@id\":\"https:\\\/\\\/www.satine.com\\\/microcement-scotland\\\/microcement-north-ayrshire\\\/#primaryimage\",\"url\":\"https:\\\/\\\/www.satine.com\\\/wp-content\\\/uploads\\\/2024\\\/07\\\/Microcemento-Satine-1024x1024.png\",\"contentUrl\":\"https:\\\/\\\/www.satine.com\\\/wp-content\\\/uploads\\\/2024\\\/07\\\/Microcemento-Satine-1024x1024.png\"},{\"@type\":\"BreadcrumbList\",\"@id\":\"https:\\\/\\\/www.satine.com\\\/microcement-scotland\\\/microcement-north-ayrshire\\\/#breadcrumb\",\"itemListElement\":[{\"@type\":\"ListItem\",\"position\":1,\"name\":\"Inicio\",\"item\":\"https:\\\/\\\/www.satine.com\\\/\"},{\"@type\":\"ListItem\",\"position\":2,\"name\":\"Microcement Scotland\",\"item\":\"https:\\\/\\\/www.satine.com\\\/microcement-scotland\\\/\"},{\"@type\":\"ListItem\",\"position\":3,\"name\":\"Microcement North Ayrshire\"}]},{\"@type\":\"WebSite\",\"@id\":\"https:\\\/\\\/www.satine.com\\\/#website\",\"url\":\"https:\\\/\\\/www.satine.com\\\/\",\"name\":\"Satine - Microcement\",\"description\":\"\",\"alternateName\":\"Satine - Microcement\",\"potentialAction\":[{\"@type\":\"SearchAction\",\"target\":{\"@type\":\"EntryPoint\",\"urlTemplate\":\"https:\\\/\\\/www.satine.com\\\/?s={search_term_string}\"},\"query-input\":{\"@type\":\"PropertyValueSpecification\",\"valueRequired\":true,\"valueName\":\"search_term_string\"}}],\"inLanguage\":\"fr-FR\"}]}<\/script>\n<!-- \/ Yoast SEO plugin. -->","yoast_head_json":{"title":"Microcement North Ayrshire - Satine","description":"We have been developing projects with microcement throughout North Ayrshire: Irvine, Largs, Ardrossan, Saltcoats, Kilwinning among other locations. We specialize in the renovation of homes and businesses, where our certified applicators exclusively use the products we manufacture.","robots":{"index":"index","follow":"follow","max-snippet":"max-snippet:-1","max-image-preview":"max-image-preview:large","max-video-preview":"max-video-preview:-1"},"canonical":"https:\/\/www.satine.com\/fr\/microciment-scotland\/microcement-north-ayrshire\/","og_locale":"fr_FR","og_type":"article","og_title":"Microcement North Ayrshire - Satine","og_description":"We have been developing projects with microcement throughout North Ayrshire: Irvine, Largs, Ardrossan, Saltcoats, Kilwinning among other locations. We specialize in the renovation of homes and businesses, where our certified applicators exclusively use the products we manufacture.","og_url":"https:\/\/www.satine.com\/fr\/microciment-scotland\/microcement-north-ayrshire\/","og_site_name":"Satine","article_modified_time":"2025-05-26T08:41:35+00:00","og_image":[{"url":"https:\/\/www.satine.com\/wp-content\/uploads\/2024\/07\/Microcemento-Satine-1024x1024.png","type":"","width":"","height":""}],"twitter_card":"summary_large_image","twitter_misc":{"Dur\u00e9e de lecture estim\u00e9e":"2 minutes"},"schema":{"@context":"https:\/\/schema.org","@graph":[{"@type":"WebPage","@id":"https:\/\/www.satine.com\/microcement-scotland\/microcement-north-ayrshire\/","url":"https:\/\/www.satine.com\/microcement-scotland\/microcement-north-ayrshire\/","name":"Microcement North Ayrshire - Satine","isPartOf":{"@id":"https:\/\/www.satine.com\/#website"},"primaryImageOfPage":{"@id":"https:\/\/www.satine.com\/microcement-scotland\/microcement-north-ayrshire\/#primaryimage"},"image":{"@id":"https:\/\/www.satine.com\/microcement-scotland\/microcement-north-ayrshire\/#primaryimage"},"thumbnailUrl":"https:\/\/www.satine.com\/wp-content\/uploads\/2024\/07\/Microcemento-Satine-1024x1024.png","datePublished":"2025-05-26T08:41:34+00:00","dateModified":"2025-05-26T08:41:35+00:00","description":"We have been developing projects with microcement throughout North Ayrshire: Irvine, Largs, Ardrossan, Saltcoats, Kilwinning among other locations. We specialize in the renovation of homes and businesses, where our certified applicators exclusively use the products we manufacture.","breadcrumb":{"@id":"https:\/\/www.satine.com\/microcement-scotland\/microcement-north-ayrshire\/#breadcrumb"},"inLanguage":"fr-FR","potentialAction":[{"@type":"ReadAction","target":["https:\/\/www.satine.com\/microcement-scotland\/microcement-north-ayrshire\/"]}]},{"@type":"ImageObject","inLanguage":"fr-FR","@id":"https:\/\/www.satine.com\/microcement-scotland\/microcement-north-ayrshire\/#primaryimage","url":"https:\/\/www.satine.com\/wp-content\/uploads\/2024\/07\/Microcemento-Satine-1024x1024.png","contentUrl":"https:\/\/www.satine.com\/wp-content\/uploads\/2024\/07\/Microcemento-Satine-1024x1024.png"},{"@type":"BreadcrumbList","@id":"https:\/\/www.satine.com\/microcement-scotland\/microcement-north-ayrshire\/#breadcrumb","itemListElement":[{"@type":"ListItem","position":1,"name":"Inicio","item":"https:\/\/www.satine.com\/"},{"@type":"ListItem","position":2,"name":"Microcement Scotland","item":"https:\/\/www.satine.com\/microcement-scotland\/"},{"@type":"ListItem","position":3,"name":"Microcement North Ayrshire"}]},{"@type":"WebSite","@id":"https:\/\/www.satine.com\/#website","url":"https:\/\/www.satine.com\/","name":"Satine - Microciment","description":"","alternateName":"Satine - Microcement","potentialAction":[{"@type":"SearchAction","target":{"@type":"EntryPoint","urlTemplate":"https:\/\/www.satine.com\/?s={search_term_string}"},"query-input":{"@type":"PropertyValueSpecification","valueRequired":true,"valueName":"search_term_string"}}],"inLanguage":"fr-FR"}]}},"_links":{"self":[{"href":"https:\/\/www.satine.com\/fr\/wp-json\/wp\/v2\/pages\/5968","targetHints":{"allow":["GET"]}}],"collection":[{"href":"https:\/\/www.satine.com\/fr\/wp-json\/wp\/v2\/pages"}],"about":[{"href":"https:\/\/www.satine.com\/fr\/wp-json\/wp\/v2\/types\/page"}],"author":[{"embeddable":true,"href":"https:\/\/www.satine.com\/fr\/wp-json\/wp\/v2\/users\/1"}],"replies":[{"embeddable":true,"href":"https:\/\/www.satine.com\/fr\/wp-json\/wp\/v2\/comments?post=5968"}],"version-history":[{"count":1,"href":"https:\/\/www.satine.com\/fr\/wp-json\/wp\/v2\/pages\/5968\/revisions"}],"predecessor-version":[{"id":5969,"href":"https:\/\/www.satine.com\/fr\/wp-json\/wp\/v2\/pages\/5968\/revisions\/5969"}],"up":[{"embeddable":true,"href":"https:\/\/www.satine.com\/fr\/wp-json\/wp\/v2\/pages\/5926"}],"wp:attachment":[{"href":"https:\/\/www.satine.com\/fr\/wp-json\/wp\/v2\/media?parent=5968"}],"curies":[{"name":"wp","href":"https:\/\/api.w.org\/{rel}","templated":true}]}}