{"id":5682,"date":"2025-01-29T06:13:40","date_gmt":"2025-01-29T11:13:40","guid":{"rendered":"https:\/\/www.satine.com\/?page_id=5682"},"modified":"2025-01-29T06:23:21","modified_gmt":"2025-01-29T11:23:21","slug":"microcement-stockholm-lan","status":"publish","type":"page","link":"https:\/\/www.satine.com\/fr\/microcement-sweden\/microcement-stockholm-lan\/","title":{"rendered":"Microcement Stockholm l\u00e4n"},"content":{"rendered":"<p id=\"block-fddfe453-0fd1-4d6a-93d9-4d3f79e5b873\">Nous avons d\u00e9velopp\u00e9 des projets avec du microciment tout au long de l'ann\u00e9e. <strong>Stockholm l\u00e4n<\/strong>: Estocolmo, S\u00f6dert\u00e4lje, Haninge, Nacka, Sollentuna among other locations. We specialize in the renovation of homes and businesses, where our certified applicators exclusively use the products we manufacture. The quality of our materials, the training of our applicators, and the experience of our sales team are the hallmarks that best define us. We are a well-established brand, leaders in the production of microcement in Europe. We offer continuous and durable decorative coverings, as well as free technical advice from the beginning to the end of the project. We like to listen to our clients and accompany them beyond the construction to meet their needs. We are experts in the sale, training, and application of microcement in <strong><strong><strong><strong>Stockholm l\u00e4n<\/strong><\/strong><\/strong><\/strong>.<strong> <\/strong>Nos syst\u00e8mes s'adaptent aux besoins de chaque projet pour le rendre unique. Nous vous aidons \u00e0 concr\u00e9tiser vos projets rapidement et efficacement.<\/p>\n\n\n\n<h3 class=\"wp-block-heading\" id=\"block-86bd5f1f-77ca-4f03-9e51-42ade90f20c2\"><br><img decoding=\"async\" src=\"https:\/\/www.satine.com\/wp-content\/uploads\/2024\/07\/Microcemento-Satine-1024x1024.png\" alt=\"\"><br><br><strong>Qu'est-ce que le microciment ?<\/strong><\/h3>\n\n\n\n<p id=\"block-1a45ce3c-70dc-46d1-ab1c-0e375cc8cc4f\">Le microciment est un rev\u00eatement uniforme qui peut \u00eatre appliqu\u00e9 sur diff\u00e9rentes surfaces et environnements : murs, sols, plafonds, escaliers, salles de bains, piscines, cuisines, entre autres. Sa principale caract\u00e9ristique est qu'il permet d'\u00e9conomiser du temps et de l'argent par rapport \u00e0 d'autres rev\u00eatements, ce qui le rend tr\u00e8s populaire. Cette finition est compos\u00e9e de ciment, de r\u00e9sines, de pigments et d'additifs, et offre une finition unique gr\u00e2ce \u00e0 son application artisanale. Elle pr\u00e9sente une excellente adh\u00e9rence et peut \u00eatre utilis\u00e9e sur divers mat\u00e9riaux tels que le b\u00e9ton, les carreaux, la c\u00e9ramique, les plaques de pl\u00e2tre, le pl\u00e2tre, les m\u00e9taux, le marbre et la mosa\u00efque, entre autres. Ce rev\u00eatement fin, d'une \u00e9paisseur de 2 \u00e0 3 mm seulement, a pris de l'importance dans le domaine de la d\u00e9coration ces derni\u00e8res ann\u00e9es, car de plus en plus d'architectes, d'architectes d'int\u00e9rieur et de d\u00e9corateurs choisissent le microciment pour tous les types de r\u00e9novations de maisons et d'entreprises. L'absence de joints de dilatation permet d'obtenir une surface lisse et uniforme, qui conf\u00e8re espace, luminosit\u00e9 et \u00e9l\u00e9gance \u00e0 l'espace o\u00f9 elle est int\u00e9gr\u00e9e. L'absence de joints facilite \u00e9galement le nettoyage et l'entretien, en \u00e9vitant l'accumulation de salet\u00e9s.<\/p>\n\n\n\n<h3 class=\"wp-block-heading\" id=\"block-4dc62d45-6ac1-44a6-94dc-1b4e9385f609\"><br><strong>Contact Satine microcement en <strong><strong><strong><strong>Stockholm l\u00e4n<\/strong><\/strong><\/strong><\/strong><\/strong><\/h3>\n\n\n\n<p id=\"block-8247123f-dd8f-4079-a0a8-273fbd2c5156\">Si vous souhaitez obtenir plus d'informations sur les microcr\u00e9ments Satine en <strong>Stockholm l\u00e4n<\/strong>Si vous souhaitez obtenir un devis personnalis\u00e9 pour un projet ou un mat\u00e9riau, ou si vous avez des questions \u00e0 nous poser, contactez-nous.<\/p>","protected":false},"excerpt":{"rendered":"<p>We have been developing projects with microcement throughout Stockholm l\u00e4n: Estocolmo, S\u00f6dert\u00e4lje, Haninge, Nacka, Sollentuna among other locations. We specialize in the renovation of homes and businesses, where our certified applicators exclusively use the products we manufacture. The quality of our materials, the training of our applicators, and the experience of our sales team are [&hellip;]<\/p>\n","protected":false},"author":1,"featured_media":0,"parent":4428,"menu_order":0,"comment_status":"closed","ping_status":"closed","template":"","meta":{"footnotes":""},"class_list":["post-5682","page","type-page","status-publish","hentry"],"yoast_head":"<!-- This site is optimized with the Yoast SEO plugin v27.3 - https:\/\/yoast.com\/product\/yoast-seo-wordpress\/ -->\n<title>Microcement Stockholm l\u00e4n - Satine<\/title>\n<meta name=\"description\" content=\"We have been developing projects with microcement throughout Stockholm l\u00e4n: Estocolmo, S\u00f6dert\u00e4lje, Haninge, Nacka, Sollentuna among other locations. We specialize in the renovation of homes and businesses, where our certified applicators exclusively use the products we manufacture.\" \/>\n<meta name=\"robots\" content=\"index, follow, max-snippet:-1, max-image-preview:large, max-video-preview:-1\" \/>\n<link rel=\"canonical\" href=\"https:\/\/www.satine.com\/fr\/microcement-sweden\/microcement-stockholm-lan\/\" \/>\n<meta property=\"og:locale\" content=\"fr_FR\" \/>\n<meta property=\"og:type\" content=\"article\" \/>\n<meta property=\"og:title\" content=\"Microcement Stockholm l\u00e4n - Satine\" \/>\n<meta property=\"og:description\" content=\"We have been developing projects with microcement throughout Stockholm l\u00e4n: Estocolmo, S\u00f6dert\u00e4lje, Haninge, Nacka, Sollentuna among other locations. We specialize in the renovation of homes and businesses, where our certified applicators exclusively use the products we manufacture.\" \/>\n<meta property=\"og:url\" content=\"https:\/\/www.satine.com\/fr\/microcement-sweden\/microcement-stockholm-lan\/\" \/>\n<meta property=\"og:site_name\" content=\"Satine\" \/>\n<meta property=\"article:modified_time\" content=\"2025-01-29T11:23:21+00:00\" \/>\n<meta property=\"og:image\" content=\"https:\/\/www.satine.com\/wp-content\/uploads\/2024\/07\/Microcemento-Satine-1024x1024.png\" \/>\n<meta name=\"twitter:card\" content=\"summary_large_image\" \/>\n<meta name=\"twitter:label1\" content=\"Dur\u00e9e de lecture estim\u00e9e\" \/>\n\t<meta name=\"twitter:data1\" content=\"2 minutes\" \/>\n<script type=\"application\/ld+json\" class=\"yoast-schema-graph\">{\"@context\":\"https:\\\/\\\/schema.org\",\"@graph\":[{\"@type\":\"WebPage\",\"@id\":\"https:\\\/\\\/www.satine.com\\\/microcement-sweden\\\/microcement-stockholm-lan\\\/\",\"url\":\"https:\\\/\\\/www.satine.com\\\/microcement-sweden\\\/microcement-stockholm-lan\\\/\",\"name\":\"Microcement Stockholm l\u00e4n - Satine\",\"isPartOf\":{\"@id\":\"https:\\\/\\\/www.satine.com\\\/#website\"},\"primaryImageOfPage\":{\"@id\":\"https:\\\/\\\/www.satine.com\\\/microcement-sweden\\\/microcement-stockholm-lan\\\/#primaryimage\"},\"image\":{\"@id\":\"https:\\\/\\\/www.satine.com\\\/microcement-sweden\\\/microcement-stockholm-lan\\\/#primaryimage\"},\"thumbnailUrl\":\"https:\\\/\\\/www.satine.com\\\/wp-content\\\/uploads\\\/2024\\\/07\\\/Microcemento-Satine-1024x1024.png\",\"datePublished\":\"2025-01-29T11:13:40+00:00\",\"dateModified\":\"2025-01-29T11:23:21+00:00\",\"description\":\"We have been developing projects with microcement throughout Stockholm l\u00e4n: Estocolmo, S\u00f6dert\u00e4lje, Haninge, Nacka, Sollentuna among other locations. We specialize in the renovation of homes and businesses, where our certified applicators exclusively use the products we manufacture.\",\"breadcrumb\":{\"@id\":\"https:\\\/\\\/www.satine.com\\\/microcement-sweden\\\/microcement-stockholm-lan\\\/#breadcrumb\"},\"inLanguage\":\"fr-FR\",\"potentialAction\":[{\"@type\":\"ReadAction\",\"target\":[\"https:\\\/\\\/www.satine.com\\\/microcement-sweden\\\/microcement-stockholm-lan\\\/\"]}]},{\"@type\":\"ImageObject\",\"inLanguage\":\"fr-FR\",\"@id\":\"https:\\\/\\\/www.satine.com\\\/microcement-sweden\\\/microcement-stockholm-lan\\\/#primaryimage\",\"url\":\"https:\\\/\\\/www.satine.com\\\/wp-content\\\/uploads\\\/2024\\\/07\\\/Microcemento-Satine-1024x1024.png\",\"contentUrl\":\"https:\\\/\\\/www.satine.com\\\/wp-content\\\/uploads\\\/2024\\\/07\\\/Microcemento-Satine-1024x1024.png\"},{\"@type\":\"BreadcrumbList\",\"@id\":\"https:\\\/\\\/www.satine.com\\\/microcement-sweden\\\/microcement-stockholm-lan\\\/#breadcrumb\",\"itemListElement\":[{\"@type\":\"ListItem\",\"position\":1,\"name\":\"Inicio\",\"item\":\"https:\\\/\\\/www.satine.com\\\/\"},{\"@type\":\"ListItem\",\"position\":2,\"name\":\"Microcement Sweden\",\"item\":\"https:\\\/\\\/www.satine.com\\\/microcement-sweden\\\/\"},{\"@type\":\"ListItem\",\"position\":3,\"name\":\"Microcement Stockholm l\u00e4n\"}]},{\"@type\":\"WebSite\",\"@id\":\"https:\\\/\\\/www.satine.com\\\/#website\",\"url\":\"https:\\\/\\\/www.satine.com\\\/\",\"name\":\"Satine - Microcement\",\"description\":\"\",\"alternateName\":\"Satine - Microcement\",\"potentialAction\":[{\"@type\":\"SearchAction\",\"target\":{\"@type\":\"EntryPoint\",\"urlTemplate\":\"https:\\\/\\\/www.satine.com\\\/?s={search_term_string}\"},\"query-input\":{\"@type\":\"PropertyValueSpecification\",\"valueRequired\":true,\"valueName\":\"search_term_string\"}}],\"inLanguage\":\"fr-FR\"}]}<\/script>\n<!-- \/ Yoast SEO plugin. -->","yoast_head_json":{"title":"Microcement Stockholm l\u00e4n - Satine","description":"We have been developing projects with microcement throughout Stockholm l\u00e4n: Estocolmo, S\u00f6dert\u00e4lje, Haninge, Nacka, Sollentuna among other locations. We specialize in the renovation of homes and businesses, where our certified applicators exclusively use the products we manufacture.","robots":{"index":"index","follow":"follow","max-snippet":"max-snippet:-1","max-image-preview":"max-image-preview:large","max-video-preview":"max-video-preview:-1"},"canonical":"https:\/\/www.satine.com\/fr\/microcement-sweden\/microcement-stockholm-lan\/","og_locale":"fr_FR","og_type":"article","og_title":"Microcement Stockholm l\u00e4n - Satine","og_description":"We have been developing projects with microcement throughout Stockholm l\u00e4n: Estocolmo, S\u00f6dert\u00e4lje, Haninge, Nacka, Sollentuna among other locations. We specialize in the renovation of homes and businesses, where our certified applicators exclusively use the products we manufacture.","og_url":"https:\/\/www.satine.com\/fr\/microcement-sweden\/microcement-stockholm-lan\/","og_site_name":"Satine","article_modified_time":"2025-01-29T11:23:21+00:00","og_image":[{"url":"https:\/\/www.satine.com\/wp-content\/uploads\/2024\/07\/Microcemento-Satine-1024x1024.png","type":"","width":"","height":""}],"twitter_card":"summary_large_image","twitter_misc":{"Dur\u00e9e de lecture estim\u00e9e":"2 minutes"},"schema":{"@context":"https:\/\/schema.org","@graph":[{"@type":"WebPage","@id":"https:\/\/www.satine.com\/microcement-sweden\/microcement-stockholm-lan\/","url":"https:\/\/www.satine.com\/microcement-sweden\/microcement-stockholm-lan\/","name":"Microcement Stockholm l\u00e4n - Satine","isPartOf":{"@id":"https:\/\/www.satine.com\/#website"},"primaryImageOfPage":{"@id":"https:\/\/www.satine.com\/microcement-sweden\/microcement-stockholm-lan\/#primaryimage"},"image":{"@id":"https:\/\/www.satine.com\/microcement-sweden\/microcement-stockholm-lan\/#primaryimage"},"thumbnailUrl":"https:\/\/www.satine.com\/wp-content\/uploads\/2024\/07\/Microcemento-Satine-1024x1024.png","datePublished":"2025-01-29T11:13:40+00:00","dateModified":"2025-01-29T11:23:21+00:00","description":"We have been developing projects with microcement throughout Stockholm l\u00e4n: Estocolmo, S\u00f6dert\u00e4lje, Haninge, Nacka, Sollentuna among other locations. We specialize in the renovation of homes and businesses, where our certified applicators exclusively use the products we manufacture.","breadcrumb":{"@id":"https:\/\/www.satine.com\/microcement-sweden\/microcement-stockholm-lan\/#breadcrumb"},"inLanguage":"fr-FR","potentialAction":[{"@type":"ReadAction","target":["https:\/\/www.satine.com\/microcement-sweden\/microcement-stockholm-lan\/"]}]},{"@type":"ImageObject","inLanguage":"fr-FR","@id":"https:\/\/www.satine.com\/microcement-sweden\/microcement-stockholm-lan\/#primaryimage","url":"https:\/\/www.satine.com\/wp-content\/uploads\/2024\/07\/Microcemento-Satine-1024x1024.png","contentUrl":"https:\/\/www.satine.com\/wp-content\/uploads\/2024\/07\/Microcemento-Satine-1024x1024.png"},{"@type":"BreadcrumbList","@id":"https:\/\/www.satine.com\/microcement-sweden\/microcement-stockholm-lan\/#breadcrumb","itemListElement":[{"@type":"ListItem","position":1,"name":"Inicio","item":"https:\/\/www.satine.com\/"},{"@type":"ListItem","position":2,"name":"Microcement Sweden","item":"https:\/\/www.satine.com\/microcement-sweden\/"},{"@type":"ListItem","position":3,"name":"Microcement Stockholm l\u00e4n"}]},{"@type":"WebSite","@id":"https:\/\/www.satine.com\/#website","url":"https:\/\/www.satine.com\/","name":"Satine - Microciment","description":"","alternateName":"Satine - Microcement","potentialAction":[{"@type":"SearchAction","target":{"@type":"EntryPoint","urlTemplate":"https:\/\/www.satine.com\/?s={search_term_string}"},"query-input":{"@type":"PropertyValueSpecification","valueRequired":true,"valueName":"search_term_string"}}],"inLanguage":"fr-FR"}]}},"_links":{"self":[{"href":"https:\/\/www.satine.com\/fr\/wp-json\/wp\/v2\/pages\/5682","targetHints":{"allow":["GET"]}}],"collection":[{"href":"https:\/\/www.satine.com\/fr\/wp-json\/wp\/v2\/pages"}],"about":[{"href":"https:\/\/www.satine.com\/fr\/wp-json\/wp\/v2\/types\/page"}],"author":[{"embeddable":true,"href":"https:\/\/www.satine.com\/fr\/wp-json\/wp\/v2\/users\/1"}],"replies":[{"embeddable":true,"href":"https:\/\/www.satine.com\/fr\/wp-json\/wp\/v2\/comments?post=5682"}],"version-history":[{"count":1,"href":"https:\/\/www.satine.com\/fr\/wp-json\/wp\/v2\/pages\/5682\/revisions"}],"predecessor-version":[{"id":5683,"href":"https:\/\/www.satine.com\/fr\/wp-json\/wp\/v2\/pages\/5682\/revisions\/5683"}],"up":[{"embeddable":true,"href":"https:\/\/www.satine.com\/fr\/wp-json\/wp\/v2\/pages\/4428"}],"wp:attachment":[{"href":"https:\/\/www.satine.com\/fr\/wp-json\/wp\/v2\/media?parent=5682"}],"curies":[{"name":"wp","href":"https:\/\/api.w.org\/{rel}","templated":true}]}}