{"id":5431,"date":"2024-09-26T04:10:33","date_gmt":"2024-09-26T08:10:33","guid":{"rendered":"https:\/\/www.satine.com\/?page_id=5431"},"modified":"2024-09-26T04:20:21","modified_gmt":"2024-09-26T08:20:21","slug":"durabilite-du-microciment","status":"publish","type":"page","link":"https:\/\/www.satine.com\/fr\/microcement\/durability-of-microcement\/","title":{"rendered":"Durabilit\u00e9 du microciment"},"content":{"rendered":"<p id=\"tw-target-text\"><\/p>\n\n\n\n<h2 class=\"wp-block-heading\">Durabilit\u00e9 des <a href=\"https:\/\/www.satine.com\/microcement\">Microciment<\/a>: <a href=\"https:\/\/www.satine.com\/microcement\/advantages-of-microcement\">Avantages<\/a>Avantages et utilisations<\/h2>\n\n\n\n<p>Le microciment a gagn\u00e9 en popularit\u00e9 gr\u00e2ce \u00e0 ses finitions \u00e9l\u00e9gantes et continues et \u00e0 sa polyvalence dans les applications int\u00e9rieures et ext\u00e9rieures. L'une des questions les plus importantes concernant ce mat\u00e9riau innovant est celle de son efficacit\u00e9.&nbsp;<strong>la durabilit\u00e9<\/strong>. Lorsqu'il est appliqu\u00e9 correctement et entretenu correctement, le microciment peut offrir une longue dur\u00e9e de vie, comparable ou m\u00eame sup\u00e9rieure \u00e0 celle de mat\u00e9riaux plus traditionnels tels que les tuiles ou le b\u00e9ton.<\/p>\n\n\n\n<h3 class=\"wp-block-heading\">Qu'est-ce qui rend le microciment durable ?<\/h3>\n\n\n\n<p>La durabilit\u00e9 du microciment est due \u00e0 plusieurs facteurs cl\u00e9s :<\/p>\n\n\n\n<ol class=\"wp-block-list\">\n<li><strong>Composition du mat\u00e9riau<\/strong>: Le microciment est principalement compos\u00e9 d'un m\u00e9lange de ciment, de polym\u00e8res, de pigments et d'additifs. Une fois combin\u00e9s, ces ingr\u00e9dients cr\u00e9ent une couche mince mais extr\u00eamement r\u00e9sistante qui adh\u00e8re parfaitement \u00e0 une vari\u00e9t\u00e9 de surfaces. L'ajout de polym\u00e8res conf\u00e8re au mat\u00e9riau une certaine flexibilit\u00e9, ce qui permet d'\u00e9viter les fissures et autres formes d'usure qui pourraient r\u00e9duire sa long\u00e9vit\u00e9.<\/li>\n\n\n\n<li><strong>Application en couche mince<\/strong>: Contrairement \u00e0 d'autres mat\u00e9riaux qui n\u00e9cessitent des couches \u00e9paisses pour assurer leur durabilit\u00e9, le microciment atteint des niveaux \u00e9lev\u00e9s de r\u00e9sistance avec seulement quelques millim\u00e8tres d'\u00e9paisseur (g\u00e9n\u00e9ralement entre 2 et 3 mm). Cela en fait une option id\u00e9ale pour les r\u00e9novations rapides, car il peut \u00eatre appliqu\u00e9 directement sur les mat\u00e9riaux existants sans qu'il soit n\u00e9cessaire de l'enlever.<\/li>\n\n\n\n<li><strong>Forte adh\u00e9rence<\/strong>: L'une des principales caract\u00e9ristiques du microciment est son excellente adh\u00e9rence \u00e0 diverses surfaces, notamment le carrelage, le b\u00e9ton, le pl\u00e2tre et m\u00eame le bois. Cette forte adh\u00e9rence garantit qu'une fois appliqu\u00e9 correctement, le microciment ne se d\u00e9collera pas et ne formera pas de poches d'air qui pourraient compromettre sa durabilit\u00e9 dans le temps.<\/li>\n\n\n\n<li><strong>R\u00e9sistance au trafic et \u00e0 l'usure<\/strong>: Le microciment est tr\u00e8s r\u00e9sistant au trafic pi\u00e9tonnier, ce qui le rend id\u00e9al pour les zones tr\u00e8s fr\u00e9quent\u00e9es telles que les cuisines, les salles de bains, les bureaux et les espaces commerciaux. Lorsqu'il est correctement scell\u00e9, le mat\u00e9riau devient r\u00e9sistant aux chocs, aux rayures et \u00e0 l'abrasion, ce qui contribue \u00e0 sa longue dur\u00e9e de vie.<\/li>\n<\/ol>\n\n\n\n<div style=\"height:29px\" aria-hidden=\"true\" class=\"wp-block-spacer\"><\/div>\n\n\n\n<figure class=\"wp-block-image size-large is-resized\"><img loading=\"lazy\" decoding=\"async\" width=\"1024\" height=\"684\" src=\"https:\/\/www.satine.com\/wp-content\/uploads\/2024\/09\/FOTO-PIGMENTO-INSTAGRAM-AMAZON-1024x684.jpg\" alt=\"\" class=\"wp-image-5432\" style=\"aspect-ratio:16\/9;object-fit:cover;width:1600px\" srcset=\"https:\/\/www.satine.com\/wp-content\/uploads\/2024\/09\/FOTO-PIGMENTO-INSTAGRAM-AMAZON-1024x684.jpg 1024w, https:\/\/www.satine.com\/wp-content\/uploads\/2024\/09\/FOTO-PIGMENTO-INSTAGRAM-AMAZON-300x200.jpg 300w, https:\/\/www.satine.com\/wp-content\/uploads\/2024\/09\/FOTO-PIGMENTO-INSTAGRAM-AMAZON-768x513.jpg 768w, https:\/\/www.satine.com\/wp-content\/uploads\/2024\/09\/FOTO-PIGMENTO-INSTAGRAM-AMAZON-1536x1026.jpg 1536w, https:\/\/www.satine.com\/wp-content\/uploads\/2024\/09\/FOTO-PIGMENTO-INSTAGRAM-AMAZON-2048x1368.jpg 2048w, https:\/\/www.satine.com\/wp-content\/uploads\/2024\/09\/FOTO-PIGMENTO-INSTAGRAM-AMAZON-18x12.jpg 18w\" sizes=\"auto, (max-width: 1024px) 100vw, 1024px\" \/><\/figure>\n\n\n\n<div style=\"height:29px\" aria-hidden=\"true\" class=\"wp-block-spacer\"><\/div>\n\n\n\n<h3 class=\"wp-block-heading\">Facteurs affectant la durabilit\u00e9 du microciment<\/h3>\n\n\n\n<p>Bien que le microciment soit un mat\u00e9riau robuste, sa long\u00e9vit\u00e9 peut \u00eatre influenc\u00e9e par plusieurs facteurs, principalement li\u00e9s \u00e0&nbsp;<strong>la qualit\u00e9 des produits<\/strong>,&nbsp;<strong>techniques d'application<\/strong>et&nbsp;<strong>pratiques d'entretien<\/strong>:<\/p>\n\n\n\n<ol class=\"wp-block-list\">\n<li><strong>Qualit\u00e9 du microciment<\/strong>: Tous les microciments ne se valent pas. Les marques r\u00e9put\u00e9es sont soumises \u00e0 des contr\u00f4les de qualit\u00e9 rigoureux pour s'assurer que les bonnes proportions de r\u00e9sines et d'additifs sont incluses dans le m\u00e9lange, ce qui garantit une plus grande r\u00e9sistance et une plus grande durabilit\u00e9.<\/li>\n\n\n\n<li><strong>Application professionnelle<\/strong>: Le processus d'application est essentiel pour la durabilit\u00e9 du microciment. Si la pr\u00e9paration de la surface est mauvaise, si les couches sont mal appliqu\u00e9es ou si le mastic n'est pas correctement utilis\u00e9, la dur\u00e9e de vie du microciment peut \u00eatre consid\u00e9rablement r\u00e9duite, entra\u00eenant l'apparition de fissures ou une usure pr\u00e9matur\u00e9e. Il est essentiel de faire appel \u00e0 des professionnels exp\u00e9riment\u00e9s pour une installation correcte.<\/li>\n\n\n\n<li><strong>Entretien ad\u00e9quat<\/strong>: Bien que le microciment soit un mat\u00e9riau qui n\u00e9cessite peu d'entretien, il est n\u00e9cessaire d'en prendre soin pour en pr\u00e9server l'aspect et la fonctionnalit\u00e9. Un nettoyage r\u00e9gulier avec des nettoyants \u00e0 pH neutre, en \u00e9vitant les produits chimiques agressifs, et une nouvelle vitrification de la surface tous les deux ans sont essentiels pour prolonger sa dur\u00e9e de vie. Pour les zones tr\u00e8s fr\u00e9quent\u00e9es, l'application d'une couche de cire protectrice peut am\u00e9liorer la finition et prot\u00e9ger la surface de l'usure.<\/li>\n\n\n\n<li><strong>Exposition \u00e0 des conditions extr\u00eames<\/strong>: En ext\u00e9rieur, la durabilit\u00e9 du microciment peut \u00eatre affect\u00e9e par une exposition constante \u00e0 des \u00e9l\u00e9ments tels que la lumi\u00e8re solaire intense, les fluctuations de temp\u00e9rature ou l'humidit\u00e9. Toutefois, des produits sp\u00e9cialement con\u00e7us pour une utilisation en ext\u00e9rieur, ainsi qu'un scellement appropri\u00e9, peuvent am\u00e9liorer de mani\u00e8re significative sa r\u00e9sistance \u00e0 ces conditions.<\/li>\n<\/ol>\n\n\n\n<h3 class=\"wp-block-heading\">Durabilit\u00e9 dans diff\u00e9rentes applications<\/h3>\n\n\n\n<p>La long\u00e9vit\u00e9 du microciment varie l\u00e9g\u00e8rement en fonction de l'endroit o\u00f9 il est appliqu\u00e9 :<\/p>\n\n\n\n<ul class=\"wp-block-list\">\n<li><strong>Planchers<\/strong>: Avec un entretien r\u00e9gulier, les sols en microciment peuvent durer de 40 \u00e0 50 ans, en particulier dans les zones \u00e0 trafic moyen ou \u00e9lev\u00e9. Un rebouchage de la surface tous les deux ou trois ans permet de la prot\u00e9ger contre l'usure.<\/li>\n\n\n\n<li><strong>Murs<\/strong>: Les murs \u00e9tant moins expos\u00e9s \u00e0 l'usure que les sols, le microciment appliqu\u00e9 sur les murs peut durer encore plus longtemps. Sa surface sans joint ni raccord permet \u00e9galement d'\u00e9viter l'accumulation d'humidit\u00e9 ou de salet\u00e9, ce qui prolonge encore sa dur\u00e9e de vie.<\/li>\n\n\n\n<li><strong>Ext\u00e9rieurs<\/strong>: Lorsqu'il est utilis\u00e9 dans des espaces ext\u00e9rieurs tels que des terrasses ou des fa\u00e7ades, la dur\u00e9e de vie du microciment d\u00e9pend du climat et de l'exposition aux \u00e9l\u00e9ments. Le microciment con\u00e7u sp\u00e9cifiquement pour l'ext\u00e9rieur, associ\u00e9 \u00e0 une \u00e9tanch\u00e9it\u00e9 appropri\u00e9e, peut supporter de nombreuses ann\u00e9es d'exposition \u00e0 la pluie, au soleil et aux changements de temp\u00e9rature.<\/li>\n<\/ul>\n\n\n\n<p><\/p>","protected":false},"excerpt":{"rendered":"<p>Durability of Microcement: Advantages, Benefits and Uses Microcement has surged in popularity for its sleek, continuous finishes and versatility in both interior and exterior applications. One of the most important questions surrounding this innovative material is its&nbsp;durability. When applied properly and maintained correctly, microcement can offer a long lifespan, comparable to or even surpassing more [&hellip;]<\/p>\n","protected":false},"author":1,"featured_media":0,"parent":2814,"menu_order":0,"comment_status":"closed","ping_status":"closed","template":"","meta":{"footnotes":""},"class_list":["post-5431","page","type-page","status-publish","hentry"],"yoast_head":"<!-- This site is optimized with the Yoast SEO plugin v27.5 - https:\/\/yoast.com\/product\/yoast-seo-wordpress\/ -->\n<title>Durability of Microcement - Satine<\/title>\n<meta name=\"description\" content=\"Learn about the long-lasting durability of microcement and the key factors that ensure its longevity in floors, walls, and outdoor spaces. Discover how proper application, maintenance, and advanced formulations make microcement a top choice for modern, seamless surfaces.\" \/>\n<meta name=\"robots\" content=\"index, follow, max-snippet:-1, max-image-preview:large, max-video-preview:-1\" \/>\n<link rel=\"canonical\" href=\"https:\/\/www.satine.com\/fr\/microciment\/durabilite-du-microciment\/\" \/>\n<meta property=\"og:locale\" content=\"fr_FR\" \/>\n<meta property=\"og:type\" content=\"article\" \/>\n<meta property=\"og:title\" content=\"Durability of Microcement - Satine\" \/>\n<meta property=\"og:description\" content=\"Learn about the long-lasting durability of microcement and the key factors that ensure its longevity in floors, walls, and outdoor spaces. Discover how proper application, maintenance, and advanced formulations make microcement a top choice for modern, seamless surfaces.\" \/>\n<meta property=\"og:url\" content=\"https:\/\/www.satine.com\/fr\/microciment\/durabilite-du-microciment\/\" \/>\n<meta property=\"og:site_name\" content=\"Satine\" \/>\n<meta property=\"article:modified_time\" content=\"2024-09-26T08:20:21+00:00\" \/>\n<meta property=\"og:image\" content=\"https:\/\/www.satine.com\/wp-content\/uploads\/2024\/09\/FOTO-PIGMENTO-INSTAGRAM-AMAZON-1024x684.jpg\" \/>\n<meta name=\"twitter:card\" content=\"summary_large_image\" \/>\n<meta name=\"twitter:label1\" content=\"Dur\u00e9e de lecture estim\u00e9e\" \/>\n\t<meta name=\"twitter:data1\" content=\"3 minutes\" \/>\n<script type=\"application\/ld+json\" class=\"yoast-schema-graph\">{\"@context\":\"https:\\\/\\\/schema.org\",\"@graph\":[{\"@type\":\"WebPage\",\"@id\":\"https:\\\/\\\/www.satine.com\\\/microcement\\\/durability-of-microcement\\\/\",\"url\":\"https:\\\/\\\/www.satine.com\\\/microcement\\\/durability-of-microcement\\\/\",\"name\":\"Durability of Microcement - Satine\",\"isPartOf\":{\"@id\":\"https:\\\/\\\/www.satine.com\\\/#website\"},\"primaryImageOfPage\":{\"@id\":\"https:\\\/\\\/www.satine.com\\\/microcement\\\/durability-of-microcement\\\/#primaryimage\"},\"image\":{\"@id\":\"https:\\\/\\\/www.satine.com\\\/microcement\\\/durability-of-microcement\\\/#primaryimage\"},\"thumbnailUrl\":\"https:\\\/\\\/www.satine.com\\\/wp-content\\\/uploads\\\/2024\\\/09\\\/FOTO-PIGMENTO-INSTAGRAM-AMAZON-1024x684.jpg\",\"datePublished\":\"2024-09-26T08:10:33+00:00\",\"dateModified\":\"2024-09-26T08:20:21+00:00\",\"description\":\"Learn about the long-lasting durability of microcement and the key factors that ensure its longevity in floors, walls, and outdoor spaces. Discover how proper application, maintenance, and advanced formulations make microcement a top choice for modern, seamless surfaces.\",\"breadcrumb\":{\"@id\":\"https:\\\/\\\/www.satine.com\\\/microcement\\\/durability-of-microcement\\\/#breadcrumb\"},\"inLanguage\":\"fr-FR\",\"potentialAction\":[{\"@type\":\"ReadAction\",\"target\":[\"https:\\\/\\\/www.satine.com\\\/microcement\\\/durability-of-microcement\\\/\"]}]},{\"@type\":\"ImageObject\",\"inLanguage\":\"fr-FR\",\"@id\":\"https:\\\/\\\/www.satine.com\\\/microcement\\\/durability-of-microcement\\\/#primaryimage\",\"url\":\"https:\\\/\\\/www.satine.com\\\/wp-content\\\/uploads\\\/2024\\\/09\\\/FOTO-PIGMENTO-INSTAGRAM-AMAZON-1024x684.jpg\",\"contentUrl\":\"https:\\\/\\\/www.satine.com\\\/wp-content\\\/uploads\\\/2024\\\/09\\\/FOTO-PIGMENTO-INSTAGRAM-AMAZON-1024x684.jpg\"},{\"@type\":\"BreadcrumbList\",\"@id\":\"https:\\\/\\\/www.satine.com\\\/microcement\\\/durability-of-microcement\\\/#breadcrumb\",\"itemListElement\":[{\"@type\":\"ListItem\",\"position\":1,\"name\":\"Inicio\",\"item\":\"https:\\\/\\\/www.satine.com\\\/\"},{\"@type\":\"ListItem\",\"position\":2,\"name\":\"Microcement\",\"item\":\"https:\\\/\\\/www.satine.com\\\/microcement\\\/\"},{\"@type\":\"ListItem\",\"position\":3,\"name\":\"Durability of Microcement\"}]},{\"@type\":\"WebSite\",\"@id\":\"https:\\\/\\\/www.satine.com\\\/#website\",\"url\":\"https:\\\/\\\/www.satine.com\\\/\",\"name\":\"Satine - Microcement\",\"description\":\"\",\"alternateName\":\"Satine - Microcement\",\"potentialAction\":[{\"@type\":\"SearchAction\",\"target\":{\"@type\":\"EntryPoint\",\"urlTemplate\":\"https:\\\/\\\/www.satine.com\\\/?s={search_term_string}\"},\"query-input\":{\"@type\":\"PropertyValueSpecification\",\"valueRequired\":true,\"valueName\":\"search_term_string\"}}],\"inLanguage\":\"fr-FR\"}]}<\/script>\n<!-- \/ Yoast SEO plugin. -->","yoast_head_json":{"title":"Durabilit\u00e9 du microciment - Satine","description":"D\u00e9couvrez la durabilit\u00e9 du microciment et les facteurs cl\u00e9s qui garantissent sa long\u00e9vit\u00e9 dans les sols, les murs et les espaces ext\u00e9rieurs. D\u00e9couvrez comment une application et un entretien appropri\u00e9s, ainsi que des formulations avanc\u00e9es, font du microciment un choix de premier ordre pour des surfaces modernes et sans joints.","robots":{"index":"index","follow":"follow","max-snippet":"max-snippet:-1","max-image-preview":"max-image-preview:large","max-video-preview":"max-video-preview:-1"},"canonical":"https:\/\/www.satine.com\/fr\/microciment\/durabilite-du-microciment\/","og_locale":"fr_FR","og_type":"article","og_title":"Durability of Microcement - Satine","og_description":"Learn about the long-lasting durability of microcement and the key factors that ensure its longevity in floors, walls, and outdoor spaces. Discover how proper application, maintenance, and advanced formulations make microcement a top choice for modern, seamless surfaces.","og_url":"https:\/\/www.satine.com\/fr\/microciment\/durabilite-du-microciment\/","og_site_name":"Satine","article_modified_time":"2024-09-26T08:20:21+00:00","og_image":[{"url":"https:\/\/www.satine.com\/wp-content\/uploads\/2024\/09\/FOTO-PIGMENTO-INSTAGRAM-AMAZON-1024x684.jpg","type":"","width":"","height":""}],"twitter_card":"summary_large_image","twitter_misc":{"Dur\u00e9e de lecture estim\u00e9e":"3 minutes"},"schema":{"@context":"https:\/\/schema.org","@graph":[{"@type":"WebPage","@id":"https:\/\/www.satine.com\/microcement\/durability-of-microcement\/","url":"https:\/\/www.satine.com\/microcement\/durability-of-microcement\/","name":"Durabilit\u00e9 du microciment - Satine","isPartOf":{"@id":"https:\/\/www.satine.com\/#website"},"primaryImageOfPage":{"@id":"https:\/\/www.satine.com\/microcement\/durability-of-microcement\/#primaryimage"},"image":{"@id":"https:\/\/www.satine.com\/microcement\/durability-of-microcement\/#primaryimage"},"thumbnailUrl":"https:\/\/www.satine.com\/wp-content\/uploads\/2024\/09\/FOTO-PIGMENTO-INSTAGRAM-AMAZON-1024x684.jpg","datePublished":"2024-09-26T08:10:33+00:00","dateModified":"2024-09-26T08:20:21+00:00","description":"D\u00e9couvrez la durabilit\u00e9 du microciment et les facteurs cl\u00e9s qui garantissent sa long\u00e9vit\u00e9 dans les sols, les murs et les espaces ext\u00e9rieurs. D\u00e9couvrez comment une application et un entretien appropri\u00e9s, ainsi que des formulations avanc\u00e9es, font du microciment un choix de premier ordre pour des surfaces modernes et sans joints.","breadcrumb":{"@id":"https:\/\/www.satine.com\/microcement\/durability-of-microcement\/#breadcrumb"},"inLanguage":"fr-FR","potentialAction":[{"@type":"ReadAction","target":["https:\/\/www.satine.com\/microcement\/durability-of-microcement\/"]}]},{"@type":"ImageObject","inLanguage":"fr-FR","@id":"https:\/\/www.satine.com\/microcement\/durability-of-microcement\/#primaryimage","url":"https:\/\/www.satine.com\/wp-content\/uploads\/2024\/09\/FOTO-PIGMENTO-INSTAGRAM-AMAZON-1024x684.jpg","contentUrl":"https:\/\/www.satine.com\/wp-content\/uploads\/2024\/09\/FOTO-PIGMENTO-INSTAGRAM-AMAZON-1024x684.jpg"},{"@type":"BreadcrumbList","@id":"https:\/\/www.satine.com\/microcement\/durability-of-microcement\/#breadcrumb","itemListElement":[{"@type":"ListItem","position":1,"name":"Inicio","item":"https:\/\/www.satine.com\/"},{"@type":"ListItem","position":2,"name":"Microcement","item":"https:\/\/www.satine.com\/microcement\/"},{"@type":"ListItem","position":3,"name":"Durability of Microcement"}]},{"@type":"WebSite","@id":"https:\/\/www.satine.com\/#website","url":"https:\/\/www.satine.com\/","name":"Satine - Microciment","description":"","alternateName":"Satine - Microcement","potentialAction":[{"@type":"SearchAction","target":{"@type":"EntryPoint","urlTemplate":"https:\/\/www.satine.com\/?s={search_term_string}"},"query-input":{"@type":"PropertyValueSpecification","valueRequired":true,"valueName":"search_term_string"}}],"inLanguage":"fr-FR"}]}},"_links":{"self":[{"href":"https:\/\/www.satine.com\/fr\/wp-json\/wp\/v2\/pages\/5431","targetHints":{"allow":["GET"]}}],"collection":[{"href":"https:\/\/www.satine.com\/fr\/wp-json\/wp\/v2\/pages"}],"about":[{"href":"https:\/\/www.satine.com\/fr\/wp-json\/wp\/v2\/types\/page"}],"author":[{"embeddable":true,"href":"https:\/\/www.satine.com\/fr\/wp-json\/wp\/v2\/users\/1"}],"replies":[{"embeddable":true,"href":"https:\/\/www.satine.com\/fr\/wp-json\/wp\/v2\/comments?post=5431"}],"version-history":[{"count":2,"href":"https:\/\/www.satine.com\/fr\/wp-json\/wp\/v2\/pages\/5431\/revisions"}],"predecessor-version":[{"id":5434,"href":"https:\/\/www.satine.com\/fr\/wp-json\/wp\/v2\/pages\/5431\/revisions\/5434"}],"up":[{"embeddable":true,"href":"https:\/\/www.satine.com\/fr\/wp-json\/wp\/v2\/pages\/2814"}],"wp:attachment":[{"href":"https:\/\/www.satine.com\/fr\/wp-json\/wp\/v2\/media?parent=5431"}],"curies":[{"name":"wp","href":"https:\/\/api.w.org\/{rel}","templated":true}]}}