{"id":5428,"date":"2024-09-26T02:57:07","date_gmt":"2024-09-26T06:57:07","guid":{"rendered":"https:\/\/www.satine.com\/?page_id=5428"},"modified":"2024-09-26T04:11:45","modified_gmt":"2024-09-26T08:11:45","slug":"histoire-du-microciment","status":"publish","type":"page","link":"https:\/\/www.satine.com\/fr\/microcement\/history-of-microcement\/","title":{"rendered":"Histoire du microciment"},"content":{"rendered":"<h2 class=\"wp-block-heading\"><strong>Histoire de la <a href=\"https:\/\/www.satine.com\/microcement\">Microciment<\/a>: Un voyage \u00e0 travers son \u00e9volution<\/strong><\/h2>\n\n\n\n<p>Le microciment, un mat\u00e9riau moderne et de plus en plus populaire pour les rev\u00eatements de surface et la d\u00e9coration, a une histoire relativement courte mais marquante dans les secteurs de la construction et de la d\u00e9coration d'int\u00e9rieur. Connu pour sa polyvalence, sa durabilit\u00e9 et son esth\u00e9tique \u00e9pur\u00e9e, le microciment est pass\u00e9 du statut de mat\u00e9riau industriel \u00e0 celui d'\u00e9l\u00e9ment cl\u00e9 des projets architecturaux contemporains. Mais d'o\u00f9 vient cette innovation et comment a-t-elle \u00e9volu\u00e9 pour devenir une pierre angulaire du design moderne ?<\/p>\n\n\n\n<h3 class=\"wp-block-heading\">Origine du microciment<\/h3>\n\n\n\n<p>Le d\u00e9veloppement du microciment a commenc\u00e9 au milieu du 20\u00e8me si\u00e8cle, \u00e9mergeant d'un besoin de rev\u00eatements de surface durables mais esth\u00e9tiquement attrayants dans les environnements industriels. Les origines remontent aux \u00c9tats-Unis, o\u00f9 l'industrie de la construction \u00e9tait de plus en plus \u00e0 la recherche de mat\u00e9riaux capables d'offrir r\u00e9sistance et durabilit\u00e9 tout en \u00e9tant plus faciles \u00e0 appliquer que les options traditionnelles telles que les carreaux ou le pl\u00e2tre.<\/p>\n\n\n\n<p>L'innovation cl\u00e9 qui a conduit \u00e0 la cr\u00e9ation du microciment a \u00e9t\u00e9 la combinaison du ciment Portland avec des polym\u00e8res synth\u00e9tiques. Cette combinaison a donn\u00e9 naissance \u00e0 un produit hautement adh\u00e9sif et flexible qui pouvait \u00eatre appliqu\u00e9 en couches tr\u00e8s fines. Ce nouveau mat\u00e9riau \u00e9tait parfait pour cr\u00e9er des surfaces lisses et sans joints qui adh\u00e9raient bien aux substrats existants, notamment le b\u00e9ton, le carrelage ou m\u00eame le bois.<\/p>\n\n\n\n<h3 class=\"wp-block-heading\">Popularisation en Europe<\/h3>\n\n\n\n<p>Dans les ann\u00e9es 1980 et 1990, le microciment s'est impos\u00e9 en Europe, en particulier dans des pays \u00e0 l'avant-garde du design comme l'Espagne et l'Italie. Les architectes et les designers europ\u00e9ens, connus pour leur approche avant-gardiste du minimalisme et de l'esth\u00e9tique moderne, ont rapidement adopt\u00e9 le microciment pour sa polyvalence et ses finitions nettes et continues. Il est devenu particuli\u00e8rement populaire dans les projets commerciaux et r\u00e9sidentiels haut de gamme, o\u00f9 la demande d'espaces modernes et sophistiqu\u00e9s exigeait des mat\u00e9riaux innovants.<\/p>\n\n\n\n<p>Au cours de cette p\u00e9riode, le microciment a \u00e9t\u00e9 utilis\u00e9 dans toute une s\u00e9rie de nouvelles applications, telles que les rev\u00eatements de sol, les murs et les plans de travail. Il est \u00e9galement devenu un mat\u00e9riau privil\u00e9gi\u00e9 pour les salles de bains et les cuisines en raison de ses capacit\u00e9s d'imperm\u00e9abilisation lorsqu'il est correctement scell\u00e9, ce qui en fait un choix naturel pour les zones humides. En outre, la finition sans joints du microciment lui conf\u00e8re un avantage par rapport \u00e0 des mat\u00e9riaux plus traditionnels tels que les carreaux, en r\u00e9duisant le risque d'accumulation de moisissures et de salet\u00e9s.<\/p>\n\n\n\n<h3 class=\"wp-block-heading\">Progr\u00e8s technologiques<\/h3>\n\n\n\n<p>La demande de microciment a augment\u00e9 en m\u00eame temps que les progr\u00e8s technologiques li\u00e9s \u00e0 sa production et \u00e0 son application. Aujourd'hui, les formulations modernes sont plus durables, plus r\u00e9sistantes \u00e0 l'eau et aux taches, et offrent une large gamme de couleurs et de finitions. De nombreuses entreprises produisent d\u00e9sormais des versions \u00e9cologiques du microciment, r\u00e9pondant ainsi \u00e0 la demande croissante de mat\u00e9riaux de construction durables.<\/p>\n\n\n\n<p>Diff\u00e9rents types de microciment ont \u00e9galement \u00e9t\u00e9 d\u00e9velopp\u00e9s pour r\u00e9pondre \u00e0 des besoins sp\u00e9cifiques : produits monocomposants, bicomposants et pr\u00eats \u00e0 l'emploi, tous con\u00e7us pour simplifier le processus d'application et rendre le mat\u00e9riau accessible tant aux professionnels qu'aux bricoleurs. Ces am\u00e9liorations de la composition ont \u00e9galement permis d'accro\u00eetre les performances en termes de flexibilit\u00e9, d'adh\u00e9rence et de long\u00e9vit\u00e9.<\/p>\n\n\n\n<div style=\"height:30px\" aria-hidden=\"true\" class=\"wp-block-spacer\"><\/div>\n\n\n\n<figure class=\"wp-block-image size-large is-resized\"><img loading=\"lazy\" decoding=\"async\" width=\"1024\" height=\"736\" src=\"https:\/\/www.satine.com\/wp-content\/uploads\/2024\/09\/Captura-de-pantalla-2024-09-17-a-las-13.01.20-3-1024x736.png\" alt=\"\" class=\"wp-image-5429\" style=\"aspect-ratio:16\/9;object-fit:cover;width:1600px\" srcset=\"https:\/\/www.satine.com\/wp-content\/uploads\/2024\/09\/Captura-de-pantalla-2024-09-17-a-las-13.01.20-3-1024x736.png 1024w, https:\/\/www.satine.com\/wp-content\/uploads\/2024\/09\/Captura-de-pantalla-2024-09-17-a-las-13.01.20-3-300x216.png 300w, https:\/\/www.satine.com\/wp-content\/uploads\/2024\/09\/Captura-de-pantalla-2024-09-17-a-las-13.01.20-3-768x552.png 768w, https:\/\/www.satine.com\/wp-content\/uploads\/2024\/09\/Captura-de-pantalla-2024-09-17-a-las-13.01.20-3-1536x1104.png 1536w, https:\/\/www.satine.com\/wp-content\/uploads\/2024\/09\/Captura-de-pantalla-2024-09-17-a-las-13.01.20-3-2048x1471.png 2048w, https:\/\/www.satine.com\/wp-content\/uploads\/2024\/09\/Captura-de-pantalla-2024-09-17-a-las-13.01.20-3-18x12.png 18w\" sizes=\"auto, (max-width: 1024px) 100vw, 1024px\" \/><\/figure>\n\n\n\n<div style=\"height:30px\" aria-hidden=\"true\" class=\"wp-block-spacer\"><\/div>\n\n\n\n<h3 class=\"wp-block-heading\">Le microciment dans le design contemporain<\/h3>\n\n\n\n<p>Aujourd'hui, le microciment est devenu un mat\u00e9riau de choix pour les architectes et les concepteurs du monde entier. Il est utilis\u00e9 non seulement dans les espaces r\u00e9sidentiels, mais aussi dans les propri\u00e9t\u00e9s commerciales, les h\u00f4tels, les restaurants et m\u00eame les espaces ext\u00e9rieurs tels que les patios et les piscines. Son adaptabilit\u00e9 et son aspect moderne en ont fait un mat\u00e9riau de pr\u00e9dilection pour la cr\u00e9ation de designs minimalistes, industriels et contemporains.<\/p>\n\n\n\n<p>Avec des innovations constantes en mati\u00e8re de texture, de finition et de couleur, le microciment reste un mat\u00e9riau de premier plan dans le monde de l'architecture. Depuis ses d\u00e9buts en tant que solution industrielle, <a href=\"https:\/\/www.satinstone.com\">microciment<\/a> est devenu une option luxueuse mais pratique pour cr\u00e9er des surfaces sans couture, belles et durables.<\/p>","protected":false},"excerpt":{"rendered":"<p>History of Microcement: A Journey Through Its Evolution Microcement, a modern and increasingly popular material for surface coating and decoration, has a relatively short but impactful history in the construction and interior design industries. Known for its versatility, durability, and sleek aesthetic, microcement has transformed from an industrial material to a key element in contemporary [&hellip;]<\/p>\n","protected":false},"author":1,"featured_media":0,"parent":2814,"menu_order":0,"comment_status":"closed","ping_status":"closed","template":"","meta":{"footnotes":""},"class_list":["post-5428","page","type-page","status-publish","hentry"],"yoast_head":"<!-- This site is optimized with the Yoast SEO plugin v27.5 - https:\/\/yoast.com\/product\/yoast-seo-wordpress\/ -->\n<title>History of Microcement - Satine<\/title>\n<meta name=\"description\" content=\"Discover the history of microcement, from its industrial origins to its rise as a top material in modern design. Learn how this versatile, seamless coating transformed architecture and interior design worldwide.\" \/>\n<meta name=\"robots\" content=\"index, follow, max-snippet:-1, max-image-preview:large, max-video-preview:-1\" \/>\n<link rel=\"canonical\" href=\"https:\/\/www.satine.com\/fr\/microciment\/histoire-du-microciment\/\" \/>\n<meta property=\"og:locale\" content=\"fr_FR\" \/>\n<meta property=\"og:type\" content=\"article\" \/>\n<meta property=\"og:title\" content=\"History of Microcement - Satine\" \/>\n<meta property=\"og:description\" content=\"Discover the history of microcement, from its industrial origins to its rise as a top material in modern design. Learn how this versatile, seamless coating transformed architecture and interior design worldwide.\" \/>\n<meta property=\"og:url\" content=\"https:\/\/www.satine.com\/fr\/microciment\/histoire-du-microciment\/\" \/>\n<meta property=\"og:site_name\" content=\"Satine\" \/>\n<meta property=\"article:modified_time\" content=\"2024-09-26T08:11:45+00:00\" \/>\n<meta property=\"og:image\" content=\"https:\/\/www.satine.com\/wp-content\/uploads\/2024\/09\/Captura-de-pantalla-2024-09-17-a-las-13.01.20-3-1024x736.png\" \/>\n<meta name=\"twitter:card\" content=\"summary_large_image\" \/>\n<meta name=\"twitter:label1\" content=\"Dur\u00e9e de lecture estim\u00e9e\" \/>\n\t<meta name=\"twitter:data1\" content=\"3 minutes\" \/>\n<script type=\"application\/ld+json\" class=\"yoast-schema-graph\">{\"@context\":\"https:\\\/\\\/schema.org\",\"@graph\":[{\"@type\":\"WebPage\",\"@id\":\"https:\\\/\\\/www.satine.com\\\/microcement\\\/history-of-microcement\\\/\",\"url\":\"https:\\\/\\\/www.satine.com\\\/microcement\\\/history-of-microcement\\\/\",\"name\":\"History of Microcement - Satine\",\"isPartOf\":{\"@id\":\"https:\\\/\\\/www.satine.com\\\/#website\"},\"primaryImageOfPage\":{\"@id\":\"https:\\\/\\\/www.satine.com\\\/microcement\\\/history-of-microcement\\\/#primaryimage\"},\"image\":{\"@id\":\"https:\\\/\\\/www.satine.com\\\/microcement\\\/history-of-microcement\\\/#primaryimage\"},\"thumbnailUrl\":\"https:\\\/\\\/www.satine.com\\\/wp-content\\\/uploads\\\/2024\\\/09\\\/Captura-de-pantalla-2024-09-17-a-las-13.01.20-3-1024x736.png\",\"datePublished\":\"2024-09-26T06:57:07+00:00\",\"dateModified\":\"2024-09-26T08:11:45+00:00\",\"description\":\"Discover the history of microcement, from its industrial origins to its rise as a top material in modern design. Learn how this versatile, seamless coating transformed architecture and interior design worldwide.\",\"breadcrumb\":{\"@id\":\"https:\\\/\\\/www.satine.com\\\/microcement\\\/history-of-microcement\\\/#breadcrumb\"},\"inLanguage\":\"fr-FR\",\"potentialAction\":[{\"@type\":\"ReadAction\",\"target\":[\"https:\\\/\\\/www.satine.com\\\/microcement\\\/history-of-microcement\\\/\"]}]},{\"@type\":\"ImageObject\",\"inLanguage\":\"fr-FR\",\"@id\":\"https:\\\/\\\/www.satine.com\\\/microcement\\\/history-of-microcement\\\/#primaryimage\",\"url\":\"https:\\\/\\\/www.satine.com\\\/wp-content\\\/uploads\\\/2024\\\/09\\\/Captura-de-pantalla-2024-09-17-a-las-13.01.20-3-1024x736.png\",\"contentUrl\":\"https:\\\/\\\/www.satine.com\\\/wp-content\\\/uploads\\\/2024\\\/09\\\/Captura-de-pantalla-2024-09-17-a-las-13.01.20-3-1024x736.png\"},{\"@type\":\"BreadcrumbList\",\"@id\":\"https:\\\/\\\/www.satine.com\\\/microcement\\\/history-of-microcement\\\/#breadcrumb\",\"itemListElement\":[{\"@type\":\"ListItem\",\"position\":1,\"name\":\"Inicio\",\"item\":\"https:\\\/\\\/www.satine.com\\\/\"},{\"@type\":\"ListItem\",\"position\":2,\"name\":\"Microcement\",\"item\":\"https:\\\/\\\/www.satine.com\\\/microcement\\\/\"},{\"@type\":\"ListItem\",\"position\":3,\"name\":\"History of Microcement\"}]},{\"@type\":\"WebSite\",\"@id\":\"https:\\\/\\\/www.satine.com\\\/#website\",\"url\":\"https:\\\/\\\/www.satine.com\\\/\",\"name\":\"Satine - Microcement\",\"description\":\"\",\"alternateName\":\"Satine - Microcement\",\"potentialAction\":[{\"@type\":\"SearchAction\",\"target\":{\"@type\":\"EntryPoint\",\"urlTemplate\":\"https:\\\/\\\/www.satine.com\\\/?s={search_term_string}\"},\"query-input\":{\"@type\":\"PropertyValueSpecification\",\"valueRequired\":true,\"valueName\":\"search_term_string\"}}],\"inLanguage\":\"fr-FR\"}]}<\/script>\n<!-- \/ Yoast SEO plugin. -->","yoast_head_json":{"title":"Histoire du microciment - Satine","description":"D\u00e9couvrez l'histoire du microciment, de ses origines industrielles \u00e0 sa mont\u00e9e en puissance en tant que mat\u00e9riau de pointe dans le design moderne. Apprenez comment ce rev\u00eatement polyvalent et sans joint a transform\u00e9 l'architecture et la d\u00e9coration int\u00e9rieure dans le monde entier.","robots":{"index":"index","follow":"follow","max-snippet":"max-snippet:-1","max-image-preview":"max-image-preview:large","max-video-preview":"max-video-preview:-1"},"canonical":"https:\/\/www.satine.com\/fr\/microciment\/histoire-du-microciment\/","og_locale":"fr_FR","og_type":"article","og_title":"History of Microcement - Satine","og_description":"Discover the history of microcement, from its industrial origins to its rise as a top material in modern design. Learn how this versatile, seamless coating transformed architecture and interior design worldwide.","og_url":"https:\/\/www.satine.com\/fr\/microciment\/histoire-du-microciment\/","og_site_name":"Satine","article_modified_time":"2024-09-26T08:11:45+00:00","og_image":[{"url":"https:\/\/www.satine.com\/wp-content\/uploads\/2024\/09\/Captura-de-pantalla-2024-09-17-a-las-13.01.20-3-1024x736.png","type":"","width":"","height":""}],"twitter_card":"summary_large_image","twitter_misc":{"Dur\u00e9e de lecture estim\u00e9e":"3 minutes"},"schema":{"@context":"https:\/\/schema.org","@graph":[{"@type":"WebPage","@id":"https:\/\/www.satine.com\/microcement\/history-of-microcement\/","url":"https:\/\/www.satine.com\/microcement\/history-of-microcement\/","name":"Histoire du microciment - Satine","isPartOf":{"@id":"https:\/\/www.satine.com\/#website"},"primaryImageOfPage":{"@id":"https:\/\/www.satine.com\/microcement\/history-of-microcement\/#primaryimage"},"image":{"@id":"https:\/\/www.satine.com\/microcement\/history-of-microcement\/#primaryimage"},"thumbnailUrl":"https:\/\/www.satine.com\/wp-content\/uploads\/2024\/09\/Captura-de-pantalla-2024-09-17-a-las-13.01.20-3-1024x736.png","datePublished":"2024-09-26T06:57:07+00:00","dateModified":"2024-09-26T08:11:45+00:00","description":"D\u00e9couvrez l'histoire du microciment, de ses origines industrielles \u00e0 sa mont\u00e9e en puissance en tant que mat\u00e9riau de pointe dans le design moderne. Apprenez comment ce rev\u00eatement polyvalent et sans joint a transform\u00e9 l'architecture et la d\u00e9coration int\u00e9rieure dans le monde entier.","breadcrumb":{"@id":"https:\/\/www.satine.com\/microcement\/history-of-microcement\/#breadcrumb"},"inLanguage":"fr-FR","potentialAction":[{"@type":"ReadAction","target":["https:\/\/www.satine.com\/microcement\/history-of-microcement\/"]}]},{"@type":"ImageObject","inLanguage":"fr-FR","@id":"https:\/\/www.satine.com\/microcement\/history-of-microcement\/#primaryimage","url":"https:\/\/www.satine.com\/wp-content\/uploads\/2024\/09\/Captura-de-pantalla-2024-09-17-a-las-13.01.20-3-1024x736.png","contentUrl":"https:\/\/www.satine.com\/wp-content\/uploads\/2024\/09\/Captura-de-pantalla-2024-09-17-a-las-13.01.20-3-1024x736.png"},{"@type":"BreadcrumbList","@id":"https:\/\/www.satine.com\/microcement\/history-of-microcement\/#breadcrumb","itemListElement":[{"@type":"ListItem","position":1,"name":"Inicio","item":"https:\/\/www.satine.com\/"},{"@type":"ListItem","position":2,"name":"Microcement","item":"https:\/\/www.satine.com\/microcement\/"},{"@type":"ListItem","position":3,"name":"History of Microcement"}]},{"@type":"WebSite","@id":"https:\/\/www.satine.com\/#website","url":"https:\/\/www.satine.com\/","name":"Satine - Microciment","description":"","alternateName":"Satine - Microcement","potentialAction":[{"@type":"SearchAction","target":{"@type":"EntryPoint","urlTemplate":"https:\/\/www.satine.com\/?s={search_term_string}"},"query-input":{"@type":"PropertyValueSpecification","valueRequired":true,"valueName":"search_term_string"}}],"inLanguage":"fr-FR"}]}},"_links":{"self":[{"href":"https:\/\/www.satine.com\/fr\/wp-json\/wp\/v2\/pages\/5428","targetHints":{"allow":["GET"]}}],"collection":[{"href":"https:\/\/www.satine.com\/fr\/wp-json\/wp\/v2\/pages"}],"about":[{"href":"https:\/\/www.satine.com\/fr\/wp-json\/wp\/v2\/types\/page"}],"author":[{"embeddable":true,"href":"https:\/\/www.satine.com\/fr\/wp-json\/wp\/v2\/users\/1"}],"replies":[{"embeddable":true,"href":"https:\/\/www.satine.com\/fr\/wp-json\/wp\/v2\/comments?post=5428"}],"version-history":[{"count":1,"href":"https:\/\/www.satine.com\/fr\/wp-json\/wp\/v2\/pages\/5428\/revisions"}],"predecessor-version":[{"id":5430,"href":"https:\/\/www.satine.com\/fr\/wp-json\/wp\/v2\/pages\/5428\/revisions\/5430"}],"up":[{"embeddable":true,"href":"https:\/\/www.satine.com\/fr\/wp-json\/wp\/v2\/pages\/2814"}],"wp:attachment":[{"href":"https:\/\/www.satine.com\/fr\/wp-json\/wp\/v2\/media?parent=5428"}],"curies":[{"name":"wp","href":"https:\/\/api.w.org\/{rel}","templated":true}]}}