{"id":5402,"date":"2024-09-24T03:44:16","date_gmt":"2024-09-24T07:44:16","guid":{"rendered":"https:\/\/www.satine.com\/?page_id=5402"},"modified":"2024-09-24T03:44:53","modified_gmt":"2024-09-24T07:44:53","slug":"comment-appliquer-le-microciment","status":"publish","type":"page","link":"https:\/\/www.satine.com\/fr\/microcement\/how-to-apply-microcement\/","title":{"rendered":"Comment appliquer le microciment"},"content":{"rendered":"<h2 class=\"wp-block-heading\"><strong>Comment appliquer le microciment : Tout ce qu'il faut savoir<\/strong><\/h2>\n\n\n\n<p>Dans cette section exclusive pour <a href=\"https:\/\/www.satine.com\/microcement\">microciment<\/a> vous trouverez de nombreux conseils de notre \u00e9quipe d'experts sur l'application du microciment sur les murs, les sols, les int\u00e9rieurs, les ext\u00e9rieurs et les piscines.<\/p>\n\n\n\n<p>Vous apprendrez quel type de microciment est le plus appropri\u00e9 en fonction de la surface \u00e0 recouvrir et du mat\u00e9riau existant, ainsi que les outils sp\u00e9cifiques dont vous avez besoin pour appliquer le microciment afin d'obtenir un r\u00e9sultat optimal : spatules, truelles, rouleaux, etc.<\/p>\n\n\n\n<p>Dans cette section, vous trouverez \u00e9galement les diff\u00e9rentes techniques d'application du microciment en fonction de la finition souhait\u00e9e. Le microciment est un rev\u00eatement qui offre de multiples possibilit\u00e9s d\u00e9coratives.<\/p>\n\n\n\n<h2 class=\"wp-block-heading\"><strong>Application du microciment \u00e9tape par \u00e9tape : M\u00e9thode d'application<\/strong><\/h2>\n\n\n\n<p>Le processus d'application du microciment d\u00e9pend du syst\u00e8me de microciment Satine choisi.<\/p>\n\n\n\n<p>Cependant, en termes g\u00e9n\u00e9raux, l'application du microciment sur les sols et les murs est la suivante :<\/p>\n\n\n\n<ol class=\"wp-block-list\">\n<li>Pr\u00e9parez la surface de travail, placez le treillis et appliquez le primaire ou le promoteur d'adh\u00e9rence.<\/li>\n\n\n\n<li>Appliquer deux couches de microciment de pr\u00e9paration ou de base sur un treillis qui servira de support au microciment de finition.<\/li>\n\n\n\n<li>Ensuite, il faut appliquer deux couches de microciment de finition. C'est lui qui permet d'obtenir la texture et la couleur souhait\u00e9es et de donner l'aspect final \u00e0 la surface.<\/li>\n<\/ol>\n\n\n\n<p>Les sols en microciment sont \u00e0 la mode car ils constituent une solution d\u00e9corative durable et r\u00e9sistante tout en offrant un haut niveau de personnalisation. Nous vous montrons comment appliquer le microciment \u00e9tape par \u00e9tape sur les sols, tant sur les surfaces int\u00e9rieures qu'ext\u00e9rieures.<\/p>\n\n\n\n<h2 class=\"wp-block-heading\"><strong>Comment postuler <a href=\"https:\/\/www.satine.com\/microcement-walls\">Microciment sur les murs<\/a><\/strong><\/h2>\n\n\n\n<p>L'utilisation du microciment sur les murs s'est r\u00e9pandue en raison de son aspect industriel, de sa rapidit\u00e9 d'installation, de sa forte adh\u00e9rence et de sa grande r\u00e9sistance \u00e0 la fissuration, entre autres qualit\u00e9s. C'est pourquoi il n'est pas surprenant de voir de plus en plus de murs en microciment, non seulement dans les maisons priv\u00e9es, mais aussi dans les grands espaces commerciaux comme les h\u00f4tels ou les restaurants.<\/p>\n\n\n\n<p>Mais comment appliquer le microciment sur les murs ? Dans cette section, nous expliquons comment appliquer le microciment sur les murs, \u00e9tape par \u00e9tape, tant pour les surfaces int\u00e9rieures qu'ext\u00e9rieures.<\/p>\n\n\n\n<div style=\"height:30px\" aria-hidden=\"true\" class=\"wp-block-spacer\"><\/div>\n\n\n\n<figure class=\"wp-block-image size-full is-resized is-style-default\"><img loading=\"lazy\" decoding=\"async\" width=\"1024\" height=\"1024\" src=\"https:\/\/www.satine.com\/wp-content\/uploads\/2024\/09\/Microcemento-Satine-1024x1024-6.png\" alt=\"\" class=\"wp-image-5403\" style=\"aspect-ratio:16\/9;object-fit:cover;width:1600px\" srcset=\"https:\/\/www.satine.com\/wp-content\/uploads\/2024\/09\/Microcemento-Satine-1024x1024-6.png 1024w, https:\/\/www.satine.com\/wp-content\/uploads\/2024\/09\/Microcemento-Satine-1024x1024-6-300x300.png 300w, https:\/\/www.satine.com\/wp-content\/uploads\/2024\/09\/Microcemento-Satine-1024x1024-6-150x150.png 150w, https:\/\/www.satine.com\/wp-content\/uploads\/2024\/09\/Microcemento-Satine-1024x1024-6-768x768.png 768w, https:\/\/www.satine.com\/wp-content\/uploads\/2024\/09\/Microcemento-Satine-1024x1024-6-12x12.png 12w\" sizes=\"auto, (max-width: 1024px) 100vw, 1024px\" \/><\/figure>\n\n\n\n<div style=\"height:30px\" aria-hidden=\"true\" class=\"wp-block-spacer\"><\/div>\n\n\n\n<h2 class=\"wp-block-heading\"><strong>Comment postuler <a href=\"https:\/\/www.satine.com\/microcement-pools\">Microciment dans les piscines<\/a><\/strong><\/h2>\n\n\n\n<p>Les piscines en microciment sont en vogue. Les propri\u00e9t\u00e9s imperm\u00e9ables et antid\u00e9rapantes du microciment sont l'une des cl\u00e9s de son succ\u00e8s. De plus, une piscine en microciment permet de r\u00e9aliser pratiquement toutes les formes possibles, ce qui la rend tr\u00e8s attrayante sur le plan visuel.<\/p>\n\n\n\n<p>Chez Satine, nous sommes conscients des innombrables avantages de ce rev\u00eatement d\u00e9coratif pour la construction d'une piscine. Nous avons d\u00e9velopp\u00e9 plusieurs syst\u00e8mes de microciment (monocomposant, bicomposant et pr\u00eat \u00e0 l'emploi) pour obtenir diff\u00e9rentes textures et finitions. Ci-dessous, nous expliquons l'application du microciment sur les sols.<\/p>\n\n\n\n<h2 class=\"wp-block-heading\"><strong>Conseils pour une application correcte du microciment<\/strong><\/h2>\n\n\n\n<p>Les principaux probl\u00e8mes li\u00e9s au microciment proviennent d'une s\u00e9rie d'erreurs d'application. Qu'il s'agisse de ne pas suivre strictement les \u00e9tapes ou de ne pas respecter les temps de s\u00e9chage entre les couches, d'ignorer la temp\u00e9rature ambiante ou de ne pas utiliser les outils ad\u00e9quats.<\/p>\n\n\n\n<p>C'est pourquoi nous vous proposons une s\u00e9rie de conseils pour une application optimale du microciment.<\/p>\n\n\n\n<ol class=\"wp-block-list\">\n<li><strong>Ne confier l'application du microciment qu'\u00e0 des professionnels<\/strong>\u00a0L'application du microciment n'est pas aussi simple qu'il n'y para\u00eet \u00e0 premi\u00e8re vue. Il s'agit d'une t\u00e2che complexe qui doit \u00eatre r\u00e9alis\u00e9e par des professionnels qualifi\u00e9s ma\u00eetrisant les techniques d'application de chaque syst\u00e8me de microciment. Un applicateur de microciment doit savoir comment \u00e9valuer le support et reconna\u00eetre s'il a besoin d'\u00eatre r\u00e9par\u00e9 avant d'appliquer le microciment. Un professionnel exp\u00e9riment\u00e9 saura quel microciment est le plus adapt\u00e9 \u00e0 chaque projet de r\u00e9novation, en fonction de la surface, du support et de la finition souhait\u00e9e.<\/li>\n\n\n\n<li><strong>Planifier les travaux avant l'application du microciment<\/strong>\u00a0Bien que le microciment soit un rev\u00eatement d\u00e9coratif qui permet des transformations rapides sans n\u00e9cessiter de travaux de construction, il est essentiel de planifier les travaux en d\u00e9tail avant d'appliquer le microciment. Dans ce cas, l'application du microciment devrait toujours \u00eatre laiss\u00e9e de c\u00f4t\u00e9, \u00e0 l'exception de la derni\u00e8re couche de peinture, de la pose des menuiseries et de l'installation des \u00e9quipements sanitaires.<\/li>\n\n\n\n<li><strong>Outils essentiels pour l'application du microciment<\/strong>\u00a0L'application du microciment ne se fait pas avec n'importe quel outil, mais avec des outils tr\u00e8s sp\u00e9cifiques, couramment utilis\u00e9s dans le secteur de la construction, que nous d\u00e9taillons ci-dessous :\n<ul class=\"wp-block-list\">\n<li><strong>Ruban adh\u00e9sif de peintre ou papier avec ruban adh\u00e9sif :<\/strong>\u00a0Pour prot\u00e9ger des \u00e9claboussures les zones o\u00f9 le microciment ne sera pas appliqu\u00e9.<\/li>\n\n\n\n<li><strong>Pichet de mesure :<\/strong>\u00a0La carafe permet de doser la quantit\u00e9 de r\u00e9sine (pour les microcr\u00e9ments bi-composants) ou d'eau (pour les mono-composants) n\u00e9cessaire au m\u00e9lange.<\/li>\n\n\n\n<li><strong>M\u00e9langeur m\u00e9canique \u00e0 faible vitesse avec pale \u00e0 double h\u00e9lice :<\/strong>\u00a0Pour m\u00e9langer correctement le microciment et obtenir un m\u00e9lange homog\u00e8ne.<\/li>\n\n\n\n<li><strong>Spatule :<\/strong>\u00a0Utilis\u00e9 comme support pour la truelle.<\/li>\n\n\n\n<li><strong>Truelle :<\/strong>\u00a0Disponibles en diff\u00e9rents types et tailles, en acier inoxydable flexible ou en caoutchouc, en fonction du mat\u00e9riau appliqu\u00e9.<\/li>\n\n\n\n<li><strong>Aspirateur industriel, ponceuse orbitale, gants de pon\u00e7age et papiers de verre au carbure de silicium :<\/strong>\u00a0Une fois le microciment sec, les imperfections doivent \u00eatre ponc\u00e9es et la poussi\u00e8re g\u00e9n\u00e9r\u00e9e doit \u00eatre aspir\u00e9e pour poursuivre le processus.<\/li>\n\n\n\n<li><strong>Rouleaux :<\/strong>\u00a0Utilis\u00e9 pour appliquer les appr\u00eats, les bouche-pores et les vernis.<\/li>\n<\/ul>\n<\/li>\n<\/ol>\n\n\n\n<h2 class=\"wp-block-heading\"><strong>Inspecter l'\u00e9tat du support avant l'application du microciment<\/strong><\/h2>\n\n\n\n<p>Comme indiqu\u00e9 pr\u00e9c\u00e9demment, si le support n'est pas en bon \u00e9tat, le microciment ne peut pas \u00eatre appliqu\u00e9 de mani\u00e8re fiable. Les professionnels doivent v\u00e9rifier quatre facteurs relatifs au support avant d'appliquer le microciment.<\/p>\n\n\n\n<ol class=\"wp-block-list\">\n<li><strong>Plan\u00e9it\u00e9 du substrat<\/strong>\u00a0Le microciment est appliqu\u00e9 en couches d'une \u00e9paisseur maximale de 1 mm et l'\u00e9paisseur totale ne d\u00e9passera pas quatre millim\u00e8tres, de sorte que les irr\u00e9gularit\u00e9s du support doivent \u00eatre corrig\u00e9es avant l'application. Le microciment peut \u00eatre appliqu\u00e9 sur les sols, les murs et m\u00eame les plafonds, mais le r\u00e9sultat final d\u00e9pend du support et de l'habilet\u00e9 de l'applicateur.<\/li>\n\n\n\n<li><strong>Stabilit\u00e9 du substrat<\/strong>\u00a0Le support d'application doit \u00eatre stable. Les supports pr\u00e9sentant des mortiers pulv\u00e9rulents ou des carreaux non fix\u00e9s ne conviennent pas. Selon leur \u00e9tat, ils doivent \u00eatre enlev\u00e9s ou consolid\u00e9s avec des mortiers \u00e0 prise rapide.<\/li>\n\n\n\n<li><strong>Substrat exempt d'humidit\u00e9<\/strong>\u00a0S'il y a de l'humidit\u00e9 dans le support, le microciment ne peut pas \u00eatre appliqu\u00e9. Il est essentiel de d\u00e9terminer la source de l'humidit\u00e9 et de l'\u00e9liminer. Nous recommandons d'utiliser un humidim\u00e8tre pour s'assurer que l'humidit\u00e9 ne d\u00e9passe jamais 5%. Le support doit avoir subi un processus de durcissement suffisant. La temp\u00e9rature, l'humidit\u00e9 ambiante et la ventilation de l'espace de travail influencent le temps de s\u00e9chage des mortiers, en l'acc\u00e9l\u00e9rant ou en le ralentissant.<\/li>\n\n\n\n<li><strong>Prot\u00e9ger la zone de travail avant l'application du microciment<\/strong>\u00a0La zone de travail et les surfaces qui ne seront pas recouvertes doivent \u00eatre prot\u00e9g\u00e9es de mani\u00e8re ad\u00e9quate. Le microciment adh\u00e8re tr\u00e8s fortement et est difficile \u00e0 nettoyer une fois sec. Utilisez le mat\u00e9riel de protection standard utilis\u00e9 pour les travaux de peinture, comme le ruban de peintre, le papier de protection et les b\u00e2ches en plastique.<\/li>\n<\/ol>\n\n\n\n<h2 class=\"wp-block-heading\"><strong>Diff\u00e9rentes finitions en fonction de l'application du microciment<\/strong><\/h2>\n\n\n\n<p>Gr\u00e2ce au savoir-faire artisanal de l'application du microciment, il est possible d'obtenir diff\u00e9rentes finitions avec le m\u00eame mat\u00e9riau. Ces finitions d\u00e9pendent de la base utilis\u00e9e, de la m\u00e9thode d'application, du mouvement de la truelle, du type de microciment et de la couleur.<\/p>\n\n\n\n<ol class=\"wp-block-list\">\n<li><strong>Le type de truelle utilis\u00e9 pour appliquer le microciment<\/strong>\u00a0Le choix de la truelle est crucial pour l'aspect final de la couche de microciment. Nous utilisons des truelles en caoutchouc exclusivement pour Microfino. Avec cet outil, les filigranes sont l\u00e9g\u00e8rement moins prononc\u00e9s qu'avec une truelle en acier. La truelle en caoutchouc exerce moins de pression sur le produit, ce qui donne une finition plus lisse. En revanche, une truelle en acier flexible est recommand\u00e9e si l'on souhaite obtenir un effet br\u00fbl\u00e9 ou des marques noires.<a href=\"https:\/\/www.satine.com\">.<\/a><\/li>\n\n\n\n<li><strong>L'application de la couche de base en microciment<\/strong>\u00a0Nous disons toujours que chaque couche doit \u00eatre appliqu\u00e9e comme si c'\u00e9tait la derni\u00e8re, car, en raison de l'\u00e9paisseur du mat\u00e9riau, les motifs ou les imperfections des couches pr\u00e9c\u00e9dentes appara\u00eetront dans les couches suivantes. Cette caract\u00e9ristique du microciment peut \u00eatre utilis\u00e9e \u00e0 notre avantage pour cr\u00e9er des textures<a href=\"https:\/\/www.satinestone.com\">.<\/a><\/li>\n\n\n\n<li><strong>La couleur et le type de microciment appliqu\u00e9<\/strong>\u00a0Les couleurs fonc\u00e9es laissent davantage appara\u00eetre les filigranes, tandis que dans les couleurs blanches et blanc cass\u00e9, les filigranes sont presque imperceptibles, surtout s'ils sont appliqu\u00e9s \u00e0 l'aide d'une truelle en caoutchouc.<\/li>\n<\/ol>","protected":false},"excerpt":{"rendered":"<p>How to Apply Microcement: Everything You Need to Know In this exclusive section for microcement professionals, you will find numerous tips from our team of experts on how to apply microcement on walls, floors, interiors, exteriors, and swimming pools. You will learn which type of microcement is most appropriate depending on the surface to be [&hellip;]<\/p>\n","protected":false},"author":1,"featured_media":0,"parent":2814,"menu_order":0,"comment_status":"closed","ping_status":"closed","template":"","meta":{"footnotes":""},"class_list":["post-5402","page","type-page","status-publish","hentry"],"yoast_head":"<!-- This site is optimized with the Yoast SEO plugin v27.4 - https:\/\/yoast.com\/product\/yoast-seo-wordpress\/ -->\n<title>How to Apply Microcement - Satine<\/title>\n<meta name=\"description\" content=\"Learn how to apply microcement step-by-step with expert tips on walls, floors, pools, and more. Discover techniques, tools, and best practices for flawless microcement finishes.\" \/>\n<meta name=\"robots\" content=\"index, follow, max-snippet:-1, max-image-preview:large, max-video-preview:-1\" \/>\n<link rel=\"canonical\" href=\"https:\/\/www.satine.com\/fr\/microciment\/comment-appliquer-le-microciment\/\" \/>\n<meta property=\"og:locale\" content=\"fr_FR\" \/>\n<meta property=\"og:type\" content=\"article\" \/>\n<meta property=\"og:title\" content=\"How to Apply Microcement - Satine\" \/>\n<meta property=\"og:description\" content=\"Learn how to apply microcement step-by-step with expert tips on walls, floors, pools, and more. Discover techniques, tools, and best practices for flawless microcement finishes.\" \/>\n<meta property=\"og:url\" content=\"https:\/\/www.satine.com\/fr\/microciment\/comment-appliquer-le-microciment\/\" \/>\n<meta property=\"og:site_name\" content=\"Satine\" \/>\n<meta property=\"article:modified_time\" content=\"2024-09-24T07:44:53+00:00\" \/>\n<meta property=\"og:image\" content=\"https:\/\/www.satine.com\/wp-content\/uploads\/2024\/09\/Microcemento-Satine-1024x1024-6.png\" \/>\n<meta name=\"twitter:card\" content=\"summary_large_image\" \/>\n<meta name=\"twitter:label1\" content=\"Dur\u00e9e de lecture estim\u00e9e\" \/>\n\t<meta name=\"twitter:data1\" content=\"6 minutes\" \/>\n<script type=\"application\/ld+json\" class=\"yoast-schema-graph\">{\"@context\":\"https:\\\/\\\/schema.org\",\"@graph\":[{\"@type\":\"WebPage\",\"@id\":\"https:\\\/\\\/www.satine.com\\\/microcement\\\/how-to-apply-microcement\\\/\",\"url\":\"https:\\\/\\\/www.satine.com\\\/microcement\\\/how-to-apply-microcement\\\/\",\"name\":\"How to Apply Microcement - Satine\",\"isPartOf\":{\"@id\":\"https:\\\/\\\/www.satine.com\\\/#website\"},\"primaryImageOfPage\":{\"@id\":\"https:\\\/\\\/www.satine.com\\\/microcement\\\/how-to-apply-microcement\\\/#primaryimage\"},\"image\":{\"@id\":\"https:\\\/\\\/www.satine.com\\\/microcement\\\/how-to-apply-microcement\\\/#primaryimage\"},\"thumbnailUrl\":\"https:\\\/\\\/www.satine.com\\\/wp-content\\\/uploads\\\/2024\\\/09\\\/Microcemento-Satine-1024x1024-6.png\",\"datePublished\":\"2024-09-24T07:44:16+00:00\",\"dateModified\":\"2024-09-24T07:44:53+00:00\",\"description\":\"Learn how to apply microcement step-by-step with expert tips on walls, floors, pools, and more. Discover techniques, tools, and best practices for flawless microcement finishes.\",\"breadcrumb\":{\"@id\":\"https:\\\/\\\/www.satine.com\\\/microcement\\\/how-to-apply-microcement\\\/#breadcrumb\"},\"inLanguage\":\"fr-FR\",\"potentialAction\":[{\"@type\":\"ReadAction\",\"target\":[\"https:\\\/\\\/www.satine.com\\\/microcement\\\/how-to-apply-microcement\\\/\"]}]},{\"@type\":\"ImageObject\",\"inLanguage\":\"fr-FR\",\"@id\":\"https:\\\/\\\/www.satine.com\\\/microcement\\\/how-to-apply-microcement\\\/#primaryimage\",\"url\":\"https:\\\/\\\/www.satine.com\\\/wp-content\\\/uploads\\\/2024\\\/09\\\/Microcemento-Satine-1024x1024-6.png\",\"contentUrl\":\"https:\\\/\\\/www.satine.com\\\/wp-content\\\/uploads\\\/2024\\\/09\\\/Microcemento-Satine-1024x1024-6.png\"},{\"@type\":\"BreadcrumbList\",\"@id\":\"https:\\\/\\\/www.satine.com\\\/microcement\\\/how-to-apply-microcement\\\/#breadcrumb\",\"itemListElement\":[{\"@type\":\"ListItem\",\"position\":1,\"name\":\"Inicio\",\"item\":\"https:\\\/\\\/www.satine.com\\\/\"},{\"@type\":\"ListItem\",\"position\":2,\"name\":\"Microcement\",\"item\":\"https:\\\/\\\/www.satine.com\\\/microcement\\\/\"},{\"@type\":\"ListItem\",\"position\":3,\"name\":\"How to Apply Microcement\"}]},{\"@type\":\"WebSite\",\"@id\":\"https:\\\/\\\/www.satine.com\\\/#website\",\"url\":\"https:\\\/\\\/www.satine.com\\\/\",\"name\":\"Satine - Microcement\",\"description\":\"\",\"alternateName\":\"Satine - Microcement\",\"potentialAction\":[{\"@type\":\"SearchAction\",\"target\":{\"@type\":\"EntryPoint\",\"urlTemplate\":\"https:\\\/\\\/www.satine.com\\\/?s={search_term_string}\"},\"query-input\":{\"@type\":\"PropertyValueSpecification\",\"valueRequired\":true,\"valueName\":\"search_term_string\"}}],\"inLanguage\":\"fr-FR\"}]}<\/script>\n<!-- \/ Yoast SEO plugin. -->","yoast_head_json":{"title":"Comment appliquer le microciment - Satine","description":"Apprenez \u00e0 appliquer le microciment \u00e9tape par \u00e9tape gr\u00e2ce \u00e0 des conseils d'experts sur les murs, les sols, les piscines et bien plus encore. D\u00e9couvrez les techniques, les outils et les meilleures pratiques pour des finitions en microciment impeccables.","robots":{"index":"index","follow":"follow","max-snippet":"max-snippet:-1","max-image-preview":"max-image-preview:large","max-video-preview":"max-video-preview:-1"},"canonical":"https:\/\/www.satine.com\/fr\/microciment\/comment-appliquer-le-microciment\/","og_locale":"fr_FR","og_type":"article","og_title":"How to Apply Microcement - Satine","og_description":"Learn how to apply microcement step-by-step with expert tips on walls, floors, pools, and more. Discover techniques, tools, and best practices for flawless microcement finishes.","og_url":"https:\/\/www.satine.com\/fr\/microciment\/comment-appliquer-le-microciment\/","og_site_name":"Satine","article_modified_time":"2024-09-24T07:44:53+00:00","og_image":[{"url":"https:\/\/www.satine.com\/wp-content\/uploads\/2024\/09\/Microcemento-Satine-1024x1024-6.png","type":"","width":"","height":""}],"twitter_card":"summary_large_image","twitter_misc":{"Dur\u00e9e de lecture estim\u00e9e":"6 minutes"},"schema":{"@context":"https:\/\/schema.org","@graph":[{"@type":"WebPage","@id":"https:\/\/www.satine.com\/microcement\/how-to-apply-microcement\/","url":"https:\/\/www.satine.com\/microcement\/how-to-apply-microcement\/","name":"Comment appliquer le microciment - Satine","isPartOf":{"@id":"https:\/\/www.satine.com\/#website"},"primaryImageOfPage":{"@id":"https:\/\/www.satine.com\/microcement\/how-to-apply-microcement\/#primaryimage"},"image":{"@id":"https:\/\/www.satine.com\/microcement\/how-to-apply-microcement\/#primaryimage"},"thumbnailUrl":"https:\/\/www.satine.com\/wp-content\/uploads\/2024\/09\/Microcemento-Satine-1024x1024-6.png","datePublished":"2024-09-24T07:44:16+00:00","dateModified":"2024-09-24T07:44:53+00:00","description":"Apprenez \u00e0 appliquer le microciment \u00e9tape par \u00e9tape gr\u00e2ce \u00e0 des conseils d'experts sur les murs, les sols, les piscines et bien plus encore. D\u00e9couvrez les techniques, les outils et les meilleures pratiques pour des finitions en microciment impeccables.","breadcrumb":{"@id":"https:\/\/www.satine.com\/microcement\/how-to-apply-microcement\/#breadcrumb"},"inLanguage":"fr-FR","potentialAction":[{"@type":"ReadAction","target":["https:\/\/www.satine.com\/microcement\/how-to-apply-microcement\/"]}]},{"@type":"ImageObject","inLanguage":"fr-FR","@id":"https:\/\/www.satine.com\/microcement\/how-to-apply-microcement\/#primaryimage","url":"https:\/\/www.satine.com\/wp-content\/uploads\/2024\/09\/Microcemento-Satine-1024x1024-6.png","contentUrl":"https:\/\/www.satine.com\/wp-content\/uploads\/2024\/09\/Microcemento-Satine-1024x1024-6.png"},{"@type":"BreadcrumbList","@id":"https:\/\/www.satine.com\/microcement\/how-to-apply-microcement\/#breadcrumb","itemListElement":[{"@type":"ListItem","position":1,"name":"Inicio","item":"https:\/\/www.satine.com\/"},{"@type":"ListItem","position":2,"name":"Microcement","item":"https:\/\/www.satine.com\/microcement\/"},{"@type":"ListItem","position":3,"name":"How to Apply Microcement"}]},{"@type":"WebSite","@id":"https:\/\/www.satine.com\/#website","url":"https:\/\/www.satine.com\/","name":"Satine - Microciment","description":"","alternateName":"Satine - Microcement","potentialAction":[{"@type":"SearchAction","target":{"@type":"EntryPoint","urlTemplate":"https:\/\/www.satine.com\/?s={search_term_string}"},"query-input":{"@type":"PropertyValueSpecification","valueRequired":true,"valueName":"search_term_string"}}],"inLanguage":"fr-FR"}]}},"_links":{"self":[{"href":"https:\/\/www.satine.com\/fr\/wp-json\/wp\/v2\/pages\/5402","targetHints":{"allow":["GET"]}}],"collection":[{"href":"https:\/\/www.satine.com\/fr\/wp-json\/wp\/v2\/pages"}],"about":[{"href":"https:\/\/www.satine.com\/fr\/wp-json\/wp\/v2\/types\/page"}],"author":[{"embeddable":true,"href":"https:\/\/www.satine.com\/fr\/wp-json\/wp\/v2\/users\/1"}],"replies":[{"embeddable":true,"href":"https:\/\/www.satine.com\/fr\/wp-json\/wp\/v2\/comments?post=5402"}],"version-history":[{"count":1,"href":"https:\/\/www.satine.com\/fr\/wp-json\/wp\/v2\/pages\/5402\/revisions"}],"predecessor-version":[{"id":5404,"href":"https:\/\/www.satine.com\/fr\/wp-json\/wp\/v2\/pages\/5402\/revisions\/5404"}],"up":[{"embeddable":true,"href":"https:\/\/www.satine.com\/fr\/wp-json\/wp\/v2\/pages\/2814"}],"wp:attachment":[{"href":"https:\/\/www.satine.com\/fr\/wp-json\/wp\/v2\/media?parent=5402"}],"curies":[{"name":"wp","href":"https:\/\/api.w.org\/{rel}","templated":true}]}}