{"id":5055,"date":"2024-09-16T05:50:39","date_gmt":"2024-09-16T09:50:39","guid":{"rendered":"https:\/\/www.satine.com\/?page_id=5055"},"modified":"2024-09-17T08:36:32","modified_gmt":"2024-09-17T12:36:32","slug":"murs-en-microciment","status":"publish","type":"page","link":"https:\/\/www.satine.com\/fr\/microcement\/microcement-walls\/","title":{"rendered":"Murs en microciment"},"content":{"rendered":"<h2 class=\"wp-block-heading\"><strong>Murs en microciment : Applications, avantages et utilisations.<\/strong><\/h2>\n\n\n\n<p><a href=\"https:\/\/www.satine.com\/microcement\">Microciment<\/a> est un rev\u00eatement d\u00e9coratif qui a gagn\u00e9 en popularit\u00e9 en raison de son application g\u00e9n\u00e9ralis\u00e9e en tant que solution de rev\u00eatement de sol sans joints, tant dans les maisons priv\u00e9es que dans les grands espaces commerciaux. Sa polyvalence en termes de finitions, de couleurs et de textures, combin\u00e9e \u00e0 sa fonctionnalit\u00e9 et \u00e0 son prix comp\u00e9titif, est \u00e0 l'origine de la r\u00e9cente augmentation de son utilisation.<\/p>\n\n\n\n<p>Cette tendance ne se limite pas aux rev\u00eatements de sol, puisque l'utilisation du microciment sur les murs a augment\u00e9 ces derni\u00e8res ann\u00e9es, tant \u00e0 l'int\u00e9rieur qu'\u00e0 l'ext\u00e9rieur. L'attrait de ce rev\u00eatement r\u00e9side dans son esth\u00e9tique \u00e9l\u00e9gante, sa durabilit\u00e9, sa facilit\u00e9 de nettoyage et d'entretien, ainsi que dans le fait qu'il permet d'\u00e9viter des r\u00e9novations co\u00fbteuses. Dites adieu aux r\u00e9novations d\u00e9sordonn\u00e9es avec le microciment.<\/p>\n\n\n\n<p>L'un des plus grands avantages de ce rev\u00eatement est qu'il \u00e9limine la partie chaotique des r\u00e9novations traditionnelles : les d\u00e9bris des travaux de construction. Contrairement aux m\u00e9thodes conventionnelles, l'application du microciment sur les murs ne n\u00e9cessite pas l'enl\u00e8vement des mat\u00e9riaux existants. Sa fine couche de 3 mm adh\u00e8re directement \u00e0 la surface existante, qu'il s'agisse de marbre, de carrelage, de c\u00e9ramique ou de terrazzo.<\/p>\n\n\n\n<h2 class=\"wp-block-heading\"><strong>R\u00e9sistance et durabilit\u00e9<\/strong><\/h2>\n\n\n\n<p>Le microciment offre une r\u00e9sistance exceptionnelle aux impacts, aux rayures et aux produits chimiques, ce qui en fait bien plus qu'un simple rev\u00eatement d\u00e9coratif. Sa robustesse et sa r\u00e9sistance \u00e0 la fissuration contribuent \u00e0 son adoption rapide dans divers contextes. Cette durabilit\u00e9 garantit que les surfaces restent intactes et visuellement attrayantes, m\u00eame dans des environnements tr\u00e8s fr\u00e9quent\u00e9s ou difficiles. Sa capacit\u00e9 \u00e0 r\u00e9sister \u00e0 l'usure quotidienne tout en conservant son int\u00e9grit\u00e9 esth\u00e9tique est un facteur cl\u00e9 de sa popularit\u00e9.<\/p>\n\n\n\n<h2 class=\"wp-block-heading\"><strong>Pour l'int\u00e9rieur et l'ext\u00e9rieur<\/strong><\/h2>\n\n\n\n<p>Le microciment est tr\u00e8s polyvalent et convient aussi bien aux applications int\u00e9rieures qu'ext\u00e9rieures. Ses propri\u00e9t\u00e9s incluent la r\u00e9sistance aux rayons UV, ce qui permet d'\u00e9viter la d\u00e9coloration et la d\u00e9gradation des couleurs lorsqu'elles sont expos\u00e9es \u00e0 la lumi\u00e8re du soleil. En outre, il peut supporter les fluctuations de temp\u00e9rature et l'humidit\u00e9, ce qui en fait un choix id\u00e9al pour les finitions murales ext\u00e9rieures. Cette adaptabilit\u00e9 permet aux propri\u00e9taires et aux concepteurs d'utiliser le microciment pour cr\u00e9er des styles coh\u00e9rents et \u00e9l\u00e9gants dans diff\u00e9rentes zones, y compris les fa\u00e7ades et les espaces de vie ext\u00e9rieurs.<\/p>\n\n\n\n<h2 class=\"wp-block-heading\"><strong>Avantages de l'\u00e9tanch\u00e9it\u00e9<\/strong><\/h2>\n\n\n\n<p>L'une des principales caract\u00e9ristiques du microciment est son imperm\u00e9abilit\u00e9. Il est donc particuli\u00e8rement utile dans les zones sujettes \u00e0 l'humidit\u00e9, telles que les cuisines et les salles de bains. La r\u00e9sistance \u00e0 l'eau du rev\u00eatement garantit que les surfaces restent s\u00e8ches et hygi\u00e9niques, r\u00e9duisant ainsi le risque de d\u00e9veloppement de moisissures. Les douches en microciment sont particuli\u00e8rement appr\u00e9ci\u00e9es en raison de leur finition \u00e9tanche et sans joint, qui non seulement am\u00e9liore l'esth\u00e9tique, mais simplifie \u00e9galement le nettoyage et l'entretien.<\/p>\n\n\n\n<h2 class=\"wp-block-heading\"><strong>Faible entretien<\/strong><\/h2>\n\n\n\n<p>La surface sans joint du microciment est un avantage majeur pour ceux qui recherchent des solutions n\u00e9cessitant peu d'entretien. Contrairement aux rev\u00eatements muraux traditionnels qui pr\u00e9sentent des lignes de jointoiement et des joints o\u00f9 la salet\u00e9 et la moisissure peuvent s'accumuler, la finition lisse et continue du microciment minimise ces probl\u00e8mes. Il en r\u00e9sulte une surface plus propre qui n\u00e9cessite moins souvent un nettoyage en profondeur. Un simple essuyage avec un chiffon humide et un savon neutre suffit g\u00e9n\u00e9ralement \u00e0 maintenir la surface fra\u00eeche, ce qui en fait un choix pratique pour les m\u00e9nages occup\u00e9s.<\/p>\n\n\n\n<h2 class=\"wp-block-heading\"><strong>\u00c9l\u00e9gant et branch\u00e9<\/strong><\/h2>\n\n\n\n<p>L'esth\u00e9tique industrielle et \u00e9pur\u00e9e du microciment, inspir\u00e9e du style loft popularis\u00e9 \u00e0 New York, ajoute une touche de modernit\u00e9 \u00e0 tout espace. Sa capacit\u00e9 \u00e0 cr\u00e9er un aspect minimaliste et homog\u00e8ne est tr\u00e8s recherch\u00e9e dans la d\u00e9coration int\u00e9rieure contemporaine. La vaste gamme de couleurs et de finitions disponibles (brillantes, mates et satin\u00e9es) permet au microciment de r\u00e9pondre aux diff\u00e9rentes pr\u00e9f\u00e9rences en mati\u00e8re de design. Cette polyvalence permet non seulement d'am\u00e9liorer l'attrait visuel des int\u00e9rieurs, mais aussi de maintenir le microciment \u00e0 l'avant-garde des tendances en mati\u00e8re de design. Que vous recherchiez un aspect sophistiqu\u00e9 et urbain ou une finition plus subtile et \u00e9l\u00e9gante, le microciment offre la flexibilit\u00e9 n\u00e9cessaire pour obtenir le style souhait\u00e9.<\/p>\n\n\n\n<div style=\"height:30px\" aria-hidden=\"true\" class=\"wp-block-spacer\"><\/div>\n\n\n\n<figure class=\"wp-block-image size-full is-resized\"><img loading=\"lazy\" decoding=\"async\" width=\"1024\" height=\"1024\" src=\"https:\/\/www.satine.com\/wp-content\/uploads\/2024\/09\/Microcemento-Satine-1024x1024-5.png\" alt=\"\" class=\"wp-image-5063\" style=\"aspect-ratio:16\/9;object-fit:cover;width:1600px\" srcset=\"https:\/\/www.satine.com\/wp-content\/uploads\/2024\/09\/Microcemento-Satine-1024x1024-5.png 1024w, https:\/\/www.satine.com\/wp-content\/uploads\/2024\/09\/Microcemento-Satine-1024x1024-5-300x300.png 300w, https:\/\/www.satine.com\/wp-content\/uploads\/2024\/09\/Microcemento-Satine-1024x1024-5-150x150.png 150w, https:\/\/www.satine.com\/wp-content\/uploads\/2024\/09\/Microcemento-Satine-1024x1024-5-768x768.png 768w, https:\/\/www.satine.com\/wp-content\/uploads\/2024\/09\/Microcemento-Satine-1024x1024-5-12x12.png 12w\" sizes=\"auto, (max-width: 1024px) 100vw, 1024px\" \/><\/figure>\n\n\n\n<div style=\"height:30px\" aria-hidden=\"true\" class=\"wp-block-spacer\"><\/div>\n\n\n\n<h2 class=\"wp-block-heading\"><strong>Avantages<\/strong><\/h2>\n\n\n\n<p>L'essor du microciment dans la d\u00e9coration int\u00e9rieure n'est pas le fruit du hasard. Il offre un r\u00e9sultat durable et \u00e9l\u00e9gant sans n\u00e9cessiter de r\u00e9novations complexes. Qu'il s'agisse d'une seule pi\u00e8ce ou d'un espace entier, ce rev\u00eatement donne un aspect minimaliste et \u00e9l\u00e9gant avec une plus grande sensation d'espace. Le microciment de Satine est garanti jusqu'\u00e0 10 ans, ce qui lui conf\u00e8re une beaut\u00e9 et une praticit\u00e9 durables, sans probl\u00e8mes d'\u00e9caillage, de fissuration ou d'humidit\u00e9.<\/p>\n\n\n\n<h2 class=\"wp-block-heading\"><strong>Processus de candidature<\/strong><\/h2>\n\n\n\n<p>Pour appliquer ce rev\u00eatement, suivez les cinq \u00e9tapes suivantes :<\/p>\n\n\n\n<ol class=\"wp-block-list\">\n<li>Nettoyer la surface<a href=\"https:\/\/www.satinestone.com\">.<\/a><\/li>\n\n\n\n<li>Appliquer une couche d'appr\u00eat et utiliser un treillis en fibre de verre.<\/li>\n\n\n\n<li>Appliquer deux couches de microciment de base.<\/li>\n\n\n\n<li>Appliquer deux couches de microciment de finition.<\/li>\n\n\n\n<li>Sceller et prot\u00e9ger.<\/li>\n<\/ol>\n\n\n\n<p>Pour des instructions d'application d\u00e9taill\u00e9es et des recommandations de produits, visitez notre site.<\/p>\n\n\n\n<h2 class=\"wp-block-heading\"><strong>Co\u00fbt<\/strong><\/h2>\n\n\n\n<p>Plusieurs facteurs influencent le co\u00fbt de l'application du microciment, notamment la surface, l'\u00e9tat du support existant et la qualit\u00e9 du produit. Les prix varient g\u00e9n\u00e9ralement entre 60 et 100 euros par m\u00e8tre carr\u00e9, en fonction de ces facteurs et de la complexit\u00e9 du travail.<\/p>\n\n\n\n<h2 class=\"wp-block-heading\"><strong>Tendance des murs de cuisine<\/strong><\/h2>\n\n\n\n<p>Le microciment est un choix remarquable pour les murs de cuisine en raison de sa r\u00e9sistance \u00e0 l'humidit\u00e9, aux produits de nettoyage et aux chocs quotidiens. Ses propri\u00e9t\u00e9s imperm\u00e9ables et sa r\u00e9sistance aux taches en font une excellente option, et la cuisine reste utilisable pendant la r\u00e9novation puisqu'il n'est pas n\u00e9cessaire de d\u00e9molir ou d'enlever les mat\u00e9riaux existants.<\/p>","protected":false},"excerpt":{"rendered":"<p>Microcement Walls: Applications, Advatages and Uses. Microcement walls is a decorative coating that has gained popularity due to its widespread application as a seamless flooring solution in both private homes and large commercial spaces. Its versatility in finishes, colors, and textures, combined with its functionality and competitive pricing, has driven the recent surge in its [&hellip;]<\/p>\n","protected":false},"author":1,"featured_media":0,"parent":2814,"menu_order":0,"comment_status":"closed","ping_status":"closed","template":"","meta":{"footnotes":""},"class_list":["post-5055","page","type-page","status-publish","hentry"],"yoast_head":"<!-- This site is optimized with the Yoast SEO plugin v27.5 - https:\/\/yoast.com\/product\/yoast-seo-wordpress\/ -->\n<title>Microcement Walls - Satine<\/title>\n<meta name=\"description\" content=\"Microcement walls the ultimate solution for elegant and durable walls. Perfect for both indoor and outdoor applications, this versatile coating offers resistance, waterproofing, and effortless upkeep without the need for costly renovations.\" \/>\n<meta name=\"robots\" content=\"index, follow, max-snippet:-1, max-image-preview:large, max-video-preview:-1\" \/>\n<link rel=\"canonical\" href=\"https:\/\/www.satine.com\/fr\/microciment\/murs-en-microciment\/\" \/>\n<meta property=\"og:locale\" content=\"fr_FR\" \/>\n<meta property=\"og:type\" content=\"article\" \/>\n<meta property=\"og:title\" content=\"Microcement Walls - Satine\" \/>\n<meta property=\"og:description\" content=\"Microcement walls the ultimate solution for elegant and durable walls. Perfect for both indoor and outdoor applications, this versatile coating offers resistance, waterproofing, and effortless upkeep without the need for costly renovations.\" \/>\n<meta property=\"og:url\" content=\"https:\/\/www.satine.com\/fr\/microciment\/murs-en-microciment\/\" \/>\n<meta property=\"og:site_name\" content=\"Satine\" \/>\n<meta property=\"article:modified_time\" content=\"2024-09-17T12:36:32+00:00\" \/>\n<meta property=\"og:image\" content=\"https:\/\/www.satine.com\/wp-content\/uploads\/2024\/09\/Microcemento-Satine-1024x1024-5.png\" \/>\n<meta name=\"twitter:card\" content=\"summary_large_image\" \/>\n<meta name=\"twitter:label1\" content=\"Dur\u00e9e de lecture estim\u00e9e\" \/>\n\t<meta name=\"twitter:data1\" content=\"4 minutes\" \/>\n<script type=\"application\/ld+json\" class=\"yoast-schema-graph\">{\"@context\":\"https:\\\/\\\/schema.org\",\"@graph\":[{\"@type\":\"WebPage\",\"@id\":\"https:\\\/\\\/www.satine.com\\\/microcement\\\/microcement-walls\\\/\",\"url\":\"https:\\\/\\\/www.satine.com\\\/microcement\\\/microcement-walls\\\/\",\"name\":\"Microcement Walls - Satine\",\"isPartOf\":{\"@id\":\"https:\\\/\\\/www.satine.com\\\/#website\"},\"primaryImageOfPage\":{\"@id\":\"https:\\\/\\\/www.satine.com\\\/microcement\\\/microcement-walls\\\/#primaryimage\"},\"image\":{\"@id\":\"https:\\\/\\\/www.satine.com\\\/microcement\\\/microcement-walls\\\/#primaryimage\"},\"thumbnailUrl\":\"https:\\\/\\\/www.satine.com\\\/wp-content\\\/uploads\\\/2024\\\/09\\\/Microcemento-Satine-1024x1024-5.png\",\"datePublished\":\"2024-09-16T09:50:39+00:00\",\"dateModified\":\"2024-09-17T12:36:32+00:00\",\"description\":\"Microcement walls the ultimate solution for elegant and durable walls. Perfect for both indoor and outdoor applications, this versatile coating offers resistance, waterproofing, and effortless upkeep without the need for costly renovations.\",\"breadcrumb\":{\"@id\":\"https:\\\/\\\/www.satine.com\\\/microcement\\\/microcement-walls\\\/#breadcrumb\"},\"inLanguage\":\"fr-FR\",\"potentialAction\":[{\"@type\":\"ReadAction\",\"target\":[\"https:\\\/\\\/www.satine.com\\\/microcement\\\/microcement-walls\\\/\"]}]},{\"@type\":\"ImageObject\",\"inLanguage\":\"fr-FR\",\"@id\":\"https:\\\/\\\/www.satine.com\\\/microcement\\\/microcement-walls\\\/#primaryimage\",\"url\":\"https:\\\/\\\/www.satine.com\\\/wp-content\\\/uploads\\\/2024\\\/09\\\/Microcemento-Satine-1024x1024-5.png\",\"contentUrl\":\"https:\\\/\\\/www.satine.com\\\/wp-content\\\/uploads\\\/2024\\\/09\\\/Microcemento-Satine-1024x1024-5.png\"},{\"@type\":\"BreadcrumbList\",\"@id\":\"https:\\\/\\\/www.satine.com\\\/microcement\\\/microcement-walls\\\/#breadcrumb\",\"itemListElement\":[{\"@type\":\"ListItem\",\"position\":1,\"name\":\"Inicio\",\"item\":\"https:\\\/\\\/www.satine.com\\\/\"},{\"@type\":\"ListItem\",\"position\":2,\"name\":\"Microcement\",\"item\":\"https:\\\/\\\/www.satine.com\\\/microcement\\\/\"},{\"@type\":\"ListItem\",\"position\":3,\"name\":\"Microcement Walls\"}]},{\"@type\":\"WebSite\",\"@id\":\"https:\\\/\\\/www.satine.com\\\/#website\",\"url\":\"https:\\\/\\\/www.satine.com\\\/\",\"name\":\"Satine - Microcement\",\"description\":\"\",\"alternateName\":\"Satine - Microcement\",\"potentialAction\":[{\"@type\":\"SearchAction\",\"target\":{\"@type\":\"EntryPoint\",\"urlTemplate\":\"https:\\\/\\\/www.satine.com\\\/?s={search_term_string}\"},\"query-input\":{\"@type\":\"PropertyValueSpecification\",\"valueRequired\":true,\"valueName\":\"search_term_string\"}}],\"inLanguage\":\"fr-FR\"}]}<\/script>\n<!-- \/ Yoast SEO plugin. -->","yoast_head_json":{"title":"Murs en microciment - Satine","description":"Les murs en microciment, la solution ultime pour des murs \u00e9l\u00e9gants et durables. Parfait pour les applications int\u00e9rieures et ext\u00e9rieures, ce rev\u00eatement polyvalent offre r\u00e9sistance, imperm\u00e9abilit\u00e9 et facilit\u00e9 d'entretien sans n\u00e9cessiter de r\u00e9novations co\u00fbteuses.","robots":{"index":"index","follow":"follow","max-snippet":"max-snippet:-1","max-image-preview":"max-image-preview:large","max-video-preview":"max-video-preview:-1"},"canonical":"https:\/\/www.satine.com\/fr\/microciment\/murs-en-microciment\/","og_locale":"fr_FR","og_type":"article","og_title":"Microcement Walls - Satine","og_description":"Microcement walls the ultimate solution for elegant and durable walls. Perfect for both indoor and outdoor applications, this versatile coating offers resistance, waterproofing, and effortless upkeep without the need for costly renovations.","og_url":"https:\/\/www.satine.com\/fr\/microciment\/murs-en-microciment\/","og_site_name":"Satine","article_modified_time":"2024-09-17T12:36:32+00:00","og_image":[{"url":"https:\/\/www.satine.com\/wp-content\/uploads\/2024\/09\/Microcemento-Satine-1024x1024-5.png","type":"","width":"","height":""}],"twitter_card":"summary_large_image","twitter_misc":{"Dur\u00e9e de lecture estim\u00e9e":"4 minutes"},"schema":{"@context":"https:\/\/schema.org","@graph":[{"@type":"WebPage","@id":"https:\/\/www.satine.com\/microcement\/microcement-walls\/","url":"https:\/\/www.satine.com\/microcement\/microcement-walls\/","name":"Murs en microciment - Satine","isPartOf":{"@id":"https:\/\/www.satine.com\/#website"},"primaryImageOfPage":{"@id":"https:\/\/www.satine.com\/microcement\/microcement-walls\/#primaryimage"},"image":{"@id":"https:\/\/www.satine.com\/microcement\/microcement-walls\/#primaryimage"},"thumbnailUrl":"https:\/\/www.satine.com\/wp-content\/uploads\/2024\/09\/Microcemento-Satine-1024x1024-5.png","datePublished":"2024-09-16T09:50:39+00:00","dateModified":"2024-09-17T12:36:32+00:00","description":"Les murs en microciment, la solution ultime pour des murs \u00e9l\u00e9gants et durables. Parfait pour les applications int\u00e9rieures et ext\u00e9rieures, ce rev\u00eatement polyvalent offre r\u00e9sistance, imperm\u00e9abilit\u00e9 et facilit\u00e9 d'entretien sans n\u00e9cessiter de r\u00e9novations co\u00fbteuses.","breadcrumb":{"@id":"https:\/\/www.satine.com\/microcement\/microcement-walls\/#breadcrumb"},"inLanguage":"fr-FR","potentialAction":[{"@type":"ReadAction","target":["https:\/\/www.satine.com\/microcement\/microcement-walls\/"]}]},{"@type":"ImageObject","inLanguage":"fr-FR","@id":"https:\/\/www.satine.com\/microcement\/microcement-walls\/#primaryimage","url":"https:\/\/www.satine.com\/wp-content\/uploads\/2024\/09\/Microcemento-Satine-1024x1024-5.png","contentUrl":"https:\/\/www.satine.com\/wp-content\/uploads\/2024\/09\/Microcemento-Satine-1024x1024-5.png"},{"@type":"BreadcrumbList","@id":"https:\/\/www.satine.com\/microcement\/microcement-walls\/#breadcrumb","itemListElement":[{"@type":"ListItem","position":1,"name":"Inicio","item":"https:\/\/www.satine.com\/"},{"@type":"ListItem","position":2,"name":"Microcement","item":"https:\/\/www.satine.com\/microcement\/"},{"@type":"ListItem","position":3,"name":"Microcement Walls"}]},{"@type":"WebSite","@id":"https:\/\/www.satine.com\/#website","url":"https:\/\/www.satine.com\/","name":"Satine - Microciment","description":"","alternateName":"Satine - Microcement","potentialAction":[{"@type":"SearchAction","target":{"@type":"EntryPoint","urlTemplate":"https:\/\/www.satine.com\/?s={search_term_string}"},"query-input":{"@type":"PropertyValueSpecification","valueRequired":true,"valueName":"search_term_string"}}],"inLanguage":"fr-FR"}]}},"_links":{"self":[{"href":"https:\/\/www.satine.com\/fr\/wp-json\/wp\/v2\/pages\/5055","targetHints":{"allow":["GET"]}}],"collection":[{"href":"https:\/\/www.satine.com\/fr\/wp-json\/wp\/v2\/pages"}],"about":[{"href":"https:\/\/www.satine.com\/fr\/wp-json\/wp\/v2\/types\/page"}],"author":[{"embeddable":true,"href":"https:\/\/www.satine.com\/fr\/wp-json\/wp\/v2\/users\/1"}],"replies":[{"embeddable":true,"href":"https:\/\/www.satine.com\/fr\/wp-json\/wp\/v2\/comments?post=5055"}],"version-history":[{"count":3,"href":"https:\/\/www.satine.com\/fr\/wp-json\/wp\/v2\/pages\/5055\/revisions"}],"predecessor-version":[{"id":5066,"href":"https:\/\/www.satine.com\/fr\/wp-json\/wp\/v2\/pages\/5055\/revisions\/5066"}],"up":[{"embeddable":true,"href":"https:\/\/www.satine.com\/fr\/wp-json\/wp\/v2\/pages\/2814"}],"wp:attachment":[{"href":"https:\/\/www.satine.com\/fr\/wp-json\/wp\/v2\/media?parent=5055"}],"curies":[{"name":"wp","href":"https:\/\/api.w.org\/{rel}","templated":true}]}}