{"id":4798,"date":"2024-09-11T05:33:59","date_gmt":"2024-09-11T10:33:59","guid":{"rendered":"https:\/\/www.satine.com\/?page_id=4798"},"modified":"2024-09-17T08:38:38","modified_gmt":"2024-09-17T12:38:38","slug":"couleurs-de-microciment","status":"publish","type":"page","link":"https:\/\/www.satine.com\/fr\/microcement\/microcement-colors\/","title":{"rendered":"Couleurs du microciment"},"content":{"rendered":"<h2 class=\"wp-block-heading\"><strong>Couleurs de microciment : Utilisations, types<\/strong>Applications et avantages<\/h2>\n\n\n\n<p>Chez Satine, nous savons que chaque espace a son propre caract\u00e8re, c'est pourquoi nous proposons des solutions en microciment qui se distinguent non seulement par leur durabilit\u00e9 et leur polyvalence, mais aussi par une gamme de couleurs in\u00e9gal\u00e9e. Notre vaste palette de couleurs permet de transformer n'importe quel environnement, en s'adaptant \u00e0 n'importe quel style d\u00e9coratif, du plus moderne et minimaliste au plus classique et chaleureux.<\/p>\n\n\n\n<h3 class=\"wp-block-heading\">Gamme de couleurs Satine<\/h3>\n\n\n\n<p>La palette de couleurs de Satine englobe une diversit\u00e9 impressionnante, des tons neutres et doux aux couleurs vibrantes et audacieuses. Chaque couleur est con\u00e7ue pour mettre en valeur le style et la personnalit\u00e9 de votre espace. Nous proposons une palette divis\u00e9e en plusieurs cat\u00e9gories, con\u00e7ues pour r\u00e9pondre aux besoins et aux pr\u00e9f\u00e9rences les plus vari\u00e9s :<\/p>\n\n\n\n<ul class=\"wp-block-list\">\n<li><strong>Gris et neutres<\/strong>: Ces tons sont id\u00e9aux pour ceux qui recherchent un style contemporain et minimaliste. Chez Satine, nous proposons une s\u00e9lection de gris allant du gris clair \u00e0 l'anthracite \u00e9l\u00e9gant, en passant par des tons beiges d\u00e9licats. Ces couleurs apportent un sentiment de modernit\u00e9 et de sobri\u00e9t\u00e9 \u00e0 n'importe quel espace, cr\u00e9ant un environnement polyvalent et sophistiqu\u00e9.<\/li>\n\n\n\n<li><strong>Les tons de la terre<\/strong>: Pour ceux qui pr\u00e9f\u00e8rent les environnements plus chauds et plus douillets, notre gamme de bruns et d'ocres est le choix id\u00e9al. Ces couleurs, inspir\u00e9es par la nature, ajoutent un sentiment de confort et de connexion \u00e0 l'organique, transformant tout espace en une retraite accueillante et enveloppante.<\/li>\n\n\n\n<li><strong>Blancs et cr\u00e8mes<\/strong>: Si vous recherchez de la luminosit\u00e9 et de l'espace, les tons blanc et cr\u00e8me de Satine sont le choix id\u00e9al. Ces couleurs, parfaites pour les petits espaces ou pour ceux qui souhaitent un style \u00e9pur\u00e9 et serein, refl\u00e8tent la lumi\u00e8re et agrandissent visuellement l'espace, cr\u00e9ant une atmosph\u00e8re calme et vibrante.<\/li>\n\n\n\n<li><strong>Couleurs vives<\/strong>: Pour ceux qui souhaitent ajouter une touche d'originalit\u00e9 et de personnalit\u00e9 \u00e0 leur environnement, nous proposons des microciments dans une large gamme de tons vibrants. Des rouges intenses, des bleus profonds ou des verts \u00e9clatants peuvent devenir la pi\u00e8ce ma\u00eetresse de l'espace, apportant une \u00e9nergie unique et un caract\u00e8re inimitable.<\/li>\n<\/ul>\n\n\n\n<div style=\"height:20px\" aria-hidden=\"true\" class=\"wp-block-spacer\"><\/div>\n\n\n\n<figure class=\"wp-block-image size-full is-resized is-style-default\"><img loading=\"lazy\" decoding=\"async\" width=\"1024\" height=\"1024\" src=\"https:\/\/www.satine.com\/wp-content\/uploads\/2024\/09\/Microcemento-Satine-1024x1024-1.png\" alt=\"\" class=\"wp-image-4802\" style=\"aspect-ratio:16\/9;object-fit:cover;width:1600px\" srcset=\"https:\/\/www.satine.com\/wp-content\/uploads\/2024\/09\/Microcemento-Satine-1024x1024-1.png 1024w, https:\/\/www.satine.com\/wp-content\/uploads\/2024\/09\/Microcemento-Satine-1024x1024-1-300x300.png 300w, https:\/\/www.satine.com\/wp-content\/uploads\/2024\/09\/Microcemento-Satine-1024x1024-1-150x150.png 150w, https:\/\/www.satine.com\/wp-content\/uploads\/2024\/09\/Microcemento-Satine-1024x1024-1-768x768.png 768w, https:\/\/www.satine.com\/wp-content\/uploads\/2024\/09\/Microcemento-Satine-1024x1024-1-12x12.png 12w\" sizes=\"auto, (max-width: 1024px) 100vw, 1024px\" \/><\/figure>\n\n\n\n<div style=\"height:20px\" aria-hidden=\"true\" class=\"wp-block-spacer\"><\/div>\n\n\n\n<h3 class=\"wp-block-heading\">Personnalisation maximale avec Satine<\/h3>\n\n\n\n<p>Chez Satine, la personnalisation est essentielle. Nous comprenons que chaque projet est unique, c'est pourquoi nous offrons la possibilit\u00e9 d'ajuster l'intensit\u00e9 de la couleur, de cr\u00e9er des effets de d\u00e9grad\u00e9 ou m\u00eame de m\u00e9langer diff\u00e9rents tons pour obtenir une finition vraiment exclusive. Cette flexibilit\u00e9 fait que nos produits sont tr\u00e8s recherch\u00e9s dans les espaces r\u00e9sidentiels et commerciaux, o\u00f9 l'esth\u00e9tique est aussi importante que la fonctionnalit\u00e9.<\/p>\n\n\n\n<p>En outre, \u00e0 <a href=\"https:\/\/www.satinestone.com\">Satine<\/a>Si vous le souhaitez, nous pouvons cr\u00e9er n'importe quelle couleur pour votre microciment. Si vous avez une teinte sp\u00e9cifique \u00e0 l'esprit, nous la cr\u00e9erons pour vous, en veillant \u00e0 ce que le r\u00e9sultat final corresponde exactement \u00e0 ce que vous avez imagin\u00e9.<\/p>\n\n\n\n<h3 class=\"wp-block-heading\">Finitions satin\u00e9es exclusives<\/h3>\n\n\n\n<p>La couleur n'est pas le seul moyen de personnaliser votre <a href=\"https:\/\/www.satine.com\/microcement\">microciment.<\/a> Chez Satine, nous proposons \u00e9galement une vari\u00e9t\u00e9 de finitions qui peuvent influencer de mani\u00e8re significative l'aspect final de votre rev\u00eatement. De la finition mate, qui donne une texture lisse et moderne, \u00e0 la finition brillante qui refl\u00e8te la lumi\u00e8re et ajoute une touche de sophistication, en passant par les options satin\u00e9es qui combinent le meilleur des deux mondes. Ces finitions permettent au microciment de s'adapter parfaitement \u00e0 n'importe quel environnement, en am\u00e9liorant \u00e0 la fois la fonctionnalit\u00e9 et l'esth\u00e9tique de l'espace.<\/p>\n\n\n\n<h3 class=\"wp-block-heading\">La promesse de qualit\u00e9 Satine<\/h3>\n\n\n\n<p>Chez Satine, nous sommes fiers d'offrir un produit de haute qualit\u00e9 qui r\u00e9pond non seulement aux attentes esth\u00e9tiques, mais qui offre \u00e9galement une r\u00e9sistance exceptionnelle et une durabilit\u00e9 \u00e0 long terme. Notre engagement est de fournir des solutions de rev\u00eatement qui transforment vos espaces, avec des couleurs qui durent et des finitions qui font la diff\u00e9rence.<\/p>","protected":false},"excerpt":{"rendered":"<p>Microcement Colors: Uses, Types, Applications and Benefits At Satine, we understand that every space has its own character, which is why we offer microcement solutions that stand out not only for their durability and versatility but also for an unparalleled range of colors. Our extensive color palette allows you to transform any environment, adapting to [&hellip;]<\/p>\n","protected":false},"author":1,"featured_media":0,"parent":2814,"menu_order":0,"comment_status":"closed","ping_status":"closed","template":"","meta":{"footnotes":""},"class_list":["post-4798","page","type-page","status-publish","hentry"],"yoast_head":"<!-- This site is optimized with the Yoast SEO plugin v27.3 - https:\/\/yoast.com\/product\/yoast-seo-wordpress\/ -->\n<title>Microcement Colors - Satine<\/title>\n<meta name=\"description\" content=\"Explore Satine&#039;s extensive range of customizable microcement colors. From sleek grays to vibrant tones, transform any space with our high-quality, durable microcement.\" \/>\n<meta name=\"robots\" content=\"index, follow, max-snippet:-1, max-image-preview:large, max-video-preview:-1\" \/>\n<link rel=\"canonical\" href=\"https:\/\/www.satine.com\/fr\/microciment\/couleurs-de-microciment\/\" \/>\n<meta property=\"og:locale\" content=\"fr_FR\" \/>\n<meta property=\"og:type\" content=\"article\" \/>\n<meta property=\"og:title\" content=\"Microcement Colors - Satine\" \/>\n<meta property=\"og:description\" content=\"Explore Satine&#039;s extensive range of customizable microcement colors. From sleek grays to vibrant tones, transform any space with our high-quality, durable microcement.\" \/>\n<meta property=\"og:url\" content=\"https:\/\/www.satine.com\/fr\/microciment\/couleurs-de-microciment\/\" \/>\n<meta property=\"og:site_name\" content=\"Satine\" \/>\n<meta property=\"article:modified_time\" content=\"2024-09-17T12:38:38+00:00\" \/>\n<meta property=\"og:image\" content=\"https:\/\/www.satine.com\/wp-content\/uploads\/2024\/09\/Microcemento-Satine-1024x1024-1.png\" \/>\n<meta name=\"twitter:card\" content=\"summary_large_image\" \/>\n<meta name=\"twitter:label1\" content=\"Dur\u00e9e de lecture estim\u00e9e\" \/>\n\t<meta name=\"twitter:data1\" content=\"3 minutes\" \/>\n<script type=\"application\/ld+json\" class=\"yoast-schema-graph\">{\"@context\":\"https:\\\/\\\/schema.org\",\"@graph\":[{\"@type\":\"WebPage\",\"@id\":\"https:\\\/\\\/www.satine.com\\\/microcement\\\/microcement-colors\\\/\",\"url\":\"https:\\\/\\\/www.satine.com\\\/microcement\\\/microcement-colors\\\/\",\"name\":\"Microcement Colors - Satine\",\"isPartOf\":{\"@id\":\"https:\\\/\\\/www.satine.com\\\/#website\"},\"primaryImageOfPage\":{\"@id\":\"https:\\\/\\\/www.satine.com\\\/microcement\\\/microcement-colors\\\/#primaryimage\"},\"image\":{\"@id\":\"https:\\\/\\\/www.satine.com\\\/microcement\\\/microcement-colors\\\/#primaryimage\"},\"thumbnailUrl\":\"https:\\\/\\\/www.satine.com\\\/wp-content\\\/uploads\\\/2024\\\/09\\\/Microcemento-Satine-1024x1024-1.png\",\"datePublished\":\"2024-09-11T10:33:59+00:00\",\"dateModified\":\"2024-09-17T12:38:38+00:00\",\"description\":\"Explore Satine's extensive range of customizable microcement colors. From sleek grays to vibrant tones, transform any space with our high-quality, durable microcement.\",\"breadcrumb\":{\"@id\":\"https:\\\/\\\/www.satine.com\\\/microcement\\\/microcement-colors\\\/#breadcrumb\"},\"inLanguage\":\"fr-FR\",\"potentialAction\":[{\"@type\":\"ReadAction\",\"target\":[\"https:\\\/\\\/www.satine.com\\\/microcement\\\/microcement-colors\\\/\"]}]},{\"@type\":\"ImageObject\",\"inLanguage\":\"fr-FR\",\"@id\":\"https:\\\/\\\/www.satine.com\\\/microcement\\\/microcement-colors\\\/#primaryimage\",\"url\":\"https:\\\/\\\/www.satine.com\\\/wp-content\\\/uploads\\\/2024\\\/09\\\/Microcemento-Satine-1024x1024-1.png\",\"contentUrl\":\"https:\\\/\\\/www.satine.com\\\/wp-content\\\/uploads\\\/2024\\\/09\\\/Microcemento-Satine-1024x1024-1.png\"},{\"@type\":\"BreadcrumbList\",\"@id\":\"https:\\\/\\\/www.satine.com\\\/microcement\\\/microcement-colors\\\/#breadcrumb\",\"itemListElement\":[{\"@type\":\"ListItem\",\"position\":1,\"name\":\"Inicio\",\"item\":\"https:\\\/\\\/www.satine.com\\\/\"},{\"@type\":\"ListItem\",\"position\":2,\"name\":\"Microcement\",\"item\":\"https:\\\/\\\/www.satine.com\\\/microcement\\\/\"},{\"@type\":\"ListItem\",\"position\":3,\"name\":\"Microcement Colors\"}]},{\"@type\":\"WebSite\",\"@id\":\"https:\\\/\\\/www.satine.com\\\/#website\",\"url\":\"https:\\\/\\\/www.satine.com\\\/\",\"name\":\"Satine - Microcement\",\"description\":\"\",\"alternateName\":\"Satine - Microcement\",\"potentialAction\":[{\"@type\":\"SearchAction\",\"target\":{\"@type\":\"EntryPoint\",\"urlTemplate\":\"https:\\\/\\\/www.satine.com\\\/?s={search_term_string}\"},\"query-input\":{\"@type\":\"PropertyValueSpecification\",\"valueRequired\":true,\"valueName\":\"search_term_string\"}}],\"inLanguage\":\"fr-FR\"}]}<\/script>\n<!-- \/ Yoast SEO plugin. -->","yoast_head_json":{"title":"Microciment Couleurs - Satine","description":"D\u00e9couvrez la vaste gamme de couleurs de microciment personnalisables de Satine. Des gris \u00e9l\u00e9gants aux tons vibrants, transformez n'importe quel espace avec notre microciment durable et de haute qualit\u00e9.","robots":{"index":"index","follow":"follow","max-snippet":"max-snippet:-1","max-image-preview":"max-image-preview:large","max-video-preview":"max-video-preview:-1"},"canonical":"https:\/\/www.satine.com\/fr\/microciment\/couleurs-de-microciment\/","og_locale":"fr_FR","og_type":"article","og_title":"Microcement Colors - Satine","og_description":"Explore Satine's extensive range of customizable microcement colors. From sleek grays to vibrant tones, transform any space with our high-quality, durable microcement.","og_url":"https:\/\/www.satine.com\/fr\/microciment\/couleurs-de-microciment\/","og_site_name":"Satine","article_modified_time":"2024-09-17T12:38:38+00:00","og_image":[{"url":"https:\/\/www.satine.com\/wp-content\/uploads\/2024\/09\/Microcemento-Satine-1024x1024-1.png","type":"","width":"","height":""}],"twitter_card":"summary_large_image","twitter_misc":{"Dur\u00e9e de lecture estim\u00e9e":"3 minutes"},"schema":{"@context":"https:\/\/schema.org","@graph":[{"@type":"WebPage","@id":"https:\/\/www.satine.com\/microcement\/microcement-colors\/","url":"https:\/\/www.satine.com\/microcement\/microcement-colors\/","name":"Microciment Couleurs - Satine","isPartOf":{"@id":"https:\/\/www.satine.com\/#website"},"primaryImageOfPage":{"@id":"https:\/\/www.satine.com\/microcement\/microcement-colors\/#primaryimage"},"image":{"@id":"https:\/\/www.satine.com\/microcement\/microcement-colors\/#primaryimage"},"thumbnailUrl":"https:\/\/www.satine.com\/wp-content\/uploads\/2024\/09\/Microcemento-Satine-1024x1024-1.png","datePublished":"2024-09-11T10:33:59+00:00","dateModified":"2024-09-17T12:38:38+00:00","description":"D\u00e9couvrez la vaste gamme de couleurs de microciment personnalisables de Satine. Des gris \u00e9l\u00e9gants aux tons vibrants, transformez n'importe quel espace avec notre microciment durable et de haute qualit\u00e9.","breadcrumb":{"@id":"https:\/\/www.satine.com\/microcement\/microcement-colors\/#breadcrumb"},"inLanguage":"fr-FR","potentialAction":[{"@type":"ReadAction","target":["https:\/\/www.satine.com\/microcement\/microcement-colors\/"]}]},{"@type":"ImageObject","inLanguage":"fr-FR","@id":"https:\/\/www.satine.com\/microcement\/microcement-colors\/#primaryimage","url":"https:\/\/www.satine.com\/wp-content\/uploads\/2024\/09\/Microcemento-Satine-1024x1024-1.png","contentUrl":"https:\/\/www.satine.com\/wp-content\/uploads\/2024\/09\/Microcemento-Satine-1024x1024-1.png"},{"@type":"BreadcrumbList","@id":"https:\/\/www.satine.com\/microcement\/microcement-colors\/#breadcrumb","itemListElement":[{"@type":"ListItem","position":1,"name":"Inicio","item":"https:\/\/www.satine.com\/"},{"@type":"ListItem","position":2,"name":"Microcement","item":"https:\/\/www.satine.com\/microcement\/"},{"@type":"ListItem","position":3,"name":"Microcement Colors"}]},{"@type":"WebSite","@id":"https:\/\/www.satine.com\/#website","url":"https:\/\/www.satine.com\/","name":"Satine - Microciment","description":"","alternateName":"Satine - Microcement","potentialAction":[{"@type":"SearchAction","target":{"@type":"EntryPoint","urlTemplate":"https:\/\/www.satine.com\/?s={search_term_string}"},"query-input":{"@type":"PropertyValueSpecification","valueRequired":true,"valueName":"search_term_string"}}],"inLanguage":"fr-FR"}]}},"_links":{"self":[{"href":"https:\/\/www.satine.com\/fr\/wp-json\/wp\/v2\/pages\/4798","targetHints":{"allow":["GET"]}}],"collection":[{"href":"https:\/\/www.satine.com\/fr\/wp-json\/wp\/v2\/pages"}],"about":[{"href":"https:\/\/www.satine.com\/fr\/wp-json\/wp\/v2\/types\/page"}],"author":[{"embeddable":true,"href":"https:\/\/www.satine.com\/fr\/wp-json\/wp\/v2\/users\/1"}],"replies":[{"embeddable":true,"href":"https:\/\/www.satine.com\/fr\/wp-json\/wp\/v2\/comments?post=4798"}],"version-history":[{"count":5,"href":"https:\/\/www.satine.com\/fr\/wp-json\/wp\/v2\/pages\/4798\/revisions"}],"predecessor-version":[{"id":4808,"href":"https:\/\/www.satine.com\/fr\/wp-json\/wp\/v2\/pages\/4798\/revisions\/4808"}],"up":[{"embeddable":true,"href":"https:\/\/www.satine.com\/fr\/wp-json\/wp\/v2\/pages\/2814"}],"wp:attachment":[{"href":"https:\/\/www.satine.com\/fr\/wp-json\/wp\/v2\/media?parent=4798"}],"curies":[{"name":"wp","href":"https:\/\/api.w.org\/{rel}","templated":true}]}}