{"id":4331,"date":"2024-07-18T06:03:11","date_gmt":"2024-07-18T11:03:11","guid":{"rendered":"https:\/\/www.satine.com\/?page_id=4331"},"modified":"2024-10-18T06:40:06","modified_gmt":"2024-10-18T10:40:06","slug":"faq","status":"publish","type":"page","link":"https:\/\/www.satine.com\/fr\/faq\/","title":{"rendered":"FAQ"},"content":{"rendered":"<h2 class=\"wp-block-heading\">Tout ce que vous devez savoir sur le microciment de Satine : Utilisations, types, applications et avantages<\/h2>\n\n\n\n<div style=\"height:25px\" aria-hidden=\"true\" class=\"wp-block-spacer\"><\/div>\n\n\n\n<p><strong>Satine <a href=\"https:\/\/www.satine.com\/microcement\">Microciment<\/a><\/strong> est un rev\u00eatement d\u00e9coratif polyvalent compos\u00e9 de ciment, de r\u00e9sines \u00e0 base d'eau, d'additifs et de pigments min\u00e9raux. Ce mat\u00e9riau est r\u00e9put\u00e9 pour son excellente adh\u00e9rence, ce qui lui permet d'\u00eatre appliqu\u00e9 sur une grande vari\u00e9t\u00e9 de surfaces, tant verticales qu'horizontales. L'un de ses principaux avantages est qu'il peut \u00eatre appliqu\u00e9 directement sur des mat\u00e9riaux existants tels que le carrelage, les cloisons s\u00e8ches, le marbre, le terrazzo ou le pl\u00e2tre, ce qui facilite les r\u00e9novations rapides sans n\u00e9cessiter de travaux de construction importants, avec une \u00e9paisseur minimale de seulement 3 millim\u00e8tres.<\/p>\n\n\n\n<div style=\"height:25px\" aria-hidden=\"true\" class=\"wp-block-spacer\"><\/div>\n\n\n\n<h2 class=\"wp-block-heading\">Avantages du microciment de Satine<\/h2>\n\n\n\n<ul class=\"wp-block-list\">\n<li><strong>Finitions d\u00e9coratives multiples<\/strong>: Le microciment Satine offre une large gamme de couleurs et de textures (grossi\u00e8re, moyenne ou fine) qui vous permet de personnaliser tout espace en fonction de votre style et de vos pr\u00e9f\u00e9rences. Que vous souhaitiez une finition lisse et \u00e9l\u00e9gante ou un aspect textur\u00e9 et rustique, ce produit peut y parvenir.<\/li>\n\n\n\n<li><strong>Surface sans couture<\/strong>: L'une des principales caract\u00e9ristiques du microciment est sa capacit\u00e9 \u00e0 cr\u00e9er une surface continue sans joints ni fissures. Cela permet non seulement d'am\u00e9liorer l'aspect esth\u00e9tique de l'espace, mais aussi d'\u00e9viter l'accumulation de salet\u00e9s et de crasse dans les zones difficiles \u00e0 nettoyer, ce qui facilite l'entretien.<\/li>\n\n\n\n<li><strong>Applicable sur diff\u00e9rentes surfaces<\/strong>: Le microciment Satine peut \u00eatre appliqu\u00e9 sur un nombre impressionnant de surfaces, notamment les sols, les murs, les plafonds, les piscines et les meubles. Sa polyvalence lui permet d'\u00eatre utilis\u00e9 \u00e0 l'int\u00e9rieur comme \u00e0 l'ext\u00e9rieur, ce qui lui conf\u00e8re un aspect homog\u00e8ne dans l'ensemble de votre propri\u00e9t\u00e9.<\/li>\n\n\n\n<li><strong>Forte adh\u00e9rence<\/strong>: Ce produit pr\u00e9sente des propri\u00e9t\u00e9s d'adh\u00e9rence \u00e9lev\u00e9es, ce qui le rend compatible avec de nombreux mat\u00e9riaux tels que le carrelage, le marbre, la c\u00e9ramique, le terrazzo, les cloisons s\u00e8ches, le b\u00e9ton et le pl\u00e2tre. Il peut ainsi \u00eatre appliqu\u00e9 sur des surfaces existantes sans qu'il soit n\u00e9cessaire de l'enlever.<\/li>\n\n\n\n<li><strong>Durable<\/strong>: Le microciment Satine est tr\u00e8s r\u00e9sistant au trafic pi\u00e9tonnier, aux impacts, aux rayures et aux produits chimiques. Cette durabilit\u00e9 garantit que les surfaces restent intactes et impeccables, m\u00eame dans les zones \u00e0 fort trafic ou dans les espaces expos\u00e9s \u00e0 des conditions difficiles.<\/li>\n\n\n\n<li><strong>Imperm\u00e9able et antid\u00e9rapant<\/strong>: Sa nature imperm\u00e9able le rend id\u00e9al pour les zones humides telles que les salles de bains et les cuisines. En outre, lorsque des finitions sp\u00e9cifiques sont appliqu\u00e9es, il peut offrir des propri\u00e9t\u00e9s antid\u00e9rapantes, am\u00e9liorant ainsi la s\u00e9curit\u00e9 dans ces espaces.<\/li>\n\n\n\n<li><strong>Des r\u00e9novations rapides et propres<\/strong>: L'application du microciment est un processus simple qui n'entra\u00eene qu'un minimum de perturbations. Elle permet des r\u00e9novations rapides et propres, sans le d\u00e9sordre et les d\u00e9bris typiquement associ\u00e9s aux m\u00e9thodes de construction traditionnelles.<\/li>\n\n\n\n<li><strong>\u00c9paisseur minimale<\/strong>: Avec seulement 2-3 mm d'\u00e9paisseur, le microciment Satine n'ajoute pas de mani\u00e8re significative \u00e0 la charge structurelle du b\u00e2timent. Cela en fait un excellent choix pour r\u00e9nover les structures existantes sans compromettre leur int\u00e9grit\u00e9.<\/li>\n\n\n\n<li><strong>Respect de l'environnement<\/strong>: Compos\u00e9 de mat\u00e9riaux naturels, le microciment Satine est une option respectueuse de l'environnement. Il est exempt de produits chimiques nocifs et soutient les pratiques de construction durable.<\/li>\n\n\n\n<li><strong>Entretien facile<\/strong>: L'entretien d'une surface en microciment est simple. Un nettoyage r\u00e9gulier avec de l'eau et un savon \u00e0 pH neutre lui permet de conserver son aspect neuf. Le fait qu'il soit sans joint permet \u00e9galement de r\u00e9duire les zones de d\u00e9veloppement des bact\u00e9ries et des moisissures.<\/li>\n\n\n\n<li><strong>Hygi\u00e9nique<\/strong>: La surface continue du microciment contribue \u00e0 cr\u00e9er des espaces exempts de germes et de bact\u00e9ries, favorisant ainsi un environnement de vie plus sain.<\/li>\n<\/ul>\n\n\n\n<div style=\"height:120px\" aria-hidden=\"true\" class=\"wp-block-spacer\"><\/div>\n\n\n\n<figure class=\"wp-block-video\"><video height=\"1080\" style=\"aspect-ratio: 1920 \/ 1080;\" width=\"1920\" controls src=\"https:\/\/www.satine.com\/wp-content\/uploads\/2024\/10\/Diseno-sin-titulo-3.mp4\"><\/video><\/figure>\n\n\n\n<div style=\"height:30px\" aria-hidden=\"true\" class=\"wp-block-spacer\"><\/div>\n\n\n\n<h2 class=\"wp-block-heading\">Questions fr\u00e9quentes sur le microciment<\/h2>\n\n\n\n<div class=\"wp-block-group is-vertical is-layout-flex wp-container-core-group-is-layout-8cf370e7 wp-block-group-is-layout-flex\">\n<details class=\"wp-block-details is-layout-flow wp-block-details-is-layout-flow\"><summary><strong>Le microciment peut-il \u00eatre appliqu\u00e9 \u00e0 basse temp\u00e9rature ?<\/strong><br><\/summary>\n<p>L'application du microciment \u00e0 basse temp\u00e9rature peut s'av\u00e9rer difficile et n'est pas recommand\u00e9e en dessous de 10\u00b0C, car le s\u00e9chage et les propri\u00e9t\u00e9s du mat\u00e9riau peuvent \u00eatre affect\u00e9s.<\/p>\n<\/details>\n\n\n\n<details class=\"wp-block-details is-layout-flow wp-block-details-is-layout-flow\"><summary><strong>Quel est le co\u00fbt du microciment par m\u00e8tre carr\u00e9 ?<\/strong><br><\/summary>\n<p>Le co\u00fbt du microciment est variable mais se situe g\u00e9n\u00e9ralement entre 40 et 100 euros par m\u00e8tre carr\u00e9, mat\u00e9riaux et main d'\u0153uvre compris.<\/p>\n<\/details>\n\n\n\n<details class=\"wp-block-details is-layout-flow wp-block-details-is-layout-flow\"><summary><strong>Quel temps de s\u00e9chage faut-il pr\u00e9voir entre la premi\u00e8re et la deuxi\u00e8me couche de scellant ?<\/strong><br><\/summary>\n<p>En r\u00e8gle g\u00e9n\u00e9rale, il faut pr\u00e9voir un temps de s\u00e9chage de 4 \u00e0 6 heures entre la premi\u00e8re et la deuxi\u00e8me couche de scellant, bien que ce d\u00e9lai puisse varier en fonction du type de scellant et des conditions ambiantes.<\/p>\n<\/details>\n\n\n\n<details class=\"wp-block-details is-layout-flow wp-block-details-is-layout-flow\"><summary><strong>Est-il obligatoire d'appliquer le treillis pour le microciment ?<\/strong><br><\/summary>\n<p>Il n'est pas toujours obligatoire mais il est recommand\u00e9, surtout sur les surfaces qui peuvent pr\u00e9senter des mouvements ou des fissures, pour \u00e9viter les craquelures.<\/p>\n<\/details>\n\n\n\n<details class=\"wp-block-details is-layout-flow wp-block-details-is-layout-flow\"><summary><strong>Comment puis-je m'inscrire \u00e0 un cours sur le microciment ?<\/strong><br><\/summary>\n<p>Contactez-nous via notre page de contact ou nos r\u00e9seaux sociaux pour obtenir plus d'informations sur le microciment et d'autres cours d'application de mat\u00e9riaux.<\/p>\n<\/details>\n\n\n\n<details class=\"wp-block-details is-layout-flow wp-block-details-is-layout-flow\"><summary><strong>Les couleurs peuvent-elles \u00eatre combin\u00e9es sur une m\u00eame surface ?<\/strong><br><\/summary>\n<p>Oui, les couleurs peuvent \u00eatre combin\u00e9es sur une m\u00eame surface pour cr\u00e9er des motifs et des effets d\u00e9coratifs personnalis\u00e9s.<\/p>\n<\/details>\n\n\n\n<details class=\"wp-block-details is-layout-flow wp-block-details-is-layout-flow\"><summary><strong>Pourquoi y a-t-il des diff\u00e9rences de brillance entre l'\u00e9chantillon et le produit fini ?<\/strong><br><\/summary>\n<p>Les diff\u00e9rences de brillance peuvent \u00eatre dues \u00e0 des variations dans l'application, au type de scellant utilis\u00e9 et aux conditions environnementales pendant le s\u00e9chage.<\/p>\n<\/details>\n\n\n\n<details class=\"wp-block-details is-layout-flow wp-block-details-is-layout-flow\"><summary><strong>Le microciment peut-il perdre sa couleur avec le temps ?<\/strong><br><\/summary>\n<p>Le microciment peut perdre sa couleur s'il n'est pas correctement prot\u00e9g\u00e9 ou s'il est expos\u00e9 \u00e0 des produits chimiques agressifs. Une bonne \u00e9tanch\u00e9it\u00e9 et un bon entretien permettent de pr\u00e9server la couleur.<\/p>\n<\/details>\n\n\n\n<details class=\"wp-block-details is-layout-flow wp-block-details-is-layout-flow\"><summary><strong>Comment nettoyer le microciment ?<\/strong><br><\/summary>\n<p>Il est recommand\u00e9 d'utiliser des produits de nettoyage neutres et non abrasifs. \u00c9vitez les produits contenant du chlore ou des acides qui peuvent endommager le scellant.<\/p>\n<\/details>\n\n\n\n<details class=\"wp-block-details is-layout-flow wp-block-details-is-layout-flow\"><summary><strong>Combien de temps dure une r\u00e9novation en microciment ?<\/strong><br><\/summary>\n<p>L'application du microciment prend g\u00e9n\u00e9ralement entre 4 et 7 jours, en fonction des conditions environnementales et de la complexit\u00e9 du travail.<\/p>\n<\/details>\n\n\n\n<details class=\"wp-block-details is-layout-flow wp-block-details-is-layout-flow\"><summary><strong>Quelles sont les diff\u00e9rences entre le microciment et le b\u00e9ton poli ?<\/strong><br><\/summary>\n<p>Le microciment est une couche mince (2-3 mm) appliqu\u00e9e sur des surfaces existantes, tandis que le b\u00e9ton poli est une couche plus \u00e9paisse (5-10 cm) utilis\u00e9e pour cr\u00e9er de nouveaux sols. En outre, le microciment offre une plus grande personnalisation en termes de couleurs et de textures.<\/p>\n<\/details>\n\n\n\n<details class=\"wp-block-details is-layout-flow wp-block-details-is-layout-flow\"><summary><strong>Le microciment est-il antid\u00e9rapant ?<\/strong><br><\/summary>\n<p>Le microciment peut \u00eatre rendu antid\u00e9rapant par l'application d'additifs sp\u00e9cifiques dans le scellant final.<\/p>\n<\/details>\n\n\n\n<details class=\"wp-block-details is-layout-flow wp-block-details-is-layout-flow\"><summary><strong>Le microciment est-il \u00e9tanche ?<\/strong><br><\/summary>\n<p>Une fois correctement scell\u00e9, le microciment est imperm\u00e9able \u00e0 l'eau, ce qui le rend adapt\u00e9 aux zones humides telles que les salles de bains et les cuisines.<\/p>\n<\/details>\n\n\n\n<details class=\"wp-block-details is-layout-flow wp-block-details-is-layout-flow\"><summary><strong>Le microciment peut-il \u00eatre appliqu\u00e9 sur un plancher chauffant ?<\/strong><br><\/summary>\n<p>Oui, le microciment est compatible avec le chauffage par le sol \u00e0 condition de respecter les recommandations du fabricant concernant l'application et la mise en chauffe progressive du syst\u00e8me.<\/p>\n<\/details>\n\n\n\n<details class=\"wp-block-details is-layout-flow wp-block-details-is-layout-flow\"><summary><strong>Sur quelles surfaces le microciment peut-il \u00eatre appliqu\u00e9 ?<\/strong><br><\/summary>\n<p>Le microciment peut \u00eatre appliqu\u00e9 sur une vari\u00e9t\u00e9 de surfaces, y compris le b\u00e9ton, le carrelage, la c\u00e9ramique, le pl\u00e2tre, le bois, le m\u00e9tal et d'autres mat\u00e9riaux. La surface doit \u00eatre propre, s\u00e8che et plane.<br><br><\/p>\n<\/details>\n\n\n\n<details class=\"wp-block-details is-layout-flow wp-block-details-is-layout-flow\"><summary><strong>Le microciment n\u00e9cessite-t-il des soins particuliers ?<\/strong><br><\/summary>\n<p>Oui, le microciment n\u00e9cessite certains soins pour conserver son aspect et sa durabilit\u00e9. \u00c9vitez les chocs violents, utilisez des protections de meubles et nettoyez avec des produits non abrasifs pour le maintenir en bon \u00e9tat.<\/p>\n<\/details>\n\n\n\n<details class=\"wp-block-details is-layout-flow wp-block-details-is-layout-flow\"><summary><strong>Quelles sont la r\u00e9sistance et la duret\u00e9 du microciment ?<\/strong><br><\/summary>\n<p><strong>La force :<\/strong>&nbsp;Le microciment a une r\u00e9sistance \u00e0 la compression d'environ 25 \u00e0 40 MPa (m\u00e9gapascals) et une r\u00e9sistance \u00e0 la flexion de 7 \u00e0 10 MPa.<strong>Duret\u00e9 :<\/strong>&nbsp;La duret\u00e9 superficielle du microciment, mesur\u00e9e sur l'\u00e9chelle de Mohs, est g\u00e9n\u00e9ralement comprise entre 3 et 4.<\/p>\n<\/details>\n\n\n\n<details class=\"wp-block-details is-layout-flow wp-block-details-is-layout-flow\"><summary><strong>Faut-il brosser les portes ?<\/strong><br><\/summary>\n<p>Pas toujours, mais dans certaines r\u00e9novations, il peut \u00eatre n\u00e9cessaire d'ajuster les portes si l'\u00e9paisseur du microciment affecte leur fonctionnement.<\/p>\n<\/details>\n\n\n\n<details class=\"wp-block-details is-layout-flow wp-block-details-is-layout-flow\"><summary><strong>Le microciment peut-il \u00eatre appliqu\u00e9 par temps tr\u00e8s chaud ?<\/strong><br><\/summary>\n<p>Oui, mais des pr\u00e9cautions suppl\u00e9mentaires doivent \u00eatre prises, comme \u00e9viter l'exposition directe au soleil et maintenir une hydratation correcte du mat\u00e9riau pour \u00e9viter un s\u00e9chage trop rapide.<\/p>\n<\/details>\n\n\n\n<details class=\"wp-block-details is-layout-flow wp-block-details-is-layout-flow\"><summary><strong>Quelle est la diff\u00e9rence entre le microciment et le ciment traditionnel ?<br> <\/strong><\/summary>\n<p>Le microciment est un rev\u00eatement d\u00e9coratif mince et polyvalent compos\u00e9 de ciment fin, de r\u00e9sines \u00e0 base d'eau et de pigments, adapt\u00e9 \u00e0 diverses surfaces, y compris les sols et les murs. Le ciment traditionnel est un mat\u00e9riau de construction de base m\u00e9lang\u00e9 \u00e0 du sable et du gravier pour former le b\u00e9ton, utilis\u00e9 dans des applications structurelles plus \u00e9paisses.<\/p>\n<\/details>\n\n\n\n<div style=\"height:0px\" aria-hidden=\"true\" class=\"wp-block-spacer wp-container-content-c00f5982\"><\/div>\n<\/div>","protected":false},"excerpt":{"rendered":"<p>Everything You Need to Know About Satine Microcement: Uses, Types, Application, and Benefits Satine Microcement is a versatile decorative coating composed of cement, water-based resins, additives, and mineral pigments. This material is renowned for its excellent adhesion, allowing it to be applied to a wide variety of surfaces, both vertical and horizontal. One of its [&hellip;]<\/p>\n","protected":false},"author":1,"featured_media":0,"parent":0,"menu_order":0,"comment_status":"closed","ping_status":"closed","template":"","meta":{"footnotes":""},"class_list":["post-4331","page","type-page","status-publish","hentry"],"yoast_head":"<!-- This site is optimized with the Yoast SEO plugin v27.5 - https:\/\/yoast.com\/product\/yoast-seo-wordpress\/ -->\n<title>Frequently Asked Questions of Microcement (FAQ) - Satine<\/title>\n<meta name=\"description\" content=\"What is microcement? Satine Microcement is a decorative coating composed of cement, water-based resins, additives, and mineral pigments. It can be applied to various vertical and horizontal surfaces, providing a seamless, durable finish.\" \/>\n<meta name=\"robots\" content=\"index, follow, max-snippet:-1, max-image-preview:large, max-video-preview:-1\" \/>\n<link rel=\"canonical\" href=\"https:\/\/www.satine.com\/fr\/faq\/\" \/>\n<meta property=\"og:locale\" content=\"fr_FR\" \/>\n<meta property=\"og:type\" content=\"article\" \/>\n<meta property=\"og:title\" content=\"Frequently Asked Questions of Microcement (FAQ) - Satine\" \/>\n<meta property=\"og:description\" content=\"What is microcement? Satine Microcement is a decorative coating composed of cement, water-based resins, additives, and mineral pigments. It can be applied to various vertical and horizontal surfaces, providing a seamless, durable finish.\" \/>\n<meta property=\"og:url\" content=\"https:\/\/www.satine.com\/fr\/faq\/\" \/>\n<meta property=\"og:site_name\" content=\"Satine\" \/>\n<meta property=\"article:modified_time\" content=\"2024-10-18T10:40:06+00:00\" \/>\n<meta name=\"twitter:card\" content=\"summary_large_image\" \/>\n<meta name=\"twitter:label1\" content=\"Dur\u00e9e de lecture estim\u00e9e\" \/>\n\t<meta name=\"twitter:data1\" content=\"5 minutes\" \/>\n<script type=\"application\/ld+json\" class=\"yoast-schema-graph\">{\"@context\":\"https:\\\/\\\/schema.org\",\"@graph\":[{\"@type\":\"WebPage\",\"@id\":\"https:\\\/\\\/www.satine.com\\\/faq\\\/\",\"url\":\"https:\\\/\\\/www.satine.com\\\/faq\\\/\",\"name\":\"Frequently Asked Questions of Microcement (FAQ) - Satine\",\"isPartOf\":{\"@id\":\"https:\\\/\\\/www.satine.com\\\/#website\"},\"datePublished\":\"2024-07-18T11:03:11+00:00\",\"dateModified\":\"2024-10-18T10:40:06+00:00\",\"description\":\"What is microcement? Satine Microcement is a decorative coating composed of cement, water-based resins, additives, and mineral pigments. It can be applied to various vertical and horizontal surfaces, providing a seamless, durable finish.\",\"breadcrumb\":{\"@id\":\"https:\\\/\\\/www.satine.com\\\/faq\\\/#breadcrumb\"},\"inLanguage\":\"fr-FR\",\"potentialAction\":[{\"@type\":\"ReadAction\",\"target\":[\"https:\\\/\\\/www.satine.com\\\/faq\\\/\"]}]},{\"@type\":\"BreadcrumbList\",\"@id\":\"https:\\\/\\\/www.satine.com\\\/faq\\\/#breadcrumb\",\"itemListElement\":[{\"@type\":\"ListItem\",\"position\":1,\"name\":\"Inicio\",\"item\":\"https:\\\/\\\/www.satine.com\\\/\"},{\"@type\":\"ListItem\",\"position\":2,\"name\":\"FAQ\"}]},{\"@type\":\"WebSite\",\"@id\":\"https:\\\/\\\/www.satine.com\\\/#website\",\"url\":\"https:\\\/\\\/www.satine.com\\\/\",\"name\":\"Satine - Microcement\",\"description\":\"\",\"alternateName\":\"Satine - Microcement\",\"potentialAction\":[{\"@type\":\"SearchAction\",\"target\":{\"@type\":\"EntryPoint\",\"urlTemplate\":\"https:\\\/\\\/www.satine.com\\\/?s={search_term_string}\"},\"query-input\":{\"@type\":\"PropertyValueSpecification\",\"valueRequired\":true,\"valueName\":\"search_term_string\"}}],\"inLanguage\":\"fr-FR\"}]}<\/script>\n<!-- \/ Yoast SEO plugin. -->","yoast_head_json":{"title":"Questions fr\u00e9quemment pos\u00e9es sur le microciment (FAQ) - Satine","description":"Qu'est-ce que le microciment ? Le microciment Satine est un rev\u00eatement d\u00e9coratif compos\u00e9 de ciment, de r\u00e9sines \u00e0 base d'eau, d'additifs et de pigments min\u00e9raux. Il peut \u00eatre appliqu\u00e9 sur diverses surfaces verticales et horizontales, offrant une finition durable et sans joint.","robots":{"index":"index","follow":"follow","max-snippet":"max-snippet:-1","max-image-preview":"max-image-preview:large","max-video-preview":"max-video-preview:-1"},"canonical":"https:\/\/www.satine.com\/fr\/faq\/","og_locale":"fr_FR","og_type":"article","og_title":"Frequently Asked Questions of Microcement (FAQ) - Satine","og_description":"What is microcement? Satine Microcement is a decorative coating composed of cement, water-based resins, additives, and mineral pigments. It can be applied to various vertical and horizontal surfaces, providing a seamless, durable finish.","og_url":"https:\/\/www.satine.com\/fr\/faq\/","og_site_name":"Satine","article_modified_time":"2024-10-18T10:40:06+00:00","twitter_card":"summary_large_image","twitter_misc":{"Dur\u00e9e de lecture estim\u00e9e":"5 minutes"},"schema":{"@context":"https:\/\/schema.org","@graph":[{"@type":"WebPage","@id":"https:\/\/www.satine.com\/faq\/","url":"https:\/\/www.satine.com\/faq\/","name":"Questions fr\u00e9quemment pos\u00e9es sur le microciment (FAQ) - Satine","isPartOf":{"@id":"https:\/\/www.satine.com\/#website"},"datePublished":"2024-07-18T11:03:11+00:00","dateModified":"2024-10-18T10:40:06+00:00","description":"Qu'est-ce que le microciment ? Le microciment Satine est un rev\u00eatement d\u00e9coratif compos\u00e9 de ciment, de r\u00e9sines \u00e0 base d'eau, d'additifs et de pigments min\u00e9raux. Il peut \u00eatre appliqu\u00e9 sur diverses surfaces verticales et horizontales, offrant une finition durable et sans joint.","breadcrumb":{"@id":"https:\/\/www.satine.com\/faq\/#breadcrumb"},"inLanguage":"fr-FR","potentialAction":[{"@type":"ReadAction","target":["https:\/\/www.satine.com\/faq\/"]}]},{"@type":"BreadcrumbList","@id":"https:\/\/www.satine.com\/faq\/#breadcrumb","itemListElement":[{"@type":"ListItem","position":1,"name":"Inicio","item":"https:\/\/www.satine.com\/"},{"@type":"ListItem","position":2,"name":"FAQ"}]},{"@type":"WebSite","@id":"https:\/\/www.satine.com\/#website","url":"https:\/\/www.satine.com\/","name":"Satine - Microciment","description":"","alternateName":"Satine - Microcement","potentialAction":[{"@type":"SearchAction","target":{"@type":"EntryPoint","urlTemplate":"https:\/\/www.satine.com\/?s={search_term_string}"},"query-input":{"@type":"PropertyValueSpecification","valueRequired":true,"valueName":"search_term_string"}}],"inLanguage":"fr-FR"}]}},"_links":{"self":[{"href":"https:\/\/www.satine.com\/fr\/wp-json\/wp\/v2\/pages\/4331","targetHints":{"allow":["GET"]}}],"collection":[{"href":"https:\/\/www.satine.com\/fr\/wp-json\/wp\/v2\/pages"}],"about":[{"href":"https:\/\/www.satine.com\/fr\/wp-json\/wp\/v2\/types\/page"}],"author":[{"embeddable":true,"href":"https:\/\/www.satine.com\/fr\/wp-json\/wp\/v2\/users\/1"}],"replies":[{"embeddable":true,"href":"https:\/\/www.satine.com\/fr\/wp-json\/wp\/v2\/comments?post=4331"}],"version-history":[{"count":51,"href":"https:\/\/www.satine.com\/fr\/wp-json\/wp\/v2\/pages\/4331\/revisions"}],"predecessor-version":[{"id":5578,"href":"https:\/\/www.satine.com\/fr\/wp-json\/wp\/v2\/pages\/4331\/revisions\/5578"}],"wp:attachment":[{"href":"https:\/\/www.satine.com\/fr\/wp-json\/wp\/v2\/media?parent=4331"}],"curies":[{"name":"wp","href":"https:\/\/api.w.org\/{rel}","templated":true}]}}